{"id":6767,"date":"2025-04-03T13:05:23","date_gmt":"2025-04-03T11:05:23","guid":{"rendered":"https:\/\/pans.krosno.pl\/cti\/?page_id=6767"},"modified":"2025-04-23T13:33:40","modified_gmt":"2025-04-23T11:33:40","slug":"dokumenty-do-pobrania","status":"publish","type":"page","link":"https:\/\/pans.krosno.pl\/cti\/krosno-talent_hub\/dokumenty-do-pobrania\/","title":{"rendered":"Dokumenty do pobrania"},"content":{"rendered":"<p><a href=\"https:\/\/pans.krosno.pl\/cti\/wp-content\/uploads\/sites\/38\/2025\/04\/Regulamin-KROSNO-Talent_HUB-1.docx\">Regulamin KROSNO Talent_HUB<\/a><\/p>\n<p>Deklaracja wsp\u00f3\u0142pracy dla nowych partner\u00f3w:<\/p>\n<p><a href=\"https:\/\/pans.krosno.pl\/cti\/wp-content\/uploads\/sites\/38\/2025\/04\/Zal.-1-Deklaracja-wspolpracy-w-ramach-inicjatywy-KROSNO-Talent_HUB.docx\">Za\u0142. 1 Deklaracja wsp\u00f3\u0142pracy w ramach inicjatywy KROSNO Talent_HUB<\/a><\/p>\n<p>Karta zg\u0142oszenia dla student\u00f3w chc\u0105cych przyst\u0105pi\u0107 do programu:<\/p>\n<p><a href=\"https:\/\/pans.krosno.pl\/cti\/wp-content\/uploads\/sites\/38\/2025\/04\/Zal.-2-Karta-zgloszenia-uczestnictwa-w-dzialaniach-KROSNO-Talent_HUB.docx\">Za\u0142. 2 Karta zg\u0142oszenia uczestnictwa w dzia\u0142aniach KROSNO Talent_HUB<\/a><\/p>\n\n\n<p><\/p>\n","protected":false},"excerpt":{"rendered":"<p>Regulamin KROSNO Talent_HUB Deklaracja wsp\u00f3\u0142pracy dla nowych partner\u00f3w: Za\u0142. 1 Deklaracja wsp\u00f3\u0142pracy w ramach inicjatywy KROSNO Talent_HUB Karta zg\u0142oszenia dla student\u00f3w chc\u0105cych przyst\u0105pi\u0107 do programu: Za\u0142. 2 Karta zg\u0142oszenia uczestnictwa w dzia\u0142aniach KROSNO Talent_HUB<\/p>\n","protected":false},"author":27,"featured_media":0,"parent":6752,"menu_order":0,"comment_status":"closed","ping_status":"closed","template":"page-templates\/template-full-width.php","meta":{"ngg_post_thumbnail":0,"footnotes":""},"class_list":["post-6767","page","type-page","status-publish","hentry"],"yoast_head":"<!-- This site is optimized with the Yoast SEO Premium plugin v27.3 (Yoast SEO v27.3) - https:\/\/yoast.com\/product\/yoast-seo-premium-wordpress\/ -->\n<title>Dokumenty do pobrania - Centrum Technologiczne Inkubator PANS w Kro\u015bnie<\/title>\n<meta name=\"robots\" content=\"index, follow, max-snippet:-1, max-image-preview:large, max-video-preview:-1\" \/>\n<link rel=\"canonical\" href=\"https:\/\/pans.krosno.pl\/cti\/krosno-talent_hub\/dokumenty-do-pobrania\/\" \/>\n<meta property=\"og:locale\" content=\"pl_PL\" \/>\n<meta property=\"og:type\" content=\"article\" \/>\n<meta property=\"og:title\" content=\"Dokumenty do pobrania\" \/>\n<meta property=\"og:description\" content=\"Regulamin KROSNO Talent_HUB Deklaracja wsp\u00f3\u0142pracy dla nowych partner\u00f3w: Za\u0142. 1 Deklaracja wsp\u00f3\u0142pracy w ramach inicjatywy KROSNO Talent_HUB Karta zg\u0142oszenia dla student\u00f3w chc\u0105cych przyst\u0105pi\u0107 do programu: Za\u0142. 2 Karta zg\u0142oszenia uczestnictwa w dzia\u0142aniach KROSNO Talent_HUB\" \/>\n<meta property=\"og:url\" content=\"https:\/\/pans.krosno.pl\/cti\/krosno-talent_hub\/dokumenty-do-pobrania\/\" \/>\n<meta property=\"og:site_name\" content=\"Centrum Technologiczne Inkubator PANS w Kro\u015bnie\" \/>\n<meta property=\"article:publisher\" content=\"https:\/\/www.facebook.com\/BKKPUKROSNO\/\" \/>\n<meta property=\"article:modified_time\" content=\"2025-04-23T11:33:40+00:00\" \/>\n<meta name=\"twitter:card\" content=\"summary_large_image\" \/>\n<meta name=\"twitter:label1\" content=\"Szacowany czas czytania\" \/>\n\t<meta name=\"twitter:data1\" content=\"1 minuta\" \/>\n<script type=\"application\/ld+json\" class=\"yoast-schema-graph\">{\"@context\":\"https:\\\/\\\/schema.org\",\"@graph\":[{\"@type\":\"WebPage\",\"@id\":\"https:\\\/\\\/pans.krosno.pl\\\/cti\\\/krosno-talent_hub\\\/dokumenty-do-pobrania\\\/\",\"url\":\"https:\\\/\\\/pans.krosno.pl\\\/cti\\\/krosno-talent_hub\\\/dokumenty-do-pobrania\\\/\",\"name\":\"Dokumenty do pobrania - Centrum Technologiczne Inkubator PANS w Kro\u015bnie\",\"isPartOf\":{\"@id\":\"https:\\\/\\\/pans.krosno.pl\\\/cti\\\/#website\"},\"datePublished\":\"2025-04-03T11:05:23+00:00\",\"dateModified\":\"2025-04-23T11:33:40+00:00\",\"breadcrumb\":{\"@id\":\"https:\\\/\\\/pans.krosno.pl\\\/cti\\\/krosno-talent_hub\\\/dokumenty-do-pobrania\\\/#breadcrumb\"},\"inLanguage\":\"pl-PL\",\"potentialAction\":[{\"@type\":\"ReadAction\",\"target\":[\"https:\\\/\\\/pans.krosno.pl\\\/cti\\\/krosno-talent_hub\\\/dokumenty-do-pobrania\\\/\"]}]},{\"@type\":\"BreadcrumbList\",\"@id\":\"https:\\\/\\\/pans.krosno.pl\\\/cti\\\/krosno-talent_hub\\\/dokumenty-do-pobrania\\\/#breadcrumb\",\"itemListElement\":[{\"@type\":\"ListItem\",\"position\":1,\"name\":\"Strona g\u0142\u00f3wna\",\"item\":\"https:\\\/\\\/pans.krosno.pl\\\/cti\\\/\"},{\"@type\":\"ListItem\",\"position\":2,\"name\":\"KROSNO Talent_HUB\",\"item\":\"https:\\\/\\\/pans.krosno.pl\\\/cti\\\/krosno-talent_hub\\\/\"},{\"@type\":\"ListItem\",\"position\":3,\"name\":\"Dokumenty do pobrania\"}]},{\"@type\":\"WebSite\",\"@id\":\"https:\\\/\\\/pans.krosno.pl\\\/cti\\\/#website\",\"url\":\"https:\\\/\\\/pans.krosno.pl\\\/cti\\\/\",\"name\":\"Biuro Karier\",\"description\":\"Centrum Technologiczne Inkubator - Pa\u0144stwowa Akademia Nauk Stosowanych\",\"publisher\":{\"@id\":\"https:\\\/\\\/pans.krosno.pl\\\/cti\\\/#organization\"},\"potentialAction\":[{\"@type\":\"SearchAction\",\"target\":{\"@type\":\"EntryPoint\",\"urlTemplate\":\"https:\\\/\\\/pans.krosno.pl\\\/cti\\\/?s={search_term_string}\"},\"query-input\":{\"@type\":\"PropertyValueSpecification\",\"valueRequired\":true,\"valueName\":\"search_term_string\"}}],\"inLanguage\":\"pl-PL\"},{\"@type\":\"Organization\",\"@id\":\"https:\\\/\\\/pans.krosno.pl\\\/cti\\\/#organization\",\"name\":\"Biuro Karier - Karpacka Pa\u0144stwowa Uczelnia w Kro\u015bnie\",\"url\":\"https:\\\/\\\/pans.krosno.pl\\\/cti\\\/\",\"logo\":{\"@type\":\"ImageObject\",\"inLanguage\":\"pl-PL\",\"@id\":\"https:\\\/\\\/pans.krosno.pl\\\/cti\\\/#\\\/schema\\\/logo\\\/image\\\/\",\"url\":\"https:\\\/\\\/pans.krosno.pl\\\/bk\\\/wp-content\\\/uploads\\\/sites\\\/38\\\/2020\\\/05\\\/96735643_906333539807912_5732186373989859328_n-1.gif\",\"contentUrl\":\"https:\\\/\\\/pans.krosno.pl\\\/bk\\\/wp-content\\\/uploads\\\/sites\\\/38\\\/2020\\\/05\\\/96735643_906333539807912_5732186373989859328_n-1.gif\",\"width\":762,\"height\":137,\"caption\":\"Biuro Karier - Karpacka Pa\u0144stwowa Uczelnia w Kro\u015bnie\"},\"image\":{\"@id\":\"https:\\\/\\\/pans.krosno.pl\\\/cti\\\/#\\\/schema\\\/logo\\\/image\\\/\"},\"sameAs\":[\"https:\\\/\\\/www.facebook.com\\\/BKKPUKROSNO\\\/\"]}]}<\/script>\n<!-- \/ Yoast SEO Premium plugin. -->","yoast_head_json":{"title":"Dokumenty do pobrania - Centrum Technologiczne Inkubator PANS w Kro\u015bnie","robots":{"index":"index","follow":"follow","max-snippet":"max-snippet:-1","max-image-preview":"max-image-preview:large","max-video-preview":"max-video-preview:-1"},"canonical":"https:\/\/pans.krosno.pl\/cti\/krosno-talent_hub\/dokumenty-do-pobrania\/","og_locale":"pl_PL","og_type":"article","og_title":"Dokumenty do pobrania","og_description":"Regulamin KROSNO Talent_HUB Deklaracja wsp\u00f3\u0142pracy dla nowych partner\u00f3w: Za\u0142. 1 Deklaracja wsp\u00f3\u0142pracy w ramach inicjatywy KROSNO Talent_HUB Karta zg\u0142oszenia dla student\u00f3w chc\u0105cych przyst\u0105pi\u0107 do programu: Za\u0142. 2 Karta zg\u0142oszenia uczestnictwa w dzia\u0142aniach KROSNO Talent_HUB","og_url":"https:\/\/pans.krosno.pl\/cti\/krosno-talent_hub\/dokumenty-do-pobrania\/","og_site_name":"Centrum Technologiczne Inkubator PANS w Kro\u015bnie","article_publisher":"https:\/\/www.facebook.com\/BKKPUKROSNO\/","article_modified_time":"2025-04-23T11:33:40+00:00","twitter_card":"summary_large_image","twitter_misc":{"Szacowany czas czytania":"1 minuta"},"schema":{"@context":"https:\/\/schema.org","@graph":[{"@type":"WebPage","@id":"https:\/\/pans.krosno.pl\/cti\/krosno-talent_hub\/dokumenty-do-pobrania\/","url":"https:\/\/pans.krosno.pl\/cti\/krosno-talent_hub\/dokumenty-do-pobrania\/","name":"Dokumenty do pobrania - Centrum Technologiczne Inkubator PANS w Kro\u015bnie","isPartOf":{"@id":"https:\/\/pans.krosno.pl\/cti\/#website"},"datePublished":"2025-04-03T11:05:23+00:00","dateModified":"2025-04-23T11:33:40+00:00","breadcrumb":{"@id":"https:\/\/pans.krosno.pl\/cti\/krosno-talent_hub\/dokumenty-do-pobrania\/#breadcrumb"},"inLanguage":"pl-PL","potentialAction":[{"@type":"ReadAction","target":["https:\/\/pans.krosno.pl\/cti\/krosno-talent_hub\/dokumenty-do-pobrania\/"]}]},{"@type":"BreadcrumbList","@id":"https:\/\/pans.krosno.pl\/cti\/krosno-talent_hub\/dokumenty-do-pobrania\/#breadcrumb","itemListElement":[{"@type":"ListItem","position":1,"name":"Strona g\u0142\u00f3wna","item":"https:\/\/pans.krosno.pl\/cti\/"},{"@type":"ListItem","position":2,"name":"KROSNO Talent_HUB","item":"https:\/\/pans.krosno.pl\/cti\/krosno-talent_hub\/"},{"@type":"ListItem","position":3,"name":"Dokumenty do pobrania"}]},{"@type":"WebSite","@id":"https:\/\/pans.krosno.pl\/cti\/#website","url":"https:\/\/pans.krosno.pl\/cti\/","name":"Biuro Karier","description":"Centrum Technologiczne Inkubator - Pa\u0144stwowa Akademia Nauk Stosowanych","publisher":{"@id":"https:\/\/pans.krosno.pl\/cti\/#organization"},"potentialAction":[{"@type":"SearchAction","target":{"@type":"EntryPoint","urlTemplate":"https:\/\/pans.krosno.pl\/cti\/?s={search_term_string}"},"query-input":{"@type":"PropertyValueSpecification","valueRequired":true,"valueName":"search_term_string"}}],"inLanguage":"pl-PL"},{"@type":"Organization","@id":"https:\/\/pans.krosno.pl\/cti\/#organization","name":"Biuro Karier - Karpacka Pa\u0144stwowa Uczelnia w Kro\u015bnie","url":"https:\/\/pans.krosno.pl\/cti\/","logo":{"@type":"ImageObject","inLanguage":"pl-PL","@id":"https:\/\/pans.krosno.pl\/cti\/#\/schema\/logo\/image\/","url":"https:\/\/pans.krosno.pl\/bk\/wp-content\/uploads\/sites\/38\/2020\/05\/96735643_906333539807912_5732186373989859328_n-1.gif","contentUrl":"https:\/\/pans.krosno.pl\/bk\/wp-content\/uploads\/sites\/38\/2020\/05\/96735643_906333539807912_5732186373989859328_n-1.gif","width":762,"height":137,"caption":"Biuro Karier - Karpacka Pa\u0144stwowa Uczelnia w Kro\u015bnie"},"image":{"@id":"https:\/\/pans.krosno.pl\/cti\/#\/schema\/logo\/image\/"},"sameAs":["https:\/\/www.facebook.com\/BKKPUKROSNO\/"]}]}},"_links":{"self":[{"href":"https:\/\/pans.krosno.pl\/cti\/wp-json\/wp\/v2\/pages\/6767","targetHints":{"allow":["GET"]}}],"collection":[{"href":"https:\/\/pans.krosno.pl\/cti\/wp-json\/wp\/v2\/pages"}],"about":[{"href":"https:\/\/pans.krosno.pl\/cti\/wp-json\/wp\/v2\/types\/page"}],"author":[{"embeddable":true,"href":"https:\/\/pans.krosno.pl\/cti\/wp-json\/wp\/v2\/users\/27"}],"replies":[{"embeddable":true,"href":"https:\/\/pans.krosno.pl\/cti\/wp-json\/wp\/v2\/comments?post=6767"}],"version-history":[{"count":10,"href":"https:\/\/pans.krosno.pl\/cti\/wp-json\/wp\/v2\/pages\/6767\/revisions"}],"predecessor-version":[{"id":6859,"href":"https:\/\/pans.krosno.pl\/cti\/wp-json\/wp\/v2\/pages\/6767\/revisions\/6859"}],"up":[{"embeddable":true,"href":"https:\/\/pans.krosno.pl\/cti\/wp-json\/wp\/v2\/pages\/6752"}],"wp:attachment":[{"href":"https:\/\/pans.krosno.pl\/cti\/wp-json\/wp\/v2\/media?parent=6767"}],"curies":[{"name":"wp","href":"https:\/\/api.w.org\/{rel}","templated":true}]}}