{"id":6766,"date":"2025-04-03T13:05:08","date_gmt":"2025-04-03T11:05:08","guid":{"rendered":"https:\/\/pans.krosno.pl\/cti\/?page_id=6766"},"modified":"2025-04-23T15:17:26","modified_gmt":"2025-04-23T13:17:26","slug":"aktualnosci","status":"publish","type":"page","link":"https:\/\/pans.krosno.pl\/cti\/krosno-talent_hub\/aktualnosci\/","title":{"rendered":"Aktualno\u015bci"},"content":{"rendered":"<ul class=\"wp-block-latest-posts__list has-dates wp-block-latest-posts\"><li><div class=\"wp-block-latest-posts__featured-image alignleft\"><a href=\"https:\/\/pans.krosno.pl\/cti\/trwaja-zapisy-na-wyjazd-edukacyjny-na-podkarpacki-festiwal-nauki-i-innowacji-w-ramach-programu-krosno-talent_hub-2\/\" aria-label=\"Trwaj\u0105 zapisy na wyjazd edukacyjny na Podkarpacki Festiwal Nauki i Innowacji w ramach programu Krosno Talent_HUB\"><img loading=\"lazy\" decoding=\"async\" width=\"150\" height=\"150\" src=\"https:\/\/pans.krosno.pl\/cti\/wp-content\/uploads\/sites\/38\/2025\/10\/Plakat-talent_HUB-PFNI-Rzeszow-FB-150x150.png\" class=\"attachment-thumbnail size-thumbnail wp-post-image\" alt=\"\" style=\"max-width:200px;max-height:200px;\" \/><\/a><\/div><a class=\"wp-block-latest-posts__post-title\" href=\"https:\/\/pans.krosno.pl\/cti\/trwaja-zapisy-na-wyjazd-edukacyjny-na-podkarpacki-festiwal-nauki-i-innowacji-w-ramach-programu-krosno-talent_hub-2\/\">Trwaj\u0105 zapisy na wyjazd edukacyjny na Podkarpacki Festiwal Nauki i Innowacji w ramach programu Krosno Talent_HUB<\/a><time datetime=\"2025-10-31T11:34:49+01:00\" class=\"wp-block-latest-posts__post-date\">31 pa\u017adziernika 2025<\/time><div class=\"wp-block-latest-posts__post-excerpt\">Wyjazd w ramach programu Krosno Talent_HUB! Zapraszamy student\u00f3w do udzia\u0142u w [\u2026] <div class=\"clear\"><\/div><a class=\"more_link clearfix\" href=\"https:\/\/pans.krosno.pl\/cti\/trwaja-zapisy-na-wyjazd-edukacyjny-na-podkarpacki-festiwal-nauki-i-innowacji-w-ramach-programu-krosno-talent_hub-2\/\" rel=\"nofollow\">Read More<\/a><\/div><\/li>\n<li><div class=\"wp-block-latest-posts__featured-image alignleft\"><a href=\"https:\/\/pans.krosno.pl\/cti\/rozpoczynamy-wyjatkowa-inicjatywe-krosno-talent_hub\/\" aria-label=\"Rozpoczynamy wyj\u0105tkow\u0105 inicjatyw\u0119 \u2013 KROSNO Talent_HUB!\"><img loading=\"lazy\" decoding=\"async\" width=\"150\" height=\"150\" src=\"https:\/\/pans.krosno.pl\/cti\/wp-content\/uploads\/sites\/38\/2025\/05\/I-Spotkanie_KTH_Nowy-Styl_3_06_2025-150x150.png\" class=\"attachment-thumbnail size-thumbnail wp-post-image\" alt=\"\" style=\"max-width:200px;max-height:200px;\" srcset=\"https:\/\/pans.krosno.pl\/cti\/wp-content\/uploads\/sites\/38\/2025\/05\/I-Spotkanie_KTH_Nowy-Styl_3_06_2025-150x150.png 150w, https:\/\/pans.krosno.pl\/cti\/wp-content\/uploads\/sites\/38\/2025\/05\/I-Spotkanie_KTH_Nowy-Styl_3_06_2025-300x300.png 300w, https:\/\/pans.krosno.pl\/cti\/wp-content\/uploads\/sites\/38\/2025\/05\/I-Spotkanie_KTH_Nowy-Styl_3_06_2025-1024x1024.png 1024w, https:\/\/pans.krosno.pl\/cti\/wp-content\/uploads\/sites\/38\/2025\/05\/I-Spotkanie_KTH_Nowy-Styl_3_06_2025-768x768.png 768w, https:\/\/pans.krosno.pl\/cti\/wp-content\/uploads\/sites\/38\/2025\/05\/I-Spotkanie_KTH_Nowy-Styl_3_06_2025-800x800.png 800w, https:\/\/pans.krosno.pl\/cti\/wp-content\/uploads\/sites\/38\/2025\/05\/I-Spotkanie_KTH_Nowy-Styl_3_06_2025-580x580.png 580w, https:\/\/pans.krosno.pl\/cti\/wp-content\/uploads\/sites\/38\/2025\/05\/I-Spotkanie_KTH_Nowy-Styl_3_06_2025.png 1200w\" sizes=\"auto, (max-width: 150px) 100vw, 150px\" \/><\/a><\/div><a class=\"wp-block-latest-posts__post-title\" href=\"https:\/\/pans.krosno.pl\/cti\/rozpoczynamy-wyjatkowa-inicjatywe-krosno-talent_hub\/\">Rozpoczynamy wyj\u0105tkow\u0105 inicjatyw\u0119 \u2013 KROSNO Talent_HUB!<\/a><time datetime=\"2025-05-23T14:34:26+02:00\" class=\"wp-block-latest-posts__post-date\">23 maja 2025<\/time><div class=\"wp-block-latest-posts__post-excerpt\">Krosno Talent HUB w PANS w Kro\u015bnie, to program, kt\u00f3ry powsta\u0142 [\u2026] <div class=\"clear\"><\/div><a class=\"more_link clearfix\" href=\"https:\/\/pans.krosno.pl\/cti\/rozpoczynamy-wyjatkowa-inicjatywe-krosno-talent_hub\/\" rel=\"nofollow\">Read More<\/a><\/div><\/li>\n<li><div class=\"wp-block-latest-posts__featured-image alignleft\"><a href=\"https:\/\/pans.krosno.pl\/cti\/krosno-talent-hub\/\" aria-label=\"Krosno Talent HUB\"><img loading=\"lazy\" decoding=\"async\" width=\"150\" height=\"150\" src=\"https:\/\/pans.krosno.pl\/cti\/wp-content\/uploads\/sites\/38\/2025\/04\/slajder-KTH-1-150x150.png\" class=\"attachment-thumbnail size-thumbnail wp-post-image\" alt=\"\" style=\"max-width:200px;max-height:200px;\" \/><\/a><\/div><a class=\"wp-block-latest-posts__post-title\" href=\"https:\/\/pans.krosno.pl\/cti\/krosno-talent-hub\/\">Krosno Talent HUB<\/a><time datetime=\"2025-04-23T13:54:20+02:00\" class=\"wp-block-latest-posts__post-date\">23 kwietnia 2025<\/time><div class=\"wp-block-latest-posts__post-excerpt\">Krosno Talent HUB Zapraszamy firmy do partnerstwa w programie KROSNO Talent_HUB [\u2026] <div class=\"clear\"><\/div><a class=\"more_link clearfix\" href=\"https:\/\/pans.krosno.pl\/cti\/krosno-talent-hub\/\" rel=\"nofollow\">Read More<\/a><\/div><\/li>\n<\/ul>\n\n\n<p><\/p>\n","protected":false},"excerpt":{"rendered":"","protected":false},"author":27,"featured_media":0,"parent":6752,"menu_order":0,"comment_status":"closed","ping_status":"closed","template":"page-templates\/template-full-width.php","meta":{"ngg_post_thumbnail":0,"footnotes":""},"class_list":["post-6766","page","type-page","status-publish","hentry"],"yoast_head":"<!-- This site is optimized with the Yoast SEO Premium plugin v27.3 (Yoast SEO v27.3) - https:\/\/yoast.com\/product\/yoast-seo-premium-wordpress\/ -->\n<title>Aktualno\u015bci - Centrum Technologiczne Inkubator PANS w Kro\u015bnie<\/title>\n<meta name=\"robots\" content=\"index, follow, max-snippet:-1, max-image-preview:large, max-video-preview:-1\" \/>\n<link rel=\"canonical\" href=\"https:\/\/pans.krosno.pl\/cti\/krosno-talent_hub\/aktualnosci\/\" \/>\n<meta property=\"og:locale\" content=\"pl_PL\" \/>\n<meta property=\"og:type\" content=\"article\" \/>\n<meta property=\"og:title\" content=\"Aktualno\u015bci\" \/>\n<meta property=\"og:url\" content=\"https:\/\/pans.krosno.pl\/cti\/krosno-talent_hub\/aktualnosci\/\" \/>\n<meta property=\"og:site_name\" content=\"Centrum Technologiczne Inkubator PANS w Kro\u015bnie\" \/>\n<meta property=\"article:publisher\" content=\"https:\/\/www.facebook.com\/BKKPUKROSNO\/\" \/>\n<meta property=\"article:modified_time\" content=\"2025-04-23T13:17:26+00:00\" \/>\n<meta name=\"twitter:card\" content=\"summary_large_image\" \/>\n<script type=\"application\/ld+json\" class=\"yoast-schema-graph\">{\"@context\":\"https:\\\/\\\/schema.org\",\"@graph\":[{\"@type\":\"WebPage\",\"@id\":\"https:\\\/\\\/pans.krosno.pl\\\/cti\\\/krosno-talent_hub\\\/aktualnosci\\\/\",\"url\":\"https:\\\/\\\/pans.krosno.pl\\\/cti\\\/krosno-talent_hub\\\/aktualnosci\\\/\",\"name\":\"Aktualno\u015bci - Centrum Technologiczne Inkubator PANS w Kro\u015bnie\",\"isPartOf\":{\"@id\":\"https:\\\/\\\/pans.krosno.pl\\\/cti\\\/#website\"},\"datePublished\":\"2025-04-03T11:05:08+00:00\",\"dateModified\":\"2025-04-23T13:17:26+00:00\",\"breadcrumb\":{\"@id\":\"https:\\\/\\\/pans.krosno.pl\\\/cti\\\/krosno-talent_hub\\\/aktualnosci\\\/#breadcrumb\"},\"inLanguage\":\"pl-PL\",\"potentialAction\":[{\"@type\":\"ReadAction\",\"target\":[\"https:\\\/\\\/pans.krosno.pl\\\/cti\\\/krosno-talent_hub\\\/aktualnosci\\\/\"]}]},{\"@type\":\"BreadcrumbList\",\"@id\":\"https:\\\/\\\/pans.krosno.pl\\\/cti\\\/krosno-talent_hub\\\/aktualnosci\\\/#breadcrumb\",\"itemListElement\":[{\"@type\":\"ListItem\",\"position\":1,\"name\":\"Strona g\u0142\u00f3wna\",\"item\":\"https:\\\/\\\/pans.krosno.pl\\\/cti\\\/\"},{\"@type\":\"ListItem\",\"position\":2,\"name\":\"KROSNO Talent_HUB\",\"item\":\"https:\\\/\\\/pans.krosno.pl\\\/cti\\\/krosno-talent_hub\\\/\"},{\"@type\":\"ListItem\",\"position\":3,\"name\":\"Aktualno\u015bci\"}]},{\"@type\":\"WebSite\",\"@id\":\"https:\\\/\\\/pans.krosno.pl\\\/cti\\\/#website\",\"url\":\"https:\\\/\\\/pans.krosno.pl\\\/cti\\\/\",\"name\":\"Biuro Karier\",\"description\":\"Centrum Technologiczne Inkubator - Pa\u0144stwowa Akademia Nauk Stosowanych\",\"publisher\":{\"@id\":\"https:\\\/\\\/pans.krosno.pl\\\/cti\\\/#organization\"},\"potentialAction\":[{\"@type\":\"SearchAction\",\"target\":{\"@type\":\"EntryPoint\",\"urlTemplate\":\"https:\\\/\\\/pans.krosno.pl\\\/cti\\\/?s={search_term_string}\"},\"query-input\":{\"@type\":\"PropertyValueSpecification\",\"valueRequired\":true,\"valueName\":\"search_term_string\"}}],\"inLanguage\":\"pl-PL\"},{\"@type\":\"Organization\",\"@id\":\"https:\\\/\\\/pans.krosno.pl\\\/cti\\\/#organization\",\"name\":\"Biuro Karier - Karpacka Pa\u0144stwowa Uczelnia w Kro\u015bnie\",\"url\":\"https:\\\/\\\/pans.krosno.pl\\\/cti\\\/\",\"logo\":{\"@type\":\"ImageObject\",\"inLanguage\":\"pl-PL\",\"@id\":\"https:\\\/\\\/pans.krosno.pl\\\/cti\\\/#\\\/schema\\\/logo\\\/image\\\/\",\"url\":\"https:\\\/\\\/pans.krosno.pl\\\/bk\\\/wp-content\\\/uploads\\\/sites\\\/38\\\/2020\\\/05\\\/96735643_906333539807912_5732186373989859328_n-1.gif\",\"contentUrl\":\"https:\\\/\\\/pans.krosno.pl\\\/bk\\\/wp-content\\\/uploads\\\/sites\\\/38\\\/2020\\\/05\\\/96735643_906333539807912_5732186373989859328_n-1.gif\",\"width\":762,\"height\":137,\"caption\":\"Biuro Karier - Karpacka Pa\u0144stwowa Uczelnia w Kro\u015bnie\"},\"image\":{\"@id\":\"https:\\\/\\\/pans.krosno.pl\\\/cti\\\/#\\\/schema\\\/logo\\\/image\\\/\"},\"sameAs\":[\"https:\\\/\\\/www.facebook.com\\\/BKKPUKROSNO\\\/\"]}]}<\/script>\n<!-- \/ Yoast SEO Premium plugin. -->","yoast_head_json":{"title":"Aktualno\u015bci - Centrum Technologiczne Inkubator PANS w Kro\u015bnie","robots":{"index":"index","follow":"follow","max-snippet":"max-snippet:-1","max-image-preview":"max-image-preview:large","max-video-preview":"max-video-preview:-1"},"canonical":"https:\/\/pans.krosno.pl\/cti\/krosno-talent_hub\/aktualnosci\/","og_locale":"pl_PL","og_type":"article","og_title":"Aktualno\u015bci","og_url":"https:\/\/pans.krosno.pl\/cti\/krosno-talent_hub\/aktualnosci\/","og_site_name":"Centrum Technologiczne Inkubator PANS w Kro\u015bnie","article_publisher":"https:\/\/www.facebook.com\/BKKPUKROSNO\/","article_modified_time":"2025-04-23T13:17:26+00:00","twitter_card":"summary_large_image","schema":{"@context":"https:\/\/schema.org","@graph":[{"@type":"WebPage","@id":"https:\/\/pans.krosno.pl\/cti\/krosno-talent_hub\/aktualnosci\/","url":"https:\/\/pans.krosno.pl\/cti\/krosno-talent_hub\/aktualnosci\/","name":"Aktualno\u015bci - Centrum Technologiczne Inkubator PANS w Kro\u015bnie","isPartOf":{"@id":"https:\/\/pans.krosno.pl\/cti\/#website"},"datePublished":"2025-04-03T11:05:08+00:00","dateModified":"2025-04-23T13:17:26+00:00","breadcrumb":{"@id":"https:\/\/pans.krosno.pl\/cti\/krosno-talent_hub\/aktualnosci\/#breadcrumb"},"inLanguage":"pl-PL","potentialAction":[{"@type":"ReadAction","target":["https:\/\/pans.krosno.pl\/cti\/krosno-talent_hub\/aktualnosci\/"]}]},{"@type":"BreadcrumbList","@id":"https:\/\/pans.krosno.pl\/cti\/krosno-talent_hub\/aktualnosci\/#breadcrumb","itemListElement":[{"@type":"ListItem","position":1,"name":"Strona g\u0142\u00f3wna","item":"https:\/\/pans.krosno.pl\/cti\/"},{"@type":"ListItem","position":2,"name":"KROSNO Talent_HUB","item":"https:\/\/pans.krosno.pl\/cti\/krosno-talent_hub\/"},{"@type":"ListItem","position":3,"name":"Aktualno\u015bci"}]},{"@type":"WebSite","@id":"https:\/\/pans.krosno.pl\/cti\/#website","url":"https:\/\/pans.krosno.pl\/cti\/","name":"Biuro Karier","description":"Centrum Technologiczne Inkubator - Pa\u0144stwowa Akademia Nauk Stosowanych","publisher":{"@id":"https:\/\/pans.krosno.pl\/cti\/#organization"},"potentialAction":[{"@type":"SearchAction","target":{"@type":"EntryPoint","urlTemplate":"https:\/\/pans.krosno.pl\/cti\/?s={search_term_string}"},"query-input":{"@type":"PropertyValueSpecification","valueRequired":true,"valueName":"search_term_string"}}],"inLanguage":"pl-PL"},{"@type":"Organization","@id":"https:\/\/pans.krosno.pl\/cti\/#organization","name":"Biuro Karier - Karpacka Pa\u0144stwowa Uczelnia w Kro\u015bnie","url":"https:\/\/pans.krosno.pl\/cti\/","logo":{"@type":"ImageObject","inLanguage":"pl-PL","@id":"https:\/\/pans.krosno.pl\/cti\/#\/schema\/logo\/image\/","url":"https:\/\/pans.krosno.pl\/bk\/wp-content\/uploads\/sites\/38\/2020\/05\/96735643_906333539807912_5732186373989859328_n-1.gif","contentUrl":"https:\/\/pans.krosno.pl\/bk\/wp-content\/uploads\/sites\/38\/2020\/05\/96735643_906333539807912_5732186373989859328_n-1.gif","width":762,"height":137,"caption":"Biuro Karier - Karpacka Pa\u0144stwowa Uczelnia w Kro\u015bnie"},"image":{"@id":"https:\/\/pans.krosno.pl\/cti\/#\/schema\/logo\/image\/"},"sameAs":["https:\/\/www.facebook.com\/BKKPUKROSNO\/"]}]}},"_links":{"self":[{"href":"https:\/\/pans.krosno.pl\/cti\/wp-json\/wp\/v2\/pages\/6766","targetHints":{"allow":["GET"]}}],"collection":[{"href":"https:\/\/pans.krosno.pl\/cti\/wp-json\/wp\/v2\/pages"}],"about":[{"href":"https:\/\/pans.krosno.pl\/cti\/wp-json\/wp\/v2\/types\/page"}],"author":[{"embeddable":true,"href":"https:\/\/pans.krosno.pl\/cti\/wp-json\/wp\/v2\/users\/27"}],"replies":[{"embeddable":true,"href":"https:\/\/pans.krosno.pl\/cti\/wp-json\/wp\/v2\/comments?post=6766"}],"version-history":[{"count":7,"href":"https:\/\/pans.krosno.pl\/cti\/wp-json\/wp\/v2\/pages\/6766\/revisions"}],"predecessor-version":[{"id":6880,"href":"https:\/\/pans.krosno.pl\/cti\/wp-json\/wp\/v2\/pages\/6766\/revisions\/6880"}],"up":[{"embeddable":true,"href":"https:\/\/pans.krosno.pl\/cti\/wp-json\/wp\/v2\/pages\/6752"}],"wp:attachment":[{"href":"https:\/\/pans.krosno.pl\/cti\/wp-json\/wp\/v2\/media?parent=6766"}],"curies":[{"name":"wp","href":"https:\/\/api.w.org\/{rel}","templated":true}]}}