{"id":6762,"date":"2025-04-03T13:03:54","date_gmt":"2025-04-03T11:03:54","guid":{"rendered":"https:\/\/pans.krosno.pl\/cti\/?page_id=6762"},"modified":"2025-04-23T13:34:57","modified_gmt":"2025-04-23T11:34:57","slug":"o-programie-krosno-talent_hub","status":"publish","type":"page","link":"https:\/\/pans.krosno.pl\/cti\/krosno-talent_hub\/o-programie-krosno-talent_hub\/","title":{"rendered":"O programie Krosno Talent_HUB"},"content":{"rendered":"\n<p>KROSNO Talent_HUB zosta\u0142 powo\u0142any przez <strong>Pa\u0144stwow\u0105 Akademi\u0119 Nauk Stosowanych w Kro\u015bnie<\/strong> oraz podmioty wsp\u00f3\u0142pracuj\u0105ce z uczelni\u0105 (\u201ePartner\u00f3w\u201d):<\/p>\n\n\n\n<p><strong><a href=\"https:\/\/www.orlenpoludnie.pl\/\">Orlen Po\u0142udnie S.A.<\/a><br><a href=\"https:\/\/splast.com.pl\/\">Splast sp. z o.o.<\/a><br><a href=\"https:\/\/www.nowystyl.com\/pl\/\">Nowy Styl sp. z o.o.<\/a><br><a href=\"https:\/\/www.ekrosno.pl\/\">Miejskie Przedsi\u0119biorstwo Gospodarki Komunalnej \u2013 Kro\u015bnie\u0144ski Holding Komunalny&nbsp; sp. z o.o.<\/a><\/strong><\/p>\n\n\n\n<p>Program ma na celu zrzeszenie przedsi\u0119biorczych i kreatywnych student\u00f3w PANS w Kro\u015bnie. Cz\u0142onkostwo w KROSNO Talent_HUB zapewnia studentom przynale\u017cno\u015b\u0107 do \u015brodowiska ludzi przedsi\u0119biorczych, kt\u00f3rzy podejmuj\u0105 samodzieln\u0105 inicjatyw\u0119 w rozwoju osobistym.<\/p>\n\n\n\n<p>Podstawowym celem KROSNO Talent_HUB jest rozw\u00f3j kompetencji m\u0142odych os\u00f3b, uczestnicy KROSNO Talent_HUB zdobywaj\u0105 nie tylko wiedz\u0119 teoretyczn\u0105, ale przede wszystkim praktyczne umiej\u0119tno\u015bci odpowiadaj\u0105ce aktualnym wymaganiom dynamicznie zmieniaj\u0105cego si\u0119 rynku pracy.<\/p>\n\n\n\n<p>Dzi\u0119ki wsp\u00f3\u0142pracy z Partnerami projektu KROSNO Talent_Hub, studenci bior\u0105cy udzia\u0142 w programie maj\u0105 dost\u0119p do wiedzy i do\u015bwiadczenia z zakresu przemys\u0142u 4.0, mog\u0105 bra\u0107 udzia\u0142 w wizytach studyjnych, odbywa\u0107 praktyki i sta\u017ce. Program oferuje r\u00f3wnie\u017c uczestnictwo w wydarzeniach bran\u017cowych, wyk\u0142adach, warsztatach i szkoleniach, kt\u00f3re wspieraj\u0105 rozw\u00f3j kompetencji potrzebnych w przysz\u0142ej karierze.<\/p>\n\n\n\n<p>Dodatkowo projekt umo\u017cliwia identyfikacj\u0119 najbardziej utalentowanych student\u00f3w, wspieraj\u0105c ich w \u015bwiadomym planowaniu \u015bcie\u017cki zawodowej oraz rozwoju osobistego.<\/p>\n\n\n\n<p><strong>Kto mo\u017ce wzi\u0105\u0107 udzia\u0142 w programie KROSNO Talent_HUB<\/strong><\/p>\n\n\n\n<ol class=\"wp-block-list\">\n<li>Uczestnikami programu KROSNO Talent_HUB mog\u0105 by\u0107 studentki i studenci Pa\u0144stwowej Akademii Nauk Stosowanych w Kro\u015bnie.<\/li>\n\n\n\n<li>Osoby bior\u0105ce udzia\u0142 w programie KROSNO Talent_HUB maj\u0105 prawo do:\n<ul class=\"wp-block-list\">\n<li>uczestniczenia w zaplanowanych aktywno\u015bciach realizowanych w ramach programu,<\/li>\n\n\n\n<li>nawi\u0105zywania kontakt\u00f3w z przedstawicielami firm oraz wsp\u00f3lnego planowania \u015bcie\u017cek zawodowego rozwoju,<\/li>\n\n\n\n<li>korzystania z oferowanych szkole\u0144 i innych inicjatyw organizowanych przez partner\u00f3w biznesowych,<\/li>\n\n\n\n<li>uzyskania wsparcia w postaci mentoringu i konsultacji doradczych,<\/li>\n\n\n\n<li>udzia\u0142u w projektach, konkursach oraz pozosta\u0142ych przedsi\u0119wzi\u0119ciach organizowanych w ramach programu KROSNO Talent_HUB.<\/li>\n<\/ul>\n<\/li>\n<\/ol>\n\n\n\n<p>Aby do\u0142\u0105czy\u0107 do programu, studentka lub student powinien wype\u0142ni\u0107 formularz zg\u0142oszeniowy potwierdzaj\u0105cy ch\u0119\u0107 udzia\u0142u. <\/p>\n\n\n<p><a href=\"https:\/\/pans.krosno.pl\/cti\/wp-content\/uploads\/sites\/38\/2025\/04\/Zal.-2-Karta-zgloszenia-uczestnictwa-w-dzialaniach-KROSNO-Talent_HUB.docx\">Za\u0142. 2 Karta zg\u0142oszenia uczestnictwa w dzia\u0142aniach KROSNO Talent_HUB<\/a><\/p>\n\n\n<p>Wype\u0142niony formularz nale\u017cy donie\u015b\u0107 do Centrum Technologicznego Inkubator PANS w Kro\u015bnie (od pon. &#8211; pt. w godz. 8.00 &#8211; 16.00, pok. 04 w rektoracie) lub przes\u0142a\u0107 za po\u015brednictwem poczty elektronicznej na adres: <a href=\"mailto:cti@pans.krosno.pl\">cti@pans.krosno.pl<\/a> <\/p>\n\n\n\n<p><\/p>\n\n\n\n<p><\/p>\n\n\n\n<p><\/p>\n\n\n\n<p><\/p>\n","protected":false},"excerpt":{"rendered":"<p>KROSNO Talent_HUB zosta\u0142 powo\u0142any przez Pa\u0144stwow\u0105 Akademi\u0119 Nauk Stosowanych w Kro\u015bnie oraz podmioty wsp\u00f3\u0142pracuj\u0105ce z uczelni\u0105 (\u201ePartner\u00f3w\u201d): Orlen Po\u0142udnie S.A.Splast sp. z o.o.Nowy Styl sp. z o.o.Miejskie Przedsi\u0119biorstwo Gospodarki Komunalnej \u2013 Kro\u015bnie\u0144ski Holding Komunalny&nbsp; sp. z o.o. Program ma na celu zrzeszenie przedsi\u0119biorczych i kreatywnych student\u00f3w PANS w Kro\u015bnie. Cz\u0142onkostwo [\u2026] <\/p>\n<div class=\"clear\"><\/div>\n<p><a class=\"more_link clearfix\" href=\"https:\/\/pans.krosno.pl\/cti\/krosno-talent_hub\/o-programie-krosno-talent_hub\/\" rel=\"nofollow\">Read More<\/a><\/p>\n","protected":false},"author":27,"featured_media":0,"parent":6752,"menu_order":0,"comment_status":"closed","ping_status":"closed","template":"page-templates\/template-full-width.php","meta":{"ngg_post_thumbnail":0,"footnotes":""},"class_list":["post-6762","page","type-page","status-publish","hentry"],"yoast_head":"<!-- This site is optimized with the Yoast SEO Premium plugin v27.3 (Yoast SEO v27.3) - https:\/\/yoast.com\/product\/yoast-seo-premium-wordpress\/ -->\n<title>O programie Krosno Talent_HUB - Centrum Technologiczne Inkubator PANS w Kro\u015bnie<\/title>\n<meta name=\"robots\" content=\"index, follow, max-snippet:-1, max-image-preview:large, max-video-preview:-1\" \/>\n<link rel=\"canonical\" href=\"https:\/\/pans.krosno.pl\/cti\/krosno-talent_hub\/o-programie-krosno-talent_hub\/\" \/>\n<meta property=\"og:locale\" content=\"pl_PL\" \/>\n<meta property=\"og:type\" content=\"article\" \/>\n<meta property=\"og:title\" content=\"O programie Krosno Talent_HUB\" \/>\n<meta property=\"og:description\" content=\"KROSNO Talent_HUB zosta\u0142 powo\u0142any przez Pa\u0144stwow\u0105 Akademi\u0119 Nauk Stosowanych w Kro\u015bnie oraz podmioty wsp\u00f3\u0142pracuj\u0105ce z uczelni\u0105 (\u201ePartner\u00f3w\u201d): Orlen Po\u0142udnie S.A.Splast sp. z o.o.Nowy Styl sp. z o.o.Miejskie Przedsi\u0119biorstwo Gospodarki Komunalnej \u2013 Kro\u015bnie\u0144ski Holding Komunalny&nbsp; sp. z o.o. Program ma na celu zrzeszenie przedsi\u0119biorczych i kreatywnych student\u00f3w PANS w Kro\u015bnie. Cz\u0142onkostwo [\u2026] Read More\" \/>\n<meta property=\"og:url\" content=\"https:\/\/pans.krosno.pl\/cti\/krosno-talent_hub\/o-programie-krosno-talent_hub\/\" \/>\n<meta property=\"og:site_name\" content=\"Centrum Technologiczne Inkubator PANS w Kro\u015bnie\" \/>\n<meta property=\"article:publisher\" content=\"https:\/\/www.facebook.com\/BKKPUKROSNO\/\" \/>\n<meta property=\"article:modified_time\" content=\"2025-04-23T11:34:57+00:00\" \/>\n<meta name=\"twitter:card\" content=\"summary_large_image\" \/>\n<meta name=\"twitter:label1\" content=\"Szacowany czas czytania\" \/>\n\t<meta name=\"twitter:data1\" content=\"2 minuty\" \/>\n<script type=\"application\/ld+json\" class=\"yoast-schema-graph\">{\"@context\":\"https:\\\/\\\/schema.org\",\"@graph\":[{\"@type\":\"WebPage\",\"@id\":\"https:\\\/\\\/pans.krosno.pl\\\/cti\\\/krosno-talent_hub\\\/o-programie-krosno-talent_hub\\\/\",\"url\":\"https:\\\/\\\/pans.krosno.pl\\\/cti\\\/krosno-talent_hub\\\/o-programie-krosno-talent_hub\\\/\",\"name\":\"O programie Krosno Talent_HUB - Centrum Technologiczne Inkubator PANS w Kro\u015bnie\",\"isPartOf\":{\"@id\":\"https:\\\/\\\/pans.krosno.pl\\\/cti\\\/#website\"},\"datePublished\":\"2025-04-03T11:03:54+00:00\",\"dateModified\":\"2025-04-23T11:34:57+00:00\",\"breadcrumb\":{\"@id\":\"https:\\\/\\\/pans.krosno.pl\\\/cti\\\/krosno-talent_hub\\\/o-programie-krosno-talent_hub\\\/#breadcrumb\"},\"inLanguage\":\"pl-PL\",\"potentialAction\":[{\"@type\":\"ReadAction\",\"target\":[\"https:\\\/\\\/pans.krosno.pl\\\/cti\\\/krosno-talent_hub\\\/o-programie-krosno-talent_hub\\\/\"]}]},{\"@type\":\"BreadcrumbList\",\"@id\":\"https:\\\/\\\/pans.krosno.pl\\\/cti\\\/krosno-talent_hub\\\/o-programie-krosno-talent_hub\\\/#breadcrumb\",\"itemListElement\":[{\"@type\":\"ListItem\",\"position\":1,\"name\":\"Strona g\u0142\u00f3wna\",\"item\":\"https:\\\/\\\/pans.krosno.pl\\\/cti\\\/\"},{\"@type\":\"ListItem\",\"position\":2,\"name\":\"KROSNO Talent_HUB\",\"item\":\"https:\\\/\\\/pans.krosno.pl\\\/cti\\\/krosno-talent_hub\\\/\"},{\"@type\":\"ListItem\",\"position\":3,\"name\":\"O programie Krosno Talent_HUB\"}]},{\"@type\":\"WebSite\",\"@id\":\"https:\\\/\\\/pans.krosno.pl\\\/cti\\\/#website\",\"url\":\"https:\\\/\\\/pans.krosno.pl\\\/cti\\\/\",\"name\":\"Biuro Karier\",\"description\":\"Centrum Technologiczne Inkubator - Pa\u0144stwowa Akademia Nauk Stosowanych\",\"publisher\":{\"@id\":\"https:\\\/\\\/pans.krosno.pl\\\/cti\\\/#organization\"},\"potentialAction\":[{\"@type\":\"SearchAction\",\"target\":{\"@type\":\"EntryPoint\",\"urlTemplate\":\"https:\\\/\\\/pans.krosno.pl\\\/cti\\\/?s={search_term_string}\"},\"query-input\":{\"@type\":\"PropertyValueSpecification\",\"valueRequired\":true,\"valueName\":\"search_term_string\"}}],\"inLanguage\":\"pl-PL\"},{\"@type\":\"Organization\",\"@id\":\"https:\\\/\\\/pans.krosno.pl\\\/cti\\\/#organization\",\"name\":\"Biuro Karier - Karpacka Pa\u0144stwowa Uczelnia w Kro\u015bnie\",\"url\":\"https:\\\/\\\/pans.krosno.pl\\\/cti\\\/\",\"logo\":{\"@type\":\"ImageObject\",\"inLanguage\":\"pl-PL\",\"@id\":\"https:\\\/\\\/pans.krosno.pl\\\/cti\\\/#\\\/schema\\\/logo\\\/image\\\/\",\"url\":\"https:\\\/\\\/pans.krosno.pl\\\/bk\\\/wp-content\\\/uploads\\\/sites\\\/38\\\/2020\\\/05\\\/96735643_906333539807912_5732186373989859328_n-1.gif\",\"contentUrl\":\"https:\\\/\\\/pans.krosno.pl\\\/bk\\\/wp-content\\\/uploads\\\/sites\\\/38\\\/2020\\\/05\\\/96735643_906333539807912_5732186373989859328_n-1.gif\",\"width\":762,\"height\":137,\"caption\":\"Biuro Karier - Karpacka Pa\u0144stwowa Uczelnia w Kro\u015bnie\"},\"image\":{\"@id\":\"https:\\\/\\\/pans.krosno.pl\\\/cti\\\/#\\\/schema\\\/logo\\\/image\\\/\"},\"sameAs\":[\"https:\\\/\\\/www.facebook.com\\\/BKKPUKROSNO\\\/\"]}]}<\/script>\n<!-- \/ Yoast SEO Premium plugin. -->","yoast_head_json":{"title":"O programie Krosno Talent_HUB - Centrum Technologiczne Inkubator PANS w Kro\u015bnie","robots":{"index":"index","follow":"follow","max-snippet":"max-snippet:-1","max-image-preview":"max-image-preview:large","max-video-preview":"max-video-preview:-1"},"canonical":"https:\/\/pans.krosno.pl\/cti\/krosno-talent_hub\/o-programie-krosno-talent_hub\/","og_locale":"pl_PL","og_type":"article","og_title":"O programie Krosno Talent_HUB","og_description":"KROSNO Talent_HUB zosta\u0142 powo\u0142any przez Pa\u0144stwow\u0105 Akademi\u0119 Nauk Stosowanych w Kro\u015bnie oraz podmioty wsp\u00f3\u0142pracuj\u0105ce z uczelni\u0105 (\u201ePartner\u00f3w\u201d): Orlen Po\u0142udnie S.A.Splast sp. z o.o.Nowy Styl sp. z o.o.Miejskie Przedsi\u0119biorstwo Gospodarki Komunalnej \u2013 Kro\u015bnie\u0144ski Holding Komunalny&nbsp; sp. z o.o. Program ma na celu zrzeszenie przedsi\u0119biorczych i kreatywnych student\u00f3w PANS w Kro\u015bnie. Cz\u0142onkostwo [\u2026] Read More","og_url":"https:\/\/pans.krosno.pl\/cti\/krosno-talent_hub\/o-programie-krosno-talent_hub\/","og_site_name":"Centrum Technologiczne Inkubator PANS w Kro\u015bnie","article_publisher":"https:\/\/www.facebook.com\/BKKPUKROSNO\/","article_modified_time":"2025-04-23T11:34:57+00:00","twitter_card":"summary_large_image","twitter_misc":{"Szacowany czas czytania":"2 minuty"},"schema":{"@context":"https:\/\/schema.org","@graph":[{"@type":"WebPage","@id":"https:\/\/pans.krosno.pl\/cti\/krosno-talent_hub\/o-programie-krosno-talent_hub\/","url":"https:\/\/pans.krosno.pl\/cti\/krosno-talent_hub\/o-programie-krosno-talent_hub\/","name":"O programie Krosno Talent_HUB - Centrum Technologiczne Inkubator PANS w Kro\u015bnie","isPartOf":{"@id":"https:\/\/pans.krosno.pl\/cti\/#website"},"datePublished":"2025-04-03T11:03:54+00:00","dateModified":"2025-04-23T11:34:57+00:00","breadcrumb":{"@id":"https:\/\/pans.krosno.pl\/cti\/krosno-talent_hub\/o-programie-krosno-talent_hub\/#breadcrumb"},"inLanguage":"pl-PL","potentialAction":[{"@type":"ReadAction","target":["https:\/\/pans.krosno.pl\/cti\/krosno-talent_hub\/o-programie-krosno-talent_hub\/"]}]},{"@type":"BreadcrumbList","@id":"https:\/\/pans.krosno.pl\/cti\/krosno-talent_hub\/o-programie-krosno-talent_hub\/#breadcrumb","itemListElement":[{"@type":"ListItem","position":1,"name":"Strona g\u0142\u00f3wna","item":"https:\/\/pans.krosno.pl\/cti\/"},{"@type":"ListItem","position":2,"name":"KROSNO Talent_HUB","item":"https:\/\/pans.krosno.pl\/cti\/krosno-talent_hub\/"},{"@type":"ListItem","position":3,"name":"O programie Krosno Talent_HUB"}]},{"@type":"WebSite","@id":"https:\/\/pans.krosno.pl\/cti\/#website","url":"https:\/\/pans.krosno.pl\/cti\/","name":"Biuro Karier","description":"Centrum Technologiczne Inkubator - Pa\u0144stwowa Akademia Nauk Stosowanych","publisher":{"@id":"https:\/\/pans.krosno.pl\/cti\/#organization"},"potentialAction":[{"@type":"SearchAction","target":{"@type":"EntryPoint","urlTemplate":"https:\/\/pans.krosno.pl\/cti\/?s={search_term_string}"},"query-input":{"@type":"PropertyValueSpecification","valueRequired":true,"valueName":"search_term_string"}}],"inLanguage":"pl-PL"},{"@type":"Organization","@id":"https:\/\/pans.krosno.pl\/cti\/#organization","name":"Biuro Karier - Karpacka Pa\u0144stwowa Uczelnia w Kro\u015bnie","url":"https:\/\/pans.krosno.pl\/cti\/","logo":{"@type":"ImageObject","inLanguage":"pl-PL","@id":"https:\/\/pans.krosno.pl\/cti\/#\/schema\/logo\/image\/","url":"https:\/\/pans.krosno.pl\/bk\/wp-content\/uploads\/sites\/38\/2020\/05\/96735643_906333539807912_5732186373989859328_n-1.gif","contentUrl":"https:\/\/pans.krosno.pl\/bk\/wp-content\/uploads\/sites\/38\/2020\/05\/96735643_906333539807912_5732186373989859328_n-1.gif","width":762,"height":137,"caption":"Biuro Karier - Karpacka Pa\u0144stwowa Uczelnia w Kro\u015bnie"},"image":{"@id":"https:\/\/pans.krosno.pl\/cti\/#\/schema\/logo\/image\/"},"sameAs":["https:\/\/www.facebook.com\/BKKPUKROSNO\/"]}]}},"_links":{"self":[{"href":"https:\/\/pans.krosno.pl\/cti\/wp-json\/wp\/v2\/pages\/6762","targetHints":{"allow":["GET"]}}],"collection":[{"href":"https:\/\/pans.krosno.pl\/cti\/wp-json\/wp\/v2\/pages"}],"about":[{"href":"https:\/\/pans.krosno.pl\/cti\/wp-json\/wp\/v2\/types\/page"}],"author":[{"embeddable":true,"href":"https:\/\/pans.krosno.pl\/cti\/wp-json\/wp\/v2\/users\/27"}],"replies":[{"embeddable":true,"href":"https:\/\/pans.krosno.pl\/cti\/wp-json\/wp\/v2\/comments?post=6762"}],"version-history":[{"count":8,"href":"https:\/\/pans.krosno.pl\/cti\/wp-json\/wp\/v2\/pages\/6762\/revisions"}],"predecessor-version":[{"id":6861,"href":"https:\/\/pans.krosno.pl\/cti\/wp-json\/wp\/v2\/pages\/6762\/revisions\/6861"}],"up":[{"embeddable":true,"href":"https:\/\/pans.krosno.pl\/cti\/wp-json\/wp\/v2\/pages\/6752"}],"wp:attachment":[{"href":"https:\/\/pans.krosno.pl\/cti\/wp-json\/wp\/v2\/media?parent=6762"}],"curies":[{"name":"wp","href":"https:\/\/api.w.org\/{rel}","templated":true}]}}