{"id":6161,"date":"2025-01-08T09:33:18","date_gmt":"2025-01-08T08:33:18","guid":{"rendered":"https:\/\/pans.krosno.pl\/cti\/?page_id=6161"},"modified":"2025-03-20T09:07:02","modified_gmt":"2025-03-20T08:07:02","slug":"panel-ekspercki-krosno-talent-hub","status":"publish","type":"page","link":"https:\/\/pans.krosno.pl\/cti\/targi-pracy-2025\/panel-ekspercki-krosno-talent-hub\/","title":{"rendered":"Panel ekspercki &#8211; KROSNO Talent_Hub"},"content":{"rendered":"\n<div class=\"wp-block-columns are-vertically-aligned-center is-layout-flex wp-container-core-columns-is-layout-28f84493 wp-block-columns-is-layout-flex\">\n<div class=\"wp-block-column is-vertically-aligned-center is-layout-flow wp-block-column-is-layout-flow\">\n<figure class=\"wp-block-image size-large\"><img loading=\"lazy\" decoding=\"async\" width=\"1024\" height=\"230\" src=\"https:\/\/pans.krosno.pl\/cti\/wp-content\/uploads\/sites\/38\/2025\/02\/Logo-PANS-2022-pelne-1024x230.jpg\" alt=\"\" class=\"wp-image-6530\" srcset=\"https:\/\/pans.krosno.pl\/cti\/wp-content\/uploads\/sites\/38\/2025\/02\/Logo-PANS-2022-pelne-1024x230.jpg 1024w, https:\/\/pans.krosno.pl\/cti\/wp-content\/uploads\/sites\/38\/2025\/02\/Logo-PANS-2022-pelne-300x67.jpg 300w, https:\/\/pans.krosno.pl\/cti\/wp-content\/uploads\/sites\/38\/2025\/02\/Logo-PANS-2022-pelne-768x173.jpg 768w, https:\/\/pans.krosno.pl\/cti\/wp-content\/uploads\/sites\/38\/2025\/02\/Logo-PANS-2022-pelne-1536x345.jpg 1536w, https:\/\/pans.krosno.pl\/cti\/wp-content\/uploads\/sites\/38\/2025\/02\/Logo-PANS-2022-pelne-2048x460.jpg 2048w, https:\/\/pans.krosno.pl\/cti\/wp-content\/uploads\/sites\/38\/2025\/02\/Logo-PANS-2022-pelne-2000x450.jpg 2000w, https:\/\/pans.krosno.pl\/cti\/wp-content\/uploads\/sites\/38\/2025\/02\/Logo-PANS-2022-pelne-800x180.jpg 800w, https:\/\/pans.krosno.pl\/cti\/wp-content\/uploads\/sites\/38\/2025\/02\/Logo-PANS-2022-pelne-580x130.jpg 580w\" sizes=\"auto, (max-width: 1024px) 100vw, 1024px\" \/><\/figure>\n<\/div>\n\n\n\n<div class=\"wp-block-column is-vertically-aligned-center is-layout-flow wp-block-column-is-layout-flow\">\n<figure class=\"wp-block-image aligncenter size-large is-resized\"><img loading=\"lazy\" decoding=\"async\" width=\"961\" height=\"1024\" src=\"https:\/\/pans.krosno.pl\/cti\/wp-content\/uploads\/sites\/38\/2025\/02\/LOGO-KROSNO-TALENT-HUB-V2-961x1024.png\" alt=\"\" class=\"wp-image-6529\" style=\"width:220px;height:auto\" srcset=\"https:\/\/pans.krosno.pl\/cti\/wp-content\/uploads\/sites\/38\/2025\/02\/LOGO-KROSNO-TALENT-HUB-V2-961x1024.png 961w, https:\/\/pans.krosno.pl\/cti\/wp-content\/uploads\/sites\/38\/2025\/02\/LOGO-KROSNO-TALENT-HUB-V2-281x300.png 281w, https:\/\/pans.krosno.pl\/cti\/wp-content\/uploads\/sites\/38\/2025\/02\/LOGO-KROSNO-TALENT-HUB-V2-768x819.png 768w, https:\/\/pans.krosno.pl\/cti\/wp-content\/uploads\/sites\/38\/2025\/02\/LOGO-KROSNO-TALENT-HUB-V2-1441x1536.png 1441w, https:\/\/pans.krosno.pl\/cti\/wp-content\/uploads\/sites\/38\/2025\/02\/LOGO-KROSNO-TALENT-HUB-V2-800x853.png 800w, https:\/\/pans.krosno.pl\/cti\/wp-content\/uploads\/sites\/38\/2025\/02\/LOGO-KROSNO-TALENT-HUB-V2-580x618.png 580w\" sizes=\"auto, (max-width: 961px) 100vw, 961px\" \/><\/figure>\n<\/div>\n\n\n\n<div class=\"wp-block-column is-vertically-aligned-center is-layout-flow wp-block-column-is-layout-flow\">\n<figure class=\"wp-block-image size-full\"><img loading=\"lazy\" decoding=\"async\" width=\"1024\" height=\"263\" src=\"https:\/\/pans.krosno.pl\/cti\/wp-content\/uploads\/sites\/38\/2025\/02\/orlen-poludnie-1024x263-1.png\" alt=\"\" class=\"wp-image-6531\" srcset=\"https:\/\/pans.krosno.pl\/cti\/wp-content\/uploads\/sites\/38\/2025\/02\/orlen-poludnie-1024x263-1.png 1024w, https:\/\/pans.krosno.pl\/cti\/wp-content\/uploads\/sites\/38\/2025\/02\/orlen-poludnie-1024x263-1-300x77.png 300w, https:\/\/pans.krosno.pl\/cti\/wp-content\/uploads\/sites\/38\/2025\/02\/orlen-poludnie-1024x263-1-768x197.png 768w, https:\/\/pans.krosno.pl\/cti\/wp-content\/uploads\/sites\/38\/2025\/02\/orlen-poludnie-1024x263-1-800x205.png 800w, https:\/\/pans.krosno.pl\/cti\/wp-content\/uploads\/sites\/38\/2025\/02\/orlen-poludnie-1024x263-1-580x149.png 580w\" sizes=\"auto, (max-width: 1024px) 100vw, 1024px\" \/><\/figure>\n<\/div>\n<\/div>\n\n\n\n<div class=\"wp-block-columns is-layout-flex wp-container-core-columns-is-layout-28f84493 wp-block-columns-is-layout-flex\">\n<div class=\"wp-block-column is-vertically-aligned-center is-layout-flow wp-block-column-is-layout-flow\">\n<figure class=\"wp-block-image size-full\"><img loading=\"lazy\" decoding=\"async\" width=\"1024\" height=\"346\" src=\"https:\/\/pans.krosno.pl\/cti\/wp-content\/uploads\/sites\/38\/2023\/02\/KHK.png\" alt=\"\" class=\"wp-image-4268\" srcset=\"https:\/\/pans.krosno.pl\/cti\/wp-content\/uploads\/sites\/38\/2023\/02\/KHK.png 1024w, https:\/\/pans.krosno.pl\/cti\/wp-content\/uploads\/sites\/38\/2023\/02\/KHK-300x101.png 300w, https:\/\/pans.krosno.pl\/cti\/wp-content\/uploads\/sites\/38\/2023\/02\/KHK-768x260.png 768w, https:\/\/pans.krosno.pl\/cti\/wp-content\/uploads\/sites\/38\/2023\/02\/KHK-18x6.png 18w, https:\/\/pans.krosno.pl\/cti\/wp-content\/uploads\/sites\/38\/2023\/02\/KHK-800x270.png 800w, https:\/\/pans.krosno.pl\/cti\/wp-content\/uploads\/sites\/38\/2023\/02\/KHK-580x196.png 580w\" sizes=\"auto, (max-width: 1024px) 100vw, 1024px\" \/><\/figure>\n<\/div>\n\n\n\n<div class=\"wp-block-column is-vertically-aligned-center is-layout-flow wp-block-column-is-layout-flow\">\n<figure class=\"wp-block-image aligncenter size-large\"><img loading=\"lazy\" decoding=\"async\" width=\"1024\" height=\"294\" src=\"https:\/\/pans.krosno.pl\/cti\/wp-content\/uploads\/sites\/38\/2025\/02\/Logo-SPLAST-pom-sz-1024x294.png\" alt=\"\" class=\"wp-image-6532\" srcset=\"https:\/\/pans.krosno.pl\/cti\/wp-content\/uploads\/sites\/38\/2025\/02\/Logo-SPLAST-pom-sz-1024x294.png 1024w, https:\/\/pans.krosno.pl\/cti\/wp-content\/uploads\/sites\/38\/2025\/02\/Logo-SPLAST-pom-sz-300x86.png 300w, https:\/\/pans.krosno.pl\/cti\/wp-content\/uploads\/sites\/38\/2025\/02\/Logo-SPLAST-pom-sz-768x220.png 768w, https:\/\/pans.krosno.pl\/cti\/wp-content\/uploads\/sites\/38\/2025\/02\/Logo-SPLAST-pom-sz-1536x441.png 1536w, https:\/\/pans.krosno.pl\/cti\/wp-content\/uploads\/sites\/38\/2025\/02\/Logo-SPLAST-pom-sz-2048x587.png 2048w, https:\/\/pans.krosno.pl\/cti\/wp-content\/uploads\/sites\/38\/2025\/02\/Logo-SPLAST-pom-sz-2000x574.png 2000w, https:\/\/pans.krosno.pl\/cti\/wp-content\/uploads\/sites\/38\/2025\/02\/Logo-SPLAST-pom-sz-800x229.png 800w, https:\/\/pans.krosno.pl\/cti\/wp-content\/uploads\/sites\/38\/2025\/02\/Logo-SPLAST-pom-sz-580x166.png 580w\" sizes=\"auto, (max-width: 1024px) 100vw, 1024px\" \/><\/figure>\n<\/div>\n\n\n\n<div class=\"wp-block-column is-layout-flow wp-block-column-is-layout-flow\">\n<figure class=\"wp-block-image size-large\"><img loading=\"lazy\" decoding=\"async\" width=\"1024\" height=\"395\" src=\"https:\/\/pans.krosno.pl\/cti\/wp-content\/uploads\/sites\/38\/2024\/07\/Nowy-Styl_logo-1024x395.png\" alt=\"\" class=\"wp-image-5966\" srcset=\"https:\/\/pans.krosno.pl\/cti\/wp-content\/uploads\/sites\/38\/2024\/07\/Nowy-Styl_logo-1024x395.png 1024w, https:\/\/pans.krosno.pl\/cti\/wp-content\/uploads\/sites\/38\/2024\/07\/Nowy-Styl_logo-300x116.png 300w, https:\/\/pans.krosno.pl\/cti\/wp-content\/uploads\/sites\/38\/2024\/07\/Nowy-Styl_logo-768x296.png 768w, https:\/\/pans.krosno.pl\/cti\/wp-content\/uploads\/sites\/38\/2024\/07\/Nowy-Styl_logo-1536x592.png 1536w, https:\/\/pans.krosno.pl\/cti\/wp-content\/uploads\/sites\/38\/2024\/07\/Nowy-Styl_logo-800x308.png 800w, https:\/\/pans.krosno.pl\/cti\/wp-content\/uploads\/sites\/38\/2024\/07\/Nowy-Styl_logo-580x224.png 580w, https:\/\/pans.krosno.pl\/cti\/wp-content\/uploads\/sites\/38\/2024\/07\/Nowy-Styl_logo-1170x450.png 1170w, https:\/\/pans.krosno.pl\/cti\/wp-content\/uploads\/sites\/38\/2024\/07\/Nowy-Styl_logo.png 1772w\" sizes=\"auto, (max-width: 1024px) 100vw, 1024px\" \/><\/figure>\n<\/div>\n<\/div>\n\n\n\n<p>Otwarcie Programu mentoringowego <strong>KROSNO Talent_HUB<\/strong><\/p>\n\n\n\n<p>Termin: 21 marca 2025 roku<br>Miejsce: PANS 5G LAB<br>Kampus Techniczno-Sportowy PANS w Kro\u015bnie, ul. Wyspia\u0144skiego 20<br><br>10.15 &#8211; 10.30<br><strong>Powitanie go\u015bci <\/strong><br><strong>oraz wr\u0119czenie nominacji Cz\u0142onkom Konwentu PANS w Kro\u015bnie na kadencj\u0119 2025 \u2013 2028<\/strong><br>\u2013 JM Rektor Pa\u0144stwowej Akademii Nauk Stosowanych w Krosnie, dr hab. Zbigniew Barabasz, prof. PANS<\/p>\n\n\n\n<p>10.30 &#8211; 10.40 <strong>Przedstawienie koncepcji Programu mentoringowego KROSNO Talent_HUB<\/strong><br>\u2013 dr Agnieszka Wo\u017aniak &#8211; Prorektor ds. rozwoju PANS w Kro\u015bnie<\/p>\n\n\n\n<p>10.40 &#8211; 10.50 <strong>Prezentacja mo\u017cliwo\u015bci PANS 5G LAB<\/strong><br>\u2013 mgr in\u017c. Patryk Soli\u0144ski &#8211; Dzia\u0142 Rozwoju PANS w Kro\u015bnie<\/p>\n\n\n\n<p>10.50 &#8211; 11.00 <strong>Przedstawienie koncepcji udzia\u0142u Orlen Po\u0142udnie <\/strong><br>\u2013 dr in\u017c. Krzysztof Topolski &#8211; Cz\u0142onek Zarz\u0105du Orlen Po\u0142udnie<\/p>\n\n\n\n<p>11.00 &#8211; 11.10 <strong>Przedstawienie koncepcji udzia\u0142u Kro\u015bnie\u0144skiego Holdingu Komunalnego<\/strong><br>\u2013 Pan Janusz Fic, Prezes Zarz\u0105du MPGK \u2013 Kro\u015bnie\u0144skiego Holdingu Komunalnego<\/p>\n\n\n\n<p>11.10 &#8211; 11.20 <strong>Przedstawienie koncepcji udzia\u0142u Nowy Styl Sp. z o.o.<\/strong> <br>\u2013 Pan Pawe\u0142 Sma\u015b, Dyrektor Techniczny, Cz\u0142onek Zarz\u0105du Nowy Styl<\/p>\n\n\n\n<p>11.20 &#8211; 11.30 <strong>Przedstawienie koncepcji udzia\u0142u Splast Sp. z o.o.<\/strong><br>\u2013 Pani Agnieszka Sanocka-Zajdel, Wiceprezes Zarz\u0105du, Dyrektor Handlowy Splast <br><br>11.30 &#8211; 11.50 <strong>Podpisanie listu intencyjnego<\/strong><br>pomi\u0119dzy Pa\u0144stwow\u0105 Akademi\u0105 Nauk Stosowanych w Kro\u015bnie<br>a partnerami Programu KROSNO Talent_HUB:<br>ORLEN Po\u0142udnie S.A.,<br>Kro\u015bnie\u0144ski Holding Komunalny Sp. z o.o.,<br>Nowy Styl Sp. z o.o.,<br>Splast Sp. z o.o.<\/p>\n\n\n\n<p>11.50 Pocz\u0119stunek \/sala 108B\/<\/p>\n","protected":false},"excerpt":{"rendered":"<p>Otwarcie Programu mentoringowego KROSNO Talent_HUB Termin: 21 marca 2025 rokuMiejsce: PANS 5G LABKampus Techniczno-Sportowy PANS w Kro\u015bnie, ul. Wyspia\u0144skiego 20 10.15 &#8211; 10.30Powitanie go\u015bci oraz wr\u0119czenie nominacji Cz\u0142onkom Konwentu PANS w Kro\u015bnie na kadencj\u0119 2025 \u2013 2028\u2013 JM Rektor Pa\u0144stwowej Akademii Nauk Stosowanych w Krosnie, dr hab. Zbigniew Barabasz, prof. [\u2026] <\/p>\n<div class=\"clear\"><\/div>\n<p><a class=\"more_link clearfix\" href=\"https:\/\/pans.krosno.pl\/cti\/targi-pracy-2025\/panel-ekspercki-krosno-talent-hub\/\" rel=\"nofollow\">Read More<\/a><\/p>\n","protected":false},"author":27,"featured_media":0,"parent":6140,"menu_order":0,"comment_status":"closed","ping_status":"closed","template":"page-templates\/template-full-width.php","meta":{"ngg_post_thumbnail":0,"footnotes":""},"class_list":["post-6161","page","type-page","status-publish","hentry"],"yoast_head":"<!-- This site is optimized with the Yoast SEO Premium plugin v27.4 (Yoast SEO v27.4) - https:\/\/yoast.com\/product\/yoast-seo-premium-wordpress\/ -->\n<title>Panel ekspercki - KROSNO Talent_Hub - Centrum Technologiczne Inkubator PANS w Kro\u015bnie<\/title>\n<meta name=\"robots\" content=\"index, follow, max-snippet:-1, max-image-preview:large, max-video-preview:-1\" \/>\n<link rel=\"canonical\" href=\"https:\/\/pans.krosno.pl\/cti\/targi-pracy-2025\/panel-ekspercki-krosno-talent-hub\/\" \/>\n<meta property=\"og:locale\" content=\"pl_PL\" \/>\n<meta property=\"og:type\" content=\"article\" \/>\n<meta property=\"og:title\" content=\"Panel ekspercki - KROSNO Talent_Hub\" \/>\n<meta property=\"og:description\" content=\"Otwarcie Programu mentoringowego KROSNO Talent_HUB Termin: 21 marca 2025 rokuMiejsce: PANS 5G LABKampus Techniczno-Sportowy PANS w Kro\u015bnie, ul. Wyspia\u0144skiego 20 10.15 &#8211; 10.30Powitanie go\u015bci oraz wr\u0119czenie nominacji Cz\u0142onkom Konwentu PANS w Kro\u015bnie na kadencj\u0119 2025 \u2013 2028\u2013 JM Rektor Pa\u0144stwowej Akademii Nauk Stosowanych w Krosnie, dr hab. Zbigniew Barabasz, prof. [\u2026] Read More\" \/>\n<meta property=\"og:url\" content=\"https:\/\/pans.krosno.pl\/cti\/targi-pracy-2025\/panel-ekspercki-krosno-talent-hub\/\" \/>\n<meta property=\"og:site_name\" content=\"Centrum Technologiczne Inkubator PANS w Kro\u015bnie\" \/>\n<meta property=\"article:publisher\" content=\"https:\/\/www.facebook.com\/BKKPUKROSNO\/\" \/>\n<meta property=\"article:modified_time\" content=\"2025-03-20T08:07:02+00:00\" \/>\n<meta property=\"og:image\" content=\"https:\/\/pans.krosno.pl\/cti\/wp-content\/uploads\/sites\/38\/2025\/02\/Logo-PANS-2022-pelne-scaled.jpg\" \/>\n\t<meta property=\"og:image:width\" content=\"2560\" \/>\n\t<meta property=\"og:image:height\" content=\"576\" \/>\n\t<meta property=\"og:image:type\" content=\"image\/jpeg\" \/>\n<meta name=\"twitter:card\" content=\"summary_large_image\" \/>\n<meta name=\"twitter:label1\" content=\"Szacowany czas czytania\" \/>\n\t<meta name=\"twitter:data1\" content=\"3 minuty\" \/>\n<script type=\"application\/ld+json\" class=\"yoast-schema-graph\">{\"@context\":\"https:\\\/\\\/schema.org\",\"@graph\":[{\"@type\":\"WebPage\",\"@id\":\"https:\\\/\\\/pans.krosno.pl\\\/cti\\\/targi-pracy-2025\\\/panel-ekspercki-krosno-talent-hub\\\/\",\"url\":\"https:\\\/\\\/pans.krosno.pl\\\/cti\\\/targi-pracy-2025\\\/panel-ekspercki-krosno-talent-hub\\\/\",\"name\":\"Panel ekspercki - KROSNO Talent_Hub - Centrum Technologiczne Inkubator PANS w Kro\u015bnie\",\"isPartOf\":{\"@id\":\"https:\\\/\\\/pans.krosno.pl\\\/cti\\\/#website\"},\"primaryImageOfPage\":{\"@id\":\"https:\\\/\\\/pans.krosno.pl\\\/cti\\\/targi-pracy-2025\\\/panel-ekspercki-krosno-talent-hub\\\/#primaryimage\"},\"image\":{\"@id\":\"https:\\\/\\\/pans.krosno.pl\\\/cti\\\/targi-pracy-2025\\\/panel-ekspercki-krosno-talent-hub\\\/#primaryimage\"},\"thumbnailUrl\":\"https:\\\/\\\/pans.krosno.pl\\\/cti\\\/wp-content\\\/uploads\\\/sites\\\/38\\\/2025\\\/02\\\/Logo-PANS-2022-pelne-1024x230.jpg\",\"datePublished\":\"2025-01-08T08:33:18+00:00\",\"dateModified\":\"2025-03-20T08:07:02+00:00\",\"breadcrumb\":{\"@id\":\"https:\\\/\\\/pans.krosno.pl\\\/cti\\\/targi-pracy-2025\\\/panel-ekspercki-krosno-talent-hub\\\/#breadcrumb\"},\"inLanguage\":\"pl-PL\",\"potentialAction\":[{\"@type\":\"ReadAction\",\"target\":[\"https:\\\/\\\/pans.krosno.pl\\\/cti\\\/targi-pracy-2025\\\/panel-ekspercki-krosno-talent-hub\\\/\"]}]},{\"@type\":\"ImageObject\",\"inLanguage\":\"pl-PL\",\"@id\":\"https:\\\/\\\/pans.krosno.pl\\\/cti\\\/targi-pracy-2025\\\/panel-ekspercki-krosno-talent-hub\\\/#primaryimage\",\"url\":\"https:\\\/\\\/pans.krosno.pl\\\/cti\\\/wp-content\\\/uploads\\\/sites\\\/38\\\/2025\\\/02\\\/Logo-PANS-2022-pelne-scaled.jpg\",\"contentUrl\":\"https:\\\/\\\/pans.krosno.pl\\\/cti\\\/wp-content\\\/uploads\\\/sites\\\/38\\\/2025\\\/02\\\/Logo-PANS-2022-pelne-scaled.jpg\",\"width\":2560,\"height\":576},{\"@type\":\"BreadcrumbList\",\"@id\":\"https:\\\/\\\/pans.krosno.pl\\\/cti\\\/targi-pracy-2025\\\/panel-ekspercki-krosno-talent-hub\\\/#breadcrumb\",\"itemListElement\":[{\"@type\":\"ListItem\",\"position\":1,\"name\":\"Strona g\u0142\u00f3wna\",\"item\":\"https:\\\/\\\/pans.krosno.pl\\\/cti\\\/\"},{\"@type\":\"ListItem\",\"position\":2,\"name\":\"Targi Pracy 2025\",\"item\":\"https:\\\/\\\/pans.krosno.pl\\\/cti\\\/targi-pracy-2025\\\/\"},{\"@type\":\"ListItem\",\"position\":3,\"name\":\"Panel ekspercki &#8211; KROSNO Talent_Hub\"}]},{\"@type\":\"WebSite\",\"@id\":\"https:\\\/\\\/pans.krosno.pl\\\/cti\\\/#website\",\"url\":\"https:\\\/\\\/pans.krosno.pl\\\/cti\\\/\",\"name\":\"Biuro Karier\",\"description\":\"Centrum Technologiczne Inkubator - Pa\u0144stwowa Akademia Nauk Stosowanych\",\"publisher\":{\"@id\":\"https:\\\/\\\/pans.krosno.pl\\\/cti\\\/#organization\"},\"potentialAction\":[{\"@type\":\"SearchAction\",\"target\":{\"@type\":\"EntryPoint\",\"urlTemplate\":\"https:\\\/\\\/pans.krosno.pl\\\/cti\\\/?s={search_term_string}\"},\"query-input\":{\"@type\":\"PropertyValueSpecification\",\"valueRequired\":true,\"valueName\":\"search_term_string\"}}],\"inLanguage\":\"pl-PL\"},{\"@type\":\"Organization\",\"@id\":\"https:\\\/\\\/pans.krosno.pl\\\/cti\\\/#organization\",\"name\":\"Biuro Karier - Karpacka Pa\u0144stwowa Uczelnia w Kro\u015bnie\",\"url\":\"https:\\\/\\\/pans.krosno.pl\\\/cti\\\/\",\"logo\":{\"@type\":\"ImageObject\",\"inLanguage\":\"pl-PL\",\"@id\":\"https:\\\/\\\/pans.krosno.pl\\\/cti\\\/#\\\/schema\\\/logo\\\/image\\\/\",\"url\":\"https:\\\/\\\/pans.krosno.pl\\\/bk\\\/wp-content\\\/uploads\\\/sites\\\/38\\\/2020\\\/05\\\/96735643_906333539807912_5732186373989859328_n-1.gif\",\"contentUrl\":\"https:\\\/\\\/pans.krosno.pl\\\/bk\\\/wp-content\\\/uploads\\\/sites\\\/38\\\/2020\\\/05\\\/96735643_906333539807912_5732186373989859328_n-1.gif\",\"width\":762,\"height\":137,\"caption\":\"Biuro Karier - Karpacka Pa\u0144stwowa Uczelnia w Kro\u015bnie\"},\"image\":{\"@id\":\"https:\\\/\\\/pans.krosno.pl\\\/cti\\\/#\\\/schema\\\/logo\\\/image\\\/\"},\"sameAs\":[\"https:\\\/\\\/www.facebook.com\\\/BKKPUKROSNO\\\/\"]}]}<\/script>\n<!-- \/ Yoast SEO Premium plugin. -->","yoast_head_json":{"title":"Panel ekspercki - KROSNO Talent_Hub - Centrum Technologiczne Inkubator PANS w Kro\u015bnie","robots":{"index":"index","follow":"follow","max-snippet":"max-snippet:-1","max-image-preview":"max-image-preview:large","max-video-preview":"max-video-preview:-1"},"canonical":"https:\/\/pans.krosno.pl\/cti\/targi-pracy-2025\/panel-ekspercki-krosno-talent-hub\/","og_locale":"pl_PL","og_type":"article","og_title":"Panel ekspercki - KROSNO Talent_Hub","og_description":"Otwarcie Programu mentoringowego KROSNO Talent_HUB Termin: 21 marca 2025 rokuMiejsce: PANS 5G LABKampus Techniczno-Sportowy PANS w Kro\u015bnie, ul. Wyspia\u0144skiego 20 10.15 &#8211; 10.30Powitanie go\u015bci oraz wr\u0119czenie nominacji Cz\u0142onkom Konwentu PANS w Kro\u015bnie na kadencj\u0119 2025 \u2013 2028\u2013 JM Rektor Pa\u0144stwowej Akademii Nauk Stosowanych w Krosnie, dr hab. Zbigniew Barabasz, prof. [\u2026] Read More","og_url":"https:\/\/pans.krosno.pl\/cti\/targi-pracy-2025\/panel-ekspercki-krosno-talent-hub\/","og_site_name":"Centrum Technologiczne Inkubator PANS w Kro\u015bnie","article_publisher":"https:\/\/www.facebook.com\/BKKPUKROSNO\/","article_modified_time":"2025-03-20T08:07:02+00:00","og_image":[{"width":2560,"height":576,"url":"https:\/\/pans.krosno.pl\/cti\/wp-content\/uploads\/sites\/38\/2025\/02\/Logo-PANS-2022-pelne-scaled.jpg","type":"image\/jpeg"}],"twitter_card":"summary_large_image","twitter_misc":{"Szacowany czas czytania":"3 minuty"},"schema":{"@context":"https:\/\/schema.org","@graph":[{"@type":"WebPage","@id":"https:\/\/pans.krosno.pl\/cti\/targi-pracy-2025\/panel-ekspercki-krosno-talent-hub\/","url":"https:\/\/pans.krosno.pl\/cti\/targi-pracy-2025\/panel-ekspercki-krosno-talent-hub\/","name":"Panel ekspercki - KROSNO Talent_Hub - Centrum Technologiczne Inkubator PANS w Kro\u015bnie","isPartOf":{"@id":"https:\/\/pans.krosno.pl\/cti\/#website"},"primaryImageOfPage":{"@id":"https:\/\/pans.krosno.pl\/cti\/targi-pracy-2025\/panel-ekspercki-krosno-talent-hub\/#primaryimage"},"image":{"@id":"https:\/\/pans.krosno.pl\/cti\/targi-pracy-2025\/panel-ekspercki-krosno-talent-hub\/#primaryimage"},"thumbnailUrl":"https:\/\/pans.krosno.pl\/cti\/wp-content\/uploads\/sites\/38\/2025\/02\/Logo-PANS-2022-pelne-1024x230.jpg","datePublished":"2025-01-08T08:33:18+00:00","dateModified":"2025-03-20T08:07:02+00:00","breadcrumb":{"@id":"https:\/\/pans.krosno.pl\/cti\/targi-pracy-2025\/panel-ekspercki-krosno-talent-hub\/#breadcrumb"},"inLanguage":"pl-PL","potentialAction":[{"@type":"ReadAction","target":["https:\/\/pans.krosno.pl\/cti\/targi-pracy-2025\/panel-ekspercki-krosno-talent-hub\/"]}]},{"@type":"ImageObject","inLanguage":"pl-PL","@id":"https:\/\/pans.krosno.pl\/cti\/targi-pracy-2025\/panel-ekspercki-krosno-talent-hub\/#primaryimage","url":"https:\/\/pans.krosno.pl\/cti\/wp-content\/uploads\/sites\/38\/2025\/02\/Logo-PANS-2022-pelne-scaled.jpg","contentUrl":"https:\/\/pans.krosno.pl\/cti\/wp-content\/uploads\/sites\/38\/2025\/02\/Logo-PANS-2022-pelne-scaled.jpg","width":2560,"height":576},{"@type":"BreadcrumbList","@id":"https:\/\/pans.krosno.pl\/cti\/targi-pracy-2025\/panel-ekspercki-krosno-talent-hub\/#breadcrumb","itemListElement":[{"@type":"ListItem","position":1,"name":"Strona g\u0142\u00f3wna","item":"https:\/\/pans.krosno.pl\/cti\/"},{"@type":"ListItem","position":2,"name":"Targi Pracy 2025","item":"https:\/\/pans.krosno.pl\/cti\/targi-pracy-2025\/"},{"@type":"ListItem","position":3,"name":"Panel ekspercki &#8211; KROSNO Talent_Hub"}]},{"@type":"WebSite","@id":"https:\/\/pans.krosno.pl\/cti\/#website","url":"https:\/\/pans.krosno.pl\/cti\/","name":"Biuro Karier","description":"Centrum Technologiczne Inkubator - Pa\u0144stwowa Akademia Nauk Stosowanych","publisher":{"@id":"https:\/\/pans.krosno.pl\/cti\/#organization"},"potentialAction":[{"@type":"SearchAction","target":{"@type":"EntryPoint","urlTemplate":"https:\/\/pans.krosno.pl\/cti\/?s={search_term_string}"},"query-input":{"@type":"PropertyValueSpecification","valueRequired":true,"valueName":"search_term_string"}}],"inLanguage":"pl-PL"},{"@type":"Organization","@id":"https:\/\/pans.krosno.pl\/cti\/#organization","name":"Biuro Karier - Karpacka Pa\u0144stwowa Uczelnia w Kro\u015bnie","url":"https:\/\/pans.krosno.pl\/cti\/","logo":{"@type":"ImageObject","inLanguage":"pl-PL","@id":"https:\/\/pans.krosno.pl\/cti\/#\/schema\/logo\/image\/","url":"https:\/\/pans.krosno.pl\/bk\/wp-content\/uploads\/sites\/38\/2020\/05\/96735643_906333539807912_5732186373989859328_n-1.gif","contentUrl":"https:\/\/pans.krosno.pl\/bk\/wp-content\/uploads\/sites\/38\/2020\/05\/96735643_906333539807912_5732186373989859328_n-1.gif","width":762,"height":137,"caption":"Biuro Karier - Karpacka Pa\u0144stwowa Uczelnia w Kro\u015bnie"},"image":{"@id":"https:\/\/pans.krosno.pl\/cti\/#\/schema\/logo\/image\/"},"sameAs":["https:\/\/www.facebook.com\/BKKPUKROSNO\/"]}]}},"_links":{"self":[{"href":"https:\/\/pans.krosno.pl\/cti\/wp-json\/wp\/v2\/pages\/6161","targetHints":{"allow":["GET"]}}],"collection":[{"href":"https:\/\/pans.krosno.pl\/cti\/wp-json\/wp\/v2\/pages"}],"about":[{"href":"https:\/\/pans.krosno.pl\/cti\/wp-json\/wp\/v2\/types\/page"}],"author":[{"embeddable":true,"href":"https:\/\/pans.krosno.pl\/cti\/wp-json\/wp\/v2\/users\/27"}],"replies":[{"embeddable":true,"href":"https:\/\/pans.krosno.pl\/cti\/wp-json\/wp\/v2\/comments?post=6161"}],"version-history":[{"count":20,"href":"https:\/\/pans.krosno.pl\/cti\/wp-json\/wp\/v2\/pages\/6161\/revisions"}],"predecessor-version":[{"id":6642,"href":"https:\/\/pans.krosno.pl\/cti\/wp-json\/wp\/v2\/pages\/6161\/revisions\/6642"}],"up":[{"embeddable":true,"href":"https:\/\/pans.krosno.pl\/cti\/wp-json\/wp\/v2\/pages\/6140"}],"wp:attachment":[{"href":"https:\/\/pans.krosno.pl\/cti\/wp-json\/wp\/v2\/media?parent=6161"}],"curies":[{"name":"wp","href":"https:\/\/api.w.org\/{rel}","templated":true}]}}