{"id":536,"date":"2020-07-13T10:13:13","date_gmt":"2020-07-13T08:13:13","guid":{"rendered":"https:\/\/pans.krosno.pl\/bk\/?page_id=536"},"modified":"2023-09-20T09:53:28","modified_gmt":"2023-09-20T07:53:28","slug":"wlasna-firma","status":"publish","type":"page","link":"https:\/\/pans.krosno.pl\/cti\/abc-kariery\/wlasna-firma\/","title":{"rendered":"W\u0142asna firma"},"content":{"rendered":"\n<hr class=\"wp-block-separator has-css-opacity\"\/>\n\n\n\n<div class=\"wp-block-cover is-light\" style=\"min-height:241px;aspect-ratio:unset;\"><span aria-hidden=\"true\" class=\"wp-block-cover__background has-background-dim\"><\/span><img loading=\"lazy\" decoding=\"async\" width=\"2560\" height=\"1707\" class=\"wp-block-cover__image-background wp-image-567\" alt=\"\" src=\"https:\/\/pans.krosno.pl\/cti\/wp-content\/uploads\/sites\/38\/2020\/07\/10653-scaled.jpg\" data-object-fit=\"cover\" srcset=\"https:\/\/pans.krosno.pl\/cti\/wp-content\/uploads\/sites\/38\/2020\/07\/10653-scaled.jpg 2560w, https:\/\/pans.krosno.pl\/cti\/wp-content\/uploads\/sites\/38\/2020\/07\/10653-300x200.jpg 300w, https:\/\/pans.krosno.pl\/cti\/wp-content\/uploads\/sites\/38\/2020\/07\/10653-1024x683.jpg 1024w, https:\/\/pans.krosno.pl\/cti\/wp-content\/uploads\/sites\/38\/2020\/07\/10653-768x512.jpg 768w, https:\/\/pans.krosno.pl\/cti\/wp-content\/uploads\/sites\/38\/2020\/07\/10653-1536x1024.jpg 1536w\" sizes=\"auto, (max-width: 2560px) 100vw, 2560px\" \/><div class=\"wp-block-cover__inner-container is-layout-flow wp-block-cover-is-layout-flow\">\n<p class=\"has-text-align-center has-large-font-size\">W\u0142asna firma<\/p>\n<\/div><\/div>\n\n\n\n<hr class=\"wp-block-separator has-css-opacity\"\/>\n\n\n\n<p>W\u0142asna firma bywa recept\u0105 na bezrobocie, ale te\u017c szans\u0105 na rozw\u00f3j i spe\u0142nienie w\u0142asnych marze\u0144. Warto przeczyta\u0107, sk\u0105d wzi\u0105\u0107 \u015brodki na otwarcie w\u0142asnej dzia\u0142alno\u015bci i dlaczego coraz popularniejszy staje si\u0119 kobiecy biznes. Podsuwamy ciekawe pomys\u0142y na rozw\u00f3j firmy.<\/p>\n\n\n\n<p><strong>Formalno\u015bci na starcie<\/strong><br><a aria-label=\"undefined (opens in a new tab)\" href=\"https:\/\/zielonalinia.gov.pl\/jak-zalozyc-firme-46362\" target=\"_blank\" rel=\"noreferrer noopener\">Jak za\u0142o\u017cy\u0107 firm\u0119?<\/a><br><a aria-label=\"undefined (opens in a new tab)\" href=\"https:\/\/zielonalinia.gov.pl\/zrodla-finansowania-dzialalnosci-gospodarczej-46363\" target=\"_blank\" rel=\"noreferrer noopener\">\u0179r\u00f3d\u0142a finansowania dzia\u0142alno\u015bci gospodarczej<\/a><br><a aria-label=\"undefined (opens in a new tab)\" href=\"https:\/\/zielonalinia.gov.pl\/pozyczka-na-podjecie-dzialalnosci-gospodarczej-46371\" target=\"_blank\" rel=\"noreferrer noopener\">Po\u017cyczka na podj\u0119cie dzia\u0142alno\u015bci gospodarczej<\/a><br><a aria-label=\"undefined (opens in a new tab)\" href=\"https:\/\/zielonalinia.gov.pl\/zrodla-finansowania-dzialalnosci-gospodarczej-dla-osob-niepelnosprawnych-46372\" target=\"_blank\" rel=\"noreferrer noopener\">\u0179r\u00f3d\u0142a finansowania dzia\u0142alno\u015bci gospodarczej dla os\u00f3b niepe\u0142nosprawnych<\/a><\/p>\n\n\n\n<p><strong>Bie\u017c\u0105ce prowadzenie firmy<\/strong><br><a aria-label=\"undefined (opens in a new tab)\" href=\"https:\/\/zielonalinia.gov.pl\/dzialalnosc-gospodarcza-a-zus-46378\" target=\"_blank\" rel=\"noreferrer noopener\">Dzia\u0142alno\u015b\u0107 gospodarcza a ZUS<\/a><br><a aria-label=\"undefined (opens in a new tab)\" href=\"https:\/\/zielonalinia.gov.pl\/krus-czy-zus-czyli-rolnik-z-dzialalnoscia-46381\" target=\"_blank\" rel=\"noreferrer noopener\">KRUS czy ZUS, czyli rolnik z dzia\u0142alno\u015bci\u0105<\/a><br><a href=\"https:\/\/zielonalinia.gov.pl\/zasilek-chorobowy-dla-przedsiebiorcy-46382\">Zasi\u0142ek chorobowy dla przedsi\u0119biorcy<\/a><br><a aria-label=\"undefined (opens in a new tab)\" href=\"https:\/\/zielonalinia.gov.pl\/zasilek-macierzynski-dla-przedsiebiorcy-46386\" target=\"_blank\" rel=\"noreferrer noopener\">Zasi\u0142ek macierzy\u0144ski dla przedsi\u0119biorcy<\/a><br><a aria-label=\"undefined (opens in a new tab)\" href=\"https:\/\/zielonalinia.gov.pl\/wychowawczy-takze-dla-przedsiebiorcow-46385\" target=\"_blank\" rel=\"noreferrer noopener\">Wychowawczy tak\u017ce dla przedsi\u0119biorc\u00f3w<\/a><br><a aria-label=\"undefined (opens in a new tab)\" href=\"https:\/\/zielonalinia.gov.pl\/zawieszenie-dzialalnosci-gospodarczej-46389\" target=\"_blank\" rel=\"noreferrer noopener\">Zawieszenie dzia\u0142alno\u015bci gospodarczej<\/a><\/p>\n\n\n\n<p><strong>Ko\u0144czenie dzia\u0142alno\u015bci gospodarczej<\/strong><br><a aria-label=\"undefined (opens in a new tab)\" href=\"https:\/\/zielonalinia.gov.pl\/zamkniecie-dzialalnosci-gospodarczej-46367\" target=\"_blank\" rel=\"noreferrer noopener\">Zamkni\u0119cie dzia\u0142alno\u015bci gospodarczej<\/a><\/p>\n\n\n\n<p>\u0179r\u00f3d\u0142o: http:\/\/zielonalinia.gov.pl\/ <\/p>\n","protected":false},"excerpt":{"rendered":"<p>W\u0142asna firma bywa recept\u0105 na bezrobocie, ale te\u017c szans\u0105 na rozw\u00f3j i spe\u0142nienie w\u0142asnych marze\u0144. Warto przeczyta\u0107, sk\u0105d wzi\u0105\u0107 \u015brodki na otwarcie w\u0142asnej dzia\u0142alno\u015bci i dlaczego coraz popularniejszy staje si\u0119 kobiecy biznes. Podsuwamy ciekawe pomys\u0142y na rozw\u00f3j firmy. Formalno\u015bci na starcieJak za\u0142o\u017cy\u0107 firm\u0119?\u0179r\u00f3d\u0142a finansowania dzia\u0142alno\u015bci gospodarczejPo\u017cyczka na podj\u0119cie dzia\u0142alno\u015bci gospodarczej\u0179r\u00f3d\u0142a [\u2026] <\/p>\n<div class=\"clear\"><\/div>\n<p><a class=\"more_link clearfix\" href=\"https:\/\/pans.krosno.pl\/cti\/abc-kariery\/wlasna-firma\/\" rel=\"nofollow\">Read More<\/a><\/p>\n","protected":false},"author":27,"featured_media":0,"parent":25,"menu_order":0,"comment_status":"closed","ping_status":"closed","template":"page-templates\/template-full-width-without-breadcrumbs.php","meta":{"ngg_post_thumbnail":0,"footnotes":""},"class_list":["post-536","page","type-page","status-publish","hentry"],"yoast_head":"<!-- This site is optimized with the Yoast SEO Premium plugin v27.3 (Yoast SEO v27.3) - https:\/\/yoast.com\/product\/yoast-seo-premium-wordpress\/ -->\n<title>W\u0142asna firma - Centrum Technologiczne Inkubator PANS w Kro\u015bnie<\/title>\n<meta name=\"robots\" content=\"index, follow, max-snippet:-1, max-image-preview:large, max-video-preview:-1\" \/>\n<link rel=\"canonical\" href=\"https:\/\/pans.krosno.pl\/cti\/abc-kariery\/wlasna-firma\/\" \/>\n<meta property=\"og:locale\" content=\"pl_PL\" \/>\n<meta property=\"og:type\" content=\"article\" \/>\n<meta property=\"og:title\" content=\"W\u0142asna firma\" \/>\n<meta property=\"og:description\" content=\"W\u0142asna firma bywa recept\u0105 na bezrobocie, ale te\u017c szans\u0105 na rozw\u00f3j i spe\u0142nienie w\u0142asnych marze\u0144. Warto przeczyta\u0107, sk\u0105d wzi\u0105\u0107 \u015brodki na otwarcie w\u0142asnej dzia\u0142alno\u015bci i dlaczego coraz popularniejszy staje si\u0119 kobiecy biznes. Podsuwamy ciekawe pomys\u0142y na rozw\u00f3j firmy. Formalno\u015bci na starcieJak za\u0142o\u017cy\u0107 firm\u0119?\u0179r\u00f3d\u0142a finansowania dzia\u0142alno\u015bci gospodarczejPo\u017cyczka na podj\u0119cie dzia\u0142alno\u015bci gospodarczej\u0179r\u00f3d\u0142a [\u2026] Read More\" \/>\n<meta property=\"og:url\" content=\"https:\/\/pans.krosno.pl\/cti\/abc-kariery\/wlasna-firma\/\" \/>\n<meta property=\"og:site_name\" content=\"Centrum Technologiczne Inkubator PANS w Kro\u015bnie\" \/>\n<meta property=\"article:publisher\" content=\"https:\/\/www.facebook.com\/BKKPUKROSNO\/\" \/>\n<meta property=\"article:modified_time\" content=\"2023-09-20T07:53:28+00:00\" \/>\n<meta property=\"og:image\" content=\"https:\/\/pans.krosno.pl\/cti\/wp-content\/uploads\/sites\/38\/2020\/07\/10653-scaled.jpg\" \/>\n<meta name=\"twitter:card\" content=\"summary_large_image\" \/>\n<meta name=\"twitter:label1\" content=\"Szacowany czas czytania\" \/>\n\t<meta name=\"twitter:data1\" content=\"1 minuta\" \/>\n<script type=\"application\/ld+json\" class=\"yoast-schema-graph\">{\"@context\":\"https:\\\/\\\/schema.org\",\"@graph\":[{\"@type\":\"WebPage\",\"@id\":\"https:\\\/\\\/pans.krosno.pl\\\/cti\\\/abc-kariery\\\/wlasna-firma\\\/\",\"url\":\"https:\\\/\\\/pans.krosno.pl\\\/cti\\\/abc-kariery\\\/wlasna-firma\\\/\",\"name\":\"W\u0142asna firma - Centrum Technologiczne Inkubator PANS w Kro\u015bnie\",\"isPartOf\":{\"@id\":\"https:\\\/\\\/pans.krosno.pl\\\/cti\\\/#website\"},\"primaryImageOfPage\":{\"@id\":\"https:\\\/\\\/pans.krosno.pl\\\/cti\\\/abc-kariery\\\/wlasna-firma\\\/#primaryimage\"},\"image\":{\"@id\":\"https:\\\/\\\/pans.krosno.pl\\\/cti\\\/abc-kariery\\\/wlasna-firma\\\/#primaryimage\"},\"thumbnailUrl\":\"https:\\\/\\\/pans.krosno.pl\\\/cti\\\/wp-content\\\/uploads\\\/sites\\\/38\\\/2020\\\/07\\\/10653-scaled.jpg\",\"datePublished\":\"2020-07-13T08:13:13+00:00\",\"dateModified\":\"2023-09-20T07:53:28+00:00\",\"breadcrumb\":{\"@id\":\"https:\\\/\\\/pans.krosno.pl\\\/cti\\\/abc-kariery\\\/wlasna-firma\\\/#breadcrumb\"},\"inLanguage\":\"pl-PL\",\"potentialAction\":[{\"@type\":\"ReadAction\",\"target\":[\"https:\\\/\\\/pans.krosno.pl\\\/cti\\\/abc-kariery\\\/wlasna-firma\\\/\"]}]},{\"@type\":\"ImageObject\",\"inLanguage\":\"pl-PL\",\"@id\":\"https:\\\/\\\/pans.krosno.pl\\\/cti\\\/abc-kariery\\\/wlasna-firma\\\/#primaryimage\",\"url\":\"https:\\\/\\\/pans.krosno.pl\\\/cti\\\/wp-content\\\/uploads\\\/sites\\\/38\\\/2020\\\/07\\\/10653-scaled.jpg\",\"contentUrl\":\"https:\\\/\\\/pans.krosno.pl\\\/cti\\\/wp-content\\\/uploads\\\/sites\\\/38\\\/2020\\\/07\\\/10653-scaled.jpg\",\"width\":2560,\"height\":1707,\"caption\":\"Businesswoman sitting in desk and work with financial documents company\"},{\"@type\":\"BreadcrumbList\",\"@id\":\"https:\\\/\\\/pans.krosno.pl\\\/cti\\\/abc-kariery\\\/wlasna-firma\\\/#breadcrumb\",\"itemListElement\":[{\"@type\":\"ListItem\",\"position\":1,\"name\":\"Strona g\u0142\u00f3wna\",\"item\":\"https:\\\/\\\/pans.krosno.pl\\\/cti\\\/\"},{\"@type\":\"ListItem\",\"position\":2,\"name\":\"ABC Kariery\",\"item\":\"https:\\\/\\\/pans.krosno.pl\\\/cti\\\/abc-kariery\\\/\"},{\"@type\":\"ListItem\",\"position\":3,\"name\":\"W\u0142asna firma\"}]},{\"@type\":\"WebSite\",\"@id\":\"https:\\\/\\\/pans.krosno.pl\\\/cti\\\/#website\",\"url\":\"https:\\\/\\\/pans.krosno.pl\\\/cti\\\/\",\"name\":\"Biuro Karier\",\"description\":\"Centrum Technologiczne Inkubator - Pa\u0144stwowa Akademia Nauk Stosowanych\",\"publisher\":{\"@id\":\"https:\\\/\\\/pans.krosno.pl\\\/cti\\\/#organization\"},\"potentialAction\":[{\"@type\":\"SearchAction\",\"target\":{\"@type\":\"EntryPoint\",\"urlTemplate\":\"https:\\\/\\\/pans.krosno.pl\\\/cti\\\/?s={search_term_string}\"},\"query-input\":{\"@type\":\"PropertyValueSpecification\",\"valueRequired\":true,\"valueName\":\"search_term_string\"}}],\"inLanguage\":\"pl-PL\"},{\"@type\":\"Organization\",\"@id\":\"https:\\\/\\\/pans.krosno.pl\\\/cti\\\/#organization\",\"name\":\"Biuro Karier - Karpacka Pa\u0144stwowa Uczelnia w Kro\u015bnie\",\"url\":\"https:\\\/\\\/pans.krosno.pl\\\/cti\\\/\",\"logo\":{\"@type\":\"ImageObject\",\"inLanguage\":\"pl-PL\",\"@id\":\"https:\\\/\\\/pans.krosno.pl\\\/cti\\\/#\\\/schema\\\/logo\\\/image\\\/\",\"url\":\"https:\\\/\\\/pans.krosno.pl\\\/bk\\\/wp-content\\\/uploads\\\/sites\\\/38\\\/2020\\\/05\\\/96735643_906333539807912_5732186373989859328_n-1.gif\",\"contentUrl\":\"https:\\\/\\\/pans.krosno.pl\\\/bk\\\/wp-content\\\/uploads\\\/sites\\\/38\\\/2020\\\/05\\\/96735643_906333539807912_5732186373989859328_n-1.gif\",\"width\":762,\"height\":137,\"caption\":\"Biuro Karier - Karpacka Pa\u0144stwowa Uczelnia w Kro\u015bnie\"},\"image\":{\"@id\":\"https:\\\/\\\/pans.krosno.pl\\\/cti\\\/#\\\/schema\\\/logo\\\/image\\\/\"},\"sameAs\":[\"https:\\\/\\\/www.facebook.com\\\/BKKPUKROSNO\\\/\"]}]}<\/script>\n<!-- \/ Yoast SEO Premium plugin. -->","yoast_head_json":{"title":"W\u0142asna firma - Centrum Technologiczne Inkubator PANS w Kro\u015bnie","robots":{"index":"index","follow":"follow","max-snippet":"max-snippet:-1","max-image-preview":"max-image-preview:large","max-video-preview":"max-video-preview:-1"},"canonical":"https:\/\/pans.krosno.pl\/cti\/abc-kariery\/wlasna-firma\/","og_locale":"pl_PL","og_type":"article","og_title":"W\u0142asna firma","og_description":"W\u0142asna firma bywa recept\u0105 na bezrobocie, ale te\u017c szans\u0105 na rozw\u00f3j i spe\u0142nienie w\u0142asnych marze\u0144. Warto przeczyta\u0107, sk\u0105d wzi\u0105\u0107 \u015brodki na otwarcie w\u0142asnej dzia\u0142alno\u015bci i dlaczego coraz popularniejszy staje si\u0119 kobiecy biznes. Podsuwamy ciekawe pomys\u0142y na rozw\u00f3j firmy. Formalno\u015bci na starcieJak za\u0142o\u017cy\u0107 firm\u0119?\u0179r\u00f3d\u0142a finansowania dzia\u0142alno\u015bci gospodarczejPo\u017cyczka na podj\u0119cie dzia\u0142alno\u015bci gospodarczej\u0179r\u00f3d\u0142a [\u2026] Read More","og_url":"https:\/\/pans.krosno.pl\/cti\/abc-kariery\/wlasna-firma\/","og_site_name":"Centrum Technologiczne Inkubator PANS w Kro\u015bnie","article_publisher":"https:\/\/www.facebook.com\/BKKPUKROSNO\/","article_modified_time":"2023-09-20T07:53:28+00:00","og_image":[{"url":"https:\/\/pans.krosno.pl\/cti\/wp-content\/uploads\/sites\/38\/2020\/07\/10653-scaled.jpg","type":"","width":"","height":""}],"twitter_card":"summary_large_image","twitter_misc":{"Szacowany czas czytania":"1 minuta"},"schema":{"@context":"https:\/\/schema.org","@graph":[{"@type":"WebPage","@id":"https:\/\/pans.krosno.pl\/cti\/abc-kariery\/wlasna-firma\/","url":"https:\/\/pans.krosno.pl\/cti\/abc-kariery\/wlasna-firma\/","name":"W\u0142asna firma - Centrum Technologiczne Inkubator PANS w Kro\u015bnie","isPartOf":{"@id":"https:\/\/pans.krosno.pl\/cti\/#website"},"primaryImageOfPage":{"@id":"https:\/\/pans.krosno.pl\/cti\/abc-kariery\/wlasna-firma\/#primaryimage"},"image":{"@id":"https:\/\/pans.krosno.pl\/cti\/abc-kariery\/wlasna-firma\/#primaryimage"},"thumbnailUrl":"https:\/\/pans.krosno.pl\/cti\/wp-content\/uploads\/sites\/38\/2020\/07\/10653-scaled.jpg","datePublished":"2020-07-13T08:13:13+00:00","dateModified":"2023-09-20T07:53:28+00:00","breadcrumb":{"@id":"https:\/\/pans.krosno.pl\/cti\/abc-kariery\/wlasna-firma\/#breadcrumb"},"inLanguage":"pl-PL","potentialAction":[{"@type":"ReadAction","target":["https:\/\/pans.krosno.pl\/cti\/abc-kariery\/wlasna-firma\/"]}]},{"@type":"ImageObject","inLanguage":"pl-PL","@id":"https:\/\/pans.krosno.pl\/cti\/abc-kariery\/wlasna-firma\/#primaryimage","url":"https:\/\/pans.krosno.pl\/cti\/wp-content\/uploads\/sites\/38\/2020\/07\/10653-scaled.jpg","contentUrl":"https:\/\/pans.krosno.pl\/cti\/wp-content\/uploads\/sites\/38\/2020\/07\/10653-scaled.jpg","width":2560,"height":1707,"caption":"Businesswoman sitting in desk and work with financial documents company"},{"@type":"BreadcrumbList","@id":"https:\/\/pans.krosno.pl\/cti\/abc-kariery\/wlasna-firma\/#breadcrumb","itemListElement":[{"@type":"ListItem","position":1,"name":"Strona g\u0142\u00f3wna","item":"https:\/\/pans.krosno.pl\/cti\/"},{"@type":"ListItem","position":2,"name":"ABC Kariery","item":"https:\/\/pans.krosno.pl\/cti\/abc-kariery\/"},{"@type":"ListItem","position":3,"name":"W\u0142asna firma"}]},{"@type":"WebSite","@id":"https:\/\/pans.krosno.pl\/cti\/#website","url":"https:\/\/pans.krosno.pl\/cti\/","name":"Biuro Karier","description":"Centrum Technologiczne Inkubator - Pa\u0144stwowa Akademia Nauk Stosowanych","publisher":{"@id":"https:\/\/pans.krosno.pl\/cti\/#organization"},"potentialAction":[{"@type":"SearchAction","target":{"@type":"EntryPoint","urlTemplate":"https:\/\/pans.krosno.pl\/cti\/?s={search_term_string}"},"query-input":{"@type":"PropertyValueSpecification","valueRequired":true,"valueName":"search_term_string"}}],"inLanguage":"pl-PL"},{"@type":"Organization","@id":"https:\/\/pans.krosno.pl\/cti\/#organization","name":"Biuro Karier - Karpacka Pa\u0144stwowa Uczelnia w Kro\u015bnie","url":"https:\/\/pans.krosno.pl\/cti\/","logo":{"@type":"ImageObject","inLanguage":"pl-PL","@id":"https:\/\/pans.krosno.pl\/cti\/#\/schema\/logo\/image\/","url":"https:\/\/pans.krosno.pl\/bk\/wp-content\/uploads\/sites\/38\/2020\/05\/96735643_906333539807912_5732186373989859328_n-1.gif","contentUrl":"https:\/\/pans.krosno.pl\/bk\/wp-content\/uploads\/sites\/38\/2020\/05\/96735643_906333539807912_5732186373989859328_n-1.gif","width":762,"height":137,"caption":"Biuro Karier - Karpacka Pa\u0144stwowa Uczelnia w Kro\u015bnie"},"image":{"@id":"https:\/\/pans.krosno.pl\/cti\/#\/schema\/logo\/image\/"},"sameAs":["https:\/\/www.facebook.com\/BKKPUKROSNO\/"]}]}},"_links":{"self":[{"href":"https:\/\/pans.krosno.pl\/cti\/wp-json\/wp\/v2\/pages\/536","targetHints":{"allow":["GET"]}}],"collection":[{"href":"https:\/\/pans.krosno.pl\/cti\/wp-json\/wp\/v2\/pages"}],"about":[{"href":"https:\/\/pans.krosno.pl\/cti\/wp-json\/wp\/v2\/types\/page"}],"author":[{"embeddable":true,"href":"https:\/\/pans.krosno.pl\/cti\/wp-json\/wp\/v2\/users\/27"}],"replies":[{"embeddable":true,"href":"https:\/\/pans.krosno.pl\/cti\/wp-json\/wp\/v2\/comments?post=536"}],"version-history":[{"count":8,"href":"https:\/\/pans.krosno.pl\/cti\/wp-json\/wp\/v2\/pages\/536\/revisions"}],"predecessor-version":[{"id":5012,"href":"https:\/\/pans.krosno.pl\/cti\/wp-json\/wp\/v2\/pages\/536\/revisions\/5012"}],"up":[{"embeddable":true,"href":"https:\/\/pans.krosno.pl\/cti\/wp-json\/wp\/v2\/pages\/25"}],"wp:attachment":[{"href":"https:\/\/pans.krosno.pl\/cti\/wp-json\/wp\/v2\/media?parent=536"}],"curies":[{"name":"wp","href":"https:\/\/api.w.org\/{rel}","templated":true}]}}