{"id":5326,"date":"2024-01-09T11:34:30","date_gmt":"2024-01-09T10:34:30","guid":{"rendered":"https:\/\/pans.krosno.pl\/cti\/?page_id=5326"},"modified":"2025-01-08T09:28:00","modified_gmt":"2025-01-08T08:28:00","slug":"seminarium-branzowe","status":"publish","type":"page","link":"https:\/\/pans.krosno.pl\/cti\/targi-pracy-2024\/seminarium-branzowe\/","title":{"rendered":"Seminarium bran\u017cowe 2024"},"content":{"rendered":"<p>Partner merytoryczny:<\/p>\n<p><img loading=\"lazy\" decoding=\"async\" class=\"alignnone size-medium wp-image-2839\" src=\"https:\/\/pans.krosno.pl\/cti\/wp-content\/uploads\/sites\/38\/2020\/11\/Kro\u015bnie\u0144ski-Holding-Komunalny-300x101.png\" alt=\"\" width=\"300\" height=\"101\" srcset=\"https:\/\/pans.krosno.pl\/cti\/wp-content\/uploads\/sites\/38\/2020\/11\/Kro\u015bnie\u0144ski-Holding-Komunalny-300x101.png 300w, https:\/\/pans.krosno.pl\/cti\/wp-content\/uploads\/sites\/38\/2020\/11\/Kro\u015bnie\u0144ski-Holding-Komunalny.png 387w\" sizes=\"auto, (max-width: 300px) 100vw, 300px\" \/><\/p>\n<p><strong>Seminarium bran\u017cowe pn. <\/strong><strong><em>Gospodarka obiegu zamkni\u0119tego &#8211; wyb\u00f3r czy wym\u00f3g?<br><\/em><\/strong><\/p>\n<p>Termin: 8 marca 2024 r.<br>Miejsce: PANS w Kro\u015bnie, ul. Wyspia\u0144skiego 20, aula 108B<\/p>\n\n\n<hr class=\"wp-block-separator has-alpha-channel-opacity\" \/>\n\n\n<p><strong>PROGRAM<\/strong><\/p>\n<p><strong>&nbsp;9.30 &#8211; 10.00<\/strong>&nbsp; Otwarcie XI Targ\u00f3w Pracy PANS w Kro\u015bnie \/hala sportowa\/<\/p>\n<p><strong>10.00 &#8211; 10.10&nbsp; <\/strong>Otwarcie Seminarium bran\u017cowego \/aula 108B\/<\/p>\n<p><strong>10.10 \u2013 10.40 &nbsp;&nbsp;<br><\/strong><strong><em>Zintegrowany system odpadowo-energetyczny w regionie po\u0142udniowym wojew\u00f3dztwa podkarpackiego<\/em><\/strong> <strong><em><br><\/em><\/strong>Janusz Fic &#8211; Prezes MPGK &#8211; Kro\u015bnie\u0144skiego Holdingu Komunalnego<\/p>\n<p><strong>10.40 &#8211; 11<\/strong>.<strong>00 <\/strong>&nbsp;&nbsp;<br><strong><em>FIXIT SA &#8211; Jak wykorzysta\u0107 Gospodark\u0119 Obiegu Zamkni\u0119tego, aby tworzy\u0107 warto\u015b\u0107 dla biznesu<\/em><\/strong><strong><em><br><\/em><\/strong>Pawe\u0142 Miko\u0142ajczyk &#8211; Sustainable Experience Strategist&nbsp;, FIXIT S.A.<\/p>\n<p><strong>11.00- 11.15<\/strong> Przerwa kawowa<\/p>\n<p><strong>11.15 &#8211; 11.35<\/strong> &nbsp;&nbsp;<br><strong><em>Ekoprojektowanie &#8211; Nowy Styl na drodze do wdro\u017cenia GOZ<\/em><\/strong><em><br><\/em>Adrianna Kobylak &#8211; Specjalista ds. System\u00f3w Zarz\u0105dzania, Nowy Styl<br>Jacek Moskal &#8211; Kierownik Dzia\u0142u Rozwoju Proces\u00f3w i Technologii w ramach Centrum Badawczo-Rozwojowego<\/p>\n<p><strong>11.35 \u2013 11.55 <\/strong>&nbsp;&nbsp;<br><strong><em>Tworzywa kompostowalne w GOZ<br><\/em><\/strong>dr Tomasz W\u0119sierski &#8211; Dyrektor Centrum Wdro\u017ceniowego Grupy Azoty S.A.<\/p>\n<p><strong>11.55 &#8211; 12.15<br><\/strong><strong><em>Gospodarka w obiegu zamkni\u0119tym a bran\u017ca sanitarna<\/em><\/strong><strong><em><br><\/em><\/strong>dr in\u017c. Pawe\u0142 Nycz &#8211; Pracownik naukowy Uniwersytetu w Loughborough, Departamentu System\u00f3w i Technologii Energii Odnawialnej (CREST). Absolwent kierunku In\u017cynieria \u015brodowiska PANS w Kro\u015bnie.<\/p>\n<p><strong>12.15<\/strong> Lunch<\/p>\n\n\n<hr class=\"wp-block-separator has-alpha-channel-opacity\" \/>\n\n\n\n<h2 class=\"wp-block-heading has-text-align-center\" id=\"h-rejestracja-na-seminarium-branzowe\"><a href=\"https:\/\/ankiety.pans.krosno.pl\/index.php?r=survey\/index&amp;sid=212965&amp;lang=pl\">Rejestracja na seminarium bran\u017cowe<\/a><\/h2>\n\n\n\n<p>Partnerzy seminarium:<\/p>\n\n\n\n<div class=\"wp-block-columns is-layout-flex wp-container-core-columns-is-layout-28f84493 wp-block-columns-is-layout-flex\">\n<div class=\"wp-block-column is-vertically-aligned-center is-layout-flow wp-block-column-is-layout-flow\">\n<figure class=\"wp-block-image aligncenter size-large\"><img loading=\"lazy\" decoding=\"async\" width=\"1024\" height=\"395\" src=\"https:\/\/pans.krosno.pl\/cti\/wp-content\/uploads\/sites\/38\/2021\/05\/Nowy-Styl_logo-1024x395.png\" alt=\"\" class=\"wp-image-3008\" srcset=\"https:\/\/pans.krosno.pl\/cti\/wp-content\/uploads\/sites\/38\/2021\/05\/Nowy-Styl_logo-1024x395.png 1024w, https:\/\/pans.krosno.pl\/cti\/wp-content\/uploads\/sites\/38\/2021\/05\/Nowy-Styl_logo-300x116.png 300w, https:\/\/pans.krosno.pl\/cti\/wp-content\/uploads\/sites\/38\/2021\/05\/Nowy-Styl_logo-768x296.png 768w, https:\/\/pans.krosno.pl\/cti\/wp-content\/uploads\/sites\/38\/2021\/05\/Nowy-Styl_logo-1536x592.png 1536w, https:\/\/pans.krosno.pl\/cti\/wp-content\/uploads\/sites\/38\/2021\/05\/Nowy-Styl_logo-800x308.png 800w, https:\/\/pans.krosno.pl\/cti\/wp-content\/uploads\/sites\/38\/2021\/05\/Nowy-Styl_logo-580x224.png 580w, https:\/\/pans.krosno.pl\/cti\/wp-content\/uploads\/sites\/38\/2021\/05\/Nowy-Styl_logo-1170x450.png 1170w, https:\/\/pans.krosno.pl\/cti\/wp-content\/uploads\/sites\/38\/2021\/05\/Nowy-Styl_logo.png 1772w\" sizes=\"auto, (max-width: 1024px) 100vw, 1024px\" \/><\/figure>\n<\/div>\n\n\n\n<div class=\"wp-block-column is-vertically-aligned-center is-layout-flow wp-block-column-is-layout-flow\">\n<figure class=\"wp-block-image size-full is-resized\"><img loading=\"lazy\" decoding=\"async\" src=\"https:\/\/pans.krosno.pl\/cti\/wp-content\/uploads\/sites\/38\/2023\/02\/FIXIT_NOWE_24.05.21.jpg\" alt=\"\" class=\"wp-image-4226\" width=\"142\" height=\"142\" srcset=\"https:\/\/pans.krosno.pl\/cti\/wp-content\/uploads\/sites\/38\/2023\/02\/FIXIT_NOWE_24.05.21.jpg 200w, https:\/\/pans.krosno.pl\/cti\/wp-content\/uploads\/sites\/38\/2023\/02\/FIXIT_NOWE_24.05.21-150x150.jpg 150w, https:\/\/pans.krosno.pl\/cti\/wp-content\/uploads\/sites\/38\/2023\/02\/FIXIT_NOWE_24.05.21-12x12.jpg 12w\" sizes=\"auto, (max-width: 142px) 100vw, 142px\" \/><\/figure>\n<\/div>\n\n\n\n<div class=\"wp-block-column is-vertically-aligned-center is-layout-flow wp-block-column-is-layout-flow\">\n<figure class=\"wp-block-image aligncenter size-full\"><img loading=\"lazy\" decoding=\"async\" width=\"225\" height=\"225\" src=\"https:\/\/pans.krosno.pl\/cti\/wp-content\/uploads\/sites\/38\/2024\/02\/Azoty.png\" alt=\"\" class=\"wp-image-5523\" srcset=\"https:\/\/pans.krosno.pl\/cti\/wp-content\/uploads\/sites\/38\/2024\/02\/Azoty.png 225w, https:\/\/pans.krosno.pl\/cti\/wp-content\/uploads\/sites\/38\/2024\/02\/Azoty-150x150.png 150w\" sizes=\"auto, (max-width: 225px) 100vw, 225px\" \/><\/figure>\n<\/div>\n\n\n\n<div class=\"wp-block-column is-vertically-aligned-center is-layout-flow wp-block-column-is-layout-flow\">\n<figure class=\"wp-block-image aligncenter size-full\"><img loading=\"lazy\" decoding=\"async\" width=\"898\" height=\"324\" src=\"https:\/\/pans.krosno.pl\/cti\/wp-content\/uploads\/sites\/38\/2024\/02\/LU_A4_RGB-1.png\" alt=\"\" class=\"wp-image-5524\" srcset=\"https:\/\/pans.krosno.pl\/cti\/wp-content\/uploads\/sites\/38\/2024\/02\/LU_A4_RGB-1.png 898w, https:\/\/pans.krosno.pl\/cti\/wp-content\/uploads\/sites\/38\/2024\/02\/LU_A4_RGB-1-300x108.png 300w, https:\/\/pans.krosno.pl\/cti\/wp-content\/uploads\/sites\/38\/2024\/02\/LU_A4_RGB-1-768x277.png 768w, https:\/\/pans.krosno.pl\/cti\/wp-content\/uploads\/sites\/38\/2024\/02\/LU_A4_RGB-1-800x289.png 800w, https:\/\/pans.krosno.pl\/cti\/wp-content\/uploads\/sites\/38\/2024\/02\/LU_A4_RGB-1-580x209.png 580w\" sizes=\"auto, (max-width: 898px) 100vw, 898px\" \/><\/figure>\n<\/div>\n<\/div>\n\n\n\n<hr class=\"wp-block-separator has-alpha-channel-opacity\" \/>\n\n\n<p><strong>Sylwetki Prelegent\u00f3w:<\/strong><\/p>\n<p><strong>Janusz Fic<\/strong> &#8211; Prezes Zarz\u0105du Miejskiego Przedsi\u0119biorstwa Gospodarki Komunalnej -Kro\u015bnie\u0144skiego Holdingu Komunalnego Sp\u00f3\u0142ki z ograniczon\u0105 odpowiedzialno\u015bci\u0105. Absolwent Akademii G\u00f3rniczo-Hutniczej w Krakowie \u2013 Zarz\u0105dzanie i Marketing (1994) oraz Executive Master of Business Administration Instytutu Nauk Ekonomicznych Polskiej Akademii Nauk (2015). Pe\u0142ni funkcj\u0119 Prezesa Zarz\u0105du Miejskiego Przedsi\u0119biorstwa Gospodarki Komunalnej \u2013 Kro\u015bnie\u0144skiego Holdingu Komunalnego Sp\u00f3\u0142ki z ograniczon\u0105 odpowiedzialno\u015bci\u0105 (od 2004). Posiada wieloletnie do\u015bwiadczenie w bran\u017cy komunalnej, z kt\u00f3r\u0105 zwi\u0105zany jest od 1999 r. W 2009 r. uzyska\u0142 certyfikat Ministerstwa \u015arodowiska na pe\u0142nienie funkcji Pe\u0142nomocnika ds. Realizacji Projektu (Measure Autorising Officer \u2013 MAO). Posiada certyfikat Ministra Skarbu Pa\u0144stwa na pe\u0142nienie funkcji cz\u0142onka w radach nadzorczych sp\u00f3\u0142ek Skarbu Pa\u0144stwa. Aktualnie pe\u0142ni funkcje: &#8211; Przewodnicz\u0105cego Rady Uczelni Karpackiej Pa\u0144stwowej Uczelni w Kro\u015bnie; &#8211; Przewodnicz\u0105cego Rady Nadzorczej CDS Sp. z o.o. w Kro\u015bnie; &#8211; Cz\u0142onka Rady Nadzorczej Remondis KROeko Sp. z o.o. z siedzib\u0105 w Kro\u015bnie. Prelegent na licznych konferencjach po\u015bwi\u0119conych bran\u017cy komunalnej, specjalizuj\u0105cy si\u0119 w tematyce gospodarki o obiegu zamkni\u0119tym oraz transformacji ciep\u0142owniczej. Uhonorowany tytu\u0142em Dyrektora Roku 2021 Zak\u0142adu Oczyszczania Miasta.<\/p>\n<p><strong>Dr in\u017c. Pawe\u0142 Nycz<\/strong> to profesjonalista o wszechstronnym do\u015bwiadczeniu, \u0142\u0105cz\u0105cy wiedz\u0119 techniczn\u0105 z umiej\u0119tno\u015bciami interpersonalnymi sprzyjaj\u0105cymi wsp\u00f3\u0142pracy mi\u0119dzy sektorem akademickim a biznesem. Posiada stopie\u0144 doktora w dziedzinie In\u017cynierii Mechanicznej i Termicznej uzyskany na Uniwersytecie Loughborough, oraz certyfikacje In\u017cyniera Uprawnionego wydane przez Engineering Council oraz Institution of Mechanical Engineers. Jest r\u00f3wnie\u017c cz\u0142onkiem Chartered Institution of Building Services Engineers. Przez wiele lat kariery pracowa\u0142 w r\u00f3\u017cnych rolach, w tym jako kierownik projekt\u00f3w technicznych i handlowych. Dzi\u0119ki umiej\u0119tno\u015bciom zarz\u0105dzania projektami HVAC o znacz\u0105cej warto\u015bci, zdoby\u0142 do\u015bwiadczenie w prowadzeniu mi\u0119dzynarodowych projekt\u00f3w. Aktualnie skupia si\u0119 na rozwijaniu system\u00f3w magazynowania, transportu i odzysku energii cieplnej, zar\u00f3wno dla zastosowa\u0144 przemys\u0142owych, jak i kosmicznych. Jego praca obejmuje tak\u017ce opracowywanie innowacyjnych system\u00f3w przechowywania energii cieplnej w materia\u0142ach zmiennej fazy oraz w reakcjach termochemicznych. Wi\u0119cej informacji mo\u017cna znale\u017a\u0107 na moim profilu LinkedIn: <a href=\"http:\/\/www.linkedin.com\/in\/pawel-nycz\">www.linkedin.com\/in\/pawel-nycz<\/a><\/p>\n<p><strong>Adrianna Kobylak <\/strong>&#8211; Specjalista ds. System\u00f3w Zarz\u0105dzania. W Nowym Stylu od 10 lat. Odpowiada za wdro\u017cenia i utrzymanie funkcjonowania system\u00f3w zarz\u0105dzania organizacj\u0105 opartych na wymaganiach norm ISO 9001, 14001, 14006, 45001 oraz FSC w Nowym Stylu i zale\u017cnych sp\u00f3\u0142kach zagranicznych. Posiada wieloletnie do\u015bwiadczenie wsp\u00f3\u0142pracy z jednostkami certyfikuj\u0105cymi oraz jako audytor wewn\u0119trzny.<\/p>\n<p><strong>Jacek Moskal<\/strong> &#8211; Kierownik Dzia\u0142u Rozwoju Proces\u00f3w i Technologii w ramach Centrum Badawczo &#8211; Rozwojowego. W Nowy Styl od ponad 20 lat. Posiada wieloletnie do\u015bwiadczenie zwi\u0105zane z organizacj\u0105 i zarz\u0105dzaniem produkcj\u0105. Od kilku lat odpowiada za r\u00f3\u017cnorodne projekty optymalizacji i rozwoju proces\u00f3w, cz\u0119sto realizowane w skali makro na poziomie r\u00f3\u017cnych jednostek organizacyjnych firmy.<\/p>\n<p><strong>Pawe\u0142 Miko\u0142ajczyk<\/strong><em> &#8211; <\/em>Strateg, projektant i badacz. W FIXIT SA odpowiedzialny jest za realizacj\u0119 strategii Circular Economy i Customer Experience. W swojej pracy korzysta z my\u015blenia systemowego, aby wprowadza\u0107 bardziej warto\u015bciowe produkty i us\u0142ugi oparte na zr\u00f3wnowa\u017conym rozwoju oraz innowacjach. Studiowa\u0142 projektowanie na Uniwersytecie Artystycznym w Poznaniu oraz na Uniwersytecie Shih Chien w Tajpej. Wsp\u00f3\u0142tworzy think tank CircularDesign.pl. Wsp\u00f3\u0142pracuje ze studiem strategiczno-projektowym Change Pilots. Jest koordynatorem programowym konferencji DtB Sustainability Summit i wsp\u00f3\u0142autorem raportu \u201cZr\u00f3wnowa\u017cone projektowanie w biznesie &#8211; przegl\u0105d inicjatyw i trend\u00f3w\u201d dla PARP. Dobrze odnajduje si\u0119 w projektach opartych na kokreacji oraz w pracy na styku biznesu z dizajnem.<\/p>\n<p><strong>dr Tomasz W\u0119sierski<\/strong> &#8211; Dyrektor Centrum Wdro\u017ceniowego Grupy Azoty S.A. odpowiedzialny za weryfikacj\u0119 i wdro\u017cenie wynik\u00f3w prac badawczych na rynku. Doktor biochemii, menad\u017cer z bogatym do\u015bwiadczeniem badawczym i biznesowym w bran\u017cy laboratoryjnej. Obszar ekspercki obejmuje mi\u0119dzy innymi zarz\u0105dzanie organizacj\u0105, rozw\u00f3j biznesu, komercjalizacj\u0119 nowych rozwi\u0105za\u0144, jak r\u00f3wnie\u017c gam\u0119 zagadnie\u0144 dotycz\u0105cych szeroko poj\u0119tej bran\u017cy laboratoryjnej.<br>Prywatnie interesuje si\u0119 badaniami kosmosu, naukami przyrodniczymi, fotografuje.<\/p>\n<p>&nbsp;<\/p>","protected":false},"excerpt":{"rendered":"<p>Partner merytoryczny: Seminarium bran\u017cowe pn. Gospodarka obiegu zamkni\u0119tego &#8211; wyb\u00f3r czy wym\u00f3g? Termin: 8 marca 2024 r.Miejsce: PANS w Kro\u015bnie, ul. Wyspia\u0144skiego 20, aula 108B PROGRAM &nbsp;9.30 &#8211; 10.00&nbsp; Otwarcie XI Targ\u00f3w Pracy PANS w Kro\u015bnie \/hala sportowa\/ 10.00 &#8211; 10.10&nbsp; Otwarcie Seminarium bran\u017cowego \/aula 108B\/ 10.10 \u2013 10.40 &nbsp;&nbsp;Zintegrowany [\u2026] <\/p>\n<div class=\"clear\"><\/div>\n<p><a class=\"more_link clearfix\" href=\"https:\/\/pans.krosno.pl\/cti\/targi-pracy-2024\/seminarium-branzowe\/\" rel=\"nofollow\">Read More<\/a><\/p>\n","protected":false},"author":27,"featured_media":0,"parent":5305,"menu_order":0,"comment_status":"closed","ping_status":"closed","template":"page-templates\/template-full-width.php","meta":{"ngg_post_thumbnail":0,"footnotes":""},"class_list":["post-5326","page","type-page","status-publish","hentry"],"yoast_head":"<!-- This site is optimized with the Yoast SEO Premium plugin v27.3 (Yoast SEO v27.3) - https:\/\/yoast.com\/product\/yoast-seo-premium-wordpress\/ -->\n<title>Seminarium bran\u017cowe 2024 - Centrum Technologiczne Inkubator PANS w Kro\u015bnie<\/title>\n<meta name=\"robots\" content=\"index, follow, max-snippet:-1, max-image-preview:large, max-video-preview:-1\" \/>\n<link rel=\"canonical\" href=\"https:\/\/pans.krosno.pl\/cti\/targi-pracy-2024\/seminarium-branzowe\/\" \/>\n<meta property=\"og:locale\" content=\"pl_PL\" \/>\n<meta property=\"og:type\" content=\"article\" \/>\n<meta property=\"og:title\" content=\"Seminarium bran\u017cowe 2024\" \/>\n<meta property=\"og:description\" content=\"Partner merytoryczny: Seminarium bran\u017cowe pn. Gospodarka obiegu zamkni\u0119tego &#8211; wyb\u00f3r czy wym\u00f3g? Termin: 8 marca 2024 r.Miejsce: PANS w Kro\u015bnie, ul. Wyspia\u0144skiego 20, aula 108B PROGRAM &nbsp;9.30 &#8211; 10.00&nbsp; Otwarcie XI Targ\u00f3w Pracy PANS w Kro\u015bnie \/hala sportowa\/ 10.00 &#8211; 10.10&nbsp; Otwarcie Seminarium bran\u017cowego \/aula 108B\/ 10.10 \u2013 10.40 &nbsp;&nbsp;Zintegrowany [\u2026] Read More\" \/>\n<meta property=\"og:url\" content=\"https:\/\/pans.krosno.pl\/cti\/targi-pracy-2024\/seminarium-branzowe\/\" \/>\n<meta property=\"og:site_name\" content=\"Centrum Technologiczne Inkubator PANS w Kro\u015bnie\" \/>\n<meta property=\"article:publisher\" content=\"https:\/\/www.facebook.com\/BKKPUKROSNO\/\" \/>\n<meta property=\"article:modified_time\" content=\"2025-01-08T08:28:00+00:00\" \/>\n<meta property=\"og:image\" content=\"https:\/\/pans.krosno.pl\/cti\/wp-content\/uploads\/sites\/38\/2021\/05\/Nowy-Styl_logo-1024x395.png\" \/>\n<meta name=\"twitter:card\" content=\"summary_large_image\" \/>\n<meta name=\"twitter:label1\" content=\"Szacowany czas czytania\" \/>\n\t<meta name=\"twitter:data1\" content=\"6 minut\" \/>\n<script type=\"application\/ld+json\" class=\"yoast-schema-graph\">{\"@context\":\"https:\\\/\\\/schema.org\",\"@graph\":[{\"@type\":\"WebPage\",\"@id\":\"https:\\\/\\\/pans.krosno.pl\\\/cti\\\/targi-pracy-2024\\\/seminarium-branzowe\\\/\",\"url\":\"https:\\\/\\\/pans.krosno.pl\\\/cti\\\/targi-pracy-2024\\\/seminarium-branzowe\\\/\",\"name\":\"Seminarium bran\u017cowe 2024 - Centrum Technologiczne Inkubator PANS w Kro\u015bnie\",\"isPartOf\":{\"@id\":\"https:\\\/\\\/pans.krosno.pl\\\/cti\\\/#website\"},\"primaryImageOfPage\":{\"@id\":\"https:\\\/\\\/pans.krosno.pl\\\/cti\\\/targi-pracy-2024\\\/seminarium-branzowe\\\/#primaryimage\"},\"image\":{\"@id\":\"https:\\\/\\\/pans.krosno.pl\\\/cti\\\/targi-pracy-2024\\\/seminarium-branzowe\\\/#primaryimage\"},\"thumbnailUrl\":\"https:\\\/\\\/pans.krosno.pl\\\/cti\\\/wp-content\\\/uploads\\\/sites\\\/38\\\/2021\\\/05\\\/Nowy-Styl_logo-1024x395.png\",\"datePublished\":\"2024-01-09T10:34:30+00:00\",\"dateModified\":\"2025-01-08T08:28:00+00:00\",\"breadcrumb\":{\"@id\":\"https:\\\/\\\/pans.krosno.pl\\\/cti\\\/targi-pracy-2024\\\/seminarium-branzowe\\\/#breadcrumb\"},\"inLanguage\":\"pl-PL\",\"potentialAction\":[{\"@type\":\"ReadAction\",\"target\":[\"https:\\\/\\\/pans.krosno.pl\\\/cti\\\/targi-pracy-2024\\\/seminarium-branzowe\\\/\"]}]},{\"@type\":\"ImageObject\",\"inLanguage\":\"pl-PL\",\"@id\":\"https:\\\/\\\/pans.krosno.pl\\\/cti\\\/targi-pracy-2024\\\/seminarium-branzowe\\\/#primaryimage\",\"url\":\"https:\\\/\\\/pans.krosno.pl\\\/cti\\\/wp-content\\\/uploads\\\/sites\\\/38\\\/2021\\\/05\\\/Nowy-Styl_logo.png\",\"contentUrl\":\"https:\\\/\\\/pans.krosno.pl\\\/cti\\\/wp-content\\\/uploads\\\/sites\\\/38\\\/2021\\\/05\\\/Nowy-Styl_logo.png\",\"width\":1772,\"height\":683},{\"@type\":\"BreadcrumbList\",\"@id\":\"https:\\\/\\\/pans.krosno.pl\\\/cti\\\/targi-pracy-2024\\\/seminarium-branzowe\\\/#breadcrumb\",\"itemListElement\":[{\"@type\":\"ListItem\",\"position\":1,\"name\":\"Strona g\u0142\u00f3wna\",\"item\":\"https:\\\/\\\/pans.krosno.pl\\\/cti\\\/\"},{\"@type\":\"ListItem\",\"position\":2,\"name\":\"Targi Pracy 2024\",\"item\":\"https:\\\/\\\/pans.krosno.pl\\\/cti\\\/targi-pracy-2024\\\/\"},{\"@type\":\"ListItem\",\"position\":3,\"name\":\"Seminarium bran\u017cowe 2024\"}]},{\"@type\":\"WebSite\",\"@id\":\"https:\\\/\\\/pans.krosno.pl\\\/cti\\\/#website\",\"url\":\"https:\\\/\\\/pans.krosno.pl\\\/cti\\\/\",\"name\":\"Biuro Karier\",\"description\":\"Centrum Technologiczne Inkubator - Pa\u0144stwowa Akademia Nauk Stosowanych\",\"publisher\":{\"@id\":\"https:\\\/\\\/pans.krosno.pl\\\/cti\\\/#organization\"},\"potentialAction\":[{\"@type\":\"SearchAction\",\"target\":{\"@type\":\"EntryPoint\",\"urlTemplate\":\"https:\\\/\\\/pans.krosno.pl\\\/cti\\\/?s={search_term_string}\"},\"query-input\":{\"@type\":\"PropertyValueSpecification\",\"valueRequired\":true,\"valueName\":\"search_term_string\"}}],\"inLanguage\":\"pl-PL\"},{\"@type\":\"Organization\",\"@id\":\"https:\\\/\\\/pans.krosno.pl\\\/cti\\\/#organization\",\"name\":\"Biuro Karier - Karpacka Pa\u0144stwowa Uczelnia w Kro\u015bnie\",\"url\":\"https:\\\/\\\/pans.krosno.pl\\\/cti\\\/\",\"logo\":{\"@type\":\"ImageObject\",\"inLanguage\":\"pl-PL\",\"@id\":\"https:\\\/\\\/pans.krosno.pl\\\/cti\\\/#\\\/schema\\\/logo\\\/image\\\/\",\"url\":\"https:\\\/\\\/pans.krosno.pl\\\/bk\\\/wp-content\\\/uploads\\\/sites\\\/38\\\/2020\\\/05\\\/96735643_906333539807912_5732186373989859328_n-1.gif\",\"contentUrl\":\"https:\\\/\\\/pans.krosno.pl\\\/bk\\\/wp-content\\\/uploads\\\/sites\\\/38\\\/2020\\\/05\\\/96735643_906333539807912_5732186373989859328_n-1.gif\",\"width\":762,\"height\":137,\"caption\":\"Biuro Karier - Karpacka Pa\u0144stwowa Uczelnia w Kro\u015bnie\"},\"image\":{\"@id\":\"https:\\\/\\\/pans.krosno.pl\\\/cti\\\/#\\\/schema\\\/logo\\\/image\\\/\"},\"sameAs\":[\"https:\\\/\\\/www.facebook.com\\\/BKKPUKROSNO\\\/\"]}]}<\/script>\n<!-- \/ Yoast SEO Premium plugin. -->","yoast_head_json":{"title":"Seminarium bran\u017cowe 2024 - Centrum Technologiczne Inkubator PANS w Kro\u015bnie","robots":{"index":"index","follow":"follow","max-snippet":"max-snippet:-1","max-image-preview":"max-image-preview:large","max-video-preview":"max-video-preview:-1"},"canonical":"https:\/\/pans.krosno.pl\/cti\/targi-pracy-2024\/seminarium-branzowe\/","og_locale":"pl_PL","og_type":"article","og_title":"Seminarium bran\u017cowe 2024","og_description":"Partner merytoryczny: Seminarium bran\u017cowe pn. Gospodarka obiegu zamkni\u0119tego &#8211; wyb\u00f3r czy wym\u00f3g? Termin: 8 marca 2024 r.Miejsce: PANS w Kro\u015bnie, ul. Wyspia\u0144skiego 20, aula 108B PROGRAM &nbsp;9.30 &#8211; 10.00&nbsp; Otwarcie XI Targ\u00f3w Pracy PANS w Kro\u015bnie \/hala sportowa\/ 10.00 &#8211; 10.10&nbsp; Otwarcie Seminarium bran\u017cowego \/aula 108B\/ 10.10 \u2013 10.40 &nbsp;&nbsp;Zintegrowany [\u2026] Read More","og_url":"https:\/\/pans.krosno.pl\/cti\/targi-pracy-2024\/seminarium-branzowe\/","og_site_name":"Centrum Technologiczne Inkubator PANS w Kro\u015bnie","article_publisher":"https:\/\/www.facebook.com\/BKKPUKROSNO\/","article_modified_time":"2025-01-08T08:28:00+00:00","og_image":[{"url":"https:\/\/pans.krosno.pl\/cti\/wp-content\/uploads\/sites\/38\/2021\/05\/Nowy-Styl_logo-1024x395.png","type":"","width":"","height":""}],"twitter_card":"summary_large_image","twitter_misc":{"Szacowany czas czytania":"6 minut"},"schema":{"@context":"https:\/\/schema.org","@graph":[{"@type":"WebPage","@id":"https:\/\/pans.krosno.pl\/cti\/targi-pracy-2024\/seminarium-branzowe\/","url":"https:\/\/pans.krosno.pl\/cti\/targi-pracy-2024\/seminarium-branzowe\/","name":"Seminarium bran\u017cowe 2024 - Centrum Technologiczne Inkubator PANS w Kro\u015bnie","isPartOf":{"@id":"https:\/\/pans.krosno.pl\/cti\/#website"},"primaryImageOfPage":{"@id":"https:\/\/pans.krosno.pl\/cti\/targi-pracy-2024\/seminarium-branzowe\/#primaryimage"},"image":{"@id":"https:\/\/pans.krosno.pl\/cti\/targi-pracy-2024\/seminarium-branzowe\/#primaryimage"},"thumbnailUrl":"https:\/\/pans.krosno.pl\/cti\/wp-content\/uploads\/sites\/38\/2021\/05\/Nowy-Styl_logo-1024x395.png","datePublished":"2024-01-09T10:34:30+00:00","dateModified":"2025-01-08T08:28:00+00:00","breadcrumb":{"@id":"https:\/\/pans.krosno.pl\/cti\/targi-pracy-2024\/seminarium-branzowe\/#breadcrumb"},"inLanguage":"pl-PL","potentialAction":[{"@type":"ReadAction","target":["https:\/\/pans.krosno.pl\/cti\/targi-pracy-2024\/seminarium-branzowe\/"]}]},{"@type":"ImageObject","inLanguage":"pl-PL","@id":"https:\/\/pans.krosno.pl\/cti\/targi-pracy-2024\/seminarium-branzowe\/#primaryimage","url":"https:\/\/pans.krosno.pl\/cti\/wp-content\/uploads\/sites\/38\/2021\/05\/Nowy-Styl_logo.png","contentUrl":"https:\/\/pans.krosno.pl\/cti\/wp-content\/uploads\/sites\/38\/2021\/05\/Nowy-Styl_logo.png","width":1772,"height":683},{"@type":"BreadcrumbList","@id":"https:\/\/pans.krosno.pl\/cti\/targi-pracy-2024\/seminarium-branzowe\/#breadcrumb","itemListElement":[{"@type":"ListItem","position":1,"name":"Strona g\u0142\u00f3wna","item":"https:\/\/pans.krosno.pl\/cti\/"},{"@type":"ListItem","position":2,"name":"Targi Pracy 2024","item":"https:\/\/pans.krosno.pl\/cti\/targi-pracy-2024\/"},{"@type":"ListItem","position":3,"name":"Seminarium bran\u017cowe 2024"}]},{"@type":"WebSite","@id":"https:\/\/pans.krosno.pl\/cti\/#website","url":"https:\/\/pans.krosno.pl\/cti\/","name":"Biuro Karier","description":"Centrum Technologiczne Inkubator - Pa\u0144stwowa Akademia Nauk Stosowanych","publisher":{"@id":"https:\/\/pans.krosno.pl\/cti\/#organization"},"potentialAction":[{"@type":"SearchAction","target":{"@type":"EntryPoint","urlTemplate":"https:\/\/pans.krosno.pl\/cti\/?s={search_term_string}"},"query-input":{"@type":"PropertyValueSpecification","valueRequired":true,"valueName":"search_term_string"}}],"inLanguage":"pl-PL"},{"@type":"Organization","@id":"https:\/\/pans.krosno.pl\/cti\/#organization","name":"Biuro Karier - Karpacka Pa\u0144stwowa Uczelnia w Kro\u015bnie","url":"https:\/\/pans.krosno.pl\/cti\/","logo":{"@type":"ImageObject","inLanguage":"pl-PL","@id":"https:\/\/pans.krosno.pl\/cti\/#\/schema\/logo\/image\/","url":"https:\/\/pans.krosno.pl\/bk\/wp-content\/uploads\/sites\/38\/2020\/05\/96735643_906333539807912_5732186373989859328_n-1.gif","contentUrl":"https:\/\/pans.krosno.pl\/bk\/wp-content\/uploads\/sites\/38\/2020\/05\/96735643_906333539807912_5732186373989859328_n-1.gif","width":762,"height":137,"caption":"Biuro Karier - Karpacka Pa\u0144stwowa Uczelnia w Kro\u015bnie"},"image":{"@id":"https:\/\/pans.krosno.pl\/cti\/#\/schema\/logo\/image\/"},"sameAs":["https:\/\/www.facebook.com\/BKKPUKROSNO\/"]}]}},"_links":{"self":[{"href":"https:\/\/pans.krosno.pl\/cti\/wp-json\/wp\/v2\/pages\/5326","targetHints":{"allow":["GET"]}}],"collection":[{"href":"https:\/\/pans.krosno.pl\/cti\/wp-json\/wp\/v2\/pages"}],"about":[{"href":"https:\/\/pans.krosno.pl\/cti\/wp-json\/wp\/v2\/types\/page"}],"author":[{"embeddable":true,"href":"https:\/\/pans.krosno.pl\/cti\/wp-json\/wp\/v2\/users\/27"}],"replies":[{"embeddable":true,"href":"https:\/\/pans.krosno.pl\/cti\/wp-json\/wp\/v2\/comments?post=5326"}],"version-history":[{"count":13,"href":"https:\/\/pans.krosno.pl\/cti\/wp-json\/wp\/v2\/pages\/5326\/revisions"}],"predecessor-version":[{"id":6153,"href":"https:\/\/pans.krosno.pl\/cti\/wp-json\/wp\/v2\/pages\/5326\/revisions\/6153"}],"up":[{"embeddable":true,"href":"https:\/\/pans.krosno.pl\/cti\/wp-json\/wp\/v2\/pages\/5305"}],"wp:attachment":[{"href":"https:\/\/pans.krosno.pl\/cti\/wp-json\/wp\/v2\/media?parent=5326"}],"curies":[{"name":"wp","href":"https:\/\/api.w.org\/{rel}","templated":true}]}}