{"id":5305,"date":"2024-01-09T10:52:24","date_gmt":"2024-01-09T09:52:24","guid":{"rendered":"https:\/\/pans.krosno.pl\/cti\/?page_id=5305"},"modified":"2025-01-08T09:52:41","modified_gmt":"2025-01-08T08:52:41","slug":"targi-pracy-2024","status":"publish","type":"page","link":"https:\/\/pans.krosno.pl\/cti\/targi-pracy-2024\/","title":{"rendered":"Targi Pracy 2024"},"content":{"rendered":"\n<hr class=\"wp-block-separator has-alpha-channel-opacity\"\/>\n\n\n\n<p class=\"has-text-align-center has-x-large-font-size\"><strong><mark style=\"background-color:rgba(0, 0, 0, 0)\" class=\"has-inline-color has-vivid-red-color\">Wydarzenie odby\u0142o si\u0119 w 2024r<\/mark><\/strong><\/p>\n\n\n\n<hr class=\"wp-block-separator has-css-opacity\"\/>\n\n\n\n<div class=\"wp-block-columns is-layout-flex wp-container-core-columns-is-layout-28f84493 wp-block-columns-is-layout-flex\">\n<div class=\"wp-block-column is-layout-flow wp-block-column-is-layout-flow\">\n<p class=\"has-text-align-center\" style=\"font-size:28px\"><a href=\"https:\/\/pans.krosno.pl\/cti\/targi-pracy-2024\/firmy-na-targach\/\"><strong>Firmy na Targach<\/strong><\/a><\/p>\n<\/div>\n\n\n\n<div class=\"wp-block-column is-layout-flow wp-block-column-is-layout-flow\">\n<p class=\"has-text-align-center\" style=\"font-size:28px\"><a href=\"https:\/\/pans.krosno.pl\/cti\/targi-pracy-2024\/szkolenia-i-warsztaty-akademicki-dzien-nauki\/\"><strong>Szkolenia i warsztaty Akademicki Dzie\u0144 nauki<\/strong><\/a><\/p>\n<\/div>\n\n\n\n<div class=\"wp-block-column is-layout-flow wp-block-column-is-layout-flow\">\n<p class=\"has-text-align-center\" style=\"font-size:28px\"><strong><a href=\"https:\/\/pans.krosno.pl\/cti\/targi-pracy-2024\/seminarium-branzowe\/\">Seminarium<br>bran\u017cowe<\/a><\/strong><\/p>\n<\/div>\n<\/div>\n\n\n\n<hr class=\"wp-block-separator has-alpha-channel-opacity\"\/>\n\n\n\n<div class=\"wp-block-columns is-layout-flex wp-container-core-columns-is-layout-28f84493 wp-block-columns-is-layout-flex\">\n<div class=\"wp-block-column is-layout-flow wp-block-column-is-layout-flow\">\n<p class=\"has-text-align-center\" style=\"font-size:28px\"><strong><a href=\"https:\/\/pans.krosno.pl\/cti\/galeria-targow-pracy-2024\/\">Galeria targ\u00f3w 2024<\/a><\/strong><\/p>\n<\/div>\n\n\n\n<div class=\"wp-block-column is-layout-flow wp-block-column-is-layout-flow\">\n<p class=\"has-text-align-center\" style=\"font-size:28px\"><strong><a href=\"https:\/\/pans.krosno.pl\/cti\/targi-pracy-2024\/konkurs-dla-uczestnikow-targow\/\">Konkurs&nbsp;<\/a><\/strong><\/p>\n<\/div>\n\n\n\n<div class=\"wp-block-column is-layout-flow wp-block-column-is-layout-flow\">\n<p class=\"has-text-align-center\" style=\"font-size:28px\"><a href=\"https:\/\/pans.krosno.pl\/cti\/targi-pracy-2024\/informacje-dla-pracodawcow\/\"><strong>Informacja dla Pracodawc\u00f3w<\/strong><\/a><\/p>\n<\/div>\n<\/div>\n\n\n\n<hr class=\"wp-block-separator has-css-opacity\"\/>\n\n\n<p>&#8222;Przedsi\u0119wzi\u0119cie jest realizowane w ramach projektu pn. \u201eKreujemy+Rozwijamy+O\u017cywiamy+Stymulujemy+Nakre\u015blamy+Odmieniamy=KROSNO\u201d realizowanego w ramach Programu Rozw\u00f3j Lokalny, finansowanego ze \u015brodk\u00f3w Norweskiego Mechanizmu Finansowego 2014-2021 oraz bud\u017cetu pa\u0144stwa.&#8221;<\/p>\n\n\n<figure class=\"wp-block-image size-large is-resized\"><img loading=\"lazy\" decoding=\"async\" width=\"913\" height=\"1024\" src=\"https:\/\/pans.krosno.pl\/cti\/wp-content\/uploads\/sites\/38\/2022\/03\/Norway_grants-1-913x1024.png\" alt=\"\" class=\"wp-image-3613\" style=\"width:126px;height:141px\" srcset=\"https:\/\/pans.krosno.pl\/cti\/wp-content\/uploads\/sites\/38\/2022\/03\/Norway_grants-1-913x1024.png 913w, https:\/\/pans.krosno.pl\/cti\/wp-content\/uploads\/sites\/38\/2022\/03\/Norway_grants-1-268x300.png 268w, https:\/\/pans.krosno.pl\/cti\/wp-content\/uploads\/sites\/38\/2022\/03\/Norway_grants-1-768x861.png 768w, https:\/\/pans.krosno.pl\/cti\/wp-content\/uploads\/sites\/38\/2022\/03\/Norway_grants-1-11x12.png 11w, https:\/\/pans.krosno.pl\/cti\/wp-content\/uploads\/sites\/38\/2022\/03\/Norway_grants-1-800x897.png 800w, https:\/\/pans.krosno.pl\/cti\/wp-content\/uploads\/sites\/38\/2022\/03\/Norway_grants-1-580x650.png 580w, https:\/\/pans.krosno.pl\/cti\/wp-content\/uploads\/sites\/38\/2022\/03\/Norway_grants-1.png 931w\" sizes=\"auto, (max-width: 913px) 100vw, 913px\" \/><\/figure>\n","protected":false},"excerpt":{"rendered":"<p>Wydarzenie odby\u0142o si\u0119 w 2024r Firmy na Targach Szkolenia i warsztaty Akademicki Dzie\u0144 nauki Seminariumbran\u017cowe Galeria targ\u00f3w 2024 Konkurs&nbsp; Informacja dla Pracodawc\u00f3w &#8222;Przedsi\u0119wzi\u0119cie jest realizowane w ramach projektu pn. \u201eKreujemy+Rozwijamy+O\u017cywiamy+Stymulujemy+Nakre\u015blamy+Odmieniamy=KROSNO\u201d realizowanego w ramach Programu Rozw\u00f3j Lokalny, finansowanego ze \u015brodk\u00f3w Norweskiego Mechanizmu Finansowego 2014-2021 oraz bud\u017cetu pa\u0144stwa.&#8221;<\/p>\n","protected":false},"author":27,"featured_media":0,"parent":0,"menu_order":0,"comment_status":"closed","ping_status":"closed","template":"page-templates\/template-full-width-without-breadcrumbs.php","meta":{"ngg_post_thumbnail":0,"footnotes":""},"class_list":["post-5305","page","type-page","status-publish","hentry"],"yoast_head":"<!-- This site is optimized with the Yoast SEO Premium plugin v27.4 (Yoast SEO v27.4) - https:\/\/yoast.com\/product\/yoast-seo-premium-wordpress\/ -->\n<title>Targi Pracy 2024 - Centrum Technologiczne Inkubator PANS w Kro\u015bnie<\/title>\n<meta name=\"robots\" content=\"index, follow, max-snippet:-1, max-image-preview:large, max-video-preview:-1\" \/>\n<link rel=\"canonical\" href=\"https:\/\/pans.krosno.pl\/cti\/targi-pracy-2024\/\" \/>\n<meta property=\"og:locale\" content=\"pl_PL\" \/>\n<meta property=\"og:type\" content=\"article\" \/>\n<meta property=\"og:title\" content=\"Targi Pracy 2024\" \/>\n<meta property=\"og:description\" content=\"Wydarzenie odby\u0142o si\u0119 w 2024r Firmy na Targach Szkolenia i warsztaty Akademicki Dzie\u0144 nauki Seminariumbran\u017cowe Galeria targ\u00f3w 2024 Konkurs&nbsp; Informacja dla Pracodawc\u00f3w &#8222;Przedsi\u0119wzi\u0119cie jest realizowane w ramach projektu pn. \u201eKreujemy+Rozwijamy+O\u017cywiamy+Stymulujemy+Nakre\u015blamy+Odmieniamy=KROSNO\u201d realizowanego w ramach Programu Rozw\u00f3j Lokalny, finansowanego ze \u015brodk\u00f3w Norweskiego Mechanizmu Finansowego 2014-2021 oraz bud\u017cetu pa\u0144stwa.&#8221;\" \/>\n<meta property=\"og:url\" content=\"https:\/\/pans.krosno.pl\/cti\/targi-pracy-2024\/\" \/>\n<meta property=\"og:site_name\" content=\"Centrum Technologiczne Inkubator PANS w Kro\u015bnie\" \/>\n<meta property=\"article:publisher\" content=\"https:\/\/www.facebook.com\/BKKPUKROSNO\/\" \/>\n<meta property=\"article:modified_time\" content=\"2025-01-08T08:52:41+00:00\" \/>\n<meta property=\"og:image\" content=\"https:\/\/pans.krosno.pl\/cti\/wp-content\/uploads\/sites\/38\/2022\/03\/Norway_grants-1.png\" \/>\n\t<meta property=\"og:image:width\" content=\"931\" \/>\n\t<meta property=\"og:image:height\" content=\"1044\" \/>\n\t<meta property=\"og:image:type\" content=\"image\/png\" \/>\n<meta name=\"twitter:card\" content=\"summary_large_image\" \/>\n<meta name=\"twitter:label1\" content=\"Szacowany czas czytania\" \/>\n\t<meta name=\"twitter:data1\" content=\"1 minuta\" \/>\n<script type=\"application\/ld+json\" class=\"yoast-schema-graph\">{\"@context\":\"https:\\\/\\\/schema.org\",\"@graph\":[{\"@type\":\"WebPage\",\"@id\":\"https:\\\/\\\/pans.krosno.pl\\\/cti\\\/targi-pracy-2024\\\/\",\"url\":\"https:\\\/\\\/pans.krosno.pl\\\/cti\\\/targi-pracy-2024\\\/\",\"name\":\"Targi Pracy 2024 - Centrum Technologiczne Inkubator PANS w Kro\u015bnie\",\"isPartOf\":{\"@id\":\"https:\\\/\\\/pans.krosno.pl\\\/cti\\\/#website\"},\"primaryImageOfPage\":{\"@id\":\"https:\\\/\\\/pans.krosno.pl\\\/cti\\\/targi-pracy-2024\\\/#primaryimage\"},\"image\":{\"@id\":\"https:\\\/\\\/pans.krosno.pl\\\/cti\\\/targi-pracy-2024\\\/#primaryimage\"},\"thumbnailUrl\":\"https:\\\/\\\/pans.krosno.pl\\\/cti\\\/wp-content\\\/uploads\\\/sites\\\/38\\\/2022\\\/03\\\/Norway_grants-1-913x1024.png\",\"datePublished\":\"2024-01-09T09:52:24+00:00\",\"dateModified\":\"2025-01-08T08:52:41+00:00\",\"breadcrumb\":{\"@id\":\"https:\\\/\\\/pans.krosno.pl\\\/cti\\\/targi-pracy-2024\\\/#breadcrumb\"},\"inLanguage\":\"pl-PL\",\"potentialAction\":[{\"@type\":\"ReadAction\",\"target\":[\"https:\\\/\\\/pans.krosno.pl\\\/cti\\\/targi-pracy-2024\\\/\"]}]},{\"@type\":\"ImageObject\",\"inLanguage\":\"pl-PL\",\"@id\":\"https:\\\/\\\/pans.krosno.pl\\\/cti\\\/targi-pracy-2024\\\/#primaryimage\",\"url\":\"https:\\\/\\\/pans.krosno.pl\\\/cti\\\/wp-content\\\/uploads\\\/sites\\\/38\\\/2022\\\/03\\\/Norway_grants-1.png\",\"contentUrl\":\"https:\\\/\\\/pans.krosno.pl\\\/cti\\\/wp-content\\\/uploads\\\/sites\\\/38\\\/2022\\\/03\\\/Norway_grants-1.png\",\"width\":931,\"height\":1044},{\"@type\":\"BreadcrumbList\",\"@id\":\"https:\\\/\\\/pans.krosno.pl\\\/cti\\\/targi-pracy-2024\\\/#breadcrumb\",\"itemListElement\":[{\"@type\":\"ListItem\",\"position\":1,\"name\":\"Strona g\u0142\u00f3wna\",\"item\":\"https:\\\/\\\/pans.krosno.pl\\\/cti\\\/\"},{\"@type\":\"ListItem\",\"position\":2,\"name\":\"Targi Pracy 2024\"}]},{\"@type\":\"WebSite\",\"@id\":\"https:\\\/\\\/pans.krosno.pl\\\/cti\\\/#website\",\"url\":\"https:\\\/\\\/pans.krosno.pl\\\/cti\\\/\",\"name\":\"Biuro Karier\",\"description\":\"Centrum Technologiczne Inkubator - Pa\u0144stwowa Akademia Nauk Stosowanych\",\"publisher\":{\"@id\":\"https:\\\/\\\/pans.krosno.pl\\\/cti\\\/#organization\"},\"potentialAction\":[{\"@type\":\"SearchAction\",\"target\":{\"@type\":\"EntryPoint\",\"urlTemplate\":\"https:\\\/\\\/pans.krosno.pl\\\/cti\\\/?s={search_term_string}\"},\"query-input\":{\"@type\":\"PropertyValueSpecification\",\"valueRequired\":true,\"valueName\":\"search_term_string\"}}],\"inLanguage\":\"pl-PL\"},{\"@type\":\"Organization\",\"@id\":\"https:\\\/\\\/pans.krosno.pl\\\/cti\\\/#organization\",\"name\":\"Biuro Karier - Karpacka Pa\u0144stwowa Uczelnia w Kro\u015bnie\",\"url\":\"https:\\\/\\\/pans.krosno.pl\\\/cti\\\/\",\"logo\":{\"@type\":\"ImageObject\",\"inLanguage\":\"pl-PL\",\"@id\":\"https:\\\/\\\/pans.krosno.pl\\\/cti\\\/#\\\/schema\\\/logo\\\/image\\\/\",\"url\":\"https:\\\/\\\/pans.krosno.pl\\\/bk\\\/wp-content\\\/uploads\\\/sites\\\/38\\\/2020\\\/05\\\/96735643_906333539807912_5732186373989859328_n-1.gif\",\"contentUrl\":\"https:\\\/\\\/pans.krosno.pl\\\/bk\\\/wp-content\\\/uploads\\\/sites\\\/38\\\/2020\\\/05\\\/96735643_906333539807912_5732186373989859328_n-1.gif\",\"width\":762,\"height\":137,\"caption\":\"Biuro Karier - Karpacka Pa\u0144stwowa Uczelnia w Kro\u015bnie\"},\"image\":{\"@id\":\"https:\\\/\\\/pans.krosno.pl\\\/cti\\\/#\\\/schema\\\/logo\\\/image\\\/\"},\"sameAs\":[\"https:\\\/\\\/www.facebook.com\\\/BKKPUKROSNO\\\/\"]}]}<\/script>\n<!-- \/ Yoast SEO Premium plugin. -->","yoast_head_json":{"title":"Targi Pracy 2024 - Centrum Technologiczne Inkubator PANS w Kro\u015bnie","robots":{"index":"index","follow":"follow","max-snippet":"max-snippet:-1","max-image-preview":"max-image-preview:large","max-video-preview":"max-video-preview:-1"},"canonical":"https:\/\/pans.krosno.pl\/cti\/targi-pracy-2024\/","og_locale":"pl_PL","og_type":"article","og_title":"Targi Pracy 2024","og_description":"Wydarzenie odby\u0142o si\u0119 w 2024r Firmy na Targach Szkolenia i warsztaty Akademicki Dzie\u0144 nauki Seminariumbran\u017cowe Galeria targ\u00f3w 2024 Konkurs&nbsp; Informacja dla Pracodawc\u00f3w &#8222;Przedsi\u0119wzi\u0119cie jest realizowane w ramach projektu pn. \u201eKreujemy+Rozwijamy+O\u017cywiamy+Stymulujemy+Nakre\u015blamy+Odmieniamy=KROSNO\u201d realizowanego w ramach Programu Rozw\u00f3j Lokalny, finansowanego ze \u015brodk\u00f3w Norweskiego Mechanizmu Finansowego 2014-2021 oraz bud\u017cetu pa\u0144stwa.&#8221;","og_url":"https:\/\/pans.krosno.pl\/cti\/targi-pracy-2024\/","og_site_name":"Centrum Technologiczne Inkubator PANS w Kro\u015bnie","article_publisher":"https:\/\/www.facebook.com\/BKKPUKROSNO\/","article_modified_time":"2025-01-08T08:52:41+00:00","og_image":[{"width":931,"height":1044,"url":"https:\/\/pans.krosno.pl\/cti\/wp-content\/uploads\/sites\/38\/2022\/03\/Norway_grants-1.png","type":"image\/png"}],"twitter_card":"summary_large_image","twitter_misc":{"Szacowany czas czytania":"1 minuta"},"schema":{"@context":"https:\/\/schema.org","@graph":[{"@type":"WebPage","@id":"https:\/\/pans.krosno.pl\/cti\/targi-pracy-2024\/","url":"https:\/\/pans.krosno.pl\/cti\/targi-pracy-2024\/","name":"Targi Pracy 2024 - Centrum Technologiczne Inkubator PANS w Kro\u015bnie","isPartOf":{"@id":"https:\/\/pans.krosno.pl\/cti\/#website"},"primaryImageOfPage":{"@id":"https:\/\/pans.krosno.pl\/cti\/targi-pracy-2024\/#primaryimage"},"image":{"@id":"https:\/\/pans.krosno.pl\/cti\/targi-pracy-2024\/#primaryimage"},"thumbnailUrl":"https:\/\/pans.krosno.pl\/cti\/wp-content\/uploads\/sites\/38\/2022\/03\/Norway_grants-1-913x1024.png","datePublished":"2024-01-09T09:52:24+00:00","dateModified":"2025-01-08T08:52:41+00:00","breadcrumb":{"@id":"https:\/\/pans.krosno.pl\/cti\/targi-pracy-2024\/#breadcrumb"},"inLanguage":"pl-PL","potentialAction":[{"@type":"ReadAction","target":["https:\/\/pans.krosno.pl\/cti\/targi-pracy-2024\/"]}]},{"@type":"ImageObject","inLanguage":"pl-PL","@id":"https:\/\/pans.krosno.pl\/cti\/targi-pracy-2024\/#primaryimage","url":"https:\/\/pans.krosno.pl\/cti\/wp-content\/uploads\/sites\/38\/2022\/03\/Norway_grants-1.png","contentUrl":"https:\/\/pans.krosno.pl\/cti\/wp-content\/uploads\/sites\/38\/2022\/03\/Norway_grants-1.png","width":931,"height":1044},{"@type":"BreadcrumbList","@id":"https:\/\/pans.krosno.pl\/cti\/targi-pracy-2024\/#breadcrumb","itemListElement":[{"@type":"ListItem","position":1,"name":"Strona g\u0142\u00f3wna","item":"https:\/\/pans.krosno.pl\/cti\/"},{"@type":"ListItem","position":2,"name":"Targi Pracy 2024"}]},{"@type":"WebSite","@id":"https:\/\/pans.krosno.pl\/cti\/#website","url":"https:\/\/pans.krosno.pl\/cti\/","name":"Biuro Karier","description":"Centrum Technologiczne Inkubator - Pa\u0144stwowa Akademia Nauk Stosowanych","publisher":{"@id":"https:\/\/pans.krosno.pl\/cti\/#organization"},"potentialAction":[{"@type":"SearchAction","target":{"@type":"EntryPoint","urlTemplate":"https:\/\/pans.krosno.pl\/cti\/?s={search_term_string}"},"query-input":{"@type":"PropertyValueSpecification","valueRequired":true,"valueName":"search_term_string"}}],"inLanguage":"pl-PL"},{"@type":"Organization","@id":"https:\/\/pans.krosno.pl\/cti\/#organization","name":"Biuro Karier - Karpacka Pa\u0144stwowa Uczelnia w Kro\u015bnie","url":"https:\/\/pans.krosno.pl\/cti\/","logo":{"@type":"ImageObject","inLanguage":"pl-PL","@id":"https:\/\/pans.krosno.pl\/cti\/#\/schema\/logo\/image\/","url":"https:\/\/pans.krosno.pl\/bk\/wp-content\/uploads\/sites\/38\/2020\/05\/96735643_906333539807912_5732186373989859328_n-1.gif","contentUrl":"https:\/\/pans.krosno.pl\/bk\/wp-content\/uploads\/sites\/38\/2020\/05\/96735643_906333539807912_5732186373989859328_n-1.gif","width":762,"height":137,"caption":"Biuro Karier - Karpacka Pa\u0144stwowa Uczelnia w Kro\u015bnie"},"image":{"@id":"https:\/\/pans.krosno.pl\/cti\/#\/schema\/logo\/image\/"},"sameAs":["https:\/\/www.facebook.com\/BKKPUKROSNO\/"]}]}},"_links":{"self":[{"href":"https:\/\/pans.krosno.pl\/cti\/wp-json\/wp\/v2\/pages\/5305","targetHints":{"allow":["GET"]}}],"collection":[{"href":"https:\/\/pans.krosno.pl\/cti\/wp-json\/wp\/v2\/pages"}],"about":[{"href":"https:\/\/pans.krosno.pl\/cti\/wp-json\/wp\/v2\/types\/page"}],"author":[{"embeddable":true,"href":"https:\/\/pans.krosno.pl\/cti\/wp-json\/wp\/v2\/users\/27"}],"replies":[{"embeddable":true,"href":"https:\/\/pans.krosno.pl\/cti\/wp-json\/wp\/v2\/comments?post=5305"}],"version-history":[{"count":20,"href":"https:\/\/pans.krosno.pl\/cti\/wp-json\/wp\/v2\/pages\/5305\/revisions"}],"predecessor-version":[{"id":6174,"href":"https:\/\/pans.krosno.pl\/cti\/wp-json\/wp\/v2\/pages\/5305\/revisions\/6174"}],"wp:attachment":[{"href":"https:\/\/pans.krosno.pl\/cti\/wp-json\/wp\/v2\/media?parent=5305"}],"curies":[{"name":"wp","href":"https:\/\/api.w.org\/{rel}","templated":true}]}}