{"id":529,"date":"2020-07-13T10:09:23","date_gmt":"2020-07-13T08:09:23","guid":{"rendered":"https:\/\/pans.krosno.pl\/bk\/?page_id=529"},"modified":"2025-07-07T12:44:48","modified_gmt":"2025-07-07T10:44:48","slug":"list-motywacyjny","status":"publish","type":"page","link":"https:\/\/pans.krosno.pl\/cti\/abc-kariery\/list-motywacyjny\/","title":{"rendered":"List motywacyjny"},"content":{"rendered":"\n<div class=\"wp-block-cover is-light\" style=\"min-height:196px;aspect-ratio:unset;\"><span aria-hidden=\"true\" class=\"wp-block-cover__background has-background-dim\"><\/span><img loading=\"lazy\" decoding=\"async\" width=\"560\" height=\"327\" class=\"wp-block-cover__image-background wp-image-605\" alt=\"\" src=\"https:\/\/pans.krosno.pl\/cti\/wp-content\/uploads\/sites\/38\/2020\/07\/Poradnik_ListMotywacyjny.png\" style=\"object-position:10% 100%\" data-object-fit=\"cover\" data-object-position=\"10% 100%\" srcset=\"https:\/\/pans.krosno.pl\/cti\/wp-content\/uploads\/sites\/38\/2020\/07\/Poradnik_ListMotywacyjny.png 560w, https:\/\/pans.krosno.pl\/cti\/wp-content\/uploads\/sites\/38\/2020\/07\/Poradnik_ListMotywacyjny-300x175.png 300w\" sizes=\"auto, (max-width: 560px) 100vw, 560px\" \/><div class=\"wp-block-cover__inner-container is-layout-flow wp-block-cover-is-layout-flow\">\n<p class=\"has-text-align-center has-white-color has-text-color has-large-font-size\">Jak napisa\u0107 skuteczny <br>list motywacyjny<\/p>\n<\/div><\/div>\n\n\n<p>&nbsp;<\/p>\n<p>List motywacyjny to rozwini\u0119cie \u017cyciorysu zawodowego. Ma on na celu prezentacj\u0119 Twoich najlepszych stron oraz daje pracodawcy znak, i\u017c jeste\u015b naprawd\u0119 zainteresowany dan\u0105 posad\u0105 i posiadasz niezb\u0119dne predyspozycje. W li\u015bcie motywacyjnym musisz uzasadni\u0107, dlaczego ubiegasz si\u0119 o prac\u0119 w\u0142a\u015bnie w tej firmie i na tym stanowisku. Z podania o prac\u0119 powinno tak\u017ce wynika\u0107, i\u017c znasz firm\u0119 oraz wiesz, czym si\u0119 ona zajmuje. Warto powo\u0142a\u0107 si\u0119 na przydatne w danym miejscu pracy do\u015bwiadczenie: poprzednie miejsca pracy, praktyki wakacyjne, rozwijane zainteresowania.<\/p>\n<h4>Forma listu motywacyjnego<\/h4>\n<ul>\n<li>list motywacyjny zacznij pisa\u0107, gdy sko\u0144czysz pisanie CV,<\/li>\n<li>pisz w formacie A4 \u2013 jedna strona, papier bia\u0142y, dobrej jako\u015bci,<\/li>\n<li>nie wpisuj informacji zawartych w CV,<\/li>\n<li>zamie\u015b\u0107 informacje, o jakie stanowisko si\u0119 ubiegasz oraz dlaczego chcia\u0142by\u015b pracowa\u0107 w tej firmie,<\/li>\n<li>unikaj zb\u0119dnych dodatk\u00f3w, kt\u00f3re utrudniaj\u0105 czytanie (np. znaki wodne czy pochylona czcionka),<\/li>\n<li>je\u017celi odpowiadasz na og\u0142oszenie, odwo\u0142aj si\u0119 do wymaga\u0144 w nim zawartych,<\/li>\n<li>podaj informacje na temat zakresu obowi\u0105zk\u00f3w w obecnej b\u0105d\u017a by\u0142ej firmie,<\/li>\n<li>popro\u015b o spotkanie kwalifikacyjne, czyli interview,<\/li>\n<li>na ko\u0144cu podaj spis za\u0142\u0105cznik\u00f3w (o ile takie istniej\u0105).<\/li>\n<\/ul>\n<p><strong>PAMI\u0118TAJ!<\/strong><\/p>\n<p>List motywacyjny napisz do konkretnego pracodawcy!<\/p>\n<h4><span style=\"color: #404040\">Co powinien zawiera\u0107 list motywacyjny?<\/span><\/h4>\n<p><strong>Wst\u0119p<\/strong><\/p>\n<p>Postaraj si\u0119 przyku\u0107 uwag\u0119 osoby czytaj\u0105cej. Napisz, o jakie stanowisko si\u0119 ubiegasz, zwracaj si\u0119 do konkretnej osoby (nie do dzia\u0142u kadr). Je\u017celi nie odpowiadasz na og\u0142oszenie, sprecyzuj, o jak\u0105 prac\u0119 si\u0119 ubiegasz, dzia\u0142, stanowisko itp. Zr\u00f3b dobre wra\u017cenie, dowiedz si\u0119 jak najwi\u0119cej o firmie, utwierd\u017a przysz\u0142ego pracodawc\u0119 w przekonaniu, \u017ce b\u0119dziesz dobrym pracownikiem.<\/p>\n<p><strong>Rozwini\u0119cie<\/strong><\/p>\n<p>W tej cz\u0119\u015bci postaraj si\u0119 przekona\u0107 o atrakcyjno\u015bci Twojej kandydatury. Je\u017celi nie spe\u0142niasz wymog\u00f3w podanych w ofercie, zadeklaruj ch\u0119\u0107 zdobycia stosownych umiej\u0119tno\u015bci lub uzupe\u0142nienia wykszta\u0142cenia i wiedzy. Unikaj tutaj oklepanych zda\u0144 powtarzaj\u0105cych si\u0119 w setkach list\u00f3w motywacyjnych, takich jak: \u201ejestem szczeg\u00f3lnie zainteresowany podj\u0119ciem pracy w tak znanej i renomowanej firmie jak Pa\u0144stwa\u201d. B\u0105d\u017a konkretny \u2013 zamiast pisa\u0107 og\u00f3lnie: \u201emam do\u015bwiadczenie w zarz\u0105dzaniu\u201d, napisz: \u201ezarz\u0105dza\u0142em 10-osobow\u0105 grup\u0105\u201d; b\u0105d\u017a przekonuj\u0105cy \u2013 zamiast: \u201ewydaje mi si\u0119, \u017ce sprawdz\u0119 si\u0119 w roli kierownika zmiany\u201d, napisz: \u201epotrafi\u0119 podo\u0142a\u0107 obowi\u0105zkom kierownika zmiany\u201d; przedstaw pracodawcy korzy\u015bci&nbsp;&#8211; zamiast: \u201eposiadam zdolno\u015bci przekonywania\u201d, napisz: \u201emoja zdolno\u015b\u0107 przekonywania zwi\u0119kszy efektywno\u015b\u0107 obs\u0142ugi Pa\u0144stwa klient\u00f3w\u201d. Kwestie finansowe zostaw na rozmow\u0119 kwalifikacyjn\u0105.<\/p>\n<p><strong>Zako\u0144czenie<\/strong><\/p>\n<p>Na ko\u0144cu zamie\u015b\u0107 zwrot grzeczno\u015bciowy, w\u0142asnor\u0119czny podpis oraz spis za\u0142\u0105cznik\u00f3w.<\/p>\n<p>W nast\u0119pnych rozdzia\u0142ach zamie\u015bcili\u015bmy schemat listu motywacyjnego oraz gotowy przyk\u0142ad.<\/p>\n<p><strong>PAMI\u0118TAJ!<\/strong><\/p>\n<p>Zachowuj\u0105c powy\u017cszy schemat listu, sprawisz, \u017ce b\u0119dzie on jasny i czytelny!<\/p>\n<h4><span style=\"color: #404040\">Schemat listu motywacyjnego<\/span><\/h4>\n<p align=\"right\">&nbsp;&nbsp;&nbsp;&nbsp;&nbsp;&nbsp;&nbsp;&nbsp;&nbsp;&nbsp;&nbsp;&nbsp;&nbsp;&nbsp;&nbsp;&nbsp;&nbsp;&nbsp;&nbsp;&nbsp;&nbsp;&nbsp;&nbsp;&nbsp;&nbsp;&nbsp;&nbsp;&nbsp;&nbsp;&nbsp;&nbsp;&nbsp;&nbsp;&nbsp;&nbsp;&nbsp;&nbsp;&nbsp;&nbsp;&nbsp;&nbsp;&nbsp;&nbsp;&nbsp;&nbsp;&nbsp;&nbsp;&nbsp;&nbsp;&nbsp;&nbsp;&nbsp;&nbsp;&nbsp;&nbsp;&nbsp;&nbsp;&nbsp;&nbsp;&nbsp;&nbsp;&nbsp;&nbsp;&nbsp;&nbsp;&nbsp;&nbsp;&nbsp;&nbsp;&nbsp;&nbsp;&nbsp;&nbsp;&nbsp;&nbsp;&nbsp;&nbsp;&nbsp;&nbsp;&nbsp;&nbsp;&nbsp;&nbsp;&nbsp;&nbsp;&nbsp;&nbsp;&nbsp;&nbsp;&nbsp;&nbsp;&nbsp;&nbsp;&nbsp;&nbsp;&nbsp;&nbsp;&nbsp;&nbsp;&nbsp;&nbsp;&nbsp;&nbsp;&nbsp;&nbsp;&nbsp;&nbsp;&nbsp;&nbsp;&nbsp;&nbsp;&nbsp;&nbsp;&nbsp;&nbsp;&nbsp;&nbsp;&nbsp;&nbsp;&nbsp;&nbsp;&nbsp;&nbsp;&nbsp;&nbsp;&nbsp;&nbsp;&nbsp;&nbsp;&nbsp;&nbsp;&nbsp;&nbsp;&nbsp;&nbsp;&nbsp;&nbsp;&nbsp;&nbsp;&nbsp;&nbsp;&nbsp;&nbsp;&nbsp;&nbsp;&nbsp;&nbsp;&nbsp;&nbsp;&nbsp;&nbsp;&nbsp;&nbsp;&nbsp;&nbsp;&nbsp;&nbsp;&nbsp;&nbsp;&nbsp;&nbsp;&nbsp;&nbsp;&nbsp; Miejscowo\u015b\u0107, data<\/p>\n<p align=\"left\">Imi\u0119 i nazwisko<br>Tw\u00f3j adres<br>i numer telefonu<\/p>\n<p><strong>Pan\/Pani<\/strong><br>Imi\u0119 i nazwisko osoby, do kt\u00f3rej piszesz, stanowisko, nazwa instytucji, adres<br>(w przypadku braku mo\u017cliwo\u015bci pozyskania bli\u017cszych danych podaj nazw\u0119 i adres firmy)<\/p>\n<p><strong>Mo\u017cesz u\u017cy\u0107 zwrotu grzeczno\u015bciowego, np.:<\/strong><br>&#8222;Szanowny Panie\/Pani&#8221;, &#8222;Szanowni Pa\u0144stwo&#8221; lub &#8222;Szanowny Panie\/Pani&#8221; + nazwisko osoby, do kt\u00f3rej piszesz.<\/p>\n<p><strong>Zdanie wprowadzaj\u0105ce<\/strong> \u2013 w pierwszym zdaniu napisz, o jakie stanowisko si\u0119 ubiegasz. Je\u017celi jest to oferta z prasy, podaj nazw\u0119 gazety i dat\u0119 wydania; w przypadku og\u0142oszenia z Biuletynu S\u0142u\u017cby Cywilnej napisz jego numer, np.<\/p>\n<p>&#8222;W odpowiedzi na og\u0142oszenie zamieszczone w&#8230;&#8230;&#8230;&#8230;&#8230;. z dnia &#8230;&#8230;&#8230;&#8230;&#8230;. zg\u0142aszam swoj\u0105 kandydatur\u0119 na stanowisko &#8230;&#8230;&#8230;&#8230;&#8230;&#8230;&#8230;&#8230;&#8230;&#8230;&#8230;&#8230;&#8230;&#8230;&#8230;.&#8221;.<\/p>\n<p><strong>Kilka s\u0142\u00f3w o firmie, w kt\u00f3rej chcemy pracowa\u0107:<\/strong> Dlaczego wybra\u0142e\u015b akurat t\u0119 firm\u0119? Gdzie zdoby\u0142e\u015b informacje o firmie? Co wiesz o firmie?<\/p>\n<p><strong>Pami\u0119taj!<\/strong> Zadbaj o to, by informacje o firmie by\u0142y sprawdzone i wiarygodne; b\u0119dzie to \u015bwiadczy\u0142o o twojej znajomo\u015bci bran\u017cy.<\/p>\n<p><strong>Rozwini\u0119cie listu<\/strong> \u2013 zaprezentuj siebie. Uzasadnij, dlaczego uwa\u017casz, \u017ce jeste\u015b odpowiedni\u0105 osob\u0105 na dane stanowisko (napisz o swoich kwalifikacjach, umiej\u0119tno\u015bciach oraz cechach osobowo\u015bciowych, kt\u00f3re pozwol\u0105 Ci efektywnie wykonywa\u0107 powierzon\u0105 prac\u0119).<\/p>\n<p><strong>Ostatni akapit<\/strong> \u2013 zasugeruj gotowo\u015b\u0107 spotkania w celu przeprowadzenia rozmowy kwalifikacyjnej, np.: &#8222;Prosz\u0119 o kontakt i wyznaczenie terminu spotkania, podczas kt\u00f3rego mog\u0119 przekaza\u0107 dodatkowe informacje dotycz\u0105ce mojej kandydatury&#8221;.<\/p>\n<p><strong>Zako\u0144cz list s\u0142owami:<\/strong> \u201eZ powa\u017caniem\u201d lub \u201eZ wyrazami szacunku\u201d.<\/p>\n<p><strong>Odr\u0119czny podpis<\/strong><\/p>\n<p><strong>Za\u0142\u0105czniki:<\/strong> wymie\u0144 dokumenty, kt\u00f3re do\u0142\u0105czasz, np. \u017cyciorys zawodowy (CV), kserokopie \u015bwiadectw szkolnych, dyplom\u00f3w.<br>&nbsp;<\/p>\n<h4>Przyk\u0142ad listu motywacyjnego<\/h4>\n<p><img decoding=\"async\" title=\"\" src=\"http:\/\/www.zielonalinia.gov.pl\/upload_i\/sys\/poradniki\/list-motywacyjny-przyklad.jpg\" alt=\"Przyk\u0142ad listu motywacyjnego\"><\/p>\n\n\n<figure class=\"wp-block-image aligncenter size-large is-resized\"><a href=\"https:\/\/zielonalinia.gov.pl\/documents\/31541\/803685\/Poradnik_A4_ListMotywacyjny_P8.pdf\/9cb923a9-95d6-448e-abb0-acd78f806b91\"><img loading=\"lazy\" decoding=\"async\" src=\"https:\/\/pans.krosno.pl\/cti\/wp-content\/uploads\/sites\/38\/2020\/07\/Poradnik_ListMotywacyjny.png\" alt=\"\" class=\"wp-image-605\" width=\"689\" height=\"402\" srcset=\"https:\/\/pans.krosno.pl\/cti\/wp-content\/uploads\/sites\/38\/2020\/07\/Poradnik_ListMotywacyjny.png 560w, https:\/\/pans.krosno.pl\/cti\/wp-content\/uploads\/sites\/38\/2020\/07\/Poradnik_ListMotywacyjny-300x175.png 300w\" sizes=\"auto, (max-width: 689px) 100vw, 689px\" \/><\/a><\/figure>\n\n\n\n<p>\u0179r\u00f3d\u0142o: https:\/\/zielonalinia.gov.pl\/<\/p>\n","protected":false},"excerpt":{"rendered":"<p>&nbsp; List motywacyjny to rozwini\u0119cie \u017cyciorysu zawodowego. Ma on na celu prezentacj\u0119 Twoich najlepszych stron oraz daje pracodawcy znak, i\u017c jeste\u015b naprawd\u0119 zainteresowany dan\u0105 posad\u0105 i posiadasz niezb\u0119dne predyspozycje. W li\u015bcie motywacyjnym musisz uzasadni\u0107, dlaczego ubiegasz si\u0119 o prac\u0119 w\u0142a\u015bnie w tej firmie i na tym stanowisku. Z podania o [\u2026] <\/p>\n<div class=\"clear\"><\/div>\n<p><a class=\"more_link clearfix\" href=\"https:\/\/pans.krosno.pl\/cti\/abc-kariery\/list-motywacyjny\/\" rel=\"nofollow\">Read More<\/a><\/p>\n","protected":false},"author":27,"featured_media":0,"parent":25,"menu_order":0,"comment_status":"closed","ping_status":"closed","template":"page-templates\/template-full-width.php","meta":{"ngg_post_thumbnail":0,"footnotes":""},"class_list":["post-529","page","type-page","status-publish","hentry"],"yoast_head":"<!-- This site is optimized with the Yoast SEO Premium plugin v27.4 (Yoast SEO v27.4) - https:\/\/yoast.com\/product\/yoast-seo-premium-wordpress\/ -->\n<title>List motywacyjny - Centrum Technologiczne Inkubator PANS w Kro\u015bnie<\/title>\n<meta name=\"robots\" content=\"index, follow, max-snippet:-1, max-image-preview:large, max-video-preview:-1\" \/>\n<link rel=\"canonical\" href=\"https:\/\/pans.krosno.pl\/cti\/abc-kariery\/list-motywacyjny\/\" \/>\n<meta property=\"og:locale\" content=\"pl_PL\" \/>\n<meta property=\"og:type\" content=\"article\" \/>\n<meta property=\"og:title\" content=\"List motywacyjny\" \/>\n<meta property=\"og:description\" content=\"&nbsp; List motywacyjny to rozwini\u0119cie \u017cyciorysu zawodowego. Ma on na celu prezentacj\u0119 Twoich najlepszych stron oraz daje pracodawcy znak, i\u017c jeste\u015b naprawd\u0119 zainteresowany dan\u0105 posad\u0105 i posiadasz niezb\u0119dne predyspozycje. W li\u015bcie motywacyjnym musisz uzasadni\u0107, dlaczego ubiegasz si\u0119 o prac\u0119 w\u0142a\u015bnie w tej firmie i na tym stanowisku. Z podania o [\u2026] Read More\" \/>\n<meta property=\"og:url\" content=\"https:\/\/pans.krosno.pl\/cti\/abc-kariery\/list-motywacyjny\/\" \/>\n<meta property=\"og:site_name\" content=\"Centrum Technologiczne Inkubator PANS w Kro\u015bnie\" \/>\n<meta property=\"article:publisher\" content=\"https:\/\/www.facebook.com\/BKKPUKROSNO\/\" \/>\n<meta property=\"article:modified_time\" content=\"2025-07-07T10:44:48+00:00\" \/>\n<meta property=\"og:image\" content=\"https:\/\/pans.krosno.pl\/cti\/wp-content\/uploads\/sites\/38\/2020\/07\/Poradnik_ListMotywacyjny.png\" \/>\n\t<meta property=\"og:image:width\" content=\"560\" \/>\n\t<meta property=\"og:image:height\" content=\"327\" \/>\n\t<meta property=\"og:image:type\" content=\"image\/png\" \/>\n<meta name=\"twitter:card\" content=\"summary_large_image\" \/>\n<meta name=\"twitter:label1\" content=\"Szacowany czas czytania\" \/>\n\t<meta name=\"twitter:data1\" content=\"5 minut\" \/>\n<script type=\"application\/ld+json\" class=\"yoast-schema-graph\">{\"@context\":\"https:\\\/\\\/schema.org\",\"@graph\":[{\"@type\":\"WebPage\",\"@id\":\"https:\\\/\\\/pans.krosno.pl\\\/cti\\\/abc-kariery\\\/list-motywacyjny\\\/\",\"url\":\"https:\\\/\\\/pans.krosno.pl\\\/cti\\\/abc-kariery\\\/list-motywacyjny\\\/\",\"name\":\"List motywacyjny - Centrum Technologiczne Inkubator PANS w Kro\u015bnie\",\"isPartOf\":{\"@id\":\"https:\\\/\\\/pans.krosno.pl\\\/cti\\\/#website\"},\"primaryImageOfPage\":{\"@id\":\"https:\\\/\\\/pans.krosno.pl\\\/cti\\\/abc-kariery\\\/list-motywacyjny\\\/#primaryimage\"},\"image\":{\"@id\":\"https:\\\/\\\/pans.krosno.pl\\\/cti\\\/abc-kariery\\\/list-motywacyjny\\\/#primaryimage\"},\"thumbnailUrl\":\"https:\\\/\\\/pans.krosno.pl\\\/cti\\\/wp-content\\\/uploads\\\/sites\\\/38\\\/2020\\\/07\\\/Poradnik_ListMotywacyjny.png\",\"datePublished\":\"2020-07-13T08:09:23+00:00\",\"dateModified\":\"2025-07-07T10:44:48+00:00\",\"breadcrumb\":{\"@id\":\"https:\\\/\\\/pans.krosno.pl\\\/cti\\\/abc-kariery\\\/list-motywacyjny\\\/#breadcrumb\"},\"inLanguage\":\"pl-PL\",\"potentialAction\":[{\"@type\":\"ReadAction\",\"target\":[\"https:\\\/\\\/pans.krosno.pl\\\/cti\\\/abc-kariery\\\/list-motywacyjny\\\/\"]}]},{\"@type\":\"ImageObject\",\"inLanguage\":\"pl-PL\",\"@id\":\"https:\\\/\\\/pans.krosno.pl\\\/cti\\\/abc-kariery\\\/list-motywacyjny\\\/#primaryimage\",\"url\":\"https:\\\/\\\/pans.krosno.pl\\\/cti\\\/wp-content\\\/uploads\\\/sites\\\/38\\\/2020\\\/07\\\/Poradnik_ListMotywacyjny.png\",\"contentUrl\":\"https:\\\/\\\/pans.krosno.pl\\\/cti\\\/wp-content\\\/uploads\\\/sites\\\/38\\\/2020\\\/07\\\/Poradnik_ListMotywacyjny.png\",\"width\":560,\"height\":327},{\"@type\":\"BreadcrumbList\",\"@id\":\"https:\\\/\\\/pans.krosno.pl\\\/cti\\\/abc-kariery\\\/list-motywacyjny\\\/#breadcrumb\",\"itemListElement\":[{\"@type\":\"ListItem\",\"position\":1,\"name\":\"Strona g\u0142\u00f3wna\",\"item\":\"https:\\\/\\\/pans.krosno.pl\\\/cti\\\/\"},{\"@type\":\"ListItem\",\"position\":2,\"name\":\"ABC Kariery\",\"item\":\"https:\\\/\\\/pans.krosno.pl\\\/cti\\\/abc-kariery\\\/\"},{\"@type\":\"ListItem\",\"position\":3,\"name\":\"List motywacyjny\"}]},{\"@type\":\"WebSite\",\"@id\":\"https:\\\/\\\/pans.krosno.pl\\\/cti\\\/#website\",\"url\":\"https:\\\/\\\/pans.krosno.pl\\\/cti\\\/\",\"name\":\"Biuro Karier\",\"description\":\"Centrum Technologiczne Inkubator - Pa\u0144stwowa Akademia Nauk Stosowanych\",\"publisher\":{\"@id\":\"https:\\\/\\\/pans.krosno.pl\\\/cti\\\/#organization\"},\"potentialAction\":[{\"@type\":\"SearchAction\",\"target\":{\"@type\":\"EntryPoint\",\"urlTemplate\":\"https:\\\/\\\/pans.krosno.pl\\\/cti\\\/?s={search_term_string}\"},\"query-input\":{\"@type\":\"PropertyValueSpecification\",\"valueRequired\":true,\"valueName\":\"search_term_string\"}}],\"inLanguage\":\"pl-PL\"},{\"@type\":\"Organization\",\"@id\":\"https:\\\/\\\/pans.krosno.pl\\\/cti\\\/#organization\",\"name\":\"Biuro Karier - Karpacka Pa\u0144stwowa Uczelnia w Kro\u015bnie\",\"url\":\"https:\\\/\\\/pans.krosno.pl\\\/cti\\\/\",\"logo\":{\"@type\":\"ImageObject\",\"inLanguage\":\"pl-PL\",\"@id\":\"https:\\\/\\\/pans.krosno.pl\\\/cti\\\/#\\\/schema\\\/logo\\\/image\\\/\",\"url\":\"https:\\\/\\\/pans.krosno.pl\\\/bk\\\/wp-content\\\/uploads\\\/sites\\\/38\\\/2020\\\/05\\\/96735643_906333539807912_5732186373989859328_n-1.gif\",\"contentUrl\":\"https:\\\/\\\/pans.krosno.pl\\\/bk\\\/wp-content\\\/uploads\\\/sites\\\/38\\\/2020\\\/05\\\/96735643_906333539807912_5732186373989859328_n-1.gif\",\"width\":762,\"height\":137,\"caption\":\"Biuro Karier - Karpacka Pa\u0144stwowa Uczelnia w Kro\u015bnie\"},\"image\":{\"@id\":\"https:\\\/\\\/pans.krosno.pl\\\/cti\\\/#\\\/schema\\\/logo\\\/image\\\/\"},\"sameAs\":[\"https:\\\/\\\/www.facebook.com\\\/BKKPUKROSNO\\\/\"]}]}<\/script>\n<!-- \/ Yoast SEO Premium plugin. -->","yoast_head_json":{"title":"List motywacyjny - Centrum Technologiczne Inkubator PANS w Kro\u015bnie","robots":{"index":"index","follow":"follow","max-snippet":"max-snippet:-1","max-image-preview":"max-image-preview:large","max-video-preview":"max-video-preview:-1"},"canonical":"https:\/\/pans.krosno.pl\/cti\/abc-kariery\/list-motywacyjny\/","og_locale":"pl_PL","og_type":"article","og_title":"List motywacyjny","og_description":"&nbsp; List motywacyjny to rozwini\u0119cie \u017cyciorysu zawodowego. Ma on na celu prezentacj\u0119 Twoich najlepszych stron oraz daje pracodawcy znak, i\u017c jeste\u015b naprawd\u0119 zainteresowany dan\u0105 posad\u0105 i posiadasz niezb\u0119dne predyspozycje. W li\u015bcie motywacyjnym musisz uzasadni\u0107, dlaczego ubiegasz si\u0119 o prac\u0119 w\u0142a\u015bnie w tej firmie i na tym stanowisku. Z podania o [\u2026] Read More","og_url":"https:\/\/pans.krosno.pl\/cti\/abc-kariery\/list-motywacyjny\/","og_site_name":"Centrum Technologiczne Inkubator PANS w Kro\u015bnie","article_publisher":"https:\/\/www.facebook.com\/BKKPUKROSNO\/","article_modified_time":"2025-07-07T10:44:48+00:00","og_image":[{"width":560,"height":327,"url":"https:\/\/pans.krosno.pl\/cti\/wp-content\/uploads\/sites\/38\/2020\/07\/Poradnik_ListMotywacyjny.png","type":"image\/png"}],"twitter_card":"summary_large_image","twitter_misc":{"Szacowany czas czytania":"5 minut"},"schema":{"@context":"https:\/\/schema.org","@graph":[{"@type":"WebPage","@id":"https:\/\/pans.krosno.pl\/cti\/abc-kariery\/list-motywacyjny\/","url":"https:\/\/pans.krosno.pl\/cti\/abc-kariery\/list-motywacyjny\/","name":"List motywacyjny - Centrum Technologiczne Inkubator PANS w Kro\u015bnie","isPartOf":{"@id":"https:\/\/pans.krosno.pl\/cti\/#website"},"primaryImageOfPage":{"@id":"https:\/\/pans.krosno.pl\/cti\/abc-kariery\/list-motywacyjny\/#primaryimage"},"image":{"@id":"https:\/\/pans.krosno.pl\/cti\/abc-kariery\/list-motywacyjny\/#primaryimage"},"thumbnailUrl":"https:\/\/pans.krosno.pl\/cti\/wp-content\/uploads\/sites\/38\/2020\/07\/Poradnik_ListMotywacyjny.png","datePublished":"2020-07-13T08:09:23+00:00","dateModified":"2025-07-07T10:44:48+00:00","breadcrumb":{"@id":"https:\/\/pans.krosno.pl\/cti\/abc-kariery\/list-motywacyjny\/#breadcrumb"},"inLanguage":"pl-PL","potentialAction":[{"@type":"ReadAction","target":["https:\/\/pans.krosno.pl\/cti\/abc-kariery\/list-motywacyjny\/"]}]},{"@type":"ImageObject","inLanguage":"pl-PL","@id":"https:\/\/pans.krosno.pl\/cti\/abc-kariery\/list-motywacyjny\/#primaryimage","url":"https:\/\/pans.krosno.pl\/cti\/wp-content\/uploads\/sites\/38\/2020\/07\/Poradnik_ListMotywacyjny.png","contentUrl":"https:\/\/pans.krosno.pl\/cti\/wp-content\/uploads\/sites\/38\/2020\/07\/Poradnik_ListMotywacyjny.png","width":560,"height":327},{"@type":"BreadcrumbList","@id":"https:\/\/pans.krosno.pl\/cti\/abc-kariery\/list-motywacyjny\/#breadcrumb","itemListElement":[{"@type":"ListItem","position":1,"name":"Strona g\u0142\u00f3wna","item":"https:\/\/pans.krosno.pl\/cti\/"},{"@type":"ListItem","position":2,"name":"ABC Kariery","item":"https:\/\/pans.krosno.pl\/cti\/abc-kariery\/"},{"@type":"ListItem","position":3,"name":"List motywacyjny"}]},{"@type":"WebSite","@id":"https:\/\/pans.krosno.pl\/cti\/#website","url":"https:\/\/pans.krosno.pl\/cti\/","name":"Biuro Karier","description":"Centrum Technologiczne Inkubator - Pa\u0144stwowa Akademia Nauk Stosowanych","publisher":{"@id":"https:\/\/pans.krosno.pl\/cti\/#organization"},"potentialAction":[{"@type":"SearchAction","target":{"@type":"EntryPoint","urlTemplate":"https:\/\/pans.krosno.pl\/cti\/?s={search_term_string}"},"query-input":{"@type":"PropertyValueSpecification","valueRequired":true,"valueName":"search_term_string"}}],"inLanguage":"pl-PL"},{"@type":"Organization","@id":"https:\/\/pans.krosno.pl\/cti\/#organization","name":"Biuro Karier - Karpacka Pa\u0144stwowa Uczelnia w Kro\u015bnie","url":"https:\/\/pans.krosno.pl\/cti\/","logo":{"@type":"ImageObject","inLanguage":"pl-PL","@id":"https:\/\/pans.krosno.pl\/cti\/#\/schema\/logo\/image\/","url":"https:\/\/pans.krosno.pl\/bk\/wp-content\/uploads\/sites\/38\/2020\/05\/96735643_906333539807912_5732186373989859328_n-1.gif","contentUrl":"https:\/\/pans.krosno.pl\/bk\/wp-content\/uploads\/sites\/38\/2020\/05\/96735643_906333539807912_5732186373989859328_n-1.gif","width":762,"height":137,"caption":"Biuro Karier - Karpacka Pa\u0144stwowa Uczelnia w Kro\u015bnie"},"image":{"@id":"https:\/\/pans.krosno.pl\/cti\/#\/schema\/logo\/image\/"},"sameAs":["https:\/\/www.facebook.com\/BKKPUKROSNO\/"]}]}},"_links":{"self":[{"href":"https:\/\/pans.krosno.pl\/cti\/wp-json\/wp\/v2\/pages\/529","targetHints":{"allow":["GET"]}}],"collection":[{"href":"https:\/\/pans.krosno.pl\/cti\/wp-json\/wp\/v2\/pages"}],"about":[{"href":"https:\/\/pans.krosno.pl\/cti\/wp-json\/wp\/v2\/types\/page"}],"author":[{"embeddable":true,"href":"https:\/\/pans.krosno.pl\/cti\/wp-json\/wp\/v2\/users\/27"}],"replies":[{"embeddable":true,"href":"https:\/\/pans.krosno.pl\/cti\/wp-json\/wp\/v2\/comments?post=529"}],"version-history":[{"count":13,"href":"https:\/\/pans.krosno.pl\/cti\/wp-json\/wp\/v2\/pages\/529\/revisions"}],"predecessor-version":[{"id":5059,"href":"https:\/\/pans.krosno.pl\/cti\/wp-json\/wp\/v2\/pages\/529\/revisions\/5059"}],"up":[{"embeddable":true,"href":"https:\/\/pans.krosno.pl\/cti\/wp-json\/wp\/v2\/pages\/25"}],"wp:attachment":[{"href":"https:\/\/pans.krosno.pl\/cti\/wp-json\/wp\/v2\/media?parent=529"}],"curies":[{"name":"wp","href":"https:\/\/api.w.org\/{rel}","templated":true}]}}