{"id":49,"date":"2020-03-20T14:59:30","date_gmt":"2020-03-20T13:59:30","guid":{"rendered":"https:\/\/pans.krosno.pl\/bk\/?page_id=49"},"modified":"2025-01-08T09:28:30","modified_gmt":"2025-01-08T08:28:30","slug":"informacje-dla-pracodawcow","status":"publish","type":"page","link":"https:\/\/pans.krosno.pl\/cti\/targi-pracy-2024\/informacje-dla-pracodawcow\/","title":{"rendered":"Informacje dla pracodawc\u00f3w 2024"},"content":{"rendered":"\n<div class=\"wp-block-cover\" style=\"min-height:307px;aspect-ratio:unset;\"><span aria-hidden=\"true\" class=\"wp-block-cover__background has-background-dim\"><\/span><img loading=\"lazy\" decoding=\"async\" width=\"1280\" height=\"853\" class=\"wp-block-cover__image-background wp-image-452\" alt=\"\" src=\"https:\/\/pans.krosno.pl\/cti\/wp-content\/uploads\/sites\/38\/2020\/06\/startup-593322_1280.jpg\" data-object-fit=\"cover\" srcset=\"https:\/\/pans.krosno.pl\/cti\/wp-content\/uploads\/sites\/38\/2020\/06\/startup-593322_1280.jpg 1280w, https:\/\/pans.krosno.pl\/cti\/wp-content\/uploads\/sites\/38\/2020\/06\/startup-593322_1280-300x200.jpg 300w, https:\/\/pans.krosno.pl\/cti\/wp-content\/uploads\/sites\/38\/2020\/06\/startup-593322_1280-1024x682.jpg 1024w, https:\/\/pans.krosno.pl\/cti\/wp-content\/uploads\/sites\/38\/2020\/06\/startup-593322_1280-768x512.jpg 768w, https:\/\/pans.krosno.pl\/cti\/wp-content\/uploads\/sites\/38\/2020\/06\/startup-593322_1280-800x533.jpg 800w, https:\/\/pans.krosno.pl\/cti\/wp-content\/uploads\/sites\/38\/2020\/06\/startup-593322_1280-580x387.jpg 580w\" sizes=\"auto, (max-width: 1280px) 100vw, 1280px\" \/><div class=\"wp-block-cover__inner-container is-layout-flow wp-block-cover-is-layout-flow\">\n<p class=\"has-text-align-center has-large-font-size\"><strong>Zapraszamy do wsp\u00f3\u0142pracy<\/strong><\/p>\n<\/div><\/div>\n\n\n<p>&nbsp;<\/p>\n<p style=\"text-align: justify\"><strong>Targi Pracy w Pa\u0144stwowej Akademii Nauk Stosowanych w Kro\u015bnie<\/strong> &#8211; to cykliczne wydarzenie informacyjno-promocyjne dla firm, organizowane na terenie uczelni przez Centrum Technologiczne Inkubator PANS w Kro\u015bnie. <br>Uczestnictwo w Targach jako wystawcy umo\u017cliwi promowanie marki oraz pozwoli na bezpo\u015bredni kontakt ze studentami i absolwentami uczelni.<\/p>\n<p style=\"text-align: justify\">XI Targi Pracy odb\u0119d\u0105 si\u0119 pod honorowym patronatem Rektora PANS w Kro\u015bnie, <br>dra hab. Zbigniewa Barabasza, prof. PANS oraz Prezydenta Miasta Krosna, Pana Piotra Przytockiego.<\/p>\n<p style=\"text-align: justify\"><strong>Targi odb\u0119d\u0105 si\u0119 w dniu 8 marca 2024 roku, w godz. 9.30 \u2013 14.00 w Kampusie techniczno-sportowym PANS w Kro\u015bnie \/hala sportowa\/ przy ul. Stanis\u0142awa Wyspia\u0144skiego 20.<\/strong><\/p>\n<p style=\"text-align: justify\">Firmy i instytucje chc\u0105ce wzi\u0105\u0107 udzia\u0142 w XI Targach Pracy prosimy o kontakt z Centrum Technologicznym Inkubator PANS w Kro\u015bnie, pod nr tel. 13 43 755 18 lub mailowo <a href=\"mailto:cti@pans.krosno.pl\">cti@pans.krosno.pl<\/a>&nbsp;<\/p>\n<p>W programie Targ\u00f3w zaplanowali\u015bmy:<br>\u2022 stoiska wystawc\u00f3w,<br>\u2022 prezentacje firm,<br>\u2022 warsztaty i szkolenia,<br>\u2022 spotkania z pracodawcami, <br>\u2022 CV Point,<br>\u2022 sesja fotograficzna do CV,<br>\u2022 konkursy z nagrodami,<br>\u2022 seminarium bran\u017cowe, <br>\u2022 oferty pracy, praktyk i sta\u017cy,<br>\u2022 oferty pracy wakacyjnej.<\/p>\n<p>Uczestnictwo na Targach w roli wystawcy, pozwoli na kontakt z potencjalnymi pracownikami (studenci, absolwenci, uczniowie klas maturalnych, osoby poszukuj\u0105ce zatrudnienia) oraz umocnienie wzajemnej wsp\u00f3\u0142pracy i promocji przedsi\u0119biorc\u00f3w w \u015brodowisku akademickim.<br><strong>Zapraszamy do udzia\u0142u w XI Targach Pracy PANS w Kro\u015bnie!<\/strong><br>tel. 13 43 755 18<br>mail: <a href=\"mailto:cti@pans.krosno.pl\">cti@pans.krosno.pl<\/a><\/p>\n\n\n<figure class=\"wp-block-image size-large\"><img loading=\"lazy\" decoding=\"async\" width=\"724\" height=\"1024\" src=\"https:\/\/pans.krosno.pl\/cti\/wp-content\/uploads\/sites\/38\/2024\/02\/Targi-pracy-plakat-2024_5.02.24-1-724x1024.png\" alt=\"\" class=\"wp-image-5460\" srcset=\"https:\/\/pans.krosno.pl\/cti\/wp-content\/uploads\/sites\/38\/2024\/02\/Targi-pracy-plakat-2024_5.02.24-1-724x1024.png 724w, https:\/\/pans.krosno.pl\/cti\/wp-content\/uploads\/sites\/38\/2024\/02\/Targi-pracy-plakat-2024_5.02.24-1-212x300.png 212w, https:\/\/pans.krosno.pl\/cti\/wp-content\/uploads\/sites\/38\/2024\/02\/Targi-pracy-plakat-2024_5.02.24-1-768x1086.png 768w, https:\/\/pans.krosno.pl\/cti\/wp-content\/uploads\/sites\/38\/2024\/02\/Targi-pracy-plakat-2024_5.02.24-1-1086x1536.png 1086w, https:\/\/pans.krosno.pl\/cti\/wp-content\/uploads\/sites\/38\/2024\/02\/Targi-pracy-plakat-2024_5.02.24-1-1448x2048.png 1448w, https:\/\/pans.krosno.pl\/cti\/wp-content\/uploads\/sites\/38\/2024\/02\/Targi-pracy-plakat-2024_5.02.24-1-2000x2828.png 2000w, https:\/\/pans.krosno.pl\/cti\/wp-content\/uploads\/sites\/38\/2024\/02\/Targi-pracy-plakat-2024_5.02.24-1-800x1131.png 800w, https:\/\/pans.krosno.pl\/cti\/wp-content\/uploads\/sites\/38\/2024\/02\/Targi-pracy-plakat-2024_5.02.24-1-580x820.png 580w\" sizes=\"auto, (max-width: 724px) 100vw, 724px\" \/><\/figure>\n","protected":false},"excerpt":{"rendered":"<p>&nbsp; Targi Pracy w Pa\u0144stwowej Akademii Nauk Stosowanych w Kro\u015bnie &#8211; to cykliczne wydarzenie informacyjno-promocyjne dla firm, organizowane na terenie uczelni przez Centrum Technologiczne Inkubator PANS w Kro\u015bnie. Uczestnictwo w Targach jako wystawcy umo\u017cliwi promowanie marki oraz pozwoli na bezpo\u015bredni kontakt ze studentami i absolwentami uczelni. XI Targi Pracy odb\u0119d\u0105 [\u2026] <\/p>\n<div class=\"clear\"><\/div>\n<p><a class=\"more_link clearfix\" href=\"https:\/\/pans.krosno.pl\/cti\/targi-pracy-2024\/informacje-dla-pracodawcow\/\" rel=\"nofollow\">Read More<\/a><\/p>\n","protected":false},"author":27,"featured_media":0,"parent":5305,"menu_order":0,"comment_status":"closed","ping_status":"closed","template":"page-templates\/template-full-width.php","meta":{"ngg_post_thumbnail":0,"footnotes":""},"class_list":["post-49","page","type-page","status-publish","hentry"],"yoast_head":"<!-- This site is optimized with the Yoast SEO Premium plugin v27.4 (Yoast SEO v27.4) - https:\/\/yoast.com\/product\/yoast-seo-premium-wordpress\/ -->\n<title>Informacje dla pracodawc\u00f3w 2024 - Centrum Technologiczne Inkubator PANS w Kro\u015bnie<\/title>\n<meta name=\"robots\" content=\"index, follow, max-snippet:-1, max-image-preview:large, max-video-preview:-1\" \/>\n<link rel=\"canonical\" href=\"https:\/\/pans.krosno.pl\/cti\/targi-pracy-2024\/informacje-dla-pracodawcow\/\" \/>\n<meta property=\"og:locale\" content=\"pl_PL\" \/>\n<meta property=\"og:type\" content=\"article\" \/>\n<meta property=\"og:title\" content=\"Informacje dla pracodawc\u00f3w 2024\" \/>\n<meta property=\"og:description\" content=\"&nbsp; Targi Pracy w Pa\u0144stwowej Akademii Nauk Stosowanych w Kro\u015bnie &#8211; to cykliczne wydarzenie informacyjno-promocyjne dla firm, organizowane na terenie uczelni przez Centrum Technologiczne Inkubator PANS w Kro\u015bnie. Uczestnictwo w Targach jako wystawcy umo\u017cliwi promowanie marki oraz pozwoli na bezpo\u015bredni kontakt ze studentami i absolwentami uczelni. XI Targi Pracy odb\u0119d\u0105 [\u2026] Read More\" \/>\n<meta property=\"og:url\" content=\"https:\/\/pans.krosno.pl\/cti\/targi-pracy-2024\/informacje-dla-pracodawcow\/\" \/>\n<meta property=\"og:site_name\" content=\"Centrum Technologiczne Inkubator PANS w Kro\u015bnie\" \/>\n<meta property=\"article:publisher\" content=\"https:\/\/www.facebook.com\/BKKPUKROSNO\/\" \/>\n<meta property=\"article:modified_time\" content=\"2025-01-08T08:28:30+00:00\" \/>\n<meta property=\"og:image\" content=\"https:\/\/pans.krosno.pl\/cti\/wp-content\/uploads\/sites\/38\/2020\/06\/startup-593322_1280.jpg\" \/>\n\t<meta property=\"og:image:width\" content=\"1280\" \/>\n\t<meta property=\"og:image:height\" content=\"853\" \/>\n\t<meta property=\"og:image:type\" content=\"image\/jpeg\" \/>\n<meta name=\"twitter:card\" content=\"summary_large_image\" \/>\n<script type=\"application\/ld+json\" class=\"yoast-schema-graph\">{\"@context\":\"https:\\\/\\\/schema.org\",\"@graph\":[{\"@type\":\"WebPage\",\"@id\":\"https:\\\/\\\/pans.krosno.pl\\\/cti\\\/targi-pracy-2024\\\/informacje-dla-pracodawcow\\\/\",\"url\":\"https:\\\/\\\/pans.krosno.pl\\\/cti\\\/targi-pracy-2024\\\/informacje-dla-pracodawcow\\\/\",\"name\":\"Informacje dla pracodawc\u00f3w 2024 - Centrum Technologiczne Inkubator PANS w Kro\u015bnie\",\"isPartOf\":{\"@id\":\"https:\\\/\\\/pans.krosno.pl\\\/cti\\\/#website\"},\"primaryImageOfPage\":{\"@id\":\"https:\\\/\\\/pans.krosno.pl\\\/cti\\\/targi-pracy-2024\\\/informacje-dla-pracodawcow\\\/#primaryimage\"},\"image\":{\"@id\":\"https:\\\/\\\/pans.krosno.pl\\\/cti\\\/targi-pracy-2024\\\/informacje-dla-pracodawcow\\\/#primaryimage\"},\"thumbnailUrl\":\"https:\\\/\\\/pans.krosno.pl\\\/cti\\\/wp-content\\\/uploads\\\/sites\\\/38\\\/2020\\\/06\\\/startup-593322_1280.jpg\",\"datePublished\":\"2020-03-20T13:59:30+00:00\",\"dateModified\":\"2025-01-08T08:28:30+00:00\",\"breadcrumb\":{\"@id\":\"https:\\\/\\\/pans.krosno.pl\\\/cti\\\/targi-pracy-2024\\\/informacje-dla-pracodawcow\\\/#breadcrumb\"},\"inLanguage\":\"pl-PL\",\"potentialAction\":[{\"@type\":\"ReadAction\",\"target\":[\"https:\\\/\\\/pans.krosno.pl\\\/cti\\\/targi-pracy-2024\\\/informacje-dla-pracodawcow\\\/\"]}]},{\"@type\":\"ImageObject\",\"inLanguage\":\"pl-PL\",\"@id\":\"https:\\\/\\\/pans.krosno.pl\\\/cti\\\/targi-pracy-2024\\\/informacje-dla-pracodawcow\\\/#primaryimage\",\"url\":\"https:\\\/\\\/pans.krosno.pl\\\/cti\\\/wp-content\\\/uploads\\\/sites\\\/38\\\/2020\\\/06\\\/startup-593322_1280.jpg\",\"contentUrl\":\"https:\\\/\\\/pans.krosno.pl\\\/cti\\\/wp-content\\\/uploads\\\/sites\\\/38\\\/2020\\\/06\\\/startup-593322_1280.jpg\",\"width\":1280,\"height\":853},{\"@type\":\"BreadcrumbList\",\"@id\":\"https:\\\/\\\/pans.krosno.pl\\\/cti\\\/targi-pracy-2024\\\/informacje-dla-pracodawcow\\\/#breadcrumb\",\"itemListElement\":[{\"@type\":\"ListItem\",\"position\":1,\"name\":\"Strona g\u0142\u00f3wna\",\"item\":\"https:\\\/\\\/pans.krosno.pl\\\/cti\\\/\"},{\"@type\":\"ListItem\",\"position\":2,\"name\":\"Targi Pracy 2024\",\"item\":\"https:\\\/\\\/pans.krosno.pl\\\/cti\\\/targi-pracy-2024\\\/\"},{\"@type\":\"ListItem\",\"position\":3,\"name\":\"Informacje dla pracodawc\u00f3w 2024\"}]},{\"@type\":\"WebSite\",\"@id\":\"https:\\\/\\\/pans.krosno.pl\\\/cti\\\/#website\",\"url\":\"https:\\\/\\\/pans.krosno.pl\\\/cti\\\/\",\"name\":\"Biuro Karier\",\"description\":\"Centrum Technologiczne Inkubator - Pa\u0144stwowa Akademia Nauk Stosowanych\",\"publisher\":{\"@id\":\"https:\\\/\\\/pans.krosno.pl\\\/cti\\\/#organization\"},\"potentialAction\":[{\"@type\":\"SearchAction\",\"target\":{\"@type\":\"EntryPoint\",\"urlTemplate\":\"https:\\\/\\\/pans.krosno.pl\\\/cti\\\/?s={search_term_string}\"},\"query-input\":{\"@type\":\"PropertyValueSpecification\",\"valueRequired\":true,\"valueName\":\"search_term_string\"}}],\"inLanguage\":\"pl-PL\"},{\"@type\":\"Organization\",\"@id\":\"https:\\\/\\\/pans.krosno.pl\\\/cti\\\/#organization\",\"name\":\"Biuro Karier - Karpacka Pa\u0144stwowa Uczelnia w Kro\u015bnie\",\"url\":\"https:\\\/\\\/pans.krosno.pl\\\/cti\\\/\",\"logo\":{\"@type\":\"ImageObject\",\"inLanguage\":\"pl-PL\",\"@id\":\"https:\\\/\\\/pans.krosno.pl\\\/cti\\\/#\\\/schema\\\/logo\\\/image\\\/\",\"url\":\"https:\\\/\\\/pans.krosno.pl\\\/bk\\\/wp-content\\\/uploads\\\/sites\\\/38\\\/2020\\\/05\\\/96735643_906333539807912_5732186373989859328_n-1.gif\",\"contentUrl\":\"https:\\\/\\\/pans.krosno.pl\\\/bk\\\/wp-content\\\/uploads\\\/sites\\\/38\\\/2020\\\/05\\\/96735643_906333539807912_5732186373989859328_n-1.gif\",\"width\":762,\"height\":137,\"caption\":\"Biuro Karier - Karpacka Pa\u0144stwowa Uczelnia w Kro\u015bnie\"},\"image\":{\"@id\":\"https:\\\/\\\/pans.krosno.pl\\\/cti\\\/#\\\/schema\\\/logo\\\/image\\\/\"},\"sameAs\":[\"https:\\\/\\\/www.facebook.com\\\/BKKPUKROSNO\\\/\"]}]}<\/script>\n<!-- \/ Yoast SEO Premium plugin. -->","yoast_head_json":{"title":"Informacje dla pracodawc\u00f3w 2024 - Centrum Technologiczne Inkubator PANS w Kro\u015bnie","robots":{"index":"index","follow":"follow","max-snippet":"max-snippet:-1","max-image-preview":"max-image-preview:large","max-video-preview":"max-video-preview:-1"},"canonical":"https:\/\/pans.krosno.pl\/cti\/targi-pracy-2024\/informacje-dla-pracodawcow\/","og_locale":"pl_PL","og_type":"article","og_title":"Informacje dla pracodawc\u00f3w 2024","og_description":"&nbsp; Targi Pracy w Pa\u0144stwowej Akademii Nauk Stosowanych w Kro\u015bnie &#8211; to cykliczne wydarzenie informacyjno-promocyjne dla firm, organizowane na terenie uczelni przez Centrum Technologiczne Inkubator PANS w Kro\u015bnie. Uczestnictwo w Targach jako wystawcy umo\u017cliwi promowanie marki oraz pozwoli na bezpo\u015bredni kontakt ze studentami i absolwentami uczelni. XI Targi Pracy odb\u0119d\u0105 [\u2026] Read More","og_url":"https:\/\/pans.krosno.pl\/cti\/targi-pracy-2024\/informacje-dla-pracodawcow\/","og_site_name":"Centrum Technologiczne Inkubator PANS w Kro\u015bnie","article_publisher":"https:\/\/www.facebook.com\/BKKPUKROSNO\/","article_modified_time":"2025-01-08T08:28:30+00:00","og_image":[{"width":1280,"height":853,"url":"https:\/\/pans.krosno.pl\/cti\/wp-content\/uploads\/sites\/38\/2020\/06\/startup-593322_1280.jpg","type":"image\/jpeg"}],"twitter_card":"summary_large_image","schema":{"@context":"https:\/\/schema.org","@graph":[{"@type":"WebPage","@id":"https:\/\/pans.krosno.pl\/cti\/targi-pracy-2024\/informacje-dla-pracodawcow\/","url":"https:\/\/pans.krosno.pl\/cti\/targi-pracy-2024\/informacje-dla-pracodawcow\/","name":"Informacje dla pracodawc\u00f3w 2024 - Centrum Technologiczne Inkubator PANS w Kro\u015bnie","isPartOf":{"@id":"https:\/\/pans.krosno.pl\/cti\/#website"},"primaryImageOfPage":{"@id":"https:\/\/pans.krosno.pl\/cti\/targi-pracy-2024\/informacje-dla-pracodawcow\/#primaryimage"},"image":{"@id":"https:\/\/pans.krosno.pl\/cti\/targi-pracy-2024\/informacje-dla-pracodawcow\/#primaryimage"},"thumbnailUrl":"https:\/\/pans.krosno.pl\/cti\/wp-content\/uploads\/sites\/38\/2020\/06\/startup-593322_1280.jpg","datePublished":"2020-03-20T13:59:30+00:00","dateModified":"2025-01-08T08:28:30+00:00","breadcrumb":{"@id":"https:\/\/pans.krosno.pl\/cti\/targi-pracy-2024\/informacje-dla-pracodawcow\/#breadcrumb"},"inLanguage":"pl-PL","potentialAction":[{"@type":"ReadAction","target":["https:\/\/pans.krosno.pl\/cti\/targi-pracy-2024\/informacje-dla-pracodawcow\/"]}]},{"@type":"ImageObject","inLanguage":"pl-PL","@id":"https:\/\/pans.krosno.pl\/cti\/targi-pracy-2024\/informacje-dla-pracodawcow\/#primaryimage","url":"https:\/\/pans.krosno.pl\/cti\/wp-content\/uploads\/sites\/38\/2020\/06\/startup-593322_1280.jpg","contentUrl":"https:\/\/pans.krosno.pl\/cti\/wp-content\/uploads\/sites\/38\/2020\/06\/startup-593322_1280.jpg","width":1280,"height":853},{"@type":"BreadcrumbList","@id":"https:\/\/pans.krosno.pl\/cti\/targi-pracy-2024\/informacje-dla-pracodawcow\/#breadcrumb","itemListElement":[{"@type":"ListItem","position":1,"name":"Strona g\u0142\u00f3wna","item":"https:\/\/pans.krosno.pl\/cti\/"},{"@type":"ListItem","position":2,"name":"Targi Pracy 2024","item":"https:\/\/pans.krosno.pl\/cti\/targi-pracy-2024\/"},{"@type":"ListItem","position":3,"name":"Informacje dla pracodawc\u00f3w 2024"}]},{"@type":"WebSite","@id":"https:\/\/pans.krosno.pl\/cti\/#website","url":"https:\/\/pans.krosno.pl\/cti\/","name":"Biuro Karier","description":"Centrum Technologiczne Inkubator - Pa\u0144stwowa Akademia Nauk Stosowanych","publisher":{"@id":"https:\/\/pans.krosno.pl\/cti\/#organization"},"potentialAction":[{"@type":"SearchAction","target":{"@type":"EntryPoint","urlTemplate":"https:\/\/pans.krosno.pl\/cti\/?s={search_term_string}"},"query-input":{"@type":"PropertyValueSpecification","valueRequired":true,"valueName":"search_term_string"}}],"inLanguage":"pl-PL"},{"@type":"Organization","@id":"https:\/\/pans.krosno.pl\/cti\/#organization","name":"Biuro Karier - Karpacka Pa\u0144stwowa Uczelnia w Kro\u015bnie","url":"https:\/\/pans.krosno.pl\/cti\/","logo":{"@type":"ImageObject","inLanguage":"pl-PL","@id":"https:\/\/pans.krosno.pl\/cti\/#\/schema\/logo\/image\/","url":"https:\/\/pans.krosno.pl\/bk\/wp-content\/uploads\/sites\/38\/2020\/05\/96735643_906333539807912_5732186373989859328_n-1.gif","contentUrl":"https:\/\/pans.krosno.pl\/bk\/wp-content\/uploads\/sites\/38\/2020\/05\/96735643_906333539807912_5732186373989859328_n-1.gif","width":762,"height":137,"caption":"Biuro Karier - Karpacka Pa\u0144stwowa Uczelnia w Kro\u015bnie"},"image":{"@id":"https:\/\/pans.krosno.pl\/cti\/#\/schema\/logo\/image\/"},"sameAs":["https:\/\/www.facebook.com\/BKKPUKROSNO\/"]}]}},"_links":{"self":[{"href":"https:\/\/pans.krosno.pl\/cti\/wp-json\/wp\/v2\/pages\/49","targetHints":{"allow":["GET"]}}],"collection":[{"href":"https:\/\/pans.krosno.pl\/cti\/wp-json\/wp\/v2\/pages"}],"about":[{"href":"https:\/\/pans.krosno.pl\/cti\/wp-json\/wp\/v2\/types\/page"}],"author":[{"embeddable":true,"href":"https:\/\/pans.krosno.pl\/cti\/wp-json\/wp\/v2\/users\/27"}],"replies":[{"embeddable":true,"href":"https:\/\/pans.krosno.pl\/cti\/wp-json\/wp\/v2\/comments?post=49"}],"version-history":[{"count":36,"href":"https:\/\/pans.krosno.pl\/cti\/wp-json\/wp\/v2\/pages\/49\/revisions"}],"predecessor-version":[{"id":6155,"href":"https:\/\/pans.krosno.pl\/cti\/wp-json\/wp\/v2\/pages\/49\/revisions\/6155"}],"up":[{"embeddable":true,"href":"https:\/\/pans.krosno.pl\/cti\/wp-json\/wp\/v2\/pages\/5305"}],"wp:attachment":[{"href":"https:\/\/pans.krosno.pl\/cti\/wp-json\/wp\/v2\/media?parent=49"}],"curies":[{"name":"wp","href":"https:\/\/api.w.org\/{rel}","templated":true}]}}