{"id":27,"date":"2020-03-20T14:58:01","date_gmt":"2020-03-20T13:58:01","guid":{"rendered":"https:\/\/pans.krosno.pl\/bk\/?page_id=27"},"modified":"2024-11-26T10:54:56","modified_gmt":"2024-11-26T09:54:56","slug":"sylwetki-absolwenta","status":"publish","type":"page","link":"https:\/\/pans.krosno.pl\/cti\/sylwetki-absolwenta\/","title":{"rendered":"Sylwetki Absolwent\u00f3w"},"content":{"rendered":"\n<div class=\"wp-block-cover is-light\" style=\"min-height:220px;aspect-ratio:unset;\"><span aria-hidden=\"true\" class=\"wp-block-cover__background has-background-dim\"><\/span><img loading=\"lazy\" decoding=\"async\" width=\"1280\" height=\"853\" class=\"wp-block-cover__image-background wp-image-479\" alt=\"\" src=\"https:\/\/pans.krosno.pl\/bk\/wp-content\/uploads\/sites\/38\/2020\/06\/Absolwenci_1.jpg\" style=\"object-position:54% 31%\" data-object-fit=\"cover\" data-object-position=\"54% 31%\" srcset=\"https:\/\/pans.krosno.pl\/cti\/wp-content\/uploads\/sites\/38\/2020\/06\/Absolwenci_1.jpg 1280w, https:\/\/pans.krosno.pl\/cti\/wp-content\/uploads\/sites\/38\/2020\/06\/Absolwenci_1-300x200.jpg 300w, https:\/\/pans.krosno.pl\/cti\/wp-content\/uploads\/sites\/38\/2020\/06\/Absolwenci_1-1024x682.jpg 1024w, https:\/\/pans.krosno.pl\/cti\/wp-content\/uploads\/sites\/38\/2020\/06\/Absolwenci_1-768x512.jpg 768w, https:\/\/pans.krosno.pl\/cti\/wp-content\/uploads\/sites\/38\/2020\/06\/Absolwenci_1-800x533.jpg 800w, https:\/\/pans.krosno.pl\/cti\/wp-content\/uploads\/sites\/38\/2020\/06\/Absolwenci_1-580x387.jpg 580w\" sizes=\"auto, (max-width: 1280px) 100vw, 1280px\" \/><div class=\"wp-block-cover__inner-container is-layout-flow wp-block-cover-is-layout-flow\">\n<p class=\"has-text-align-center has-white-color has-text-color has-large-font-size\"><strong>Podziel si\u0119 z nami wspomnieniami:-)<\/strong><\/p>\n<\/div><\/div>\n\n\n<p>&nbsp;<\/p>\n<p><strong>Zapraszamy absolwent\u00f3w naszej Uczelni do przesy\u0142ania wspomnie\u0144 z czas\u00f3w studi\u00f3w na adres: <a href=\"mailto:absolwent@pans.krosno.pl\">absolwent@pans.krosno.pl<\/a> lub <a href=\"mailto:biurokarier@pans.krosno.pl\">biurokarier@pans.krosno.pl<\/a><\/strong><\/p>\n<p><strong>Sylwetki naszych absolwent\u00f3w dost\u0119pne s\u0105 na stronie uczelni: <a href=\"https:\/\/pans.krosno.pl\/absolwenci\/\">https:\/\/pans.krosno.pl\/absolwenci\/<\/a> <br><\/strong><\/p>\n<p><strong>Zapraszamy!!!<\/strong><\/p>\n\n\n<p><\/p>\n","protected":false},"excerpt":{"rendered":"<p>&nbsp; Zapraszamy absolwent\u00f3w naszej Uczelni do przesy\u0142ania wspomnie\u0144 z czas\u00f3w studi\u00f3w na adres: absolwent@pans.krosno.pl lub biurokarier@pans.krosno.pl Sylwetki naszych absolwent\u00f3w dost\u0119pne s\u0105 na stronie uczelni: https:\/\/pans.krosno.pl\/absolwenci\/ Zapraszamy!!!<\/p>\n","protected":false},"author":27,"featured_media":0,"parent":0,"menu_order":0,"comment_status":"closed","ping_status":"closed","template":"page-templates\/template-full-width.php","meta":{"ngg_post_thumbnail":0,"footnotes":""},"class_list":["post-27","page","type-page","status-publish","hentry"],"yoast_head":"<!-- This site is optimized with the Yoast SEO Premium plugin v27.4 (Yoast SEO v27.4) - https:\/\/yoast.com\/product\/yoast-seo-premium-wordpress\/ -->\n<title>Sylwetki Absolwent\u00f3w - Centrum Technologiczne Inkubator PANS w Kro\u015bnie<\/title>\n<meta name=\"robots\" content=\"index, follow, max-snippet:-1, max-image-preview:large, max-video-preview:-1\" \/>\n<link rel=\"canonical\" href=\"https:\/\/pans.krosno.pl\/cti\/sylwetki-absolwenta\/\" \/>\n<meta property=\"og:locale\" content=\"pl_PL\" \/>\n<meta property=\"og:type\" content=\"article\" \/>\n<meta property=\"og:title\" content=\"Sylwetki Absolwent\u00f3w\" \/>\n<meta property=\"og:description\" content=\"&nbsp; Zapraszamy absolwent\u00f3w naszej Uczelni do przesy\u0142ania wspomnie\u0144 z czas\u00f3w studi\u00f3w na adres: absolwent@pans.krosno.pl lub biurokarier@pans.krosno.pl Sylwetki naszych absolwent\u00f3w dost\u0119pne s\u0105 na stronie uczelni: https:\/\/pans.krosno.pl\/absolwenci\/ Zapraszamy!!!\" \/>\n<meta property=\"og:url\" content=\"https:\/\/pans.krosno.pl\/cti\/sylwetki-absolwenta\/\" \/>\n<meta property=\"og:site_name\" content=\"Centrum Technologiczne Inkubator PANS w Kro\u015bnie\" \/>\n<meta property=\"article:publisher\" content=\"https:\/\/www.facebook.com\/BKKPUKROSNO\/\" \/>\n<meta property=\"article:modified_time\" content=\"2024-11-26T09:54:56+00:00\" \/>\n<meta property=\"og:image\" content=\"https:\/\/pans.krosno.pl\/cti\/wp-content\/uploads\/sites\/38\/2020\/06\/Absolwenci_1.jpg\" \/>\n\t<meta property=\"og:image:width\" content=\"1280\" \/>\n\t<meta property=\"og:image:height\" content=\"853\" \/>\n\t<meta property=\"og:image:type\" content=\"image\/jpeg\" \/>\n<meta name=\"twitter:card\" content=\"summary_large_image\" \/>\n<meta name=\"twitter:label1\" content=\"Szacowany czas czytania\" \/>\n\t<meta name=\"twitter:data1\" content=\"1 minuta\" \/>\n<script type=\"application\/ld+json\" class=\"yoast-schema-graph\">{\"@context\":\"https:\\\/\\\/schema.org\",\"@graph\":[{\"@type\":\"WebPage\",\"@id\":\"https:\\\/\\\/pans.krosno.pl\\\/cti\\\/sylwetki-absolwenta\\\/\",\"url\":\"https:\\\/\\\/pans.krosno.pl\\\/cti\\\/sylwetki-absolwenta\\\/\",\"name\":\"Sylwetki Absolwent\u00f3w - Centrum Technologiczne Inkubator PANS w Kro\u015bnie\",\"isPartOf\":{\"@id\":\"https:\\\/\\\/pans.krosno.pl\\\/cti\\\/#website\"},\"primaryImageOfPage\":{\"@id\":\"https:\\\/\\\/pans.krosno.pl\\\/cti\\\/sylwetki-absolwenta\\\/#primaryimage\"},\"image\":{\"@id\":\"https:\\\/\\\/pans.krosno.pl\\\/cti\\\/sylwetki-absolwenta\\\/#primaryimage\"},\"thumbnailUrl\":\"https:\\\/\\\/pans.krosno.pl\\\/bk\\\/wp-content\\\/uploads\\\/sites\\\/38\\\/2020\\\/06\\\/Absolwenci_1.jpg\",\"datePublished\":\"2020-03-20T13:58:01+00:00\",\"dateModified\":\"2024-11-26T09:54:56+00:00\",\"breadcrumb\":{\"@id\":\"https:\\\/\\\/pans.krosno.pl\\\/cti\\\/sylwetki-absolwenta\\\/#breadcrumb\"},\"inLanguage\":\"pl-PL\",\"potentialAction\":[{\"@type\":\"ReadAction\",\"target\":[\"https:\\\/\\\/pans.krosno.pl\\\/cti\\\/sylwetki-absolwenta\\\/\"]}]},{\"@type\":\"ImageObject\",\"inLanguage\":\"pl-PL\",\"@id\":\"https:\\\/\\\/pans.krosno.pl\\\/cti\\\/sylwetki-absolwenta\\\/#primaryimage\",\"url\":\"https:\\\/\\\/pans.krosno.pl\\\/bk\\\/wp-content\\\/uploads\\\/sites\\\/38\\\/2020\\\/06\\\/Absolwenci_1.jpg\",\"contentUrl\":\"https:\\\/\\\/pans.krosno.pl\\\/bk\\\/wp-content\\\/uploads\\\/sites\\\/38\\\/2020\\\/06\\\/Absolwenci_1.jpg\"},{\"@type\":\"BreadcrumbList\",\"@id\":\"https:\\\/\\\/pans.krosno.pl\\\/cti\\\/sylwetki-absolwenta\\\/#breadcrumb\",\"itemListElement\":[{\"@type\":\"ListItem\",\"position\":1,\"name\":\"Strona g\u0142\u00f3wna\",\"item\":\"https:\\\/\\\/pans.krosno.pl\\\/cti\\\/\"},{\"@type\":\"ListItem\",\"position\":2,\"name\":\"Sylwetki Absolwent\u00f3w\"}]},{\"@type\":\"WebSite\",\"@id\":\"https:\\\/\\\/pans.krosno.pl\\\/cti\\\/#website\",\"url\":\"https:\\\/\\\/pans.krosno.pl\\\/cti\\\/\",\"name\":\"Biuro Karier\",\"description\":\"Centrum Technologiczne Inkubator - Pa\u0144stwowa Akademia Nauk Stosowanych\",\"publisher\":{\"@id\":\"https:\\\/\\\/pans.krosno.pl\\\/cti\\\/#organization\"},\"potentialAction\":[{\"@type\":\"SearchAction\",\"target\":{\"@type\":\"EntryPoint\",\"urlTemplate\":\"https:\\\/\\\/pans.krosno.pl\\\/cti\\\/?s={search_term_string}\"},\"query-input\":{\"@type\":\"PropertyValueSpecification\",\"valueRequired\":true,\"valueName\":\"search_term_string\"}}],\"inLanguage\":\"pl-PL\"},{\"@type\":\"Organization\",\"@id\":\"https:\\\/\\\/pans.krosno.pl\\\/cti\\\/#organization\",\"name\":\"Biuro Karier - Karpacka Pa\u0144stwowa Uczelnia w Kro\u015bnie\",\"url\":\"https:\\\/\\\/pans.krosno.pl\\\/cti\\\/\",\"logo\":{\"@type\":\"ImageObject\",\"inLanguage\":\"pl-PL\",\"@id\":\"https:\\\/\\\/pans.krosno.pl\\\/cti\\\/#\\\/schema\\\/logo\\\/image\\\/\",\"url\":\"https:\\\/\\\/pans.krosno.pl\\\/bk\\\/wp-content\\\/uploads\\\/sites\\\/38\\\/2020\\\/05\\\/96735643_906333539807912_5732186373989859328_n-1.gif\",\"contentUrl\":\"https:\\\/\\\/pans.krosno.pl\\\/bk\\\/wp-content\\\/uploads\\\/sites\\\/38\\\/2020\\\/05\\\/96735643_906333539807912_5732186373989859328_n-1.gif\",\"width\":762,\"height\":137,\"caption\":\"Biuro Karier - Karpacka Pa\u0144stwowa Uczelnia w Kro\u015bnie\"},\"image\":{\"@id\":\"https:\\\/\\\/pans.krosno.pl\\\/cti\\\/#\\\/schema\\\/logo\\\/image\\\/\"},\"sameAs\":[\"https:\\\/\\\/www.facebook.com\\\/BKKPUKROSNO\\\/\"]}]}<\/script>\n<!-- \/ Yoast SEO Premium plugin. -->","yoast_head_json":{"title":"Sylwetki Absolwent\u00f3w - Centrum Technologiczne Inkubator PANS w Kro\u015bnie","robots":{"index":"index","follow":"follow","max-snippet":"max-snippet:-1","max-image-preview":"max-image-preview:large","max-video-preview":"max-video-preview:-1"},"canonical":"https:\/\/pans.krosno.pl\/cti\/sylwetki-absolwenta\/","og_locale":"pl_PL","og_type":"article","og_title":"Sylwetki Absolwent\u00f3w","og_description":"&nbsp; Zapraszamy absolwent\u00f3w naszej Uczelni do przesy\u0142ania wspomnie\u0144 z czas\u00f3w studi\u00f3w na adres: absolwent@pans.krosno.pl lub biurokarier@pans.krosno.pl Sylwetki naszych absolwent\u00f3w dost\u0119pne s\u0105 na stronie uczelni: https:\/\/pans.krosno.pl\/absolwenci\/ Zapraszamy!!!","og_url":"https:\/\/pans.krosno.pl\/cti\/sylwetki-absolwenta\/","og_site_name":"Centrum Technologiczne Inkubator PANS w Kro\u015bnie","article_publisher":"https:\/\/www.facebook.com\/BKKPUKROSNO\/","article_modified_time":"2024-11-26T09:54:56+00:00","og_image":[{"width":1280,"height":853,"url":"https:\/\/pans.krosno.pl\/cti\/wp-content\/uploads\/sites\/38\/2020\/06\/Absolwenci_1.jpg","type":"image\/jpeg"}],"twitter_card":"summary_large_image","twitter_misc":{"Szacowany czas czytania":"1 minuta"},"schema":{"@context":"https:\/\/schema.org","@graph":[{"@type":"WebPage","@id":"https:\/\/pans.krosno.pl\/cti\/sylwetki-absolwenta\/","url":"https:\/\/pans.krosno.pl\/cti\/sylwetki-absolwenta\/","name":"Sylwetki Absolwent\u00f3w - Centrum Technologiczne Inkubator PANS w Kro\u015bnie","isPartOf":{"@id":"https:\/\/pans.krosno.pl\/cti\/#website"},"primaryImageOfPage":{"@id":"https:\/\/pans.krosno.pl\/cti\/sylwetki-absolwenta\/#primaryimage"},"image":{"@id":"https:\/\/pans.krosno.pl\/cti\/sylwetki-absolwenta\/#primaryimage"},"thumbnailUrl":"https:\/\/pans.krosno.pl\/bk\/wp-content\/uploads\/sites\/38\/2020\/06\/Absolwenci_1.jpg","datePublished":"2020-03-20T13:58:01+00:00","dateModified":"2024-11-26T09:54:56+00:00","breadcrumb":{"@id":"https:\/\/pans.krosno.pl\/cti\/sylwetki-absolwenta\/#breadcrumb"},"inLanguage":"pl-PL","potentialAction":[{"@type":"ReadAction","target":["https:\/\/pans.krosno.pl\/cti\/sylwetki-absolwenta\/"]}]},{"@type":"ImageObject","inLanguage":"pl-PL","@id":"https:\/\/pans.krosno.pl\/cti\/sylwetki-absolwenta\/#primaryimage","url":"https:\/\/pans.krosno.pl\/bk\/wp-content\/uploads\/sites\/38\/2020\/06\/Absolwenci_1.jpg","contentUrl":"https:\/\/pans.krosno.pl\/bk\/wp-content\/uploads\/sites\/38\/2020\/06\/Absolwenci_1.jpg"},{"@type":"BreadcrumbList","@id":"https:\/\/pans.krosno.pl\/cti\/sylwetki-absolwenta\/#breadcrumb","itemListElement":[{"@type":"ListItem","position":1,"name":"Strona g\u0142\u00f3wna","item":"https:\/\/pans.krosno.pl\/cti\/"},{"@type":"ListItem","position":2,"name":"Sylwetki Absolwent\u00f3w"}]},{"@type":"WebSite","@id":"https:\/\/pans.krosno.pl\/cti\/#website","url":"https:\/\/pans.krosno.pl\/cti\/","name":"Biuro Karier","description":"Centrum Technologiczne Inkubator - Pa\u0144stwowa Akademia Nauk Stosowanych","publisher":{"@id":"https:\/\/pans.krosno.pl\/cti\/#organization"},"potentialAction":[{"@type":"SearchAction","target":{"@type":"EntryPoint","urlTemplate":"https:\/\/pans.krosno.pl\/cti\/?s={search_term_string}"},"query-input":{"@type":"PropertyValueSpecification","valueRequired":true,"valueName":"search_term_string"}}],"inLanguage":"pl-PL"},{"@type":"Organization","@id":"https:\/\/pans.krosno.pl\/cti\/#organization","name":"Biuro Karier - Karpacka Pa\u0144stwowa Uczelnia w Kro\u015bnie","url":"https:\/\/pans.krosno.pl\/cti\/","logo":{"@type":"ImageObject","inLanguage":"pl-PL","@id":"https:\/\/pans.krosno.pl\/cti\/#\/schema\/logo\/image\/","url":"https:\/\/pans.krosno.pl\/bk\/wp-content\/uploads\/sites\/38\/2020\/05\/96735643_906333539807912_5732186373989859328_n-1.gif","contentUrl":"https:\/\/pans.krosno.pl\/bk\/wp-content\/uploads\/sites\/38\/2020\/05\/96735643_906333539807912_5732186373989859328_n-1.gif","width":762,"height":137,"caption":"Biuro Karier - Karpacka Pa\u0144stwowa Uczelnia w Kro\u015bnie"},"image":{"@id":"https:\/\/pans.krosno.pl\/cti\/#\/schema\/logo\/image\/"},"sameAs":["https:\/\/www.facebook.com\/BKKPUKROSNO\/"]}]}},"_links":{"self":[{"href":"https:\/\/pans.krosno.pl\/cti\/wp-json\/wp\/v2\/pages\/27","targetHints":{"allow":["GET"]}}],"collection":[{"href":"https:\/\/pans.krosno.pl\/cti\/wp-json\/wp\/v2\/pages"}],"about":[{"href":"https:\/\/pans.krosno.pl\/cti\/wp-json\/wp\/v2\/types\/page"}],"author":[{"embeddable":true,"href":"https:\/\/pans.krosno.pl\/cti\/wp-json\/wp\/v2\/users\/27"}],"replies":[{"embeddable":true,"href":"https:\/\/pans.krosno.pl\/cti\/wp-json\/wp\/v2\/comments?post=27"}],"version-history":[{"count":13,"href":"https:\/\/pans.krosno.pl\/cti\/wp-json\/wp\/v2\/pages\/27\/revisions"}],"predecessor-version":[{"id":6117,"href":"https:\/\/pans.krosno.pl\/cti\/wp-json\/wp\/v2\/pages\/27\/revisions\/6117"}],"wp:attachment":[{"href":"https:\/\/pans.krosno.pl\/cti\/wp-json\/wp\/v2\/media?parent=27"}],"curies":[{"name":"wp","href":"https:\/\/api.w.org\/{rel}","templated":true}]}}