{"id":26,"date":"2020-03-20T14:58:01","date_gmt":"2020-03-20T13:58:01","guid":{"rendered":"https:\/\/pans.krosno.pl\/bk\/?page_id=26"},"modified":"2023-07-26T12:31:26","modified_gmt":"2023-07-26T10:31:26","slug":"przydatne-linki","status":"publish","type":"page","link":"https:\/\/pans.krosno.pl\/cti\/przydatne-linki\/","title":{"rendered":"Przydatne linki"},"content":{"rendered":"<p style=\"font-weight: 400\"><a href=\"https:\/\/psz.praca.gov.pl\/\"><strong>www.psz.praca.gov.pl<\/strong><\/a><\/p>\n<p style=\"font-weight: 400\">Wortal Publicznych S\u0142u\u017cb Zatrudnienia to serwis informacyjny, w kt\u00f3rym Ministerstwo Rodziny, Pracy i Polityki Spo\u0142ecznej oraz powiatowe i wojew\u00f3dzkie urz\u0119dy pracy publikuj\u0105 informacje adresowane dla os\u00f3b bezrobotnych i poszukuj\u0105cych pracy a tak\u017ce pracodawc\u00f3w.<\/p>\n<p style=\"font-weight: 400\"><strong><a href=\"https:\/\/eures.praca.gov.pl\/\">eures.praca.gov.pl<\/a><\/strong><\/p>\n<p style=\"font-weight: 400\">Us\u0142ugi sieci EURES s\u0105 og\u00f3lnodost\u0119pne i skierowane do poszukuj\u0105cych pracy, zainteresowanych wyjazdem do innego pa\u0144stwa cz\u0142onkowskiego w celach podj\u0119cia pracy oraz do pracodawc\u00f3w, kt\u00f3rzy chc\u0105 prowadzi\u0107 rekrutacj\u0119 pracownik\u00f3w z innego pa\u0144stwa cz\u0142onkowskiego UE lub EFTA. Us\u0142ugi sieci EURES dla bezrobotnych i poszukuj\u0105cych pracy s\u0105 bezp\u0142atne.<\/p>\n<p style=\"font-weight: 400\"><a href=\"http:\/\/www.ploteus.net\/\"><strong>www.ploteus.net<\/strong><\/a><\/p>\n<p style=\"font-weight: 400\">Europejski informator dla student\u00f3w zainteresowanych nauk\u0105, praktyk\u0105 i prac\u0105 w krajach Unii Europejskiej.<\/p>\n<p style=\"font-weight: 400\">Kalendarz targ\u00f3w pracy<\/p>\n<p style=\"font-weight: 400\">Targi pracy to wydarzenia, kt\u00f3re z roku na rok ciesz\u0105 si\u0119 coraz wi\u0119kszym powodzeniem. Odwiedzaj\u0105 je nie tylko osoby bezrobotne, ale tak\u017ce te, kt\u00f3re dopiero b\u0119d\u0105 stawia\u0107 pierwsze kroki na rynku pracy albo po prostu chc\u0105 podnie\u015b\u0107 swoje kwalifikacje zawodowe. Mo\u017cna powiedzie\u0107, \u017ce obecnie prawie wszystkie uczelnie wy\u017csze, urz\u0119dy pracy, ale r\u00f3wnie\u017c firmy prywatne specjalizuj\u0105ce si\u0119 w tego typu wydarzeniach, chc\u0105 organizowa\u0107 swoje targi pracy.<\/p>\n<p style=\"font-weight: 400\">Aby by\u0107 z nimi na bie\u017c\u0105co, polecamy \u015bledzi\u0107 interaktywny&nbsp;<a href=\"https:\/\/www.employear.com\/wydarzenia\">Kalendarza HR<\/a>&nbsp;serwisu Employear.com. To w\u0142a\u015bnie w nim znajduj\u0105 si\u0119 wydarzenia bardzo mocno zwi\u0105zane z rynkiem pracy, oczywi\u015bcie wspomniane ju\u017c targi pracy, ale r\u00f3wnie\u017c konferencje, meeet-upy czy warsztaty.&nbsp;<a href=\"https:\/\/www.employear.com\/wydarzenia\">Kalendarz HR<\/a>&nbsp;umo\u017cliwia filtrowanie wydarze\u0144 ze wzgl\u0119du na miejsce wydarzenia, dat\u0119 oraz kryterium dost\u0119pno\u015bci (p\u0142atne lub darmowe).<\/p>\n<p style=\"font-weight: 400\">Zapraszamy do \u015bledzenia kalendarza Employear.com, kt\u00f3ry mo\u017cna znale\u017a\u0107 pod adresem:<\/p>\n<p style=\"font-weight: 400\"><a href=\"https:\/\/www.employear.com\/wydarzenia\">https:\/\/www.employear.com\/wydarzenia<\/a><\/p>\n<p><a href=\"http:\/\/jober.pl\/articles\">http:\/\/jober.pl\/articles<\/a><\/p>\n<p>Na stronie znajdziesz artyku\u0142y i porady, kt\u00f3re pomog\u0105 Ci przed wyjazdem do pracy za granic\u0119.<\/p>\n<p style=\"font-weight: 400\"><strong><a href=\"https:\/\/interviewme.pl\/\">www.interviewme.pl<\/a><\/strong><\/p>\n<p style=\"font-weight: 400\"><i><em>InterviewMe<\/em><\/i>&nbsp;to popularny blog z praktycznymi poradami dla os\u00f3b poszukuj\u0105cych pracy.<\/p>\n<p style=\"font-weight: 400\">Na stronie znajdziesz dziesi\u0105tki artyku\u0142\u00f3w, kt\u00f3re pomog\u0105 Ci napisa\u0107 skuteczne CV, list motywacyjny oraz przygotowa\u0107 sie do rozmowy kwalifikacyjnej.<\/p>\n<p style=\"font-weight: 400\"><strong>Zapraszamy do skorzystania z bezp\u0142atnej wyszukiwarki ofert pracy. Wyszukiwarka jest intuicyjna i prosta w obs\u0142udze. Nie zawiera \u017cadnych odno\u015bnik\u00f3w do tre\u015bci komercyjnych.<\/strong><\/p>\n<p style=\"font-weight: 400\"><strong><a href=\"https:\/\/interviewme.pl\/oferty-pracy\">https:\/\/interviewme.pl\/oferty-pracy<\/a><\/strong><\/p>\n<p style=\"font-weight: 400\"><strong><a href=\"http:\/\/pl.jooble.org\/\">http:\/\/pl.jooble.org\/<\/a><\/strong><\/p>\n<p style=\"font-weight: 400\">Jooble jest stron\u0105, stworzon\u0105 z jedynym celem: pom\u00f3c Ci znale\u017a\u0107 godn\u0105 prac\u0119. Na Jooble znajdziesz wszystkie oferty pracy dost\u0119pne na rynku. Wpisuj\u0105c zapytanie do wyszukiwarki ofert, otrzymasz linki najlepiej odpowiadaj\u0105ce Twoim oczekiwaniom, a wi\u0119c oferty z ponad 220 stron pracy w Polsce. Postarali\u015bmy si\u0119 stworzy\u0107 Jooble takim, aby portal maksymalnie oszcz\u0119dza\u0142 Tw\u00f3j czas i starania: \u017ceby wpisuj\u0105c jedno zapytanie, znalaz\u0142e\u015b prac\u0119, pasuj\u0105c\u0105 w 100 procent Twoim wymaganiom.<\/p>\n<p style=\"font-weight: 400\"><strong><a href=\"http:\/\/pl.jobsora.com\/\">pl.jobsora.com<\/a><\/strong><\/p>\n<p style=\"font-weight: 400\">Wyszukiwarka, dzi\u0119ki kt\u00f3rej studenci\/absolwenci mog\u0105 bardzo szybko i w prosty spos\u00f3b znale\u017a\u0107 prac\u0119.<\/p>\n<p style=\"font-weight: 400\"><a href=\"http:\/\/neuvoo.pl\/\"><strong>neuvoo.pl<\/strong><\/a><\/p>\n<p style=\"font-weight: 400\">Sprawd\u017a neuvoo.pl &#8211; miejsce w sieci, w kt\u00f3rym zbierane s\u0105 wszystkie, co do jednej, oferty pracy dost\u0119pne w Internecie. Znalezienie pracy marze\u0144 do \u0142atwych zada\u0144 nie nale\u017cy, ale na pewno \u0142atwiej jest si\u0119 za to zabra\u0107, maj\u0105c przed sob\u0105 gigantyczny katalog pe\u0142en mo\u017cliwo\u015bci. Neuvoo.pl to kanadyjski startup, kt\u00f3ry otworzy\u0142 polsk\u0105 wersj\u0119 swojego agregatora ofert pracy pod koniec ubieg\u0142ego roku. Pomys\u0142 jest prosty: specjalnie napisany program przeszukuje sie\u0107 pod k\u0105tem og\u0142osze\u0144 na temat wolnych miejsc pracy, a p\u00f3\u017aniej wy\u015bwietla je na stronie http:\/\/neuvoo.pl<br \/>\nA wi\u0119c Neuvoo to google w kategorii ofert pracy &#8211; i to tu znajdziesz w jednym miejscu wszystkie og\u0142oszenia i oferty, jakie aktualnie dost\u0119pne w Polsce.<\/p>\n<p style=\"font-weight: 400\"><strong><a href=\"http:\/\/www.najlepszapraca.pl\/\">www.najlepszapraca.pl<\/a><\/strong><strong>&nbsp;<\/strong><\/p>\n<p style=\"font-weight: 400\">Najwi\u0119kszy w Polsce katalog bezp\u0142atnych og\u0142osze\u0144 o prac\u0119 dla wszystkich poszukuj\u0105cych zatrudnienia.<\/p>\n<p style=\"font-weight: 400\"><a href=\"http:\/\/www.praca.pl\/\"><strong>www.praca.pl<\/strong><\/a><\/p>\n<p style=\"font-weight: 400\">Portal PRACA.PL&nbsp;jest internetowym&nbsp;portalem&nbsp;og\u0142osze\u0144&nbsp;o prac\u0119.<\/p>\n<p style=\"font-weight: 400\"><strong><a href=\"https:\/\/students.pl\/\">www.students.pl<\/a><\/strong><\/p>\n<p style=\"font-weight: 400\">Portal praktyk i sta\u017cy, kt\u00f3rego g\u0142\u00f3wnym celem jest pomoc studentom i absolwentom uczelni wy\u017cszych w stawianiu pierwszych krok\u00f3w na rynku pracy.<\/p>\n<p style=\"font-weight: 400\"><a href=\"https:\/\/www.eurostudent.pl\/\"><strong>www.eurostudent.pl<\/strong><\/a><\/p>\n<p style=\"font-weight: 400\">Eurostudent.pl to codziennie aktualizowany portal studencki, za\u0142o\u017cony w 2001 roku przez Feniks Media Group (www.feniksmedia.pl), wydawc\u0119 m.in. czasopisma dla student\u00f3w \u201eEurostudent\u201d. Portal dostarcza studentom aktualnych informacji i porad dotycz\u0105cych \u017cycia studenckiego oraz zawodowego. W ramach portalu eurostudent.pl dzia\u0142aj\u0105 tak\u017ce serwisy:&nbsp;<strong>J\u0119zyki obce<\/strong>&nbsp;(www.jezyki.eurostudent.pl) oraz&nbsp; specjalny vortal po\u015bwi\u0119cony&nbsp;<strong>praktykom, sta\u017com<\/strong>&nbsp;i<strong>&nbsp;pracy<\/strong>&nbsp;(<a href=\"http:\/\/www.praktyki.eurostudent.pl\/\">www.praktyki.eurostudent.pl<\/a>). Polecamy tak\u017ce dzia\u0142&nbsp;<strong>Konkursy<\/strong>, dzi\u0119ki kt\u00f3remu ka\u017cdy u\u017cytkownik ma szans\u0119 wygra\u0107 atrakcyjne nagrody oraz&nbsp;<strong>newsletter<\/strong>, daj\u0105cy studentom szans\u0119 bycia na bie\u017c\u0105co z nowo\u015bciami.<\/p>\n<p style=\"font-weight: 400\"><a href=\"https:\/\/szukampracy.pl\/\"><strong>www.szukampracy.pl<\/strong><\/a><\/p>\n<p style=\"font-weight: 400\">Wsp\u00f3lnie z firmami rekrutacyjnymi tworzymy jeden z najbardziej przyjaznych, efektywnych i nowoczesnych portali og\u0142osze\u0144 pracy w Polsce.<\/p>\n<p><a href=\"http:\/\/www.jobted.pl\"><strong>www.jobted.pl<\/strong><\/a><\/p>\n<p>W Jobted, przez ostatnich 10 lat misj\u0105 by\u0142o to, aby pom\u00f3c ludziom znale\u017a\u0107 now\u0105, lepsz\u0105 prac\u0119 i by\u0107 przy nich w trakcie rozwoju ich kariery.<br \/>\nNa portalu Jobted znale\u017a\u0107 mo\u017cna:<br \/>\n&#8211; Najbardziej kompletn\u0105 i aktualn\u0105 baz\u0119 ofert pracy w ca\u0142ej Polsce,<br \/>\n&#8211; Dane dotycz\u0105ce zarobk\u00f3w, trendy i statystyki w zakresie najpopularniejszych ofert pracy w Polsce.<\/p>\n<p><a href=\"http:\/\/www.gowork.pl\/praca\/\"><strong>www.gowork.pl\/praca<\/strong><\/a><\/p>\n<p>GoWork.pl to serwis z ofertami pracy oraz opiniami o pracodawcach. Posiada r\u00f3wnie\u017c poradnik, w kt\u00f3rym opisane s\u0105 r\u00f3\u017cne zagadnienia zwi\u0105zane z rynkiem pracy: <a href=\"https:\/\/www.gowork.pl\/poradnik\/\" target=\"_blank\" rel=\"noopener noreferrer\">https:\/\/www.gowork.pl\/poradnik\/<\/a>&nbsp;oraz ca\u0142\u0105 sekcj\u0119 po\u015bwi\u0119con\u0105 pisaniu CV i listu motywacyjnego na potrzeby rozmaitych bran\u017c:&nbsp;<a href=\"https:\/\/www.gowork.pl\/poradnik\/cv-i-list-motywacyjny\/\" target=\"_blank\" rel=\"noopener noreferrer\">https:\/\/www.gowork.pl\/poradnik\/cv-i-list-motywacyjny\/<\/a>&nbsp;<\/p>\n<p><strong><a href=\"https:\/\/www.aplikuj.pl\/praca\/krosno\">https:\/\/www.aplikuj.pl\/praca\/krosno<\/a><\/strong><\/p>\n<p>Portal Aplikuj.pl umo\u017cliwia publikowanie ofert pracodawcom i agencjom pracy, a kandydatom przegl\u0105danie aktualnych ofert pracy z kraju i zagranicy.<br \/>\nNa stronie mo\u017cna znale\u017a\u0107 praktyczne porady dla pracownik\u00f3w i pracodawc\u00f3w, opracowane przez specjalist\u00f3w z zakresu prawa pracy, rekrutacji i HR. Kandydatom do pracy udost\u0119pniane s\u0105 bezp\u0142atnie przydatne narz\u0119dzia, m.in. wzory dokument\u00f3w aplikacyjnych do pobrania, kreator CV oraz \u0142atw\u0105 w obs\u0142udze aplikacj\u0119 mobiln\u0105.<\/p>\n<p style=\"font-weight: 400\"><strong>Adresy stron internetowych zajmuj\u0105cych si\u0119 po\u015brednictwem pracy<\/strong><\/p>\n<p style=\"font-weight: 400\"><a href=\"http:\/\/strefapracy.eu\/index.php\">www.strefapracy.eu<\/a><\/p>\n<p style=\"font-weight: 400\"><a href=\"http:\/\/www.abcpraca.pl\/\">www.abcpraca.pl<\/a><\/p>\n<p style=\"font-weight: 400\"><a href=\"http:\/\/www.careerjet.pl\/\">www.careerjet.pl<\/a><\/p>\n<p style=\"font-weight: 400\"><a href=\"http:\/\/www.hrk.pl\/\">www.hrk.pl<\/a><\/p>\n<p style=\"font-weight: 400\"><a href=\"http:\/\/www.infopraca.pl\/\">www.infopraca.pl<\/a><\/p>\n<p style=\"font-weight: 400\"><a href=\"http:\/\/www.itcpraca.pl\/\">www.itcpraca.pl<\/a><\/p>\n<p style=\"font-weight: 400\"><a href=\"http:\/\/www.jobland.pl\/\">www.jobland.pl<\/a><\/p>\n<p style=\"font-weight: 400\"><a href=\"http:\/\/www.jobs.pl\/\">www.jobs.pl<\/a><\/p>\n<p style=\"font-weight: 400\"><a href=\"http:\/\/www.money.pl\/\">www.money.pl<\/a><\/p>\n<p style=\"font-weight: 400\"><a href=\"http:\/\/www.praca.gazeta.pl\/\">www.praca.gazeta.pl<\/a><\/p>\n<p style=\"font-weight: 400\"><a href=\"http:\/\/www.praca.interia.pl\/\">www.praca.interia.pl<\/a><\/p>\n<p style=\"font-weight: 400\"><a href=\"http:\/\/www.pracodawca.com\/\">www.pracodawca.com<\/a><\/p>\n<p style=\"font-weight: 400\"><a href=\"http:\/\/www.pracuj.pl\/\">www.pracuj.pl<\/a><\/p>\n<p style=\"font-weight: 400\"><a href=\"http:\/\/www.runtimepolska.pl\/\">www.runtimepolska.pl<\/a><\/p>\n<p style=\"font-weight: 400\"><a href=\"http:\/\/www.adzuna.pl\/pl\">www.adzuna.pl\/pl<\/a><\/p>\n<p><a href=\"http:\/\/www.jobted.pl\/\">www.jobted.pl<\/a>&nbsp;<\/p>\n<p><a href=\"http:\/\/www.jober.pl\">www.jober.pl<\/a><\/p>\n","protected":false},"excerpt":{"rendered":"<p>www.psz.praca.gov.pl Wortal Publicznych S\u0142u\u017cb Zatrudnienia to serwis informacyjny, w kt\u00f3rym Ministerstwo Rodziny, Pracy i Polityki Spo\u0142ecznej oraz powiatowe i wojew\u00f3dzkie urz\u0119dy pracy publikuj\u0105 informacje adresowane dla os\u00f3b bezrobotnych i poszukuj\u0105cych pracy a tak\u017ce pracodawc\u00f3w. eures.praca.gov.pl Us\u0142ugi sieci EURES s\u0105 og\u00f3lnodost\u0119pne i skierowane do poszukuj\u0105cych pracy, zainteresowanych wyjazdem do innego pa\u0144stwa [\u2026] <\/p>\n<div class=\"clear\"><\/div>\n<p><a class=\"more_link clearfix\" href=\"https:\/\/pans.krosno.pl\/cti\/przydatne-linki\/\" rel=\"nofollow\">Read More<\/a><\/p>\n","protected":false},"author":27,"featured_media":0,"parent":0,"menu_order":0,"comment_status":"closed","ping_status":"closed","template":"page-templates\/template-full-width.php","meta":{"ngg_post_thumbnail":0,"footnotes":""},"class_list":["post-26","page","type-page","status-publish","hentry"],"yoast_head":"<!-- This site is optimized with the Yoast SEO Premium plugin v27.4 (Yoast SEO v27.4) - https:\/\/yoast.com\/product\/yoast-seo-premium-wordpress\/ -->\n<title>Przydatne linki - Centrum Technologiczne Inkubator PANS w Kro\u015bnie<\/title>\n<meta name=\"description\" content=\"KPU w Kro\u015bnie\" \/>\n<meta name=\"robots\" content=\"index, follow, max-snippet:-1, max-image-preview:large, max-video-preview:-1\" \/>\n<link rel=\"canonical\" href=\"https:\/\/pans.krosno.pl\/cti\/przydatne-linki\/\" \/>\n<meta property=\"og:locale\" content=\"pl_PL\" \/>\n<meta property=\"og:type\" content=\"article\" \/>\n<meta property=\"og:title\" content=\"Przydatne linki\" \/>\n<meta property=\"og:description\" content=\"KPU w Kro\u015bnie\" \/>\n<meta property=\"og:url\" content=\"https:\/\/pans.krosno.pl\/cti\/przydatne-linki\/\" \/>\n<meta property=\"og:site_name\" content=\"Centrum Technologiczne Inkubator PANS w Kro\u015bnie\" \/>\n<meta property=\"article:publisher\" content=\"https:\/\/www.facebook.com\/BKKPUKROSNO\/\" \/>\n<meta property=\"article:modified_time\" content=\"2023-07-26T10:31:26+00:00\" \/>\n<meta name=\"twitter:card\" content=\"summary_large_image\" \/>\n<meta name=\"twitter:label1\" content=\"Szacowany czas czytania\" \/>\n\t<meta name=\"twitter:data1\" content=\"5 minut\" \/>\n<script type=\"application\/ld+json\" class=\"yoast-schema-graph\">{\"@context\":\"https:\\\/\\\/schema.org\",\"@graph\":[{\"@type\":\"WebPage\",\"@id\":\"https:\\\/\\\/pans.krosno.pl\\\/cti\\\/przydatne-linki\\\/\",\"url\":\"https:\\\/\\\/pans.krosno.pl\\\/cti\\\/przydatne-linki\\\/\",\"name\":\"Przydatne linki - Centrum Technologiczne Inkubator PANS w Kro\u015bnie\",\"isPartOf\":{\"@id\":\"https:\\\/\\\/pans.krosno.pl\\\/cti\\\/#website\"},\"datePublished\":\"2020-03-20T13:58:01+00:00\",\"dateModified\":\"2023-07-26T10:31:26+00:00\",\"description\":\"KPU w Kro\u015bnie\",\"breadcrumb\":{\"@id\":\"https:\\\/\\\/pans.krosno.pl\\\/cti\\\/przydatne-linki\\\/#breadcrumb\"},\"inLanguage\":\"pl-PL\",\"potentialAction\":[{\"@type\":\"ReadAction\",\"target\":[\"https:\\\/\\\/pans.krosno.pl\\\/cti\\\/przydatne-linki\\\/\"]}]},{\"@type\":\"BreadcrumbList\",\"@id\":\"https:\\\/\\\/pans.krosno.pl\\\/cti\\\/przydatne-linki\\\/#breadcrumb\",\"itemListElement\":[{\"@type\":\"ListItem\",\"position\":1,\"name\":\"Strona g\u0142\u00f3wna\",\"item\":\"https:\\\/\\\/pans.krosno.pl\\\/cti\\\/\"},{\"@type\":\"ListItem\",\"position\":2,\"name\":\"Przydatne linki\"}]},{\"@type\":\"WebSite\",\"@id\":\"https:\\\/\\\/pans.krosno.pl\\\/cti\\\/#website\",\"url\":\"https:\\\/\\\/pans.krosno.pl\\\/cti\\\/\",\"name\":\"Biuro Karier\",\"description\":\"Centrum Technologiczne Inkubator - Pa\u0144stwowa Akademia Nauk Stosowanych\",\"publisher\":{\"@id\":\"https:\\\/\\\/pans.krosno.pl\\\/cti\\\/#organization\"},\"potentialAction\":[{\"@type\":\"SearchAction\",\"target\":{\"@type\":\"EntryPoint\",\"urlTemplate\":\"https:\\\/\\\/pans.krosno.pl\\\/cti\\\/?s={search_term_string}\"},\"query-input\":{\"@type\":\"PropertyValueSpecification\",\"valueRequired\":true,\"valueName\":\"search_term_string\"}}],\"inLanguage\":\"pl-PL\"},{\"@type\":\"Organization\",\"@id\":\"https:\\\/\\\/pans.krosno.pl\\\/cti\\\/#organization\",\"name\":\"Biuro Karier - Karpacka Pa\u0144stwowa Uczelnia w Kro\u015bnie\",\"url\":\"https:\\\/\\\/pans.krosno.pl\\\/cti\\\/\",\"logo\":{\"@type\":\"ImageObject\",\"inLanguage\":\"pl-PL\",\"@id\":\"https:\\\/\\\/pans.krosno.pl\\\/cti\\\/#\\\/schema\\\/logo\\\/image\\\/\",\"url\":\"https:\\\/\\\/pans.krosno.pl\\\/bk\\\/wp-content\\\/uploads\\\/sites\\\/38\\\/2020\\\/05\\\/96735643_906333539807912_5732186373989859328_n-1.gif\",\"contentUrl\":\"https:\\\/\\\/pans.krosno.pl\\\/bk\\\/wp-content\\\/uploads\\\/sites\\\/38\\\/2020\\\/05\\\/96735643_906333539807912_5732186373989859328_n-1.gif\",\"width\":762,\"height\":137,\"caption\":\"Biuro Karier - Karpacka Pa\u0144stwowa Uczelnia w Kro\u015bnie\"},\"image\":{\"@id\":\"https:\\\/\\\/pans.krosno.pl\\\/cti\\\/#\\\/schema\\\/logo\\\/image\\\/\"},\"sameAs\":[\"https:\\\/\\\/www.facebook.com\\\/BKKPUKROSNO\\\/\"]}]}<\/script>\n<!-- \/ Yoast SEO Premium plugin. -->","yoast_head_json":{"title":"Przydatne linki - Centrum Technologiczne Inkubator PANS w Kro\u015bnie","description":"KPU w Kro\u015bnie","robots":{"index":"index","follow":"follow","max-snippet":"max-snippet:-1","max-image-preview":"max-image-preview:large","max-video-preview":"max-video-preview:-1"},"canonical":"https:\/\/pans.krosno.pl\/cti\/przydatne-linki\/","og_locale":"pl_PL","og_type":"article","og_title":"Przydatne linki","og_description":"KPU w Kro\u015bnie","og_url":"https:\/\/pans.krosno.pl\/cti\/przydatne-linki\/","og_site_name":"Centrum Technologiczne Inkubator PANS w Kro\u015bnie","article_publisher":"https:\/\/www.facebook.com\/BKKPUKROSNO\/","article_modified_time":"2023-07-26T10:31:26+00:00","twitter_card":"summary_large_image","twitter_misc":{"Szacowany czas czytania":"5 minut"},"schema":{"@context":"https:\/\/schema.org","@graph":[{"@type":"WebPage","@id":"https:\/\/pans.krosno.pl\/cti\/przydatne-linki\/","url":"https:\/\/pans.krosno.pl\/cti\/przydatne-linki\/","name":"Przydatne linki - Centrum Technologiczne Inkubator PANS w Kro\u015bnie","isPartOf":{"@id":"https:\/\/pans.krosno.pl\/cti\/#website"},"datePublished":"2020-03-20T13:58:01+00:00","dateModified":"2023-07-26T10:31:26+00:00","description":"KPU w Kro\u015bnie","breadcrumb":{"@id":"https:\/\/pans.krosno.pl\/cti\/przydatne-linki\/#breadcrumb"},"inLanguage":"pl-PL","potentialAction":[{"@type":"ReadAction","target":["https:\/\/pans.krosno.pl\/cti\/przydatne-linki\/"]}]},{"@type":"BreadcrumbList","@id":"https:\/\/pans.krosno.pl\/cti\/przydatne-linki\/#breadcrumb","itemListElement":[{"@type":"ListItem","position":1,"name":"Strona g\u0142\u00f3wna","item":"https:\/\/pans.krosno.pl\/cti\/"},{"@type":"ListItem","position":2,"name":"Przydatne linki"}]},{"@type":"WebSite","@id":"https:\/\/pans.krosno.pl\/cti\/#website","url":"https:\/\/pans.krosno.pl\/cti\/","name":"Biuro Karier","description":"Centrum Technologiczne Inkubator - Pa\u0144stwowa Akademia Nauk Stosowanych","publisher":{"@id":"https:\/\/pans.krosno.pl\/cti\/#organization"},"potentialAction":[{"@type":"SearchAction","target":{"@type":"EntryPoint","urlTemplate":"https:\/\/pans.krosno.pl\/cti\/?s={search_term_string}"},"query-input":{"@type":"PropertyValueSpecification","valueRequired":true,"valueName":"search_term_string"}}],"inLanguage":"pl-PL"},{"@type":"Organization","@id":"https:\/\/pans.krosno.pl\/cti\/#organization","name":"Biuro Karier - Karpacka Pa\u0144stwowa Uczelnia w Kro\u015bnie","url":"https:\/\/pans.krosno.pl\/cti\/","logo":{"@type":"ImageObject","inLanguage":"pl-PL","@id":"https:\/\/pans.krosno.pl\/cti\/#\/schema\/logo\/image\/","url":"https:\/\/pans.krosno.pl\/bk\/wp-content\/uploads\/sites\/38\/2020\/05\/96735643_906333539807912_5732186373989859328_n-1.gif","contentUrl":"https:\/\/pans.krosno.pl\/bk\/wp-content\/uploads\/sites\/38\/2020\/05\/96735643_906333539807912_5732186373989859328_n-1.gif","width":762,"height":137,"caption":"Biuro Karier - Karpacka Pa\u0144stwowa Uczelnia w Kro\u015bnie"},"image":{"@id":"https:\/\/pans.krosno.pl\/cti\/#\/schema\/logo\/image\/"},"sameAs":["https:\/\/www.facebook.com\/BKKPUKROSNO\/"]}]}},"_links":{"self":[{"href":"https:\/\/pans.krosno.pl\/cti\/wp-json\/wp\/v2\/pages\/26","targetHints":{"allow":["GET"]}}],"collection":[{"href":"https:\/\/pans.krosno.pl\/cti\/wp-json\/wp\/v2\/pages"}],"about":[{"href":"https:\/\/pans.krosno.pl\/cti\/wp-json\/wp\/v2\/types\/page"}],"author":[{"embeddable":true,"href":"https:\/\/pans.krosno.pl\/cti\/wp-json\/wp\/v2\/users\/27"}],"replies":[{"embeddable":true,"href":"https:\/\/pans.krosno.pl\/cti\/wp-json\/wp\/v2\/comments?post=26"}],"version-history":[{"count":10,"href":"https:\/\/pans.krosno.pl\/cti\/wp-json\/wp\/v2\/pages\/26\/revisions"}],"predecessor-version":[{"id":4924,"href":"https:\/\/pans.krosno.pl\/cti\/wp-json\/wp\/v2\/pages\/26\/revisions\/4924"}],"wp:attachment":[{"href":"https:\/\/pans.krosno.pl\/cti\/wp-json\/wp\/v2\/media?parent=26"}],"curies":[{"name":"wp","href":"https:\/\/api.w.org\/{rel}","templated":true}]}}