{"id":25,"date":"2020-03-20T14:58:01","date_gmt":"2020-03-20T13:58:01","guid":{"rendered":"https:\/\/pans.krosno.pl\/bk\/?page_id=25"},"modified":"2025-10-08T12:30:28","modified_gmt":"2025-10-08T10:30:28","slug":"abc-kariery","status":"publish","type":"page","link":"https:\/\/pans.krosno.pl\/cti\/abc-kariery\/","title":{"rendered":"ABC Kariery"},"content":{"rendered":"\n<hr class=\"wp-block-separator has-css-opacity\"\/>\n\n\n\n<div class=\"wp-block-columns is-layout-flex wp-container-core-columns-is-layout-28f84493 wp-block-columns-is-layout-flex\">\n<div class=\"wp-block-column is-layout-flow wp-block-column-is-layout-flow\">\n<h2 style=\"text-align: center\"><a href=\"https:\/\/pans.krosno.pl\/cti\/cv\/\" target=\"_blank\" rel=\"noopener noreferrer\">CV<\/a><\/h2>\n\n\n\n<hr class=\"wp-block-separator has-css-opacity\"\/>\n\n\n\n<figure class=\"wp-block-image size-large\"><a href=\"https:\/\/pans.krosno.pl\/cti\/cv\/\" target=\"_blank\" rel=\"noopener noreferrer\"><img loading=\"lazy\" decoding=\"async\" width=\"600\" height=\"400\" src=\"https:\/\/pans.krosno.pl\/cti\/wp-content\/uploads\/sites\/38\/2020\/07\/Bez-nazwy.png\" alt=\"\" class=\"wp-image-514\" srcset=\"https:\/\/pans.krosno.pl\/cti\/wp-content\/uploads\/sites\/38\/2020\/07\/Bez-nazwy.png 600w, https:\/\/pans.krosno.pl\/cti\/wp-content\/uploads\/sites\/38\/2020\/07\/Bez-nazwy-300x200.png 300w, https:\/\/pans.krosno.pl\/cti\/wp-content\/uploads\/sites\/38\/2020\/07\/Bez-nazwy-580x387.png 580w\" sizes=\"auto, (max-width: 600px) 100vw, 600px\" \/><\/a><\/figure>\n<\/div>\n\n\n\n<div class=\"wp-block-column is-layout-flow wp-block-column-is-layout-flow\">\n<h2 style=\"text-align: center;\"><a href=\"https:\/\/pans.krosno.pl\/cti\/abc-kariery\/list-motywacyjny\/\" target=\"_blank\" rel=\"noopener noreferrer\">List motywacyjny<\/a><\/h2>\n\n\n\n<hr class=\"wp-block-separator has-css-opacity\"\/>\n\n\n\n<figure class=\"wp-block-image size-large\"><a href=\"https:\/\/pans.krosno.pl\/cti\/abc-kariery\/list-motywacyjny\/\"><img loading=\"lazy\" decoding=\"async\" width=\"1024\" height=\"681\" src=\"https:\/\/pans.krosno.pl\/cti\/wp-content\/uploads\/sites\/38\/2020\/07\/letter-of-application-3685417_1920-1024x681.jpg\" alt=\"\" class=\"wp-image-513\" srcset=\"https:\/\/pans.krosno.pl\/cti\/wp-content\/uploads\/sites\/38\/2020\/07\/letter-of-application-3685417_1920-1024x681.jpg 1024w, https:\/\/pans.krosno.pl\/cti\/wp-content\/uploads\/sites\/38\/2020\/07\/letter-of-application-3685417_1920-300x199.jpg 300w, https:\/\/pans.krosno.pl\/cti\/wp-content\/uploads\/sites\/38\/2020\/07\/letter-of-application-3685417_1920-768x510.jpg 768w, https:\/\/pans.krosno.pl\/cti\/wp-content\/uploads\/sites\/38\/2020\/07\/letter-of-application-3685417_1920-1536x1021.jpg 1536w, https:\/\/pans.krosno.pl\/cti\/wp-content\/uploads\/sites\/38\/2020\/07\/letter-of-application-3685417_1920-800x532.jpg 800w, https:\/\/pans.krosno.pl\/cti\/wp-content\/uploads\/sites\/38\/2020\/07\/letter-of-application-3685417_1920-580x385.jpg 580w, https:\/\/pans.krosno.pl\/cti\/wp-content\/uploads\/sites\/38\/2020\/07\/letter-of-application-3685417_1920.jpg 1920w\" sizes=\"auto, (max-width: 1024px) 100vw, 1024px\" \/><\/a><\/figure>\n<\/div>\n\n\n\n<div class=\"wp-block-column is-layout-flow wp-block-column-is-layout-flow\">\n<h2 style=\"text-align: center;\"><a href=\"https:\/\/pans.krosno.pl\/cti\/abc-kariery\/rozmowa-kwalifikacyjna\/\" target=\"_blank\" rel=\"noopener noreferrer\">Rozmowa kwalifikacyjna<\/a><\/h2>\n\n\n\n<hr class=\"wp-block-separator has-css-opacity\"\/>\n\n\n\n<figure class=\"wp-block-image size-large\"><a href=\"https:\/\/pans.krosno.pl\/cti\/abc-kariery\/rozmowa-kwalifikacyjna\/\" target=\"_blank\" rel=\"noopener noreferrer\"><img loading=\"lazy\" decoding=\"async\" width=\"1024\" height=\"683\" src=\"https:\/\/pans.krosno.pl\/cti\/wp-content\/uploads\/sites\/38\/2020\/07\/interview-4835116_1920-1024x683.jpg\" alt=\"\" class=\"wp-image-517\" srcset=\"https:\/\/pans.krosno.pl\/cti\/wp-content\/uploads\/sites\/38\/2020\/07\/interview-4835116_1920-1024x683.jpg 1024w, https:\/\/pans.krosno.pl\/cti\/wp-content\/uploads\/sites\/38\/2020\/07\/interview-4835116_1920-300x200.jpg 300w, https:\/\/pans.krosno.pl\/cti\/wp-content\/uploads\/sites\/38\/2020\/07\/interview-4835116_1920-768x512.jpg 768w, https:\/\/pans.krosno.pl\/cti\/wp-content\/uploads\/sites\/38\/2020\/07\/interview-4835116_1920-1536x1024.jpg 1536w, https:\/\/pans.krosno.pl\/cti\/wp-content\/uploads\/sites\/38\/2020\/07\/interview-4835116_1920-800x533.jpg 800w, https:\/\/pans.krosno.pl\/cti\/wp-content\/uploads\/sites\/38\/2020\/07\/interview-4835116_1920-580x387.jpg 580w, https:\/\/pans.krosno.pl\/cti\/wp-content\/uploads\/sites\/38\/2020\/07\/interview-4835116_1920.jpg 1920w\" sizes=\"auto, (max-width: 1024px) 100vw, 1024px\" \/><\/a><\/figure>\n<\/div>\n<\/div>\n\n\n\n<hr class=\"wp-block-separator has-css-opacity\"\/>\n\n\n\n<div class=\"wp-block-columns is-layout-flex wp-container-core-columns-is-layout-28f84493 wp-block-columns-is-layout-flex\">\n<div class=\"wp-block-column is-layout-flow wp-block-column-is-layout-flow\">\n<h2 style=\"text-align: center;\"><a href=\"https:\/\/pans.krosno.pl\/cti\/abc-kariery\/jak-szukac-pracy\/\" target=\"_blank\" rel=\"noopener noreferrer\">Jak szuka\u0107 pracy<\/a><\/h2>\n\n\n\n<hr class=\"wp-block-separator has-css-opacity\"\/>\n\n\n\n<figure class=\"wp-block-image size-large\"><a href=\"https:\/\/pans.krosno.pl\/cti\/abc-kariery\/jak-szukac-pracy\/\" target=\"_blank\" rel=\"noopener noreferrer\"><img loading=\"lazy\" decoding=\"async\" width=\"1024\" height=\"683\" src=\"https:\/\/pans.krosno.pl\/cti\/wp-content\/uploads\/sites\/38\/2020\/07\/write-593333_1920-1024x683.jpg\" alt=\"\" class=\"wp-image-519\" srcset=\"https:\/\/pans.krosno.pl\/cti\/wp-content\/uploads\/sites\/38\/2020\/07\/write-593333_1920-1024x683.jpg 1024w, https:\/\/pans.krosno.pl\/cti\/wp-content\/uploads\/sites\/38\/2020\/07\/write-593333_1920-300x200.jpg 300w, https:\/\/pans.krosno.pl\/cti\/wp-content\/uploads\/sites\/38\/2020\/07\/write-593333_1920-768x512.jpg 768w, https:\/\/pans.krosno.pl\/cti\/wp-content\/uploads\/sites\/38\/2020\/07\/write-593333_1920-800x533.jpg 800w, https:\/\/pans.krosno.pl\/cti\/wp-content\/uploads\/sites\/38\/2020\/07\/write-593333_1920-580x387.jpg 580w, https:\/\/pans.krosno.pl\/cti\/wp-content\/uploads\/sites\/38\/2020\/07\/write-593333_1920.jpg 1200w\" sizes=\"auto, (max-width: 1024px) 100vw, 1024px\" \/><\/a><\/figure>\n<\/div>\n\n\n\n<div class=\"wp-block-column is-layout-flow wp-block-column-is-layout-flow\">\n<h2 style=\"text-align: center;\"><a href=\"https:\/\/pans.krosno.pl\/cti\/abc-kariery\/wlasna-firma\/\" target=\"_blank\" rel=\"noopener noreferrer\">W\u0142asna firma<\/a><\/h2>\n\n\n\n<hr class=\"wp-block-separator has-css-opacity\"\/>\n\n\n\n<figure class=\"wp-block-image size-large\"><a href=\"https:\/\/pans.krosno.pl\/cti\/wlasna-firma\/\" target=\"_blank\" rel=\"noopener noreferrer\"><img loading=\"lazy\" decoding=\"async\" width=\"1024\" height=\"683\" src=\"https:\/\/pans.krosno.pl\/cti\/wp-content\/uploads\/sites\/38\/2020\/07\/student-849822_1920-1024x683.jpg\" alt=\"\" class=\"wp-image-521\" srcset=\"https:\/\/pans.krosno.pl\/cti\/wp-content\/uploads\/sites\/38\/2020\/07\/student-849822_1920-1024x683.jpg 1024w, https:\/\/pans.krosno.pl\/cti\/wp-content\/uploads\/sites\/38\/2020\/07\/student-849822_1920-300x200.jpg 300w, https:\/\/pans.krosno.pl\/cti\/wp-content\/uploads\/sites\/38\/2020\/07\/student-849822_1920-768x512.jpg 768w, https:\/\/pans.krosno.pl\/cti\/wp-content\/uploads\/sites\/38\/2020\/07\/student-849822_1920-1536x1024.jpg 1536w, https:\/\/pans.krosno.pl\/cti\/wp-content\/uploads\/sites\/38\/2020\/07\/student-849822_1920-800x533.jpg 800w, https:\/\/pans.krosno.pl\/cti\/wp-content\/uploads\/sites\/38\/2020\/07\/student-849822_1920-580x387.jpg 580w, https:\/\/pans.krosno.pl\/cti\/wp-content\/uploads\/sites\/38\/2020\/07\/student-849822_1920.jpg 1920w\" sizes=\"auto, (max-width: 1024px) 100vw, 1024px\" \/><\/a><\/figure>\n<\/div>\n\n\n\n<div class=\"wp-block-column is-layout-flow wp-block-column-is-layout-flow\">\n<h2 style=\"text-align: center;\"><a href=\"https:\/\/pans.krosno.pl\/cti\/abc-kariery\/prawa-pracownika\/\">Prawa i obowi\u0105zki pracownika<\/a><\/h2>\n\n\n\n<hr class=\"wp-block-separator has-css-opacity\"\/>\n\n\n\n<figure class=\"wp-block-image size-large\"><a href=\"https:\/\/pans.krosno.pl\/cti\/abc-kariery\/prawa-pracownika\/\" target=\"_blank\" rel=\"noopener noreferrer\"><img loading=\"lazy\" decoding=\"async\" width=\"1024\" height=\"683\" src=\"https:\/\/pans.krosno.pl\/cti\/wp-content\/uploads\/sites\/38\/2020\/07\/hammer-802301_1920-1024x683.jpg\" alt=\"\" class=\"wp-image-522\" srcset=\"https:\/\/pans.krosno.pl\/cti\/wp-content\/uploads\/sites\/38\/2020\/07\/hammer-802301_1920-1024x683.jpg 1024w, https:\/\/pans.krosno.pl\/cti\/wp-content\/uploads\/sites\/38\/2020\/07\/hammer-802301_1920-300x200.jpg 300w, https:\/\/pans.krosno.pl\/cti\/wp-content\/uploads\/sites\/38\/2020\/07\/hammer-802301_1920-768x512.jpg 768w, https:\/\/pans.krosno.pl\/cti\/wp-content\/uploads\/sites\/38\/2020\/07\/hammer-802301_1920-1536x1024.jpg 1536w, https:\/\/pans.krosno.pl\/cti\/wp-content\/uploads\/sites\/38\/2020\/07\/hammer-802301_1920-800x533.jpg 800w, https:\/\/pans.krosno.pl\/cti\/wp-content\/uploads\/sites\/38\/2020\/07\/hammer-802301_1920-580x387.jpg 580w, https:\/\/pans.krosno.pl\/cti\/wp-content\/uploads\/sites\/38\/2020\/07\/hammer-802301_1920.jpg 1800w\" sizes=\"auto, (max-width: 1024px) 100vw, 1024px\" \/><\/a><\/figure>\n<\/div>\n<\/div>\n\n\n\n<p><\/p>\n","protected":false},"excerpt":{"rendered":"<p>CV List motywacyjny Rozmowa kwalifikacyjna Jak szuka\u0107 pracy W\u0142asna firma Prawa i obowi\u0105zki pracownika<\/p>\n","protected":false},"author":27,"featured_media":0,"parent":0,"menu_order":0,"comment_status":"closed","ping_status":"closed","template":"page-templates\/template-full-width.php","meta":{"ngg_post_thumbnail":0,"footnotes":""},"class_list":["post-25","page","type-page","status-publish","hentry"],"yoast_head":"<!-- This site is optimized with the Yoast SEO Premium plugin v27.3 (Yoast SEO v27.3) - https:\/\/yoast.com\/product\/yoast-seo-premium-wordpress\/ -->\n<title>ABC Kariery - Centrum Technologiczne Inkubator PANS w Kro\u015bnie<\/title>\n<meta name=\"description\" content=\"ABC Kariery - Biuro Karier - KPU w Kro\u015bnie\" \/>\n<meta name=\"robots\" content=\"index, follow, max-snippet:-1, max-image-preview:large, max-video-preview:-1\" \/>\n<link rel=\"canonical\" href=\"https:\/\/pans.krosno.pl\/cti\/abc-kariery\/\" \/>\n<meta property=\"og:locale\" content=\"pl_PL\" \/>\n<meta property=\"og:type\" content=\"article\" \/>\n<meta property=\"og:title\" content=\"ABC Kariery\" \/>\n<meta property=\"og:description\" content=\"ABC Kariery - Biuro Karier - KPU w Kro\u015bnie\" \/>\n<meta property=\"og:url\" content=\"https:\/\/pans.krosno.pl\/cti\/abc-kariery\/\" \/>\n<meta property=\"og:site_name\" content=\"Centrum Technologiczne Inkubator PANS w Kro\u015bnie\" \/>\n<meta property=\"article:publisher\" content=\"https:\/\/www.facebook.com\/BKKPUKROSNO\/\" \/>\n<meta property=\"article:modified_time\" content=\"2025-10-08T10:30:28+00:00\" \/>\n<meta property=\"og:image\" content=\"https:\/\/pans.krosno.pl\/cti\/wp-content\/uploads\/sites\/38\/2020\/07\/Bez-nazwy.png\" \/>\n\t<meta property=\"og:image:width\" content=\"600\" \/>\n\t<meta property=\"og:image:height\" content=\"400\" \/>\n\t<meta property=\"og:image:type\" content=\"image\/png\" \/>\n<meta name=\"twitter:card\" content=\"summary_large_image\" \/>\n<meta name=\"twitter:label1\" content=\"Szacowany czas czytania\" \/>\n\t<meta name=\"twitter:data1\" content=\"2 minuty\" \/>\n<script type=\"application\/ld+json\" class=\"yoast-schema-graph\">{\"@context\":\"https:\\\/\\\/schema.org\",\"@graph\":[{\"@type\":\"WebPage\",\"@id\":\"https:\\\/\\\/pans.krosno.pl\\\/cti\\\/abc-kariery\\\/\",\"url\":\"https:\\\/\\\/pans.krosno.pl\\\/cti\\\/abc-kariery\\\/\",\"name\":\"ABC Kariery - Centrum Technologiczne Inkubator PANS w Kro\u015bnie\",\"isPartOf\":{\"@id\":\"https:\\\/\\\/pans.krosno.pl\\\/cti\\\/#website\"},\"primaryImageOfPage\":{\"@id\":\"https:\\\/\\\/pans.krosno.pl\\\/cti\\\/abc-kariery\\\/#primaryimage\"},\"image\":{\"@id\":\"https:\\\/\\\/pans.krosno.pl\\\/cti\\\/abc-kariery\\\/#primaryimage\"},\"thumbnailUrl\":\"https:\\\/\\\/pans.krosno.pl\\\/cti\\\/wp-content\\\/uploads\\\/sites\\\/38\\\/2020\\\/07\\\/Bez-nazwy.png\",\"datePublished\":\"2020-03-20T13:58:01+00:00\",\"dateModified\":\"2025-10-08T10:30:28+00:00\",\"description\":\"ABC Kariery - Biuro Karier - KPU w Kro\u015bnie\",\"breadcrumb\":{\"@id\":\"https:\\\/\\\/pans.krosno.pl\\\/cti\\\/abc-kariery\\\/#breadcrumb\"},\"inLanguage\":\"pl-PL\",\"potentialAction\":[{\"@type\":\"ReadAction\",\"target\":[\"https:\\\/\\\/pans.krosno.pl\\\/cti\\\/abc-kariery\\\/\"]}]},{\"@type\":\"ImageObject\",\"inLanguage\":\"pl-PL\",\"@id\":\"https:\\\/\\\/pans.krosno.pl\\\/cti\\\/abc-kariery\\\/#primaryimage\",\"url\":\"https:\\\/\\\/pans.krosno.pl\\\/cti\\\/wp-content\\\/uploads\\\/sites\\\/38\\\/2020\\\/07\\\/Bez-nazwy.png\",\"contentUrl\":\"https:\\\/\\\/pans.krosno.pl\\\/cti\\\/wp-content\\\/uploads\\\/sites\\\/38\\\/2020\\\/07\\\/Bez-nazwy.png\",\"width\":600,\"height\":400},{\"@type\":\"BreadcrumbList\",\"@id\":\"https:\\\/\\\/pans.krosno.pl\\\/cti\\\/abc-kariery\\\/#breadcrumb\",\"itemListElement\":[{\"@type\":\"ListItem\",\"position\":1,\"name\":\"Strona g\u0142\u00f3wna\",\"item\":\"https:\\\/\\\/pans.krosno.pl\\\/cti\\\/\"},{\"@type\":\"ListItem\",\"position\":2,\"name\":\"ABC Kariery\"}]},{\"@type\":\"WebSite\",\"@id\":\"https:\\\/\\\/pans.krosno.pl\\\/cti\\\/#website\",\"url\":\"https:\\\/\\\/pans.krosno.pl\\\/cti\\\/\",\"name\":\"Biuro Karier\",\"description\":\"Centrum Technologiczne Inkubator - Pa\u0144stwowa Akademia Nauk Stosowanych\",\"publisher\":{\"@id\":\"https:\\\/\\\/pans.krosno.pl\\\/cti\\\/#organization\"},\"potentialAction\":[{\"@type\":\"SearchAction\",\"target\":{\"@type\":\"EntryPoint\",\"urlTemplate\":\"https:\\\/\\\/pans.krosno.pl\\\/cti\\\/?s={search_term_string}\"},\"query-input\":{\"@type\":\"PropertyValueSpecification\",\"valueRequired\":true,\"valueName\":\"search_term_string\"}}],\"inLanguage\":\"pl-PL\"},{\"@type\":\"Organization\",\"@id\":\"https:\\\/\\\/pans.krosno.pl\\\/cti\\\/#organization\",\"name\":\"Biuro Karier - Karpacka Pa\u0144stwowa Uczelnia w Kro\u015bnie\",\"url\":\"https:\\\/\\\/pans.krosno.pl\\\/cti\\\/\",\"logo\":{\"@type\":\"ImageObject\",\"inLanguage\":\"pl-PL\",\"@id\":\"https:\\\/\\\/pans.krosno.pl\\\/cti\\\/#\\\/schema\\\/logo\\\/image\\\/\",\"url\":\"https:\\\/\\\/pans.krosno.pl\\\/bk\\\/wp-content\\\/uploads\\\/sites\\\/38\\\/2020\\\/05\\\/96735643_906333539807912_5732186373989859328_n-1.gif\",\"contentUrl\":\"https:\\\/\\\/pans.krosno.pl\\\/bk\\\/wp-content\\\/uploads\\\/sites\\\/38\\\/2020\\\/05\\\/96735643_906333539807912_5732186373989859328_n-1.gif\",\"width\":762,\"height\":137,\"caption\":\"Biuro Karier - Karpacka Pa\u0144stwowa Uczelnia w Kro\u015bnie\"},\"image\":{\"@id\":\"https:\\\/\\\/pans.krosno.pl\\\/cti\\\/#\\\/schema\\\/logo\\\/image\\\/\"},\"sameAs\":[\"https:\\\/\\\/www.facebook.com\\\/BKKPUKROSNO\\\/\"]}]}<\/script>\n<!-- \/ Yoast SEO Premium plugin. -->","yoast_head_json":{"title":"ABC Kariery - Centrum Technologiczne Inkubator PANS w Kro\u015bnie","description":"ABC Kariery - Biuro Karier - KPU w Kro\u015bnie","robots":{"index":"index","follow":"follow","max-snippet":"max-snippet:-1","max-image-preview":"max-image-preview:large","max-video-preview":"max-video-preview:-1"},"canonical":"https:\/\/pans.krosno.pl\/cti\/abc-kariery\/","og_locale":"pl_PL","og_type":"article","og_title":"ABC Kariery","og_description":"ABC Kariery - Biuro Karier - KPU w Kro\u015bnie","og_url":"https:\/\/pans.krosno.pl\/cti\/abc-kariery\/","og_site_name":"Centrum Technologiczne Inkubator PANS w Kro\u015bnie","article_publisher":"https:\/\/www.facebook.com\/BKKPUKROSNO\/","article_modified_time":"2025-10-08T10:30:28+00:00","og_image":[{"width":600,"height":400,"url":"https:\/\/pans.krosno.pl\/cti\/wp-content\/uploads\/sites\/38\/2020\/07\/Bez-nazwy.png","type":"image\/png"}],"twitter_card":"summary_large_image","twitter_misc":{"Szacowany czas czytania":"2 minuty"},"schema":{"@context":"https:\/\/schema.org","@graph":[{"@type":"WebPage","@id":"https:\/\/pans.krosno.pl\/cti\/abc-kariery\/","url":"https:\/\/pans.krosno.pl\/cti\/abc-kariery\/","name":"ABC Kariery - Centrum Technologiczne Inkubator PANS w Kro\u015bnie","isPartOf":{"@id":"https:\/\/pans.krosno.pl\/cti\/#website"},"primaryImageOfPage":{"@id":"https:\/\/pans.krosno.pl\/cti\/abc-kariery\/#primaryimage"},"image":{"@id":"https:\/\/pans.krosno.pl\/cti\/abc-kariery\/#primaryimage"},"thumbnailUrl":"https:\/\/pans.krosno.pl\/cti\/wp-content\/uploads\/sites\/38\/2020\/07\/Bez-nazwy.png","datePublished":"2020-03-20T13:58:01+00:00","dateModified":"2025-10-08T10:30:28+00:00","description":"ABC Kariery - Biuro Karier - KPU w Kro\u015bnie","breadcrumb":{"@id":"https:\/\/pans.krosno.pl\/cti\/abc-kariery\/#breadcrumb"},"inLanguage":"pl-PL","potentialAction":[{"@type":"ReadAction","target":["https:\/\/pans.krosno.pl\/cti\/abc-kariery\/"]}]},{"@type":"ImageObject","inLanguage":"pl-PL","@id":"https:\/\/pans.krosno.pl\/cti\/abc-kariery\/#primaryimage","url":"https:\/\/pans.krosno.pl\/cti\/wp-content\/uploads\/sites\/38\/2020\/07\/Bez-nazwy.png","contentUrl":"https:\/\/pans.krosno.pl\/cti\/wp-content\/uploads\/sites\/38\/2020\/07\/Bez-nazwy.png","width":600,"height":400},{"@type":"BreadcrumbList","@id":"https:\/\/pans.krosno.pl\/cti\/abc-kariery\/#breadcrumb","itemListElement":[{"@type":"ListItem","position":1,"name":"Strona g\u0142\u00f3wna","item":"https:\/\/pans.krosno.pl\/cti\/"},{"@type":"ListItem","position":2,"name":"ABC Kariery"}]},{"@type":"WebSite","@id":"https:\/\/pans.krosno.pl\/cti\/#website","url":"https:\/\/pans.krosno.pl\/cti\/","name":"Biuro Karier","description":"Centrum Technologiczne Inkubator - Pa\u0144stwowa Akademia Nauk Stosowanych","publisher":{"@id":"https:\/\/pans.krosno.pl\/cti\/#organization"},"potentialAction":[{"@type":"SearchAction","target":{"@type":"EntryPoint","urlTemplate":"https:\/\/pans.krosno.pl\/cti\/?s={search_term_string}"},"query-input":{"@type":"PropertyValueSpecification","valueRequired":true,"valueName":"search_term_string"}}],"inLanguage":"pl-PL"},{"@type":"Organization","@id":"https:\/\/pans.krosno.pl\/cti\/#organization","name":"Biuro Karier - Karpacka Pa\u0144stwowa Uczelnia w Kro\u015bnie","url":"https:\/\/pans.krosno.pl\/cti\/","logo":{"@type":"ImageObject","inLanguage":"pl-PL","@id":"https:\/\/pans.krosno.pl\/cti\/#\/schema\/logo\/image\/","url":"https:\/\/pans.krosno.pl\/bk\/wp-content\/uploads\/sites\/38\/2020\/05\/96735643_906333539807912_5732186373989859328_n-1.gif","contentUrl":"https:\/\/pans.krosno.pl\/bk\/wp-content\/uploads\/sites\/38\/2020\/05\/96735643_906333539807912_5732186373989859328_n-1.gif","width":762,"height":137,"caption":"Biuro Karier - Karpacka Pa\u0144stwowa Uczelnia w Kro\u015bnie"},"image":{"@id":"https:\/\/pans.krosno.pl\/cti\/#\/schema\/logo\/image\/"},"sameAs":["https:\/\/www.facebook.com\/BKKPUKROSNO\/"]}]}},"_links":{"self":[{"href":"https:\/\/pans.krosno.pl\/cti\/wp-json\/wp\/v2\/pages\/25","targetHints":{"allow":["GET"]}}],"collection":[{"href":"https:\/\/pans.krosno.pl\/cti\/wp-json\/wp\/v2\/pages"}],"about":[{"href":"https:\/\/pans.krosno.pl\/cti\/wp-json\/wp\/v2\/types\/page"}],"author":[{"embeddable":true,"href":"https:\/\/pans.krosno.pl\/cti\/wp-json\/wp\/v2\/users\/27"}],"replies":[{"embeddable":true,"href":"https:\/\/pans.krosno.pl\/cti\/wp-json\/wp\/v2\/comments?post=25"}],"version-history":[{"count":18,"href":"https:\/\/pans.krosno.pl\/cti\/wp-json\/wp\/v2\/pages\/25\/revisions"}],"predecessor-version":[{"id":7190,"href":"https:\/\/pans.krosno.pl\/cti\/wp-json\/wp\/v2\/pages\/25\/revisions\/7190"}],"wp:attachment":[{"href":"https:\/\/pans.krosno.pl\/cti\/wp-json\/wp\/v2\/media?parent=25"}],"curies":[{"name":"wp","href":"https:\/\/api.w.org\/{rel}","templated":true}]}}