{"id":2319,"date":"2021-07-01T08:42:51","date_gmt":"2021-07-01T06:42:51","guid":{"rendered":"https:\/\/pans.krosno.pl\/bk\/?page_id=2319"},"modified":"2023-09-20T09:56:13","modified_gmt":"2023-09-20T07:56:13","slug":"firmy-i-instytucje-partnerskie","status":"publish","type":"page","link":"https:\/\/pans.krosno.pl\/cti\/praktyki\/przewodnik\/firmy-i-instytucje-partnerskie\/","title":{"rendered":"Firmy i instytucje partnerskie"},"content":{"rendered":"\n<hr class=\"wp-block-separator has-css-opacity\"\/>\n\n\n\n<h2 class=\"wp-block-heading has-text-align-center\" id=\"h-kierunki-studiow\">Kierunki studi\u00f3w<\/h2>\n\n\n\n<hr class=\"wp-block-separator has-css-opacity\"\/>\n\n\n\n<div class=\"wp-block-columns is-layout-flex wp-container-core-columns-is-layout-28f84493 wp-block-columns-is-layout-flex\">\n<div class=\"wp-block-column is-layout-flow wp-block-column-is-layout-flow\">\n<ul>\n<li><a href=\"https:\/\/pans.krosno.pl\/cti\/wp-content\/uploads\/sites\/38\/2021\/07\/Dwujezykowe-studia-dla-tlumaczy.pdf\"><strong>Dwuj\u0119zykowe studia dla t\u0142umaczy<\/strong><\/a><\/li>\n<li><a href=\"https:\/\/pans.krosno.pl\/cti\/wp-content\/uploads\/sites\/38\/2021\/07\/Filologia-angielska.pdf\"><strong>Filologia angielska<\/strong><\/a><\/li>\n<li><a href=\"https:\/\/pans.krosno.pl\/wp-content\/uploads\/2021\/07\/Baza-MKJOGOLNY.pdf\" target=\"_blank\" rel=\"noopener noreferrer\"><strong>Mi\u0119dzynarodowa komunikacja j\u0119zykowa<\/strong><\/a><\/li>\n<li><strong><a href=\"https:\/\/pans.krosno.pl\/cti\/wp-content\/uploads\/sites\/38\/2021\/07\/Pedagogika.pdf\">Pedagogika<\/a><\/strong><\/li>\n<li><strong><a href=\"https:\/\/pans.krosno.pl\/cti\/wp-content\/uploads\/sites\/38\/2021\/07\/Pedagogika-przedszkolna-i-wczesnoszkolna.pdf\">Pedagogika przedszkolna i wczesnoszkolna<\/a><\/strong><\/li>\n<\/ul>\n<\/div>\n\n\n\n<div class=\"wp-block-column is-layout-flow wp-block-column-is-layout-flow\">\n<ul>\n<li><strong><a href=\"https:\/\/pans.krosno.pl\/cti\/wp-content\/uploads\/sites\/38\/2021\/07\/Budownictwo.pdf\">Budownictwo<\/a><\/strong><\/li>\n<li><a href=\"https:\/\/pans.krosno.pl\/wp-content\/uploads\/2021\/07\/Baza-Energetyka-OGOLNY.pdf\" target=\"_blank\" rel=\"noopener noreferrer\"><strong>Energetyka<\/strong><\/a><\/li>\n<li><strong><a href=\"https:\/\/pans.krosno.pl\/cti\/wp-content\/uploads\/sites\/38\/2021\/07\/Informatyka.pdf\">Informatyka<\/a><\/strong><\/li>\n<li><a href=\"https:\/\/pans.krosno.pl\/cti\/wp-content\/uploads\/sites\/38\/2021\/12\/baza-firm-IS-.pdf\"><strong>In\u017cynieria \u015brodowiska<\/strong><\/a><\/li>\n<li><a href=\"https:\/\/pans.krosno.pl\/wp-content\/uploads\/2021\/07\/Baza-MBM-OGOLNY.pdf\" target=\"_blank\" rel=\"noopener noreferrer\"><strong>Mechanika i budowa maszyn<\/strong><\/a><\/li>\n<li><strong>Automatyka i robotyka&nbsp;<\/strong><\/li>\n<li><strong><a href=\"https:\/\/pans.krosno.pl\/cti\/wp-content\/uploads\/sites\/38\/2021\/11\/Inzynieria-produkcji.pdf\">In\u017cynieria produkcji<\/a> <\/strong><\/li>\n<\/ul>\n<\/div>\n\n\n\n<div class=\"wp-block-column is-layout-flow wp-block-column-is-layout-flow\">\n<ul>\n<li><a href=\"https:\/\/pans.krosno.pl\/cti\/wp-content\/uploads\/sites\/38\/2021\/11\/Marketing-internetowy.pdf\"><strong>Marketing internetowy<\/strong><\/a><\/li>\n<li><a href=\"https:\/\/pans.krosno.pl\/cti\/wp-content\/uploads\/sites\/38\/2021\/11\/Pielegniarstwo.pdf\"><strong>Piel\u0119gniarstwo<\/strong><\/a><\/li>\n<li><a href=\"https:\/\/pans.krosno.pl\/wp-content\/uploads\/2021\/07\/Baza-firm-PBZ-OGOLNY.pdf\" target=\"_blank\" rel=\"noopener noreferrer\"><strong>Produkcja i bezpiecze\u0144stwo \u017cywno\u015bci<\/strong><\/a><\/li>\n<li><strong><a href=\"https:\/\/pans.krosno.pl\/cti\/wp-content\/uploads\/sites\/38\/2021\/07\/Towaroznawstwo.pdf\">Towaroznawstwo<\/a><\/strong><\/li>\n<li><strong><a href=\"https:\/\/pans.krosno.pl\/wp-content\/uploads\/2021\/07\/Baza-TIR-OGOLNY.pdf\" target=\"_blank\" rel=\"noopener noreferrer\">Turystyka i rekreacja<\/a><\/strong><\/li>\n<li><strong>Wychowanie fizyczne<\/strong><\/li>\n<li><a href=\"https:\/\/pans.krosno.pl\/wp-content\/uploads\/2021\/07\/Baza-firm-ZIELARSTWO-OGOLNY.pdf\" target=\"_blank\" rel=\"noopener noreferrer\"><strong>Zielarstwo<\/strong><\/a><\/li>\n<li><strong><a href=\"https:\/\/pans.krosno.pl\/cti\/wp-content\/uploads\/sites\/38\/2021\/07\/Zarzadzanie.pdf\">Zarz\u0105dzanie<\/a><\/strong><\/li>\n<\/ul>\n<\/div>\n<\/div>\n\n\n\n<p><\/p>\n","protected":false},"excerpt":{"rendered":"<p>Kierunki studi\u00f3w Dwuj\u0119zykowe studia dla t\u0142umaczy Filologia angielska Mi\u0119dzynarodowa komunikacja j\u0119zykowa Pedagogika Pedagogika przedszkolna i wczesnoszkolna Budownictwo Energetyka Informatyka In\u017cynieria \u015brodowiska Mechanika i budowa maszyn Automatyka i robotyka&nbsp; In\u017cynieria produkcji Marketing internetowy Piel\u0119gniarstwo Produkcja i bezpiecze\u0144stwo \u017cywno\u015bci Towaroznawstwo Turystyka i rekreacja Wychowanie fizyczne Zielarstwo Zarz\u0105dzanie<\/p>\n","protected":false},"author":27,"featured_media":0,"parent":764,"menu_order":0,"comment_status":"closed","ping_status":"closed","template":"page-templates\/template-full-width.php","meta":{"ngg_post_thumbnail":0,"footnotes":""},"class_list":["post-2319","page","type-page","status-publish","hentry"],"yoast_head":"<!-- This site is optimized with the Yoast SEO Premium plugin v27.4 (Yoast SEO v27.4) - https:\/\/yoast.com\/product\/yoast-seo-premium-wordpress\/ -->\n<title>Firmy i instytucje partnerskie - Centrum Technologiczne Inkubator PANS w Kro\u015bnie<\/title>\n<meta name=\"robots\" content=\"index, follow, max-snippet:-1, max-image-preview:large, max-video-preview:-1\" \/>\n<link rel=\"canonical\" href=\"https:\/\/pans.krosno.pl\/cti\/praktyki\/przewodnik\/firmy-i-instytucje-partnerskie\/\" \/>\n<meta property=\"og:locale\" content=\"pl_PL\" \/>\n<meta property=\"og:type\" content=\"article\" \/>\n<meta property=\"og:title\" content=\"Firmy i instytucje partnerskie\" \/>\n<meta property=\"og:description\" content=\"Kierunki studi\u00f3w Dwuj\u0119zykowe studia dla t\u0142umaczy Filologia angielska Mi\u0119dzynarodowa komunikacja j\u0119zykowa Pedagogika Pedagogika przedszkolna i wczesnoszkolna Budownictwo Energetyka Informatyka In\u017cynieria \u015brodowiska Mechanika i budowa maszyn Automatyka i robotyka&nbsp; In\u017cynieria produkcji Marketing internetowy Piel\u0119gniarstwo Produkcja i bezpiecze\u0144stwo \u017cywno\u015bci Towaroznawstwo Turystyka i rekreacja Wychowanie fizyczne Zielarstwo Zarz\u0105dzanie\" \/>\n<meta property=\"og:url\" content=\"https:\/\/pans.krosno.pl\/cti\/praktyki\/przewodnik\/firmy-i-instytucje-partnerskie\/\" \/>\n<meta property=\"og:site_name\" content=\"Centrum Technologiczne Inkubator PANS w Kro\u015bnie\" \/>\n<meta property=\"article:publisher\" content=\"https:\/\/www.facebook.com\/BKKPUKROSNO\/\" \/>\n<meta property=\"article:modified_time\" content=\"2023-09-20T07:56:13+00:00\" \/>\n<meta name=\"twitter:card\" content=\"summary_large_image\" \/>\n<script type=\"application\/ld+json\" class=\"yoast-schema-graph\">{\"@context\":\"https:\\\/\\\/schema.org\",\"@graph\":[{\"@type\":\"WebPage\",\"@id\":\"https:\\\/\\\/pans.krosno.pl\\\/cti\\\/praktyki\\\/przewodnik\\\/firmy-i-instytucje-partnerskie\\\/\",\"url\":\"https:\\\/\\\/pans.krosno.pl\\\/cti\\\/praktyki\\\/przewodnik\\\/firmy-i-instytucje-partnerskie\\\/\",\"name\":\"Firmy i instytucje partnerskie - Centrum Technologiczne Inkubator PANS w Kro\u015bnie\",\"isPartOf\":{\"@id\":\"https:\\\/\\\/pans.krosno.pl\\\/cti\\\/#website\"},\"datePublished\":\"2021-07-01T06:42:51+00:00\",\"dateModified\":\"2023-09-20T07:56:13+00:00\",\"breadcrumb\":{\"@id\":\"https:\\\/\\\/pans.krosno.pl\\\/cti\\\/praktyki\\\/przewodnik\\\/firmy-i-instytucje-partnerskie\\\/#breadcrumb\"},\"inLanguage\":\"pl-PL\",\"potentialAction\":[{\"@type\":\"ReadAction\",\"target\":[\"https:\\\/\\\/pans.krosno.pl\\\/cti\\\/praktyki\\\/przewodnik\\\/firmy-i-instytucje-partnerskie\\\/\"]}]},{\"@type\":\"BreadcrumbList\",\"@id\":\"https:\\\/\\\/pans.krosno.pl\\\/cti\\\/praktyki\\\/przewodnik\\\/firmy-i-instytucje-partnerskie\\\/#breadcrumb\",\"itemListElement\":[{\"@type\":\"ListItem\",\"position\":1,\"name\":\"Strona g\u0142\u00f3wna\",\"item\":\"https:\\\/\\\/pans.krosno.pl\\\/cti\\\/\"},{\"@type\":\"ListItem\",\"position\":2,\"name\":\"Praktyki\",\"item\":\"https:\\\/\\\/pans.krosno.pl\\\/cti\\\/praktyki\\\/\"},{\"@type\":\"ListItem\",\"position\":3,\"name\":\"Przewodnik\",\"item\":\"https:\\\/\\\/pans.krosno.pl\\\/cti\\\/praktyki\\\/przewodnik\\\/\"},{\"@type\":\"ListItem\",\"position\":4,\"name\":\"Firmy i instytucje partnerskie\"}]},{\"@type\":\"WebSite\",\"@id\":\"https:\\\/\\\/pans.krosno.pl\\\/cti\\\/#website\",\"url\":\"https:\\\/\\\/pans.krosno.pl\\\/cti\\\/\",\"name\":\"Biuro Karier\",\"description\":\"Centrum Technologiczne Inkubator - Pa\u0144stwowa Akademia Nauk Stosowanych\",\"publisher\":{\"@id\":\"https:\\\/\\\/pans.krosno.pl\\\/cti\\\/#organization\"},\"potentialAction\":[{\"@type\":\"SearchAction\",\"target\":{\"@type\":\"EntryPoint\",\"urlTemplate\":\"https:\\\/\\\/pans.krosno.pl\\\/cti\\\/?s={search_term_string}\"},\"query-input\":{\"@type\":\"PropertyValueSpecification\",\"valueRequired\":true,\"valueName\":\"search_term_string\"}}],\"inLanguage\":\"pl-PL\"},{\"@type\":\"Organization\",\"@id\":\"https:\\\/\\\/pans.krosno.pl\\\/cti\\\/#organization\",\"name\":\"Biuro Karier - Karpacka Pa\u0144stwowa Uczelnia w Kro\u015bnie\",\"url\":\"https:\\\/\\\/pans.krosno.pl\\\/cti\\\/\",\"logo\":{\"@type\":\"ImageObject\",\"inLanguage\":\"pl-PL\",\"@id\":\"https:\\\/\\\/pans.krosno.pl\\\/cti\\\/#\\\/schema\\\/logo\\\/image\\\/\",\"url\":\"https:\\\/\\\/pans.krosno.pl\\\/bk\\\/wp-content\\\/uploads\\\/sites\\\/38\\\/2020\\\/05\\\/96735643_906333539807912_5732186373989859328_n-1.gif\",\"contentUrl\":\"https:\\\/\\\/pans.krosno.pl\\\/bk\\\/wp-content\\\/uploads\\\/sites\\\/38\\\/2020\\\/05\\\/96735643_906333539807912_5732186373989859328_n-1.gif\",\"width\":762,\"height\":137,\"caption\":\"Biuro Karier - Karpacka Pa\u0144stwowa Uczelnia w Kro\u015bnie\"},\"image\":{\"@id\":\"https:\\\/\\\/pans.krosno.pl\\\/cti\\\/#\\\/schema\\\/logo\\\/image\\\/\"},\"sameAs\":[\"https:\\\/\\\/www.facebook.com\\\/BKKPUKROSNO\\\/\"]}]}<\/script>\n<!-- \/ Yoast SEO Premium plugin. -->","yoast_head_json":{"title":"Firmy i instytucje partnerskie - Centrum Technologiczne Inkubator PANS w Kro\u015bnie","robots":{"index":"index","follow":"follow","max-snippet":"max-snippet:-1","max-image-preview":"max-image-preview:large","max-video-preview":"max-video-preview:-1"},"canonical":"https:\/\/pans.krosno.pl\/cti\/praktyki\/przewodnik\/firmy-i-instytucje-partnerskie\/","og_locale":"pl_PL","og_type":"article","og_title":"Firmy i instytucje partnerskie","og_description":"Kierunki studi\u00f3w Dwuj\u0119zykowe studia dla t\u0142umaczy Filologia angielska Mi\u0119dzynarodowa komunikacja j\u0119zykowa Pedagogika Pedagogika przedszkolna i wczesnoszkolna Budownictwo Energetyka Informatyka In\u017cynieria \u015brodowiska Mechanika i budowa maszyn Automatyka i robotyka&nbsp; In\u017cynieria produkcji Marketing internetowy Piel\u0119gniarstwo Produkcja i bezpiecze\u0144stwo \u017cywno\u015bci Towaroznawstwo Turystyka i rekreacja Wychowanie fizyczne Zielarstwo Zarz\u0105dzanie","og_url":"https:\/\/pans.krosno.pl\/cti\/praktyki\/przewodnik\/firmy-i-instytucje-partnerskie\/","og_site_name":"Centrum Technologiczne Inkubator PANS w Kro\u015bnie","article_publisher":"https:\/\/www.facebook.com\/BKKPUKROSNO\/","article_modified_time":"2023-09-20T07:56:13+00:00","twitter_card":"summary_large_image","schema":{"@context":"https:\/\/schema.org","@graph":[{"@type":"WebPage","@id":"https:\/\/pans.krosno.pl\/cti\/praktyki\/przewodnik\/firmy-i-instytucje-partnerskie\/","url":"https:\/\/pans.krosno.pl\/cti\/praktyki\/przewodnik\/firmy-i-instytucje-partnerskie\/","name":"Firmy i instytucje partnerskie - Centrum Technologiczne Inkubator PANS w Kro\u015bnie","isPartOf":{"@id":"https:\/\/pans.krosno.pl\/cti\/#website"},"datePublished":"2021-07-01T06:42:51+00:00","dateModified":"2023-09-20T07:56:13+00:00","breadcrumb":{"@id":"https:\/\/pans.krosno.pl\/cti\/praktyki\/przewodnik\/firmy-i-instytucje-partnerskie\/#breadcrumb"},"inLanguage":"pl-PL","potentialAction":[{"@type":"ReadAction","target":["https:\/\/pans.krosno.pl\/cti\/praktyki\/przewodnik\/firmy-i-instytucje-partnerskie\/"]}]},{"@type":"BreadcrumbList","@id":"https:\/\/pans.krosno.pl\/cti\/praktyki\/przewodnik\/firmy-i-instytucje-partnerskie\/#breadcrumb","itemListElement":[{"@type":"ListItem","position":1,"name":"Strona g\u0142\u00f3wna","item":"https:\/\/pans.krosno.pl\/cti\/"},{"@type":"ListItem","position":2,"name":"Praktyki","item":"https:\/\/pans.krosno.pl\/cti\/praktyki\/"},{"@type":"ListItem","position":3,"name":"Przewodnik","item":"https:\/\/pans.krosno.pl\/cti\/praktyki\/przewodnik\/"},{"@type":"ListItem","position":4,"name":"Firmy i instytucje partnerskie"}]},{"@type":"WebSite","@id":"https:\/\/pans.krosno.pl\/cti\/#website","url":"https:\/\/pans.krosno.pl\/cti\/","name":"Biuro Karier","description":"Centrum Technologiczne Inkubator - Pa\u0144stwowa Akademia Nauk Stosowanych","publisher":{"@id":"https:\/\/pans.krosno.pl\/cti\/#organization"},"potentialAction":[{"@type":"SearchAction","target":{"@type":"EntryPoint","urlTemplate":"https:\/\/pans.krosno.pl\/cti\/?s={search_term_string}"},"query-input":{"@type":"PropertyValueSpecification","valueRequired":true,"valueName":"search_term_string"}}],"inLanguage":"pl-PL"},{"@type":"Organization","@id":"https:\/\/pans.krosno.pl\/cti\/#organization","name":"Biuro Karier - Karpacka Pa\u0144stwowa Uczelnia w Kro\u015bnie","url":"https:\/\/pans.krosno.pl\/cti\/","logo":{"@type":"ImageObject","inLanguage":"pl-PL","@id":"https:\/\/pans.krosno.pl\/cti\/#\/schema\/logo\/image\/","url":"https:\/\/pans.krosno.pl\/bk\/wp-content\/uploads\/sites\/38\/2020\/05\/96735643_906333539807912_5732186373989859328_n-1.gif","contentUrl":"https:\/\/pans.krosno.pl\/bk\/wp-content\/uploads\/sites\/38\/2020\/05\/96735643_906333539807912_5732186373989859328_n-1.gif","width":762,"height":137,"caption":"Biuro Karier - Karpacka Pa\u0144stwowa Uczelnia w Kro\u015bnie"},"image":{"@id":"https:\/\/pans.krosno.pl\/cti\/#\/schema\/logo\/image\/"},"sameAs":["https:\/\/www.facebook.com\/BKKPUKROSNO\/"]}]}},"_links":{"self":[{"href":"https:\/\/pans.krosno.pl\/cti\/wp-json\/wp\/v2\/pages\/2319","targetHints":{"allow":["GET"]}}],"collection":[{"href":"https:\/\/pans.krosno.pl\/cti\/wp-json\/wp\/v2\/pages"}],"about":[{"href":"https:\/\/pans.krosno.pl\/cti\/wp-json\/wp\/v2\/types\/page"}],"author":[{"embeddable":true,"href":"https:\/\/pans.krosno.pl\/cti\/wp-json\/wp\/v2\/users\/27"}],"replies":[{"embeddable":true,"href":"https:\/\/pans.krosno.pl\/cti\/wp-json\/wp\/v2\/comments?post=2319"}],"version-history":[{"count":22,"href":"https:\/\/pans.krosno.pl\/cti\/wp-json\/wp\/v2\/pages\/2319\/revisions"}],"predecessor-version":[{"id":5020,"href":"https:\/\/pans.krosno.pl\/cti\/wp-json\/wp\/v2\/pages\/2319\/revisions\/5020"}],"up":[{"embeddable":true,"href":"https:\/\/pans.krosno.pl\/cti\/wp-json\/wp\/v2\/pages\/764"}],"wp:attachment":[{"href":"https:\/\/pans.krosno.pl\/cti\/wp-json\/wp\/v2\/media?parent=2319"}],"curies":[{"name":"wp","href":"https:\/\/api.w.org\/{rel}","templated":true}]}}