{"id":22,"date":"2020-03-20T14:58:01","date_gmt":"2020-03-20T13:58:01","guid":{"rendered":"https:\/\/pans.krosno.pl\/bk\/?page_id=22"},"modified":"2021-05-25T15:09:47","modified_gmt":"2021-05-25T13:09:47","slug":"szkolenia-warsztaty","status":"publish","type":"page","link":"https:\/\/pans.krosno.pl\/cti\/szkolenia-warsztaty\/","title":{"rendered":"Szkolenia\/warsztaty"},"content":{"rendered":"\n<hr class=\"wp-block-separator\" \/>\n\n\n<ul class=\"wp-block-latest-posts__list has-dates wp-block-latest-posts\"><li><div class=\"wp-block-latest-posts__featured-image alignleft\"><img loading=\"lazy\" decoding=\"async\" width=\"150\" height=\"150\" src=\"https:\/\/pans.krosno.pl\/cti\/wp-content\/uploads\/sites\/38\/2025\/11\/Plakat-Maly-1-Spotkanie-z-pracodawca_Naftoremont-Naftobudowa_5.12.2025-150x150.jpg\" class=\"attachment-thumbnail size-thumbnail wp-post-image\" alt=\"\" style=\"\" \/><\/div><a class=\"wp-block-latest-posts__post-title\" href=\"https:\/\/pans.krosno.pl\/cti\/zapraszamy-studentow-na-spotkanie-z-pracodawca\/\">Zapraszamy student\u00f3w na Spotkanie z Pracodawc\u0105!<\/a><time datetime=\"2025-11-27T09:39:59+01:00\" class=\"wp-block-latest-posts__post-date\">27 listopada 2025<\/time><div class=\"wp-block-latest-posts__post-excerpt\">Ju\u017c 5 grudnia 2025 r. w Auli nr 2 przy ul. Dmochowskiego 12 odb\u0119dzie si\u0119 wyj\u0105tkowe spotkanie z przedstawicielami Naftoremont-Naftobudowa (GK Polimex Mostostal). To \u015bwietna okazja, aby:&#8211; pozna\u0107 firm\u0119 dzia\u0142aj\u0105c\u0105 w bran\u017cy technicznej,&#8211; dowiedzie\u0107 si\u0119 o aktualnych ofertach pracy, praktyk i sta\u017cy,&#8211; porozmawia\u0107 z dyrektorami i pozna\u0107 realne mo\u017cliwo\u015bci rozwoju zawodowego. Wydarzenie jest skierowane szczeg\u00f3lnie [\u2026] <div class=\"clear\"><\/div><a class=\"more_link clearfix\" href=\"https:\/\/pans.krosno.pl\/cti\/zapraszamy-studentow-na-spotkanie-z-pracodawca\/\" rel=\"nofollow\">Read More<\/a><\/div><\/li>\n<li><div class=\"wp-block-latest-posts__featured-image alignleft\"><img loading=\"lazy\" decoding=\"async\" width=\"150\" height=\"150\" src=\"https:\/\/pans.krosno.pl\/cti\/wp-content\/uploads\/sites\/38\/2023\/07\/Plakat-BizneStart-2023-150x150.jpg\" class=\"attachment-thumbnail size-thumbnail wp-post-image\" alt=\"\" style=\"\" \/><\/div><a class=\"wp-block-latest-posts__post-title\" href=\"https:\/\/pans.krosno.pl\/cti\/biznestart-abc-przedsiebiorczosci-2\/\">BizneStart &#8211; ABC Przedsi\u0119biorczo\u015bci<\/a><time datetime=\"2023-07-07T08:19:09+02:00\" class=\"wp-block-latest-posts__post-date\">7 lipca 2023<\/time><div class=\"wp-block-latest-posts__post-excerpt\">Szkolenie BizneStart Odpowiedzi na te i inne pytania znajdziesz podczas bezp\u0142atnych szkole\u0144 \u201eBizneStart-ABCPrzedsi\u0119biorczo\u015bci&#8221;. Organizuje je Centrum Informacji i Planowania Kariery Zawodowej Wojew\u00f3dzkiego Urz\u0119du Pracy w Rzeszowie z udzia\u0142em specjalist\u00f3w z r\u00f3\u017cnych dziedzin. Ekspert z zakresu przedsi\u0119biorczo\u015bci:&#8211; kreowanie pomys\u0142\u00f3w na biznes,&#8211; koszty prowadzenia dzia\u0142alno\u015bci gospodarczej,&#8211; finansowanie nowego biznesu,&#8211; prawa i obowi\u0105zki przysz\u0142ego przedsi\u0119biorcy,&#8211; rejestracja firmy krok [\u2026] <div class=\"clear\"><\/div><a class=\"more_link clearfix\" href=\"https:\/\/pans.krosno.pl\/cti\/biznestart-abc-przedsiebiorczosci-2\/\" rel=\"nofollow\">Read More<\/a><\/div><\/li>\n<li><div class=\"wp-block-latest-posts__featured-image alignleft\"><img loading=\"lazy\" decoding=\"async\" width=\"150\" height=\"150\" src=\"https:\/\/pans.krosno.pl\/cti\/wp-content\/uploads\/sites\/38\/2022\/11\/BIZNESTART-JESIEN-2022-002-150x150.png\" class=\"attachment-thumbnail size-thumbnail wp-post-image\" alt=\"\" style=\"\" \/><\/div><a class=\"wp-block-latest-posts__post-title\" href=\"https:\/\/pans.krosno.pl\/cti\/biznestart-abc-przedsiebiorczosci\/\">BizneStart &#8211; ABC Przedsi\u0119biorczo\u015bci<\/a><time datetime=\"2022-11-09T08:40:18+01:00\" class=\"wp-block-latest-posts__post-date\">9 listopada 2022<\/time><div class=\"wp-block-latest-posts__post-excerpt\">Szkolenie BizneStart Chcia\u0142by\u015b za\u0142o\u017cy\u0107 firm\u0119 lub ju\u017c j\u0105 prowadzisz? Potrzebujesz \u015brodk\u00f3w na rozpocz\u0119cie w\u0142asnego biznesu? Nie wiesz jak\u0105 wybra\u0107 form\u0119 opodatkowania? Potrzebujesz promocji swoich produkt\u00f3w lub us\u0142ug? Nie widzisz efekt\u00f3w swoich dzia\u0142a\u0144 w social media? Potrzebujesz wskaz\u00f3wek jak zoptymalizowa\u0107 swoj\u0105 stron\u0119 internetow\u0105? Chcesz by\u0107 lepiej widoczny w Google? Odpowiedzi na te i inne pytania znajdziesz [\u2026] <div class=\"clear\"><\/div><a class=\"more_link clearfix\" href=\"https:\/\/pans.krosno.pl\/cti\/biznestart-abc-przedsiebiorczosci\/\" rel=\"nofollow\">Read More<\/a><\/div><\/li>\n<li><div class=\"wp-block-latest-posts__featured-image alignleft\"><img loading=\"lazy\" decoding=\"async\" width=\"150\" height=\"150\" src=\"https:\/\/pans.krosno.pl\/cti\/wp-content\/uploads\/sites\/38\/2020\/06\/microphone1-1-150x150.jpg\" class=\"attachment-thumbnail size-thumbnail wp-post-image\" alt=\"\" style=\"\" \/><\/div><a class=\"wp-block-latest-posts__post-title\" href=\"https:\/\/pans.krosno.pl\/cti\/bezplatne-warsztaty-rozwijajace-kreatywnosc\/\">BEZP\u0141ATNE WARSZTATY ROZWIJAJ\u0104CE KREATYWNO\u015a\u0106<\/a><time datetime=\"2020-01-02T10:24:00+01:00\" class=\"wp-block-latest-posts__post-date\">2 stycznia 2020<\/time><div class=\"wp-block-latest-posts__post-excerpt\">Zapraszamy student\u00f3w oraz absolwent\u00f3w do udzia\u0142u w bezp\u0142atnych warsztatach rozwijaj\u0105cych kreatywno\u015b\u0107. Nie zwlekaj zapisz si\u0119 ju\u017c dzisiaj, liczba miejsc ograniczona!!! Bezp\u0142atne warsztaty rozwijaj\u0105ce kreatywno\u015b\u0107 \u2013 8 stycznia 2020 r. w Kro\u015bnie. Zapraszamy do udzia\u0142u w programie \u201eProjektanci Innowacji PFR\u201d, czyli warsztatach design thinking. Warsztaty odb\u0119d\u0105 si\u0119 8 stycznia 2020 r. w godzinach 9:00 \u2013 17:00 [\u2026] <div class=\"clear\"><\/div><a class=\"more_link clearfix\" href=\"https:\/\/pans.krosno.pl\/cti\/bezplatne-warsztaty-rozwijajace-kreatywnosc\/\" rel=\"nofollow\">Read More<\/a><\/div><\/li>\n<\/ul>","protected":false},"excerpt":{"rendered":"","protected":false},"author":27,"featured_media":0,"parent":0,"menu_order":0,"comment_status":"closed","ping_status":"closed","template":"page-templates\/template-full-width.php","meta":{"ngg_post_thumbnail":0,"footnotes":""},"class_list":["post-22","page","type-page","status-publish","hentry"],"yoast_head":"<!-- This site is optimized with the Yoast SEO Premium plugin v27.4 (Yoast SEO v27.4) - https:\/\/yoast.com\/product\/yoast-seo-premium-wordpress\/ -->\n<title>Szkolenia\/warsztaty - Centrum Technologiczne Inkubator PANS w Kro\u015bnie<\/title>\n<meta name=\"robots\" content=\"index, follow, max-snippet:-1, max-image-preview:large, max-video-preview:-1\" \/>\n<link rel=\"canonical\" href=\"https:\/\/pans.krosno.pl\/cti\/szkolenia-warsztaty\/\" \/>\n<meta property=\"og:locale\" content=\"pl_PL\" \/>\n<meta property=\"og:type\" content=\"article\" \/>\n<meta property=\"og:title\" content=\"Szkolenia\/warsztaty\" \/>\n<meta property=\"og:url\" content=\"https:\/\/pans.krosno.pl\/cti\/szkolenia-warsztaty\/\" \/>\n<meta property=\"og:site_name\" content=\"Centrum Technologiczne Inkubator PANS w Kro\u015bnie\" \/>\n<meta property=\"article:publisher\" content=\"https:\/\/www.facebook.com\/BKKPUKROSNO\/\" \/>\n<meta property=\"article:modified_time\" content=\"2021-05-25T13:09:47+00:00\" \/>\n<meta name=\"twitter:card\" content=\"summary_large_image\" \/>\n<script type=\"application\/ld+json\" class=\"yoast-schema-graph\">{\"@context\":\"https:\\\/\\\/schema.org\",\"@graph\":[{\"@type\":\"WebPage\",\"@id\":\"https:\\\/\\\/pans.krosno.pl\\\/cti\\\/szkolenia-warsztaty\\\/\",\"url\":\"https:\\\/\\\/pans.krosno.pl\\\/cti\\\/szkolenia-warsztaty\\\/\",\"name\":\"Szkolenia\\\/warsztaty - Centrum Technologiczne Inkubator PANS w Kro\u015bnie\",\"isPartOf\":{\"@id\":\"https:\\\/\\\/pans.krosno.pl\\\/cti\\\/#website\"},\"datePublished\":\"2020-03-20T13:58:01+00:00\",\"dateModified\":\"2021-05-25T13:09:47+00:00\",\"breadcrumb\":{\"@id\":\"https:\\\/\\\/pans.krosno.pl\\\/cti\\\/szkolenia-warsztaty\\\/#breadcrumb\"},\"inLanguage\":\"pl-PL\",\"potentialAction\":[{\"@type\":\"ReadAction\",\"target\":[\"https:\\\/\\\/pans.krosno.pl\\\/cti\\\/szkolenia-warsztaty\\\/\"]}]},{\"@type\":\"BreadcrumbList\",\"@id\":\"https:\\\/\\\/pans.krosno.pl\\\/cti\\\/szkolenia-warsztaty\\\/#breadcrumb\",\"itemListElement\":[{\"@type\":\"ListItem\",\"position\":1,\"name\":\"Strona g\u0142\u00f3wna\",\"item\":\"https:\\\/\\\/pans.krosno.pl\\\/cti\\\/\"},{\"@type\":\"ListItem\",\"position\":2,\"name\":\"Szkolenia\\\/warsztaty\"}]},{\"@type\":\"WebSite\",\"@id\":\"https:\\\/\\\/pans.krosno.pl\\\/cti\\\/#website\",\"url\":\"https:\\\/\\\/pans.krosno.pl\\\/cti\\\/\",\"name\":\"Biuro Karier\",\"description\":\"Centrum Technologiczne Inkubator - Pa\u0144stwowa Akademia Nauk Stosowanych\",\"publisher\":{\"@id\":\"https:\\\/\\\/pans.krosno.pl\\\/cti\\\/#organization\"},\"potentialAction\":[{\"@type\":\"SearchAction\",\"target\":{\"@type\":\"EntryPoint\",\"urlTemplate\":\"https:\\\/\\\/pans.krosno.pl\\\/cti\\\/?s={search_term_string}\"},\"query-input\":{\"@type\":\"PropertyValueSpecification\",\"valueRequired\":true,\"valueName\":\"search_term_string\"}}],\"inLanguage\":\"pl-PL\"},{\"@type\":\"Organization\",\"@id\":\"https:\\\/\\\/pans.krosno.pl\\\/cti\\\/#organization\",\"name\":\"Biuro Karier - Karpacka Pa\u0144stwowa Uczelnia w Kro\u015bnie\",\"url\":\"https:\\\/\\\/pans.krosno.pl\\\/cti\\\/\",\"logo\":{\"@type\":\"ImageObject\",\"inLanguage\":\"pl-PL\",\"@id\":\"https:\\\/\\\/pans.krosno.pl\\\/cti\\\/#\\\/schema\\\/logo\\\/image\\\/\",\"url\":\"https:\\\/\\\/pans.krosno.pl\\\/bk\\\/wp-content\\\/uploads\\\/sites\\\/38\\\/2020\\\/05\\\/96735643_906333539807912_5732186373989859328_n-1.gif\",\"contentUrl\":\"https:\\\/\\\/pans.krosno.pl\\\/bk\\\/wp-content\\\/uploads\\\/sites\\\/38\\\/2020\\\/05\\\/96735643_906333539807912_5732186373989859328_n-1.gif\",\"width\":762,\"height\":137,\"caption\":\"Biuro Karier - Karpacka Pa\u0144stwowa Uczelnia w Kro\u015bnie\"},\"image\":{\"@id\":\"https:\\\/\\\/pans.krosno.pl\\\/cti\\\/#\\\/schema\\\/logo\\\/image\\\/\"},\"sameAs\":[\"https:\\\/\\\/www.facebook.com\\\/BKKPUKROSNO\\\/\"]}]}<\/script>\n<!-- \/ Yoast SEO Premium plugin. -->","yoast_head_json":{"title":"Szkolenia\/warsztaty - Centrum Technologiczne Inkubator PANS w Kro\u015bnie","robots":{"index":"index","follow":"follow","max-snippet":"max-snippet:-1","max-image-preview":"max-image-preview:large","max-video-preview":"max-video-preview:-1"},"canonical":"https:\/\/pans.krosno.pl\/cti\/szkolenia-warsztaty\/","og_locale":"pl_PL","og_type":"article","og_title":"Szkolenia\/warsztaty","og_url":"https:\/\/pans.krosno.pl\/cti\/szkolenia-warsztaty\/","og_site_name":"Centrum Technologiczne Inkubator PANS w Kro\u015bnie","article_publisher":"https:\/\/www.facebook.com\/BKKPUKROSNO\/","article_modified_time":"2021-05-25T13:09:47+00:00","twitter_card":"summary_large_image","schema":{"@context":"https:\/\/schema.org","@graph":[{"@type":"WebPage","@id":"https:\/\/pans.krosno.pl\/cti\/szkolenia-warsztaty\/","url":"https:\/\/pans.krosno.pl\/cti\/szkolenia-warsztaty\/","name":"Szkolenia\/warsztaty - Centrum Technologiczne Inkubator PANS w Kro\u015bnie","isPartOf":{"@id":"https:\/\/pans.krosno.pl\/cti\/#website"},"datePublished":"2020-03-20T13:58:01+00:00","dateModified":"2021-05-25T13:09:47+00:00","breadcrumb":{"@id":"https:\/\/pans.krosno.pl\/cti\/szkolenia-warsztaty\/#breadcrumb"},"inLanguage":"pl-PL","potentialAction":[{"@type":"ReadAction","target":["https:\/\/pans.krosno.pl\/cti\/szkolenia-warsztaty\/"]}]},{"@type":"BreadcrumbList","@id":"https:\/\/pans.krosno.pl\/cti\/szkolenia-warsztaty\/#breadcrumb","itemListElement":[{"@type":"ListItem","position":1,"name":"Strona g\u0142\u00f3wna","item":"https:\/\/pans.krosno.pl\/cti\/"},{"@type":"ListItem","position":2,"name":"Szkolenia\/warsztaty"}]},{"@type":"WebSite","@id":"https:\/\/pans.krosno.pl\/cti\/#website","url":"https:\/\/pans.krosno.pl\/cti\/","name":"Biuro Karier","description":"Centrum Technologiczne Inkubator - Pa\u0144stwowa Akademia Nauk Stosowanych","publisher":{"@id":"https:\/\/pans.krosno.pl\/cti\/#organization"},"potentialAction":[{"@type":"SearchAction","target":{"@type":"EntryPoint","urlTemplate":"https:\/\/pans.krosno.pl\/cti\/?s={search_term_string}"},"query-input":{"@type":"PropertyValueSpecification","valueRequired":true,"valueName":"search_term_string"}}],"inLanguage":"pl-PL"},{"@type":"Organization","@id":"https:\/\/pans.krosno.pl\/cti\/#organization","name":"Biuro Karier - Karpacka Pa\u0144stwowa Uczelnia w Kro\u015bnie","url":"https:\/\/pans.krosno.pl\/cti\/","logo":{"@type":"ImageObject","inLanguage":"pl-PL","@id":"https:\/\/pans.krosno.pl\/cti\/#\/schema\/logo\/image\/","url":"https:\/\/pans.krosno.pl\/bk\/wp-content\/uploads\/sites\/38\/2020\/05\/96735643_906333539807912_5732186373989859328_n-1.gif","contentUrl":"https:\/\/pans.krosno.pl\/bk\/wp-content\/uploads\/sites\/38\/2020\/05\/96735643_906333539807912_5732186373989859328_n-1.gif","width":762,"height":137,"caption":"Biuro Karier - Karpacka Pa\u0144stwowa Uczelnia w Kro\u015bnie"},"image":{"@id":"https:\/\/pans.krosno.pl\/cti\/#\/schema\/logo\/image\/"},"sameAs":["https:\/\/www.facebook.com\/BKKPUKROSNO\/"]}]}},"_links":{"self":[{"href":"https:\/\/pans.krosno.pl\/cti\/wp-json\/wp\/v2\/pages\/22","targetHints":{"allow":["GET"]}}],"collection":[{"href":"https:\/\/pans.krosno.pl\/cti\/wp-json\/wp\/v2\/pages"}],"about":[{"href":"https:\/\/pans.krosno.pl\/cti\/wp-json\/wp\/v2\/types\/page"}],"author":[{"embeddable":true,"href":"https:\/\/pans.krosno.pl\/cti\/wp-json\/wp\/v2\/users\/27"}],"replies":[{"embeddable":true,"href":"https:\/\/pans.krosno.pl\/cti\/wp-json\/wp\/v2\/comments?post=22"}],"version-history":[{"count":3,"href":"https:\/\/pans.krosno.pl\/cti\/wp-json\/wp\/v2\/pages\/22\/revisions"}],"predecessor-version":[{"id":545,"href":"https:\/\/pans.krosno.pl\/cti\/wp-json\/wp\/v2\/pages\/22\/revisions\/545"}],"wp:attachment":[{"href":"https:\/\/pans.krosno.pl\/cti\/wp-json\/wp\/v2\/media?parent=22"}],"curies":[{"name":"wp","href":"https:\/\/api.w.org\/{rel}","templated":true}]}}