{"id":20,"date":"2020-03-20T14:58:00","date_gmt":"2020-03-20T13:58:00","guid":{"rendered":"https:\/\/pans.krosno.pl\/bk\/?page_id=20"},"modified":"2024-02-01T08:27:29","modified_gmt":"2024-02-01T07:27:29","slug":"o-nas","status":"publish","type":"page","link":"https:\/\/pans.krosno.pl\/cti\/o-nas\/","title":{"rendered":"O Nas"},"content":{"rendered":"<p>Centrum Technologiczne Inkubator Pa\u0144stwowej Akademii Nauk Stosowanych w Kro\u015bnie<\/p>\n<p><a href=\"https:\/\/pans.krosno.pl\/cti\/o-nas\/\">Czytaj wi\u0119cej<\/a><\/p>\n\n\n<hr class=\"wp-block-separator has-css-opacity\" \/>\n\n\n<p><strong>Centrum Technologiczne Inkubator<\/strong> <br>PANS w Kro\u015bnie<\/p>\n<p>38-400 Krosno, ul. Rynek 1, pok. 04<br>Godziny otwarcia <strong>CTI<\/strong>:<br>poniedzia\u0142ek \u2013 pi\u0105tek 8.00 \u2013 16.00<br>kontakt telefoniczny: 13 43 755 18<br>mail: <a href=\"mailto:cti@pans.krosno.pl\">cti@pans.krosno.pl<\/a><\/p>\n\n\n<!--more-->\n<!--noteaser-->\n\n\n<p style=\"text-align: justify\"><strong>Do zada\u0144 Centrum Technologicznego Inkubator nale\u017cy w szczeg\u00f3lno\u015bci:<\/strong><br><strong>W zakresie wsp\u00f3\u0142pracy:<\/strong><br>a) nawi\u0105zywanie, rozwijanie i podtrzymywanie sieci relacji, wsp\u00f3\u0142pracy i kontakt\u00f3w z otoczeniem spo\u0142eczno-gospodarczym Uczelni, przedsi\u0119biorcami i instytucjami otoczenia biznesu, instytucjami publicznymi, instytucjami edukacyjnymi, administracj\u0105 publiczn\u0105 oraz organizacjami pozarz\u0105dowymi; <br>b) badanie potrzeb i oczekiwa\u0144 podmiot\u00f3w otoczenia spo\u0142eczno-gospodarczego; wsp\u00f3\u0142praca z podmiotami zewn\u0119trznymi otoczenia Uczelni na rzecz dalszego rozwoju Uczelni; <br>c) propagowanie idei studi\u00f3w dualnych w\u015br\u00f3d firm i instytucji regionu; <br>d) organizowanie wydarze\u0144 dla otoczenia spo\u0142eczno-gospodarczego regionu seminari\u00f3w, konferencji, itp. dzia\u0142a\u0144 na styku uczelnia \uf02d przedsi\u0119biorcy, s\u0142u\u017c\u0105cych wymianie do\u015bwiadcze\u0144 i promocji osi\u0105gni\u0119\u0107 Uczelni;<br>e) wsp\u00f3\u0142praca z podmiotami w zakresie organizacji praktyk studenckich;<br><strong>W zakresie przedsi\u0119biorczo\u015bci:<\/strong><br>a) promowanie i wspieranie przedsi\u0119biorczo\u015bci w\u015br\u00f3d student\u00f3w i absolwent\u00f3w Uczelni;<br>b) aktywizacja student\u00f3w i absolwent\u00f3w Uczelni do podejmowania w\u0142asnej dzia\u0142alno\u015bci gospodarczej;<br>c) przeciwdzia\u0142anie bezrobociu w\u015br\u00f3d absolwent\u00f3w szk\u00f3\u0142 wy\u017cszych poprzez wsparcie<br>w tworzeniu mikro przedsi\u0119biorstw i prowadzeniu ich dzia\u0142alno\u015bci w pierwszym okresie funkcjonowania;<br>d) wsp\u00f3\u0142praca ze studenckimi ko\u0142ami naukowymi w zakresie promowania przedsi\u0119biorczo\u015bci i tworzenia biznesplan\u00f3w;<br>e) pozyskiwanie funduszy wspieraj\u0105cych dzia\u0142alno\u015b\u0107 Centrum;<br>f) inicjowanie i wspieranie innowacyjnych dzia\u0142a\u0144 Uczelni; <br>g) transfer wynik\u00f3w prac badawczych i rozwojowych Uczelni do gospodarki;<br>h) wsp\u00f3\u0142praca z akademickimi inkubatorami przedsi\u0119biorczo\u015bci w innych uczelniach i w mie\u015bcie.<br><strong>W zakresie zada\u0144 zwi\u0105zanych z planowaniem karier student\u00f3w i prowadzeniem monitoringu karier zawodowych absolwent\u00f3w:<\/strong><br>a) inicjowanie i realizacja dzia\u0142a\u0144 zwi\u0105zanych z aktywizacj\u0105 zawodow\u0105 student\u00f3w, w tym:<br>\u2022 wspieranie dzia\u0142a\u0144 zmierzaj\u0105cych do zdobywania do\u015bwiadczenia zawodowego oraz planowania kariery zawodowej student\u00f3w,<br>\u2022 organizacja i prowadzenie grupowych zaj\u0119\u0107 warsztatowych dla student\u00f3w i absolwent\u00f3w,<br>\u2022 organizacja Akademickiego Dnia Nauki,<br>\u2022 prowadzenie doradztwa zawodowego (indywidualnego i grupowego),<br>\u2022 zapoznanie student\u00f3w z technikami poszukiwania pracy oraz standardami rekrutacji, przedstawianie perspektyw rozwoju zawodowego, powiadamianie o mo\u017cliwo\u015bciach podnoszenia lub poszerzania kwalifikacji zawodowych,<br>\u2022 zamieszczanie materia\u0142\u00f3w na stronie internetowej biura i w mediach spo\u0142eczno\u015bciowych,<br>\u2022 wsp\u00f3\u0142organizacja seminari\u00f3w i konferencji;<br>b) inicjowanie i realizacja dzia\u0142a\u0144 zwi\u0105zanych z aktywizacj\u0105 zawodow\u0105 dedykowan\u0105 Uczelni i jednostkom zewn\u0119trznym, w tym:<br>\u2022 prowadzenie bazy danych o absolwentach Uczelni oraz prowadzenie monitoringu los\u00f3w absolwent\u00f3w na potrzeby Uczelni,<br>\u2022 promocja student\u00f3w i absolwent\u00f3w Uczelni na rynku pracy,<br>\u2022 nawi\u0105zywanie i utrzymywanie kontakt\u00f3w z otoczeniem spo\u0142eczno-gospodarczym poprzez gromadzenie informacji o firmach i instytucjach dzia\u0142aj\u0105cych w \u015brodowisku lokalnym i w kraju,<br>\u2022 pozyskiwanie atrakcyjnych ofert pracy, tworzenie banku ofert pracy, praktyk i sta\u017cy oraz zbieranie, klasyfikacja i udost\u0119pnianie danych o rynku pracy, przeprowadzanie naboru i preselekcji na zlecenie pracodawcy, <br>\u2022 pozyskiwanie \u015brodk\u00f3w na organizacj\u0119 wyk\u0142ad\u00f3w, warsztat\u00f3w i kurs\u00f3w dla student\u00f3w, <br>\u2022 organizacja Targ\u00f3w Pracy;<br>\u2022 prowadzenie dzia\u0142a\u0144 na rzecz aktywizacji zawodowej student\u00f3w i absolwent\u00f3w zgodnie z ustaw\u0105 o promocji zatrudnienia i instytucjach rynku pracy; <br>\u2022 sporz\u0105dzanie sprawozda\u0144 z zakresu prowadzonych spraw.<br><strong>Zapraszamy do Centrum Technologicznego Inkubator PANS w Kro\u015bnie.<\/strong><\/p>\n\n\n<hr class=\"wp-block-separator has-css-opacity is-style-wide\" \/>\n\n\n\n<p><strong>Centrum Technologiczne Inkubator PANS w Kro\u015bnie<\/strong>.<br>ul. Rynek 1, pok\u00f3j 04<br>38-400 Krosno<br>tel. 13 43 755 18<br>mail: <a href=\"mailto:biurokarier@pans.krosno.pl\">biurokarier@pans.krosno.pl<\/a><br>czynne: poniedzia\u0142ek \u2013 pi\u0105tek (w godz. 8.00 \u2013 16.00)<\/p>\n","protected":false},"excerpt":{"rendered":"<p>Centrum Technologiczne Inkubator Pa\u0144stwowej Akademii Nauk Stosowanych w Kro\u015bnie Czytaj wi\u0119cej Centrum Technologiczne Inkubator PANS w Kro\u015bnie 38-400 Krosno, ul. Rynek 1, pok. 04Godziny otwarcia CTI:poniedzia\u0142ek \u2013 pi\u0105tek 8.00 \u2013 16.00kontakt telefoniczny: 13 43 755 18mail: cti@pans.krosno.pl<\/p>\n","protected":false},"author":27,"featured_media":5339,"parent":0,"menu_order":0,"comment_status":"closed","ping_status":"closed","template":"page-templates\/template-full-width.php","meta":{"ngg_post_thumbnail":0,"footnotes":""},"class_list":["post-20","page","type-page","status-publish","has-post-thumbnail","hentry"],"yoast_head":"<!-- This site is optimized with the Yoast SEO Premium plugin v27.4 (Yoast SEO v27.4) - https:\/\/yoast.com\/product\/yoast-seo-premium-wordpress\/ -->\n<title>O Nas - Centrum Technologiczne Inkubator PANS w Kro\u015bnie<\/title>\n<meta name=\"description\" content=\"Biuro Karier Karpackiej Pa\u0144stwowej Uczelni w Kro\u015bnieDzia\u0142alno\u015b\u0107 Biura Karier ma na celu przygotowanie student\u00f3w do skutecznego poszukiwania pracy i\u00a0ich efektywnego funkcjonowania na rynku pracy.\" \/>\n<meta name=\"robots\" content=\"index, follow, max-snippet:-1, max-image-preview:large, max-video-preview:-1\" \/>\n<link rel=\"canonical\" href=\"https:\/\/pans.krosno.pl\/cti\/o-nas\/\" \/>\n<meta property=\"og:locale\" content=\"pl_PL\" \/>\n<meta property=\"og:type\" content=\"article\" \/>\n<meta property=\"og:title\" content=\"O Nas\" \/>\n<meta property=\"og:description\" content=\"Biuro Karier Karpackiej Pa\u0144stwowej Uczelni w Kro\u015bnieDzia\u0142alno\u015b\u0107 Biura Karier ma na celu przygotowanie student\u00f3w do skutecznego poszukiwania pracy i\u00a0ich efektywnego funkcjonowania na rynku pracy.\" \/>\n<meta property=\"og:url\" content=\"https:\/\/pans.krosno.pl\/cti\/o-nas\/\" \/>\n<meta property=\"og:site_name\" content=\"Centrum Technologiczne Inkubator PANS w Kro\u015bnie\" \/>\n<meta property=\"article:publisher\" content=\"https:\/\/www.facebook.com\/BKKPUKROSNO\/\" \/>\n<meta property=\"article:modified_time\" content=\"2024-02-01T07:27:29+00:00\" \/>\n<meta property=\"og:image\" content=\"https:\/\/pans.krosno.pl\/wp-content\/uploads\/sites\/38\/2024\/01\/Centrum-Technologiczne_2023.0001.jpg\" \/>\n\t<meta property=\"og:image:width\" content=\"1024\" \/>\n\t<meta property=\"og:image:height\" content=\"946\" \/>\n\t<meta property=\"og:image:type\" content=\"image\/jpeg\" \/>\n<meta name=\"twitter:card\" content=\"summary_large_image\" \/>\n<meta name=\"twitter:label1\" content=\"Szacowany czas czytania\" \/>\n\t<meta name=\"twitter:data1\" content=\"4 minuty\" \/>\n<script type=\"application\/ld+json\" class=\"yoast-schema-graph\">{\"@context\":\"https:\\\/\\\/schema.org\",\"@graph\":[{\"@type\":\"WebPage\",\"@id\":\"https:\\\/\\\/pans.krosno.pl\\\/cti\\\/o-nas\\\/\",\"url\":\"https:\\\/\\\/pans.krosno.pl\\\/cti\\\/o-nas\\\/\",\"name\":\"O Nas - Centrum Technologiczne Inkubator PANS w Kro\u015bnie\",\"isPartOf\":{\"@id\":\"https:\\\/\\\/pans.krosno.pl\\\/cti\\\/#website\"},\"primaryImageOfPage\":{\"@id\":\"https:\\\/\\\/pans.krosno.pl\\\/cti\\\/o-nas\\\/#primaryimage\"},\"image\":{\"@id\":\"https:\\\/\\\/pans.krosno.pl\\\/cti\\\/o-nas\\\/#primaryimage\"},\"thumbnailUrl\":\"https:\\\/\\\/pans.krosno.pl\\\/cti\\\/wp-content\\\/uploads\\\/sites\\\/38\\\/2024\\\/01\\\/Centrum-Technologiczne_2023.0001.jpg\",\"datePublished\":\"2020-03-20T13:58:00+00:00\",\"dateModified\":\"2024-02-01T07:27:29+00:00\",\"description\":\"Biuro Karier Karpackiej Pa\u0144stwowej Uczelni w Kro\u015bnieDzia\u0142alno\u015b\u0107 Biura Karier ma na celu przygotowanie student\u00f3w do skutecznego poszukiwania pracy i\u00a0ich efektywnego funkcjonowania na rynku pracy.\",\"breadcrumb\":{\"@id\":\"https:\\\/\\\/pans.krosno.pl\\\/cti\\\/o-nas\\\/#breadcrumb\"},\"inLanguage\":\"pl-PL\",\"potentialAction\":[{\"@type\":\"ReadAction\",\"target\":[\"https:\\\/\\\/pans.krosno.pl\\\/cti\\\/o-nas\\\/\"]}]},{\"@type\":\"ImageObject\",\"inLanguage\":\"pl-PL\",\"@id\":\"https:\\\/\\\/pans.krosno.pl\\\/cti\\\/o-nas\\\/#primaryimage\",\"url\":\"https:\\\/\\\/pans.krosno.pl\\\/cti\\\/wp-content\\\/uploads\\\/sites\\\/38\\\/2024\\\/01\\\/Centrum-Technologiczne_2023.0001.jpg\",\"contentUrl\":\"https:\\\/\\\/pans.krosno.pl\\\/cti\\\/wp-content\\\/uploads\\\/sites\\\/38\\\/2024\\\/01\\\/Centrum-Technologiczne_2023.0001.jpg\",\"width\":9427,\"height\":8712},{\"@type\":\"BreadcrumbList\",\"@id\":\"https:\\\/\\\/pans.krosno.pl\\\/cti\\\/o-nas\\\/#breadcrumb\",\"itemListElement\":[{\"@type\":\"ListItem\",\"position\":1,\"name\":\"Strona g\u0142\u00f3wna\",\"item\":\"https:\\\/\\\/pans.krosno.pl\\\/cti\\\/\"},{\"@type\":\"ListItem\",\"position\":2,\"name\":\"O Nas\"}]},{\"@type\":\"WebSite\",\"@id\":\"https:\\\/\\\/pans.krosno.pl\\\/cti\\\/#website\",\"url\":\"https:\\\/\\\/pans.krosno.pl\\\/cti\\\/\",\"name\":\"Biuro Karier\",\"description\":\"Centrum Technologiczne Inkubator - Pa\u0144stwowa Akademia Nauk Stosowanych\",\"publisher\":{\"@id\":\"https:\\\/\\\/pans.krosno.pl\\\/cti\\\/#organization\"},\"potentialAction\":[{\"@type\":\"SearchAction\",\"target\":{\"@type\":\"EntryPoint\",\"urlTemplate\":\"https:\\\/\\\/pans.krosno.pl\\\/cti\\\/?s={search_term_string}\"},\"query-input\":{\"@type\":\"PropertyValueSpecification\",\"valueRequired\":true,\"valueName\":\"search_term_string\"}}],\"inLanguage\":\"pl-PL\"},{\"@type\":\"Organization\",\"@id\":\"https:\\\/\\\/pans.krosno.pl\\\/cti\\\/#organization\",\"name\":\"Biuro Karier - Karpacka Pa\u0144stwowa Uczelnia w Kro\u015bnie\",\"url\":\"https:\\\/\\\/pans.krosno.pl\\\/cti\\\/\",\"logo\":{\"@type\":\"ImageObject\",\"inLanguage\":\"pl-PL\",\"@id\":\"https:\\\/\\\/pans.krosno.pl\\\/cti\\\/#\\\/schema\\\/logo\\\/image\\\/\",\"url\":\"https:\\\/\\\/pans.krosno.pl\\\/bk\\\/wp-content\\\/uploads\\\/sites\\\/38\\\/2020\\\/05\\\/96735643_906333539807912_5732186373989859328_n-1.gif\",\"contentUrl\":\"https:\\\/\\\/pans.krosno.pl\\\/bk\\\/wp-content\\\/uploads\\\/sites\\\/38\\\/2020\\\/05\\\/96735643_906333539807912_5732186373989859328_n-1.gif\",\"width\":762,\"height\":137,\"caption\":\"Biuro Karier - Karpacka Pa\u0144stwowa Uczelnia w Kro\u015bnie\"},\"image\":{\"@id\":\"https:\\\/\\\/pans.krosno.pl\\\/cti\\\/#\\\/schema\\\/logo\\\/image\\\/\"},\"sameAs\":[\"https:\\\/\\\/www.facebook.com\\\/BKKPUKROSNO\\\/\"]}]}<\/script>\n<!-- \/ Yoast SEO Premium plugin. -->","yoast_head_json":{"title":"O Nas - Centrum Technologiczne Inkubator PANS w Kro\u015bnie","description":"Biuro Karier Karpackiej Pa\u0144stwowej Uczelni w Kro\u015bnieDzia\u0142alno\u015b\u0107 Biura Karier ma na celu przygotowanie student\u00f3w do skutecznego poszukiwania pracy i\u00a0ich efektywnego funkcjonowania na rynku pracy.","robots":{"index":"index","follow":"follow","max-snippet":"max-snippet:-1","max-image-preview":"max-image-preview:large","max-video-preview":"max-video-preview:-1"},"canonical":"https:\/\/pans.krosno.pl\/cti\/o-nas\/","og_locale":"pl_PL","og_type":"article","og_title":"O Nas","og_description":"Biuro Karier Karpackiej Pa\u0144stwowej Uczelni w Kro\u015bnieDzia\u0142alno\u015b\u0107 Biura Karier ma na celu przygotowanie student\u00f3w do skutecznego poszukiwania pracy i\u00a0ich efektywnego funkcjonowania na rynku pracy.","og_url":"https:\/\/pans.krosno.pl\/cti\/o-nas\/","og_site_name":"Centrum Technologiczne Inkubator PANS w Kro\u015bnie","article_publisher":"https:\/\/www.facebook.com\/BKKPUKROSNO\/","article_modified_time":"2024-02-01T07:27:29+00:00","og_image":[{"url":"https:\/\/pans.krosno.pl\/wp-content\/uploads\/sites\/38\/2024\/01\/Centrum-Technologiczne_2023.0001.jpg","width":1024,"height":946,"type":"image\/jpeg"}],"twitter_card":"summary_large_image","twitter_misc":{"Szacowany czas czytania":"4 minuty"},"schema":{"@context":"https:\/\/schema.org","@graph":[{"@type":"WebPage","@id":"https:\/\/pans.krosno.pl\/cti\/o-nas\/","url":"https:\/\/pans.krosno.pl\/cti\/o-nas\/","name":"O Nas - Centrum Technologiczne Inkubator PANS w Kro\u015bnie","isPartOf":{"@id":"https:\/\/pans.krosno.pl\/cti\/#website"},"primaryImageOfPage":{"@id":"https:\/\/pans.krosno.pl\/cti\/o-nas\/#primaryimage"},"image":{"@id":"https:\/\/pans.krosno.pl\/cti\/o-nas\/#primaryimage"},"thumbnailUrl":"https:\/\/pans.krosno.pl\/cti\/wp-content\/uploads\/sites\/38\/2024\/01\/Centrum-Technologiczne_2023.0001.jpg","datePublished":"2020-03-20T13:58:00+00:00","dateModified":"2024-02-01T07:27:29+00:00","description":"Biuro Karier Karpackiej Pa\u0144stwowej Uczelni w Kro\u015bnieDzia\u0142alno\u015b\u0107 Biura Karier ma na celu przygotowanie student\u00f3w do skutecznego poszukiwania pracy i\u00a0ich efektywnego funkcjonowania na rynku pracy.","breadcrumb":{"@id":"https:\/\/pans.krosno.pl\/cti\/o-nas\/#breadcrumb"},"inLanguage":"pl-PL","potentialAction":[{"@type":"ReadAction","target":["https:\/\/pans.krosno.pl\/cti\/o-nas\/"]}]},{"@type":"ImageObject","inLanguage":"pl-PL","@id":"https:\/\/pans.krosno.pl\/cti\/o-nas\/#primaryimage","url":"https:\/\/pans.krosno.pl\/cti\/wp-content\/uploads\/sites\/38\/2024\/01\/Centrum-Technologiczne_2023.0001.jpg","contentUrl":"https:\/\/pans.krosno.pl\/cti\/wp-content\/uploads\/sites\/38\/2024\/01\/Centrum-Technologiczne_2023.0001.jpg","width":9427,"height":8712},{"@type":"BreadcrumbList","@id":"https:\/\/pans.krosno.pl\/cti\/o-nas\/#breadcrumb","itemListElement":[{"@type":"ListItem","position":1,"name":"Strona g\u0142\u00f3wna","item":"https:\/\/pans.krosno.pl\/cti\/"},{"@type":"ListItem","position":2,"name":"O Nas"}]},{"@type":"WebSite","@id":"https:\/\/pans.krosno.pl\/cti\/#website","url":"https:\/\/pans.krosno.pl\/cti\/","name":"Biuro Karier","description":"Centrum Technologiczne Inkubator - Pa\u0144stwowa Akademia Nauk Stosowanych","publisher":{"@id":"https:\/\/pans.krosno.pl\/cti\/#organization"},"potentialAction":[{"@type":"SearchAction","target":{"@type":"EntryPoint","urlTemplate":"https:\/\/pans.krosno.pl\/cti\/?s={search_term_string}"},"query-input":{"@type":"PropertyValueSpecification","valueRequired":true,"valueName":"search_term_string"}}],"inLanguage":"pl-PL"},{"@type":"Organization","@id":"https:\/\/pans.krosno.pl\/cti\/#organization","name":"Biuro Karier - Karpacka Pa\u0144stwowa Uczelnia w Kro\u015bnie","url":"https:\/\/pans.krosno.pl\/cti\/","logo":{"@type":"ImageObject","inLanguage":"pl-PL","@id":"https:\/\/pans.krosno.pl\/cti\/#\/schema\/logo\/image\/","url":"https:\/\/pans.krosno.pl\/bk\/wp-content\/uploads\/sites\/38\/2020\/05\/96735643_906333539807912_5732186373989859328_n-1.gif","contentUrl":"https:\/\/pans.krosno.pl\/bk\/wp-content\/uploads\/sites\/38\/2020\/05\/96735643_906333539807912_5732186373989859328_n-1.gif","width":762,"height":137,"caption":"Biuro Karier - Karpacka Pa\u0144stwowa Uczelnia w Kro\u015bnie"},"image":{"@id":"https:\/\/pans.krosno.pl\/cti\/#\/schema\/logo\/image\/"},"sameAs":["https:\/\/www.facebook.com\/BKKPUKROSNO\/"]}]}},"_links":{"self":[{"href":"https:\/\/pans.krosno.pl\/cti\/wp-json\/wp\/v2\/pages\/20","targetHints":{"allow":["GET"]}}],"collection":[{"href":"https:\/\/pans.krosno.pl\/cti\/wp-json\/wp\/v2\/pages"}],"about":[{"href":"https:\/\/pans.krosno.pl\/cti\/wp-json\/wp\/v2\/types\/page"}],"author":[{"embeddable":true,"href":"https:\/\/pans.krosno.pl\/cti\/wp-json\/wp\/v2\/users\/27"}],"replies":[{"embeddable":true,"href":"https:\/\/pans.krosno.pl\/cti\/wp-json\/wp\/v2\/comments?post=20"}],"version-history":[{"count":33,"href":"https:\/\/pans.krosno.pl\/cti\/wp-json\/wp\/v2\/pages\/20\/revisions"}],"predecessor-version":[{"id":5437,"href":"https:\/\/pans.krosno.pl\/cti\/wp-json\/wp\/v2\/pages\/20\/revisions\/5437"}],"wp:featuredmedia":[{"embeddable":true,"href":"https:\/\/pans.krosno.pl\/cti\/wp-json\/wp\/v2\/media\/5339"}],"wp:attachment":[{"href":"https:\/\/pans.krosno.pl\/cti\/wp-json\/wp\/v2\/media?parent=20"}],"curies":[{"name":"wp","href":"https:\/\/api.w.org\/{rel}","templated":true}]}}