{"id":1363,"date":"2021-04-30T11:50:11","date_gmt":"2021-04-30T09:50:11","guid":{"rendered":"https:\/\/pans.krosno.pl\/bk\/?page_id=1363"},"modified":"2025-01-08T09:27:47","modified_gmt":"2025-01-08T08:27:47","slug":"szkolenia-i-warsztaty-akademicki-dzien-nauki","status":"publish","type":"page","link":"https:\/\/pans.krosno.pl\/cti\/targi-pracy-2024\/szkolenia-i-warsztaty-akademicki-dzien-nauki\/","title":{"rendered":"Warsztaty \/ szkolenia 2024"},"content":{"rendered":"\n<div class=\"wp-block-cover\" style=\"min-height:228px;aspect-ratio:unset;\"><span aria-hidden=\"true\" class=\"wp-block-cover__background has-background-dim\"><\/span><img loading=\"lazy\" decoding=\"async\" width=\"698\" height=\"448\" class=\"wp-block-cover__image-background wp-image-472\" alt=\"\" src=\"https:\/\/pans.krosno.pl\/cti\/wp-content\/uploads\/sites\/38\/2020\/06\/microphone1-1.jpg\" data-object-fit=\"cover\" srcset=\"https:\/\/pans.krosno.pl\/cti\/wp-content\/uploads\/sites\/38\/2020\/06\/microphone1-1.jpg 698w, https:\/\/pans.krosno.pl\/cti\/wp-content\/uploads\/sites\/38\/2020\/06\/microphone1-1-300x193.jpg 300w, https:\/\/pans.krosno.pl\/cti\/wp-content\/uploads\/sites\/38\/2020\/06\/microphone1-1-580x372.jpg 580w\" sizes=\"auto, (max-width: 698px) 100vw, 698px\" \/><div class=\"wp-block-cover__inner-container is-layout-flow wp-block-cover-is-layout-flow\">\n<p class=\"has-text-align-center has-large-font-size\">Warsztaty, szkolenia, spotkania z pracodawcami<br><\/p>\n<\/div><\/div>\n\n\n\n<hr class=\"wp-block-separator has-css-opacity\" \/>\n\n\n\n<figure class=\"wp-block-image\"><img loading=\"lazy\" decoding=\"async\" width=\"268\" height=\"300\" src=\"https:\/\/pans.krosno.pl\/cti\/wp-content\/uploads\/sites\/38\/2022\/03\/Norway_grants-2-268x300.png\" alt=\"\" class=\"wp-image-3615\" srcset=\"https:\/\/pans.krosno.pl\/cti\/wp-content\/uploads\/sites\/38\/2022\/03\/Norway_grants-2-268x300.png 268w, https:\/\/pans.krosno.pl\/cti\/wp-content\/uploads\/sites\/38\/2022\/03\/Norway_grants-2-913x1024.png 913w, https:\/\/pans.krosno.pl\/cti\/wp-content\/uploads\/sites\/38\/2022\/03\/Norway_grants-2-768x861.png 768w, https:\/\/pans.krosno.pl\/cti\/wp-content\/uploads\/sites\/38\/2022\/03\/Norway_grants-2-11x12.png 11w, https:\/\/pans.krosno.pl\/cti\/wp-content\/uploads\/sites\/38\/2022\/03\/Norway_grants-2-800x897.png 800w, https:\/\/pans.krosno.pl\/cti\/wp-content\/uploads\/sites\/38\/2022\/03\/Norway_grants-2-580x650.png 580w, https:\/\/pans.krosno.pl\/cti\/wp-content\/uploads\/sites\/38\/2022\/03\/Norway_grants-2.png 931w\" sizes=\"auto, (max-width: 268px) 100vw, 268px\" \/><\/figure>\n\n\n\n<hr class=\"wp-block-separator has-alpha-channel-opacity\" \/>\n\n\n<p><strong>8 marca 2024 r.<\/strong><strong><br><\/strong>Kampus Techniczno-sportowy<br>ul. Wyspia\u0144skiego 20<strong><br>godz. 9.30 \u2013 14.00<\/strong><\/p>\n\n\n<hr class=\"wp-block-separator has-alpha-channel-opacity\" \/>\n\n\n\n<p>Seminarium bran\u017cowe<br><strong>Gospodarka obiegu zamkni\u0119tego \u2013 wyb\u00f3r czy wym\u00f3g? &#8211; <\/strong>aula 108B<\/p>\n\n\n\n<hr class=\"wp-block-separator has-alpha-channel-opacity\" \/>\n\n\n\n<p>Konkurs<br><strong>M\u0142oda Strefa Biznesu \u2013 VI edycja konkursu &#8211; Fina\u0142 &#8211; <\/strong>sala 102B<\/p>\n\n\n\n<hr class=\"wp-block-separator has-alpha-channel-opacity\" \/>\n\n\n\n<p>Generator Nauki w Ja\u015ble <br><strong>Koduj z najlepszymi&nbsp; \u2013 #warsztaty LEGO &#8211; <\/strong>sala 3B<strong><br><\/strong>godz. 10. 30 &#8211; 11.30 \/max. 20 uczestnik\u00f3w\/<br>godz. 12.00 &#8211; 13.00 \/max. 20 uczestnik\u00f3w\/<\/p>\n\n\n\n<hr class=\"wp-block-separator has-alpha-channel-opacity\" \/>\n\n\n\n<p><strong>Stoiska naukowe, prezentacje Studenckich K\u00f3\u0142 Naukowych:<\/strong><\/p>\n\n\n\n<p>VDesign: <strong>Wymy\u015bl, zaprojektuj, stw\u00f3rz z nami swoj\u0105 przysz\u0142o\u015b\u0107 &#8211; <\/strong>sala 7B<\/p>\n\n\n\n<p>SKN Medialni: <strong>Zaistnie\u0107 w sieci &#8211; <\/strong>sala 1C<\/p>\n\n\n\n<p>KN Organizacji i Zarz\u0105dzania : <strong>ekonoMistrz &#8211; <\/strong>hol bud. B<\/p>\n\n\n\n<p>SKN PiB\u017b <strong>Smakuj Nauk\u0119 z Nami <\/strong>&#8211; balkon bud. C<\/p>\n\n\n\n<p>SKN Ekonomist\u00f3w <strong>Zgarnij &#8222;kas\u0119&#8221;- <\/strong>balkon bud. C<\/p>\n\n\n\n<p>SKN Zabytkoznawc\u00f3w i Krajoznawc\u00f3w\/SKN Gorgan: <strong>Podr\u00f3\u017ce kszta\u0142c\u0105\u2026 wykszta\u0142conych <\/strong>&#8211; sala 5A<\/p>\n\n\n\n<p>Studenckie Ko\u0142o Honorowych Dawc\u00f3w Krwi i Potencjalnych Dawc\u00f3w Szpiku<br><strong>Trzy wymazy i do bazy! Rejestracja Potencjalnych Dawc\u00f3w Szpiku! &#8211; <\/strong>hol bud. B<\/p>\n\n\n\n<p>SKN Temida:<strong> Prawne zagwozdki &#8211; <\/strong>sala 2B<\/p>\n\n\n\n<p>SKN SpeakUp i SKN Przek\u0142adka: <strong>Languages are fun<\/strong> &#8211; sala 4A<\/p>\n\n\n\n<p>SKN Circulo Espanol \u201cLince\u201d: <strong>Caminos de Espa\u00f1a &#8211; <\/strong>sala 4A<\/p>\n\n\n\n<p>SKN Tw\u00f3rczych pedagog\u00f3w: <strong>Tw\u00f3rcze my\u015blenie w akcji: zabawa jako klucz do rozwijania kreatywno\u015bci &#8211; <\/strong>sala 2B<\/p>\n\n\n\n<p>SKN Planta Medica:<strong> Zio\u0142owe laboratorium &#8211; <\/strong>parter bud. A<\/p>\n\n\n\n<p>SKN Florencja: <strong>Lepiej zapobiega\u0107 ni\u017c leczy\u0107&#8230; &#8211; <\/strong>hol bud. B<\/p>\n\n\n\n<p>SKN Rotor: <strong>Patent na Rekord \u2013 Jak wykr\u0119ci\u0107 ponad 1000 km na jednym litrze paliwa! &#8211; <\/strong>sala 1C<\/p>\n\n\n\n<p>SKN In\u017cynier\u00f3w Jako\u015bci: <strong>Nieznane cechy produkt\u00f3w codziennych &#8211;<\/strong> hol bud. A<\/p>\n\n\n\n<p>SKN Cyber Security Squad: <strong>Niebezpieczni w bezpiecze\u0144stwie &#8211; <\/strong>sala 7B<\/p>\n\n\n\n<p>SKN NEO: <strong>Symulator Kierowcy: Pr\u0119dko\u015b\u0107 i Precyzja, Okulary VR: Eksploruj Niesamowite \u015awiaty &#8211; <\/strong>sala 1C <br>&nbsp;<\/p>\n\n\n\n<hr class=\"wp-block-separator has-alpha-channel-opacity\" \/>\n\n\n\n<p><strong>Warsztaty i szkolenia:<\/strong><\/p>\n\n\n\n<p><strong>&nbsp;\/sala 8B\/<\/strong><\/p>\n\n\n\n<p>10.00 \u2013 10.45<br><strong>Bezpiecze\u0144stwo na europejskim rynku pracy&nbsp;<\/strong><br>prowadzenie: Wojciech Wo\u015b, doradca EURES, Wojew\u00f3dzki Urz\u0105d Pracy w Rzeszowie<\/p>\n\n\n\n<p>11.00 \u2013 11.45<br><strong>Przewodnik \u2013 Jak zdoby\u0107 pierwsz\u0105 prac\u0119?<\/strong><br>prowadzenie: Joanna Kwolek, Mened\u017cer HR w Firmie FIXIT S.A.<\/p>\n\n\n\n<p>12.00 \u2013 12.45<br><strong>Formy wsparcia dla os\u00f3b m\u0142odych \u2013To musisz wiedzie\u0107!!!<\/strong><br><strong>&#8211; bony zasiedleniowe, szkoleniowe, sta\u017cowe<\/strong><br><strong>&#8211; \u015brodki na otworzenie dzia\u0142alno\u015bci gospodarczej<\/strong> <br>prowadzenie: Kinga Pyra, doradca zawodowy Centrum Informacji i Planowania Kariery Zawodowej<\/p>\n\n\n\n<p><strong>\/sala 106A\/<\/strong><\/p>\n\n\n\n<p>10.00 \u2013 10.45<br><strong>Asertywno\u015b\u0107 w relacjach \u2013 rado\u015b\u0107 z bycia z innymi b\u0119d\u0105c w zgodzie ze sob\u0105<\/strong><br>prowadzenie mgr Katarzyna Kotowska \u2013 psycholog, nauczyciel akademicki PANS w Kro\u015bnie<\/p>\n\n\n\n<p>11.00 \u2013 12.00<br><strong>Zaw\u00f3d detektywa \u2013 fakty i mity \/cz. 1\/<\/strong> <br>prowadzenie: mgr Zdzis\u0142aw Mazurski \u2013 nauczyciel akademicki PANS w Kro\u015bnie, podinsp. w stanie spoczynku, by\u0142y Naczelnik Wydzia\u0142u do Walki z Przest\u0119pczo\u015bci\u0105 Gospodarcz\u0105 Biura Kryminalnego Komendy G\u0142\u00f3wnej Policji w Warszawie<\/p>\n\n\n\n<p><strong>Jak zdoby\u0107 Licencj\u0119 detektywa i uzyska\u0107 kwalifikacje pracownika ochrony \/cz. 2\/<\/strong><br>prowadzenie: Joanna Rusek-Stasiulewicz, w\u0142a\u015bciciel agencji zatrudnienia, doradca zawodowy i personalny<\/p>\n\n\n\n<p>12.15 \u2013 13.00<br><strong>Wykorzystanie sztucznej inteligencji w Social Mediach \u2013 triki marketingowe<\/strong> <br>prowadzenie: mgr Artur Janas \u2013 Social Media Menager, nauczyciel akademicki PANS w Kro\u015bnie<\/p>\n\n\n\n<p>10.00 &#8211; 14.00<br><strong>Si\u0142a, moc koordynacja &#8211; czyli motoryczno\u015b\u0107 pod kontrol\u0105 &#8211; <\/strong>sala 3C<\/p>\n\n\n\n<p><\/p>\n\n\n\n<figure class=\"wp-block-gallery has-nested-images columns-default is-cropped wp-block-gallery-1 is-layout-flex wp-block-gallery-is-layout-flex\">\n<figure class=\"wp-block-image size-large\"><img loading=\"lazy\" decoding=\"async\" width=\"726\" height=\"1024\" data-id=\"5595\" src=\"https:\/\/pans.krosno.pl\/cti\/wp-content\/uploads\/sites\/38\/2024\/02\/Akademicki-Dzien-Nauki-1-726x1024.png\" alt=\"\" class=\"wp-image-5595\" srcset=\"https:\/\/pans.krosno.pl\/cti\/wp-content\/uploads\/sites\/38\/2024\/02\/Akademicki-Dzien-Nauki-1-726x1024.png 726w, https:\/\/pans.krosno.pl\/cti\/wp-content\/uploads\/sites\/38\/2024\/02\/Akademicki-Dzien-Nauki-1-213x300.png 213w, https:\/\/pans.krosno.pl\/cti\/wp-content\/uploads\/sites\/38\/2024\/02\/Akademicki-Dzien-Nauki-1-768x1083.png 768w, https:\/\/pans.krosno.pl\/cti\/wp-content\/uploads\/sites\/38\/2024\/02\/Akademicki-Dzien-Nauki-1-1089x1536.png 1089w, https:\/\/pans.krosno.pl\/cti\/wp-content\/uploads\/sites\/38\/2024\/02\/Akademicki-Dzien-Nauki-1-1453x2048.png 1453w, https:\/\/pans.krosno.pl\/cti\/wp-content\/uploads\/sites\/38\/2024\/02\/Akademicki-Dzien-Nauki-1-2000x2820.png 2000w, https:\/\/pans.krosno.pl\/cti\/wp-content\/uploads\/sites\/38\/2024\/02\/Akademicki-Dzien-Nauki-1-800x1128.png 800w, https:\/\/pans.krosno.pl\/cti\/wp-content\/uploads\/sites\/38\/2024\/02\/Akademicki-Dzien-Nauki-1-580x818.png 580w\" sizes=\"auto, (max-width: 726px) 100vw, 726px\" \/><\/figure>\n<\/figure>\n","protected":false},"excerpt":{"rendered":"<p>8 marca 2024 r.Kampus Techniczno-sportowyul. Wyspia\u0144skiego 20godz. 9.30 \u2013 14.00 Seminarium bran\u017coweGospodarka obiegu zamkni\u0119tego \u2013 wyb\u00f3r czy wym\u00f3g? &#8211; aula 108B KonkursM\u0142oda Strefa Biznesu \u2013 VI edycja konkursu &#8211; Fina\u0142 &#8211; sala 102B Generator Nauki w Ja\u015ble Koduj z najlepszymi&nbsp; \u2013 #warsztaty LEGO &#8211; sala 3Bgodz. 10. 30 &#8211; 11.30 [\u2026] <\/p>\n<div class=\"clear\"><\/div>\n<p><a class=\"more_link clearfix\" href=\"https:\/\/pans.krosno.pl\/cti\/targi-pracy-2024\/szkolenia-i-warsztaty-akademicki-dzien-nauki\/\" rel=\"nofollow\">Read More<\/a><\/p>\n","protected":false},"author":27,"featured_media":0,"parent":5305,"menu_order":0,"comment_status":"closed","ping_status":"closed","template":"page-templates\/template-full-width-without-breadcrumbs.php","meta":{"ngg_post_thumbnail":0,"footnotes":""},"class_list":["post-1363","page","type-page","status-publish","hentry"],"yoast_head":"<!-- This site is optimized with the Yoast SEO Premium plugin v27.4 (Yoast SEO v27.4) - https:\/\/yoast.com\/product\/yoast-seo-premium-wordpress\/ -->\n<title>Warsztaty \/ szkolenia 2024 - Centrum Technologiczne Inkubator PANS w Kro\u015bnie<\/title>\n<meta name=\"robots\" content=\"index, follow, max-snippet:-1, max-image-preview:large, max-video-preview:-1\" \/>\n<link rel=\"canonical\" href=\"https:\/\/pans.krosno.pl\/cti\/targi-pracy-2024\/szkolenia-i-warsztaty-akademicki-dzien-nauki\/\" \/>\n<meta property=\"og:locale\" content=\"pl_PL\" \/>\n<meta property=\"og:type\" content=\"article\" \/>\n<meta property=\"og:title\" content=\"Warsztaty \/ szkolenia 2024\" \/>\n<meta property=\"og:description\" content=\"8 marca 2024 r.Kampus Techniczno-sportowyul. Wyspia\u0144skiego 20godz. 9.30 \u2013 14.00 Seminarium bran\u017coweGospodarka obiegu zamkni\u0119tego \u2013 wyb\u00f3r czy wym\u00f3g? &#8211; aula 108B KonkursM\u0142oda Strefa Biznesu \u2013 VI edycja konkursu &#8211; Fina\u0142 &#8211; sala 102B Generator Nauki w Ja\u015ble Koduj z najlepszymi&nbsp; \u2013 #warsztaty LEGO &#8211; sala 3Bgodz. 10. 30 &#8211; 11.30 [\u2026] Read More\" \/>\n<meta property=\"og:url\" content=\"https:\/\/pans.krosno.pl\/cti\/targi-pracy-2024\/szkolenia-i-warsztaty-akademicki-dzien-nauki\/\" \/>\n<meta property=\"og:site_name\" content=\"Centrum Technologiczne Inkubator PANS w Kro\u015bnie\" \/>\n<meta property=\"article:publisher\" content=\"https:\/\/www.facebook.com\/BKKPUKROSNO\/\" \/>\n<meta property=\"article:modified_time\" content=\"2025-01-08T08:27:47+00:00\" \/>\n<meta property=\"og:image\" content=\"https:\/\/pans.krosno.pl\/cti\/wp-content\/uploads\/sites\/38\/2020\/06\/microphone1-1.jpg\" \/>\n\t<meta property=\"og:image:width\" content=\"698\" \/>\n\t<meta property=\"og:image:height\" content=\"448\" \/>\n\t<meta property=\"og:image:type\" content=\"image\/jpeg\" \/>\n<meta name=\"twitter:card\" content=\"summary_large_image\" \/>\n<meta name=\"twitter:label1\" content=\"Szacowany czas czytania\" \/>\n\t<meta name=\"twitter:data1\" content=\"4 minuty\" \/>\n<script type=\"application\/ld+json\" class=\"yoast-schema-graph\">{\"@context\":\"https:\\\/\\\/schema.org\",\"@graph\":[{\"@type\":\"WebPage\",\"@id\":\"https:\\\/\\\/pans.krosno.pl\\\/cti\\\/targi-pracy-2024\\\/szkolenia-i-warsztaty-akademicki-dzien-nauki\\\/\",\"url\":\"https:\\\/\\\/pans.krosno.pl\\\/cti\\\/targi-pracy-2024\\\/szkolenia-i-warsztaty-akademicki-dzien-nauki\\\/\",\"name\":\"Warsztaty \\\/ szkolenia 2024 - Centrum Technologiczne Inkubator PANS w Kro\u015bnie\",\"isPartOf\":{\"@id\":\"https:\\\/\\\/pans.krosno.pl\\\/cti\\\/#website\"},\"primaryImageOfPage\":{\"@id\":\"https:\\\/\\\/pans.krosno.pl\\\/cti\\\/targi-pracy-2024\\\/szkolenia-i-warsztaty-akademicki-dzien-nauki\\\/#primaryimage\"},\"image\":{\"@id\":\"https:\\\/\\\/pans.krosno.pl\\\/cti\\\/targi-pracy-2024\\\/szkolenia-i-warsztaty-akademicki-dzien-nauki\\\/#primaryimage\"},\"thumbnailUrl\":\"https:\\\/\\\/pans.krosno.pl\\\/cti\\\/wp-content\\\/uploads\\\/sites\\\/38\\\/2020\\\/06\\\/microphone1-1.jpg\",\"datePublished\":\"2021-04-30T09:50:11+00:00\",\"dateModified\":\"2025-01-08T08:27:47+00:00\",\"breadcrumb\":{\"@id\":\"https:\\\/\\\/pans.krosno.pl\\\/cti\\\/targi-pracy-2024\\\/szkolenia-i-warsztaty-akademicki-dzien-nauki\\\/#breadcrumb\"},\"inLanguage\":\"pl-PL\",\"potentialAction\":[{\"@type\":\"ReadAction\",\"target\":[\"https:\\\/\\\/pans.krosno.pl\\\/cti\\\/targi-pracy-2024\\\/szkolenia-i-warsztaty-akademicki-dzien-nauki\\\/\"]}]},{\"@type\":\"ImageObject\",\"inLanguage\":\"pl-PL\",\"@id\":\"https:\\\/\\\/pans.krosno.pl\\\/cti\\\/targi-pracy-2024\\\/szkolenia-i-warsztaty-akademicki-dzien-nauki\\\/#primaryimage\",\"url\":\"https:\\\/\\\/pans.krosno.pl\\\/cti\\\/wp-content\\\/uploads\\\/sites\\\/38\\\/2020\\\/06\\\/microphone1-1.jpg\",\"contentUrl\":\"https:\\\/\\\/pans.krosno.pl\\\/cti\\\/wp-content\\\/uploads\\\/sites\\\/38\\\/2020\\\/06\\\/microphone1-1.jpg\",\"width\":698,\"height\":448},{\"@type\":\"BreadcrumbList\",\"@id\":\"https:\\\/\\\/pans.krosno.pl\\\/cti\\\/targi-pracy-2024\\\/szkolenia-i-warsztaty-akademicki-dzien-nauki\\\/#breadcrumb\",\"itemListElement\":[{\"@type\":\"ListItem\",\"position\":1,\"name\":\"Strona g\u0142\u00f3wna\",\"item\":\"https:\\\/\\\/pans.krosno.pl\\\/cti\\\/\"},{\"@type\":\"ListItem\",\"position\":2,\"name\":\"Targi Pracy 2024\",\"item\":\"https:\\\/\\\/pans.krosno.pl\\\/cti\\\/targi-pracy-2024\\\/\"},{\"@type\":\"ListItem\",\"position\":3,\"name\":\"Warsztaty \\\/ szkolenia 2024\"}]},{\"@type\":\"WebSite\",\"@id\":\"https:\\\/\\\/pans.krosno.pl\\\/cti\\\/#website\",\"url\":\"https:\\\/\\\/pans.krosno.pl\\\/cti\\\/\",\"name\":\"Biuro Karier\",\"description\":\"Centrum Technologiczne Inkubator - Pa\u0144stwowa Akademia Nauk Stosowanych\",\"publisher\":{\"@id\":\"https:\\\/\\\/pans.krosno.pl\\\/cti\\\/#organization\"},\"potentialAction\":[{\"@type\":\"SearchAction\",\"target\":{\"@type\":\"EntryPoint\",\"urlTemplate\":\"https:\\\/\\\/pans.krosno.pl\\\/cti\\\/?s={search_term_string}\"},\"query-input\":{\"@type\":\"PropertyValueSpecification\",\"valueRequired\":true,\"valueName\":\"search_term_string\"}}],\"inLanguage\":\"pl-PL\"},{\"@type\":\"Organization\",\"@id\":\"https:\\\/\\\/pans.krosno.pl\\\/cti\\\/#organization\",\"name\":\"Biuro Karier - Karpacka Pa\u0144stwowa Uczelnia w Kro\u015bnie\",\"url\":\"https:\\\/\\\/pans.krosno.pl\\\/cti\\\/\",\"logo\":{\"@type\":\"ImageObject\",\"inLanguage\":\"pl-PL\",\"@id\":\"https:\\\/\\\/pans.krosno.pl\\\/cti\\\/#\\\/schema\\\/logo\\\/image\\\/\",\"url\":\"https:\\\/\\\/pans.krosno.pl\\\/bk\\\/wp-content\\\/uploads\\\/sites\\\/38\\\/2020\\\/05\\\/96735643_906333539807912_5732186373989859328_n-1.gif\",\"contentUrl\":\"https:\\\/\\\/pans.krosno.pl\\\/bk\\\/wp-content\\\/uploads\\\/sites\\\/38\\\/2020\\\/05\\\/96735643_906333539807912_5732186373989859328_n-1.gif\",\"width\":762,\"height\":137,\"caption\":\"Biuro Karier - Karpacka Pa\u0144stwowa Uczelnia w Kro\u015bnie\"},\"image\":{\"@id\":\"https:\\\/\\\/pans.krosno.pl\\\/cti\\\/#\\\/schema\\\/logo\\\/image\\\/\"},\"sameAs\":[\"https:\\\/\\\/www.facebook.com\\\/BKKPUKROSNO\\\/\"]}]}<\/script>\n<!-- \/ Yoast SEO Premium plugin. -->","yoast_head_json":{"title":"Warsztaty \/ szkolenia 2024 - Centrum Technologiczne Inkubator PANS w Kro\u015bnie","robots":{"index":"index","follow":"follow","max-snippet":"max-snippet:-1","max-image-preview":"max-image-preview:large","max-video-preview":"max-video-preview:-1"},"canonical":"https:\/\/pans.krosno.pl\/cti\/targi-pracy-2024\/szkolenia-i-warsztaty-akademicki-dzien-nauki\/","og_locale":"pl_PL","og_type":"article","og_title":"Warsztaty \/ szkolenia 2024","og_description":"8 marca 2024 r.Kampus Techniczno-sportowyul. Wyspia\u0144skiego 20godz. 9.30 \u2013 14.00 Seminarium bran\u017coweGospodarka obiegu zamkni\u0119tego \u2013 wyb\u00f3r czy wym\u00f3g? &#8211; aula 108B KonkursM\u0142oda Strefa Biznesu \u2013 VI edycja konkursu &#8211; Fina\u0142 &#8211; sala 102B Generator Nauki w Ja\u015ble Koduj z najlepszymi&nbsp; \u2013 #warsztaty LEGO &#8211; sala 3Bgodz. 10. 30 &#8211; 11.30 [\u2026] Read More","og_url":"https:\/\/pans.krosno.pl\/cti\/targi-pracy-2024\/szkolenia-i-warsztaty-akademicki-dzien-nauki\/","og_site_name":"Centrum Technologiczne Inkubator PANS w Kro\u015bnie","article_publisher":"https:\/\/www.facebook.com\/BKKPUKROSNO\/","article_modified_time":"2025-01-08T08:27:47+00:00","og_image":[{"width":698,"height":448,"url":"https:\/\/pans.krosno.pl\/cti\/wp-content\/uploads\/sites\/38\/2020\/06\/microphone1-1.jpg","type":"image\/jpeg"}],"twitter_card":"summary_large_image","twitter_misc":{"Szacowany czas czytania":"4 minuty"},"schema":{"@context":"https:\/\/schema.org","@graph":[{"@type":"WebPage","@id":"https:\/\/pans.krosno.pl\/cti\/targi-pracy-2024\/szkolenia-i-warsztaty-akademicki-dzien-nauki\/","url":"https:\/\/pans.krosno.pl\/cti\/targi-pracy-2024\/szkolenia-i-warsztaty-akademicki-dzien-nauki\/","name":"Warsztaty \/ szkolenia 2024 - Centrum Technologiczne Inkubator PANS w Kro\u015bnie","isPartOf":{"@id":"https:\/\/pans.krosno.pl\/cti\/#website"},"primaryImageOfPage":{"@id":"https:\/\/pans.krosno.pl\/cti\/targi-pracy-2024\/szkolenia-i-warsztaty-akademicki-dzien-nauki\/#primaryimage"},"image":{"@id":"https:\/\/pans.krosno.pl\/cti\/targi-pracy-2024\/szkolenia-i-warsztaty-akademicki-dzien-nauki\/#primaryimage"},"thumbnailUrl":"https:\/\/pans.krosno.pl\/cti\/wp-content\/uploads\/sites\/38\/2020\/06\/microphone1-1.jpg","datePublished":"2021-04-30T09:50:11+00:00","dateModified":"2025-01-08T08:27:47+00:00","breadcrumb":{"@id":"https:\/\/pans.krosno.pl\/cti\/targi-pracy-2024\/szkolenia-i-warsztaty-akademicki-dzien-nauki\/#breadcrumb"},"inLanguage":"pl-PL","potentialAction":[{"@type":"ReadAction","target":["https:\/\/pans.krosno.pl\/cti\/targi-pracy-2024\/szkolenia-i-warsztaty-akademicki-dzien-nauki\/"]}]},{"@type":"ImageObject","inLanguage":"pl-PL","@id":"https:\/\/pans.krosno.pl\/cti\/targi-pracy-2024\/szkolenia-i-warsztaty-akademicki-dzien-nauki\/#primaryimage","url":"https:\/\/pans.krosno.pl\/cti\/wp-content\/uploads\/sites\/38\/2020\/06\/microphone1-1.jpg","contentUrl":"https:\/\/pans.krosno.pl\/cti\/wp-content\/uploads\/sites\/38\/2020\/06\/microphone1-1.jpg","width":698,"height":448},{"@type":"BreadcrumbList","@id":"https:\/\/pans.krosno.pl\/cti\/targi-pracy-2024\/szkolenia-i-warsztaty-akademicki-dzien-nauki\/#breadcrumb","itemListElement":[{"@type":"ListItem","position":1,"name":"Strona g\u0142\u00f3wna","item":"https:\/\/pans.krosno.pl\/cti\/"},{"@type":"ListItem","position":2,"name":"Targi Pracy 2024","item":"https:\/\/pans.krosno.pl\/cti\/targi-pracy-2024\/"},{"@type":"ListItem","position":3,"name":"Warsztaty \/ szkolenia 2024"}]},{"@type":"WebSite","@id":"https:\/\/pans.krosno.pl\/cti\/#website","url":"https:\/\/pans.krosno.pl\/cti\/","name":"Biuro Karier","description":"Centrum Technologiczne Inkubator - Pa\u0144stwowa Akademia Nauk Stosowanych","publisher":{"@id":"https:\/\/pans.krosno.pl\/cti\/#organization"},"potentialAction":[{"@type":"SearchAction","target":{"@type":"EntryPoint","urlTemplate":"https:\/\/pans.krosno.pl\/cti\/?s={search_term_string}"},"query-input":{"@type":"PropertyValueSpecification","valueRequired":true,"valueName":"search_term_string"}}],"inLanguage":"pl-PL"},{"@type":"Organization","@id":"https:\/\/pans.krosno.pl\/cti\/#organization","name":"Biuro Karier - Karpacka Pa\u0144stwowa Uczelnia w Kro\u015bnie","url":"https:\/\/pans.krosno.pl\/cti\/","logo":{"@type":"ImageObject","inLanguage":"pl-PL","@id":"https:\/\/pans.krosno.pl\/cti\/#\/schema\/logo\/image\/","url":"https:\/\/pans.krosno.pl\/bk\/wp-content\/uploads\/sites\/38\/2020\/05\/96735643_906333539807912_5732186373989859328_n-1.gif","contentUrl":"https:\/\/pans.krosno.pl\/bk\/wp-content\/uploads\/sites\/38\/2020\/05\/96735643_906333539807912_5732186373989859328_n-1.gif","width":762,"height":137,"caption":"Biuro Karier - Karpacka Pa\u0144stwowa Uczelnia w Kro\u015bnie"},"image":{"@id":"https:\/\/pans.krosno.pl\/cti\/#\/schema\/logo\/image\/"},"sameAs":["https:\/\/www.facebook.com\/BKKPUKROSNO\/"]}]}},"_links":{"self":[{"href":"https:\/\/pans.krosno.pl\/cti\/wp-json\/wp\/v2\/pages\/1363","targetHints":{"allow":["GET"]}}],"collection":[{"href":"https:\/\/pans.krosno.pl\/cti\/wp-json\/wp\/v2\/pages"}],"about":[{"href":"https:\/\/pans.krosno.pl\/cti\/wp-json\/wp\/v2\/types\/page"}],"author":[{"embeddable":true,"href":"https:\/\/pans.krosno.pl\/cti\/wp-json\/wp\/v2\/users\/27"}],"replies":[{"embeddable":true,"href":"https:\/\/pans.krosno.pl\/cti\/wp-json\/wp\/v2\/comments?post=1363"}],"version-history":[{"count":70,"href":"https:\/\/pans.krosno.pl\/cti\/wp-json\/wp\/v2\/pages\/1363\/revisions"}],"predecessor-version":[{"id":6227,"href":"https:\/\/pans.krosno.pl\/cti\/wp-json\/wp\/v2\/pages\/1363\/revisions\/6227"}],"up":[{"embeddable":true,"href":"https:\/\/pans.krosno.pl\/cti\/wp-json\/wp\/v2\/pages\/5305"}],"wp:attachment":[{"href":"https:\/\/pans.krosno.pl\/cti\/wp-json\/wp\/v2\/media?parent=1363"}],"curies":[{"name":"wp","href":"https:\/\/api.w.org\/{rel}","templated":true}]}}