{"id":1361,"date":"2021-04-30T11:49:02","date_gmt":"2021-04-30T09:49:02","guid":{"rendered":"https:\/\/pans.krosno.pl\/bk\/?page_id=1361"},"modified":"2025-01-08T09:28:23","modified_gmt":"2025-01-08T08:28:23","slug":"konkurs-dla-uczestnikow-targow","status":"publish","type":"page","link":"https:\/\/pans.krosno.pl\/cti\/targi-pracy-2024\/konkurs-dla-uczestnikow-targow\/","title":{"rendered":"Konkurs dla uczestnik\u00f3w Targ\u00f3w 2024"},"content":{"rendered":"\n<div class=\"wp-block-cover\" style=\"min-height:200px;aspect-ratio:unset;\"><span aria-hidden=\"true\" class=\"wp-block-cover__background has-background-dim-70 has-background-dim\"><\/span><img loading=\"lazy\" decoding=\"async\" width=\"720\" height=\"480\" class=\"wp-block-cover__image-background wp-image-2110\" alt=\"\" src=\"https:\/\/pans.krosno.pl\/cti\/wp-content\/uploads\/sites\/38\/2021\/05\/informacje_organizacyjne-720x480-1.jpg\" style=\"object-position:50% 39%\" data-object-fit=\"cover\" data-object-position=\"50% 39%\" srcset=\"https:\/\/pans.krosno.pl\/cti\/wp-content\/uploads\/sites\/38\/2021\/05\/informacje_organizacyjne-720x480-1.jpg 720w, https:\/\/pans.krosno.pl\/cti\/wp-content\/uploads\/sites\/38\/2021\/05\/informacje_organizacyjne-720x480-1-300x200.jpg 300w, https:\/\/pans.krosno.pl\/cti\/wp-content\/uploads\/sites\/38\/2021\/05\/informacje_organizacyjne-720x480-1-580x387.jpg 580w\" sizes=\"auto, (max-width: 720px) 100vw, 720px\" \/><div class=\"wp-block-cover__inner-container is-layout-flow wp-block-cover-is-layout-flow\">\n<p class=\"has-text-align-center has-white-color has-text-color has-huge-font-size\"><strong>Konkurs dla uczestnik\u00f3w Targ\u00f3w<\/strong><\/p>\n<\/div><\/div>\n\n\n\n<hr class=\"wp-block-separator has-css-opacity\" \/>\n\n\n<p>KONKURS &#8222;DOWIEDZ SI\u0118 WI\u0118CEJ O SOBIE&#8221;<\/p>\n<p>Zapraszamy na stoisko PANS w Kro\u015bnie podczas trwania XI Targ\u00f3w Pracy. Ka\u017cdy uczestnik Targ\u00f3w b\u0119dzie m\u00f3g\u0142 wykona\u0107 test Preferencji i predyspozycji zawodowych i wzi\u0105\u0107 udzia\u0142 w losowaniu nagr\u00f3d.<\/p>\n<p>1. Czas trwania konkursu: <br>8 marca 2024 r., w godz. 10.00 \u2013 13.00 (hala sportowa w Turasz\u00f3wce, przy ul. Wyspia\u0144skiego 20)<br>2. W konkursie mog\u0105 wzi\u0105\u0107 udzia\u0142 wszyscy uczestnicy wydarzenia<br>3. Warunki uczestnictwa:<br>a) zapoznanie z regulaminem konkursu dost\u0119pnym na stanowisku PANS Krosno<br>b) wype\u0142nienie kwestionariusza osobowego<br>c) wype\u0142nienie testu preferencji i predyspozycji zawodowych<br>4. W\u015br\u00f3d uczestnik\u00f3w konkursu rozlosujemy 6 zestaw\u00f3w z gad\u017cetami Uczelni<\/p>\n<p>Losowanie nagr\u00f3d odb\u0119dzie o godzinie 13.15 na stoisku PANS w Kro\u015bnie, na hali sportowej podczas trwania XI Targ\u00f3w Pracy.<\/p>\n<p>Zapraszamy do wsp\u00f3lnej zabawy!!!<\/p>\n\n\n<div class=\"wp-block-columns are-vertically-aligned-bottom is-layout-flex wp-container-core-columns-is-layout-28f84493 wp-block-columns-is-layout-flex\">\n<div class=\"wp-block-column is-vertically-aligned-bottom is-layout-flow wp-block-column-is-layout-flow\"><\/div>\n\n\n\n<div class=\"wp-block-column is-vertically-aligned-bottom is-layout-flow wp-block-column-is-layout-flow\"><\/div>\n\n\n\n<div class=\"wp-block-column is-vertically-aligned-bottom is-layout-flow wp-block-column-is-layout-flow\"><\/div>\n<\/div>\n\n\n\n<h1 class=\"wp-block-heading has-text-align-center\" id=\"h-\"><\/h1>\n\n\n\n<p><\/p>\n","protected":false},"excerpt":{"rendered":"<p>KONKURS &#8222;DOWIEDZ SI\u0118 WI\u0118CEJ O SOBIE&#8221; Zapraszamy na stoisko PANS w Kro\u015bnie podczas trwania XI Targ\u00f3w Pracy. Ka\u017cdy uczestnik Targ\u00f3w b\u0119dzie m\u00f3g\u0142 wykona\u0107 test Preferencji i predyspozycji zawodowych i wzi\u0105\u0107 udzia\u0142 w losowaniu nagr\u00f3d. 1. Czas trwania konkursu: 8 marca 2024 r., w godz. 10.00 \u2013 13.00 (hala sportowa w [\u2026] <\/p>\n<div class=\"clear\"><\/div>\n<p><a class=\"more_link clearfix\" href=\"https:\/\/pans.krosno.pl\/cti\/targi-pracy-2024\/konkurs-dla-uczestnikow-targow\/\" rel=\"nofollow\">Read More<\/a><\/p>\n","protected":false},"author":27,"featured_media":0,"parent":5305,"menu_order":0,"comment_status":"closed","ping_status":"closed","template":"page-templates\/template-full-width-without-breadcrumbs.php","meta":{"ngg_post_thumbnail":0,"footnotes":""},"class_list":["post-1361","page","type-page","status-publish","hentry"],"yoast_head":"<!-- This site is optimized with the Yoast SEO Premium plugin v27.4 (Yoast SEO v27.4) - https:\/\/yoast.com\/product\/yoast-seo-premium-wordpress\/ -->\n<title>Konkurs dla uczestnik\u00f3w Targ\u00f3w 2024 - Centrum Technologiczne Inkubator PANS w Kro\u015bnie<\/title>\n<meta name=\"robots\" content=\"index, follow, max-snippet:-1, max-image-preview:large, max-video-preview:-1\" \/>\n<link rel=\"canonical\" href=\"https:\/\/pans.krosno.pl\/cti\/targi-pracy-2024\/konkurs-dla-uczestnikow-targow\/\" \/>\n<meta property=\"og:locale\" content=\"pl_PL\" \/>\n<meta property=\"og:type\" content=\"article\" \/>\n<meta property=\"og:title\" content=\"Konkurs dla uczestnik\u00f3w Targ\u00f3w 2024\" \/>\n<meta property=\"og:description\" content=\"KONKURS &#8222;DOWIEDZ SI\u0118 WI\u0118CEJ O SOBIE&#8221; Zapraszamy na stoisko PANS w Kro\u015bnie podczas trwania XI Targ\u00f3w Pracy. Ka\u017cdy uczestnik Targ\u00f3w b\u0119dzie m\u00f3g\u0142 wykona\u0107 test Preferencji i predyspozycji zawodowych i wzi\u0105\u0107 udzia\u0142 w losowaniu nagr\u00f3d. 1. Czas trwania konkursu: 8 marca 2024 r., w godz. 10.00 \u2013 13.00 (hala sportowa w [\u2026] Read More\" \/>\n<meta property=\"og:url\" content=\"https:\/\/pans.krosno.pl\/cti\/targi-pracy-2024\/konkurs-dla-uczestnikow-targow\/\" \/>\n<meta property=\"og:site_name\" content=\"Centrum Technologiczne Inkubator PANS w Kro\u015bnie\" \/>\n<meta property=\"article:publisher\" content=\"https:\/\/www.facebook.com\/BKKPUKROSNO\/\" \/>\n<meta property=\"article:modified_time\" content=\"2025-01-08T08:28:23+00:00\" \/>\n<meta property=\"og:image\" content=\"https:\/\/pans.krosno.pl\/cti\/wp-content\/uploads\/sites\/38\/2021\/05\/informacje_organizacyjne-720x480-1.jpg\" \/>\n\t<meta property=\"og:image:width\" content=\"720\" \/>\n\t<meta property=\"og:image:height\" content=\"480\" \/>\n\t<meta property=\"og:image:type\" content=\"image\/jpeg\" \/>\n<meta name=\"twitter:card\" content=\"summary_large_image\" \/>\n<script type=\"application\/ld+json\" class=\"yoast-schema-graph\">{\"@context\":\"https:\\\/\\\/schema.org\",\"@graph\":[{\"@type\":\"WebPage\",\"@id\":\"https:\\\/\\\/pans.krosno.pl\\\/cti\\\/targi-pracy-2024\\\/konkurs-dla-uczestnikow-targow\\\/\",\"url\":\"https:\\\/\\\/pans.krosno.pl\\\/cti\\\/targi-pracy-2024\\\/konkurs-dla-uczestnikow-targow\\\/\",\"name\":\"Konkurs dla uczestnik\u00f3w Targ\u00f3w 2024 - Centrum Technologiczne Inkubator PANS w Kro\u015bnie\",\"isPartOf\":{\"@id\":\"https:\\\/\\\/pans.krosno.pl\\\/cti\\\/#website\"},\"primaryImageOfPage\":{\"@id\":\"https:\\\/\\\/pans.krosno.pl\\\/cti\\\/targi-pracy-2024\\\/konkurs-dla-uczestnikow-targow\\\/#primaryimage\"},\"image\":{\"@id\":\"https:\\\/\\\/pans.krosno.pl\\\/cti\\\/targi-pracy-2024\\\/konkurs-dla-uczestnikow-targow\\\/#primaryimage\"},\"thumbnailUrl\":\"https:\\\/\\\/pans.krosno.pl\\\/cti\\\/wp-content\\\/uploads\\\/sites\\\/38\\\/2021\\\/05\\\/informacje_organizacyjne-720x480-1.jpg\",\"datePublished\":\"2021-04-30T09:49:02+00:00\",\"dateModified\":\"2025-01-08T08:28:23+00:00\",\"breadcrumb\":{\"@id\":\"https:\\\/\\\/pans.krosno.pl\\\/cti\\\/targi-pracy-2024\\\/konkurs-dla-uczestnikow-targow\\\/#breadcrumb\"},\"inLanguage\":\"pl-PL\",\"potentialAction\":[{\"@type\":\"ReadAction\",\"target\":[\"https:\\\/\\\/pans.krosno.pl\\\/cti\\\/targi-pracy-2024\\\/konkurs-dla-uczestnikow-targow\\\/\"]}]},{\"@type\":\"ImageObject\",\"inLanguage\":\"pl-PL\",\"@id\":\"https:\\\/\\\/pans.krosno.pl\\\/cti\\\/targi-pracy-2024\\\/konkurs-dla-uczestnikow-targow\\\/#primaryimage\",\"url\":\"https:\\\/\\\/pans.krosno.pl\\\/cti\\\/wp-content\\\/uploads\\\/sites\\\/38\\\/2021\\\/05\\\/informacje_organizacyjne-720x480-1.jpg\",\"contentUrl\":\"https:\\\/\\\/pans.krosno.pl\\\/cti\\\/wp-content\\\/uploads\\\/sites\\\/38\\\/2021\\\/05\\\/informacje_organizacyjne-720x480-1.jpg\",\"width\":720,\"height\":480},{\"@type\":\"BreadcrumbList\",\"@id\":\"https:\\\/\\\/pans.krosno.pl\\\/cti\\\/targi-pracy-2024\\\/konkurs-dla-uczestnikow-targow\\\/#breadcrumb\",\"itemListElement\":[{\"@type\":\"ListItem\",\"position\":1,\"name\":\"Strona g\u0142\u00f3wna\",\"item\":\"https:\\\/\\\/pans.krosno.pl\\\/cti\\\/\"},{\"@type\":\"ListItem\",\"position\":2,\"name\":\"Targi Pracy 2024\",\"item\":\"https:\\\/\\\/pans.krosno.pl\\\/cti\\\/targi-pracy-2024\\\/\"},{\"@type\":\"ListItem\",\"position\":3,\"name\":\"Konkurs dla uczestnik\u00f3w Targ\u00f3w 2024\"}]},{\"@type\":\"WebSite\",\"@id\":\"https:\\\/\\\/pans.krosno.pl\\\/cti\\\/#website\",\"url\":\"https:\\\/\\\/pans.krosno.pl\\\/cti\\\/\",\"name\":\"Biuro Karier\",\"description\":\"Centrum Technologiczne Inkubator - Pa\u0144stwowa Akademia Nauk Stosowanych\",\"publisher\":{\"@id\":\"https:\\\/\\\/pans.krosno.pl\\\/cti\\\/#organization\"},\"potentialAction\":[{\"@type\":\"SearchAction\",\"target\":{\"@type\":\"EntryPoint\",\"urlTemplate\":\"https:\\\/\\\/pans.krosno.pl\\\/cti\\\/?s={search_term_string}\"},\"query-input\":{\"@type\":\"PropertyValueSpecification\",\"valueRequired\":true,\"valueName\":\"search_term_string\"}}],\"inLanguage\":\"pl-PL\"},{\"@type\":\"Organization\",\"@id\":\"https:\\\/\\\/pans.krosno.pl\\\/cti\\\/#organization\",\"name\":\"Biuro Karier - Karpacka Pa\u0144stwowa Uczelnia w Kro\u015bnie\",\"url\":\"https:\\\/\\\/pans.krosno.pl\\\/cti\\\/\",\"logo\":{\"@type\":\"ImageObject\",\"inLanguage\":\"pl-PL\",\"@id\":\"https:\\\/\\\/pans.krosno.pl\\\/cti\\\/#\\\/schema\\\/logo\\\/image\\\/\",\"url\":\"https:\\\/\\\/pans.krosno.pl\\\/bk\\\/wp-content\\\/uploads\\\/sites\\\/38\\\/2020\\\/05\\\/96735643_906333539807912_5732186373989859328_n-1.gif\",\"contentUrl\":\"https:\\\/\\\/pans.krosno.pl\\\/bk\\\/wp-content\\\/uploads\\\/sites\\\/38\\\/2020\\\/05\\\/96735643_906333539807912_5732186373989859328_n-1.gif\",\"width\":762,\"height\":137,\"caption\":\"Biuro Karier - Karpacka Pa\u0144stwowa Uczelnia w Kro\u015bnie\"},\"image\":{\"@id\":\"https:\\\/\\\/pans.krosno.pl\\\/cti\\\/#\\\/schema\\\/logo\\\/image\\\/\"},\"sameAs\":[\"https:\\\/\\\/www.facebook.com\\\/BKKPUKROSNO\\\/\"]}]}<\/script>\n<!-- \/ Yoast SEO Premium plugin. -->","yoast_head_json":{"title":"Konkurs dla uczestnik\u00f3w Targ\u00f3w 2024 - Centrum Technologiczne Inkubator PANS w Kro\u015bnie","robots":{"index":"index","follow":"follow","max-snippet":"max-snippet:-1","max-image-preview":"max-image-preview:large","max-video-preview":"max-video-preview:-1"},"canonical":"https:\/\/pans.krosno.pl\/cti\/targi-pracy-2024\/konkurs-dla-uczestnikow-targow\/","og_locale":"pl_PL","og_type":"article","og_title":"Konkurs dla uczestnik\u00f3w Targ\u00f3w 2024","og_description":"KONKURS &#8222;DOWIEDZ SI\u0118 WI\u0118CEJ O SOBIE&#8221; Zapraszamy na stoisko PANS w Kro\u015bnie podczas trwania XI Targ\u00f3w Pracy. Ka\u017cdy uczestnik Targ\u00f3w b\u0119dzie m\u00f3g\u0142 wykona\u0107 test Preferencji i predyspozycji zawodowych i wzi\u0105\u0107 udzia\u0142 w losowaniu nagr\u00f3d. 1. Czas trwania konkursu: 8 marca 2024 r., w godz. 10.00 \u2013 13.00 (hala sportowa w [\u2026] Read More","og_url":"https:\/\/pans.krosno.pl\/cti\/targi-pracy-2024\/konkurs-dla-uczestnikow-targow\/","og_site_name":"Centrum Technologiczne Inkubator PANS w Kro\u015bnie","article_publisher":"https:\/\/www.facebook.com\/BKKPUKROSNO\/","article_modified_time":"2025-01-08T08:28:23+00:00","og_image":[{"width":720,"height":480,"url":"https:\/\/pans.krosno.pl\/cti\/wp-content\/uploads\/sites\/38\/2021\/05\/informacje_organizacyjne-720x480-1.jpg","type":"image\/jpeg"}],"twitter_card":"summary_large_image","schema":{"@context":"https:\/\/schema.org","@graph":[{"@type":"WebPage","@id":"https:\/\/pans.krosno.pl\/cti\/targi-pracy-2024\/konkurs-dla-uczestnikow-targow\/","url":"https:\/\/pans.krosno.pl\/cti\/targi-pracy-2024\/konkurs-dla-uczestnikow-targow\/","name":"Konkurs dla uczestnik\u00f3w Targ\u00f3w 2024 - Centrum Technologiczne Inkubator PANS w Kro\u015bnie","isPartOf":{"@id":"https:\/\/pans.krosno.pl\/cti\/#website"},"primaryImageOfPage":{"@id":"https:\/\/pans.krosno.pl\/cti\/targi-pracy-2024\/konkurs-dla-uczestnikow-targow\/#primaryimage"},"image":{"@id":"https:\/\/pans.krosno.pl\/cti\/targi-pracy-2024\/konkurs-dla-uczestnikow-targow\/#primaryimage"},"thumbnailUrl":"https:\/\/pans.krosno.pl\/cti\/wp-content\/uploads\/sites\/38\/2021\/05\/informacje_organizacyjne-720x480-1.jpg","datePublished":"2021-04-30T09:49:02+00:00","dateModified":"2025-01-08T08:28:23+00:00","breadcrumb":{"@id":"https:\/\/pans.krosno.pl\/cti\/targi-pracy-2024\/konkurs-dla-uczestnikow-targow\/#breadcrumb"},"inLanguage":"pl-PL","potentialAction":[{"@type":"ReadAction","target":["https:\/\/pans.krosno.pl\/cti\/targi-pracy-2024\/konkurs-dla-uczestnikow-targow\/"]}]},{"@type":"ImageObject","inLanguage":"pl-PL","@id":"https:\/\/pans.krosno.pl\/cti\/targi-pracy-2024\/konkurs-dla-uczestnikow-targow\/#primaryimage","url":"https:\/\/pans.krosno.pl\/cti\/wp-content\/uploads\/sites\/38\/2021\/05\/informacje_organizacyjne-720x480-1.jpg","contentUrl":"https:\/\/pans.krosno.pl\/cti\/wp-content\/uploads\/sites\/38\/2021\/05\/informacje_organizacyjne-720x480-1.jpg","width":720,"height":480},{"@type":"BreadcrumbList","@id":"https:\/\/pans.krosno.pl\/cti\/targi-pracy-2024\/konkurs-dla-uczestnikow-targow\/#breadcrumb","itemListElement":[{"@type":"ListItem","position":1,"name":"Strona g\u0142\u00f3wna","item":"https:\/\/pans.krosno.pl\/cti\/"},{"@type":"ListItem","position":2,"name":"Targi Pracy 2024","item":"https:\/\/pans.krosno.pl\/cti\/targi-pracy-2024\/"},{"@type":"ListItem","position":3,"name":"Konkurs dla uczestnik\u00f3w Targ\u00f3w 2024"}]},{"@type":"WebSite","@id":"https:\/\/pans.krosno.pl\/cti\/#website","url":"https:\/\/pans.krosno.pl\/cti\/","name":"Biuro Karier","description":"Centrum Technologiczne Inkubator - Pa\u0144stwowa Akademia Nauk Stosowanych","publisher":{"@id":"https:\/\/pans.krosno.pl\/cti\/#organization"},"potentialAction":[{"@type":"SearchAction","target":{"@type":"EntryPoint","urlTemplate":"https:\/\/pans.krosno.pl\/cti\/?s={search_term_string}"},"query-input":{"@type":"PropertyValueSpecification","valueRequired":true,"valueName":"search_term_string"}}],"inLanguage":"pl-PL"},{"@type":"Organization","@id":"https:\/\/pans.krosno.pl\/cti\/#organization","name":"Biuro Karier - Karpacka Pa\u0144stwowa Uczelnia w Kro\u015bnie","url":"https:\/\/pans.krosno.pl\/cti\/","logo":{"@type":"ImageObject","inLanguage":"pl-PL","@id":"https:\/\/pans.krosno.pl\/cti\/#\/schema\/logo\/image\/","url":"https:\/\/pans.krosno.pl\/bk\/wp-content\/uploads\/sites\/38\/2020\/05\/96735643_906333539807912_5732186373989859328_n-1.gif","contentUrl":"https:\/\/pans.krosno.pl\/bk\/wp-content\/uploads\/sites\/38\/2020\/05\/96735643_906333539807912_5732186373989859328_n-1.gif","width":762,"height":137,"caption":"Biuro Karier - Karpacka Pa\u0144stwowa Uczelnia w Kro\u015bnie"},"image":{"@id":"https:\/\/pans.krosno.pl\/cti\/#\/schema\/logo\/image\/"},"sameAs":["https:\/\/www.facebook.com\/BKKPUKROSNO\/"]}]}},"_links":{"self":[{"href":"https:\/\/pans.krosno.pl\/cti\/wp-json\/wp\/v2\/pages\/1361","targetHints":{"allow":["GET"]}}],"collection":[{"href":"https:\/\/pans.krosno.pl\/cti\/wp-json\/wp\/v2\/pages"}],"about":[{"href":"https:\/\/pans.krosno.pl\/cti\/wp-json\/wp\/v2\/types\/page"}],"author":[{"embeddable":true,"href":"https:\/\/pans.krosno.pl\/cti\/wp-json\/wp\/v2\/users\/27"}],"replies":[{"embeddable":true,"href":"https:\/\/pans.krosno.pl\/cti\/wp-json\/wp\/v2\/comments?post=1361"}],"version-history":[{"count":35,"href":"https:\/\/pans.krosno.pl\/cti\/wp-json\/wp\/v2\/pages\/1361\/revisions"}],"predecessor-version":[{"id":6154,"href":"https:\/\/pans.krosno.pl\/cti\/wp-json\/wp\/v2\/pages\/1361\/revisions\/6154"}],"up":[{"embeddable":true,"href":"https:\/\/pans.krosno.pl\/cti\/wp-json\/wp\/v2\/pages\/5305"}],"wp:attachment":[{"href":"https:\/\/pans.krosno.pl\/cti\/wp-json\/wp\/v2\/media?parent=1361"}],"curies":[{"name":"wp","href":"https:\/\/api.w.org\/{rel}","templated":true}]}}