{"id":79,"date":"2024-10-03T10:52:02","date_gmt":"2024-10-03T08:52:02","guid":{"rendered":"https:\/\/pans.krosno.pl\/csm\/?page_id=79"},"modified":"2026-03-03T11:55:39","modified_gmt":"2026-03-03T10:55:39","slug":"symulacja-medyczna-i-stopien-2-rok","status":"publish","type":"page","link":"https:\/\/pans.krosno.pl\/csm\/harmonogramy-zajec-csm\/symulacja-medyczna-i-stopien-2-rok\/","title":{"rendered":"Symulacja medyczna &#8211; I stopie\u0144 &#8211; 2 rok"},"content":{"rendered":"\n<div class=\"wp-block-buttons is-layout-flex wp-block-buttons-is-layout-flex\">\n<div class=\"wp-block-button is-style-outline is-style-outline--1\"><a class=\"wp-block-button__link wp-element-button\" href=\"https:\/\/usos.kpu.krosno.pl\/kontroler.php?_action=katalog2\/przedmioty\/pokazPlanGrupyPrzedmiotow&amp;grupa_kod=PIE-S-25-S4&amp;cdyd_kod=2025L&amp;plan_format=html&amp;plan_showStartTime=1&amp;plan_showEndTime=1&amp;plan_showTypeShort=0&amp;plan_showTypeFull=1&amp;plan_showGroupNumber=1&amp;plan_showCourseName=1&amp;plan_showCourseCode=0&amp;plan_showRoom=1&amp;plan_showBuildingCode=0&amp;plan_showLecturers=1&amp;plan_overridePrintWidth=1&amp;plan_colorScheme=default&amp;plan_division=week&amp;plan_week_sel_week=2026-02-16\">Link do harmonogramu w USOS-ie<\/a><\/div>\n<\/div>\n\n\n\n<hr class=\"wp-block-separator has-alpha-channel-opacity\" \/>\n\n\n\n<p><strong>Semestr zimowy 2025\/2026<\/strong><br>Harmonogram zaj\u0119\u0107 &#8211; symulacja medyczna metod\u0105 wysokiej wierno\u015bci<br><\/p>\n\n\n\n<hr class=\"wp-block-separator has-alpha-channel-opacity\" \/>\n\n\n\n<p><strong>Semestr letni 2025\/2026<\/strong><br>Harmonogram zaj\u0119\u0107 &#8211; symulacja medyczna metod\u0105 wysokiej wierno\u015bci<br>Aktualizacja 26.02.2026 r. (POZ, Interna cz.2)<\/p>\n\n\n\n<div class=\"wp-block-file\"><a id=\"wp-block-file--media-6de6f5fc-da28-42bd-963e-e0e9c0b02912\" href=\"https:\/\/pans.krosno.pl\/csm\/wp-content\/uploads\/sites\/64\/2026\/02\/Poloznictwo-2026.pdf\">Po\u0142o\u017cnictwo 2026<\/a><a href=\"https:\/\/pans.krosno.pl\/csm\/wp-content\/uploads\/sites\/64\/2026\/02\/Poloznictwo-2026.pdf\" class=\"wp-block-file__button wp-element-button\" download aria-describedby=\"wp-block-file--media-6de6f5fc-da28-42bd-963e-e0e9c0b02912\">Pobierz<\/a><\/div>\n\n\n\n<div class=\"wp-block-file\"><a id=\"wp-block-file--media-3566cb77-dde2-4ed3-afbd-4862137d269f\" href=\"https:\/\/pans.krosno.pl\/csm\/wp-content\/uploads\/sites\/64\/2026\/03\/poz-2026-zmiana-26.02.pdf\">POZ 2026<\/a><a href=\"https:\/\/pans.krosno.pl\/csm\/wp-content\/uploads\/sites\/64\/2026\/03\/poz-2026-zmiana-26.02.pdf\" class=\"wp-block-file__button wp-element-button\" download aria-describedby=\"wp-block-file--media-3566cb77-dde2-4ed3-afbd-4862137d269f\">Pobierz<\/a><\/div>\n\n\n\n<div class=\"wp-block-file\"><a id=\"wp-block-file--media-a5fa3b59-923a-4144-9c86-1068fa5ba907\" href=\"https:\/\/pans.krosno.pl\/csm\/wp-content\/uploads\/sites\/64\/2026\/02\/Pielegniarstwo-pediatryczne-2026.pdf\">Piel\u0119gniarstwo pediatryczne 2026<\/a><a href=\"https:\/\/pans.krosno.pl\/csm\/wp-content\/uploads\/sites\/64\/2026\/02\/Pielegniarstwo-pediatryczne-2026.pdf\" class=\"wp-block-file__button wp-element-button\" download aria-describedby=\"wp-block-file--media-a5fa3b59-923a-4144-9c86-1068fa5ba907\">Pobierz<\/a><\/div>\n\n\n\n<div class=\"wp-block-file\"><a id=\"wp-block-file--media-30a72721-f2aa-4476-82c1-64a97d045902\" href=\"https:\/\/pans.krosno.pl\/csm\/wp-content\/uploads\/sites\/64\/2026\/02\/Pielegniarstwo-chirurgiczne-2026.pdf\">Piel\u0119gniarstwo chirurgiczne 2026<\/a><a href=\"https:\/\/pans.krosno.pl\/csm\/wp-content\/uploads\/sites\/64\/2026\/02\/Pielegniarstwo-chirurgiczne-2026.pdf\" class=\"wp-block-file__button wp-element-button\" download aria-describedby=\"wp-block-file--media-30a72721-f2aa-4476-82c1-64a97d045902\">Pobierz<\/a><\/div>\n\n\n\n<div class=\"wp-block-file\"><a id=\"wp-block-file--media-ed7c09d3-43a0-4eef-b52e-569e4f39c664\" href=\"https:\/\/pans.krosno.pl\/csm\/wp-content\/uploads\/sites\/64\/2026\/02\/Choroby-wewnetrzne-2026.pdf\">Choroby wewn\u0119trzne 2026<\/a><a href=\"https:\/\/pans.krosno.pl\/csm\/wp-content\/uploads\/sites\/64\/2026\/02\/Choroby-wewnetrzne-2026.pdf\" class=\"wp-block-file__button wp-element-button\" download aria-describedby=\"wp-block-file--media-ed7c09d3-43a0-4eef-b52e-569e4f39c664\">Pobierz<\/a><\/div>\n\n\n\n<div class=\"wp-block-file\"><a id=\"wp-block-file--media-62f827a0-88d5-40a6-90ca-7a8f5f2894c1\" href=\"https:\/\/pans.krosno.pl\/csm\/wp-content\/uploads\/sites\/64\/2026\/03\/Interna-2026-cz.2.pdf\">Choroby wewnetrzne 2026 cz.2<\/a><a href=\"https:\/\/pans.krosno.pl\/csm\/wp-content\/uploads\/sites\/64\/2026\/03\/Interna-2026-cz.2.pdf\" class=\"wp-block-file__button wp-element-button\" download aria-describedby=\"wp-block-file--media-62f827a0-88d5-40a6-90ca-7a8f5f2894c1\">Pobierz<\/a><\/div>\n\n\n\n<p><\/p>\n","protected":false},"excerpt":{"rendered":"<p>Semestr zimowy 2025\/2026Harmonogram zaj\u0119\u0107 &#8211; symulacja medyczna metod\u0105 wysokiej wierno\u015bci Semestr letni 2025\/2026Harmonogram zaj\u0119\u0107 &#8211; symulacja medyczna metod\u0105 wysokiej wierno\u015bciAktualizacja 26.02.2026 r. (POZ, Interna cz.2)<\/p>\n","protected":false},"author":27,"featured_media":0,"parent":56,"menu_order":0,"comment_status":"closed","ping_status":"closed","template":"","meta":{"ngg_post_thumbnail":0,"footnotes":""},"class_list":["post-79","page","type-page","status-publish","hentry"],"yoast_head":"<!-- This site is optimized with the Yoast SEO Premium plugin v27.4 (Yoast SEO v27.4) - https:\/\/yoast.com\/product\/yoast-seo-premium-wordpress\/ -->\n<title>Symulacja medyczna - I stopie\u0144 - 2 rok - Centrum Symulacji Medycznej PANS Krosno<\/title>\n<meta name=\"robots\" content=\"index, follow, max-snippet:-1, max-image-preview:large, max-video-preview:-1\" \/>\n<link rel=\"canonical\" href=\"https:\/\/pans.krosno.pl\/csm\/harmonogramy-zajec-csm\/symulacja-medyczna-i-stopien-2-rok\/\" \/>\n<meta property=\"og:locale\" content=\"pl_PL\" \/>\n<meta property=\"og:type\" content=\"article\" \/>\n<meta property=\"og:title\" content=\"Symulacja medyczna - I stopie\u0144 - 2 rok\" \/>\n<meta property=\"og:description\" content=\"Semestr zimowy 2025\/2026Harmonogram zaj\u0119\u0107 &#8211; symulacja medyczna metod\u0105 wysokiej wierno\u015bci Semestr letni 2025\/2026Harmonogram zaj\u0119\u0107 &#8211; symulacja medyczna metod\u0105 wysokiej wierno\u015bciAktualizacja 26.02.2026 r. (POZ, Interna cz.2)\" \/>\n<meta property=\"og:url\" content=\"https:\/\/pans.krosno.pl\/csm\/harmonogramy-zajec-csm\/symulacja-medyczna-i-stopien-2-rok\/\" \/>\n<meta property=\"og:site_name\" content=\"Centrum Symulacji Medycznej PANS Krosno\" \/>\n<meta property=\"article:publisher\" content=\"https:\/\/www.facebook.com\/StudiaKrosno\/\" \/>\n<meta property=\"article:modified_time\" content=\"2026-03-03T10:55:39+00:00\" \/>\n<meta name=\"twitter:card\" content=\"summary_large_image\" \/>\n<meta name=\"twitter:label1\" content=\"Szacowany czas czytania\" \/>\n\t<meta name=\"twitter:data1\" content=\"1 minuta\" \/>\n<script type=\"application\/ld+json\" class=\"yoast-schema-graph\">{\"@context\":\"https:\\\/\\\/schema.org\",\"@graph\":[{\"@type\":\"WebPage\",\"@id\":\"https:\\\/\\\/pans.krosno.pl\\\/csm\\\/harmonogramy-zajec-csm\\\/symulacja-medyczna-i-stopien-2-rok\\\/\",\"url\":\"https:\\\/\\\/pans.krosno.pl\\\/csm\\\/harmonogramy-zajec-csm\\\/symulacja-medyczna-i-stopien-2-rok\\\/\",\"name\":\"Symulacja medyczna - I stopie\u0144 - 2 rok - Centrum Symulacji Medycznej PANS Krosno\",\"isPartOf\":{\"@id\":\"https:\\\/\\\/pans.krosno.pl\\\/csm\\\/#website\"},\"datePublished\":\"2024-10-03T08:52:02+00:00\",\"dateModified\":\"2026-03-03T10:55:39+00:00\",\"breadcrumb\":{\"@id\":\"https:\\\/\\\/pans.krosno.pl\\\/csm\\\/harmonogramy-zajec-csm\\\/symulacja-medyczna-i-stopien-2-rok\\\/#breadcrumb\"},\"inLanguage\":\"pl-PL\",\"potentialAction\":[{\"@type\":\"ReadAction\",\"target\":[\"https:\\\/\\\/pans.krosno.pl\\\/csm\\\/harmonogramy-zajec-csm\\\/symulacja-medyczna-i-stopien-2-rok\\\/\"]}]},{\"@type\":\"BreadcrumbList\",\"@id\":\"https:\\\/\\\/pans.krosno.pl\\\/csm\\\/harmonogramy-zajec-csm\\\/symulacja-medyczna-i-stopien-2-rok\\\/#breadcrumb\",\"itemListElement\":[{\"@type\":\"ListItem\",\"position\":1,\"name\":\"Strona g\u0142\u00f3wna\",\"item\":\"https:\\\/\\\/pans.krosno.pl\\\/csm\\\/\"},{\"@type\":\"ListItem\",\"position\":2,\"name\":\"Harmonogramy zaj\u0119\u0107 CSM\",\"item\":\"https:\\\/\\\/pans.krosno.pl\\\/csm\\\/harmonogramy-zajec-csm\\\/\"},{\"@type\":\"ListItem\",\"position\":3,\"name\":\"Symulacja medyczna &#8211; I stopie\u0144 &#8211; 2 rok\"}]},{\"@type\":\"WebSite\",\"@id\":\"https:\\\/\\\/pans.krosno.pl\\\/csm\\\/#website\",\"url\":\"https:\\\/\\\/pans.krosno.pl\\\/csm\\\/\",\"name\":\"PANS w Kro\u015bnie\",\"description\":\"\",\"publisher\":{\"@id\":\"https:\\\/\\\/pans.krosno.pl\\\/csm\\\/#organization\"},\"alternateName\":\"PANS Krosno\",\"potentialAction\":[{\"@type\":\"SearchAction\",\"target\":{\"@type\":\"EntryPoint\",\"urlTemplate\":\"https:\\\/\\\/pans.krosno.pl\\\/csm\\\/?s={search_term_string}\"},\"query-input\":{\"@type\":\"PropertyValueSpecification\",\"valueRequired\":true,\"valueName\":\"search_term_string\"}}],\"inLanguage\":\"pl-PL\"},{\"@type\":\"Organization\",\"@id\":\"https:\\\/\\\/pans.krosno.pl\\\/csm\\\/#organization\",\"name\":\"Pa\u0144stwowa Akademia Nauk Stosowanych w Kro\u015bnie\",\"alternateName\":\"PANS Krosno\",\"url\":\"https:\\\/\\\/pans.krosno.pl\\\/csm\\\/\",\"logo\":{\"@type\":\"ImageObject\",\"inLanguage\":\"pl-PL\",\"@id\":\"https:\\\/\\\/pans.krosno.pl\\\/csm\\\/#\\\/schema\\\/logo\\\/image\\\/\",\"url\":\"https:\\\/\\\/pans.krosno.pl\\\/wp-content\\\/uploads\\\/2023\\\/01\\\/Logo-PANS-2022-pelne-2-scaled.jpg\",\"contentUrl\":\"https:\\\/\\\/pans.krosno.pl\\\/wp-content\\\/uploads\\\/2023\\\/01\\\/Logo-PANS-2022-pelne-2-scaled.jpg\",\"width\":2560,\"height\":576,\"caption\":\"Pa\u0144stwowa Akademia Nauk Stosowanych w Kro\u015bnie\"},\"image\":{\"@id\":\"https:\\\/\\\/pans.krosno.pl\\\/csm\\\/#\\\/schema\\\/logo\\\/image\\\/\"},\"sameAs\":[\"https:\\\/\\\/www.facebook.com\\\/StudiaKrosno\\\/\",\"https:\\\/\\\/www.instagram.com\\\/pans.krosno\\\/\",\"https:\\\/\\\/pl.linkedin.com\\\/company\\\/pwsz-krosno\",\"https:\\\/\\\/www.youtube.com\\\/user\\\/pwszkrosno\\\/\",\"https:\\\/\\\/pl.wikipedia.org\\\/wiki\\\/Pa\u0144stwowa_Wy\u017csza_Szko\u0142a_Zawodowa_im._Stanis\u0142awa_Pigonia_w_Kro\u015bnie\"]}]}<\/script>\n<!-- \/ Yoast SEO Premium plugin. -->","yoast_head_json":{"title":"Symulacja medyczna - I stopie\u0144 - 2 rok - Centrum Symulacji Medycznej PANS Krosno","robots":{"index":"index","follow":"follow","max-snippet":"max-snippet:-1","max-image-preview":"max-image-preview:large","max-video-preview":"max-video-preview:-1"},"canonical":"https:\/\/pans.krosno.pl\/csm\/harmonogramy-zajec-csm\/symulacja-medyczna-i-stopien-2-rok\/","og_locale":"pl_PL","og_type":"article","og_title":"Symulacja medyczna - I stopie\u0144 - 2 rok","og_description":"Semestr zimowy 2025\/2026Harmonogram zaj\u0119\u0107 &#8211; symulacja medyczna metod\u0105 wysokiej wierno\u015bci Semestr letni 2025\/2026Harmonogram zaj\u0119\u0107 &#8211; symulacja medyczna metod\u0105 wysokiej wierno\u015bciAktualizacja 26.02.2026 r. (POZ, Interna cz.2)","og_url":"https:\/\/pans.krosno.pl\/csm\/harmonogramy-zajec-csm\/symulacja-medyczna-i-stopien-2-rok\/","og_site_name":"Centrum Symulacji Medycznej PANS Krosno","article_publisher":"https:\/\/www.facebook.com\/StudiaKrosno\/","article_modified_time":"2026-03-03T10:55:39+00:00","twitter_card":"summary_large_image","twitter_misc":{"Szacowany czas czytania":"1 minuta"},"schema":{"@context":"https:\/\/schema.org","@graph":[{"@type":"WebPage","@id":"https:\/\/pans.krosno.pl\/csm\/harmonogramy-zajec-csm\/symulacja-medyczna-i-stopien-2-rok\/","url":"https:\/\/pans.krosno.pl\/csm\/harmonogramy-zajec-csm\/symulacja-medyczna-i-stopien-2-rok\/","name":"Symulacja medyczna - I stopie\u0144 - 2 rok - Centrum Symulacji Medycznej PANS Krosno","isPartOf":{"@id":"https:\/\/pans.krosno.pl\/csm\/#website"},"datePublished":"2024-10-03T08:52:02+00:00","dateModified":"2026-03-03T10:55:39+00:00","breadcrumb":{"@id":"https:\/\/pans.krosno.pl\/csm\/harmonogramy-zajec-csm\/symulacja-medyczna-i-stopien-2-rok\/#breadcrumb"},"inLanguage":"pl-PL","potentialAction":[{"@type":"ReadAction","target":["https:\/\/pans.krosno.pl\/csm\/harmonogramy-zajec-csm\/symulacja-medyczna-i-stopien-2-rok\/"]}]},{"@type":"BreadcrumbList","@id":"https:\/\/pans.krosno.pl\/csm\/harmonogramy-zajec-csm\/symulacja-medyczna-i-stopien-2-rok\/#breadcrumb","itemListElement":[{"@type":"ListItem","position":1,"name":"Strona g\u0142\u00f3wna","item":"https:\/\/pans.krosno.pl\/csm\/"},{"@type":"ListItem","position":2,"name":"Harmonogramy zaj\u0119\u0107 CSM","item":"https:\/\/pans.krosno.pl\/csm\/harmonogramy-zajec-csm\/"},{"@type":"ListItem","position":3,"name":"Symulacja medyczna &#8211; I stopie\u0144 &#8211; 2 rok"}]},{"@type":"WebSite","@id":"https:\/\/pans.krosno.pl\/csm\/#website","url":"https:\/\/pans.krosno.pl\/csm\/","name":"PANS w Kro\u015bnie","description":"","publisher":{"@id":"https:\/\/pans.krosno.pl\/csm\/#organization"},"alternateName":"PANS Krosno","potentialAction":[{"@type":"SearchAction","target":{"@type":"EntryPoint","urlTemplate":"https:\/\/pans.krosno.pl\/csm\/?s={search_term_string}"},"query-input":{"@type":"PropertyValueSpecification","valueRequired":true,"valueName":"search_term_string"}}],"inLanguage":"pl-PL"},{"@type":"Organization","@id":"https:\/\/pans.krosno.pl\/csm\/#organization","name":"Pa\u0144stwowa Akademia Nauk Stosowanych w Kro\u015bnie","alternateName":"PANS Krosno","url":"https:\/\/pans.krosno.pl\/csm\/","logo":{"@type":"ImageObject","inLanguage":"pl-PL","@id":"https:\/\/pans.krosno.pl\/csm\/#\/schema\/logo\/image\/","url":"https:\/\/pans.krosno.pl\/wp-content\/uploads\/2023\/01\/Logo-PANS-2022-pelne-2-scaled.jpg","contentUrl":"https:\/\/pans.krosno.pl\/wp-content\/uploads\/2023\/01\/Logo-PANS-2022-pelne-2-scaled.jpg","width":2560,"height":576,"caption":"Pa\u0144stwowa Akademia Nauk Stosowanych w Kro\u015bnie"},"image":{"@id":"https:\/\/pans.krosno.pl\/csm\/#\/schema\/logo\/image\/"},"sameAs":["https:\/\/www.facebook.com\/StudiaKrosno\/","https:\/\/www.instagram.com\/pans.krosno\/","https:\/\/pl.linkedin.com\/company\/pwsz-krosno","https:\/\/www.youtube.com\/user\/pwszkrosno\/","https:\/\/pl.wikipedia.org\/wiki\/Pa\u0144stwowa_Wy\u017csza_Szko\u0142a_Zawodowa_im._Stanis\u0142awa_Pigonia_w_Kro\u015bnie"]}]}},"_links":{"self":[{"href":"https:\/\/pans.krosno.pl\/csm\/wp-json\/wp\/v2\/pages\/79","targetHints":{"allow":["GET"]}}],"collection":[{"href":"https:\/\/pans.krosno.pl\/csm\/wp-json\/wp\/v2\/pages"}],"about":[{"href":"https:\/\/pans.krosno.pl\/csm\/wp-json\/wp\/v2\/types\/page"}],"author":[{"embeddable":true,"href":"https:\/\/pans.krosno.pl\/csm\/wp-json\/wp\/v2\/users\/27"}],"replies":[{"embeddable":true,"href":"https:\/\/pans.krosno.pl\/csm\/wp-json\/wp\/v2\/comments?post=79"}],"version-history":[{"count":26,"href":"https:\/\/pans.krosno.pl\/csm\/wp-json\/wp\/v2\/pages\/79\/revisions"}],"predecessor-version":[{"id":531,"href":"https:\/\/pans.krosno.pl\/csm\/wp-json\/wp\/v2\/pages\/79\/revisions\/531"}],"up":[{"embeddable":true,"href":"https:\/\/pans.krosno.pl\/csm\/wp-json\/wp\/v2\/pages\/56"}],"wp:attachment":[{"href":"https:\/\/pans.krosno.pl\/csm\/wp-json\/wp\/v2\/media?parent=79"}],"curies":[{"name":"wp","href":"https:\/\/api.w.org\/{rel}","templated":true}]}}