{"id":60,"date":"2024-10-03T10:14:49","date_gmt":"2024-10-03T08:14:49","guid":{"rendered":"https:\/\/pans.krosno.pl\/csm\/?page_id=60"},"modified":"2026-04-01T10:56:29","modified_gmt":"2026-04-01T08:56:29","slug":"kontakt-csm","status":"publish","type":"page","link":"https:\/\/pans.krosno.pl\/csm\/kontakt-csm\/","title":{"rendered":"Kontakt CSM"},"content":{"rendered":"\n<p>Centrum Symulacji Medycznej Pa\u0144stwowej Akademii Nauk Stosowanych w Kro\u015bnie<br>ul. Kazimierza Wielkiego 6, 38-400 Krosno<\/p>\n\n\n\n<div class=\"wp-block-columns is-layout-flex wp-container-core-columns-is-layout-28f84493 wp-block-columns-is-layout-flex\">\n<div class=\"wp-block-column is-layout-flow wp-block-column-is-layout-flow\">\n<p><strong>Kierownik Centrum Symulacji Medycznej<\/strong><br>e-mail: csm@pans.krosno.pl<br>dr n. o zdr. Edyta Kwilosz<br>pok\u00f3j nr 20, budynek KW6A<br>e-mail: edyta.kwilosz@pans.krosno.pl<br>tel. 13 43 755 50<\/p>\n<\/div>\n\n\n\n<div class=\"wp-block-column is-layout-flow wp-block-column-is-layout-flow\">\n<p><strong>Technicy symulacji medycznej<br><\/strong>pok\u00f3j nr 14 i 20, budynek KW6A<br>e-mail: technicycsm@pans.krosno.pl<br>tel. 13 43 755 57<strong><br><\/strong>in\u017c. Piotr Szubra<br>in\u017c. Ernest \u015ali\u017c<br>mgr in\u017c. Krzysztof Zima<br><\/p>\n<\/div>\n<\/div>\n","protected":false},"excerpt":{"rendered":"<p>Centrum Symulacji Medycznej Pa\u0144stwowej Akademii Nauk Stosowanych w Kro\u015bnieul. Kazimierza Wielkiego 6, 38-400 Krosno Kierownik Centrum Symulacji Medyczneje-mail: csm@pans.krosno.pldr n. o zdr. Edyta Kwiloszpok\u00f3j nr 20, budynek KW6Ae-mail: edyta.kwilosz@pans.krosno.pltel. 13 43 755 50 Technicy symulacji medycznejpok\u00f3j nr 14 i 20, budynek KW6Ae-mail: technicycsm@pans.krosno.pltel. 13 43 755 57in\u017c. Piotr Szubrain\u017c. Ernest [\u2026] <\/p>\n<div class=\"clear\"><\/div>\n<p><a class=\"more_link clearfix\" href=\"https:\/\/pans.krosno.pl\/csm\/kontakt-csm\/\" rel=\"nofollow\">Read More<\/a><\/p>\n","protected":false},"author":27,"featured_media":0,"parent":0,"menu_order":0,"comment_status":"closed","ping_status":"closed","template":"page-templates\/template-full-width.php","meta":{"ngg_post_thumbnail":0,"footnotes":""},"class_list":["post-60","page","type-page","status-publish","hentry"],"yoast_head":"<!-- This site is optimized with the Yoast SEO Premium plugin v27.4 (Yoast SEO v27.4) - https:\/\/yoast.com\/product\/yoast-seo-premium-wordpress\/ -->\n<title>Kontakt CSM - Centrum Symulacji Medycznej PANS Krosno<\/title>\n<meta name=\"robots\" content=\"index, follow, max-snippet:-1, max-image-preview:large, max-video-preview:-1\" \/>\n<link rel=\"canonical\" href=\"https:\/\/pans.krosno.pl\/csm\/kontakt-csm\/\" \/>\n<meta property=\"og:locale\" content=\"pl_PL\" \/>\n<meta property=\"og:type\" content=\"article\" \/>\n<meta property=\"og:title\" content=\"Kontakt CSM\" \/>\n<meta property=\"og:description\" content=\"Centrum Symulacji Medycznej Pa\u0144stwowej Akademii Nauk Stosowanych w Kro\u015bnieul. Kazimierza Wielkiego 6, 38-400 Krosno Kierownik Centrum Symulacji Medyczneje-mail: csm@pans.krosno.pldr n. o zdr. Edyta Kwiloszpok\u00f3j nr 20, budynek KW6Ae-mail: edyta.kwilosz@pans.krosno.pltel. 13 43 755 50 Technicy symulacji medycznejpok\u00f3j nr 14 i 20, budynek KW6Ae-mail: technicycsm@pans.krosno.pltel. 13 43 755 57in\u017c. Piotr Szubrain\u017c. Ernest [\u2026] Read More\" \/>\n<meta property=\"og:url\" content=\"https:\/\/pans.krosno.pl\/csm\/kontakt-csm\/\" \/>\n<meta property=\"og:site_name\" content=\"Centrum Symulacji Medycznej PANS Krosno\" \/>\n<meta property=\"article:publisher\" content=\"https:\/\/www.facebook.com\/StudiaKrosno\/\" \/>\n<meta property=\"article:modified_time\" content=\"2026-04-01T08:56:29+00:00\" \/>\n<meta name=\"twitter:card\" content=\"summary_large_image\" \/>\n<meta name=\"twitter:label1\" content=\"Szacowany czas czytania\" \/>\n\t<meta name=\"twitter:data1\" content=\"1 minuta\" \/>\n<script type=\"application\/ld+json\" class=\"yoast-schema-graph\">{\"@context\":\"https:\\\/\\\/schema.org\",\"@graph\":[{\"@type\":\"WebPage\",\"@id\":\"https:\\\/\\\/pans.krosno.pl\\\/csm\\\/kontakt-csm\\\/\",\"url\":\"https:\\\/\\\/pans.krosno.pl\\\/csm\\\/kontakt-csm\\\/\",\"name\":\"Kontakt CSM - Centrum Symulacji Medycznej PANS Krosno\",\"isPartOf\":{\"@id\":\"https:\\\/\\\/pans.krosno.pl\\\/csm\\\/#website\"},\"datePublished\":\"2024-10-03T08:14:49+00:00\",\"dateModified\":\"2026-04-01T08:56:29+00:00\",\"breadcrumb\":{\"@id\":\"https:\\\/\\\/pans.krosno.pl\\\/csm\\\/kontakt-csm\\\/#breadcrumb\"},\"inLanguage\":\"pl-PL\",\"potentialAction\":[{\"@type\":\"ReadAction\",\"target\":[\"https:\\\/\\\/pans.krosno.pl\\\/csm\\\/kontakt-csm\\\/\"]}]},{\"@type\":\"BreadcrumbList\",\"@id\":\"https:\\\/\\\/pans.krosno.pl\\\/csm\\\/kontakt-csm\\\/#breadcrumb\",\"itemListElement\":[{\"@type\":\"ListItem\",\"position\":1,\"name\":\"Strona g\u0142\u00f3wna\",\"item\":\"https:\\\/\\\/pans.krosno.pl\\\/csm\\\/\"},{\"@type\":\"ListItem\",\"position\":2,\"name\":\"Kontakt CSM\"}]},{\"@type\":\"WebSite\",\"@id\":\"https:\\\/\\\/pans.krosno.pl\\\/csm\\\/#website\",\"url\":\"https:\\\/\\\/pans.krosno.pl\\\/csm\\\/\",\"name\":\"PANS w Kro\u015bnie\",\"description\":\"\",\"publisher\":{\"@id\":\"https:\\\/\\\/pans.krosno.pl\\\/csm\\\/#organization\"},\"alternateName\":\"PANS Krosno\",\"potentialAction\":[{\"@type\":\"SearchAction\",\"target\":{\"@type\":\"EntryPoint\",\"urlTemplate\":\"https:\\\/\\\/pans.krosno.pl\\\/csm\\\/?s={search_term_string}\"},\"query-input\":{\"@type\":\"PropertyValueSpecification\",\"valueRequired\":true,\"valueName\":\"search_term_string\"}}],\"inLanguage\":\"pl-PL\"},{\"@type\":\"Organization\",\"@id\":\"https:\\\/\\\/pans.krosno.pl\\\/csm\\\/#organization\",\"name\":\"Pa\u0144stwowa Akademia Nauk Stosowanych w Kro\u015bnie\",\"alternateName\":\"PANS Krosno\",\"url\":\"https:\\\/\\\/pans.krosno.pl\\\/csm\\\/\",\"logo\":{\"@type\":\"ImageObject\",\"inLanguage\":\"pl-PL\",\"@id\":\"https:\\\/\\\/pans.krosno.pl\\\/csm\\\/#\\\/schema\\\/logo\\\/image\\\/\",\"url\":\"https:\\\/\\\/pans.krosno.pl\\\/wp-content\\\/uploads\\\/2023\\\/01\\\/Logo-PANS-2022-pelne-2-scaled.jpg\",\"contentUrl\":\"https:\\\/\\\/pans.krosno.pl\\\/wp-content\\\/uploads\\\/2023\\\/01\\\/Logo-PANS-2022-pelne-2-scaled.jpg\",\"width\":2560,\"height\":576,\"caption\":\"Pa\u0144stwowa Akademia Nauk Stosowanych w Kro\u015bnie\"},\"image\":{\"@id\":\"https:\\\/\\\/pans.krosno.pl\\\/csm\\\/#\\\/schema\\\/logo\\\/image\\\/\"},\"sameAs\":[\"https:\\\/\\\/www.facebook.com\\\/StudiaKrosno\\\/\",\"https:\\\/\\\/www.instagram.com\\\/pans.krosno\\\/\",\"https:\\\/\\\/pl.linkedin.com\\\/company\\\/pwsz-krosno\",\"https:\\\/\\\/www.youtube.com\\\/user\\\/pwszkrosno\\\/\",\"https:\\\/\\\/pl.wikipedia.org\\\/wiki\\\/Pa\u0144stwowa_Wy\u017csza_Szko\u0142a_Zawodowa_im._Stanis\u0142awa_Pigonia_w_Kro\u015bnie\"]}]}<\/script>\n<!-- \/ Yoast SEO Premium plugin. -->","yoast_head_json":{"title":"Kontakt CSM - Centrum Symulacji Medycznej PANS Krosno","robots":{"index":"index","follow":"follow","max-snippet":"max-snippet:-1","max-image-preview":"max-image-preview:large","max-video-preview":"max-video-preview:-1"},"canonical":"https:\/\/pans.krosno.pl\/csm\/kontakt-csm\/","og_locale":"pl_PL","og_type":"article","og_title":"Kontakt CSM","og_description":"Centrum Symulacji Medycznej Pa\u0144stwowej Akademii Nauk Stosowanych w Kro\u015bnieul. Kazimierza Wielkiego 6, 38-400 Krosno Kierownik Centrum Symulacji Medyczneje-mail: csm@pans.krosno.pldr n. o zdr. Edyta Kwiloszpok\u00f3j nr 20, budynek KW6Ae-mail: edyta.kwilosz@pans.krosno.pltel. 13 43 755 50 Technicy symulacji medycznejpok\u00f3j nr 14 i 20, budynek KW6Ae-mail: technicycsm@pans.krosno.pltel. 13 43 755 57in\u017c. Piotr Szubrain\u017c. Ernest [\u2026] Read More","og_url":"https:\/\/pans.krosno.pl\/csm\/kontakt-csm\/","og_site_name":"Centrum Symulacji Medycznej PANS Krosno","article_publisher":"https:\/\/www.facebook.com\/StudiaKrosno\/","article_modified_time":"2026-04-01T08:56:29+00:00","twitter_card":"summary_large_image","twitter_misc":{"Szacowany czas czytania":"1 minuta"},"schema":{"@context":"https:\/\/schema.org","@graph":[{"@type":"WebPage","@id":"https:\/\/pans.krosno.pl\/csm\/kontakt-csm\/","url":"https:\/\/pans.krosno.pl\/csm\/kontakt-csm\/","name":"Kontakt CSM - Centrum Symulacji Medycznej PANS Krosno","isPartOf":{"@id":"https:\/\/pans.krosno.pl\/csm\/#website"},"datePublished":"2024-10-03T08:14:49+00:00","dateModified":"2026-04-01T08:56:29+00:00","breadcrumb":{"@id":"https:\/\/pans.krosno.pl\/csm\/kontakt-csm\/#breadcrumb"},"inLanguage":"pl-PL","potentialAction":[{"@type":"ReadAction","target":["https:\/\/pans.krosno.pl\/csm\/kontakt-csm\/"]}]},{"@type":"BreadcrumbList","@id":"https:\/\/pans.krosno.pl\/csm\/kontakt-csm\/#breadcrumb","itemListElement":[{"@type":"ListItem","position":1,"name":"Strona g\u0142\u00f3wna","item":"https:\/\/pans.krosno.pl\/csm\/"},{"@type":"ListItem","position":2,"name":"Kontakt CSM"}]},{"@type":"WebSite","@id":"https:\/\/pans.krosno.pl\/csm\/#website","url":"https:\/\/pans.krosno.pl\/csm\/","name":"PANS w Kro\u015bnie","description":"","publisher":{"@id":"https:\/\/pans.krosno.pl\/csm\/#organization"},"alternateName":"PANS Krosno","potentialAction":[{"@type":"SearchAction","target":{"@type":"EntryPoint","urlTemplate":"https:\/\/pans.krosno.pl\/csm\/?s={search_term_string}"},"query-input":{"@type":"PropertyValueSpecification","valueRequired":true,"valueName":"search_term_string"}}],"inLanguage":"pl-PL"},{"@type":"Organization","@id":"https:\/\/pans.krosno.pl\/csm\/#organization","name":"Pa\u0144stwowa Akademia Nauk Stosowanych w Kro\u015bnie","alternateName":"PANS Krosno","url":"https:\/\/pans.krosno.pl\/csm\/","logo":{"@type":"ImageObject","inLanguage":"pl-PL","@id":"https:\/\/pans.krosno.pl\/csm\/#\/schema\/logo\/image\/","url":"https:\/\/pans.krosno.pl\/wp-content\/uploads\/2023\/01\/Logo-PANS-2022-pelne-2-scaled.jpg","contentUrl":"https:\/\/pans.krosno.pl\/wp-content\/uploads\/2023\/01\/Logo-PANS-2022-pelne-2-scaled.jpg","width":2560,"height":576,"caption":"Pa\u0144stwowa Akademia Nauk Stosowanych w Kro\u015bnie"},"image":{"@id":"https:\/\/pans.krosno.pl\/csm\/#\/schema\/logo\/image\/"},"sameAs":["https:\/\/www.facebook.com\/StudiaKrosno\/","https:\/\/www.instagram.com\/pans.krosno\/","https:\/\/pl.linkedin.com\/company\/pwsz-krosno","https:\/\/www.youtube.com\/user\/pwszkrosno\/","https:\/\/pl.wikipedia.org\/wiki\/Pa\u0144stwowa_Wy\u017csza_Szko\u0142a_Zawodowa_im._Stanis\u0142awa_Pigonia_w_Kro\u015bnie"]}]}},"_links":{"self":[{"href":"https:\/\/pans.krosno.pl\/csm\/wp-json\/wp\/v2\/pages\/60","targetHints":{"allow":["GET"]}}],"collection":[{"href":"https:\/\/pans.krosno.pl\/csm\/wp-json\/wp\/v2\/pages"}],"about":[{"href":"https:\/\/pans.krosno.pl\/csm\/wp-json\/wp\/v2\/types\/page"}],"author":[{"embeddable":true,"href":"https:\/\/pans.krosno.pl\/csm\/wp-json\/wp\/v2\/users\/27"}],"replies":[{"embeddable":true,"href":"https:\/\/pans.krosno.pl\/csm\/wp-json\/wp\/v2\/comments?post=60"}],"version-history":[{"count":7,"href":"https:\/\/pans.krosno.pl\/csm\/wp-json\/wp\/v2\/pages\/60\/revisions"}],"predecessor-version":[{"id":554,"href":"https:\/\/pans.krosno.pl\/csm\/wp-json\/wp\/v2\/pages\/60\/revisions\/554"}],"wp:attachment":[{"href":"https:\/\/pans.krosno.pl\/csm\/wp-json\/wp\/v2\/media?parent=60"}],"curies":[{"name":"wp","href":"https:\/\/api.w.org\/{rel}","templated":true}]}}