{"id":54,"date":"2024-10-03T10:13:47","date_gmt":"2024-10-03T08:13:47","guid":{"rendered":"https:\/\/pans.krosno.pl\/csm\/?page_id=54"},"modified":"2026-01-20T08:27:24","modified_gmt":"2026-01-20T07:27:24","slug":"struktura","status":"publish","type":"page","link":"https:\/\/pans.krosno.pl\/csm\/struktura\/","title":{"rendered":"Struktura"},"content":{"rendered":"\n<p class=\"has-medium-font-size\">Ka\u017cda z sal ma przypisane hiper\u0142\u0105cze kieruj\u0105ce do planu zaj\u0119\u0107 w systemie USOS.<\/p>\n\n\n\n<hr class=\"wp-block-separator has-alpha-channel-opacity is-style-wide\" \/>\n\n\n\n<p class=\"has-text-align-center has-medium-font-size\"><strong>Plan graficzny sal CSM<\/strong><\/p>\n\n\n\n<div class=\"wp-block-columns is-layout-flex wp-container-core-columns-is-layout-28f84493 wp-block-columns-is-layout-flex\">\n<div class=\"wp-block-column is-layout-flow wp-block-column-is-layout-flow\">\n<p class=\"has-text-align-center\"><a href=\"https:\/\/pans.krosno.pl\/csm\/wp-content\/uploads\/sites\/64\/2024\/10\/KW6-Parter.jpg\"><strong>Plan graficzny sal KW6A &#8211; Parter<\/strong><\/a><\/p>\n<\/div>\n\n\n\n<div class=\"wp-block-column is-layout-flow wp-block-column-is-layout-flow\">\n<p class=\"has-text-align-center\"><a href=\"https:\/\/pans.krosno.pl\/csm\/wp-content\/uploads\/sites\/64\/2024\/10\/KW6-Pietro-1-scaled.jpg\"><strong>Plan graficzny sal KW6A i B &#8211; 1 pi\u0119tro<\/strong><\/a><\/p>\n<\/div>\n\n\n\n<div class=\"wp-block-column is-layout-flow wp-block-column-is-layout-flow\">\n<p class=\"has-text-align-center\"><a href=\"https:\/\/pans.krosno.pl\/csm\/wp-content\/uploads\/sites\/64\/2024\/10\/KW6-Pietro-2.jpg\"><strong>Plan graficzny sal KW6A &#8211; 2 pi\u0119tro<\/strong><\/a><\/p>\n<\/div>\n<\/div>\n\n\n\n<hr class=\"wp-block-separator has-alpha-channel-opacity is-style-wide\" \/>\n\n\n\n<p class=\"has-text-align-center has-medium-font-size\"><strong>Sale wchodz\u0105ce w struktury CSM<\/strong><\/p>\n\n\n\n<div class=\"wp-block-columns is-layout-flex wp-container-core-columns-is-layout-28f84493 wp-block-columns-is-layout-flex\">\n<div class=\"wp-block-column is-layout-flow wp-block-column-is-layout-flow\" style=\"flex-basis:100%\">\n<div class=\"wp-block-columns is-layout-flex wp-container-core-columns-is-layout-28f84493 wp-block-columns-is-layout-flex\">\n<div class=\"wp-block-column is-layout-flow wp-block-column-is-layout-flow\">\n<p><strong><a href=\"https:\/\/usos.kpu.krosno.pl\/kontroler.php?_action=katalog2\/jednostki\/pokazBudynek&amp;bud_kod=KW6a\">Budynek KW6A<\/a><\/strong><br><br><strong>Parter KW6A<\/strong><br>s.2 &#8211; Pok\u00f3j pracownik\u00f3w Zak\u0142adu Piel\u0119gniarstwa<br><a href=\"https:\/\/usos.kpu.krosno.pl\/kontroler.php?_action=katalog2\/jednostki\/pokazSale&amp;sala_id=38\">s.3 &#8211; Sala mikroskopowa<\/a><br><a href=\"https:\/\/usos.kpu.krosno.pl\/kontroler.php?_action=katalog2\/jednostki\/pokazSale&amp;sala_id=39\">s.4 &#8211; Sala historii piel\u0119gniarstwa<\/a><br><a href=\"https:\/\/usos.kpu.krosno.pl\/kontroler.php?_action=katalog2\/jednostki\/pokazSale&amp;sala_id=40\">s.5 &#8211; Sala komputerowa<\/a><br>s.6 &#8211; Pok\u00f3j kierownika Zak\u0142adu Ratownictwa medycznego<br>s.7 &#8211; Pok\u00f3j kierownika Zak\u0142adu Piel\u0119gniarstwa<br>s.8 &#8211; Sekretariat zak\u0142adu Piel\u0119gniarstwa, Po\u0142o\u017cnictwa i Ratownictwa medycznego<br>s.9 &#8211; Pok\u00f3j dyrektora Instytutu Zdrowia<br><br><strong>Pi\u0119tro 1 KW6A<\/strong><br>s.11 &#8211; Pomieszczenie przygotowawcze do zaj\u0119\u0107<br><a href=\"https:\/\/usos.kpu.krosno.pl\/kontroler.php?_action=katalog2\/jednostki\/pokazSale&amp;sala_id=42\">s.12 &#8211; Sala do \u0107wicze\u0144 umiej\u0119tno\u015bci piel\u0119gniarskich<\/a><br><a href=\"https:\/\/usos.kpu.krosno.pl\/kontroler.php?_action=katalog2\/jednostki\/pokazSale&amp;sala_id=179\">s.13 &#8211; Sala symulacji z zakresu ALS<\/a><br>s.14 &#8211; Pomieszczenie kontrolne ( do zaj\u0119\u0107 symulacyjnych wysokiej wierno\u015bci)<br><a href=\"https:\/\/usos.kpu.krosno.pl\/kontroler.php?_action=katalog2\/jednostki\/pokazSale&amp;sala_id=44\">s.15 &#8211; Sala piel\u0119gniarska wysokiej wierno\u015bci <\/a><br><a href=\"https:\/\/usos.kpu.krosno.pl\/kontroler.php?_action=katalog2\/jednostki\/pokazSale&amp;sala_id=45\">s.16 &#8211; Sala nauki umiej\u0119tno\u015bci technicznych<\/a><br><a href=\"https:\/\/usos.kpu.krosno.pl\/kontroler.php?_action=katalog2\/jednostki\/pokazSale&amp;sala_id=181\">s.18 &#8211; Sala symulacji z zakresu BLS (sala do debrifingu)<\/a><br><a href=\"https:\/\/usos.kpu.krosno.pl\/kontroler.php?_action=katalog2\/jednostki\/pokazSale&amp;sala_id=146\">s.19 &#8211; Sala egzaminacyjna OSCE<\/a><br>s.20 &#8211; Pok\u00f3j kierownika i technik\u00f3w CSM<br><br><strong>Pi\u0119tro 2 KW6A<\/strong><br>s.21 &#8211; Magazyn sprz\u0119tu trwa\u0142ego<br><a href=\"https:\/\/usos.kpu.krosno.pl\/kontroler.php?_action=katalog2\/jednostki\/pokazSale&amp;sala_id=48\">s.22 &#8211; Sala ratownictwa medycznego<\/a><br><a href=\"https:\/\/usos.kpu.krosno.pl\/kontroler.php?_action=katalog2\/jednostki\/pokazSale&amp;sala_id=49\">s.23 &#8211; Sala umiej\u0119tno\u015bci technicznych dla po\u0142o\u017cnych<\/a><br>s.24 &#8211; Pok\u00f3j kierownika i pracownik\u00f3w Zak\u0142adu Po\u0142o\u017cnictwa <br><a href=\"https:\/\/usos.kpu.krosno.pl\/kontroler.php?_action=katalog2\/jednostki\/pokazSale&amp;sala_id=50\">s.25 &#8211; Sala umiej\u0119tno\u015bci po\u0142o\u017cniczych<\/a><br><a href=\"https:\/\/usos.kpu.krosno.pl\/kontroler.php?_action=katalog2\/jednostki\/pokazSale&amp;sala_id=51\">s.26 &#8211; Sala porodowa wysokiej wierno\u015bci<\/a><\/p>\n<\/div>\n\n\n\n<div class=\"wp-block-column is-layout-flow wp-block-column-is-layout-flow\">\n<p><strong><a href=\"https:\/\/usos.kpu.krosno.pl\/kontroler.php?_action=katalog2\/jednostki\/pokazBudynek&amp;bud_kod=KW6b\">Budynek KW6B<\/a><\/strong><br><br><strong>Pi\u0119tro -1 KW6B<\/strong><br>s.1 &#8211; Szatnia studencka<br><br><strong>Pi\u0119tro 1 KW6B<\/strong> <br><a href=\"https:\/\/usos.kpu.krosno.pl\/kontroler.php?_action=katalog2\/jednostki\/pokazSale&amp;sala_id=54\">s.11 &#8211; Pracownia z symulatorem karetki\/ Pracownia taktycznego ratownictwa medycznego<\/a><br><a href=\"https:\/\/usos.kpu.krosno.pl\/kontroler.php?_action=katalog2\/jednostki\/pokazSale&amp;sala_id=55\">s.12 &#8211; Sala szpitalnego oddzia\u0142u ratunkowego SOR<\/a><br><a href=\"https:\/\/usos.kpu.krosno.pl\/kontroler.php?_action=katalog2\/jednostki\/pokazSale&amp;sala_id=56\">s.13 &#8211; Sala umiej\u0119tno\u015bci technicznych (Ratownictwo Medyczne)<\/a><br>s.14 &#8211; Pomieszczenie przygotowawcze do zaj\u0119\u0107<br><br><strong>Pi\u0119tro 2 KW6B<\/strong><br><a href=\"https:\/\/usos.kpu.krosno.pl\/kontroler.php?_action=katalog2\/jednostki\/pokazSale&amp;sala_id=57\">s.21 &#8211; Pracownia komputerowa<\/a><br><a href=\"https:\/\/usos.kpu.krosno.pl\/kontroler.php?_action=katalog2\/jednostki\/pokazSale&amp;sala_id=58\">s.22 &#8211; Sala seminaryjna\/\u0107wiczeniowa<\/a><br><a href=\"https:\/\/usos.kpu.krosno.pl\/kontroler.php?_action=katalog2\/jednostki\/pokazSale&amp;sala_id=59\">s.23 &#8211; Sala wyk\u0142adowa<\/a><br><br><strong>Pi\u0119tro 3 KW6B<\/strong><br>s.31 &#8211; Pracownia technik relaksacyjnych<br>s.32 &#8211; Magazyn sprz\u0119tu<\/p>\n\n\n\n<hr class=\"wp-block-separator has-alpha-channel-opacity\" \/>\n\n\n\n<p><strong>Dziedziniec KW6A<\/strong><br><a href=\"https:\/\/usos.kpu.krosno.pl\/kontroler.php?_action=katalog2\/jednostki\/pokazSale&amp;sala_id=217\">Ambulans<\/a><\/p>\n<\/div>\n<\/div>\n<\/div>\n<\/div>\n","protected":false},"excerpt":{"rendered":"<p>Ka\u017cda z sal ma przypisane hiper\u0142\u0105cze kieruj\u0105ce do planu zaj\u0119\u0107 w systemie USOS. Plan graficzny sal CSM Plan graficzny sal KW6A &#8211; Parter Plan graficzny sal KW6A i B &#8211; 1 pi\u0119tro Plan graficzny sal KW6A &#8211; 2 pi\u0119tro Sale wchodz\u0105ce w struktury CSM Budynek KW6A Parter KW6As.2 &#8211; Pok\u00f3j [\u2026] <\/p>\n<div class=\"clear\"><\/div>\n<p><a class=\"more_link clearfix\" href=\"https:\/\/pans.krosno.pl\/csm\/struktura\/\" rel=\"nofollow\">Read More<\/a><\/p>\n","protected":false},"author":27,"featured_media":0,"parent":0,"menu_order":0,"comment_status":"closed","ping_status":"closed","template":"page-templates\/template-full-width.php","meta":{"ngg_post_thumbnail":0,"footnotes":""},"class_list":["post-54","page","type-page","status-publish","hentry"],"yoast_head":"<!-- This site is optimized with the Yoast SEO Premium plugin v27.4 (Yoast SEO v27.4) - https:\/\/yoast.com\/product\/yoast-seo-premium-wordpress\/ -->\n<title>Struktura - Centrum Symulacji Medycznej PANS Krosno<\/title>\n<meta name=\"robots\" content=\"index, follow, max-snippet:-1, max-image-preview:large, max-video-preview:-1\" \/>\n<link rel=\"canonical\" href=\"https:\/\/pans.krosno.pl\/csm\/struktura\/\" \/>\n<meta property=\"og:locale\" content=\"pl_PL\" \/>\n<meta property=\"og:type\" content=\"article\" \/>\n<meta property=\"og:title\" content=\"Struktura\" \/>\n<meta property=\"og:description\" content=\"Ka\u017cda z sal ma przypisane hiper\u0142\u0105cze kieruj\u0105ce do planu zaj\u0119\u0107 w systemie USOS. Plan graficzny sal CSM Plan graficzny sal KW6A &#8211; Parter Plan graficzny sal KW6A i B &#8211; 1 pi\u0119tro Plan graficzny sal KW6A &#8211; 2 pi\u0119tro Sale wchodz\u0105ce w struktury CSM Budynek KW6A Parter KW6As.2 &#8211; Pok\u00f3j [\u2026] Read More\" \/>\n<meta property=\"og:url\" content=\"https:\/\/pans.krosno.pl\/csm\/struktura\/\" \/>\n<meta property=\"og:site_name\" content=\"Centrum Symulacji Medycznej PANS Krosno\" \/>\n<meta property=\"article:publisher\" content=\"https:\/\/www.facebook.com\/StudiaKrosno\/\" \/>\n<meta property=\"article:modified_time\" content=\"2026-01-20T07:27:24+00:00\" \/>\n<meta name=\"twitter:card\" content=\"summary_large_image\" \/>\n<meta name=\"twitter:label1\" content=\"Szacowany czas czytania\" \/>\n\t<meta name=\"twitter:data1\" content=\"2 minuty\" \/>\n<script type=\"application\/ld+json\" class=\"yoast-schema-graph\">{\"@context\":\"https:\\\/\\\/schema.org\",\"@graph\":[{\"@type\":\"WebPage\",\"@id\":\"https:\\\/\\\/pans.krosno.pl\\\/csm\\\/struktura\\\/\",\"url\":\"https:\\\/\\\/pans.krosno.pl\\\/csm\\\/struktura\\\/\",\"name\":\"Struktura - Centrum Symulacji Medycznej PANS Krosno\",\"isPartOf\":{\"@id\":\"https:\\\/\\\/pans.krosno.pl\\\/csm\\\/#website\"},\"datePublished\":\"2024-10-03T08:13:47+00:00\",\"dateModified\":\"2026-01-20T07:27:24+00:00\",\"breadcrumb\":{\"@id\":\"https:\\\/\\\/pans.krosno.pl\\\/csm\\\/struktura\\\/#breadcrumb\"},\"inLanguage\":\"pl-PL\",\"potentialAction\":[{\"@type\":\"ReadAction\",\"target\":[\"https:\\\/\\\/pans.krosno.pl\\\/csm\\\/struktura\\\/\"]}]},{\"@type\":\"BreadcrumbList\",\"@id\":\"https:\\\/\\\/pans.krosno.pl\\\/csm\\\/struktura\\\/#breadcrumb\",\"itemListElement\":[{\"@type\":\"ListItem\",\"position\":1,\"name\":\"Strona g\u0142\u00f3wna\",\"item\":\"https:\\\/\\\/pans.krosno.pl\\\/csm\\\/\"},{\"@type\":\"ListItem\",\"position\":2,\"name\":\"Struktura\"}]},{\"@type\":\"WebSite\",\"@id\":\"https:\\\/\\\/pans.krosno.pl\\\/csm\\\/#website\",\"url\":\"https:\\\/\\\/pans.krosno.pl\\\/csm\\\/\",\"name\":\"PANS w Kro\u015bnie\",\"description\":\"\",\"publisher\":{\"@id\":\"https:\\\/\\\/pans.krosno.pl\\\/csm\\\/#organization\"},\"alternateName\":\"PANS Krosno\",\"potentialAction\":[{\"@type\":\"SearchAction\",\"target\":{\"@type\":\"EntryPoint\",\"urlTemplate\":\"https:\\\/\\\/pans.krosno.pl\\\/csm\\\/?s={search_term_string}\"},\"query-input\":{\"@type\":\"PropertyValueSpecification\",\"valueRequired\":true,\"valueName\":\"search_term_string\"}}],\"inLanguage\":\"pl-PL\"},{\"@type\":\"Organization\",\"@id\":\"https:\\\/\\\/pans.krosno.pl\\\/csm\\\/#organization\",\"name\":\"Pa\u0144stwowa Akademia Nauk Stosowanych w Kro\u015bnie\",\"alternateName\":\"PANS Krosno\",\"url\":\"https:\\\/\\\/pans.krosno.pl\\\/csm\\\/\",\"logo\":{\"@type\":\"ImageObject\",\"inLanguage\":\"pl-PL\",\"@id\":\"https:\\\/\\\/pans.krosno.pl\\\/csm\\\/#\\\/schema\\\/logo\\\/image\\\/\",\"url\":\"https:\\\/\\\/pans.krosno.pl\\\/wp-content\\\/uploads\\\/2023\\\/01\\\/Logo-PANS-2022-pelne-2-scaled.jpg\",\"contentUrl\":\"https:\\\/\\\/pans.krosno.pl\\\/wp-content\\\/uploads\\\/2023\\\/01\\\/Logo-PANS-2022-pelne-2-scaled.jpg\",\"width\":2560,\"height\":576,\"caption\":\"Pa\u0144stwowa Akademia Nauk Stosowanych w Kro\u015bnie\"},\"image\":{\"@id\":\"https:\\\/\\\/pans.krosno.pl\\\/csm\\\/#\\\/schema\\\/logo\\\/image\\\/\"},\"sameAs\":[\"https:\\\/\\\/www.facebook.com\\\/StudiaKrosno\\\/\",\"https:\\\/\\\/www.instagram.com\\\/pans.krosno\\\/\",\"https:\\\/\\\/pl.linkedin.com\\\/company\\\/pwsz-krosno\",\"https:\\\/\\\/www.youtube.com\\\/user\\\/pwszkrosno\\\/\",\"https:\\\/\\\/pl.wikipedia.org\\\/wiki\\\/Pa\u0144stwowa_Wy\u017csza_Szko\u0142a_Zawodowa_im._Stanis\u0142awa_Pigonia_w_Kro\u015bnie\"]}]}<\/script>\n<!-- \/ Yoast SEO Premium plugin. -->","yoast_head_json":{"title":"Struktura - Centrum Symulacji Medycznej PANS Krosno","robots":{"index":"index","follow":"follow","max-snippet":"max-snippet:-1","max-image-preview":"max-image-preview:large","max-video-preview":"max-video-preview:-1"},"canonical":"https:\/\/pans.krosno.pl\/csm\/struktura\/","og_locale":"pl_PL","og_type":"article","og_title":"Struktura","og_description":"Ka\u017cda z sal ma przypisane hiper\u0142\u0105cze kieruj\u0105ce do planu zaj\u0119\u0107 w systemie USOS. Plan graficzny sal CSM Plan graficzny sal KW6A &#8211; Parter Plan graficzny sal KW6A i B &#8211; 1 pi\u0119tro Plan graficzny sal KW6A &#8211; 2 pi\u0119tro Sale wchodz\u0105ce w struktury CSM Budynek KW6A Parter KW6As.2 &#8211; Pok\u00f3j [\u2026] Read More","og_url":"https:\/\/pans.krosno.pl\/csm\/struktura\/","og_site_name":"Centrum Symulacji Medycznej PANS Krosno","article_publisher":"https:\/\/www.facebook.com\/StudiaKrosno\/","article_modified_time":"2026-01-20T07:27:24+00:00","twitter_card":"summary_large_image","twitter_misc":{"Szacowany czas czytania":"2 minuty"},"schema":{"@context":"https:\/\/schema.org","@graph":[{"@type":"WebPage","@id":"https:\/\/pans.krosno.pl\/csm\/struktura\/","url":"https:\/\/pans.krosno.pl\/csm\/struktura\/","name":"Struktura - Centrum Symulacji Medycznej PANS Krosno","isPartOf":{"@id":"https:\/\/pans.krosno.pl\/csm\/#website"},"datePublished":"2024-10-03T08:13:47+00:00","dateModified":"2026-01-20T07:27:24+00:00","breadcrumb":{"@id":"https:\/\/pans.krosno.pl\/csm\/struktura\/#breadcrumb"},"inLanguage":"pl-PL","potentialAction":[{"@type":"ReadAction","target":["https:\/\/pans.krosno.pl\/csm\/struktura\/"]}]},{"@type":"BreadcrumbList","@id":"https:\/\/pans.krosno.pl\/csm\/struktura\/#breadcrumb","itemListElement":[{"@type":"ListItem","position":1,"name":"Strona g\u0142\u00f3wna","item":"https:\/\/pans.krosno.pl\/csm\/"},{"@type":"ListItem","position":2,"name":"Struktura"}]},{"@type":"WebSite","@id":"https:\/\/pans.krosno.pl\/csm\/#website","url":"https:\/\/pans.krosno.pl\/csm\/","name":"PANS w Kro\u015bnie","description":"","publisher":{"@id":"https:\/\/pans.krosno.pl\/csm\/#organization"},"alternateName":"PANS Krosno","potentialAction":[{"@type":"SearchAction","target":{"@type":"EntryPoint","urlTemplate":"https:\/\/pans.krosno.pl\/csm\/?s={search_term_string}"},"query-input":{"@type":"PropertyValueSpecification","valueRequired":true,"valueName":"search_term_string"}}],"inLanguage":"pl-PL"},{"@type":"Organization","@id":"https:\/\/pans.krosno.pl\/csm\/#organization","name":"Pa\u0144stwowa Akademia Nauk Stosowanych w Kro\u015bnie","alternateName":"PANS Krosno","url":"https:\/\/pans.krosno.pl\/csm\/","logo":{"@type":"ImageObject","inLanguage":"pl-PL","@id":"https:\/\/pans.krosno.pl\/csm\/#\/schema\/logo\/image\/","url":"https:\/\/pans.krosno.pl\/wp-content\/uploads\/2023\/01\/Logo-PANS-2022-pelne-2-scaled.jpg","contentUrl":"https:\/\/pans.krosno.pl\/wp-content\/uploads\/2023\/01\/Logo-PANS-2022-pelne-2-scaled.jpg","width":2560,"height":576,"caption":"Pa\u0144stwowa Akademia Nauk Stosowanych w Kro\u015bnie"},"image":{"@id":"https:\/\/pans.krosno.pl\/csm\/#\/schema\/logo\/image\/"},"sameAs":["https:\/\/www.facebook.com\/StudiaKrosno\/","https:\/\/www.instagram.com\/pans.krosno\/","https:\/\/pl.linkedin.com\/company\/pwsz-krosno","https:\/\/www.youtube.com\/user\/pwszkrosno\/","https:\/\/pl.wikipedia.org\/wiki\/Pa\u0144stwowa_Wy\u017csza_Szko\u0142a_Zawodowa_im._Stanis\u0142awa_Pigonia_w_Kro\u015bnie"]}]}},"_links":{"self":[{"href":"https:\/\/pans.krosno.pl\/csm\/wp-json\/wp\/v2\/pages\/54","targetHints":{"allow":["GET"]}}],"collection":[{"href":"https:\/\/pans.krosno.pl\/csm\/wp-json\/wp\/v2\/pages"}],"about":[{"href":"https:\/\/pans.krosno.pl\/csm\/wp-json\/wp\/v2\/types\/page"}],"author":[{"embeddable":true,"href":"https:\/\/pans.krosno.pl\/csm\/wp-json\/wp\/v2\/users\/27"}],"replies":[{"embeddable":true,"href":"https:\/\/pans.krosno.pl\/csm\/wp-json\/wp\/v2\/comments?post=54"}],"version-history":[{"count":27,"href":"https:\/\/pans.krosno.pl\/csm\/wp-json\/wp\/v2\/pages\/54\/revisions"}],"predecessor-version":[{"id":502,"href":"https:\/\/pans.krosno.pl\/csm\/wp-json\/wp\/v2\/pages\/54\/revisions\/502"}],"wp:attachment":[{"href":"https:\/\/pans.krosno.pl\/csm\/wp-json\/wp\/v2\/media?parent=54"}],"curies":[{"name":"wp","href":"https:\/\/api.w.org\/{rel}","templated":true}]}}