{"id":17,"date":"2024-10-03T09:05:27","date_gmt":"2024-10-03T07:05:27","guid":{"rendered":"https:\/\/pans.krosno.pl\/csm\/?page_id=17"},"modified":"2025-10-21T18:11:23","modified_gmt":"2025-10-21T16:11:23","slug":"csm-centrum-symulacji-medycznej","status":"publish","type":"page","link":"https:\/\/pans.krosno.pl\/csm\/csm-centrum-symulacji-medycznej\/","title":{"rendered":""},"content":{"rendered":"\n<p><strong>Centrum Symulacji Medycznej<\/strong> <br>Pa\u0144stwowej Akademii Nauk Stosowanych w Kro\u015bnie<br>ul. Kazimierza Wielkiego 6, 38-400 Krosno<\/p>\n\n\n\n<p><strong>Kierownik Centrum Symulacji Medycznej<\/strong><\/p>\n\n\n\n<ul class=\"wp-block-list\">\n<li><a href=\"https:\/\/pans.krosno.pl\/pracownicy\/edyta-kwilosz\/\">dr n. o zdr. Edyta Kwilosz<\/a><\/li>\n<\/ul>\n\n\n\n<p><strong>Technicy symulacji medycznej<\/strong><\/p>\n\n\n\n<ul class=\"wp-block-list\">\n<li>in\u017c. Piotr Szubra<\/li>\n\n\n\n<li>in\u017c. Ernest \u015ali\u017c<\/li>\n\n\n\n<li>mgr in\u017c. Krzysztof Zima<\/li>\n<\/ul>\n\n\n\n<!--more-->\n\n\n\n<hr class=\"wp-block-separator has-alpha-channel-opacity\" \/>\n\n\n\n<p><em>Centrum symulacji Medycznej PANS w Kro\u015bnie powsta\u0142o w ramach realizacji projektu \u201eInnowacyjne kszta\u0142cenie na kierunku Piel\u0119gniarstwo \u2013 utworzenie Centrum Symulacji Medycznej w PWSZ w Kro\u015bnie nr POWR.05.03.00-00-0076\/17\u201d.<\/em><\/p>\n\n\n\n<p>Pocz\u0105tkowo monoprofilowe, dedykowanej studentom kierunku piel\u0119gniarstwo, a obecnie rozbudowane o sale dedykowane kierunkom &nbsp;po\u0142o\u017cnictwo oraz ratownictwo medyczne, pozwala na kszta\u0142towanie umiej\u0119tno\u015bci niezb\u0119dnych dla wykonywania zawodu piel\u0119gniarki, po\u0142o\u017cnej oraz ratownika medycznego.<\/p>\n\n\n\n<p>Realizacja zaj\u0119\u0107 dydaktycznych w CSM daje studentom nie tylko mo\u017cliwo\u015b\u0107 doskonalenia umiej\u0119tno\u015bci technicznych\/praktycznych, ale tak\u017ce umiej\u0119tno\u015bci z zakresu komunikacji z pacjentem, jego rodzin\u0105 czy wsp\u00f3\u0142pracy w zespole interdyscyplinarnym w otoczeniu zbli\u017conym do warunk\u00f3w rzeczywistych. Scenariusze dostosowane s\u0105 tematycznie do \u015bcie\u017cek przedmiotowych, przedstawiaj\u0105 zr\u00f3\u017cnicowane stany kliniczne pacjent\u00f3w, a symulacje wysokiej wierno\u015bci mog\u0105 dodatkowo by\u0107 wzbogacone o udzia\u0142 w zaj\u0119ciach osoby w roli pacjenta symulowanego\/standaryzowanego z kt\u00f3rym uczelnia zawiera stosown\u0105 umow\u0119.<\/p>\n\n\n\n<p>Wa\u017cn\u0105 cech\u0105 zaj\u0119\u0107 prowadzonych metod\u0105 symulacji jest nauka w warunkach bezpiecznych dla studenta i potencjalnego pacjenta, \u201epod okiem\u201d nauczyciela akademickiego, przeszkolonego do prowadzenia zaj\u0119\u0107 metod\u0105 symulacji medycznej.<\/p>\n\n\n\n<p>Dzi\u0119ki wyposa\u017ceniu sal w system audio-video oraz lustra weneckie, Centrum Symulacji Medycznej jest miejscem odbywania si\u0119 egzamin\u00f3w OSCE oraz egzamin\u00f3w dyplomowych.<\/p>\n\n\n\n<p>Centrum Symulacji to tak\u017ce miejsce odbywania si\u0119 warsztat\u00f3w, pokaz\u00f3w, szkole\u0144, zawod\u00f3w itp. (zapraszamy do zak\u0142adki \u2013 aktualno\u015bci).<\/p>\n\n\n\n<hr class=\"wp-block-separator has-alpha-channel-opacity\" \/>\n\n\n\n<div class=\"wp-block-buttons is-layout-flex wp-block-buttons-is-layout-flex\">\n<div class=\"wp-block-button\"><a class=\"wp-block-button__link has-black-color has-luminous-vivid-amber-background-color has-text-color has-background has-link-color wp-element-button\" href=\"https:\/\/pans.krosno.pl\/pielegniarstwo\/wp-content\/uploads\/sites\/8\/2025\/10\/Regulamin-CSM.pdf\">Regulamin CSM<\/a><\/div>\n\n\n\n<div class=\"wp-block-button\"><a class=\"wp-block-button__link has-black-color has-light-green-cyan-background-color has-text-color has-background has-link-color wp-element-button\" href=\"https:\/\/pans.krosno.pl\/pielegniarstwo\/regulaminy-i-intrukcje-csm\/instrukcja-szyfrowania-szafek-s-1-kw6b-szatnia\/\">Instrukcje CSM<\/a><\/div>\n<\/div>\n\n\n\n<hr class=\"wp-block-separator has-alpha-channel-opacity\" \/>\n","protected":false},"excerpt":{"rendered":"<p>Centrum Symulacji Medycznej Pa\u0144stwowej Akademii Nauk Stosowanych w Kro\u015bnieul. Kazimierza Wielkiego 6, 38-400 Krosno Kierownik Centrum Symulacji Medycznej Technicy symulacji medycznej<\/p>\n","protected":false},"author":27,"featured_media":290,"parent":0,"menu_order":0,"comment_status":"closed","ping_status":"closed","template":"page-templates\/template-full-width.php","meta":{"ngg_post_thumbnail":0,"footnotes":""},"class_list":["post-17","page","type-page","status-publish","has-post-thumbnail","hentry"],"yoast_head":"<!-- This site is optimized with the Yoast SEO Premium plugin v27.4 (Yoast SEO v27.4) - https:\/\/yoast.com\/product\/yoast-seo-premium-wordpress\/ -->\n<title>- Centrum Symulacji Medycznej PANS Krosno<\/title>\n<meta name=\"robots\" content=\"index, follow, max-snippet:-1, max-image-preview:large, max-video-preview:-1\" \/>\n<link rel=\"canonical\" href=\"https:\/\/pans.krosno.pl\/csm\/csm-centrum-symulacji-medycznej\/\" \/>\n<meta property=\"og:locale\" content=\"pl_PL\" \/>\n<meta property=\"og:type\" content=\"article\" \/>\n<meta property=\"og:description\" content=\"Centrum Symulacji Medycznej Pa\u0144stwowej Akademii Nauk Stosowanych w Kro\u015bnieul. Kazimierza Wielkiego 6, 38-400 Krosno Kierownik Centrum Symulacji Medycznej Technicy symulacji medycznej\" \/>\n<meta property=\"og:url\" content=\"https:\/\/pans.krosno.pl\/csm\/csm-centrum-symulacji-medycznej\/\" \/>\n<meta property=\"og:site_name\" content=\"Centrum Symulacji Medycznej PANS Krosno\" \/>\n<meta property=\"article:publisher\" content=\"https:\/\/www.facebook.com\/StudiaKrosno\/\" \/>\n<meta property=\"article:modified_time\" content=\"2025-10-21T16:11:23+00:00\" \/>\n<meta property=\"og:image\" content=\"https:\/\/pans.krosno.pl\/csm\/wp-content\/uploads\/sites\/64\/2024\/12\/Logo-CSM-3.png\" \/>\n\t<meta property=\"og:image:width\" content=\"1171\" \/>\n\t<meta property=\"og:image:height\" content=\"530\" \/>\n\t<meta property=\"og:image:type\" content=\"image\/png\" \/>\n<meta name=\"twitter:card\" content=\"summary_large_image\" \/>\n<meta name=\"twitter:label1\" content=\"Szacowany czas czytania\" \/>\n\t<meta name=\"twitter:data1\" content=\"2 minuty\" \/>\n<script type=\"application\/ld+json\" class=\"yoast-schema-graph\">{\"@context\":\"https:\\\/\\\/schema.org\",\"@graph\":[{\"@type\":\"WebPage\",\"@id\":\"https:\\\/\\\/pans.krosno.pl\\\/csm\\\/csm-centrum-symulacji-medycznej\\\/\",\"url\":\"https:\\\/\\\/pans.krosno.pl\\\/csm\\\/csm-centrum-symulacji-medycznej\\\/\",\"name\":\"- Centrum Symulacji Medycznej PANS Krosno\",\"isPartOf\":{\"@id\":\"https:\\\/\\\/pans.krosno.pl\\\/csm\\\/#website\"},\"primaryImageOfPage\":{\"@id\":\"https:\\\/\\\/pans.krosno.pl\\\/csm\\\/csm-centrum-symulacji-medycznej\\\/#primaryimage\"},\"image\":{\"@id\":\"https:\\\/\\\/pans.krosno.pl\\\/csm\\\/csm-centrum-symulacji-medycznej\\\/#primaryimage\"},\"thumbnailUrl\":\"https:\\\/\\\/pans.krosno.pl\\\/csm\\\/wp-content\\\/uploads\\\/sites\\\/64\\\/2024\\\/12\\\/Logo-CSM-3.png\",\"datePublished\":\"2024-10-03T07:05:27+00:00\",\"dateModified\":\"2025-10-21T16:11:23+00:00\",\"inLanguage\":\"pl-PL\",\"potentialAction\":[{\"@type\":\"ReadAction\",\"target\":[\"https:\\\/\\\/pans.krosno.pl\\\/csm\\\/csm-centrum-symulacji-medycznej\\\/\"]}]},{\"@type\":\"ImageObject\",\"inLanguage\":\"pl-PL\",\"@id\":\"https:\\\/\\\/pans.krosno.pl\\\/csm\\\/csm-centrum-symulacji-medycznej\\\/#primaryimage\",\"url\":\"https:\\\/\\\/pans.krosno.pl\\\/csm\\\/wp-content\\\/uploads\\\/sites\\\/64\\\/2024\\\/12\\\/Logo-CSM-3.png\",\"contentUrl\":\"https:\\\/\\\/pans.krosno.pl\\\/csm\\\/wp-content\\\/uploads\\\/sites\\\/64\\\/2024\\\/12\\\/Logo-CSM-3.png\",\"width\":1171,\"height\":530},{\"@type\":\"WebSite\",\"@id\":\"https:\\\/\\\/pans.krosno.pl\\\/csm\\\/#website\",\"url\":\"https:\\\/\\\/pans.krosno.pl\\\/csm\\\/\",\"name\":\"PANS w Kro\u015bnie\",\"description\":\"\",\"publisher\":{\"@id\":\"https:\\\/\\\/pans.krosno.pl\\\/csm\\\/#organization\"},\"alternateName\":\"PANS Krosno\",\"potentialAction\":[{\"@type\":\"SearchAction\",\"target\":{\"@type\":\"EntryPoint\",\"urlTemplate\":\"https:\\\/\\\/pans.krosno.pl\\\/csm\\\/?s={search_term_string}\"},\"query-input\":{\"@type\":\"PropertyValueSpecification\",\"valueRequired\":true,\"valueName\":\"search_term_string\"}}],\"inLanguage\":\"pl-PL\"},{\"@type\":\"Organization\",\"@id\":\"https:\\\/\\\/pans.krosno.pl\\\/csm\\\/#organization\",\"name\":\"Pa\u0144stwowa Akademia Nauk Stosowanych w Kro\u015bnie\",\"alternateName\":\"PANS Krosno\",\"url\":\"https:\\\/\\\/pans.krosno.pl\\\/csm\\\/\",\"logo\":{\"@type\":\"ImageObject\",\"inLanguage\":\"pl-PL\",\"@id\":\"https:\\\/\\\/pans.krosno.pl\\\/csm\\\/#\\\/schema\\\/logo\\\/image\\\/\",\"url\":\"https:\\\/\\\/pans.krosno.pl\\\/wp-content\\\/uploads\\\/2023\\\/01\\\/Logo-PANS-2022-pelne-2-scaled.jpg\",\"contentUrl\":\"https:\\\/\\\/pans.krosno.pl\\\/wp-content\\\/uploads\\\/2023\\\/01\\\/Logo-PANS-2022-pelne-2-scaled.jpg\",\"width\":2560,\"height\":576,\"caption\":\"Pa\u0144stwowa Akademia Nauk Stosowanych w Kro\u015bnie\"},\"image\":{\"@id\":\"https:\\\/\\\/pans.krosno.pl\\\/csm\\\/#\\\/schema\\\/logo\\\/image\\\/\"},\"sameAs\":[\"https:\\\/\\\/www.facebook.com\\\/StudiaKrosno\\\/\",\"https:\\\/\\\/www.instagram.com\\\/pans.krosno\\\/\",\"https:\\\/\\\/pl.linkedin.com\\\/company\\\/pwsz-krosno\",\"https:\\\/\\\/www.youtube.com\\\/user\\\/pwszkrosno\\\/\",\"https:\\\/\\\/pl.wikipedia.org\\\/wiki\\\/Pa\u0144stwowa_Wy\u017csza_Szko\u0142a_Zawodowa_im._Stanis\u0142awa_Pigonia_w_Kro\u015bnie\"]}]}<\/script>\n<!-- \/ Yoast SEO Premium plugin. -->","yoast_head_json":{"title":"- Centrum Symulacji Medycznej PANS Krosno","robots":{"index":"index","follow":"follow","max-snippet":"max-snippet:-1","max-image-preview":"max-image-preview:large","max-video-preview":"max-video-preview:-1"},"canonical":"https:\/\/pans.krosno.pl\/csm\/csm-centrum-symulacji-medycznej\/","og_locale":"pl_PL","og_type":"article","og_description":"Centrum Symulacji Medycznej Pa\u0144stwowej Akademii Nauk Stosowanych w Kro\u015bnieul. Kazimierza Wielkiego 6, 38-400 Krosno Kierownik Centrum Symulacji Medycznej Technicy symulacji medycznej","og_url":"https:\/\/pans.krosno.pl\/csm\/csm-centrum-symulacji-medycznej\/","og_site_name":"Centrum Symulacji Medycznej PANS Krosno","article_publisher":"https:\/\/www.facebook.com\/StudiaKrosno\/","article_modified_time":"2025-10-21T16:11:23+00:00","og_image":[{"width":1171,"height":530,"url":"https:\/\/pans.krosno.pl\/csm\/wp-content\/uploads\/sites\/64\/2024\/12\/Logo-CSM-3.png","type":"image\/png"}],"twitter_card":"summary_large_image","twitter_misc":{"Szacowany czas czytania":"2 minuty"},"schema":{"@context":"https:\/\/schema.org","@graph":[{"@type":"WebPage","@id":"https:\/\/pans.krosno.pl\/csm\/csm-centrum-symulacji-medycznej\/","url":"https:\/\/pans.krosno.pl\/csm\/csm-centrum-symulacji-medycznej\/","name":"- Centrum Symulacji Medycznej PANS Krosno","isPartOf":{"@id":"https:\/\/pans.krosno.pl\/csm\/#website"},"primaryImageOfPage":{"@id":"https:\/\/pans.krosno.pl\/csm\/csm-centrum-symulacji-medycznej\/#primaryimage"},"image":{"@id":"https:\/\/pans.krosno.pl\/csm\/csm-centrum-symulacji-medycznej\/#primaryimage"},"thumbnailUrl":"https:\/\/pans.krosno.pl\/csm\/wp-content\/uploads\/sites\/64\/2024\/12\/Logo-CSM-3.png","datePublished":"2024-10-03T07:05:27+00:00","dateModified":"2025-10-21T16:11:23+00:00","inLanguage":"pl-PL","potentialAction":[{"@type":"ReadAction","target":["https:\/\/pans.krosno.pl\/csm\/csm-centrum-symulacji-medycznej\/"]}]},{"@type":"ImageObject","inLanguage":"pl-PL","@id":"https:\/\/pans.krosno.pl\/csm\/csm-centrum-symulacji-medycznej\/#primaryimage","url":"https:\/\/pans.krosno.pl\/csm\/wp-content\/uploads\/sites\/64\/2024\/12\/Logo-CSM-3.png","contentUrl":"https:\/\/pans.krosno.pl\/csm\/wp-content\/uploads\/sites\/64\/2024\/12\/Logo-CSM-3.png","width":1171,"height":530},{"@type":"WebSite","@id":"https:\/\/pans.krosno.pl\/csm\/#website","url":"https:\/\/pans.krosno.pl\/csm\/","name":"PANS w Kro\u015bnie","description":"","publisher":{"@id":"https:\/\/pans.krosno.pl\/csm\/#organization"},"alternateName":"PANS Krosno","potentialAction":[{"@type":"SearchAction","target":{"@type":"EntryPoint","urlTemplate":"https:\/\/pans.krosno.pl\/csm\/?s={search_term_string}"},"query-input":{"@type":"PropertyValueSpecification","valueRequired":true,"valueName":"search_term_string"}}],"inLanguage":"pl-PL"},{"@type":"Organization","@id":"https:\/\/pans.krosno.pl\/csm\/#organization","name":"Pa\u0144stwowa Akademia Nauk Stosowanych w Kro\u015bnie","alternateName":"PANS Krosno","url":"https:\/\/pans.krosno.pl\/csm\/","logo":{"@type":"ImageObject","inLanguage":"pl-PL","@id":"https:\/\/pans.krosno.pl\/csm\/#\/schema\/logo\/image\/","url":"https:\/\/pans.krosno.pl\/wp-content\/uploads\/2023\/01\/Logo-PANS-2022-pelne-2-scaled.jpg","contentUrl":"https:\/\/pans.krosno.pl\/wp-content\/uploads\/2023\/01\/Logo-PANS-2022-pelne-2-scaled.jpg","width":2560,"height":576,"caption":"Pa\u0144stwowa Akademia Nauk Stosowanych w Kro\u015bnie"},"image":{"@id":"https:\/\/pans.krosno.pl\/csm\/#\/schema\/logo\/image\/"},"sameAs":["https:\/\/www.facebook.com\/StudiaKrosno\/","https:\/\/www.instagram.com\/pans.krosno\/","https:\/\/pl.linkedin.com\/company\/pwsz-krosno","https:\/\/www.youtube.com\/user\/pwszkrosno\/","https:\/\/pl.wikipedia.org\/wiki\/Pa\u0144stwowa_Wy\u017csza_Szko\u0142a_Zawodowa_im._Stanis\u0142awa_Pigonia_w_Kro\u015bnie"]}]}},"_links":{"self":[{"href":"https:\/\/pans.krosno.pl\/csm\/wp-json\/wp\/v2\/pages\/17","targetHints":{"allow":["GET"]}}],"collection":[{"href":"https:\/\/pans.krosno.pl\/csm\/wp-json\/wp\/v2\/pages"}],"about":[{"href":"https:\/\/pans.krosno.pl\/csm\/wp-json\/wp\/v2\/types\/page"}],"author":[{"embeddable":true,"href":"https:\/\/pans.krosno.pl\/csm\/wp-json\/wp\/v2\/users\/27"}],"replies":[{"embeddable":true,"href":"https:\/\/pans.krosno.pl\/csm\/wp-json\/wp\/v2\/comments?post=17"}],"version-history":[{"count":28,"href":"https:\/\/pans.krosno.pl\/csm\/wp-json\/wp\/v2\/pages\/17\/revisions"}],"predecessor-version":[{"id":479,"href":"https:\/\/pans.krosno.pl\/csm\/wp-json\/wp\/v2\/pages\/17\/revisions\/479"}],"wp:featuredmedia":[{"embeddable":true,"href":"https:\/\/pans.krosno.pl\/csm\/wp-json\/wp\/v2\/media\/290"}],"wp:attachment":[{"href":"https:\/\/pans.krosno.pl\/csm\/wp-json\/wp\/v2\/media?parent=17"}],"curies":[{"name":"wp","href":"https:\/\/api.w.org\/{rel}","templated":true}]}}