{"id":63,"date":"2021-04-22T10:21:26","date_gmt":"2021-04-22T08:21:26","guid":{"rendered":"https:\/\/pans.krosno.pl\/cnap\/?page_id=63"},"modified":"2021-04-22T10:21:42","modified_gmt":"2021-04-22T08:21:42","slug":"aktualnosci","status":"publish","type":"page","link":"https:\/\/pans.krosno.pl\/cnap\/aktualnosci\/","title":{"rendered":"Aktualno\u015bci"},"content":{"rendered":"\n<hr class=\"wp-block-separator\" \/>\n\n\n<ul class=\"wp-block-latest-posts__list wp-block-latest-posts\"><li><div class=\"wp-block-latest-posts__featured-image alignleft\"><img loading=\"lazy\" decoding=\"async\" width=\"150\" height=\"150\" src=\"https:\/\/pans.krosno.pl\/cnap\/wp-content\/uploads\/sites\/56\/2022\/12\/pobierz-150x150.png\" class=\"attachment-thumbnail size-thumbnail wp-post-image\" alt=\"\" style=\"\" srcset=\"https:\/\/pans.krosno.pl\/cnap\/wp-content\/uploads\/sites\/56\/2022\/12\/pobierz-150x150.png 150w, https:\/\/pans.krosno.pl\/cnap\/wp-content\/uploads\/sites\/56\/2022\/12\/pobierz-80x80.png 80w\" sizes=\"auto, (max-width: 150px) 100vw, 150px\" \/><\/div><a class=\"wp-block-latest-posts__post-title\" href=\"https:\/\/pans.krosno.pl\/cnap\/2022\/12\/01\/cisco-certified-network-associate-v7\/\">Cisco Certified Network Associate v7<\/a><div class=\"wp-block-latest-posts__post-excerpt\">Najnowszy kurs CCNA w wersji 7 (ju\u017c bez dodatku R&amp;S na ko\u0144cu w nazwie) wprowadza\u00a0szereg zmian\u00a0i jak si\u0119 okazuje dotycz\u0105 one nie tylko samego programu szkolenia, ale r\u00f3wnie\u017c jego\u00a0organizacji. Kurs CCNA v7 podzielony jest na\u00a0trzy cz\u0119\u015bci, w przeciwie\u0144stwie do dotychczasowego kursu CCNA R&amp;S, kt\u00f3ry sk\u0142ada\u0142 si\u0119 z czterech cz\u0119\u015bci. 1. INTRODUCTION TO NETWORKS: Liczba godzin lekcyjnych: 40Forma zaj\u0119\u0107: zaj\u0119cia laboratoryjneZaliczenie: ocena z egzaminu testowego (z wag\u0105 0.4), praktycznego (z wag\u0105 0.4) oraz wynik\u00f3w [\u2026] <div class=\"clear\"><\/div><a class=\"more_link clearfix\" href=\"https:\/\/pans.krosno.pl\/cnap\/2022\/12\/01\/cisco-certified-network-associate-v7\/\" rel=\"nofollow\">Read More<\/a><\/div><\/li>\n<li><div class=\"wp-block-latest-posts__featured-image alignleft\"><img loading=\"lazy\" decoding=\"async\" width=\"150\" height=\"150\" src=\"https:\/\/pans.krosno.pl\/cnap\/wp-content\/uploads\/sites\/56\/2021\/04\/image-1-150x150.png\" class=\"attachment-thumbnail size-thumbnail wp-post-image\" alt=\"\" style=\"\" srcset=\"https:\/\/pans.krosno.pl\/cnap\/wp-content\/uploads\/sites\/56\/2021\/04\/image-1-150x150.png 150w, https:\/\/pans.krosno.pl\/cnap\/wp-content\/uploads\/sites\/56\/2021\/04\/image-1-80x80.png 80w\" sizes=\"auto, (max-width: 150px) 100vw, 150px\" \/><\/div><a class=\"wp-block-latest-posts__post-title\" href=\"https:\/\/pans.krosno.pl\/cnap\/2022\/05\/27\/nowa-sciezka-ccna-cyber-ops-certification\/\">Nowa kurs CCNA CyberOps Associate dost\u0119pny w ramach Akademii.<\/a><div class=\"wp-block-latest-posts__post-excerpt\">Mi\u0142o nam poinformowa\u0107, \u017ce w ofercie naszej Akademii pojawi\u0142 si\u0119 kurs dotycz\u0105cy zagadnie\u0144 cyberbezpiecze\u0144stwa Zaj\u0119cia prowadzone s\u0105 wed\u0142ug&nbsp;autorskich&nbsp;materia\u0142\u00f3w, poszerzaj\u0105cych zagadnienia prezentowane przez sam kurs, kt\u00f3rych dodatkowe elementy zosta\u0142y dobrane przez naszych instruktor\u00f3w na podstawie w\u0142asnych do\u015bwiadcze\u0144. Wi\u0119cej informacji dost\u0119pnych na stronie: Learn To Uncover Threats With CCNA Cybersecurity Operations | Networking Academy (netacad.com) Tematyka zaj\u0119\u0107 Cisco Certified CyberOps Associate Podczas zaj\u0119\u0107 poruszone zostan\u0105 \u2013 mi\u0119dzy innymi \u2013 nast\u0119puj\u0105ce problemy: Tematy zaj\u0119\u0107 (zgodne z [\u2026] <div class=\"clear\"><\/div><a class=\"more_link clearfix\" href=\"https:\/\/pans.krosno.pl\/cnap\/2022\/05\/27\/nowa-sciezka-ccna-cyber-ops-certification\/\" rel=\"nofollow\">Read More<\/a><\/div><\/li>\n<li><div class=\"wp-block-latest-posts__featured-image alignleft\"><img loading=\"lazy\" decoding=\"async\" width=\"150\" height=\"150\" src=\"https:\/\/pans.krosno.pl\/cnap\/wp-content\/uploads\/sites\/56\/2021\/04\/image-2-150x150.png\" class=\"attachment-thumbnail size-thumbnail wp-post-image\" alt=\"\" style=\"\" srcset=\"https:\/\/pans.krosno.pl\/cnap\/wp-content\/uploads\/sites\/56\/2021\/04\/image-2-150x150.png 150w, https:\/\/pans.krosno.pl\/cnap\/wp-content\/uploads\/sites\/56\/2021\/04\/image-2-80x80.png 80w\" sizes=\"auto, (max-width: 150px) 100vw, 150px\" \/><\/div><a class=\"wp-block-latest-posts__post-title\" href=\"https:\/\/pans.krosno.pl\/cnap\/2015\/04\/22\/certyfikat\/\">Certyfikat<\/a><div class=\"wp-block-latest-posts__post-excerpt\">Mo\u017cemy si\u0119 ju\u017c poszczyci\u0107 d\u0142ugoletnim do\u015bwiadczeniem, czego potwierdzeniem jest poni\u017cszy certyfikat:<\/div><\/li>\n<li><div class=\"wp-block-latest-posts__featured-image alignleft\"><img loading=\"lazy\" decoding=\"async\" width=\"150\" height=\"150\" src=\"https:\/\/pans.krosno.pl\/cnap\/wp-content\/uploads\/sites\/56\/2021\/04\/ccnanew-150x150.png\" class=\"attachment-thumbnail size-thumbnail wp-post-image\" alt=\"\" style=\"\" srcset=\"https:\/\/pans.krosno.pl\/cnap\/wp-content\/uploads\/sites\/56\/2021\/04\/ccnanew-150x150.png 150w, https:\/\/pans.krosno.pl\/cnap\/wp-content\/uploads\/sites\/56\/2021\/04\/ccnanew-80x80.png 80w\" sizes=\"auto, (max-width: 150px) 100vw, 150px\" \/><\/div><a class=\"wp-block-latest-posts__post-title\" href=\"https:\/\/pans.krosno.pl\/cnap\/2015\/04\/22\/connecting-networks\/\">Connecting Networks<\/a><div class=\"wp-block-latest-posts__post-excerpt\">W chwili obecnej prowadzimy kursy jedynie w oparciu o najnowsz\u0105 wersj\u0119 \u015bcie\u017cki certyfikacyjnej, tj. CCNA Routing and Switching (wersja 6.0)<\/div><\/li>\n<li><div class=\"wp-block-latest-posts__featured-image alignleft\"><img loading=\"lazy\" decoding=\"async\" width=\"150\" height=\"150\" src=\"https:\/\/pans.krosno.pl\/cnap\/wp-content\/uploads\/sites\/56\/2021\/04\/image-3-150x150.png\" class=\"attachment-thumbnail size-thumbnail wp-post-image\" alt=\"\" style=\"\" srcset=\"https:\/\/pans.krosno.pl\/cnap\/wp-content\/uploads\/sites\/56\/2021\/04\/image-3-150x150.png 150w, https:\/\/pans.krosno.pl\/cnap\/wp-content\/uploads\/sites\/56\/2021\/04\/image-3-80x80.png 80w\" sizes=\"auto, (max-width: 150px) 100vw, 150px\" \/><\/div><a class=\"wp-block-latest-posts__post-title\" href=\"https:\/\/pans.krosno.pl\/cnap\/2015\/01\/22\/kurs-ccna-exploration\/\">Kurs CCNA Exploration<\/a><div class=\"wp-block-latest-posts__post-excerpt\">Aby zarejestrowa\u0107 si\u0119 na kurs Cisco nale\u017cy: wype\u0142ni\u0107&nbsp;kart\u0119 zg\u0142oszeniow\u0105&nbsp;i przes\u0142a\u0107 j\u0105 na adres e-mail:&nbsp;cnap@pwsz.krosno.pl dostarczy\u0107 do wgl\u0105du odcinek potwierdzaj\u0105cy dokonanie op\u0142aty za dany semestr szkoleniaDow\u00f3d wp\u0142aty nalezy dostarczy\u0107 po informacji, \u017ce jest odpowiednia liczba uczestnik\u00f3w i kurs si\u0119 rozpocznie dane odno\u015bnie konta zostan\u0105 przekazane na spotkaniu organizacyjnym po utworzeniu grupy. przedstawi\u0107 osobi\u015bcie lub przes\u0142a\u0107 kopi\u0119 tego odcinka.<\/div><\/li>\n<\/ul>","protected":false},"excerpt":{"rendered":"","protected":false},"author":27,"featured_media":0,"parent":0,"menu_order":0,"comment_status":"closed","ping_status":"closed","template":"page-templates\/template-full-width.php","meta":{"ngg_post_thumbnail":0,"footnotes":""},"class_list":["post-63","page","type-page","status-publish","hentry"],"yoast_head":"<!-- This site is optimized with the Yoast SEO Premium plugin v27.4 (Yoast SEO v27.4) - https:\/\/yoast.com\/product\/yoast-seo-premium-wordpress\/ -->\n<title>Aktualno\u015bci - Akademia CISCO przy PANS w Kro\u015bnie<\/title>\n<meta name=\"robots\" content=\"index, follow, max-snippet:-1, max-image-preview:large, max-video-preview:-1\" \/>\n<link rel=\"canonical\" href=\"https:\/\/pans.krosno.pl\/cnap\/aktualnosci\/\" \/>\n<meta property=\"og:locale\" content=\"pl_PL\" \/>\n<meta property=\"og:type\" content=\"article\" \/>\n<meta property=\"og:title\" content=\"Aktualno\u015bci\" \/>\n<meta property=\"og:url\" content=\"https:\/\/pans.krosno.pl\/cnap\/aktualnosci\/\" \/>\n<meta property=\"og:site_name\" content=\"Akademia CISCO przy PANS w Kro\u015bnie\" \/>\n<meta property=\"article:publisher\" content=\"https:\/\/www.facebook.com\/StudiaKrosno\/\" \/>\n<meta property=\"article:modified_time\" content=\"2021-04-22T08:21:42+00:00\" \/>\n<meta name=\"twitter:card\" content=\"summary_large_image\" \/>\n<script type=\"application\/ld+json\" class=\"yoast-schema-graph\">{\"@context\":\"https:\\\/\\\/schema.org\",\"@graph\":[{\"@type\":\"WebPage\",\"@id\":\"https:\\\/\\\/pans.krosno.pl\\\/cnap\\\/aktualnosci\\\/\",\"url\":\"https:\\\/\\\/pans.krosno.pl\\\/cnap\\\/aktualnosci\\\/\",\"name\":\"Aktualno\u015bci - Akademia CISCO przy PANS w Kro\u015bnie\",\"isPartOf\":{\"@id\":\"https:\\\/\\\/pans.krosno.pl\\\/cnap\\\/#website\"},\"datePublished\":\"2021-04-22T08:21:26+00:00\",\"dateModified\":\"2021-04-22T08:21:42+00:00\",\"breadcrumb\":{\"@id\":\"https:\\\/\\\/pans.krosno.pl\\\/cnap\\\/aktualnosci\\\/#breadcrumb\"},\"inLanguage\":\"pl-PL\",\"potentialAction\":[{\"@type\":\"ReadAction\",\"target\":[\"https:\\\/\\\/pans.krosno.pl\\\/cnap\\\/aktualnosci\\\/\"]}]},{\"@type\":\"BreadcrumbList\",\"@id\":\"https:\\\/\\\/pans.krosno.pl\\\/cnap\\\/aktualnosci\\\/#breadcrumb\",\"itemListElement\":[{\"@type\":\"ListItem\",\"position\":1,\"name\":\"Strona g\u0142\u00f3wna\",\"item\":\"https:\\\/\\\/pans.krosno.pl\\\/cnap\\\/\"},{\"@type\":\"ListItem\",\"position\":2,\"name\":\"Aktualno\u015bci\"}]},{\"@type\":\"WebSite\",\"@id\":\"https:\\\/\\\/pans.krosno.pl\\\/cnap\\\/#website\",\"url\":\"https:\\\/\\\/pans.krosno.pl\\\/cnap\\\/\",\"name\":\"Akademia CISCO\",\"description\":\"Akademia CISCO - Pa\u0144stwowa Akademia Nauk Stosowanych\",\"publisher\":{\"@id\":\"https:\\\/\\\/pans.krosno.pl\\\/cnap\\\/#organization\"},\"potentialAction\":[{\"@type\":\"SearchAction\",\"target\":{\"@type\":\"EntryPoint\",\"urlTemplate\":\"https:\\\/\\\/pans.krosno.pl\\\/cnap\\\/?s={search_term_string}\"},\"query-input\":{\"@type\":\"PropertyValueSpecification\",\"valueRequired\":true,\"valueName\":\"search_term_string\"}}],\"inLanguage\":\"pl-PL\"},{\"@type\":\"Organization\",\"@id\":\"https:\\\/\\\/pans.krosno.pl\\\/cnap\\\/#organization\",\"name\":\"Akademia CISCO przy Karpackiej Pa\u0144stwowej Uczelni w Kro\u015bnie\",\"url\":\"https:\\\/\\\/pans.krosno.pl\\\/cnap\\\/\",\"logo\":{\"@type\":\"ImageObject\",\"inLanguage\":\"pl-PL\",\"@id\":\"https:\\\/\\\/pans.krosno.pl\\\/cnap\\\/#\\\/schema\\\/logo\\\/image\\\/\",\"url\":\"\",\"contentUrl\":\"\",\"caption\":\"Akademia CISCO przy Karpackiej Pa\u0144stwowej Uczelni w Kro\u015bnie\"},\"image\":{\"@id\":\"https:\\\/\\\/pans.krosno.pl\\\/cnap\\\/#\\\/schema\\\/logo\\\/image\\\/\"},\"sameAs\":[\"https:\\\/\\\/www.facebook.com\\\/StudiaKrosno\\\/\",\"https:\\\/\\\/www.instagram.com\\\/studia.krosno\",\"https:\\\/\\\/pl.linkedin.com\\\/company\\\/pwsz-krosno\",\"https:\\\/\\\/www.youtube.com\\\/user\\\/pwszkrosno\\\/\",\"https:\\\/\\\/pl.wikipedia.org\\\/wiki\\\/Pa\u0144stwowa_Wy\u017csza_Szko\u0142a_Zawodowa_im._Stanis\u0142awa_Pigonia_w_Kro\u015bnie\"]}]}<\/script>\n<!-- \/ Yoast SEO Premium plugin. -->","yoast_head_json":{"title":"Aktualno\u015bci - Akademia CISCO przy PANS w Kro\u015bnie","robots":{"index":"index","follow":"follow","max-snippet":"max-snippet:-1","max-image-preview":"max-image-preview:large","max-video-preview":"max-video-preview:-1"},"canonical":"https:\/\/pans.krosno.pl\/cnap\/aktualnosci\/","og_locale":"pl_PL","og_type":"article","og_title":"Aktualno\u015bci","og_url":"https:\/\/pans.krosno.pl\/cnap\/aktualnosci\/","og_site_name":"Akademia CISCO przy PANS w Kro\u015bnie","article_publisher":"https:\/\/www.facebook.com\/StudiaKrosno\/","article_modified_time":"2021-04-22T08:21:42+00:00","twitter_card":"summary_large_image","schema":{"@context":"https:\/\/schema.org","@graph":[{"@type":"WebPage","@id":"https:\/\/pans.krosno.pl\/cnap\/aktualnosci\/","url":"https:\/\/pans.krosno.pl\/cnap\/aktualnosci\/","name":"Aktualno\u015bci - Akademia CISCO przy PANS w Kro\u015bnie","isPartOf":{"@id":"https:\/\/pans.krosno.pl\/cnap\/#website"},"datePublished":"2021-04-22T08:21:26+00:00","dateModified":"2021-04-22T08:21:42+00:00","breadcrumb":{"@id":"https:\/\/pans.krosno.pl\/cnap\/aktualnosci\/#breadcrumb"},"inLanguage":"pl-PL","potentialAction":[{"@type":"ReadAction","target":["https:\/\/pans.krosno.pl\/cnap\/aktualnosci\/"]}]},{"@type":"BreadcrumbList","@id":"https:\/\/pans.krosno.pl\/cnap\/aktualnosci\/#breadcrumb","itemListElement":[{"@type":"ListItem","position":1,"name":"Strona g\u0142\u00f3wna","item":"https:\/\/pans.krosno.pl\/cnap\/"},{"@type":"ListItem","position":2,"name":"Aktualno\u015bci"}]},{"@type":"WebSite","@id":"https:\/\/pans.krosno.pl\/cnap\/#website","url":"https:\/\/pans.krosno.pl\/cnap\/","name":"Akademia CISCO","description":"Akademia CISCO - Pa\u0144stwowa Akademia Nauk Stosowanych","publisher":{"@id":"https:\/\/pans.krosno.pl\/cnap\/#organization"},"potentialAction":[{"@type":"SearchAction","target":{"@type":"EntryPoint","urlTemplate":"https:\/\/pans.krosno.pl\/cnap\/?s={search_term_string}"},"query-input":{"@type":"PropertyValueSpecification","valueRequired":true,"valueName":"search_term_string"}}],"inLanguage":"pl-PL"},{"@type":"Organization","@id":"https:\/\/pans.krosno.pl\/cnap\/#organization","name":"Akademia CISCO przy Karpackiej Pa\u0144stwowej Uczelni w Kro\u015bnie","url":"https:\/\/pans.krosno.pl\/cnap\/","logo":{"@type":"ImageObject","inLanguage":"pl-PL","@id":"https:\/\/pans.krosno.pl\/cnap\/#\/schema\/logo\/image\/","url":"","contentUrl":"","caption":"Akademia CISCO przy Karpackiej Pa\u0144stwowej Uczelni w Kro\u015bnie"},"image":{"@id":"https:\/\/pans.krosno.pl\/cnap\/#\/schema\/logo\/image\/"},"sameAs":["https:\/\/www.facebook.com\/StudiaKrosno\/","https:\/\/www.instagram.com\/studia.krosno","https:\/\/pl.linkedin.com\/company\/pwsz-krosno","https:\/\/www.youtube.com\/user\/pwszkrosno\/","https:\/\/pl.wikipedia.org\/wiki\/Pa\u0144stwowa_Wy\u017csza_Szko\u0142a_Zawodowa_im._Stanis\u0142awa_Pigonia_w_Kro\u015bnie"]}]}},"_links":{"self":[{"href":"https:\/\/pans.krosno.pl\/cnap\/wp-json\/wp\/v2\/pages\/63","targetHints":{"allow":["GET"]}}],"collection":[{"href":"https:\/\/pans.krosno.pl\/cnap\/wp-json\/wp\/v2\/pages"}],"about":[{"href":"https:\/\/pans.krosno.pl\/cnap\/wp-json\/wp\/v2\/types\/page"}],"author":[{"embeddable":true,"href":"https:\/\/pans.krosno.pl\/cnap\/wp-json\/wp\/v2\/users\/27"}],"replies":[{"embeddable":true,"href":"https:\/\/pans.krosno.pl\/cnap\/wp-json\/wp\/v2\/comments?post=63"}],"version-history":[{"count":1,"href":"https:\/\/pans.krosno.pl\/cnap\/wp-json\/wp\/v2\/pages\/63\/revisions"}],"predecessor-version":[{"id":64,"href":"https:\/\/pans.krosno.pl\/cnap\/wp-json\/wp\/v2\/pages\/63\/revisions\/64"}],"wp:attachment":[{"href":"https:\/\/pans.krosno.pl\/cnap\/wp-json\/wp\/v2\/media?parent=63"}],"curies":[{"name":"wp","href":"https:\/\/api.w.org\/{rel}","templated":true}]}}