{"id":46,"date":"2021-04-22T09:56:38","date_gmt":"2021-04-22T07:56:38","guid":{"rendered":"https:\/\/pans.krosno.pl\/cnap\/?page_id=46"},"modified":"2023-05-30T11:08:12","modified_gmt":"2023-05-30T09:08:12","slug":"kontakt","status":"publish","type":"page","link":"https:\/\/pans.krosno.pl\/cnap\/kontakt\/","title":{"rendered":"Kontakt"},"content":{"rendered":"\n<p><strong>Pa\u0144stwowa Akademia Nauk Stosowanych w Kro\u015bnie Zak\u0142ad Informatyki<\/strong><\/p>\n\n\n\n<p>ul.Wyspia\u0144skiego 20, sala 101A<\/p>\n\n\n\n<p>38-400 Krosno<\/p>\n\n\n\n<p>tel. (013) 437 55 70.<\/p>\n\n\n\n<p>email:&nbsp;<a href=\"mailto:cnap@pwsz.krosno.pl\">cnap@pwsz.krosno.pl<\/a><\/p>\n","protected":false},"excerpt":{"rendered":"<p>Pa\u0144stwowa Akademia Nauk Stosowanych w Kro\u015bnie Zak\u0142ad Informatyki ul.Wyspia\u0144skiego 20, sala 101A 38-400 Krosno tel. (013) 437 55 70. email:&nbsp;cnap@pwsz.krosno.pl<\/p>\n","protected":false},"author":27,"featured_media":0,"parent":0,"menu_order":0,"comment_status":"closed","ping_status":"closed","template":"page-templates\/template-full-width.php","meta":{"ngg_post_thumbnail":0,"footnotes":""},"class_list":["post-46","page","type-page","status-publish","hentry"],"yoast_head":"<!-- This site is optimized with the Yoast SEO Premium plugin v27.3 (Yoast SEO v27.3) - https:\/\/yoast.com\/product\/yoast-seo-premium-wordpress\/ -->\n<title>Kontakt - Akademia CISCO przy PANS w Kro\u015bnie<\/title>\n<meta name=\"robots\" content=\"index, follow, max-snippet:-1, max-image-preview:large, max-video-preview:-1\" \/>\n<link rel=\"canonical\" href=\"https:\/\/pans.krosno.pl\/cnap\/kontakt\/\" \/>\n<meta property=\"og:locale\" content=\"pl_PL\" \/>\n<meta property=\"og:type\" content=\"article\" \/>\n<meta property=\"og:title\" content=\"Kontakt\" \/>\n<meta property=\"og:description\" content=\"Pa\u0144stwowa Akademia Nauk Stosowanych w Kro\u015bnie Zak\u0142ad Informatyki ul.Wyspia\u0144skiego 20, sala 101A 38-400 Krosno tel. (013) 437 55 70. email:&nbsp;cnap@pwsz.krosno.pl\" \/>\n<meta property=\"og:url\" content=\"https:\/\/pans.krosno.pl\/cnap\/kontakt\/\" \/>\n<meta property=\"og:site_name\" content=\"Akademia CISCO przy PANS w Kro\u015bnie\" \/>\n<meta property=\"article:publisher\" content=\"https:\/\/www.facebook.com\/StudiaKrosno\/\" \/>\n<meta property=\"article:modified_time\" content=\"2023-05-30T09:08:12+00:00\" \/>\n<meta name=\"twitter:card\" content=\"summary_large_image\" \/>\n<meta name=\"twitter:label1\" content=\"Szacowany czas czytania\" \/>\n\t<meta name=\"twitter:data1\" content=\"1 minuta\" \/>\n<script type=\"application\/ld+json\" class=\"yoast-schema-graph\">{\"@context\":\"https:\\\/\\\/schema.org\",\"@graph\":[{\"@type\":\"WebPage\",\"@id\":\"https:\\\/\\\/pans.krosno.pl\\\/cnap\\\/kontakt\\\/\",\"url\":\"https:\\\/\\\/pans.krosno.pl\\\/cnap\\\/kontakt\\\/\",\"name\":\"Kontakt - Akademia CISCO przy PANS w Kro\u015bnie\",\"isPartOf\":{\"@id\":\"https:\\\/\\\/pans.krosno.pl\\\/cnap\\\/#website\"},\"datePublished\":\"2021-04-22T07:56:38+00:00\",\"dateModified\":\"2023-05-30T09:08:12+00:00\",\"breadcrumb\":{\"@id\":\"https:\\\/\\\/pans.krosno.pl\\\/cnap\\\/kontakt\\\/#breadcrumb\"},\"inLanguage\":\"pl-PL\",\"potentialAction\":[{\"@type\":\"ReadAction\",\"target\":[\"https:\\\/\\\/pans.krosno.pl\\\/cnap\\\/kontakt\\\/\"]}]},{\"@type\":\"BreadcrumbList\",\"@id\":\"https:\\\/\\\/pans.krosno.pl\\\/cnap\\\/kontakt\\\/#breadcrumb\",\"itemListElement\":[{\"@type\":\"ListItem\",\"position\":1,\"name\":\"Strona g\u0142\u00f3wna\",\"item\":\"https:\\\/\\\/pans.krosno.pl\\\/cnap\\\/\"},{\"@type\":\"ListItem\",\"position\":2,\"name\":\"Kontakt\"}]},{\"@type\":\"WebSite\",\"@id\":\"https:\\\/\\\/pans.krosno.pl\\\/cnap\\\/#website\",\"url\":\"https:\\\/\\\/pans.krosno.pl\\\/cnap\\\/\",\"name\":\"Akademia CISCO\",\"description\":\"Akademia CISCO - Pa\u0144stwowa Akademia Nauk Stosowanych\",\"publisher\":{\"@id\":\"https:\\\/\\\/pans.krosno.pl\\\/cnap\\\/#organization\"},\"potentialAction\":[{\"@type\":\"SearchAction\",\"target\":{\"@type\":\"EntryPoint\",\"urlTemplate\":\"https:\\\/\\\/pans.krosno.pl\\\/cnap\\\/?s={search_term_string}\"},\"query-input\":{\"@type\":\"PropertyValueSpecification\",\"valueRequired\":true,\"valueName\":\"search_term_string\"}}],\"inLanguage\":\"pl-PL\"},{\"@type\":\"Organization\",\"@id\":\"https:\\\/\\\/pans.krosno.pl\\\/cnap\\\/#organization\",\"name\":\"Akademia CISCO przy Karpackiej Pa\u0144stwowej Uczelni w Kro\u015bnie\",\"url\":\"https:\\\/\\\/pans.krosno.pl\\\/cnap\\\/\",\"logo\":{\"@type\":\"ImageObject\",\"inLanguage\":\"pl-PL\",\"@id\":\"https:\\\/\\\/pans.krosno.pl\\\/cnap\\\/#\\\/schema\\\/logo\\\/image\\\/\",\"url\":\"\",\"contentUrl\":\"\",\"caption\":\"Akademia CISCO przy Karpackiej Pa\u0144stwowej Uczelni w Kro\u015bnie\"},\"image\":{\"@id\":\"https:\\\/\\\/pans.krosno.pl\\\/cnap\\\/#\\\/schema\\\/logo\\\/image\\\/\"},\"sameAs\":[\"https:\\\/\\\/www.facebook.com\\\/StudiaKrosno\\\/\",\"https:\\\/\\\/www.instagram.com\\\/studia.krosno\",\"https:\\\/\\\/pl.linkedin.com\\\/company\\\/pwsz-krosno\",\"https:\\\/\\\/www.youtube.com\\\/user\\\/pwszkrosno\\\/\",\"https:\\\/\\\/pl.wikipedia.org\\\/wiki\\\/Pa\u0144stwowa_Wy\u017csza_Szko\u0142a_Zawodowa_im._Stanis\u0142awa_Pigonia_w_Kro\u015bnie\"]}]}<\/script>\n<!-- \/ Yoast SEO Premium plugin. -->","yoast_head_json":{"title":"Kontakt - Akademia CISCO przy PANS w Kro\u015bnie","robots":{"index":"index","follow":"follow","max-snippet":"max-snippet:-1","max-image-preview":"max-image-preview:large","max-video-preview":"max-video-preview:-1"},"canonical":"https:\/\/pans.krosno.pl\/cnap\/kontakt\/","og_locale":"pl_PL","og_type":"article","og_title":"Kontakt","og_description":"Pa\u0144stwowa Akademia Nauk Stosowanych w Kro\u015bnie Zak\u0142ad Informatyki ul.Wyspia\u0144skiego 20, sala 101A 38-400 Krosno tel. (013) 437 55 70. email:&nbsp;cnap@pwsz.krosno.pl","og_url":"https:\/\/pans.krosno.pl\/cnap\/kontakt\/","og_site_name":"Akademia CISCO przy PANS w Kro\u015bnie","article_publisher":"https:\/\/www.facebook.com\/StudiaKrosno\/","article_modified_time":"2023-05-30T09:08:12+00:00","twitter_card":"summary_large_image","twitter_misc":{"Szacowany czas czytania":"1 minuta"},"schema":{"@context":"https:\/\/schema.org","@graph":[{"@type":"WebPage","@id":"https:\/\/pans.krosno.pl\/cnap\/kontakt\/","url":"https:\/\/pans.krosno.pl\/cnap\/kontakt\/","name":"Kontakt - Akademia CISCO przy PANS w Kro\u015bnie","isPartOf":{"@id":"https:\/\/pans.krosno.pl\/cnap\/#website"},"datePublished":"2021-04-22T07:56:38+00:00","dateModified":"2023-05-30T09:08:12+00:00","breadcrumb":{"@id":"https:\/\/pans.krosno.pl\/cnap\/kontakt\/#breadcrumb"},"inLanguage":"pl-PL","potentialAction":[{"@type":"ReadAction","target":["https:\/\/pans.krosno.pl\/cnap\/kontakt\/"]}]},{"@type":"BreadcrumbList","@id":"https:\/\/pans.krosno.pl\/cnap\/kontakt\/#breadcrumb","itemListElement":[{"@type":"ListItem","position":1,"name":"Strona g\u0142\u00f3wna","item":"https:\/\/pans.krosno.pl\/cnap\/"},{"@type":"ListItem","position":2,"name":"Kontakt"}]},{"@type":"WebSite","@id":"https:\/\/pans.krosno.pl\/cnap\/#website","url":"https:\/\/pans.krosno.pl\/cnap\/","name":"Akademia CISCO","description":"Akademia CISCO - Pa\u0144stwowa Akademia Nauk Stosowanych","publisher":{"@id":"https:\/\/pans.krosno.pl\/cnap\/#organization"},"potentialAction":[{"@type":"SearchAction","target":{"@type":"EntryPoint","urlTemplate":"https:\/\/pans.krosno.pl\/cnap\/?s={search_term_string}"},"query-input":{"@type":"PropertyValueSpecification","valueRequired":true,"valueName":"search_term_string"}}],"inLanguage":"pl-PL"},{"@type":"Organization","@id":"https:\/\/pans.krosno.pl\/cnap\/#organization","name":"Akademia CISCO przy Karpackiej Pa\u0144stwowej Uczelni w Kro\u015bnie","url":"https:\/\/pans.krosno.pl\/cnap\/","logo":{"@type":"ImageObject","inLanguage":"pl-PL","@id":"https:\/\/pans.krosno.pl\/cnap\/#\/schema\/logo\/image\/","url":"","contentUrl":"","caption":"Akademia CISCO przy Karpackiej Pa\u0144stwowej Uczelni w Kro\u015bnie"},"image":{"@id":"https:\/\/pans.krosno.pl\/cnap\/#\/schema\/logo\/image\/"},"sameAs":["https:\/\/www.facebook.com\/StudiaKrosno\/","https:\/\/www.instagram.com\/studia.krosno","https:\/\/pl.linkedin.com\/company\/pwsz-krosno","https:\/\/www.youtube.com\/user\/pwszkrosno\/","https:\/\/pl.wikipedia.org\/wiki\/Pa\u0144stwowa_Wy\u017csza_Szko\u0142a_Zawodowa_im._Stanis\u0142awa_Pigonia_w_Kro\u015bnie"]}]}},"_links":{"self":[{"href":"https:\/\/pans.krosno.pl\/cnap\/wp-json\/wp\/v2\/pages\/46","targetHints":{"allow":["GET"]}}],"collection":[{"href":"https:\/\/pans.krosno.pl\/cnap\/wp-json\/wp\/v2\/pages"}],"about":[{"href":"https:\/\/pans.krosno.pl\/cnap\/wp-json\/wp\/v2\/types\/page"}],"author":[{"embeddable":true,"href":"https:\/\/pans.krosno.pl\/cnap\/wp-json\/wp\/v2\/users\/27"}],"replies":[{"embeddable":true,"href":"https:\/\/pans.krosno.pl\/cnap\/wp-json\/wp\/v2\/comments?post=46"}],"version-history":[{"count":2,"href":"https:\/\/pans.krosno.pl\/cnap\/wp-json\/wp\/v2\/pages\/46\/revisions"}],"predecessor-version":[{"id":182,"href":"https:\/\/pans.krosno.pl\/cnap\/wp-json\/wp\/v2\/pages\/46\/revisions\/182"}],"wp:attachment":[{"href":"https:\/\/pans.krosno.pl\/cnap\/wp-json\/wp\/v2\/media?parent=46"}],"curies":[{"name":"wp","href":"https:\/\/api.w.org\/{rel}","templated":true}]}}