{"id":44,"date":"2021-04-22T09:55:44","date_gmt":"2021-04-22T07:55:44","guid":{"rendered":"https:\/\/pans.krosno.pl\/cnap\/?page_id=44"},"modified":"2021-04-22T10:21:42","modified_gmt":"2021-04-22T08:21:42","slug":"linki","status":"publish","type":"page","link":"https:\/\/pans.krosno.pl\/cnap\/linki\/","title":{"rendered":"Linki"},"content":{"rendered":"\n<ul class=\"wp-block-list\"><li><strong><a href=\"http:\/\/cisco.netacad.net\/\" target=\"_blank\" rel=\"noreferrer noopener\">CISCO ACADEMY<\/a><\/strong><\/li><li><strong><a href=\"http:\/\/www.cisco.com\/\" target=\"_blank\" rel=\"noreferrer noopener\">CISCO SYSTEMS<\/a><\/strong><\/li><li><strong><a href=\"http:\/\/www.cisco.com\/global\/PL\/\" target=\"_blank\" rel=\"noreferrer noopener\">CISCO SYSTEMS, POLSKA<\/a><\/strong><\/li><li><strong><a href=\"http:\/\/www.cisco.com\/web\/PL\/netacad\/index.html\" target=\"_blank\" rel=\"noreferrer noopener\">AKADEMIA CISCO, POLSKA<\/a><\/strong><\/li><\/ul>\n\n\n\n<p><\/p>\n","protected":false},"excerpt":{"rendered":"<p>CISCO ACADEMY CISCO SYSTEMS CISCO SYSTEMS, POLSKA AKADEMIA CISCO, POLSKA<\/p>\n","protected":false},"author":27,"featured_media":0,"parent":0,"menu_order":0,"comment_status":"closed","ping_status":"closed","template":"page-templates\/template-full-width.php","meta":{"ngg_post_thumbnail":0,"footnotes":""},"class_list":["post-44","page","type-page","status-publish","hentry"],"yoast_head":"<!-- This site is optimized with the Yoast SEO Premium plugin v27.3 (Yoast SEO v27.3) - https:\/\/yoast.com\/product\/yoast-seo-premium-wordpress\/ -->\n<title>Linki - Akademia CISCO przy PANS w Kro\u015bnie<\/title>\n<meta name=\"robots\" content=\"index, follow, max-snippet:-1, max-image-preview:large, max-video-preview:-1\" \/>\n<link rel=\"canonical\" href=\"https:\/\/pans.krosno.pl\/cnap\/linki\/\" \/>\n<meta property=\"og:locale\" content=\"pl_PL\" \/>\n<meta property=\"og:type\" content=\"article\" \/>\n<meta property=\"og:title\" content=\"Linki\" \/>\n<meta property=\"og:description\" content=\"CISCO ACADEMY CISCO SYSTEMS CISCO SYSTEMS, POLSKA AKADEMIA CISCO, POLSKA\" \/>\n<meta property=\"og:url\" content=\"https:\/\/pans.krosno.pl\/cnap\/linki\/\" \/>\n<meta property=\"og:site_name\" content=\"Akademia CISCO przy PANS w Kro\u015bnie\" \/>\n<meta property=\"article:publisher\" content=\"https:\/\/www.facebook.com\/StudiaKrosno\/\" \/>\n<meta property=\"article:modified_time\" content=\"2021-04-22T08:21:42+00:00\" \/>\n<meta name=\"twitter:card\" content=\"summary_large_image\" \/>\n<script type=\"application\/ld+json\" class=\"yoast-schema-graph\">{\"@context\":\"https:\\\/\\\/schema.org\",\"@graph\":[{\"@type\":\"WebPage\",\"@id\":\"https:\\\/\\\/pans.krosno.pl\\\/cnap\\\/linki\\\/\",\"url\":\"https:\\\/\\\/pans.krosno.pl\\\/cnap\\\/linki\\\/\",\"name\":\"Linki - Akademia CISCO przy PANS w Kro\u015bnie\",\"isPartOf\":{\"@id\":\"https:\\\/\\\/pans.krosno.pl\\\/cnap\\\/#website\"},\"datePublished\":\"2021-04-22T07:55:44+00:00\",\"dateModified\":\"2021-04-22T08:21:42+00:00\",\"breadcrumb\":{\"@id\":\"https:\\\/\\\/pans.krosno.pl\\\/cnap\\\/linki\\\/#breadcrumb\"},\"inLanguage\":\"pl-PL\",\"potentialAction\":[{\"@type\":\"ReadAction\",\"target\":[\"https:\\\/\\\/pans.krosno.pl\\\/cnap\\\/linki\\\/\"]}]},{\"@type\":\"BreadcrumbList\",\"@id\":\"https:\\\/\\\/pans.krosno.pl\\\/cnap\\\/linki\\\/#breadcrumb\",\"itemListElement\":[{\"@type\":\"ListItem\",\"position\":1,\"name\":\"Strona g\u0142\u00f3wna\",\"item\":\"https:\\\/\\\/pans.krosno.pl\\\/cnap\\\/\"},{\"@type\":\"ListItem\",\"position\":2,\"name\":\"Linki\"}]},{\"@type\":\"WebSite\",\"@id\":\"https:\\\/\\\/pans.krosno.pl\\\/cnap\\\/#website\",\"url\":\"https:\\\/\\\/pans.krosno.pl\\\/cnap\\\/\",\"name\":\"Akademia CISCO\",\"description\":\"Akademia CISCO - Pa\u0144stwowa Akademia Nauk Stosowanych\",\"publisher\":{\"@id\":\"https:\\\/\\\/pans.krosno.pl\\\/cnap\\\/#organization\"},\"potentialAction\":[{\"@type\":\"SearchAction\",\"target\":{\"@type\":\"EntryPoint\",\"urlTemplate\":\"https:\\\/\\\/pans.krosno.pl\\\/cnap\\\/?s={search_term_string}\"},\"query-input\":{\"@type\":\"PropertyValueSpecification\",\"valueRequired\":true,\"valueName\":\"search_term_string\"}}],\"inLanguage\":\"pl-PL\"},{\"@type\":\"Organization\",\"@id\":\"https:\\\/\\\/pans.krosno.pl\\\/cnap\\\/#organization\",\"name\":\"Akademia CISCO przy Karpackiej Pa\u0144stwowej Uczelni w Kro\u015bnie\",\"url\":\"https:\\\/\\\/pans.krosno.pl\\\/cnap\\\/\",\"logo\":{\"@type\":\"ImageObject\",\"inLanguage\":\"pl-PL\",\"@id\":\"https:\\\/\\\/pans.krosno.pl\\\/cnap\\\/#\\\/schema\\\/logo\\\/image\\\/\",\"url\":\"\",\"contentUrl\":\"\",\"caption\":\"Akademia CISCO przy Karpackiej Pa\u0144stwowej Uczelni w Kro\u015bnie\"},\"image\":{\"@id\":\"https:\\\/\\\/pans.krosno.pl\\\/cnap\\\/#\\\/schema\\\/logo\\\/image\\\/\"},\"sameAs\":[\"https:\\\/\\\/www.facebook.com\\\/StudiaKrosno\\\/\",\"https:\\\/\\\/www.instagram.com\\\/studia.krosno\",\"https:\\\/\\\/pl.linkedin.com\\\/company\\\/pwsz-krosno\",\"https:\\\/\\\/www.youtube.com\\\/user\\\/pwszkrosno\\\/\",\"https:\\\/\\\/pl.wikipedia.org\\\/wiki\\\/Pa\u0144stwowa_Wy\u017csza_Szko\u0142a_Zawodowa_im._Stanis\u0142awa_Pigonia_w_Kro\u015bnie\"]}]}<\/script>\n<!-- \/ Yoast SEO Premium plugin. -->","yoast_head_json":{"title":"Linki - Akademia CISCO przy PANS w Kro\u015bnie","robots":{"index":"index","follow":"follow","max-snippet":"max-snippet:-1","max-image-preview":"max-image-preview:large","max-video-preview":"max-video-preview:-1"},"canonical":"https:\/\/pans.krosno.pl\/cnap\/linki\/","og_locale":"pl_PL","og_type":"article","og_title":"Linki","og_description":"CISCO ACADEMY CISCO SYSTEMS CISCO SYSTEMS, POLSKA AKADEMIA CISCO, POLSKA","og_url":"https:\/\/pans.krosno.pl\/cnap\/linki\/","og_site_name":"Akademia CISCO przy PANS w Kro\u015bnie","article_publisher":"https:\/\/www.facebook.com\/StudiaKrosno\/","article_modified_time":"2021-04-22T08:21:42+00:00","twitter_card":"summary_large_image","schema":{"@context":"https:\/\/schema.org","@graph":[{"@type":"WebPage","@id":"https:\/\/pans.krosno.pl\/cnap\/linki\/","url":"https:\/\/pans.krosno.pl\/cnap\/linki\/","name":"Linki - Akademia CISCO przy PANS w Kro\u015bnie","isPartOf":{"@id":"https:\/\/pans.krosno.pl\/cnap\/#website"},"datePublished":"2021-04-22T07:55:44+00:00","dateModified":"2021-04-22T08:21:42+00:00","breadcrumb":{"@id":"https:\/\/pans.krosno.pl\/cnap\/linki\/#breadcrumb"},"inLanguage":"pl-PL","potentialAction":[{"@type":"ReadAction","target":["https:\/\/pans.krosno.pl\/cnap\/linki\/"]}]},{"@type":"BreadcrumbList","@id":"https:\/\/pans.krosno.pl\/cnap\/linki\/#breadcrumb","itemListElement":[{"@type":"ListItem","position":1,"name":"Strona g\u0142\u00f3wna","item":"https:\/\/pans.krosno.pl\/cnap\/"},{"@type":"ListItem","position":2,"name":"Linki"}]},{"@type":"WebSite","@id":"https:\/\/pans.krosno.pl\/cnap\/#website","url":"https:\/\/pans.krosno.pl\/cnap\/","name":"Akademia CISCO","description":"Akademia CISCO - Pa\u0144stwowa Akademia Nauk Stosowanych","publisher":{"@id":"https:\/\/pans.krosno.pl\/cnap\/#organization"},"potentialAction":[{"@type":"SearchAction","target":{"@type":"EntryPoint","urlTemplate":"https:\/\/pans.krosno.pl\/cnap\/?s={search_term_string}"},"query-input":{"@type":"PropertyValueSpecification","valueRequired":true,"valueName":"search_term_string"}}],"inLanguage":"pl-PL"},{"@type":"Organization","@id":"https:\/\/pans.krosno.pl\/cnap\/#organization","name":"Akademia CISCO przy Karpackiej Pa\u0144stwowej Uczelni w Kro\u015bnie","url":"https:\/\/pans.krosno.pl\/cnap\/","logo":{"@type":"ImageObject","inLanguage":"pl-PL","@id":"https:\/\/pans.krosno.pl\/cnap\/#\/schema\/logo\/image\/","url":"","contentUrl":"","caption":"Akademia CISCO przy Karpackiej Pa\u0144stwowej Uczelni w Kro\u015bnie"},"image":{"@id":"https:\/\/pans.krosno.pl\/cnap\/#\/schema\/logo\/image\/"},"sameAs":["https:\/\/www.facebook.com\/StudiaKrosno\/","https:\/\/www.instagram.com\/studia.krosno","https:\/\/pl.linkedin.com\/company\/pwsz-krosno","https:\/\/www.youtube.com\/user\/pwszkrosno\/","https:\/\/pl.wikipedia.org\/wiki\/Pa\u0144stwowa_Wy\u017csza_Szko\u0142a_Zawodowa_im._Stanis\u0142awa_Pigonia_w_Kro\u015bnie"]}]}},"_links":{"self":[{"href":"https:\/\/pans.krosno.pl\/cnap\/wp-json\/wp\/v2\/pages\/44","targetHints":{"allow":["GET"]}}],"collection":[{"href":"https:\/\/pans.krosno.pl\/cnap\/wp-json\/wp\/v2\/pages"}],"about":[{"href":"https:\/\/pans.krosno.pl\/cnap\/wp-json\/wp\/v2\/types\/page"}],"author":[{"embeddable":true,"href":"https:\/\/pans.krosno.pl\/cnap\/wp-json\/wp\/v2\/users\/27"}],"replies":[{"embeddable":true,"href":"https:\/\/pans.krosno.pl\/cnap\/wp-json\/wp\/v2\/comments?post=44"}],"version-history":[{"count":1,"href":"https:\/\/pans.krosno.pl\/cnap\/wp-json\/wp\/v2\/pages\/44\/revisions"}],"predecessor-version":[{"id":45,"href":"https:\/\/pans.krosno.pl\/cnap\/wp-json\/wp\/v2\/pages\/44\/revisions\/45"}],"wp:attachment":[{"href":"https:\/\/pans.krosno.pl\/cnap\/wp-json\/wp\/v2\/media?parent=44"}],"curies":[{"name":"wp","href":"https:\/\/api.w.org\/{rel}","templated":true}]}}