{"id":38,"date":"2021-04-22T09:52:04","date_gmt":"2021-04-22T07:52:04","guid":{"rendered":"https:\/\/pans.krosno.pl\/cnap\/?page_id=38"},"modified":"2023-05-30T11:06:15","modified_gmt":"2023-05-30T09:06:15","slug":"program","status":"publish","type":"page","link":"https:\/\/pans.krosno.pl\/cnap\/program\/","title":{"rendered":"Program kursu CCNA"},"content":{"rendered":"\n<hr class=\"wp-block-separator has-css-opacity\" \/>\n\n\n\n<h2 class=\"wp-block-heading\" id=\"h-1-introduction-to-networks\">1. INTRODUCTION TO NETWORKS:<\/h2>\n\n\n\n<p><strong><br>Forma zaj\u0119\u0107: zaj\u0119cia laboratoryjne<br>Zaliczenie: ocena z egzaminu testowego (z wag\u0105 0.4), praktycznego (z wag\u0105 0.4) oraz wynik\u00f3w test\u00f3w cz\u0105stkowych (z wag\u0105 0.2)<\/strong><\/p>\n\n\n\n<ol class=\"wp-block-list\">\n<li>Wprowadzenie do sieci komputerowych<\/li>\n\n\n\n<li>Konfigurowanie sieciowego systemu operacyjnego (IOS)<\/li>\n\n\n\n<li>Protoko\u0142y i komunikacja w sieci<\/li>\n\n\n\n<li>Warstwa fizyczna<\/li>\n\n\n\n<li>Warstwa dost\u0119pu do sieci<\/li>\n\n\n\n<li>Ethernet<\/li>\n\n\n\n<li>Warstwa sieciowa<\/li>\n\n\n\n<li>Protok\u00f3\u0142 ARP<\/li>\n\n\n\n<li>Adresacja i podsieci IP (wersja 4 i 6)<\/li>\n\n\n\n<li>Warstwa transportowa<\/li>\n\n\n\n<li>Warstwa aplikacji<\/li>\n\n\n\n<li>Podstawy bezpiecze\u0144stwa sieci<\/li>\n\n\n\n<li>Wykrywanie problem\u00f3w z sieci\u0105<\/li>\n<\/ol>\n\n\n\n<h2 class=\"wp-block-heading\" id=\"h-2-switching-routing-and-wireless-essentials\">2. SWITCHING, ROUTING, AND WIRELESS ESSENTIALS:<\/h2>\n\n\n\n<p><strong><br>Forma zaj\u0119\u0107: zaj\u0119cia laboratoryjne<br>Zaliczenie: ocena z egzaminu testowego (z wag\u0105 0.4), praktycznego (z wag\u0105 0.4) oraz wynik\u00f3w test\u00f3w cz\u0105stkowych (z wag\u0105 0.2)<\/strong><\/p>\n\n\n\n<ol class=\"wp-block-list\">\n<li>Konfiguracja urz\u0105dze\u0144 sieciowych<\/li>\n\n\n\n<li>Wprowadzenie do sieci prze\u0142\u0105czanych<\/li>\n\n\n\n<li>Sieci wirtualne LAN (VLAN)<\/li>\n\n\n\n<li>Koncepcje routingu, routing statyczny a dynamiczny<\/li>\n\n\n\n<li>Routing mi\u0119dzy sieciami VLAN<\/li>\n\n\n\n<li>Protok\u00f3\u0142 STP<\/li>\n\n\n\n<li>Agregacja \u0142\u0105cz \u2013 EtherChannel<\/li>\n\n\n\n<li>Mechanizmy uzyskiwania adres\u00f3w \u2013 DHCP<\/li>\n\n\n\n<li>Bezpiecze\u0144stwo w sieciach lokalnych<\/li>\n\n\n\n<li>Podstawy sieci bezprzewodowych<\/li>\n\n\n\n<li>Konfiguracja sieci bezprzewodowych<\/li>\n\n\n\n<li>Protok\u00f3\u0142 RIP (RIPv1, RIPv2, RIPng)<\/li>\n\n\n\n<li>Rozwi\u0105zywanie problem\u00f3w z routingiem<\/li>\n<\/ol>\n\n\n\n<h2 class=\"wp-block-heading\" id=\"h-3-enterprise-networking-security-and-automation\">3. ENTERPRISE NETWORKING, SECURITY, AND AUTOMATION:<\/h2>\n\n\n\n<p><strong><br>Forma zaj\u0119\u0107: zaj\u0119cia laboratoryjne<br>Zaliczenie: ocena z egzaminu testowego (z wag\u0105 0.4), praktycznego (z wag\u0105 0.4) oraz wynik\u00f3w test\u00f3w cz\u0105stkowych (z wag\u0105 0.2)<\/strong><\/p>\n\n\n\n<ol class=\"wp-block-list\">\n<li>Protok\u00f3\u0142 OSPF<\/li>\n\n\n\n<li>Bezpiecze\u0144stwo sieci komputerowych<\/li>\n\n\n\n<li>Listy kontroli dost\u0119pu (ACL)<\/li>\n\n\n\n<li>Translacja adres\u00f3w \u2013 protok\u00f3\u0142 NAT<\/li>\n\n\n\n<li>Sieci rozleg\u0142e<\/li>\n\n\n\n<li>Sieci VPN<\/li>\n\n\n\n<li>IP Security Architecture \u2013 bezpieczne sieci VPN<\/li>\n\n\n\n<li>Zarz\u0105dzanie jako\u015bci\u0105 komunikacji \u2013 mechanizmy QoS<\/li>\n\n\n\n<li>Zarz\u0105dzanie sieciami<\/li>\n\n\n\n<li>Projektowanie sieci<\/li>\n\n\n\n<li>Metody rozwi\u0105zywania problem\u00f3w<\/li>\n\n\n\n<li>Wirtualizacja sieci<\/li>\n\n\n\n<li>Automatyzacja sieci<\/li>\n<\/ol>\n","protected":false},"excerpt":{"rendered":"<p>1. INTRODUCTION TO NETWORKS: Forma zaj\u0119\u0107: zaj\u0119cia laboratoryjneZaliczenie: ocena z egzaminu testowego (z wag\u0105 0.4), praktycznego (z wag\u0105 0.4) oraz wynik\u00f3w test\u00f3w cz\u0105stkowych (z wag\u0105 0.2) 2. SWITCHING, ROUTING, AND WIRELESS ESSENTIALS: Forma zaj\u0119\u0107: zaj\u0119cia laboratoryjneZaliczenie: ocena z egzaminu testowego (z wag\u0105 0.4), praktycznego (z wag\u0105 0.4) oraz wynik\u00f3w test\u00f3w [\u2026] <\/p>\n<div class=\"clear\"><\/div>\n<p><a class=\"more_link clearfix\" href=\"https:\/\/pans.krosno.pl\/cnap\/program\/\" rel=\"nofollow\">Read More<\/a><\/p>\n","protected":false},"author":27,"featured_media":0,"parent":0,"menu_order":0,"comment_status":"closed","ping_status":"closed","template":"page-templates\/template-full-width.php","meta":{"ngg_post_thumbnail":0,"footnotes":""},"class_list":["post-38","page","type-page","status-publish","hentry"],"yoast_head":"<!-- This site is optimized with the Yoast SEO Premium plugin v27.4 (Yoast SEO v27.4) - https:\/\/yoast.com\/product\/yoast-seo-premium-wordpress\/ -->\n<title>Program kursu CCNA - Akademia CISCO przy PANS w Kro\u015bnie<\/title>\n<meta name=\"robots\" content=\"index, follow, max-snippet:-1, max-image-preview:large, max-video-preview:-1\" \/>\n<link rel=\"canonical\" href=\"https:\/\/pans.krosno.pl\/cnap\/program\/\" \/>\n<meta property=\"og:locale\" content=\"pl_PL\" \/>\n<meta property=\"og:type\" content=\"article\" \/>\n<meta property=\"og:title\" content=\"Program kursu CCNA\" \/>\n<meta property=\"og:description\" content=\"1. INTRODUCTION TO NETWORKS: Forma zaj\u0119\u0107: zaj\u0119cia laboratoryjneZaliczenie: ocena z egzaminu testowego (z wag\u0105 0.4), praktycznego (z wag\u0105 0.4) oraz wynik\u00f3w test\u00f3w cz\u0105stkowych (z wag\u0105 0.2) 2. SWITCHING, ROUTING, AND WIRELESS ESSENTIALS: Forma zaj\u0119\u0107: zaj\u0119cia laboratoryjneZaliczenie: ocena z egzaminu testowego (z wag\u0105 0.4), praktycznego (z wag\u0105 0.4) oraz wynik\u00f3w test\u00f3w [\u2026] Read More\" \/>\n<meta property=\"og:url\" content=\"https:\/\/pans.krosno.pl\/cnap\/program\/\" \/>\n<meta property=\"og:site_name\" content=\"Akademia CISCO przy PANS w Kro\u015bnie\" \/>\n<meta property=\"article:publisher\" content=\"https:\/\/www.facebook.com\/StudiaKrosno\/\" \/>\n<meta property=\"article:modified_time\" content=\"2023-05-30T09:06:15+00:00\" \/>\n<meta name=\"twitter:card\" content=\"summary_large_image\" \/>\n<meta name=\"twitter:label1\" content=\"Szacowany czas czytania\" \/>\n\t<meta name=\"twitter:data1\" content=\"2 minuty\" \/>\n<script type=\"application\/ld+json\" class=\"yoast-schema-graph\">{\"@context\":\"https:\\\/\\\/schema.org\",\"@graph\":[{\"@type\":\"WebPage\",\"@id\":\"https:\\\/\\\/pans.krosno.pl\\\/cnap\\\/program\\\/\",\"url\":\"https:\\\/\\\/pans.krosno.pl\\\/cnap\\\/program\\\/\",\"name\":\"Program kursu CCNA - Akademia CISCO przy PANS w Kro\u015bnie\",\"isPartOf\":{\"@id\":\"https:\\\/\\\/pans.krosno.pl\\\/cnap\\\/#website\"},\"datePublished\":\"2021-04-22T07:52:04+00:00\",\"dateModified\":\"2023-05-30T09:06:15+00:00\",\"breadcrumb\":{\"@id\":\"https:\\\/\\\/pans.krosno.pl\\\/cnap\\\/program\\\/#breadcrumb\"},\"inLanguage\":\"pl-PL\",\"potentialAction\":[{\"@type\":\"ReadAction\",\"target\":[\"https:\\\/\\\/pans.krosno.pl\\\/cnap\\\/program\\\/\"]}]},{\"@type\":\"BreadcrumbList\",\"@id\":\"https:\\\/\\\/pans.krosno.pl\\\/cnap\\\/program\\\/#breadcrumb\",\"itemListElement\":[{\"@type\":\"ListItem\",\"position\":1,\"name\":\"Strona g\u0142\u00f3wna\",\"item\":\"https:\\\/\\\/pans.krosno.pl\\\/cnap\\\/\"},{\"@type\":\"ListItem\",\"position\":2,\"name\":\"Program kursu CCNA\"}]},{\"@type\":\"WebSite\",\"@id\":\"https:\\\/\\\/pans.krosno.pl\\\/cnap\\\/#website\",\"url\":\"https:\\\/\\\/pans.krosno.pl\\\/cnap\\\/\",\"name\":\"Akademia CISCO\",\"description\":\"Akademia CISCO - Pa\u0144stwowa Akademia Nauk Stosowanych\",\"publisher\":{\"@id\":\"https:\\\/\\\/pans.krosno.pl\\\/cnap\\\/#organization\"},\"potentialAction\":[{\"@type\":\"SearchAction\",\"target\":{\"@type\":\"EntryPoint\",\"urlTemplate\":\"https:\\\/\\\/pans.krosno.pl\\\/cnap\\\/?s={search_term_string}\"},\"query-input\":{\"@type\":\"PropertyValueSpecification\",\"valueRequired\":true,\"valueName\":\"search_term_string\"}}],\"inLanguage\":\"pl-PL\"},{\"@type\":\"Organization\",\"@id\":\"https:\\\/\\\/pans.krosno.pl\\\/cnap\\\/#organization\",\"name\":\"Akademia CISCO przy Karpackiej Pa\u0144stwowej Uczelni w Kro\u015bnie\",\"url\":\"https:\\\/\\\/pans.krosno.pl\\\/cnap\\\/\",\"logo\":{\"@type\":\"ImageObject\",\"inLanguage\":\"pl-PL\",\"@id\":\"https:\\\/\\\/pans.krosno.pl\\\/cnap\\\/#\\\/schema\\\/logo\\\/image\\\/\",\"url\":\"\",\"contentUrl\":\"\",\"caption\":\"Akademia CISCO przy Karpackiej Pa\u0144stwowej Uczelni w Kro\u015bnie\"},\"image\":{\"@id\":\"https:\\\/\\\/pans.krosno.pl\\\/cnap\\\/#\\\/schema\\\/logo\\\/image\\\/\"},\"sameAs\":[\"https:\\\/\\\/www.facebook.com\\\/StudiaKrosno\\\/\",\"https:\\\/\\\/www.instagram.com\\\/studia.krosno\",\"https:\\\/\\\/pl.linkedin.com\\\/company\\\/pwsz-krosno\",\"https:\\\/\\\/www.youtube.com\\\/user\\\/pwszkrosno\\\/\",\"https:\\\/\\\/pl.wikipedia.org\\\/wiki\\\/Pa\u0144stwowa_Wy\u017csza_Szko\u0142a_Zawodowa_im._Stanis\u0142awa_Pigonia_w_Kro\u015bnie\"]}]}<\/script>\n<!-- \/ Yoast SEO Premium plugin. -->","yoast_head_json":{"title":"Program kursu CCNA - Akademia CISCO przy PANS w Kro\u015bnie","robots":{"index":"index","follow":"follow","max-snippet":"max-snippet:-1","max-image-preview":"max-image-preview:large","max-video-preview":"max-video-preview:-1"},"canonical":"https:\/\/pans.krosno.pl\/cnap\/program\/","og_locale":"pl_PL","og_type":"article","og_title":"Program kursu CCNA","og_description":"1. INTRODUCTION TO NETWORKS: Forma zaj\u0119\u0107: zaj\u0119cia laboratoryjneZaliczenie: ocena z egzaminu testowego (z wag\u0105 0.4), praktycznego (z wag\u0105 0.4) oraz wynik\u00f3w test\u00f3w cz\u0105stkowych (z wag\u0105 0.2) 2. SWITCHING, ROUTING, AND WIRELESS ESSENTIALS: Forma zaj\u0119\u0107: zaj\u0119cia laboratoryjneZaliczenie: ocena z egzaminu testowego (z wag\u0105 0.4), praktycznego (z wag\u0105 0.4) oraz wynik\u00f3w test\u00f3w [\u2026] Read More","og_url":"https:\/\/pans.krosno.pl\/cnap\/program\/","og_site_name":"Akademia CISCO przy PANS w Kro\u015bnie","article_publisher":"https:\/\/www.facebook.com\/StudiaKrosno\/","article_modified_time":"2023-05-30T09:06:15+00:00","twitter_card":"summary_large_image","twitter_misc":{"Szacowany czas czytania":"2 minuty"},"schema":{"@context":"https:\/\/schema.org","@graph":[{"@type":"WebPage","@id":"https:\/\/pans.krosno.pl\/cnap\/program\/","url":"https:\/\/pans.krosno.pl\/cnap\/program\/","name":"Program kursu CCNA - Akademia CISCO przy PANS w Kro\u015bnie","isPartOf":{"@id":"https:\/\/pans.krosno.pl\/cnap\/#website"},"datePublished":"2021-04-22T07:52:04+00:00","dateModified":"2023-05-30T09:06:15+00:00","breadcrumb":{"@id":"https:\/\/pans.krosno.pl\/cnap\/program\/#breadcrumb"},"inLanguage":"pl-PL","potentialAction":[{"@type":"ReadAction","target":["https:\/\/pans.krosno.pl\/cnap\/program\/"]}]},{"@type":"BreadcrumbList","@id":"https:\/\/pans.krosno.pl\/cnap\/program\/#breadcrumb","itemListElement":[{"@type":"ListItem","position":1,"name":"Strona g\u0142\u00f3wna","item":"https:\/\/pans.krosno.pl\/cnap\/"},{"@type":"ListItem","position":2,"name":"Program kursu CCNA"}]},{"@type":"WebSite","@id":"https:\/\/pans.krosno.pl\/cnap\/#website","url":"https:\/\/pans.krosno.pl\/cnap\/","name":"Akademia CISCO","description":"Akademia CISCO - Pa\u0144stwowa Akademia Nauk Stosowanych","publisher":{"@id":"https:\/\/pans.krosno.pl\/cnap\/#organization"},"potentialAction":[{"@type":"SearchAction","target":{"@type":"EntryPoint","urlTemplate":"https:\/\/pans.krosno.pl\/cnap\/?s={search_term_string}"},"query-input":{"@type":"PropertyValueSpecification","valueRequired":true,"valueName":"search_term_string"}}],"inLanguage":"pl-PL"},{"@type":"Organization","@id":"https:\/\/pans.krosno.pl\/cnap\/#organization","name":"Akademia CISCO przy Karpackiej Pa\u0144stwowej Uczelni w Kro\u015bnie","url":"https:\/\/pans.krosno.pl\/cnap\/","logo":{"@type":"ImageObject","inLanguage":"pl-PL","@id":"https:\/\/pans.krosno.pl\/cnap\/#\/schema\/logo\/image\/","url":"","contentUrl":"","caption":"Akademia CISCO przy Karpackiej Pa\u0144stwowej Uczelni w Kro\u015bnie"},"image":{"@id":"https:\/\/pans.krosno.pl\/cnap\/#\/schema\/logo\/image\/"},"sameAs":["https:\/\/www.facebook.com\/StudiaKrosno\/","https:\/\/www.instagram.com\/studia.krosno","https:\/\/pl.linkedin.com\/company\/pwsz-krosno","https:\/\/www.youtube.com\/user\/pwszkrosno\/","https:\/\/pl.wikipedia.org\/wiki\/Pa\u0144stwowa_Wy\u017csza_Szko\u0142a_Zawodowa_im._Stanis\u0142awa_Pigonia_w_Kro\u015bnie"]}]}},"_links":{"self":[{"href":"https:\/\/pans.krosno.pl\/cnap\/wp-json\/wp\/v2\/pages\/38","targetHints":{"allow":["GET"]}}],"collection":[{"href":"https:\/\/pans.krosno.pl\/cnap\/wp-json\/wp\/v2\/pages"}],"about":[{"href":"https:\/\/pans.krosno.pl\/cnap\/wp-json\/wp\/v2\/types\/page"}],"author":[{"embeddable":true,"href":"https:\/\/pans.krosno.pl\/cnap\/wp-json\/wp\/v2\/users\/27"}],"replies":[{"embeddable":true,"href":"https:\/\/pans.krosno.pl\/cnap\/wp-json\/wp\/v2\/comments?post=38"}],"version-history":[{"count":4,"href":"https:\/\/pans.krosno.pl\/cnap\/wp-json\/wp\/v2\/pages\/38\/revisions"}],"predecessor-version":[{"id":180,"href":"https:\/\/pans.krosno.pl\/cnap\/wp-json\/wp\/v2\/pages\/38\/revisions\/180"}],"wp:attachment":[{"href":"https:\/\/pans.krosno.pl\/cnap\/wp-json\/wp\/v2\/media?parent=38"}],"curies":[{"name":"wp","href":"https:\/\/api.w.org\/{rel}","templated":true}]}}