{"id":12,"date":"2021-04-21T12:47:19","date_gmt":"2021-04-21T10:47:19","guid":{"rendered":"https:\/\/pans.krosno.pl\/cnap\/?page_id=12"},"modified":"2023-05-30T11:02:41","modified_gmt":"2023-05-30T09:02:41","slug":"o-akademii","status":"publish","type":"page","link":"https:\/\/pans.krosno.pl\/cnap\/o-akademii\/","title":{"rendered":"O Akademii"},"content":{"rendered":"\n<h2 class=\"wp-block-heading\" id=\"h-akademia-cisco-przy-panstwowej-akademii-nauk-stosowanych-w-krosnie\">Akademia CISCO przy Pa\u0144stwowej Akademii Nauk Stosowanych w Kro\u015bnie<\/h2>\n\n\n\n<p>Wychodz\u0105c naprzeciw wyzwaniom jakie stawia obecny rozw\u00f3j technik teleinformatycznych i edukacyjnych\u00a0<strong>PANS w Kro\u015bnie<\/strong>\u00a0uzyska\u0142a uprawnienia i jest lokaln\u0105 akademi\u0105 programu Cisco Networking Academy. Program jest adresowany do student\u00f3w oraz innych os\u00f3b zainteresowanych technologiami sieciowymi i chc\u0105cych uko\u0144czy\u0107 kurs i zdoby\u0107 certyfikat licz\u0105cy si\u0119 na ca\u0142ym \u015bwiecie.<\/p>\n\n\n\n<p><strong>Program Cisco Networking Academy&nbsp;<\/strong>oferuje mo\u017cliwo\u015b\u0107 uzyskania wiedzy teoretycznej i praktycznej z dziedziny projektowania, rozwoju i utrzymywania sieci komputerowych. Taka wiedza ju\u017c dzi\u015b stanowi przes\u0142ank\u0119 do odniesienia sukcesu w nowoczesnym \u015brodowisku gospodarki internetowej. Otwiera mo\u017cliwo\u015bci znalezienia satysfakcjonuj\u0105cej pracy i jest solidn\u0105 podstaw\u0105 przysz\u0142ej kariery zawodowej.<\/p>\n\n\n\n<p>Program nauczania Cisco Networking Academy odzwierciedla bie\u017c\u0105ce trendy. Wiedza jest przekazywana przez stosowanie r\u00f3\u017cnych technik nauczania. Obok tradycyjnych wyk\u0142ad\u00f3w i zaj\u0119\u0107 klasowych s\u0105 przewidziane liczne zaj\u0119cia laboratoryjne z mo\u017cliwo\u015bci\u0105 rozwi\u0105zywania realnych problem\u00f3w oraz ca\u0142y zestaw \u015brodk\u00f3w i narz\u0119dzi internetowo-multimedialnych do samodzielnego zdobywania wiedzy.<\/p>\n\n\n<p><strong>PANS w Kro\u015bnie &#8211; Zak\u0142ad Informatyki<br><\/strong><span style=\"font-size: inherit\">ul.Wyspia\u0144skiego 20, sala 101A<br><\/span>38-400 Krosno<br>tel. (013) 437 55 70.<br>email:&nbsp;<a href=\"mailto:cnap@pwsz.krosno.pl\">cnap@pans.krosno.pl<\/a><\/p>\n\n\n<figure class=\"wp-block-image size-large\"><img loading=\"lazy\" decoding=\"async\" width=\"574\" height=\"288\" src=\"https:\/\/pans.krosno.pl\/cnap\/wp-content\/uploads\/sites\/56\/2021\/04\/image-4.png\" alt=\"\" class=\"wp-image-59\" srcset=\"https:\/\/pans.krosno.pl\/cnap\/wp-content\/uploads\/sites\/56\/2021\/04\/image-4.png 574w, https:\/\/pans.krosno.pl\/cnap\/wp-content\/uploads\/sites\/56\/2021\/04\/image-4-300x151.png 300w\" sizes=\"auto, (max-width: 574px) 100vw, 574px\" \/><\/figure>\n","protected":false},"excerpt":{"rendered":"<p>Akademia CISCO przy Pa\u0144stwowej Akademii Nauk Stosowanych w Kro\u015bnie Wychodz\u0105c naprzeciw wyzwaniom jakie stawia obecny rozw\u00f3j technik teleinformatycznych i edukacyjnych\u00a0PANS w Kro\u015bnie\u00a0uzyska\u0142a uprawnienia i jest lokaln\u0105 akademi\u0105 programu Cisco Networking Academy. Program jest adresowany do student\u00f3w oraz innych os\u00f3b zainteresowanych technologiami sieciowymi i chc\u0105cych uko\u0144czy\u0107 kurs i zdoby\u0107 certyfikat licz\u0105cy [\u2026] <\/p>\n<div class=\"clear\"><\/div>\n<p><a class=\"more_link clearfix\" href=\"https:\/\/pans.krosno.pl\/cnap\/o-akademii\/\" rel=\"nofollow\">Read More<\/a><\/p>\n","protected":false},"author":27,"featured_media":59,"parent":0,"menu_order":0,"comment_status":"closed","ping_status":"closed","template":"page-templates\/template-full-width.php","meta":{"ngg_post_thumbnail":0,"footnotes":""},"class_list":["post-12","page","type-page","status-publish","has-post-thumbnail","hentry"],"yoast_head":"<!-- This site is optimized with the Yoast SEO Premium plugin v27.4 (Yoast SEO v27.4) - https:\/\/yoast.com\/product\/yoast-seo-premium-wordpress\/ -->\n<title>O Akademii - Akademia CISCO przy PANS w Kro\u015bnie<\/title>\n<meta name=\"robots\" content=\"index, follow, max-snippet:-1, max-image-preview:large, max-video-preview:-1\" \/>\n<link rel=\"canonical\" href=\"https:\/\/pans.krosno.pl\/cnap\/o-akademii\/\" \/>\n<meta property=\"og:locale\" content=\"pl_PL\" \/>\n<meta property=\"og:type\" content=\"article\" \/>\n<meta property=\"og:title\" content=\"O Akademii\" \/>\n<meta property=\"og:description\" content=\"Akademia CISCO przy Pa\u0144stwowej Akademii Nauk Stosowanych w Kro\u015bnie Wychodz\u0105c naprzeciw wyzwaniom jakie stawia obecny rozw\u00f3j technik teleinformatycznych i edukacyjnych\u00a0PANS w Kro\u015bnie\u00a0uzyska\u0142a uprawnienia i jest lokaln\u0105 akademi\u0105 programu Cisco Networking Academy. Program jest adresowany do student\u00f3w oraz innych os\u00f3b zainteresowanych technologiami sieciowymi i chc\u0105cych uko\u0144czy\u0107 kurs i zdoby\u0107 certyfikat licz\u0105cy [\u2026] Read More\" \/>\n<meta property=\"og:url\" content=\"https:\/\/pans.krosno.pl\/cnap\/o-akademii\/\" \/>\n<meta property=\"og:site_name\" content=\"Akademia CISCO przy PANS w Kro\u015bnie\" \/>\n<meta property=\"article:publisher\" content=\"https:\/\/www.facebook.com\/StudiaKrosno\/\" \/>\n<meta property=\"article:modified_time\" content=\"2023-05-30T09:02:41+00:00\" \/>\n<meta property=\"og:image\" content=\"https:\/\/pans.krosno.pl\/wp-content\/uploads\/sites\/56\/2021\/04\/image-4.png\" \/>\n\t<meta property=\"og:image:width\" content=\"574\" \/>\n\t<meta property=\"og:image:height\" content=\"288\" \/>\n\t<meta property=\"og:image:type\" content=\"image\/png\" \/>\n<meta name=\"twitter:card\" content=\"summary_large_image\" \/>\n<meta name=\"twitter:label1\" content=\"Szacowany czas czytania\" \/>\n\t<meta name=\"twitter:data1\" content=\"2 minuty\" \/>\n<script type=\"application\/ld+json\" class=\"yoast-schema-graph\">{\"@context\":\"https:\\\/\\\/schema.org\",\"@graph\":[{\"@type\":\"WebPage\",\"@id\":\"https:\\\/\\\/pans.krosno.pl\\\/cnap\\\/o-akademii\\\/\",\"url\":\"https:\\\/\\\/pans.krosno.pl\\\/cnap\\\/o-akademii\\\/\",\"name\":\"O Akademii - Akademia CISCO przy PANS w Kro\u015bnie\",\"isPartOf\":{\"@id\":\"https:\\\/\\\/pans.krosno.pl\\\/cnap\\\/#website\"},\"primaryImageOfPage\":{\"@id\":\"https:\\\/\\\/pans.krosno.pl\\\/cnap\\\/o-akademii\\\/#primaryimage\"},\"image\":{\"@id\":\"https:\\\/\\\/pans.krosno.pl\\\/cnap\\\/o-akademii\\\/#primaryimage\"},\"thumbnailUrl\":\"https:\\\/\\\/pans.krosno.pl\\\/cnap\\\/wp-content\\\/uploads\\\/sites\\\/56\\\/2021\\\/04\\\/image-4.png\",\"datePublished\":\"2021-04-21T10:47:19+00:00\",\"dateModified\":\"2023-05-30T09:02:41+00:00\",\"breadcrumb\":{\"@id\":\"https:\\\/\\\/pans.krosno.pl\\\/cnap\\\/o-akademii\\\/#breadcrumb\"},\"inLanguage\":\"pl-PL\",\"potentialAction\":[{\"@type\":\"ReadAction\",\"target\":[\"https:\\\/\\\/pans.krosno.pl\\\/cnap\\\/o-akademii\\\/\"]}]},{\"@type\":\"ImageObject\",\"inLanguage\":\"pl-PL\",\"@id\":\"https:\\\/\\\/pans.krosno.pl\\\/cnap\\\/o-akademii\\\/#primaryimage\",\"url\":\"https:\\\/\\\/pans.krosno.pl\\\/cnap\\\/wp-content\\\/uploads\\\/sites\\\/56\\\/2021\\\/04\\\/image-4.png\",\"contentUrl\":\"https:\\\/\\\/pans.krosno.pl\\\/cnap\\\/wp-content\\\/uploads\\\/sites\\\/56\\\/2021\\\/04\\\/image-4.png\",\"width\":574,\"height\":288},{\"@type\":\"BreadcrumbList\",\"@id\":\"https:\\\/\\\/pans.krosno.pl\\\/cnap\\\/o-akademii\\\/#breadcrumb\",\"itemListElement\":[{\"@type\":\"ListItem\",\"position\":1,\"name\":\"Strona g\u0142\u00f3wna\",\"item\":\"https:\\\/\\\/pans.krosno.pl\\\/cnap\\\/\"},{\"@type\":\"ListItem\",\"position\":2,\"name\":\"O Akademii\"}]},{\"@type\":\"WebSite\",\"@id\":\"https:\\\/\\\/pans.krosno.pl\\\/cnap\\\/#website\",\"url\":\"https:\\\/\\\/pans.krosno.pl\\\/cnap\\\/\",\"name\":\"Akademia CISCO\",\"description\":\"Akademia CISCO - Pa\u0144stwowa Akademia Nauk Stosowanych\",\"publisher\":{\"@id\":\"https:\\\/\\\/pans.krosno.pl\\\/cnap\\\/#organization\"},\"potentialAction\":[{\"@type\":\"SearchAction\",\"target\":{\"@type\":\"EntryPoint\",\"urlTemplate\":\"https:\\\/\\\/pans.krosno.pl\\\/cnap\\\/?s={search_term_string}\"},\"query-input\":{\"@type\":\"PropertyValueSpecification\",\"valueRequired\":true,\"valueName\":\"search_term_string\"}}],\"inLanguage\":\"pl-PL\"},{\"@type\":\"Organization\",\"@id\":\"https:\\\/\\\/pans.krosno.pl\\\/cnap\\\/#organization\",\"name\":\"Akademia CISCO przy Karpackiej Pa\u0144stwowej Uczelni w Kro\u015bnie\",\"url\":\"https:\\\/\\\/pans.krosno.pl\\\/cnap\\\/\",\"logo\":{\"@type\":\"ImageObject\",\"inLanguage\":\"pl-PL\",\"@id\":\"https:\\\/\\\/pans.krosno.pl\\\/cnap\\\/#\\\/schema\\\/logo\\\/image\\\/\",\"url\":\"\",\"contentUrl\":\"\",\"caption\":\"Akademia CISCO przy Karpackiej Pa\u0144stwowej Uczelni w Kro\u015bnie\"},\"image\":{\"@id\":\"https:\\\/\\\/pans.krosno.pl\\\/cnap\\\/#\\\/schema\\\/logo\\\/image\\\/\"},\"sameAs\":[\"https:\\\/\\\/www.facebook.com\\\/StudiaKrosno\\\/\",\"https:\\\/\\\/www.instagram.com\\\/studia.krosno\",\"https:\\\/\\\/pl.linkedin.com\\\/company\\\/pwsz-krosno\",\"https:\\\/\\\/www.youtube.com\\\/user\\\/pwszkrosno\\\/\",\"https:\\\/\\\/pl.wikipedia.org\\\/wiki\\\/Pa\u0144stwowa_Wy\u017csza_Szko\u0142a_Zawodowa_im._Stanis\u0142awa_Pigonia_w_Kro\u015bnie\"]}]}<\/script>\n<!-- \/ Yoast SEO Premium plugin. -->","yoast_head_json":{"title":"O Akademii - Akademia CISCO przy PANS w Kro\u015bnie","robots":{"index":"index","follow":"follow","max-snippet":"max-snippet:-1","max-image-preview":"max-image-preview:large","max-video-preview":"max-video-preview:-1"},"canonical":"https:\/\/pans.krosno.pl\/cnap\/o-akademii\/","og_locale":"pl_PL","og_type":"article","og_title":"O Akademii","og_description":"Akademia CISCO przy Pa\u0144stwowej Akademii Nauk Stosowanych w Kro\u015bnie Wychodz\u0105c naprzeciw wyzwaniom jakie stawia obecny rozw\u00f3j technik teleinformatycznych i edukacyjnych\u00a0PANS w Kro\u015bnie\u00a0uzyska\u0142a uprawnienia i jest lokaln\u0105 akademi\u0105 programu Cisco Networking Academy. Program jest adresowany do student\u00f3w oraz innych os\u00f3b zainteresowanych technologiami sieciowymi i chc\u0105cych uko\u0144czy\u0107 kurs i zdoby\u0107 certyfikat licz\u0105cy [\u2026] Read More","og_url":"https:\/\/pans.krosno.pl\/cnap\/o-akademii\/","og_site_name":"Akademia CISCO przy PANS w Kro\u015bnie","article_publisher":"https:\/\/www.facebook.com\/StudiaKrosno\/","article_modified_time":"2023-05-30T09:02:41+00:00","og_image":[{"width":574,"height":288,"url":"https:\/\/pans.krosno.pl\/wp-content\/uploads\/sites\/56\/2021\/04\/image-4.png","type":"image\/png"}],"twitter_card":"summary_large_image","twitter_misc":{"Szacowany czas czytania":"2 minuty"},"schema":{"@context":"https:\/\/schema.org","@graph":[{"@type":"WebPage","@id":"https:\/\/pans.krosno.pl\/cnap\/o-akademii\/","url":"https:\/\/pans.krosno.pl\/cnap\/o-akademii\/","name":"O Akademii - Akademia CISCO przy PANS w Kro\u015bnie","isPartOf":{"@id":"https:\/\/pans.krosno.pl\/cnap\/#website"},"primaryImageOfPage":{"@id":"https:\/\/pans.krosno.pl\/cnap\/o-akademii\/#primaryimage"},"image":{"@id":"https:\/\/pans.krosno.pl\/cnap\/o-akademii\/#primaryimage"},"thumbnailUrl":"https:\/\/pans.krosno.pl\/cnap\/wp-content\/uploads\/sites\/56\/2021\/04\/image-4.png","datePublished":"2021-04-21T10:47:19+00:00","dateModified":"2023-05-30T09:02:41+00:00","breadcrumb":{"@id":"https:\/\/pans.krosno.pl\/cnap\/o-akademii\/#breadcrumb"},"inLanguage":"pl-PL","potentialAction":[{"@type":"ReadAction","target":["https:\/\/pans.krosno.pl\/cnap\/o-akademii\/"]}]},{"@type":"ImageObject","inLanguage":"pl-PL","@id":"https:\/\/pans.krosno.pl\/cnap\/o-akademii\/#primaryimage","url":"https:\/\/pans.krosno.pl\/cnap\/wp-content\/uploads\/sites\/56\/2021\/04\/image-4.png","contentUrl":"https:\/\/pans.krosno.pl\/cnap\/wp-content\/uploads\/sites\/56\/2021\/04\/image-4.png","width":574,"height":288},{"@type":"BreadcrumbList","@id":"https:\/\/pans.krosno.pl\/cnap\/o-akademii\/#breadcrumb","itemListElement":[{"@type":"ListItem","position":1,"name":"Strona g\u0142\u00f3wna","item":"https:\/\/pans.krosno.pl\/cnap\/"},{"@type":"ListItem","position":2,"name":"O Akademii"}]},{"@type":"WebSite","@id":"https:\/\/pans.krosno.pl\/cnap\/#website","url":"https:\/\/pans.krosno.pl\/cnap\/","name":"Akademia CISCO","description":"Akademia CISCO - Pa\u0144stwowa Akademia Nauk Stosowanych","publisher":{"@id":"https:\/\/pans.krosno.pl\/cnap\/#organization"},"potentialAction":[{"@type":"SearchAction","target":{"@type":"EntryPoint","urlTemplate":"https:\/\/pans.krosno.pl\/cnap\/?s={search_term_string}"},"query-input":{"@type":"PropertyValueSpecification","valueRequired":true,"valueName":"search_term_string"}}],"inLanguage":"pl-PL"},{"@type":"Organization","@id":"https:\/\/pans.krosno.pl\/cnap\/#organization","name":"Akademia CISCO przy Karpackiej Pa\u0144stwowej Uczelni w Kro\u015bnie","url":"https:\/\/pans.krosno.pl\/cnap\/","logo":{"@type":"ImageObject","inLanguage":"pl-PL","@id":"https:\/\/pans.krosno.pl\/cnap\/#\/schema\/logo\/image\/","url":"","contentUrl":"","caption":"Akademia CISCO przy Karpackiej Pa\u0144stwowej Uczelni w Kro\u015bnie"},"image":{"@id":"https:\/\/pans.krosno.pl\/cnap\/#\/schema\/logo\/image\/"},"sameAs":["https:\/\/www.facebook.com\/StudiaKrosno\/","https:\/\/www.instagram.com\/studia.krosno","https:\/\/pl.linkedin.com\/company\/pwsz-krosno","https:\/\/www.youtube.com\/user\/pwszkrosno\/","https:\/\/pl.wikipedia.org\/wiki\/Pa\u0144stwowa_Wy\u017csza_Szko\u0142a_Zawodowa_im._Stanis\u0142awa_Pigonia_w_Kro\u015bnie"]}]}},"_links":{"self":[{"href":"https:\/\/pans.krosno.pl\/cnap\/wp-json\/wp\/v2\/pages\/12","targetHints":{"allow":["GET"]}}],"collection":[{"href":"https:\/\/pans.krosno.pl\/cnap\/wp-json\/wp\/v2\/pages"}],"about":[{"href":"https:\/\/pans.krosno.pl\/cnap\/wp-json\/wp\/v2\/types\/page"}],"author":[{"embeddable":true,"href":"https:\/\/pans.krosno.pl\/cnap\/wp-json\/wp\/v2\/users\/27"}],"replies":[{"embeddable":true,"href":"https:\/\/pans.krosno.pl\/cnap\/wp-json\/wp\/v2\/comments?post=12"}],"version-history":[{"count":5,"href":"https:\/\/pans.krosno.pl\/cnap\/wp-json\/wp\/v2\/pages\/12\/revisions"}],"predecessor-version":[{"id":178,"href":"https:\/\/pans.krosno.pl\/cnap\/wp-json\/wp\/v2\/pages\/12\/revisions\/178"}],"wp:featuredmedia":[{"embeddable":true,"href":"https:\/\/pans.krosno.pl\/cnap\/wp-json\/wp\/v2\/media\/59"}],"wp:attachment":[{"href":"https:\/\/pans.krosno.pl\/cnap\/wp-json\/wp\/v2\/media?parent=12"}],"curies":[{"name":"wp","href":"https:\/\/api.w.org\/{rel}","templated":true}]}}