{"id":2531,"date":"2023-09-05T14:47:44","date_gmt":"2023-09-05T12:47:44","guid":{"rendered":"https:\/\/pans.krosno.pl\/bon\/?page_id=2531"},"modified":"2024-07-18T13:17:15","modified_gmt":"2024-07-18T11:17:15","slug":"wazne-telefony","status":"publish","type":"page","link":"https:\/\/pans.krosno.pl\/bon\/wazne-telefony\/","title":{"rendered":"Wa\u017cne telefony"},"content":{"rendered":"\n<figure class=\"wp-block-table is-style-stripes\"><table class=\"has-fixed-layout\"><tbody><tr><td><strong>Dzia\u0142 Interwencji Kryzysowej w Kro\u015bnie<\/strong><\/td><td>tel.<strong> (0-13) 420 26 87; 887&nbsp;044&nbsp;000<\/strong><\/td><td><strong><a href=\"mailto:dik@moprkrosno.pl\">dik@moprkrosno.pl<\/a><\/strong><\/td><\/tr><tr><td><strong>Miejski O\u015brodek Pomocy Rodzinie w&nbsp;Kro\u015bnie<\/strong><\/td><td>tel.<strong> 13 43 204 59<\/strong><\/td><td><strong><a href=\"mailto:poczta@moprkrosno.pl\">poczta@moprkrosno.pl<\/a><\/strong><\/td><\/tr><\/tbody><\/table><\/figure>\n\n\n\n<figure class=\"wp-block-table is-style-stripes\"><table class=\"has-fixed-layout\"><tbody><tr><td><strong>Telefon zaufania<\/strong><\/td><td>7:30 -15:30<strong> &#8211;<\/strong> <strong>13 43 25650, <\/strong><br>16:00-19:00 &#8211;<strong>693 773 780<\/strong><\/td><\/tr><tr><td><strong>Antydepresyjny Telefon Forum Przeciw Depresji<\/strong><\/td><td>tel.<strong> 22 594 91 00<\/strong><em> (czynny w ka\u017cd\u0105 \u015brod\u0119 \u2013 czwartek od 17.00 do 19.00)<\/em><\/td><\/tr><tr><td><strong>Telefon zaufania dla os\u00f3b doros\u0142ych w kryzysie emocjonalnym<\/strong><\/td><td>tel.<strong> 116 123<\/strong> <em>(poniedzia\u0142ek-pi\u0105tek od 14:00-22:00, po\u0142\u0105czenie bezp\u0142atne)<\/em><\/td><\/tr><tr><td><strong>Telefon Zaufania dla Dzieci i M\u0142odzie\u017cy<\/strong><\/td><td>tel.<strong> 116 111<\/strong> <em>(czynny 7 dni w tygodniu, 24 h na dob\u0119)<\/em><\/td><\/tr><tr><td><strong>ITAKA- centrum wsparcia dla os\u00f3b w&nbsp;stanie kryzysu psychicznego<\/strong><\/td><td>tel. <strong>800 70 2222 <\/strong><em>(czynne ca\u0142odobowo)<\/em><\/td><\/tr><tr><td><strong>ITAKA \u2013 Antydepresyjny telefon zaufania<\/strong><\/td><td>tel.<strong> 22 484 88 01<\/strong><em> (czynny poniedzia\u0142ki i&nbsp;czwartki od&nbsp;17.00 do&nbsp;20.00)<\/em><\/td><\/tr><tr><td><strong>O\u015brodek Interwencji Kryzysowej\u2013 pomoc psychiatryczno-pedagogiczna<\/strong><\/td><td>tel. <strong>22 855 44 32<\/strong><\/td><\/tr><tr><td><strong>O\u015brodek Interwencji Kryzysowej \u2013 poradnia ds.&nbsp;przeciwdzia\u0142ania przemocy w&nbsp;rodzinie<\/strong><\/td><td>tel.<strong> 22 845 12 12 lub&nbsp;667 833&nbsp;400<\/strong><em> (poniedzia\u0142ek \u2013 pi\u0105tek od&nbsp;08:00 do&nbsp;20:00)<\/em><\/td><\/tr><tr><td><strong>Bezp\u0142atna linia wsparcia dla os\u00f3b po&nbsp;stracie bliskich<\/strong><\/td><td>tel.<strong>&nbsp;0 800 108 108<\/strong><em> (poniedzia\u0142ek-pi\u0105tek od&nbsp;14.00 do&nbsp;20.00)<\/em><\/td><\/tr><tr><td><strong>Telefoniczna Pierwsza Pomoc Psychologiczna<\/strong><\/td><td>tel. <strong>22 425 98 48<\/strong><em> (poniedzia\u0142ek \u2013 pi\u0105tek od&nbsp;17:00 do&nbsp;20:00 \/ sobota od&nbsp;15:00 do&nbsp;17:00)<\/em><\/td><\/tr><\/tbody><\/table><\/figure>\n\n\n\n<p class=\"has-medium-font-size\"><\/p>\n","protected":false},"excerpt":{"rendered":"<p>Dzia\u0142 Interwencji Kryzysowej w Kro\u015bnie tel. (0-13) 420 26 87; 887&nbsp;044&nbsp;000 dik@moprkrosno.pl Miejski O\u015brodek Pomocy Rodzinie w&nbsp;Kro\u015bnie tel. 13 43 204 59 poczta@moprkrosno.pl Telefon zaufania 7:30 -15:30 &#8211; 13 43 25650, 16:00-19:00 &#8211;693 773 780 Antydepresyjny Telefon Forum Przeciw Depresji tel. 22 594 91 00 (czynny w ka\u017cd\u0105 \u015brod\u0119 \u2013 [\u2026] <\/p>\n<div class=\"clear\"><\/div>\n<p><a class=\"more_link clearfix\" href=\"https:\/\/pans.krosno.pl\/bon\/wazne-telefony\/\" rel=\"nofollow\">Read More<\/a><\/p>\n","protected":false},"author":27,"featured_media":0,"parent":0,"menu_order":0,"comment_status":"closed","ping_status":"closed","template":"","meta":{"ngg_post_thumbnail":0,"footnotes":""},"class_list":["post-2531","page","type-page","status-publish","hentry"],"yoast_head":"<!-- This site is optimized with the Yoast SEO Premium plugin v27.4 (Yoast SEO v27.4) - https:\/\/yoast.com\/product\/yoast-seo-premium-wordpress\/ -->\n<title>Wa\u017cne telefony - Biuro ds. Os\u00f3b Niepe\u0142nosprawnych PANS w Kro\u015bnie<\/title>\n<meta name=\"robots\" content=\"index, follow, max-snippet:-1, max-image-preview:large, max-video-preview:-1\" \/>\n<link rel=\"canonical\" href=\"https:\/\/pans.krosno.pl\/bon\/wazne-telefony\/\" \/>\n<meta property=\"og:locale\" content=\"pl_PL\" \/>\n<meta property=\"og:type\" content=\"article\" \/>\n<meta property=\"og:title\" content=\"Wa\u017cne telefony\" \/>\n<meta property=\"og:description\" content=\"Dzia\u0142 Interwencji Kryzysowej w Kro\u015bnie tel. (0-13) 420 26 87; 887&nbsp;044&nbsp;000 dik@moprkrosno.pl Miejski O\u015brodek Pomocy Rodzinie w&nbsp;Kro\u015bnie tel. 13 43 204 59 poczta@moprkrosno.pl Telefon zaufania 7:30 -15:30 &#8211; 13 43 25650, 16:00-19:00 &#8211;693 773 780 Antydepresyjny Telefon Forum Przeciw Depresji tel. 22 594 91 00 (czynny w ka\u017cd\u0105 \u015brod\u0119 \u2013 [\u2026] Read More\" \/>\n<meta property=\"og:url\" content=\"https:\/\/pans.krosno.pl\/bon\/wazne-telefony\/\" \/>\n<meta property=\"og:site_name\" content=\"Biuro ds. Os\u00f3b Niepe\u0142nosprawnych PANS w Kro\u015bnie\" \/>\n<meta property=\"article:modified_time\" content=\"2024-07-18T11:17:15+00:00\" \/>\n<meta name=\"twitter:card\" content=\"summary_large_image\" \/>\n<meta name=\"twitter:label1\" content=\"Szacowany czas czytania\" \/>\n\t<meta name=\"twitter:data1\" content=\"2 minuty\" \/>\n<script type=\"application\/ld+json\" class=\"yoast-schema-graph\">{\"@context\":\"https:\\\/\\\/schema.org\",\"@graph\":[{\"@type\":\"WebPage\",\"@id\":\"https:\\\/\\\/pans.krosno.pl\\\/bon\\\/wazne-telefony\\\/\",\"url\":\"https:\\\/\\\/pans.krosno.pl\\\/bon\\\/wazne-telefony\\\/\",\"name\":\"Wa\u017cne telefony - Biuro ds. Os\u00f3b Niepe\u0142nosprawnych PANS w Kro\u015bnie\",\"isPartOf\":{\"@id\":\"https:\\\/\\\/pans.krosno.pl\\\/bon\\\/#website\"},\"datePublished\":\"2023-09-05T12:47:44+00:00\",\"dateModified\":\"2024-07-18T11:17:15+00:00\",\"breadcrumb\":{\"@id\":\"https:\\\/\\\/pans.krosno.pl\\\/bon\\\/wazne-telefony\\\/#breadcrumb\"},\"inLanguage\":\"pl-PL\",\"potentialAction\":[{\"@type\":\"ReadAction\",\"target\":[\"https:\\\/\\\/pans.krosno.pl\\\/bon\\\/wazne-telefony\\\/\"]}]},{\"@type\":\"BreadcrumbList\",\"@id\":\"https:\\\/\\\/pans.krosno.pl\\\/bon\\\/wazne-telefony\\\/#breadcrumb\",\"itemListElement\":[{\"@type\":\"ListItem\",\"position\":1,\"name\":\"Strona g\u0142\u00f3wna\",\"item\":\"https:\\\/\\\/pans.krosno.pl\\\/bon\\\/\"},{\"@type\":\"ListItem\",\"position\":2,\"name\":\"Wa\u017cne telefony\"}]},{\"@type\":\"WebSite\",\"@id\":\"https:\\\/\\\/pans.krosno.pl\\\/bon\\\/#website\",\"url\":\"https:\\\/\\\/pans.krosno.pl\\\/bon\\\/\",\"name\":\"Biuro ds. Os\u00f3b Niepe\u0142nosprawnych PANS w Kro\u015bnie\",\"description\":\"Biuro ds. Os\u00f3b Niepe\u0142nosprawnych - Pa\u0144stwowa Akademia Nauk Stosowanych\",\"publisher\":{\"@id\":\"https:\\\/\\\/pans.krosno.pl\\\/bon\\\/#organization\"},\"potentialAction\":[{\"@type\":\"SearchAction\",\"target\":{\"@type\":\"EntryPoint\",\"urlTemplate\":\"https:\\\/\\\/pans.krosno.pl\\\/bon\\\/?s={search_term_string}\"},\"query-input\":{\"@type\":\"PropertyValueSpecification\",\"valueRequired\":true,\"valueName\":\"search_term_string\"}}],\"inLanguage\":\"pl-PL\"},{\"@type\":\"Organization\",\"@id\":\"https:\\\/\\\/pans.krosno.pl\\\/bon\\\/#organization\",\"name\":\"Biuro ds. Os\u00f3b Niepe\u0142nosprawnych PANS w Kro\u015bnie\",\"url\":\"https:\\\/\\\/pans.krosno.pl\\\/bon\\\/\",\"logo\":{\"@type\":\"ImageObject\",\"inLanguage\":\"pl-PL\",\"@id\":\"https:\\\/\\\/pans.krosno.pl\\\/bon\\\/#\\\/schema\\\/logo\\\/image\\\/\",\"url\":\"https:\\\/\\\/pans.krosno.pl\\\/bon\\\/wp-content\\\/uploads\\\/sites\\\/43\\\/2023\\\/01\\\/Logo-PANS-2022-pelne.png\",\"contentUrl\":\"https:\\\/\\\/pans.krosno.pl\\\/bon\\\/wp-content\\\/uploads\\\/sites\\\/43\\\/2023\\\/01\\\/Logo-PANS-2022-pelne.png\",\"width\":3096,\"height\":696,\"caption\":\"Biuro ds. Os\u00f3b Niepe\u0142nosprawnych PANS w Kro\u015bnie\"},\"image\":{\"@id\":\"https:\\\/\\\/pans.krosno.pl\\\/bon\\\/#\\\/schema\\\/logo\\\/image\\\/\"}}]}<\/script>\n<!-- \/ Yoast SEO Premium plugin. -->","yoast_head_json":{"title":"Wa\u017cne telefony - Biuro ds. Os\u00f3b Niepe\u0142nosprawnych PANS w Kro\u015bnie","robots":{"index":"index","follow":"follow","max-snippet":"max-snippet:-1","max-image-preview":"max-image-preview:large","max-video-preview":"max-video-preview:-1"},"canonical":"https:\/\/pans.krosno.pl\/bon\/wazne-telefony\/","og_locale":"pl_PL","og_type":"article","og_title":"Wa\u017cne telefony","og_description":"Dzia\u0142 Interwencji Kryzysowej w Kro\u015bnie tel. (0-13) 420 26 87; 887&nbsp;044&nbsp;000 dik@moprkrosno.pl Miejski O\u015brodek Pomocy Rodzinie w&nbsp;Kro\u015bnie tel. 13 43 204 59 poczta@moprkrosno.pl Telefon zaufania 7:30 -15:30 &#8211; 13 43 25650, 16:00-19:00 &#8211;693 773 780 Antydepresyjny Telefon Forum Przeciw Depresji tel. 22 594 91 00 (czynny w ka\u017cd\u0105 \u015brod\u0119 \u2013 [\u2026] Read More","og_url":"https:\/\/pans.krosno.pl\/bon\/wazne-telefony\/","og_site_name":"Biuro ds. Os\u00f3b Niepe\u0142nosprawnych PANS w Kro\u015bnie","article_modified_time":"2024-07-18T11:17:15+00:00","twitter_card":"summary_large_image","twitter_misc":{"Szacowany czas czytania":"2 minuty"},"schema":{"@context":"https:\/\/schema.org","@graph":[{"@type":"WebPage","@id":"https:\/\/pans.krosno.pl\/bon\/wazne-telefony\/","url":"https:\/\/pans.krosno.pl\/bon\/wazne-telefony\/","name":"Wa\u017cne telefony - Biuro ds. Os\u00f3b Niepe\u0142nosprawnych PANS w Kro\u015bnie","isPartOf":{"@id":"https:\/\/pans.krosno.pl\/bon\/#website"},"datePublished":"2023-09-05T12:47:44+00:00","dateModified":"2024-07-18T11:17:15+00:00","breadcrumb":{"@id":"https:\/\/pans.krosno.pl\/bon\/wazne-telefony\/#breadcrumb"},"inLanguage":"pl-PL","potentialAction":[{"@type":"ReadAction","target":["https:\/\/pans.krosno.pl\/bon\/wazne-telefony\/"]}]},{"@type":"BreadcrumbList","@id":"https:\/\/pans.krosno.pl\/bon\/wazne-telefony\/#breadcrumb","itemListElement":[{"@type":"ListItem","position":1,"name":"Strona g\u0142\u00f3wna","item":"https:\/\/pans.krosno.pl\/bon\/"},{"@type":"ListItem","position":2,"name":"Wa\u017cne telefony"}]},{"@type":"WebSite","@id":"https:\/\/pans.krosno.pl\/bon\/#website","url":"https:\/\/pans.krosno.pl\/bon\/","name":"Biuro ds. Os\u00f3b Niepe\u0142nosprawnych PANS w Kro\u015bnie","description":"Biuro ds. Os\u00f3b Niepe\u0142nosprawnych - Pa\u0144stwowa Akademia Nauk Stosowanych","publisher":{"@id":"https:\/\/pans.krosno.pl\/bon\/#organization"},"potentialAction":[{"@type":"SearchAction","target":{"@type":"EntryPoint","urlTemplate":"https:\/\/pans.krosno.pl\/bon\/?s={search_term_string}"},"query-input":{"@type":"PropertyValueSpecification","valueRequired":true,"valueName":"search_term_string"}}],"inLanguage":"pl-PL"},{"@type":"Organization","@id":"https:\/\/pans.krosno.pl\/bon\/#organization","name":"Biuro ds. Os\u00f3b Niepe\u0142nosprawnych PANS w Kro\u015bnie","url":"https:\/\/pans.krosno.pl\/bon\/","logo":{"@type":"ImageObject","inLanguage":"pl-PL","@id":"https:\/\/pans.krosno.pl\/bon\/#\/schema\/logo\/image\/","url":"https:\/\/pans.krosno.pl\/bon\/wp-content\/uploads\/sites\/43\/2023\/01\/Logo-PANS-2022-pelne.png","contentUrl":"https:\/\/pans.krosno.pl\/bon\/wp-content\/uploads\/sites\/43\/2023\/01\/Logo-PANS-2022-pelne.png","width":3096,"height":696,"caption":"Biuro ds. Os\u00f3b Niepe\u0142nosprawnych PANS w Kro\u015bnie"},"image":{"@id":"https:\/\/pans.krosno.pl\/bon\/#\/schema\/logo\/image\/"}}]}},"_links":{"self":[{"href":"https:\/\/pans.krosno.pl\/bon\/wp-json\/wp\/v2\/pages\/2531","targetHints":{"allow":["GET"]}}],"collection":[{"href":"https:\/\/pans.krosno.pl\/bon\/wp-json\/wp\/v2\/pages"}],"about":[{"href":"https:\/\/pans.krosno.pl\/bon\/wp-json\/wp\/v2\/types\/page"}],"author":[{"embeddable":true,"href":"https:\/\/pans.krosno.pl\/bon\/wp-json\/wp\/v2\/users\/27"}],"replies":[{"embeddable":true,"href":"https:\/\/pans.krosno.pl\/bon\/wp-json\/wp\/v2\/comments?post=2531"}],"version-history":[{"count":10,"href":"https:\/\/pans.krosno.pl\/bon\/wp-json\/wp\/v2\/pages\/2531\/revisions"}],"predecessor-version":[{"id":2635,"href":"https:\/\/pans.krosno.pl\/bon\/wp-json\/wp\/v2\/pages\/2531\/revisions\/2635"}],"wp:attachment":[{"href":"https:\/\/pans.krosno.pl\/bon\/wp-json\/wp\/v2\/media?parent=2531"}],"curies":[{"name":"wp","href":"https:\/\/api.w.org\/{rel}","templated":true}]}}