{"id":23,"date":"2020-03-28T00:39:00","date_gmt":"2020-03-27T23:39:00","guid":{"rendered":"https:\/\/pans.krosno.pl\/bon\/?page_id=23"},"modified":"2025-07-28T14:12:38","modified_gmt":"2025-07-28T12:12:38","slug":"dla-kandydata-na-studia","status":"publish","type":"page","link":"https:\/\/pans.krosno.pl\/bon\/dla-kandydata-na-studia\/","title":{"rendered":"Dla Kandydata na studia"},"content":{"rendered":"\n<p>Chcieliby\u015bmy zapewni\u0107 Was, \u017ce nasza Uczelnia jest jedn\u0105 z najlepszych na Podkarpaciu i wci\u0105\u017c staramy si\u0119 by by\u0142a r\u00f3wnie\u017c jak najlepiej przystosowana i przyjazna studentom z niepe\u0142nosprawno\u015bciami. Zapraszamy do zapoznania si\u0119 ze szczeg\u00f3\u0142ami. <a href=\"https:\/\/pans.krosno.pl\/bon\/dla-kandydata-na-studia\/\">Czytaj wi\u0119cej<\/a><\/p>\n\n\n\n<hr class=\"wp-block-separator has-css-opacity\"\/>\n\n\n<p><strong>Pe\u0142nomocnik Rektora ds. Os\u00f3b z Niepe\u0142nosprawno\u015bciami<\/strong><br \/>dr Grzegorz Sobolewski<\/p>\n<p><strong>Pracownicy Biura ds. Os\u00f3b z Niepe\u0142nosprawno\u015bciami<\/strong><br \/>Kacper Adamczyk<\/p>\n<p><strong>Kontakt<\/strong><br \/>e-mail:&nbsp;<a href=\"mailto:bon@pans.krosno.pl\">bon@pans.krosno.pl<\/a><br \/>tel.&nbsp;(013)&nbsp;43&nbsp;755&nbsp;12<\/p>\n<p><strong>Biuro ds. ds. Os\u00f3b z Niepe\u0142nosprawno\u015bciami PANS w Kro\u015bnie<\/strong><br \/>ul. Rynek 1 (bud. Rektoratu), pok. 04<br \/>38-400&nbsp;Krosno<\/p>\n<p><strong>Godziny&nbsp;otwarcia&nbsp;biura:<\/strong><br \/>Poniedzia\u0142ek: 8.00 \u2013 16.00<br \/>Wtorek: 8.00 \u2013 16.00<br \/>\u015aroda: 8.00 \u2013 16.00<br \/>Czwartek: 8.00 \u2013 16.00<br \/>Pi\u0105tek: 8.00 \u2013 16.00<\/p>\n\n\n<!--more-->\n<!--noteaser-->\n\n\n<h3 class=\"tytul4\">Informacje dla Kandydat\u00f3w na studia b\u0119d\u0105cych osobami z niepe\u0142nosprawno\u015bciami<\/h3>\n<p><u>Drodzy Kandydaci na studia,<br \/><\/u>dzi\u0119kujemy, \u017ce chcecie po\u015bwi\u0119ci\u0107 chwilk\u0119 swojego czasu i zapozna\u0107 si\u0119 ze specjaln\u0105 ofert\u0105 Pa\u0144stwowej Akademii Nauk Stosowanych w Kro\u015bnie przygotowan\u0105 dla os\u00f3b z niepe\u0142nosprawno\u015bciami. Chcieliby\u015bmy zapewni\u0107 Pa\u0144stwa, \u017ce nasza Uczelnia jest jedn\u0105 z najlepszych na Podkarpaciu i wci\u0105\u017c staramy si\u0119 by by\u0142a r\u00f3wnie\u017c jak najlepiej przystosowana i przyjazna studentom z niepe\u0142nosprawno\u015bciami. Zapraszamy do zapoznania si\u0119 ze szczeg\u00f3\u0142ami<\/p>\n\n\n<figure class=\"wp-block-image size-full\"><img loading=\"lazy\" decoding=\"async\" width=\"1024\" height=\"683\" src=\"https:\/\/pans.krosno.pl\/bon\/wp-content\/uploads\/sites\/43\/2023\/08\/bon.png\" alt=\"\" class=\"wp-image-2499\" srcset=\"https:\/\/pans.krosno.pl\/bon\/wp-content\/uploads\/sites\/43\/2023\/08\/bon.png 1024w, https:\/\/pans.krosno.pl\/bon\/wp-content\/uploads\/sites\/43\/2023\/08\/bon-300x200.png 300w, https:\/\/pans.krosno.pl\/bon\/wp-content\/uploads\/sites\/43\/2023\/08\/bon-768x512.png 768w, https:\/\/pans.krosno.pl\/bon\/wp-content\/uploads\/sites\/43\/2023\/08\/bon-800x534.png 800w, https:\/\/pans.krosno.pl\/bon\/wp-content\/uploads\/sites\/43\/2023\/08\/bon-580x387.png 580w\" sizes=\"auto, (max-width: 1024px) 100vw, 1024px\" \/><figcaption class=\"wp-element-caption\">DOM<\/figcaption><\/figure>\n\n\n<p><strong>Biuro ds. Os\u00f3b z Niepe\u0142nosprawno\u015bciami (BON)<\/strong><\/p>\n<p>BON jest jednostk\u0105, kt\u00f3ra realizuje szereg zada\u0144 zwi\u0105zanych ze stwarzaniem studentom, b\u0119d\u0105cym osobami niepe\u0142nosprawnymi, warunk\u00f3w do pe\u0142nego udzia\u0142u w procesie kszta\u0142cenia w Pa\u0144stwowej Akademii Nauk Stosowanych w Kro\u015bnie. Mimo, \u017ce nasze biuro jest bardzo &#8222;m\u0142od\u0105&#8221; jednostk\u0105, to staramy si\u0119 dzia\u0142a\u0107 bardzo pr\u0119\u017cnie i robi\u0107 jak najwi\u0119cej dla naszych student\u00f3w tak, by PANS w Kro\u015bnie by\u0142a Uczelni\u0105 jak najbardziej dostosowan\u0105 do student\u00f3w niepe\u0142nosprawnych.<\/p>\n\n\n<figure class=\"wp-block-gallery has-nested-images columns-default is-cropped wp-block-gallery-1 is-layout-flex wp-block-gallery-is-layout-flex\">\n<figure class=\"wp-block-image size-large\"><img loading=\"lazy\" decoding=\"async\" width=\"960\" height=\"637\" data-id=\"63\" src=\"https:\/\/pans.krosno.pl\/bon\/wp-content\/uploads\/sites\/43\/2020\/03\/dsc_0598.jpg\" alt=\"\" class=\"wp-image-63\" srcset=\"https:\/\/pans.krosno.pl\/bon\/wp-content\/uploads\/sites\/43\/2020\/03\/dsc_0598.jpg 960w, https:\/\/pans.krosno.pl\/bon\/wp-content\/uploads\/sites\/43\/2020\/03\/dsc_0598-300x199.jpg 300w, https:\/\/pans.krosno.pl\/bon\/wp-content\/uploads\/sites\/43\/2020\/03\/dsc_0598-768x510.jpg 768w, https:\/\/pans.krosno.pl\/bon\/wp-content\/uploads\/sites\/43\/2020\/03\/dsc_0598-800x531.jpg 800w, https:\/\/pans.krosno.pl\/bon\/wp-content\/uploads\/sites\/43\/2020\/03\/dsc_0598-580x385.jpg 580w\" sizes=\"auto, (max-width: 960px) 100vw, 960px\" \/><\/figure>\n\n\n\n<figure class=\"wp-block-image size-large\"><img loading=\"lazy\" decoding=\"async\" width=\"960\" height=\"637\" data-id=\"64\" src=\"https:\/\/pans.krosno.pl\/bon\/wp-content\/uploads\/sites\/43\/2020\/03\/dsc_0669.jpg\" alt=\"\" class=\"wp-image-64\" srcset=\"https:\/\/pans.krosno.pl\/bon\/wp-content\/uploads\/sites\/43\/2020\/03\/dsc_0669.jpg 960w, https:\/\/pans.krosno.pl\/bon\/wp-content\/uploads\/sites\/43\/2020\/03\/dsc_0669-300x199.jpg 300w, https:\/\/pans.krosno.pl\/bon\/wp-content\/uploads\/sites\/43\/2020\/03\/dsc_0669-768x510.jpg 768w, https:\/\/pans.krosno.pl\/bon\/wp-content\/uploads\/sites\/43\/2020\/03\/dsc_0669-800x531.jpg 800w, https:\/\/pans.krosno.pl\/bon\/wp-content\/uploads\/sites\/43\/2020\/03\/dsc_0669-580x385.jpg 580w\" sizes=\"auto, (max-width: 960px) 100vw, 960px\" \/><\/figure>\n<\/figure>\n\n\n<p>Dzia\u0142ania wynikaj\u0105ce z dzia\u0142alno\u015bci naszego biura to m.in.:<\/p>\n<ul>\n<li><a href=\"https:\/\/pans.krosno.pl\/bon\/wypozyczalnia-sprzetu\/\">wypo\u017cyczalnie sprz\u0119tu specjalistycznego<\/a>&nbsp;(dyktafony, tablety, skaner, klawiatury, s\u0142uchawki, lupy elektroniczne)<\/li>\n<li>utworzenie stanowiska dostosowanego do os\u00f3b z niepe\u0142nosprawno\u015bciami w Bibliotece G\u0142\u00f3wnej PANS w Kro\u015bnie, Rynek 1 (komputer stacjonarny, powi\u0119kszalnik &#8222;Read Desk&#8221;, program powi\u0119kszaj\u0105co-m\u00f3wi\u0105cy, s\u0142uchawki, skaner, klawiatury: dla os\u00f3b pisz\u0105cych jedn\u0105 r\u0119k\u0105, dla os\u00f3b s\u0142abowidz\u0105cych)<\/li>\n<li>dofinansowanie&nbsp;<a href=\"https:\/\/pans.krosno.pl\/bon\/transporty-osoby-niepelnosprawnej\/\">transportu<\/a>&nbsp;dla os\u00f3b niepe\u0142nosprawnych<\/li>\n<li><a href=\"https:\/\/pans.krosno.pl\/bon\/konsultacje-psychologiczne\/\">pomoc specjalistyczna &#8211; konsultacje psychologiczne<\/a><\/li>\n<li>organizacja<a href=\"https:\/\/pans.krosno.pl\/bon\/zajecia-wychowania-fizycznego\/\">&nbsp;zaj\u0119\u0107 maj\u0105cych na celu podniesienie sprawno\u015bci fizycznej i psychicznej<\/a><\/li>\n<li>pomoc&nbsp;<a href=\"https:\/\/pans.krosno.pl\/bon\/asystenta-osoby-niepelnosprawnej\/\">asystenta osoby niepe\u0142nosprawnej<\/a><\/li>\n<li>organizacja&nbsp;<a href=\"http:\/\/www.pwsz.krosno.pl\/wyjazdy--obozy-bon\/\" data-wplink-edit=\"true\">oboz\u00f3w maj\u0105cych na celu podniesienie sprawno\u015bci fizycznej lub psychicznej<\/a>, a tak\u017ce integracj\u0119 \u015brodowiska student\u00f3w b\u0119d\u0105cych osobami z niepe\u0142nosprawno\u015bciami<\/li>\n<\/ul>\n\n\n<figure class=\"wp-block-embed is-type-video is-provider-youtube wp-block-embed-youtube wp-embed-aspect-16-9 wp-has-aspect-ratio\"><div class=\"wp-block-embed__wrapper\">\n<iframe loading=\"lazy\" title=\"Ob\u00f3z studencki - Bieszczady 2016 - Biuro ds. Os\u00f3b Niepe\u0142nosprawnych PWSZ w Kro\u015bnie\" width=\"740\" height=\"416\" src=\"https:\/\/www.youtube.com\/embed\/8sobkqY-sqM?feature=oembed\" frameborder=\"0\" allow=\"accelerometer; autoplay; clipboard-write; encrypted-media; gyroscope; picture-in-picture; web-share\" referrerpolicy=\"strict-origin-when-cross-origin\" allowfullscreen><\/iframe>\n<\/div><\/figure>\n\n\n\n<ul class=\"wp-block-list\">\n<li>zakup literatury specjalistycznej i naukowej, w postaci audiobook\u00f3w i ksi\u0105\u017cek<\/li>\n\n\n\n<li>organizacja&nbsp;<a href=\"https:\/\/pans.krosno.pl\/bon\/category\/kursy-szkolenia\/\">szkole\u0144 dla student\u00f3w oraz pracownik\u00f3w<\/a>&nbsp;z zakresu:&nbsp;pierwszej pomocy, asystenta osoby z niepe\u0142nosprawo\u015bci\u0105<\/li>\n\n\n\n<li>udzia\u0142 w likwidacji barier architektonicznych oraz komunikacyjnych<\/li>\n\n\n\n<li>rozwi\u0105zywanie indywidualnych problem\u00f3w student\u00f3w z niepe\u0142nosprawno\u015bciami<\/li>\n\n\n\n<li>zwi\u0119kszanie dost\u0119pno\u015bci studi\u00f3w w PANS w Kro\u015bnie<\/li>\n\n\n\n<li>zapewnianie pomocy poprzez praktyczne wsparcie oraz udzielanie informacji<\/li>\n\n\n\n<li>organizacja imprez kulturalnych oaz integracyjno-adaptacyjnych<\/li>\n<\/ul>\n\n\n\n<figure class=\"wp-block-embed is-type-video is-provider-youtube wp-block-embed-youtube wp-embed-aspect-16-9 wp-has-aspect-ratio\"><div class=\"wp-block-embed__wrapper\">\n<iframe loading=\"lazy\" title=\"Biuro ds. Os\u00f3b Niepe\u0142nosprawnych PWSZ w Kro\u015bnie\" width=\"740\" height=\"416\" src=\"https:\/\/www.youtube.com\/embed\/Mt7OkDpxAqM?feature=oembed\" frameborder=\"0\" allow=\"accelerometer; autoplay; clipboard-write; encrypted-media; gyroscope; picture-in-picture; web-share\" referrerpolicy=\"strict-origin-when-cross-origin\" allowfullscreen><\/iframe>\n<\/div><\/figure>\n\n\n<p><strong>Rekrutacja na studia krok po kroku<\/strong><\/p>\n<p>Osoby z niepe\u0142nosprawno\u015bciami zamierzaj\u0105ce podj\u0105\u0107 studia w Pa\u0144stwowej Akademii Nauk Stosowanych w Kro\u015bnie mog\u0105 wybra\u0107 dowolny kierunek oraz specjalizacj\u0119 zgodny z ich zainteresowaniami. Osoby z niepe\u0142nosprawno\u015bciami, tak jak wszyscy inni kandydaci, przechodz\u0105 post\u0119powanie kwalifikacyjne zgodnie z warunkami okre\u015blonymi dla danego kierunku.<\/p>\n<ul>\n<li>Zapoznanie si\u0119 z <a href=\"https:\/\/pans.krosno.pl\/rekrutacja\/\">kierunkami, specjalno\u015bciami oraz z harmonogramem rekrutacji<\/a><\/li>\n<li><a href=\"https:\/\/irk.pans.krosno.pl\/pl\/\">Internetowa Rejestracja Kandydat\u00f3w na studia&nbsp;<\/a><\/li>\n<\/ul>\n<p><strong>Stypendium oraz zakwaterowanie w Domu Studenta<\/strong><\/p>\n<p>Po zakwalifikowaniu si\u0119 na studia zapraszamy Pa\u0144stwa do zapoznania si\u0119 z informacjami dotycz\u0105cymi stypendi\u00f3w oraz zakwaterowania w Domu Studenta przy ul. \u017bwirki i Wigury w Kro\u015bnie.<\/p>\n<p>Student PANS w Kro\u015bnie, b\u0119d\u0105cy osob\u0105 z niepe\u0142nosprawno\u015bci\u0105, mo\u017ce ubiega\u0107 si\u0119 o przyznanie nast\u0119puj\u0105cych \u015bwiadcze\u0144:<\/p>\n<ul>\n<li>Stypendium specjalne dla os\u00f3b niepe\u0142nosprawnych<\/li>\n<li>Stypendium socjalne<\/li>\n<li>Stypendium rektora dla najlepszych student\u00f3w<\/li>\n<li>Zapomoga losowa<\/li>\n<\/ul>\n<p>Szczeg\u00f3\u0142y dotycz\u0105ce<a href=\"https:\/\/pans.krosno.pl\/stypendia\/\" target=\"_blank\" rel=\"noopener noreferrer\">&nbsp;pomocy materialnej&nbsp;<\/a> oraz szczeg\u00f3\u0142y dotycz\u0105ce&nbsp;<a href=\"https:\/\/pans.krosno.pl\/zakwaterowanie\/\">zakwaterowania w Domu Studenta<\/a>&nbsp;przy ul. \u017bwirki i Wigury w Kro\u015bnie&nbsp;&nbsp;<\/p>\n\n\n<figure class=\"wp-block-image size-large\"><img loading=\"lazy\" decoding=\"async\" width=\"960\" height=\"540\" src=\"https:\/\/pans.krosno.pl\/bon\/wp-content\/uploads\/sites\/43\/2020\/03\/dsc_0394.jpg\" alt=\"\" class=\"wp-image-66\" srcset=\"https:\/\/pans.krosno.pl\/bon\/wp-content\/uploads\/sites\/43\/2020\/03\/dsc_0394.jpg 960w, https:\/\/pans.krosno.pl\/bon\/wp-content\/uploads\/sites\/43\/2020\/03\/dsc_0394-300x169.jpg 300w, https:\/\/pans.krosno.pl\/bon\/wp-content\/uploads\/sites\/43\/2020\/03\/dsc_0394-768x432.jpg 768w, https:\/\/pans.krosno.pl\/bon\/wp-content\/uploads\/sites\/43\/2020\/03\/dsc_0394-800x450.jpg 800w, https:\/\/pans.krosno.pl\/bon\/wp-content\/uploads\/sites\/43\/2020\/03\/dsc_0394-270x152.jpg 270w, https:\/\/pans.krosno.pl\/bon\/wp-content\/uploads\/sites\/43\/2020\/03\/dsc_0394-580x326.jpg 580w\" sizes=\"auto, (max-width: 960px) 100vw, 960px\" \/><\/figure>\n\n\n<p><u><strong>Wszystkich Student\u00f3w b\u0119d\u0105cych osobami z niepe\u0142nosprawno\u015bciami prosimy o kontakt i zapraszamy do wsp\u00f3\u0142pracy z Biurem ds. Os\u00f3b z Niepe\u0142nosprawno\u015bciami<\/strong><\/u><\/p>\n<p>Biuro ds. Os\u00f3b z Niepe\u0142nosprawno\u015bciami (BON)<br>Rynek 1 (budynek Rektoratu) w Kro\u015bnie, pok. 04<br>Czynne: <br>Poniedzia\u0142ek: 8.00 \u2013 16.00<br>Wtorek: 8.00 \u2013 16.00<br>\u015aroda: 8.00 \u2013 16.00<br>Czwartek: 8.00 \u2013 16.00<br>Pi\u0105tek: 8.00 \u2013 16.00<br>tel. (013) 43-755-12<\/p>\n<p>e-mail: <a href=\"mailto:bon@pans.krosno.pl\">bon@pans.krosno.pl<\/a><\/p>\n<p>Pe\u0142nomocnik Rektora ds. Os\u00f3b z Niepe\u0142nosprawno\u015bciami: <br>Dr Grzegorz Sobolewski, <br>e-mail:&nbsp;<a href=\"mailto:grzegorz.sobolewski@pans.krosno.pl\">grzegorz.sobolewski@pans.krosno.pl<\/a><\/p>\n<p>Pracownicy BON: <br>in\u017c. Kacper Adamczyk,<br>e-mail: <a href=\"mailto:kacper.adamczyk@pans.krosno.pl\">kacper.adamczyk@pans.krosno.pl<\/a><\/p>\n\n","protected":false},"excerpt":{"rendered":"<p>Chcieliby\u015bmy zapewni\u0107 Was, \u017ce nasza Uczelnia jest jedn\u0105 z najlepszych na Podkarpaciu i wci\u0105\u017c staramy si\u0119 by by\u0142a r\u00f3wnie\u017c jak najlepiej przystosowana i przyjazna studentom z niepe\u0142nosprawno\u015bciami. Zapraszamy do zapoznania si\u0119 ze szczeg\u00f3\u0142ami. Czytaj wi\u0119cej Pe\u0142nomocnik Rektora ds. Os\u00f3b z Niepe\u0142nosprawno\u015bciamidr Grzegorz Sobolewski Pracownicy Biura ds. Os\u00f3b z Niepe\u0142nosprawno\u015bciamiKacper Adamczyk [\u2026] <\/p>\n<div class=\"clear\"><\/div>\n<p><a class=\"more_link clearfix\" href=\"https:\/\/pans.krosno.pl\/bon\/dla-kandydata-na-studia\/\" rel=\"nofollow\">Read More<\/a><\/p>\n","protected":false},"author":1,"featured_media":2499,"parent":0,"menu_order":0,"comment_status":"closed","ping_status":"closed","template":"page-templates\/template-full-width.php","meta":{"ngg_post_thumbnail":0,"footnotes":""},"class_list":["post-23","page","type-page","status-publish","has-post-thumbnail","hentry"],"yoast_head":"<!-- This site is optimized with the Yoast SEO Premium plugin v27.4 (Yoast SEO v27.4) - https:\/\/yoast.com\/product\/yoast-seo-premium-wordpress\/ -->\n<title>Dla Kandydata na studia - Biuro ds. Os\u00f3b Niepe\u0142nosprawnych PANS w Kro\u015bnie<\/title>\n<meta name=\"description\" content=\"Chcieliby\u015bmy zapewni\u0107 Was, \u017ce nasza Uczelnia jest jedn\u0105 z najlepszych na Podkarpaciu i wci\u0105\u017c staramy si\u0119 by by\u0142a r\u00f3wnie\u017c jak najlepiej przystosowana i przyjazna studentom niepe\u0142nosprawnym. Zapraszamy do zapoznania si\u0119 ze szczeg\u00f3\u0142ami\" \/>\n<meta name=\"robots\" content=\"index, follow, max-snippet:-1, max-image-preview:large, max-video-preview:-1\" \/>\n<link rel=\"canonical\" href=\"https:\/\/pans.krosno.pl\/bon\/dla-kandydata-na-studia\/\" \/>\n<meta property=\"og:locale\" content=\"pl_PL\" \/>\n<meta property=\"og:type\" content=\"article\" \/>\n<meta property=\"og:title\" content=\"Dla Kandydata na studia\" \/>\n<meta property=\"og:description\" content=\"Chcieliby\u015bmy zapewni\u0107 Was, \u017ce nasza Uczelnia jest jedn\u0105 z najlepszych na Podkarpaciu i wci\u0105\u017c staramy si\u0119 by by\u0142a r\u00f3wnie\u017c jak najlepiej przystosowana i przyjazna studentom niepe\u0142nosprawnym. Zapraszamy do zapoznania si\u0119 ze szczeg\u00f3\u0142ami\" \/>\n<meta property=\"og:url\" content=\"https:\/\/pans.krosno.pl\/bon\/dla-kandydata-na-studia\/\" \/>\n<meta property=\"og:site_name\" content=\"Biuro ds. Os\u00f3b Niepe\u0142nosprawnych PANS w Kro\u015bnie\" \/>\n<meta property=\"article:modified_time\" content=\"2025-07-28T12:12:38+00:00\" \/>\n<meta property=\"og:image\" content=\"https:\/\/pans.krosno.pl\/bon\/wp-content\/uploads\/sites\/43\/2023\/08\/bon.png\" \/>\n\t<meta property=\"og:image:width\" content=\"1024\" \/>\n\t<meta property=\"og:image:height\" content=\"683\" \/>\n\t<meta property=\"og:image:type\" content=\"image\/png\" \/>\n<meta name=\"twitter:card\" content=\"summary_large_image\" \/>\n<meta name=\"twitter:label1\" content=\"Szacowany czas czytania\" \/>\n\t<meta name=\"twitter:data1\" content=\"5 minut\" \/>\n<script type=\"application\/ld+json\" class=\"yoast-schema-graph\">{\"@context\":\"https:\\\/\\\/schema.org\",\"@graph\":[{\"@type\":\"WebPage\",\"@id\":\"https:\\\/\\\/pans.krosno.pl\\\/bon\\\/dla-kandydata-na-studia\\\/\",\"url\":\"https:\\\/\\\/pans.krosno.pl\\\/bon\\\/dla-kandydata-na-studia\\\/\",\"name\":\"Dla Kandydata na studia - Biuro ds. Os\u00f3b Niepe\u0142nosprawnych PANS w Kro\u015bnie\",\"isPartOf\":{\"@id\":\"https:\\\/\\\/pans.krosno.pl\\\/bon\\\/#website\"},\"primaryImageOfPage\":{\"@id\":\"https:\\\/\\\/pans.krosno.pl\\\/bon\\\/dla-kandydata-na-studia\\\/#primaryimage\"},\"image\":{\"@id\":\"https:\\\/\\\/pans.krosno.pl\\\/bon\\\/dla-kandydata-na-studia\\\/#primaryimage\"},\"thumbnailUrl\":\"https:\\\/\\\/pans.krosno.pl\\\/bon\\\/wp-content\\\/uploads\\\/sites\\\/43\\\/2023\\\/08\\\/bon.png\",\"datePublished\":\"2020-03-27T23:39:00+00:00\",\"dateModified\":\"2025-07-28T12:12:38+00:00\",\"description\":\"Chcieliby\u015bmy zapewni\u0107 Was, \u017ce nasza Uczelnia jest jedn\u0105 z najlepszych na Podkarpaciu i wci\u0105\u017c staramy si\u0119 by by\u0142a r\u00f3wnie\u017c jak najlepiej przystosowana i przyjazna studentom niepe\u0142nosprawnym. Zapraszamy do zapoznania si\u0119 ze szczeg\u00f3\u0142ami\",\"breadcrumb\":{\"@id\":\"https:\\\/\\\/pans.krosno.pl\\\/bon\\\/dla-kandydata-na-studia\\\/#breadcrumb\"},\"inLanguage\":\"pl-PL\",\"potentialAction\":[{\"@type\":\"ReadAction\",\"target\":[\"https:\\\/\\\/pans.krosno.pl\\\/bon\\\/dla-kandydata-na-studia\\\/\"]}]},{\"@type\":\"ImageObject\",\"inLanguage\":\"pl-PL\",\"@id\":\"https:\\\/\\\/pans.krosno.pl\\\/bon\\\/dla-kandydata-na-studia\\\/#primaryimage\",\"url\":\"https:\\\/\\\/pans.krosno.pl\\\/bon\\\/wp-content\\\/uploads\\\/sites\\\/43\\\/2023\\\/08\\\/bon.png\",\"contentUrl\":\"https:\\\/\\\/pans.krosno.pl\\\/bon\\\/wp-content\\\/uploads\\\/sites\\\/43\\\/2023\\\/08\\\/bon.png\",\"width\":1024,\"height\":683},{\"@type\":\"BreadcrumbList\",\"@id\":\"https:\\\/\\\/pans.krosno.pl\\\/bon\\\/dla-kandydata-na-studia\\\/#breadcrumb\",\"itemListElement\":[{\"@type\":\"ListItem\",\"position\":1,\"name\":\"Strona g\u0142\u00f3wna\",\"item\":\"https:\\\/\\\/pans.krosno.pl\\\/bon\\\/\"},{\"@type\":\"ListItem\",\"position\":2,\"name\":\"Dla Kandydata na studia\"}]},{\"@type\":\"WebSite\",\"@id\":\"https:\\\/\\\/pans.krosno.pl\\\/bon\\\/#website\",\"url\":\"https:\\\/\\\/pans.krosno.pl\\\/bon\\\/\",\"name\":\"Biuro ds. Os\u00f3b Niepe\u0142nosprawnych PANS w Kro\u015bnie\",\"description\":\"Biuro ds. Os\u00f3b Niepe\u0142nosprawnych - Pa\u0144stwowa Akademia Nauk Stosowanych\",\"publisher\":{\"@id\":\"https:\\\/\\\/pans.krosno.pl\\\/bon\\\/#organization\"},\"potentialAction\":[{\"@type\":\"SearchAction\",\"target\":{\"@type\":\"EntryPoint\",\"urlTemplate\":\"https:\\\/\\\/pans.krosno.pl\\\/bon\\\/?s={search_term_string}\"},\"query-input\":{\"@type\":\"PropertyValueSpecification\",\"valueRequired\":true,\"valueName\":\"search_term_string\"}}],\"inLanguage\":\"pl-PL\"},{\"@type\":\"Organization\",\"@id\":\"https:\\\/\\\/pans.krosno.pl\\\/bon\\\/#organization\",\"name\":\"Biuro ds. Os\u00f3b Niepe\u0142nosprawnych PANS w Kro\u015bnie\",\"url\":\"https:\\\/\\\/pans.krosno.pl\\\/bon\\\/\",\"logo\":{\"@type\":\"ImageObject\",\"inLanguage\":\"pl-PL\",\"@id\":\"https:\\\/\\\/pans.krosno.pl\\\/bon\\\/#\\\/schema\\\/logo\\\/image\\\/\",\"url\":\"https:\\\/\\\/pans.krosno.pl\\\/bon\\\/wp-content\\\/uploads\\\/sites\\\/43\\\/2023\\\/01\\\/Logo-PANS-2022-pelne.png\",\"contentUrl\":\"https:\\\/\\\/pans.krosno.pl\\\/bon\\\/wp-content\\\/uploads\\\/sites\\\/43\\\/2023\\\/01\\\/Logo-PANS-2022-pelne.png\",\"width\":3096,\"height\":696,\"caption\":\"Biuro ds. Os\u00f3b Niepe\u0142nosprawnych PANS w Kro\u015bnie\"},\"image\":{\"@id\":\"https:\\\/\\\/pans.krosno.pl\\\/bon\\\/#\\\/schema\\\/logo\\\/image\\\/\"}}]}<\/script>\n<!-- \/ Yoast SEO Premium plugin. -->","yoast_head_json":{"title":"Dla Kandydata na studia - Biuro ds. Os\u00f3b Niepe\u0142nosprawnych PANS w Kro\u015bnie","description":"Chcieliby\u015bmy zapewni\u0107 Was, \u017ce nasza Uczelnia jest jedn\u0105 z najlepszych na Podkarpaciu i wci\u0105\u017c staramy si\u0119 by by\u0142a r\u00f3wnie\u017c jak najlepiej przystosowana i przyjazna studentom niepe\u0142nosprawnym. Zapraszamy do zapoznania si\u0119 ze szczeg\u00f3\u0142ami","robots":{"index":"index","follow":"follow","max-snippet":"max-snippet:-1","max-image-preview":"max-image-preview:large","max-video-preview":"max-video-preview:-1"},"canonical":"https:\/\/pans.krosno.pl\/bon\/dla-kandydata-na-studia\/","og_locale":"pl_PL","og_type":"article","og_title":"Dla Kandydata na studia","og_description":"Chcieliby\u015bmy zapewni\u0107 Was, \u017ce nasza Uczelnia jest jedn\u0105 z najlepszych na Podkarpaciu i wci\u0105\u017c staramy si\u0119 by by\u0142a r\u00f3wnie\u017c jak najlepiej przystosowana i przyjazna studentom niepe\u0142nosprawnym. Zapraszamy do zapoznania si\u0119 ze szczeg\u00f3\u0142ami","og_url":"https:\/\/pans.krosno.pl\/bon\/dla-kandydata-na-studia\/","og_site_name":"Biuro ds. Os\u00f3b Niepe\u0142nosprawnych PANS w Kro\u015bnie","article_modified_time":"2025-07-28T12:12:38+00:00","og_image":[{"width":1024,"height":683,"url":"https:\/\/pans.krosno.pl\/bon\/wp-content\/uploads\/sites\/43\/2023\/08\/bon.png","type":"image\/png"}],"twitter_card":"summary_large_image","twitter_misc":{"Szacowany czas czytania":"5 minut"},"schema":{"@context":"https:\/\/schema.org","@graph":[{"@type":"WebPage","@id":"https:\/\/pans.krosno.pl\/bon\/dla-kandydata-na-studia\/","url":"https:\/\/pans.krosno.pl\/bon\/dla-kandydata-na-studia\/","name":"Dla Kandydata na studia - Biuro ds. Os\u00f3b Niepe\u0142nosprawnych PANS w Kro\u015bnie","isPartOf":{"@id":"https:\/\/pans.krosno.pl\/bon\/#website"},"primaryImageOfPage":{"@id":"https:\/\/pans.krosno.pl\/bon\/dla-kandydata-na-studia\/#primaryimage"},"image":{"@id":"https:\/\/pans.krosno.pl\/bon\/dla-kandydata-na-studia\/#primaryimage"},"thumbnailUrl":"https:\/\/pans.krosno.pl\/bon\/wp-content\/uploads\/sites\/43\/2023\/08\/bon.png","datePublished":"2020-03-27T23:39:00+00:00","dateModified":"2025-07-28T12:12:38+00:00","description":"Chcieliby\u015bmy zapewni\u0107 Was, \u017ce nasza Uczelnia jest jedn\u0105 z najlepszych na Podkarpaciu i wci\u0105\u017c staramy si\u0119 by by\u0142a r\u00f3wnie\u017c jak najlepiej przystosowana i przyjazna studentom niepe\u0142nosprawnym. Zapraszamy do zapoznania si\u0119 ze szczeg\u00f3\u0142ami","breadcrumb":{"@id":"https:\/\/pans.krosno.pl\/bon\/dla-kandydata-na-studia\/#breadcrumb"},"inLanguage":"pl-PL","potentialAction":[{"@type":"ReadAction","target":["https:\/\/pans.krosno.pl\/bon\/dla-kandydata-na-studia\/"]}]},{"@type":"ImageObject","inLanguage":"pl-PL","@id":"https:\/\/pans.krosno.pl\/bon\/dla-kandydata-na-studia\/#primaryimage","url":"https:\/\/pans.krosno.pl\/bon\/wp-content\/uploads\/sites\/43\/2023\/08\/bon.png","contentUrl":"https:\/\/pans.krosno.pl\/bon\/wp-content\/uploads\/sites\/43\/2023\/08\/bon.png","width":1024,"height":683},{"@type":"BreadcrumbList","@id":"https:\/\/pans.krosno.pl\/bon\/dla-kandydata-na-studia\/#breadcrumb","itemListElement":[{"@type":"ListItem","position":1,"name":"Strona g\u0142\u00f3wna","item":"https:\/\/pans.krosno.pl\/bon\/"},{"@type":"ListItem","position":2,"name":"Dla Kandydata na studia"}]},{"@type":"WebSite","@id":"https:\/\/pans.krosno.pl\/bon\/#website","url":"https:\/\/pans.krosno.pl\/bon\/","name":"Biuro ds. Os\u00f3b Niepe\u0142nosprawnych PANS w Kro\u015bnie","description":"Biuro ds. Os\u00f3b Niepe\u0142nosprawnych - Pa\u0144stwowa Akademia Nauk Stosowanych","publisher":{"@id":"https:\/\/pans.krosno.pl\/bon\/#organization"},"potentialAction":[{"@type":"SearchAction","target":{"@type":"EntryPoint","urlTemplate":"https:\/\/pans.krosno.pl\/bon\/?s={search_term_string}"},"query-input":{"@type":"PropertyValueSpecification","valueRequired":true,"valueName":"search_term_string"}}],"inLanguage":"pl-PL"},{"@type":"Organization","@id":"https:\/\/pans.krosno.pl\/bon\/#organization","name":"Biuro ds. Os\u00f3b Niepe\u0142nosprawnych PANS w Kro\u015bnie","url":"https:\/\/pans.krosno.pl\/bon\/","logo":{"@type":"ImageObject","inLanguage":"pl-PL","@id":"https:\/\/pans.krosno.pl\/bon\/#\/schema\/logo\/image\/","url":"https:\/\/pans.krosno.pl\/bon\/wp-content\/uploads\/sites\/43\/2023\/01\/Logo-PANS-2022-pelne.png","contentUrl":"https:\/\/pans.krosno.pl\/bon\/wp-content\/uploads\/sites\/43\/2023\/01\/Logo-PANS-2022-pelne.png","width":3096,"height":696,"caption":"Biuro ds. Os\u00f3b Niepe\u0142nosprawnych PANS w Kro\u015bnie"},"image":{"@id":"https:\/\/pans.krosno.pl\/bon\/#\/schema\/logo\/image\/"}}]}},"_links":{"self":[{"href":"https:\/\/pans.krosno.pl\/bon\/wp-json\/wp\/v2\/pages\/23","targetHints":{"allow":["GET"]}}],"collection":[{"href":"https:\/\/pans.krosno.pl\/bon\/wp-json\/wp\/v2\/pages"}],"about":[{"href":"https:\/\/pans.krosno.pl\/bon\/wp-json\/wp\/v2\/types\/page"}],"author":[{"embeddable":true,"href":"https:\/\/pans.krosno.pl\/bon\/wp-json\/wp\/v2\/users\/1"}],"replies":[{"embeddable":true,"href":"https:\/\/pans.krosno.pl\/bon\/wp-json\/wp\/v2\/comments?post=23"}],"version-history":[{"count":46,"href":"https:\/\/pans.krosno.pl\/bon\/wp-json\/wp\/v2\/pages\/23\/revisions"}],"predecessor-version":[{"id":2688,"href":"https:\/\/pans.krosno.pl\/bon\/wp-json\/wp\/v2\/pages\/23\/revisions\/2688"}],"wp:featuredmedia":[{"embeddable":true,"href":"https:\/\/pans.krosno.pl\/bon\/wp-json\/wp\/v2\/media\/2499"}],"wp:attachment":[{"href":"https:\/\/pans.krosno.pl\/bon\/wp-json\/wp\/v2\/media?parent=23"}],"curies":[{"name":"wp","href":"https:\/\/api.w.org\/{rel}","templated":true}]}}