{"id":21,"date":"2020-03-28T00:38:59","date_gmt":"2020-03-27T23:38:59","guid":{"rendered":"https:\/\/pans.krosno.pl\/bon\/?page_id=21"},"modified":"2024-10-03T11:27:27","modified_gmt":"2024-10-03T09:27:27","slug":"zajecia-wychowania-fizycznego","status":"publish","type":"page","link":"https:\/\/pans.krosno.pl\/bon\/zajecia-wychowania-fizycznego\/","title":{"rendered":"Zaj\u0119cia Wychowania Fizycznego"},"content":{"rendered":"<p>Wszyscy studenci Pa\u0144stwowej Akademii Nauk Stosowanych w Kro\u015bnie zobligowani s\u0105 do uczestnictwa w zaj\u0119ciach wychowania fizycznego podczas pierwszego roku studi\u00f3w. Dla student\u00f3w z niepe\u0142nosprawno\u015bciami organizowane s\u0105 poni\u017csze zaj\u0119cia o obni\u017conej intensywno\u015bci, dostosowane do ich mo\u017cliwo\u015bci:<\/p>\n<p><strong>P\u0142ywanie &#8211; opiekun dr Grzegorz Sobolewski<br><\/strong><span style=\"font-size: revert; color: initial;\">poniedzia\u0142ki &#8211; godz. 17.00-18.00,&nbsp; basen przy ul. Sportowej (Turasz\u00f3wka)<\/span><\/p>\n\n\n<p><\/p>\n","protected":false},"excerpt":{"rendered":"<p>Wszyscy studenci Pa\u0144stwowej Akademii Nauk Stosowanych w Kro\u015bnie zobligowani s\u0105 do uczestnictwa w zaj\u0119ciach wychowania fizycznego podczas pierwszego roku studi\u00f3w. Dla student\u00f3w z niepe\u0142nosprawno\u015bciami organizowane s\u0105 poni\u017csze zaj\u0119cia o obni\u017conej intensywno\u015bci, dostosowane do ich mo\u017cliwo\u015bci: P\u0142ywanie &#8211; opiekun dr Grzegorz Sobolewskiponiedzia\u0142ki &#8211; godz. 17.00-18.00,&nbsp; basen przy ul. Sportowej (Turasz\u00f3wka)<\/p>\n","protected":false},"author":1,"featured_media":0,"parent":0,"menu_order":0,"comment_status":"closed","ping_status":"closed","template":"page-templates\/template-full-width.php","meta":{"ngg_post_thumbnail":0,"footnotes":""},"class_list":["post-21","page","type-page","status-publish","hentry"],"yoast_head":"<!-- This site is optimized with the Yoast SEO Premium plugin v27.4 (Yoast SEO v27.4) - https:\/\/yoast.com\/product\/yoast-seo-premium-wordpress\/ -->\n<title>Zaj\u0119cia Wychowania Fizycznego - Biuro ds. Os\u00f3b Niepe\u0142nosprawnych PANS w Kro\u015bnie<\/title>\n<meta name=\"description\" content=\"Uczelniana si\u0142ownia dost\u0119pna jest dla wszystkich student\u00f3w Karpackiej Pa\u0144stwowej Uczelni\u00a0 w Kro\u015bnie.\" \/>\n<meta name=\"robots\" content=\"index, follow, max-snippet:-1, max-image-preview:large, max-video-preview:-1\" \/>\n<link rel=\"canonical\" href=\"https:\/\/pans.krosno.pl\/bon\/zajecia-wychowania-fizycznego\/\" \/>\n<meta property=\"og:locale\" content=\"pl_PL\" \/>\n<meta property=\"og:type\" content=\"article\" \/>\n<meta property=\"og:title\" content=\"Zaj\u0119cia Wychowania Fizycznego\" \/>\n<meta property=\"og:description\" content=\"Uczelniana si\u0142ownia dost\u0119pna jest dla wszystkich student\u00f3w Karpackiej Pa\u0144stwowej Uczelni\u00a0 w Kro\u015bnie.\" \/>\n<meta property=\"og:url\" content=\"https:\/\/pans.krosno.pl\/bon\/zajecia-wychowania-fizycznego\/\" \/>\n<meta property=\"og:site_name\" content=\"Biuro ds. Os\u00f3b Niepe\u0142nosprawnych PANS w Kro\u015bnie\" \/>\n<meta property=\"article:modified_time\" content=\"2024-10-03T09:27:27+00:00\" \/>\n<meta name=\"twitter:card\" content=\"summary_large_image\" \/>\n<meta name=\"twitter:label1\" content=\"Szacowany czas czytania\" \/>\n\t<meta name=\"twitter:data1\" content=\"1 minuta\" \/>\n<script type=\"application\/ld+json\" class=\"yoast-schema-graph\">{\"@context\":\"https:\\\/\\\/schema.org\",\"@graph\":[{\"@type\":\"WebPage\",\"@id\":\"https:\\\/\\\/pans.krosno.pl\\\/bon\\\/zajecia-wychowania-fizycznego\\\/\",\"url\":\"https:\\\/\\\/pans.krosno.pl\\\/bon\\\/zajecia-wychowania-fizycznego\\\/\",\"name\":\"Zaj\u0119cia Wychowania Fizycznego - Biuro ds. Os\u00f3b Niepe\u0142nosprawnych PANS w Kro\u015bnie\",\"isPartOf\":{\"@id\":\"https:\\\/\\\/pans.krosno.pl\\\/bon\\\/#website\"},\"datePublished\":\"2020-03-27T23:38:59+00:00\",\"dateModified\":\"2024-10-03T09:27:27+00:00\",\"description\":\"Uczelniana si\u0142ownia dost\u0119pna jest dla wszystkich student\u00f3w Karpackiej Pa\u0144stwowej Uczelni\u00a0 w Kro\u015bnie.\",\"breadcrumb\":{\"@id\":\"https:\\\/\\\/pans.krosno.pl\\\/bon\\\/zajecia-wychowania-fizycznego\\\/#breadcrumb\"},\"inLanguage\":\"pl-PL\",\"potentialAction\":[{\"@type\":\"ReadAction\",\"target\":[\"https:\\\/\\\/pans.krosno.pl\\\/bon\\\/zajecia-wychowania-fizycznego\\\/\"]}]},{\"@type\":\"BreadcrumbList\",\"@id\":\"https:\\\/\\\/pans.krosno.pl\\\/bon\\\/zajecia-wychowania-fizycznego\\\/#breadcrumb\",\"itemListElement\":[{\"@type\":\"ListItem\",\"position\":1,\"name\":\"Strona g\u0142\u00f3wna\",\"item\":\"https:\\\/\\\/pans.krosno.pl\\\/bon\\\/\"},{\"@type\":\"ListItem\",\"position\":2,\"name\":\"Zaj\u0119cia Wychowania Fizycznego\"}]},{\"@type\":\"WebSite\",\"@id\":\"https:\\\/\\\/pans.krosno.pl\\\/bon\\\/#website\",\"url\":\"https:\\\/\\\/pans.krosno.pl\\\/bon\\\/\",\"name\":\"Biuro ds. Os\u00f3b Niepe\u0142nosprawnych PANS w Kro\u015bnie\",\"description\":\"Biuro ds. Os\u00f3b Niepe\u0142nosprawnych - Pa\u0144stwowa Akademia Nauk Stosowanych\",\"publisher\":{\"@id\":\"https:\\\/\\\/pans.krosno.pl\\\/bon\\\/#organization\"},\"potentialAction\":[{\"@type\":\"SearchAction\",\"target\":{\"@type\":\"EntryPoint\",\"urlTemplate\":\"https:\\\/\\\/pans.krosno.pl\\\/bon\\\/?s={search_term_string}\"},\"query-input\":{\"@type\":\"PropertyValueSpecification\",\"valueRequired\":true,\"valueName\":\"search_term_string\"}}],\"inLanguage\":\"pl-PL\"},{\"@type\":\"Organization\",\"@id\":\"https:\\\/\\\/pans.krosno.pl\\\/bon\\\/#organization\",\"name\":\"Biuro ds. Os\u00f3b Niepe\u0142nosprawnych PANS w Kro\u015bnie\",\"url\":\"https:\\\/\\\/pans.krosno.pl\\\/bon\\\/\",\"logo\":{\"@type\":\"ImageObject\",\"inLanguage\":\"pl-PL\",\"@id\":\"https:\\\/\\\/pans.krosno.pl\\\/bon\\\/#\\\/schema\\\/logo\\\/image\\\/\",\"url\":\"https:\\\/\\\/pans.krosno.pl\\\/bon\\\/wp-content\\\/uploads\\\/sites\\\/43\\\/2023\\\/01\\\/Logo-PANS-2022-pelne.png\",\"contentUrl\":\"https:\\\/\\\/pans.krosno.pl\\\/bon\\\/wp-content\\\/uploads\\\/sites\\\/43\\\/2023\\\/01\\\/Logo-PANS-2022-pelne.png\",\"width\":3096,\"height\":696,\"caption\":\"Biuro ds. Os\u00f3b Niepe\u0142nosprawnych PANS w Kro\u015bnie\"},\"image\":{\"@id\":\"https:\\\/\\\/pans.krosno.pl\\\/bon\\\/#\\\/schema\\\/logo\\\/image\\\/\"}}]}<\/script>\n<!-- \/ Yoast SEO Premium plugin. -->","yoast_head_json":{"title":"Zaj\u0119cia Wychowania Fizycznego - Biuro ds. Os\u00f3b Niepe\u0142nosprawnych PANS w Kro\u015bnie","description":"Uczelniana si\u0142ownia dost\u0119pna jest dla wszystkich student\u00f3w Karpackiej Pa\u0144stwowej Uczelni\u00a0 w Kro\u015bnie.","robots":{"index":"index","follow":"follow","max-snippet":"max-snippet:-1","max-image-preview":"max-image-preview:large","max-video-preview":"max-video-preview:-1"},"canonical":"https:\/\/pans.krosno.pl\/bon\/zajecia-wychowania-fizycznego\/","og_locale":"pl_PL","og_type":"article","og_title":"Zaj\u0119cia Wychowania Fizycznego","og_description":"Uczelniana si\u0142ownia dost\u0119pna jest dla wszystkich student\u00f3w Karpackiej Pa\u0144stwowej Uczelni\u00a0 w Kro\u015bnie.","og_url":"https:\/\/pans.krosno.pl\/bon\/zajecia-wychowania-fizycznego\/","og_site_name":"Biuro ds. Os\u00f3b Niepe\u0142nosprawnych PANS w Kro\u015bnie","article_modified_time":"2024-10-03T09:27:27+00:00","twitter_card":"summary_large_image","twitter_misc":{"Szacowany czas czytania":"1 minuta"},"schema":{"@context":"https:\/\/schema.org","@graph":[{"@type":"WebPage","@id":"https:\/\/pans.krosno.pl\/bon\/zajecia-wychowania-fizycznego\/","url":"https:\/\/pans.krosno.pl\/bon\/zajecia-wychowania-fizycznego\/","name":"Zaj\u0119cia Wychowania Fizycznego - Biuro ds. Os\u00f3b Niepe\u0142nosprawnych PANS w Kro\u015bnie","isPartOf":{"@id":"https:\/\/pans.krosno.pl\/bon\/#website"},"datePublished":"2020-03-27T23:38:59+00:00","dateModified":"2024-10-03T09:27:27+00:00","description":"Uczelniana si\u0142ownia dost\u0119pna jest dla wszystkich student\u00f3w Karpackiej Pa\u0144stwowej Uczelni\u00a0 w Kro\u015bnie.","breadcrumb":{"@id":"https:\/\/pans.krosno.pl\/bon\/zajecia-wychowania-fizycznego\/#breadcrumb"},"inLanguage":"pl-PL","potentialAction":[{"@type":"ReadAction","target":["https:\/\/pans.krosno.pl\/bon\/zajecia-wychowania-fizycznego\/"]}]},{"@type":"BreadcrumbList","@id":"https:\/\/pans.krosno.pl\/bon\/zajecia-wychowania-fizycznego\/#breadcrumb","itemListElement":[{"@type":"ListItem","position":1,"name":"Strona g\u0142\u00f3wna","item":"https:\/\/pans.krosno.pl\/bon\/"},{"@type":"ListItem","position":2,"name":"Zaj\u0119cia Wychowania Fizycznego"}]},{"@type":"WebSite","@id":"https:\/\/pans.krosno.pl\/bon\/#website","url":"https:\/\/pans.krosno.pl\/bon\/","name":"Biuro ds. Os\u00f3b Niepe\u0142nosprawnych PANS w Kro\u015bnie","description":"Biuro ds. Os\u00f3b Niepe\u0142nosprawnych - Pa\u0144stwowa Akademia Nauk Stosowanych","publisher":{"@id":"https:\/\/pans.krosno.pl\/bon\/#organization"},"potentialAction":[{"@type":"SearchAction","target":{"@type":"EntryPoint","urlTemplate":"https:\/\/pans.krosno.pl\/bon\/?s={search_term_string}"},"query-input":{"@type":"PropertyValueSpecification","valueRequired":true,"valueName":"search_term_string"}}],"inLanguage":"pl-PL"},{"@type":"Organization","@id":"https:\/\/pans.krosno.pl\/bon\/#organization","name":"Biuro ds. Os\u00f3b Niepe\u0142nosprawnych PANS w Kro\u015bnie","url":"https:\/\/pans.krosno.pl\/bon\/","logo":{"@type":"ImageObject","inLanguage":"pl-PL","@id":"https:\/\/pans.krosno.pl\/bon\/#\/schema\/logo\/image\/","url":"https:\/\/pans.krosno.pl\/bon\/wp-content\/uploads\/sites\/43\/2023\/01\/Logo-PANS-2022-pelne.png","contentUrl":"https:\/\/pans.krosno.pl\/bon\/wp-content\/uploads\/sites\/43\/2023\/01\/Logo-PANS-2022-pelne.png","width":3096,"height":696,"caption":"Biuro ds. Os\u00f3b Niepe\u0142nosprawnych PANS w Kro\u015bnie"},"image":{"@id":"https:\/\/pans.krosno.pl\/bon\/#\/schema\/logo\/image\/"}}]}},"_links":{"self":[{"href":"https:\/\/pans.krosno.pl\/bon\/wp-json\/wp\/v2\/pages\/21","targetHints":{"allow":["GET"]}}],"collection":[{"href":"https:\/\/pans.krosno.pl\/bon\/wp-json\/wp\/v2\/pages"}],"about":[{"href":"https:\/\/pans.krosno.pl\/bon\/wp-json\/wp\/v2\/types\/page"}],"author":[{"embeddable":true,"href":"https:\/\/pans.krosno.pl\/bon\/wp-json\/wp\/v2\/users\/1"}],"replies":[{"embeddable":true,"href":"https:\/\/pans.krosno.pl\/bon\/wp-json\/wp\/v2\/comments?post=21"}],"version-history":[{"count":7,"href":"https:\/\/pans.krosno.pl\/bon\/wp-json\/wp\/v2\/pages\/21\/revisions"}],"predecessor-version":[{"id":2658,"href":"https:\/\/pans.krosno.pl\/bon\/wp-json\/wp\/v2\/pages\/21\/revisions\/2658"}],"wp:attachment":[{"href":"https:\/\/pans.krosno.pl\/bon\/wp-json\/wp\/v2\/media?parent=21"}],"curies":[{"name":"wp","href":"https:\/\/api.w.org\/{rel}","templated":true}]}}