{"id":20,"date":"2020-03-28T00:38:59","date_gmt":"2020-03-27T23:38:59","guid":{"rendered":"https:\/\/pans.krosno.pl\/bon\/?page_id=20"},"modified":"2024-10-03T13:44:18","modified_gmt":"2024-10-03T11:44:18","slug":"wypozyczalnia-sprzetu","status":"publish","type":"page","link":"https:\/\/pans.krosno.pl\/bon\/wypozyczalnia-sprzetu\/","title":{"rendered":"Wypo\u017cyczalnia sprz\u0119tu"},"content":{"rendered":"<p>Biuro ds. Os\u00f3b Niepe\u0142nosprawnych PANS w Kro\u015bnie prowadzi Wypo\u017cyczalni\u0119 urz\u0105dze\u0144 specjalistycznych dla student\u00f3w z niepe\u0142nosprawno\u015bciami.&nbsp;<\/p>\n<p>Obecnie studenci&nbsp;<strong>bezp\u0142atnie<\/strong>&nbsp;mog\u0105 wypo\u017cyczy\u0107 nast\u0119puj\u0105ce sprz\u0119ty:<\/p>\n<ul>\n<li>laptop<\/li>\n<li>zestaw FM<\/li>\n<li>mikrofon Oticon<\/li>\n<li>tablet<\/li>\n<li>dyktafon<\/li>\n<li>lup\u0119 przeno\u015bni\u0105 I-LOVIEW<\/li>\n<li>klawiatury specjalistyczne (m.in. klawiatura dla os\u00f3b pisz\u0105cych jedn\u0105 r\u0119k\u0105, klawiatura z du\u017cymi klawiszami dla os\u00f3b s\u0142abowidz\u0105cych, klawiatura z du\u017cymi kontrastowymi literami)<\/li>\n<\/ul>\n<p>Istnieje r\u00f3wnie\u017c mo\u017cliwo\u015b\u0107 zakupu innych potrzebnych sprz\u0119t\u00f3w, kt\u00f3re umo\u017cliwi\u0105 studentom pe\u0142ny udzia\u0142 w procesie kszta\u0142cenia. W tym celu nale\u017cy kontaktowa\u0107 si\u0119 bezpo\u015brednio z pracownikiem BON.<\/p>\n\n\n<figure class=\"wp-block-gallery has-nested-images columns-default is-cropped wp-block-gallery-1 is-layout-flex wp-block-gallery-is-layout-flex\">\n<figure class=\"wp-block-image size-large\"><img loading=\"lazy\" decoding=\"async\" width=\"236\" height=\"236\" data-id=\"120\" src=\"https:\/\/pans.krosno.pl\/bon\/wp-content\/uploads\/sites\/43\/2020\/03\/l3uW3JumZVWqkYlkZApowiekszalnik.jpg\" alt=\"\" class=\"wp-image-120\" srcset=\"https:\/\/pans.krosno.pl\/bon\/wp-content\/uploads\/sites\/43\/2020\/03\/l3uW3JumZVWqkYlkZApowiekszalnik.jpg 236w, https:\/\/pans.krosno.pl\/bon\/wp-content\/uploads\/sites\/43\/2020\/03\/l3uW3JumZVWqkYlkZApowiekszalnik-150x150.jpg 150w\" sizes=\"auto, (max-width: 236px) 100vw, 236px\" \/><\/figure>\n\n\n\n<figure class=\"wp-block-image size-large\"><img loading=\"lazy\" decoding=\"async\" width=\"300\" height=\"220\" data-id=\"121\" src=\"https:\/\/pans.krosno.pl\/bon\/wp-content\/uploads\/sites\/43\/2020\/03\/l3uW3JumZVWqkYlkZAklawiatura.jpg\" alt=\"\" class=\"wp-image-121\"\/><\/figure>\n\n\n\n<figure class=\"wp-block-image size-large\"><img loading=\"lazy\" decoding=\"async\" width=\"960\" height=\"720\" data-id=\"122\" src=\"https:\/\/pans.krosno.pl\/bon\/wp-content\/uploads\/sites\/43\/2020\/03\/10751590_10152810422569513_1414057641_n.jpg\" alt=\"\" class=\"wp-image-122\" srcset=\"https:\/\/pans.krosno.pl\/bon\/wp-content\/uploads\/sites\/43\/2020\/03\/10751590_10152810422569513_1414057641_n.jpg 960w, https:\/\/pans.krosno.pl\/bon\/wp-content\/uploads\/sites\/43\/2020\/03\/10751590_10152810422569513_1414057641_n-300x225.jpg 300w, https:\/\/pans.krosno.pl\/bon\/wp-content\/uploads\/sites\/43\/2020\/03\/10751590_10152810422569513_1414057641_n-768x576.jpg 768w, https:\/\/pans.krosno.pl\/bon\/wp-content\/uploads\/sites\/43\/2020\/03\/10751590_10152810422569513_1414057641_n-800x600.jpg 800w, https:\/\/pans.krosno.pl\/bon\/wp-content\/uploads\/sites\/43\/2020\/03\/10751590_10152810422569513_1414057641_n-580x435.jpg 580w\" sizes=\"auto, (max-width: 960px) 100vw, 960px\" \/><\/figure>\n<\/figure>\n\n\n\n<p>W celu wypo\u017cyczenia sprz\u0119tu nale\u017cy:<\/p>\n\n\n\n<ul class=\"wp-block-list\">\n<li>zg\u0142osi\u0107 si\u0119 do Biura ds. Os\u00f3b Niepe\u0142nosprawnych<\/li>\n\n\n\n<li>wype\u0142ni\u0107 oraz z\u0142o\u017cy\u0107 wniosek o wypo\u017cyczenie sprz\u0119tu<\/li>\n\n\n\n<li>przedstawi\u0107 orzeczenie o niepe\u0142nosprawno\u015bci<\/li>\n<\/ul>\n\n\n\n<p class=\"has-text-align-center\"><a href=\"https:\/\/pans.krosno.pl\/bon\/wp-content\/uploads\/sites\/43\/2023\/09\/Wniosek-o-wypozyczenie-sprzetu-2023-BON-PANS-KROSNO-1.doc\">Wniosek o wypo\u017cyczenie sprz\u0119tu dla osoby niepe\u0142nosprawnej w roku akademickim<\/a><\/p>\n\n\n\n<p class=\"has-text-align-center\"><a href=\"https:\/\/pans.krosno.pl\/bon\/wp-content\/uploads\/sites\/43\/2023\/09\/Wniosek-o-wypozyczenie-sprzetu-2023-BON-PANS-KROSNO-1.pdf\">Wniosek o wypo\u017cyczenie sprz\u0119tu dla osoby niepe\u0142nosprawnej w roku akademickim<\/a><\/p>\n\n\n\n<p>Ponadto w Bibliotece G\u0142\u00f3wnej PANS w Kro\u015bnie znajduje si\u0119 &nbsp;stanowisko zawieraj\u0105ce niezb\u0119dny sprz\u0119t i oprogramowania dost\u0119pne dla student\u00f3w niepe\u0142nosprawnych.<\/p>\n\n\n\n<p><\/p>\n","protected":false},"excerpt":{"rendered":"<p>Biuro ds. Os\u00f3b Niepe\u0142nosprawnych PANS w Kro\u015bnie prowadzi Wypo\u017cyczalni\u0119 urz\u0105dze\u0144 specjalistycznych dla student\u00f3w z niepe\u0142nosprawno\u015bciami.&nbsp; Obecnie studenci&nbsp;bezp\u0142atnie&nbsp;mog\u0105 wypo\u017cyczy\u0107 nast\u0119puj\u0105ce sprz\u0119ty: laptop zestaw FM mikrofon Oticon tablet dyktafon lup\u0119 przeno\u015bni\u0105 I-LOVIEW klawiatury specjalistyczne (m.in. klawiatura dla os\u00f3b pisz\u0105cych jedn\u0105 r\u0119k\u0105, klawiatura z du\u017cymi klawiszami dla os\u00f3b s\u0142abowidz\u0105cych, klawiatura z du\u017cymi kontrastowymi [\u2026] <\/p>\n<div class=\"clear\"><\/div>\n<p><a class=\"more_link clearfix\" href=\"https:\/\/pans.krosno.pl\/bon\/wypozyczalnia-sprzetu\/\" rel=\"nofollow\">Read More<\/a><\/p>\n","protected":false},"author":1,"featured_media":0,"parent":0,"menu_order":0,"comment_status":"closed","ping_status":"closed","template":"page-templates\/template-full-width.php","meta":{"ngg_post_thumbnail":0,"footnotes":""},"class_list":["post-20","page","type-page","status-publish","hentry"],"yoast_head":"<!-- This site is optimized with the Yoast SEO Premium plugin v27.4 (Yoast SEO v27.4) - https:\/\/yoast.com\/product\/yoast-seo-premium-wordpress\/ -->\n<title>Wypo\u017cyczalnia sprz\u0119tu - Biuro ds. Os\u00f3b Niepe\u0142nosprawnych PANS w Kro\u015bnie<\/title>\n<meta name=\"description\" content=\"Biuro ds. Os\u00f3b Niepe\u0142nosprawnych KPU w Kro\u015bnie prowadzi Wypo\u017cyczalni\u0119 urz\u0105dze\u0144 specjalistycznych dla student\u00f3w z niepe\u0142nosprawno\u015bciami.\u00a0\" \/>\n<meta name=\"robots\" content=\"index, follow, max-snippet:-1, max-image-preview:large, max-video-preview:-1\" \/>\n<link rel=\"canonical\" href=\"https:\/\/pans.krosno.pl\/bon\/wypozyczalnia-sprzetu\/\" \/>\n<meta property=\"og:locale\" content=\"pl_PL\" \/>\n<meta property=\"og:type\" content=\"article\" \/>\n<meta property=\"og:title\" content=\"Wypo\u017cyczalnia sprz\u0119tu\" \/>\n<meta property=\"og:description\" content=\"Biuro ds. Os\u00f3b Niepe\u0142nosprawnych KPU w Kro\u015bnie prowadzi Wypo\u017cyczalni\u0119 urz\u0105dze\u0144 specjalistycznych dla student\u00f3w z niepe\u0142nosprawno\u015bciami.\u00a0\" \/>\n<meta property=\"og:url\" content=\"https:\/\/pans.krosno.pl\/bon\/wypozyczalnia-sprzetu\/\" \/>\n<meta property=\"og:site_name\" content=\"Biuro ds. Os\u00f3b Niepe\u0142nosprawnych PANS w Kro\u015bnie\" \/>\n<meta property=\"article:modified_time\" content=\"2024-10-03T11:44:18+00:00\" \/>\n<meta property=\"og:image\" content=\"https:\/\/pans.krosno.pl\/bon\/wp-content\/uploads\/sites\/43\/2020\/03\/l3uW3JumZVWqkYlkZApowiekszalnik.jpg\" \/>\n<meta name=\"twitter:card\" content=\"summary_large_image\" \/>\n<meta name=\"twitter:label1\" content=\"Szacowany czas czytania\" \/>\n\t<meta name=\"twitter:data1\" content=\"2 minuty\" \/>\n<script type=\"application\/ld+json\" class=\"yoast-schema-graph\">{\"@context\":\"https:\\\/\\\/schema.org\",\"@graph\":[{\"@type\":\"WebPage\",\"@id\":\"https:\\\/\\\/pans.krosno.pl\\\/bon\\\/wypozyczalnia-sprzetu\\\/\",\"url\":\"https:\\\/\\\/pans.krosno.pl\\\/bon\\\/wypozyczalnia-sprzetu\\\/\",\"name\":\"Wypo\u017cyczalnia sprz\u0119tu - Biuro ds. Os\u00f3b Niepe\u0142nosprawnych PANS w Kro\u015bnie\",\"isPartOf\":{\"@id\":\"https:\\\/\\\/pans.krosno.pl\\\/bon\\\/#website\"},\"primaryImageOfPage\":{\"@id\":\"https:\\\/\\\/pans.krosno.pl\\\/bon\\\/wypozyczalnia-sprzetu\\\/#primaryimage\"},\"image\":{\"@id\":\"https:\\\/\\\/pans.krosno.pl\\\/bon\\\/wypozyczalnia-sprzetu\\\/#primaryimage\"},\"thumbnailUrl\":\"https:\\\/\\\/pans.krosno.pl\\\/bon\\\/wp-content\\\/uploads\\\/sites\\\/43\\\/2020\\\/03\\\/l3uW3JumZVWqkYlkZApowiekszalnik.jpg\",\"datePublished\":\"2020-03-27T23:38:59+00:00\",\"dateModified\":\"2024-10-03T11:44:18+00:00\",\"description\":\"Biuro ds. Os\u00f3b Niepe\u0142nosprawnych KPU w Kro\u015bnie prowadzi Wypo\u017cyczalni\u0119 urz\u0105dze\u0144 specjalistycznych dla student\u00f3w z niepe\u0142nosprawno\u015bciami.\u00a0\",\"breadcrumb\":{\"@id\":\"https:\\\/\\\/pans.krosno.pl\\\/bon\\\/wypozyczalnia-sprzetu\\\/#breadcrumb\"},\"inLanguage\":\"pl-PL\",\"potentialAction\":[{\"@type\":\"ReadAction\",\"target\":[\"https:\\\/\\\/pans.krosno.pl\\\/bon\\\/wypozyczalnia-sprzetu\\\/\"]}]},{\"@type\":\"ImageObject\",\"inLanguage\":\"pl-PL\",\"@id\":\"https:\\\/\\\/pans.krosno.pl\\\/bon\\\/wypozyczalnia-sprzetu\\\/#primaryimage\",\"url\":\"https:\\\/\\\/pans.krosno.pl\\\/bon\\\/wp-content\\\/uploads\\\/sites\\\/43\\\/2020\\\/03\\\/l3uW3JumZVWqkYlkZApowiekszalnik.jpg\",\"contentUrl\":\"https:\\\/\\\/pans.krosno.pl\\\/bon\\\/wp-content\\\/uploads\\\/sites\\\/43\\\/2020\\\/03\\\/l3uW3JumZVWqkYlkZApowiekszalnik.jpg\",\"width\":236,\"height\":236},{\"@type\":\"BreadcrumbList\",\"@id\":\"https:\\\/\\\/pans.krosno.pl\\\/bon\\\/wypozyczalnia-sprzetu\\\/#breadcrumb\",\"itemListElement\":[{\"@type\":\"ListItem\",\"position\":1,\"name\":\"Strona g\u0142\u00f3wna\",\"item\":\"https:\\\/\\\/pans.krosno.pl\\\/bon\\\/\"},{\"@type\":\"ListItem\",\"position\":2,\"name\":\"Wypo\u017cyczalnia sprz\u0119tu\"}]},{\"@type\":\"WebSite\",\"@id\":\"https:\\\/\\\/pans.krosno.pl\\\/bon\\\/#website\",\"url\":\"https:\\\/\\\/pans.krosno.pl\\\/bon\\\/\",\"name\":\"Biuro ds. Os\u00f3b Niepe\u0142nosprawnych PANS w Kro\u015bnie\",\"description\":\"Biuro ds. Os\u00f3b Niepe\u0142nosprawnych - Pa\u0144stwowa Akademia Nauk Stosowanych\",\"publisher\":{\"@id\":\"https:\\\/\\\/pans.krosno.pl\\\/bon\\\/#organization\"},\"potentialAction\":[{\"@type\":\"SearchAction\",\"target\":{\"@type\":\"EntryPoint\",\"urlTemplate\":\"https:\\\/\\\/pans.krosno.pl\\\/bon\\\/?s={search_term_string}\"},\"query-input\":{\"@type\":\"PropertyValueSpecification\",\"valueRequired\":true,\"valueName\":\"search_term_string\"}}],\"inLanguage\":\"pl-PL\"},{\"@type\":\"Organization\",\"@id\":\"https:\\\/\\\/pans.krosno.pl\\\/bon\\\/#organization\",\"name\":\"Biuro ds. Os\u00f3b Niepe\u0142nosprawnych PANS w Kro\u015bnie\",\"url\":\"https:\\\/\\\/pans.krosno.pl\\\/bon\\\/\",\"logo\":{\"@type\":\"ImageObject\",\"inLanguage\":\"pl-PL\",\"@id\":\"https:\\\/\\\/pans.krosno.pl\\\/bon\\\/#\\\/schema\\\/logo\\\/image\\\/\",\"url\":\"https:\\\/\\\/pans.krosno.pl\\\/bon\\\/wp-content\\\/uploads\\\/sites\\\/43\\\/2023\\\/01\\\/Logo-PANS-2022-pelne.png\",\"contentUrl\":\"https:\\\/\\\/pans.krosno.pl\\\/bon\\\/wp-content\\\/uploads\\\/sites\\\/43\\\/2023\\\/01\\\/Logo-PANS-2022-pelne.png\",\"width\":3096,\"height\":696,\"caption\":\"Biuro ds. Os\u00f3b Niepe\u0142nosprawnych PANS w Kro\u015bnie\"},\"image\":{\"@id\":\"https:\\\/\\\/pans.krosno.pl\\\/bon\\\/#\\\/schema\\\/logo\\\/image\\\/\"}}]}<\/script>\n<!-- \/ Yoast SEO Premium plugin. -->","yoast_head_json":{"title":"Wypo\u017cyczalnia sprz\u0119tu - Biuro ds. Os\u00f3b Niepe\u0142nosprawnych PANS w Kro\u015bnie","description":"Biuro ds. Os\u00f3b Niepe\u0142nosprawnych KPU w Kro\u015bnie prowadzi Wypo\u017cyczalni\u0119 urz\u0105dze\u0144 specjalistycznych dla student\u00f3w z niepe\u0142nosprawno\u015bciami.\u00a0","robots":{"index":"index","follow":"follow","max-snippet":"max-snippet:-1","max-image-preview":"max-image-preview:large","max-video-preview":"max-video-preview:-1"},"canonical":"https:\/\/pans.krosno.pl\/bon\/wypozyczalnia-sprzetu\/","og_locale":"pl_PL","og_type":"article","og_title":"Wypo\u017cyczalnia sprz\u0119tu","og_description":"Biuro ds. Os\u00f3b Niepe\u0142nosprawnych KPU w Kro\u015bnie prowadzi Wypo\u017cyczalni\u0119 urz\u0105dze\u0144 specjalistycznych dla student\u00f3w z niepe\u0142nosprawno\u015bciami.\u00a0","og_url":"https:\/\/pans.krosno.pl\/bon\/wypozyczalnia-sprzetu\/","og_site_name":"Biuro ds. Os\u00f3b Niepe\u0142nosprawnych PANS w Kro\u015bnie","article_modified_time":"2024-10-03T11:44:18+00:00","og_image":[{"url":"https:\/\/pans.krosno.pl\/bon\/wp-content\/uploads\/sites\/43\/2020\/03\/l3uW3JumZVWqkYlkZApowiekszalnik.jpg","type":"","width":"","height":""}],"twitter_card":"summary_large_image","twitter_misc":{"Szacowany czas czytania":"2 minuty"},"schema":{"@context":"https:\/\/schema.org","@graph":[{"@type":"WebPage","@id":"https:\/\/pans.krosno.pl\/bon\/wypozyczalnia-sprzetu\/","url":"https:\/\/pans.krosno.pl\/bon\/wypozyczalnia-sprzetu\/","name":"Wypo\u017cyczalnia sprz\u0119tu - Biuro ds. Os\u00f3b Niepe\u0142nosprawnych PANS w Kro\u015bnie","isPartOf":{"@id":"https:\/\/pans.krosno.pl\/bon\/#website"},"primaryImageOfPage":{"@id":"https:\/\/pans.krosno.pl\/bon\/wypozyczalnia-sprzetu\/#primaryimage"},"image":{"@id":"https:\/\/pans.krosno.pl\/bon\/wypozyczalnia-sprzetu\/#primaryimage"},"thumbnailUrl":"https:\/\/pans.krosno.pl\/bon\/wp-content\/uploads\/sites\/43\/2020\/03\/l3uW3JumZVWqkYlkZApowiekszalnik.jpg","datePublished":"2020-03-27T23:38:59+00:00","dateModified":"2024-10-03T11:44:18+00:00","description":"Biuro ds. Os\u00f3b Niepe\u0142nosprawnych KPU w Kro\u015bnie prowadzi Wypo\u017cyczalni\u0119 urz\u0105dze\u0144 specjalistycznych dla student\u00f3w z niepe\u0142nosprawno\u015bciami.\u00a0","breadcrumb":{"@id":"https:\/\/pans.krosno.pl\/bon\/wypozyczalnia-sprzetu\/#breadcrumb"},"inLanguage":"pl-PL","potentialAction":[{"@type":"ReadAction","target":["https:\/\/pans.krosno.pl\/bon\/wypozyczalnia-sprzetu\/"]}]},{"@type":"ImageObject","inLanguage":"pl-PL","@id":"https:\/\/pans.krosno.pl\/bon\/wypozyczalnia-sprzetu\/#primaryimage","url":"https:\/\/pans.krosno.pl\/bon\/wp-content\/uploads\/sites\/43\/2020\/03\/l3uW3JumZVWqkYlkZApowiekszalnik.jpg","contentUrl":"https:\/\/pans.krosno.pl\/bon\/wp-content\/uploads\/sites\/43\/2020\/03\/l3uW3JumZVWqkYlkZApowiekszalnik.jpg","width":236,"height":236},{"@type":"BreadcrumbList","@id":"https:\/\/pans.krosno.pl\/bon\/wypozyczalnia-sprzetu\/#breadcrumb","itemListElement":[{"@type":"ListItem","position":1,"name":"Strona g\u0142\u00f3wna","item":"https:\/\/pans.krosno.pl\/bon\/"},{"@type":"ListItem","position":2,"name":"Wypo\u017cyczalnia sprz\u0119tu"}]},{"@type":"WebSite","@id":"https:\/\/pans.krosno.pl\/bon\/#website","url":"https:\/\/pans.krosno.pl\/bon\/","name":"Biuro ds. Os\u00f3b Niepe\u0142nosprawnych PANS w Kro\u015bnie","description":"Biuro ds. Os\u00f3b Niepe\u0142nosprawnych - Pa\u0144stwowa Akademia Nauk Stosowanych","publisher":{"@id":"https:\/\/pans.krosno.pl\/bon\/#organization"},"potentialAction":[{"@type":"SearchAction","target":{"@type":"EntryPoint","urlTemplate":"https:\/\/pans.krosno.pl\/bon\/?s={search_term_string}"},"query-input":{"@type":"PropertyValueSpecification","valueRequired":true,"valueName":"search_term_string"}}],"inLanguage":"pl-PL"},{"@type":"Organization","@id":"https:\/\/pans.krosno.pl\/bon\/#organization","name":"Biuro ds. Os\u00f3b Niepe\u0142nosprawnych PANS w Kro\u015bnie","url":"https:\/\/pans.krosno.pl\/bon\/","logo":{"@type":"ImageObject","inLanguage":"pl-PL","@id":"https:\/\/pans.krosno.pl\/bon\/#\/schema\/logo\/image\/","url":"https:\/\/pans.krosno.pl\/bon\/wp-content\/uploads\/sites\/43\/2023\/01\/Logo-PANS-2022-pelne.png","contentUrl":"https:\/\/pans.krosno.pl\/bon\/wp-content\/uploads\/sites\/43\/2023\/01\/Logo-PANS-2022-pelne.png","width":3096,"height":696,"caption":"Biuro ds. Os\u00f3b Niepe\u0142nosprawnych PANS w Kro\u015bnie"},"image":{"@id":"https:\/\/pans.krosno.pl\/bon\/#\/schema\/logo\/image\/"}}]}},"_links":{"self":[{"href":"https:\/\/pans.krosno.pl\/bon\/wp-json\/wp\/v2\/pages\/20","targetHints":{"allow":["GET"]}}],"collection":[{"href":"https:\/\/pans.krosno.pl\/bon\/wp-json\/wp\/v2\/pages"}],"about":[{"href":"https:\/\/pans.krosno.pl\/bon\/wp-json\/wp\/v2\/types\/page"}],"author":[{"embeddable":true,"href":"https:\/\/pans.krosno.pl\/bon\/wp-json\/wp\/v2\/users\/1"}],"replies":[{"embeddable":true,"href":"https:\/\/pans.krosno.pl\/bon\/wp-json\/wp\/v2\/comments?post=20"}],"version-history":[{"count":12,"href":"https:\/\/pans.krosno.pl\/bon\/wp-json\/wp\/v2\/pages\/20\/revisions"}],"predecessor-version":[{"id":2662,"href":"https:\/\/pans.krosno.pl\/bon\/wp-json\/wp\/v2\/pages\/20\/revisions\/2662"}],"wp:attachment":[{"href":"https:\/\/pans.krosno.pl\/bon\/wp-json\/wp\/v2\/media?parent=20"}],"curies":[{"name":"wp","href":"https:\/\/api.w.org\/{rel}","templated":true}]}}