{"id":18,"date":"2020-03-28T00:38:59","date_gmt":"2020-03-27T23:38:59","guid":{"rendered":"https:\/\/pans.krosno.pl\/bon\/?page_id=18"},"modified":"2025-09-30T12:52:49","modified_gmt":"2025-09-30T10:52:49","slug":"asystenta-osoby-niepelnosprawnej","status":"publish","type":"page","link":"https:\/\/pans.krosno.pl\/bon\/asystenta-osoby-niepelnosprawnej\/","title":{"rendered":"Asystent osoby z niepe\u0142nosprawno\u015bci\u0105"},"content":{"rendered":"\n<p><\/p>\n\n\n\n<p>Studenci PANS w Kro\u015bnie z niepe\u0142nosprawno\u015bci\u0105 mog\u0105 skorzysta\u0107 z pomocy asystenta, kt\u00f3ry \u015bwiadczy na rzecz studenta z niepe\u0142nosprawno\u015bci\u0105 us\u0142ugi asystenckie.<\/p>\n\n\n\n<p>Us\u0142ugi asystenckie rozumiane s\u0105 jako wykonywanie czynno\u015bci, kt\u00f3rych student z niepe\u0142nosprawno\u015bci\u0105 nie jest w stanie samodzielnie wykonywa\u0107, a kt\u00f3re s\u0105 niezb\u0119dne w \u015brodowisku akademickim tj.:<\/p>\n\n\n\n<ul class=\"wp-block-list\">\n<li>asystencja &nbsp;przy sporz\u0105dzaniu notatek. Asystent sporz\u0105dza studentowi notatki na zaj\u0119ciach dydaktycznych. Notatki mog\u0105 by\u0107 sporz\u0105dzane w formie elektronicznej, kserowane, skanowane itp.<\/li>\n\n\n\n<li>asystencja przy przemieszczaniu si\u0119 na terenie Pa\u0144stwowej Akademii Nauk Stosowanych w Kro\u015bnie<\/li>\n\n\n\n<li>asystencja biblioteczna&nbsp;<\/li>\n<\/ul>\n\n\n\n<p>Asystent osoby z niepe\u0142nosprawno\u015bci\u0105 otrzymuje <strong>wyp\u0142at\u0119<\/strong> w wysoko\u015bci zgodnej z kwot\u0105 zawart\u0105 w umowie pomi\u0119dzy Pa\u0144stwow\u0105 Akademi\u0105 Nauk Stosowanych w Kro\u015bnie a asystentem.<\/p>\n\n\n\n<p>Asystent&nbsp;<strong>nie \u015bwiadczy<\/strong>&nbsp;us\u0142ug w zakresie czynno\u015bci samoobs\u0142ugowych i fizjologicznych (korzystanie<br>z toalety, mycie, karmienie, podawanie lek\u00f3w).<\/p>\n\n\n\n<p>Zakres us\u0142ug asystencji jest ka\u017cdorazowo dopasowywany do indywidualnych potrzeb studenta z niepe\u0142nosprawno\u015bci\u0105.&nbsp;<\/p>\n\n\n\n<p><strong>Zasady przyznawania asystenta osoby z niepe\u0142nosprawno\u015bci\u0105:<\/strong><\/p>\n\n\n\n<ol class=\"wp-block-list\">\n<li>Student z niepe\u0142nosprawno\u015bci\u0105 sk\u0142ada wniosek o przyznanie asystenta do Biura ds. Os\u00f3b z Niepe\u0142nosprawno\u015bciami<\/li>\n\n\n\n<li>Student z niepe\u0142nosprawno\u015bci\u0105 mo\u017ce we wniosku wskaza\u0107 propozycj\u0119 osoby asystenta<\/li>\n\n\n\n<li>We wniosku student z niepe\u0142nosprawno\u015bci\u0105 okre\u015bla swoje potrzeby w tym: liczb\u0119 godzin, podczas kt\u00f3rych potrzebuje \u015bwiadczenia us\u0142ug przez asystenta (jednorazowo lub miesi\u0119cznie) oraz zakres us\u0142ug, jakie ma \u015bwiadczy\u0107 asystent<\/li>\n<\/ol>\n\n\n\n<p><a href=\"https:\/\/pans.krosno.pl\/bon\/wp-content\/uploads\/sites\/43\/2023\/09\/Wniosek-o-przyznanie-asystenta-osoby-niepelnosprawnej-na-rok-akademicki-2022_2023-1.docx\">Wniosek o przyznanie asystenta osoby z niepe\u0142nosprawno\u015bci\u0105<\/a> -docx<\/p>\n\n\n\n<p><a href=\"https:\/\/pans.krosno.pl\/bon\/wp-content\/uploads\/sites\/43\/2023\/09\/Wniosek-o-przyznanie-asystenta-osoby-niepelnosprawnej-na-rok-akademicki-2022_2023-1.pdf\">Wniosek o przyznanie asystenta osoby z niepe\u0142nosprawno\u015bci\u0105<\/a> -pdf<\/p>\n\n\n\n<p><strong>Asystentem studenta z niepe\u0142nosprawno\u015bci\u0105 mo\u017ce zosta\u0107:&nbsp;<\/strong><\/p>\n\n\n\n<ul class=\"wp-block-list\">\n<li>student Pa\u0144stwowej Akademii Nauk Stosowanych w Kro\u015bnie<\/li>\n\n\n\n<li>inna pe\u0142noletnia osoba, je\u015bli wykonywanie asystencji wymaga odpowiednich kwalifikacji&nbsp;<\/li>\n<\/ul>\n\n\n\n<p><strong>Cechy asystenta osoby z niepe\u0142nosprawno\u015bci\u0105:<\/strong><\/p>\n\n\n\n<ul class=\"wp-block-list\">\n<li>dobry stan zdrowia<\/li>\n\n\n\n<li>odpowiednia sprawno\u015b\u0107 fizyczna<\/li>\n\n\n\n<li>dyspozycyjno\u015b\u0107<\/li>\n\n\n\n<li>komunikatywno\u015b\u0107<\/li>\n\n\n\n<li>dyskrecja<\/li>\n<\/ul>\n\n\n\n<p><a href=\"https:\/\/pans.krosno.pl\/bon\/wp-content\/uploads\/sites\/43\/2023\/09\/Ewidencja-swiadczonych-uslug-asystenckich-2023_2024.docx\">Ewidencja asystentury<\/a> docx<\/p>\n\n\n\n<p><a href=\"https:\/\/pans.krosno.pl\/bon\/wp-content\/uploads\/sites\/43\/2023\/09\/Ewidencja-swiadczonych-uslug-asystenckich-2023_2024.pdf\">Ewidencja asystentury<\/a> pdf<\/p>\n\n\n\n<p><strong>Biuro ds. Os\u00f3b z Niepe\u0142nosprawno\u015bciami PANS w Kro\u015bnie<\/strong><\/p>\n\n\n\n<p>e-mail: bon@pans.krosno.pl<br>tel: (013) 43-755-12<\/p>\n\n\n\n<p><strong>godziny otwarcia BON:<\/strong><br>poniedzia\u0142ek 8.00 \u2013 16.00<br>wtorek 8.00 \u2013 16.00<br>\u015broda 8.00 \u2013 16.00<br>czwartek 8.00 \u2013 16.00<br>pi\u0105tek 8.00 \u2013 16.00<\/p>\n\n\n\n<p><a href=\"http:\/\/www.pans.krosno.pl\/bon\/\">www.pans.krosno.pl\/bon<\/a><\/p>\n\n\n\n<figure class=\"wp-block-image size-full is-resized\"><a href=\"https:\/\/pans.krosno.pl\/bon\/\"><img loading=\"lazy\" decoding=\"async\" width=\"308\" height=\"292\" src=\"https:\/\/pans.krosno.pl\/bon\/wp-content\/uploads\/sites\/43\/2021\/10\/Logo_2-1-1-1536x294-1.png\" alt=\"\" class=\"wp-image-2128\" style=\"width:41px;height:39px\" srcset=\"https:\/\/pans.krosno.pl\/bon\/wp-content\/uploads\/sites\/43\/2021\/10\/Logo_2-1-1-1536x294-1.png 308w, https:\/\/pans.krosno.pl\/bon\/wp-content\/uploads\/sites\/43\/2021\/10\/Logo_2-1-1-1536x294-1-300x284.png 300w\" sizes=\"auto, (max-width: 308px) 100vw, 308px\" \/><\/a><\/figure>\n\n\n\n<p><a href=\"https:\/\/www.facebook.com\/bonpanskrosno\/\">www.facebook.com\/bonpanskrosno<\/a><\/p>\n\n\n\n<figure class=\"wp-block-image size-full is-resized\"><a href=\"https:\/\/www.facebook.com\/bonpanskrosno\/\"><img loading=\"lazy\" decoding=\"async\" width=\"300\" height=\"300\" src=\"https:\/\/pans.krosno.pl\/bon\/wp-content\/uploads\/sites\/43\/2021\/10\/IKONA-FB-300x300-1.jpeg\" alt=\"\" class=\"wp-image-2127\" style=\"width:38px;height:38px\" srcset=\"https:\/\/pans.krosno.pl\/bon\/wp-content\/uploads\/sites\/43\/2021\/10\/IKONA-FB-300x300-1.jpeg 300w, https:\/\/pans.krosno.pl\/bon\/wp-content\/uploads\/sites\/43\/2021\/10\/IKONA-FB-300x300-1-150x150.jpeg 150w\" sizes=\"auto, (max-width: 300px) 100vw, 300px\" \/><\/a><\/figure>\n","protected":false},"excerpt":{"rendered":"<p>Studenci PANS w Kro\u015bnie z niepe\u0142nosprawno\u015bci\u0105 mog\u0105 skorzysta\u0107 z pomocy asystenta, kt\u00f3ry \u015bwiadczy na rzecz studenta z niepe\u0142nosprawno\u015bci\u0105 us\u0142ugi asystenckie. Us\u0142ugi asystenckie rozumiane s\u0105 jako wykonywanie czynno\u015bci, kt\u00f3rych student z niepe\u0142nosprawno\u015bci\u0105 nie jest w stanie samodzielnie wykonywa\u0107, a kt\u00f3re s\u0105 niezb\u0119dne w \u015brodowisku akademickim tj.: Asystent osoby z niepe\u0142nosprawno\u015bci\u0105 otrzymuje [\u2026] <\/p>\n<div class=\"clear\"><\/div>\n<p><a class=\"more_link clearfix\" href=\"https:\/\/pans.krosno.pl\/bon\/asystenta-osoby-niepelnosprawnej\/\" rel=\"nofollow\">Read More<\/a><\/p>\n","protected":false},"author":1,"featured_media":0,"parent":0,"menu_order":0,"comment_status":"closed","ping_status":"closed","template":"page-templates\/template-full-width.php","meta":{"ngg_post_thumbnail":0,"footnotes":""},"class_list":["post-18","page","type-page","status-publish","hentry"],"yoast_head":"<!-- This site is optimized with the Yoast SEO Premium plugin v27.4 (Yoast SEO v27.4) - https:\/\/yoast.com\/product\/yoast-seo-premium-wordpress\/ -->\n<title>Asystent osoby z niepe\u0142nosprawno\u015bci\u0105 - Biuro ds. Os\u00f3b Niepe\u0142nosprawnych PANS w Kro\u015bnie<\/title>\n<meta name=\"description\" content=\"Niepe\u0142nosprawni studenci KPU w Kro\u015bnie mog\u0105 skorzysta\u0107 z pomocy asystenta, kt\u00f3ry \u015bwiadczy na rzecz studenta niepe\u0142nosprawnego us\u0142ugi asystenckie.\" \/>\n<meta name=\"robots\" content=\"index, follow, max-snippet:-1, max-image-preview:large, max-video-preview:-1\" \/>\n<link rel=\"canonical\" href=\"https:\/\/pans.krosno.pl\/bon\/asystenta-osoby-niepelnosprawnej\/\" \/>\n<meta property=\"og:locale\" content=\"pl_PL\" \/>\n<meta property=\"og:type\" content=\"article\" \/>\n<meta property=\"og:title\" content=\"Asystent osoby z niepe\u0142nosprawno\u015bci\u0105\" \/>\n<meta property=\"og:description\" content=\"Niepe\u0142nosprawni studenci KPU w Kro\u015bnie mog\u0105 skorzysta\u0107 z pomocy asystenta, kt\u00f3ry \u015bwiadczy na rzecz studenta niepe\u0142nosprawnego us\u0142ugi asystenckie.\" \/>\n<meta property=\"og:url\" content=\"https:\/\/pans.krosno.pl\/bon\/asystenta-osoby-niepelnosprawnej\/\" \/>\n<meta property=\"og:site_name\" content=\"Biuro ds. Os\u00f3b Niepe\u0142nosprawnych PANS w Kro\u015bnie\" \/>\n<meta property=\"article:modified_time\" content=\"2025-09-30T10:52:49+00:00\" \/>\n<meta property=\"og:image\" content=\"https:\/\/pans.krosno.pl\/bon\/wp-content\/uploads\/sites\/43\/2021\/10\/Logo_2-1-1-1536x294-1.png\" \/>\n\t<meta property=\"og:image:width\" content=\"308\" \/>\n\t<meta property=\"og:image:height\" content=\"292\" \/>\n\t<meta property=\"og:image:type\" content=\"image\/png\" \/>\n<meta name=\"twitter:card\" content=\"summary_large_image\" \/>\n<meta name=\"twitter:label1\" content=\"Szacowany czas czytania\" \/>\n\t<meta name=\"twitter:data1\" content=\"3 minuty\" \/>\n<script type=\"application\/ld+json\" class=\"yoast-schema-graph\">{\"@context\":\"https:\\\/\\\/schema.org\",\"@graph\":[{\"@type\":\"WebPage\",\"@id\":\"https:\\\/\\\/pans.krosno.pl\\\/bon\\\/asystenta-osoby-niepelnosprawnej\\\/\",\"url\":\"https:\\\/\\\/pans.krosno.pl\\\/bon\\\/asystenta-osoby-niepelnosprawnej\\\/\",\"name\":\"Asystent osoby z niepe\u0142nosprawno\u015bci\u0105 - Biuro ds. Os\u00f3b Niepe\u0142nosprawnych PANS w Kro\u015bnie\",\"isPartOf\":{\"@id\":\"https:\\\/\\\/pans.krosno.pl\\\/bon\\\/#website\"},\"primaryImageOfPage\":{\"@id\":\"https:\\\/\\\/pans.krosno.pl\\\/bon\\\/asystenta-osoby-niepelnosprawnej\\\/#primaryimage\"},\"image\":{\"@id\":\"https:\\\/\\\/pans.krosno.pl\\\/bon\\\/asystenta-osoby-niepelnosprawnej\\\/#primaryimage\"},\"thumbnailUrl\":\"https:\\\/\\\/pans.krosno.pl\\\/bon\\\/wp-content\\\/uploads\\\/sites\\\/43\\\/2021\\\/10\\\/Logo_2-1-1-1536x294-1.png\",\"datePublished\":\"2020-03-27T23:38:59+00:00\",\"dateModified\":\"2025-09-30T10:52:49+00:00\",\"description\":\"Niepe\u0142nosprawni studenci KPU w Kro\u015bnie mog\u0105 skorzysta\u0107 z pomocy asystenta, kt\u00f3ry \u015bwiadczy na rzecz studenta niepe\u0142nosprawnego us\u0142ugi asystenckie.\",\"breadcrumb\":{\"@id\":\"https:\\\/\\\/pans.krosno.pl\\\/bon\\\/asystenta-osoby-niepelnosprawnej\\\/#breadcrumb\"},\"inLanguage\":\"pl-PL\",\"potentialAction\":[{\"@type\":\"ReadAction\",\"target\":[\"https:\\\/\\\/pans.krosno.pl\\\/bon\\\/asystenta-osoby-niepelnosprawnej\\\/\"]}]},{\"@type\":\"ImageObject\",\"inLanguage\":\"pl-PL\",\"@id\":\"https:\\\/\\\/pans.krosno.pl\\\/bon\\\/asystenta-osoby-niepelnosprawnej\\\/#primaryimage\",\"url\":\"https:\\\/\\\/pans.krosno.pl\\\/bon\\\/wp-content\\\/uploads\\\/sites\\\/43\\\/2021\\\/10\\\/Logo_2-1-1-1536x294-1.png\",\"contentUrl\":\"https:\\\/\\\/pans.krosno.pl\\\/bon\\\/wp-content\\\/uploads\\\/sites\\\/43\\\/2021\\\/10\\\/Logo_2-1-1-1536x294-1.png\",\"width\":308,\"height\":292},{\"@type\":\"BreadcrumbList\",\"@id\":\"https:\\\/\\\/pans.krosno.pl\\\/bon\\\/asystenta-osoby-niepelnosprawnej\\\/#breadcrumb\",\"itemListElement\":[{\"@type\":\"ListItem\",\"position\":1,\"name\":\"Strona g\u0142\u00f3wna\",\"item\":\"https:\\\/\\\/pans.krosno.pl\\\/bon\\\/\"},{\"@type\":\"ListItem\",\"position\":2,\"name\":\"Asystent osoby z niepe\u0142nosprawno\u015bci\u0105\"}]},{\"@type\":\"WebSite\",\"@id\":\"https:\\\/\\\/pans.krosno.pl\\\/bon\\\/#website\",\"url\":\"https:\\\/\\\/pans.krosno.pl\\\/bon\\\/\",\"name\":\"Biuro ds. Os\u00f3b Niepe\u0142nosprawnych PANS w Kro\u015bnie\",\"description\":\"Biuro ds. Os\u00f3b Niepe\u0142nosprawnych - Pa\u0144stwowa Akademia Nauk Stosowanych\",\"publisher\":{\"@id\":\"https:\\\/\\\/pans.krosno.pl\\\/bon\\\/#organization\"},\"potentialAction\":[{\"@type\":\"SearchAction\",\"target\":{\"@type\":\"EntryPoint\",\"urlTemplate\":\"https:\\\/\\\/pans.krosno.pl\\\/bon\\\/?s={search_term_string}\"},\"query-input\":{\"@type\":\"PropertyValueSpecification\",\"valueRequired\":true,\"valueName\":\"search_term_string\"}}],\"inLanguage\":\"pl-PL\"},{\"@type\":\"Organization\",\"@id\":\"https:\\\/\\\/pans.krosno.pl\\\/bon\\\/#organization\",\"name\":\"Biuro ds. Os\u00f3b Niepe\u0142nosprawnych PANS w Kro\u015bnie\",\"url\":\"https:\\\/\\\/pans.krosno.pl\\\/bon\\\/\",\"logo\":{\"@type\":\"ImageObject\",\"inLanguage\":\"pl-PL\",\"@id\":\"https:\\\/\\\/pans.krosno.pl\\\/bon\\\/#\\\/schema\\\/logo\\\/image\\\/\",\"url\":\"https:\\\/\\\/pans.krosno.pl\\\/bon\\\/wp-content\\\/uploads\\\/sites\\\/43\\\/2023\\\/01\\\/Logo-PANS-2022-pelne.png\",\"contentUrl\":\"https:\\\/\\\/pans.krosno.pl\\\/bon\\\/wp-content\\\/uploads\\\/sites\\\/43\\\/2023\\\/01\\\/Logo-PANS-2022-pelne.png\",\"width\":3096,\"height\":696,\"caption\":\"Biuro ds. Os\u00f3b Niepe\u0142nosprawnych PANS w Kro\u015bnie\"},\"image\":{\"@id\":\"https:\\\/\\\/pans.krosno.pl\\\/bon\\\/#\\\/schema\\\/logo\\\/image\\\/\"}}]}<\/script>\n<!-- \/ Yoast SEO Premium plugin. -->","yoast_head_json":{"title":"Asystent osoby z niepe\u0142nosprawno\u015bci\u0105 - Biuro ds. Os\u00f3b Niepe\u0142nosprawnych PANS w Kro\u015bnie","description":"Niepe\u0142nosprawni studenci KPU w Kro\u015bnie mog\u0105 skorzysta\u0107 z pomocy asystenta, kt\u00f3ry \u015bwiadczy na rzecz studenta niepe\u0142nosprawnego us\u0142ugi asystenckie.","robots":{"index":"index","follow":"follow","max-snippet":"max-snippet:-1","max-image-preview":"max-image-preview:large","max-video-preview":"max-video-preview:-1"},"canonical":"https:\/\/pans.krosno.pl\/bon\/asystenta-osoby-niepelnosprawnej\/","og_locale":"pl_PL","og_type":"article","og_title":"Asystent osoby z niepe\u0142nosprawno\u015bci\u0105","og_description":"Niepe\u0142nosprawni studenci KPU w Kro\u015bnie mog\u0105 skorzysta\u0107 z pomocy asystenta, kt\u00f3ry \u015bwiadczy na rzecz studenta niepe\u0142nosprawnego us\u0142ugi asystenckie.","og_url":"https:\/\/pans.krosno.pl\/bon\/asystenta-osoby-niepelnosprawnej\/","og_site_name":"Biuro ds. Os\u00f3b Niepe\u0142nosprawnych PANS w Kro\u015bnie","article_modified_time":"2025-09-30T10:52:49+00:00","og_image":[{"width":308,"height":292,"url":"https:\/\/pans.krosno.pl\/bon\/wp-content\/uploads\/sites\/43\/2021\/10\/Logo_2-1-1-1536x294-1.png","type":"image\/png"}],"twitter_card":"summary_large_image","twitter_misc":{"Szacowany czas czytania":"3 minuty"},"schema":{"@context":"https:\/\/schema.org","@graph":[{"@type":"WebPage","@id":"https:\/\/pans.krosno.pl\/bon\/asystenta-osoby-niepelnosprawnej\/","url":"https:\/\/pans.krosno.pl\/bon\/asystenta-osoby-niepelnosprawnej\/","name":"Asystent osoby z niepe\u0142nosprawno\u015bci\u0105 - Biuro ds. Os\u00f3b Niepe\u0142nosprawnych PANS w Kro\u015bnie","isPartOf":{"@id":"https:\/\/pans.krosno.pl\/bon\/#website"},"primaryImageOfPage":{"@id":"https:\/\/pans.krosno.pl\/bon\/asystenta-osoby-niepelnosprawnej\/#primaryimage"},"image":{"@id":"https:\/\/pans.krosno.pl\/bon\/asystenta-osoby-niepelnosprawnej\/#primaryimage"},"thumbnailUrl":"https:\/\/pans.krosno.pl\/bon\/wp-content\/uploads\/sites\/43\/2021\/10\/Logo_2-1-1-1536x294-1.png","datePublished":"2020-03-27T23:38:59+00:00","dateModified":"2025-09-30T10:52:49+00:00","description":"Niepe\u0142nosprawni studenci KPU w Kro\u015bnie mog\u0105 skorzysta\u0107 z pomocy asystenta, kt\u00f3ry \u015bwiadczy na rzecz studenta niepe\u0142nosprawnego us\u0142ugi asystenckie.","breadcrumb":{"@id":"https:\/\/pans.krosno.pl\/bon\/asystenta-osoby-niepelnosprawnej\/#breadcrumb"},"inLanguage":"pl-PL","potentialAction":[{"@type":"ReadAction","target":["https:\/\/pans.krosno.pl\/bon\/asystenta-osoby-niepelnosprawnej\/"]}]},{"@type":"ImageObject","inLanguage":"pl-PL","@id":"https:\/\/pans.krosno.pl\/bon\/asystenta-osoby-niepelnosprawnej\/#primaryimage","url":"https:\/\/pans.krosno.pl\/bon\/wp-content\/uploads\/sites\/43\/2021\/10\/Logo_2-1-1-1536x294-1.png","contentUrl":"https:\/\/pans.krosno.pl\/bon\/wp-content\/uploads\/sites\/43\/2021\/10\/Logo_2-1-1-1536x294-1.png","width":308,"height":292},{"@type":"BreadcrumbList","@id":"https:\/\/pans.krosno.pl\/bon\/asystenta-osoby-niepelnosprawnej\/#breadcrumb","itemListElement":[{"@type":"ListItem","position":1,"name":"Strona g\u0142\u00f3wna","item":"https:\/\/pans.krosno.pl\/bon\/"},{"@type":"ListItem","position":2,"name":"Asystent osoby z niepe\u0142nosprawno\u015bci\u0105"}]},{"@type":"WebSite","@id":"https:\/\/pans.krosno.pl\/bon\/#website","url":"https:\/\/pans.krosno.pl\/bon\/","name":"Biuro ds. Os\u00f3b Niepe\u0142nosprawnych PANS w Kro\u015bnie","description":"Biuro ds. Os\u00f3b Niepe\u0142nosprawnych - Pa\u0144stwowa Akademia Nauk Stosowanych","publisher":{"@id":"https:\/\/pans.krosno.pl\/bon\/#organization"},"potentialAction":[{"@type":"SearchAction","target":{"@type":"EntryPoint","urlTemplate":"https:\/\/pans.krosno.pl\/bon\/?s={search_term_string}"},"query-input":{"@type":"PropertyValueSpecification","valueRequired":true,"valueName":"search_term_string"}}],"inLanguage":"pl-PL"},{"@type":"Organization","@id":"https:\/\/pans.krosno.pl\/bon\/#organization","name":"Biuro ds. Os\u00f3b Niepe\u0142nosprawnych PANS w Kro\u015bnie","url":"https:\/\/pans.krosno.pl\/bon\/","logo":{"@type":"ImageObject","inLanguage":"pl-PL","@id":"https:\/\/pans.krosno.pl\/bon\/#\/schema\/logo\/image\/","url":"https:\/\/pans.krosno.pl\/bon\/wp-content\/uploads\/sites\/43\/2023\/01\/Logo-PANS-2022-pelne.png","contentUrl":"https:\/\/pans.krosno.pl\/bon\/wp-content\/uploads\/sites\/43\/2023\/01\/Logo-PANS-2022-pelne.png","width":3096,"height":696,"caption":"Biuro ds. Os\u00f3b Niepe\u0142nosprawnych PANS w Kro\u015bnie"},"image":{"@id":"https:\/\/pans.krosno.pl\/bon\/#\/schema\/logo\/image\/"}}]}},"_links":{"self":[{"href":"https:\/\/pans.krosno.pl\/bon\/wp-json\/wp\/v2\/pages\/18","targetHints":{"allow":["GET"]}}],"collection":[{"href":"https:\/\/pans.krosno.pl\/bon\/wp-json\/wp\/v2\/pages"}],"about":[{"href":"https:\/\/pans.krosno.pl\/bon\/wp-json\/wp\/v2\/types\/page"}],"author":[{"embeddable":true,"href":"https:\/\/pans.krosno.pl\/bon\/wp-json\/wp\/v2\/users\/1"}],"replies":[{"embeddable":true,"href":"https:\/\/pans.krosno.pl\/bon\/wp-json\/wp\/v2\/comments?post=18"}],"version-history":[{"count":41,"href":"https:\/\/pans.krosno.pl\/bon\/wp-json\/wp\/v2\/pages\/18\/revisions"}],"predecessor-version":[{"id":2689,"href":"https:\/\/pans.krosno.pl\/bon\/wp-json\/wp\/v2\/pages\/18\/revisions\/2689"}],"wp:attachment":[{"href":"https:\/\/pans.krosno.pl\/bon\/wp-json\/wp\/v2\/media?parent=18"}],"curies":[{"name":"wp","href":"https:\/\/api.w.org\/{rel}","templated":true}]}}