{"id":190,"date":"2020-04-15T13:51:03","date_gmt":"2020-04-15T11:51:03","guid":{"rendered":"https:\/\/pans.krosno.pl\/biblioteka\/?page_id=190"},"modified":"2025-04-07T09:43:18","modified_gmt":"2025-04-07T07:43:18","slug":"nowosci","status":"publish","type":"page","link":"https:\/\/pans.krosno.pl\/biblioteka\/nowosci\/","title":{"rendered":"Nowo\u015bci"},"content":{"rendered":"\n<p><\/p>\n\n\n\n<p><\/p>\n\n\n\n<p><\/p>\n\n\n\n<p><\/p>\n\n\n\n<p><\/p>\n\n\n\n<p><\/p>\n\n\n\n<p><\/p>\n\n\n\n<p><\/p>\n\n\n\n<p><\/p>\n","protected":false},"excerpt":{"rendered":"","protected":false},"author":1,"featured_media":0,"parent":0,"menu_order":0,"comment_status":"closed","ping_status":"closed","template":"page-templates\/template-full-width.php","meta":{"ngg_post_thumbnail":0,"footnotes":""},"class_list":["post-190","page","type-page","status-publish","hentry"],"yoast_head":"<!-- This site is optimized with the Yoast SEO Premium plugin v27.3 (Yoast SEO v27.3) - https:\/\/yoast.com\/product\/yoast-seo-premium-wordpress\/ -->\n<title>Nowo\u015bci - Biblioteka PANS w Kro\u015bnie<\/title>\n<meta name=\"description\" content=\"W ksi\u0105\u017cce O naturze ludzkiej ceniony pisarz i filozof Roger Scruton przedstawia oryginaln\u0105 i radykaln\u0105 obron\u0119 ludzkiej wyj\u0105tkowo\u015bci. Nowo\u015bci Biblioteka PANS w Kro\u015bnie\" \/>\n<meta name=\"robots\" content=\"index, follow, max-snippet:-1, max-image-preview:large, max-video-preview:-1\" \/>\n<link rel=\"canonical\" href=\"https:\/\/pans.krosno.pl\/biblioteka\/nowosci\/\" \/>\n<meta property=\"og:locale\" content=\"pl_PL\" \/>\n<meta property=\"og:type\" content=\"article\" \/>\n<meta property=\"og:title\" content=\"Nowo\u015bci\" \/>\n<meta property=\"og:description\" content=\"W ksi\u0105\u017cce O naturze ludzkiej ceniony pisarz i filozof Roger Scruton przedstawia oryginaln\u0105 i radykaln\u0105 obron\u0119 ludzkiej wyj\u0105tkowo\u015bci. Nowo\u015bci Biblioteka PANS w Kro\u015bnie\" \/>\n<meta property=\"og:url\" content=\"https:\/\/pans.krosno.pl\/biblioteka\/nowosci\/\" \/>\n<meta property=\"og:site_name\" content=\"Biblioteka PANS w Kro\u015bnie\" \/>\n<meta property=\"article:modified_time\" content=\"2025-04-07T07:43:18+00:00\" \/>\n<meta name=\"twitter:card\" content=\"summary_large_image\" \/>\n<script type=\"application\/ld+json\" class=\"yoast-schema-graph\">{\"@context\":\"https:\\\/\\\/schema.org\",\"@graph\":[{\"@type\":\"WebPage\",\"@id\":\"https:\\\/\\\/pans.krosno.pl\\\/biblioteka\\\/nowosci\\\/\",\"url\":\"https:\\\/\\\/pans.krosno.pl\\\/biblioteka\\\/nowosci\\\/\",\"name\":\"Nowo\u015bci - Biblioteka PANS w Kro\u015bnie\",\"isPartOf\":{\"@id\":\"https:\\\/\\\/pans.krosno.pl\\\/biblioteka\\\/#website\"},\"datePublished\":\"2020-04-15T11:51:03+00:00\",\"dateModified\":\"2025-04-07T07:43:18+00:00\",\"description\":\"W ksi\u0105\u017cce O naturze ludzkiej ceniony pisarz i filozof Roger Scruton przedstawia oryginaln\u0105 i radykaln\u0105 obron\u0119 ludzkiej wyj\u0105tkowo\u015bci. Nowo\u015bci Biblioteka PANS w Kro\u015bnie\",\"breadcrumb\":{\"@id\":\"https:\\\/\\\/pans.krosno.pl\\\/biblioteka\\\/nowosci\\\/#breadcrumb\"},\"inLanguage\":\"pl-PL\",\"potentialAction\":[{\"@type\":\"ReadAction\",\"target\":[\"https:\\\/\\\/pans.krosno.pl\\\/biblioteka\\\/nowosci\\\/\"]}]},{\"@type\":\"BreadcrumbList\",\"@id\":\"https:\\\/\\\/pans.krosno.pl\\\/biblioteka\\\/nowosci\\\/#breadcrumb\",\"itemListElement\":[{\"@type\":\"ListItem\",\"position\":1,\"name\":\"Strona g\u0142\u00f3wna\",\"item\":\"https:\\\/\\\/pans.krosno.pl\\\/biblioteka\\\/\"},{\"@type\":\"ListItem\",\"position\":2,\"name\":\"Nowo\u015bci\"}]},{\"@type\":\"WebSite\",\"@id\":\"https:\\\/\\\/pans.krosno.pl\\\/biblioteka\\\/#website\",\"url\":\"https:\\\/\\\/pans.krosno.pl\\\/biblioteka\\\/\",\"name\":\"Biblioteka PANS w Kro\u015bnie\",\"description\":\"Biblioteka - Pa\u0144stwowa Akademia Nauk Stosowanych\",\"publisher\":{\"@id\":\"https:\\\/\\\/pans.krosno.pl\\\/biblioteka\\\/#organization\"},\"potentialAction\":[{\"@type\":\"SearchAction\",\"target\":{\"@type\":\"EntryPoint\",\"urlTemplate\":\"https:\\\/\\\/pans.krosno.pl\\\/biblioteka\\\/?s={search_term_string}\"},\"query-input\":{\"@type\":\"PropertyValueSpecification\",\"valueRequired\":true,\"valueName\":\"search_term_string\"}}],\"inLanguage\":\"pl-PL\"},{\"@type\":\"Organization\",\"@id\":\"https:\\\/\\\/pans.krosno.pl\\\/biblioteka\\\/#organization\",\"name\":\"Biblioteka PANS w Kro\u015bnie\",\"url\":\"https:\\\/\\\/pans.krosno.pl\\\/biblioteka\\\/\",\"logo\":{\"@type\":\"ImageObject\",\"inLanguage\":\"pl-PL\",\"@id\":\"https:\\\/\\\/pans.krosno.pl\\\/biblioteka\\\/#\\\/schema\\\/logo\\\/image\\\/\",\"url\":\"https:\\\/\\\/pans.krosno.pl\\\/biblioteka\\\/wp-content\\\/uploads\\\/sites\\\/4\\\/2023\\\/01\\\/Logo-PANS-2022-pelne.png\",\"contentUrl\":\"https:\\\/\\\/pans.krosno.pl\\\/biblioteka\\\/wp-content\\\/uploads\\\/sites\\\/4\\\/2023\\\/01\\\/Logo-PANS-2022-pelne.png\",\"width\":3096,\"height\":696,\"caption\":\"Biblioteka PANS w Kro\u015bnie\"},\"image\":{\"@id\":\"https:\\\/\\\/pans.krosno.pl\\\/biblioteka\\\/#\\\/schema\\\/logo\\\/image\\\/\"}}]}<\/script>\n<!-- \/ Yoast SEO Premium plugin. -->","yoast_head_json":{"title":"Nowo\u015bci - Biblioteka PANS w Kro\u015bnie","description":"W ksi\u0105\u017cce O naturze ludzkiej ceniony pisarz i filozof Roger Scruton przedstawia oryginaln\u0105 i radykaln\u0105 obron\u0119 ludzkiej wyj\u0105tkowo\u015bci. Nowo\u015bci Biblioteka PANS w Kro\u015bnie","robots":{"index":"index","follow":"follow","max-snippet":"max-snippet:-1","max-image-preview":"max-image-preview:large","max-video-preview":"max-video-preview:-1"},"canonical":"https:\/\/pans.krosno.pl\/biblioteka\/nowosci\/","og_locale":"pl_PL","og_type":"article","og_title":"Nowo\u015bci","og_description":"W ksi\u0105\u017cce O naturze ludzkiej ceniony pisarz i filozof Roger Scruton przedstawia oryginaln\u0105 i radykaln\u0105 obron\u0119 ludzkiej wyj\u0105tkowo\u015bci. Nowo\u015bci Biblioteka PANS w Kro\u015bnie","og_url":"https:\/\/pans.krosno.pl\/biblioteka\/nowosci\/","og_site_name":"Biblioteka PANS w Kro\u015bnie","article_modified_time":"2025-04-07T07:43:18+00:00","twitter_card":"summary_large_image","schema":{"@context":"https:\/\/schema.org","@graph":[{"@type":"WebPage","@id":"https:\/\/pans.krosno.pl\/biblioteka\/nowosci\/","url":"https:\/\/pans.krosno.pl\/biblioteka\/nowosci\/","name":"Nowo\u015bci - Biblioteka PANS w Kro\u015bnie","isPartOf":{"@id":"https:\/\/pans.krosno.pl\/biblioteka\/#website"},"datePublished":"2020-04-15T11:51:03+00:00","dateModified":"2025-04-07T07:43:18+00:00","description":"W ksi\u0105\u017cce O naturze ludzkiej ceniony pisarz i filozof Roger Scruton przedstawia oryginaln\u0105 i radykaln\u0105 obron\u0119 ludzkiej wyj\u0105tkowo\u015bci. Nowo\u015bci Biblioteka PANS w Kro\u015bnie","breadcrumb":{"@id":"https:\/\/pans.krosno.pl\/biblioteka\/nowosci\/#breadcrumb"},"inLanguage":"pl-PL","potentialAction":[{"@type":"ReadAction","target":["https:\/\/pans.krosno.pl\/biblioteka\/nowosci\/"]}]},{"@type":"BreadcrumbList","@id":"https:\/\/pans.krosno.pl\/biblioteka\/nowosci\/#breadcrumb","itemListElement":[{"@type":"ListItem","position":1,"name":"Strona g\u0142\u00f3wna","item":"https:\/\/pans.krosno.pl\/biblioteka\/"},{"@type":"ListItem","position":2,"name":"Nowo\u015bci"}]},{"@type":"WebSite","@id":"https:\/\/pans.krosno.pl\/biblioteka\/#website","url":"https:\/\/pans.krosno.pl\/biblioteka\/","name":"Biblioteka PANS w Kro\u015bnie","description":"Biblioteka - Pa\u0144stwowa Akademia Nauk Stosowanych","publisher":{"@id":"https:\/\/pans.krosno.pl\/biblioteka\/#organization"},"potentialAction":[{"@type":"SearchAction","target":{"@type":"EntryPoint","urlTemplate":"https:\/\/pans.krosno.pl\/biblioteka\/?s={search_term_string}"},"query-input":{"@type":"PropertyValueSpecification","valueRequired":true,"valueName":"search_term_string"}}],"inLanguage":"pl-PL"},{"@type":"Organization","@id":"https:\/\/pans.krosno.pl\/biblioteka\/#organization","name":"Biblioteka PANS w Kro\u015bnie","url":"https:\/\/pans.krosno.pl\/biblioteka\/","logo":{"@type":"ImageObject","inLanguage":"pl-PL","@id":"https:\/\/pans.krosno.pl\/biblioteka\/#\/schema\/logo\/image\/","url":"https:\/\/pans.krosno.pl\/biblioteka\/wp-content\/uploads\/sites\/4\/2023\/01\/Logo-PANS-2022-pelne.png","contentUrl":"https:\/\/pans.krosno.pl\/biblioteka\/wp-content\/uploads\/sites\/4\/2023\/01\/Logo-PANS-2022-pelne.png","width":3096,"height":696,"caption":"Biblioteka PANS w Kro\u015bnie"},"image":{"@id":"https:\/\/pans.krosno.pl\/biblioteka\/#\/schema\/logo\/image\/"}}]}},"_links":{"self":[{"href":"https:\/\/pans.krosno.pl\/biblioteka\/wp-json\/wp\/v2\/pages\/190","targetHints":{"allow":["GET"]}}],"collection":[{"href":"https:\/\/pans.krosno.pl\/biblioteka\/wp-json\/wp\/v2\/pages"}],"about":[{"href":"https:\/\/pans.krosno.pl\/biblioteka\/wp-json\/wp\/v2\/types\/page"}],"author":[{"embeddable":true,"href":"https:\/\/pans.krosno.pl\/biblioteka\/wp-json\/wp\/v2\/users\/1"}],"replies":[{"embeddable":true,"href":"https:\/\/pans.krosno.pl\/biblioteka\/wp-json\/wp\/v2\/comments?post=190"}],"version-history":[{"count":63,"href":"https:\/\/pans.krosno.pl\/biblioteka\/wp-json\/wp\/v2\/pages\/190\/revisions"}],"predecessor-version":[{"id":12823,"href":"https:\/\/pans.krosno.pl\/biblioteka\/wp-json\/wp\/v2\/pages\/190\/revisions\/12823"}],"wp:attachment":[{"href":"https:\/\/pans.krosno.pl\/biblioteka\/wp-json\/wp\/v2\/media?parent=190"}],"curies":[{"name":"wp","href":"https:\/\/api.w.org\/{rel}","templated":true}]}}