{"id":16,"date":"2019-09-16T09:02:24","date_gmt":"2019-09-16T07:02:24","guid":{"rendered":"https:\/\/pans.krosno.pl\/biblioteka\/?page_id=16"},"modified":"2026-02-06T08:37:35","modified_gmt":"2026-02-06T07:37:35","slug":"ksiazki-zdigitalizowane","status":"publish","type":"page","link":"https:\/\/pans.krosno.pl\/biblioteka\/ksiazki-zdigitalizowane\/","title":{"rendered":"Ksi\u0105\u017cki zdigitalizowane"},"content":{"rendered":"\n<p>Ksi\u0105\u017cki zdigitalizowane:<\/p>\n\n\n\n<p><a href=\"http:\/\/www.pbc.rzeszow.pl\/dlibra\/docmetadata?id=10395&amp;from=latest\">&nbsp;Od Czaadajewa do Bierdiajewa : sp\u00f3r o Boga i cz\u0142owieka w my\u015bli rosyjskiej (1832-1922)&nbsp;<\/a>\/ Grzegorz Przebinda, Krak\u00f3w: PAU, 1998<\/p>\n\n\n\n<p><a href=\"https:\/\/www.pbc.rzeszow.pl\/dlibra\/publication\/30093\/edition\/28022\">Wi\u0119ksza Europa : papie\u017c wobec Rosji i Ukrainy<\/a>&nbsp;\/ Grzegorz Przebinda, Krak\u00f3w: ZNAK, 2001<\/p>\n\n\n\n<p><a href=\"https:\/\/www.pbc.rzeszow.pl\/dlibra\/results?q=Missae+Propriae+Sanctorum+Regni+Sveciae+Patronorum%2C+Ad+normam+Missalis+Romani+accommodatae&amp;action=SimpleSearchAction&amp;type=-6&amp;p=0\">Missae Propriae Sanctorum Regni Sveciae Patronorum, Ad normam Missalis Romani accommodatae<\/a>&nbsp;\/ Antverpia: ex Officina Plantiniana [Balthasaris Moreti], 1684<\/p>\n\n\n\n<p><a href=\"https:\/\/www.pbc.rzeszow.pl\/dlibra\/publication\/35116\/edition\/32601\">Badania, innowacje i pasje z perspektywy m\u0142odego naukowca : VII Og\u00f3lnopolska Konferencja Studenckich K\u00f3\u0142 Naukowych<\/a> \/ redaktor tomu : dr Renata Dziubaszewska, Dawid Makowicz, Krosno: PANS, 2025<\/p>\n\n\n\n<p><a href=\"https:\/\/www.pbc.rzeszow.pl\/dlibra\/publication\/31142\/edition\/28958\">Badania, innowacje i pasje z perspektywy m\u0142odego naukowca : VI Og\u00f3lnopolska Konferencja Studenckich K\u00f3\u0142 Naukowych <\/a>\/ redaktor tomu: dr Renata Dziubaszewska, Dawid Makowicz. &#8211; Krosno: PANS, 2024<\/p>\n\n\n\n<p><a href=\"https:\/\/www.pbc.rzeszow.pl\/dlibra\/publication\/34461\/edition\/31812\">Rola zi\u00f3\u0142 w przydomowym ogrodzie ekologicznym \/<\/a> redakcja naukowa El\u017cbieta Pisulewska. &#8211; Krosno: PANS: Wydawnictwo Naukowe Pigonianum, 2025<\/p>\n\n\n\n<p><a href=\"https:\/\/www.pbc.rzeszow.pl\/dlibra\/publication\/30095\/edition\/28030\">Usuwanie azotu w procesie anammox: opis empiryczny i teoretyczny, praktyczne zastosowanie<\/a>\/ Karol Trojanowicz &#8211; Krak\u00f3w: Politechnika Krakowska, 2023<\/p>\n\n\n\n<p><a href=\"https:\/\/www.pbc.rzeszow.pl\/dlibra\/publication\/35567\/edition\/33212\/content?ref=desc\">Wybrane zagadnienia z piel\u0119gniarstwa chirurgicznego<\/a>\/ Ma\u0142gorzata Moskal-Szybka. Krosno: Wydawnictwo Naukowe Pigonianum, 2025<\/p>\n\n\n\n<p class=\"has-small-font-size\">aktualizacja: luty 2026<\/p>\n\n\n\n<p><\/p>\n","protected":false},"excerpt":{"rendered":"<p>Ksi\u0105\u017cki zdigitalizowane: &nbsp;Od Czaadajewa do Bierdiajewa : sp\u00f3r o Boga i cz\u0142owieka w my\u015bli rosyjskiej (1832-1922)&nbsp;\/ Grzegorz Przebinda, Krak\u00f3w: PAU, 1998 Wi\u0119ksza Europa : papie\u017c wobec Rosji i Ukrainy&nbsp;\/ Grzegorz Przebinda, Krak\u00f3w: ZNAK, 2001 Missae Propriae Sanctorum Regni Sveciae Patronorum, Ad normam Missalis Romani accommodatae&nbsp;\/ Antverpia: ex Officina Plantiniana [Balthasaris [\u2026] <\/p>\n<div class=\"clear\"><\/div>\n<p><a class=\"more_link clearfix\" href=\"https:\/\/pans.krosno.pl\/biblioteka\/ksiazki-zdigitalizowane\/\" rel=\"nofollow\">Read More<\/a><\/p>\n","protected":false},"author":1,"featured_media":0,"parent":0,"menu_order":0,"comment_status":"closed","ping_status":"closed","template":"page-templates\/template-full-width.php","meta":{"ngg_post_thumbnail":0,"footnotes":""},"class_list":["post-16","page","type-page","status-publish","hentry"],"yoast_head":"<!-- This site is optimized with the Yoast SEO Premium plugin v27.4 (Yoast SEO v27.4) - https:\/\/yoast.com\/product\/yoast-seo-premium-wordpress\/ -->\n<title>Ksi\u0105\u017cki zdigitalizowane - Biblioteka PANS w Kro\u015bnie<\/title>\n<meta name=\"description\" content=\"Ksi\u0105\u017cki zdigitalizowane - Biblioteka PANS w Kro\u015bnie Ksi\u0105\u017cki zdigitalizowane\" \/>\n<meta name=\"robots\" content=\"index, follow, max-snippet:-1, max-image-preview:large, max-video-preview:-1\" \/>\n<link rel=\"canonical\" href=\"https:\/\/pans.krosno.pl\/biblioteka\/ksiazki-zdigitalizowane\/\" \/>\n<meta property=\"og:locale\" content=\"pl_PL\" \/>\n<meta property=\"og:type\" content=\"article\" \/>\n<meta property=\"og:title\" content=\"Ksi\u0105\u017cki zdigitalizowane\" \/>\n<meta property=\"og:description\" content=\"Ksi\u0105\u017cki zdigitalizowane - Biblioteka PANS w Kro\u015bnie Ksi\u0105\u017cki zdigitalizowane\" \/>\n<meta property=\"og:url\" content=\"https:\/\/pans.krosno.pl\/biblioteka\/ksiazki-zdigitalizowane\/\" \/>\n<meta property=\"og:site_name\" content=\"Biblioteka PANS w Kro\u015bnie\" \/>\n<meta property=\"article:modified_time\" content=\"2026-02-06T07:37:35+00:00\" \/>\n<meta name=\"twitter:card\" content=\"summary_large_image\" \/>\n<meta name=\"twitter:label1\" content=\"Szacowany czas czytania\" \/>\n\t<meta name=\"twitter:data1\" content=\"1 minuta\" \/>\n<script type=\"application\/ld+json\" class=\"yoast-schema-graph\">{\"@context\":\"https:\\\/\\\/schema.org\",\"@graph\":[{\"@type\":\"WebPage\",\"@id\":\"https:\\\/\\\/pans.krosno.pl\\\/biblioteka\\\/ksiazki-zdigitalizowane\\\/\",\"url\":\"https:\\\/\\\/pans.krosno.pl\\\/biblioteka\\\/ksiazki-zdigitalizowane\\\/\",\"name\":\"Ksi\u0105\u017cki zdigitalizowane - Biblioteka PANS w Kro\u015bnie\",\"isPartOf\":{\"@id\":\"https:\\\/\\\/pans.krosno.pl\\\/biblioteka\\\/#website\"},\"datePublished\":\"2019-09-16T07:02:24+00:00\",\"dateModified\":\"2026-02-06T07:37:35+00:00\",\"description\":\"Ksi\u0105\u017cki zdigitalizowane - Biblioteka PANS w Kro\u015bnie Ksi\u0105\u017cki zdigitalizowane\",\"breadcrumb\":{\"@id\":\"https:\\\/\\\/pans.krosno.pl\\\/biblioteka\\\/ksiazki-zdigitalizowane\\\/#breadcrumb\"},\"inLanguage\":\"pl-PL\",\"potentialAction\":[{\"@type\":\"ReadAction\",\"target\":[\"https:\\\/\\\/pans.krosno.pl\\\/biblioteka\\\/ksiazki-zdigitalizowane\\\/\"]}]},{\"@type\":\"BreadcrumbList\",\"@id\":\"https:\\\/\\\/pans.krosno.pl\\\/biblioteka\\\/ksiazki-zdigitalizowane\\\/#breadcrumb\",\"itemListElement\":[{\"@type\":\"ListItem\",\"position\":1,\"name\":\"Strona g\u0142\u00f3wna\",\"item\":\"https:\\\/\\\/pans.krosno.pl\\\/biblioteka\\\/\"},{\"@type\":\"ListItem\",\"position\":2,\"name\":\"Ksi\u0105\u017cki zdigitalizowane\"}]},{\"@type\":\"WebSite\",\"@id\":\"https:\\\/\\\/pans.krosno.pl\\\/biblioteka\\\/#website\",\"url\":\"https:\\\/\\\/pans.krosno.pl\\\/biblioteka\\\/\",\"name\":\"Biblioteka PANS w Kro\u015bnie\",\"description\":\"Biblioteka - Pa\u0144stwowa Akademia Nauk Stosowanych\",\"publisher\":{\"@id\":\"https:\\\/\\\/pans.krosno.pl\\\/biblioteka\\\/#organization\"},\"potentialAction\":[{\"@type\":\"SearchAction\",\"target\":{\"@type\":\"EntryPoint\",\"urlTemplate\":\"https:\\\/\\\/pans.krosno.pl\\\/biblioteka\\\/?s={search_term_string}\"},\"query-input\":{\"@type\":\"PropertyValueSpecification\",\"valueRequired\":true,\"valueName\":\"search_term_string\"}}],\"inLanguage\":\"pl-PL\"},{\"@type\":\"Organization\",\"@id\":\"https:\\\/\\\/pans.krosno.pl\\\/biblioteka\\\/#organization\",\"name\":\"Biblioteka PANS w Kro\u015bnie\",\"url\":\"https:\\\/\\\/pans.krosno.pl\\\/biblioteka\\\/\",\"logo\":{\"@type\":\"ImageObject\",\"inLanguage\":\"pl-PL\",\"@id\":\"https:\\\/\\\/pans.krosno.pl\\\/biblioteka\\\/#\\\/schema\\\/logo\\\/image\\\/\",\"url\":\"https:\\\/\\\/pans.krosno.pl\\\/biblioteka\\\/wp-content\\\/uploads\\\/sites\\\/4\\\/2023\\\/01\\\/Logo-PANS-2022-pelne.png\",\"contentUrl\":\"https:\\\/\\\/pans.krosno.pl\\\/biblioteka\\\/wp-content\\\/uploads\\\/sites\\\/4\\\/2023\\\/01\\\/Logo-PANS-2022-pelne.png\",\"width\":3096,\"height\":696,\"caption\":\"Biblioteka PANS w Kro\u015bnie\"},\"image\":{\"@id\":\"https:\\\/\\\/pans.krosno.pl\\\/biblioteka\\\/#\\\/schema\\\/logo\\\/image\\\/\"}}]}<\/script>\n<!-- \/ Yoast SEO Premium plugin. -->","yoast_head_json":{"title":"Ksi\u0105\u017cki zdigitalizowane - Biblioteka PANS w Kro\u015bnie","description":"Ksi\u0105\u017cki zdigitalizowane - Biblioteka PANS w Kro\u015bnie Ksi\u0105\u017cki zdigitalizowane","robots":{"index":"index","follow":"follow","max-snippet":"max-snippet:-1","max-image-preview":"max-image-preview:large","max-video-preview":"max-video-preview:-1"},"canonical":"https:\/\/pans.krosno.pl\/biblioteka\/ksiazki-zdigitalizowane\/","og_locale":"pl_PL","og_type":"article","og_title":"Ksi\u0105\u017cki zdigitalizowane","og_description":"Ksi\u0105\u017cki zdigitalizowane - Biblioteka PANS w Kro\u015bnie Ksi\u0105\u017cki zdigitalizowane","og_url":"https:\/\/pans.krosno.pl\/biblioteka\/ksiazki-zdigitalizowane\/","og_site_name":"Biblioteka PANS w Kro\u015bnie","article_modified_time":"2026-02-06T07:37:35+00:00","twitter_card":"summary_large_image","twitter_misc":{"Szacowany czas czytania":"1 minuta"},"schema":{"@context":"https:\/\/schema.org","@graph":[{"@type":"WebPage","@id":"https:\/\/pans.krosno.pl\/biblioteka\/ksiazki-zdigitalizowane\/","url":"https:\/\/pans.krosno.pl\/biblioteka\/ksiazki-zdigitalizowane\/","name":"Ksi\u0105\u017cki zdigitalizowane - Biblioteka PANS w Kro\u015bnie","isPartOf":{"@id":"https:\/\/pans.krosno.pl\/biblioteka\/#website"},"datePublished":"2019-09-16T07:02:24+00:00","dateModified":"2026-02-06T07:37:35+00:00","description":"Ksi\u0105\u017cki zdigitalizowane - Biblioteka PANS w Kro\u015bnie Ksi\u0105\u017cki zdigitalizowane","breadcrumb":{"@id":"https:\/\/pans.krosno.pl\/biblioteka\/ksiazki-zdigitalizowane\/#breadcrumb"},"inLanguage":"pl-PL","potentialAction":[{"@type":"ReadAction","target":["https:\/\/pans.krosno.pl\/biblioteka\/ksiazki-zdigitalizowane\/"]}]},{"@type":"BreadcrumbList","@id":"https:\/\/pans.krosno.pl\/biblioteka\/ksiazki-zdigitalizowane\/#breadcrumb","itemListElement":[{"@type":"ListItem","position":1,"name":"Strona g\u0142\u00f3wna","item":"https:\/\/pans.krosno.pl\/biblioteka\/"},{"@type":"ListItem","position":2,"name":"Ksi\u0105\u017cki zdigitalizowane"}]},{"@type":"WebSite","@id":"https:\/\/pans.krosno.pl\/biblioteka\/#website","url":"https:\/\/pans.krosno.pl\/biblioteka\/","name":"Biblioteka PANS w Kro\u015bnie","description":"Biblioteka - Pa\u0144stwowa Akademia Nauk Stosowanych","publisher":{"@id":"https:\/\/pans.krosno.pl\/biblioteka\/#organization"},"potentialAction":[{"@type":"SearchAction","target":{"@type":"EntryPoint","urlTemplate":"https:\/\/pans.krosno.pl\/biblioteka\/?s={search_term_string}"},"query-input":{"@type":"PropertyValueSpecification","valueRequired":true,"valueName":"search_term_string"}}],"inLanguage":"pl-PL"},{"@type":"Organization","@id":"https:\/\/pans.krosno.pl\/biblioteka\/#organization","name":"Biblioteka PANS w Kro\u015bnie","url":"https:\/\/pans.krosno.pl\/biblioteka\/","logo":{"@type":"ImageObject","inLanguage":"pl-PL","@id":"https:\/\/pans.krosno.pl\/biblioteka\/#\/schema\/logo\/image\/","url":"https:\/\/pans.krosno.pl\/biblioteka\/wp-content\/uploads\/sites\/4\/2023\/01\/Logo-PANS-2022-pelne.png","contentUrl":"https:\/\/pans.krosno.pl\/biblioteka\/wp-content\/uploads\/sites\/4\/2023\/01\/Logo-PANS-2022-pelne.png","width":3096,"height":696,"caption":"Biblioteka PANS w Kro\u015bnie"},"image":{"@id":"https:\/\/pans.krosno.pl\/biblioteka\/#\/schema\/logo\/image\/"}}]}},"_links":{"self":[{"href":"https:\/\/pans.krosno.pl\/biblioteka\/wp-json\/wp\/v2\/pages\/16","targetHints":{"allow":["GET"]}}],"collection":[{"href":"https:\/\/pans.krosno.pl\/biblioteka\/wp-json\/wp\/v2\/pages"}],"about":[{"href":"https:\/\/pans.krosno.pl\/biblioteka\/wp-json\/wp\/v2\/types\/page"}],"author":[{"embeddable":true,"href":"https:\/\/pans.krosno.pl\/biblioteka\/wp-json\/wp\/v2\/users\/1"}],"replies":[{"embeddable":true,"href":"https:\/\/pans.krosno.pl\/biblioteka\/wp-json\/wp\/v2\/comments?post=16"}],"version-history":[{"count":19,"href":"https:\/\/pans.krosno.pl\/biblioteka\/wp-json\/wp\/v2\/pages\/16\/revisions"}],"predecessor-version":[{"id":15144,"href":"https:\/\/pans.krosno.pl\/biblioteka\/wp-json\/wp\/v2\/pages\/16\/revisions\/15144"}],"wp:attachment":[{"href":"https:\/\/pans.krosno.pl\/biblioteka\/wp-json\/wp\/v2\/media?parent=16"}],"curies":[{"name":"wp","href":"https:\/\/api.w.org\/{rel}","templated":true}]}}