{"id":14,"date":"2019-09-16T09:02:24","date_gmt":"2019-09-16T07:02:24","guid":{"rendered":"https:\/\/pans.krosno.pl\/biblioteka\/?page_id=14"},"modified":"2025-04-10T10:33:17","modified_gmt":"2025-04-10T08:33:17","slug":"regulaminy","status":"publish","type":"page","link":"https:\/\/pans.krosno.pl\/biblioteka\/regulaminy\/","title":{"rendered":"Regulaminy"},"content":{"rendered":"\n<p><a href=\"https:\/\/pans.krosno.pl\/biblioteka\/wp-content\/uploads\/sites\/4\/2024\/11\/Zalacznik-do-zarzadzenia-nr-122_241.pdf\">Regulamin systemu biblioteczno-informacyjnego w Pa\u0144stwowej Akademii Nauk Stosowanych w Kro\u015bnie<\/a> PDF<\/p>\n\n\n\n<p><a href=\"https:\/\/pans.krosno.pl\/biblioteka\/wp-content\/uploads\/sites\/4\/2025\/04\/Zalacznik-do-zarzadzenia-nr-122_2412.docx\">Regulamin systemu biblioteczno-informacyjnego w Pa\u0144stwowej Akademii Nauk Stosowanych w Kro\u015bnie  <\/a>WORD<a href=\"https:\/\/pans.krosno.pl\/biblioteka\/wp-content\/uploads\/sites\/4\/2025\/04\/Zalacznik-do-zarzadzenia-nr-122_2412.docx\"><br><\/a><\/p>\n\n\n\n<p><a href=\"https:\/\/pans.krosno.pl\/biblioteka\/wp-content\/uploads\/sites\/4\/2025\/04\/Zalacznik-do-zarzadzenia-nr-123_24-1.pdf\">Regulamin Rady Bibliotecznej <\/a>PDF<\/p>\n\n\n\n<p><a href=\"https:\/\/pans.krosno.pl\/biblioteka\/wp-content\/uploads\/sites\/4\/2020\/03\/regulamin_rady_bibliotecznej.doc\">Regulam<\/a><a href=\"https:\/\/pans.krosno.pl\/biblioteka\/wp-content\/uploads\/sites\/4\/2025\/04\/Zalacznik-do-zarzadzenia-nr-123_24-2.docx\">in Rady Bibliotecznej<\/a> Word<\/p>\n\n\n\n\n\n<p class=\"has-small-font-size\">aktualizacja 2025<\/p>\n\n\n\n<p><\/p>\n","protected":false},"excerpt":{"rendered":"<p>Regulamin systemu biblioteczno-informacyjnego w Pa\u0144stwowej Akademii Nauk Stosowanych w Kro\u015bnie PDF Regulamin systemu biblioteczno-informacyjnego w Pa\u0144stwowej Akademii Nauk Stosowanych w Kro\u015bnie WORD Regulamin Rady Bibliotecznej PDF Regulamin Rady Bibliotecznej Word aktualizacja 2025<\/p>\n","protected":false},"author":1,"featured_media":0,"parent":0,"menu_order":0,"comment_status":"closed","ping_status":"closed","template":"page-templates\/template-full-width.php","meta":{"ngg_post_thumbnail":0,"footnotes":""},"class_list":["post-14","page","type-page","status-publish","hentry"],"yoast_head":"<!-- This site is optimized with the Yoast SEO Premium plugin v27.3 (Yoast SEO v27.3) - https:\/\/yoast.com\/product\/yoast-seo-premium-wordpress\/ -->\n<title>Regulaminy - Biblioteka PANS w Kro\u015bnie<\/title>\n<meta name=\"description\" content=\"Regulamin Biblioteki Pa\u0144stwowej Wy\u017cszej Szko\u0142y Zawodowej w Kro\u015bnie - Biblioteka PANS w Kro\u015bnie - Regulaminy\" \/>\n<meta name=\"robots\" content=\"index, follow, max-snippet:-1, max-image-preview:large, max-video-preview:-1\" \/>\n<link rel=\"canonical\" href=\"https:\/\/pans.krosno.pl\/biblioteka\/regulaminy\/\" \/>\n<meta property=\"og:locale\" content=\"pl_PL\" \/>\n<meta property=\"og:type\" content=\"article\" \/>\n<meta property=\"og:title\" content=\"Regulaminy\" \/>\n<meta property=\"og:description\" content=\"Regulamin Biblioteki Pa\u0144stwowej Wy\u017cszej Szko\u0142y Zawodowej w Kro\u015bnie - Biblioteka PANS w Kro\u015bnie - Regulaminy\" \/>\n<meta property=\"og:url\" content=\"https:\/\/pans.krosno.pl\/biblioteka\/regulaminy\/\" \/>\n<meta property=\"og:site_name\" content=\"Biblioteka PANS w Kro\u015bnie\" \/>\n<meta property=\"article:modified_time\" content=\"2025-04-10T08:33:17+00:00\" \/>\n<meta name=\"twitter:card\" content=\"summary_large_image\" \/>\n<meta name=\"twitter:label1\" content=\"Szacowany czas czytania\" \/>\n\t<meta name=\"twitter:data1\" content=\"1 minuta\" \/>\n<script type=\"application\/ld+json\" class=\"yoast-schema-graph\">{\"@context\":\"https:\\\/\\\/schema.org\",\"@graph\":[{\"@type\":\"WebPage\",\"@id\":\"https:\\\/\\\/pans.krosno.pl\\\/biblioteka\\\/regulaminy\\\/\",\"url\":\"https:\\\/\\\/pans.krosno.pl\\\/biblioteka\\\/regulaminy\\\/\",\"name\":\"Regulaminy - Biblioteka PANS w Kro\u015bnie\",\"isPartOf\":{\"@id\":\"https:\\\/\\\/pans.krosno.pl\\\/biblioteka\\\/#website\"},\"datePublished\":\"2019-09-16T07:02:24+00:00\",\"dateModified\":\"2025-04-10T08:33:17+00:00\",\"description\":\"Regulamin Biblioteki Pa\u0144stwowej Wy\u017cszej Szko\u0142y Zawodowej w Kro\u015bnie - Biblioteka PANS w Kro\u015bnie - Regulaminy\",\"breadcrumb\":{\"@id\":\"https:\\\/\\\/pans.krosno.pl\\\/biblioteka\\\/regulaminy\\\/#breadcrumb\"},\"inLanguage\":\"pl-PL\",\"potentialAction\":[{\"@type\":\"ReadAction\",\"target\":[\"https:\\\/\\\/pans.krosno.pl\\\/biblioteka\\\/regulaminy\\\/\"]}]},{\"@type\":\"BreadcrumbList\",\"@id\":\"https:\\\/\\\/pans.krosno.pl\\\/biblioteka\\\/regulaminy\\\/#breadcrumb\",\"itemListElement\":[{\"@type\":\"ListItem\",\"position\":1,\"name\":\"Strona g\u0142\u00f3wna\",\"item\":\"https:\\\/\\\/pans.krosno.pl\\\/biblioteka\\\/\"},{\"@type\":\"ListItem\",\"position\":2,\"name\":\"Regulaminy\"}]},{\"@type\":\"WebSite\",\"@id\":\"https:\\\/\\\/pans.krosno.pl\\\/biblioteka\\\/#website\",\"url\":\"https:\\\/\\\/pans.krosno.pl\\\/biblioteka\\\/\",\"name\":\"Biblioteka PANS w Kro\u015bnie\",\"description\":\"Biblioteka - Pa\u0144stwowa Akademia Nauk Stosowanych\",\"publisher\":{\"@id\":\"https:\\\/\\\/pans.krosno.pl\\\/biblioteka\\\/#organization\"},\"potentialAction\":[{\"@type\":\"SearchAction\",\"target\":{\"@type\":\"EntryPoint\",\"urlTemplate\":\"https:\\\/\\\/pans.krosno.pl\\\/biblioteka\\\/?s={search_term_string}\"},\"query-input\":{\"@type\":\"PropertyValueSpecification\",\"valueRequired\":true,\"valueName\":\"search_term_string\"}}],\"inLanguage\":\"pl-PL\"},{\"@type\":\"Organization\",\"@id\":\"https:\\\/\\\/pans.krosno.pl\\\/biblioteka\\\/#organization\",\"name\":\"Biblioteka PANS w Kro\u015bnie\",\"url\":\"https:\\\/\\\/pans.krosno.pl\\\/biblioteka\\\/\",\"logo\":{\"@type\":\"ImageObject\",\"inLanguage\":\"pl-PL\",\"@id\":\"https:\\\/\\\/pans.krosno.pl\\\/biblioteka\\\/#\\\/schema\\\/logo\\\/image\\\/\",\"url\":\"https:\\\/\\\/pans.krosno.pl\\\/biblioteka\\\/wp-content\\\/uploads\\\/sites\\\/4\\\/2023\\\/01\\\/Logo-PANS-2022-pelne.png\",\"contentUrl\":\"https:\\\/\\\/pans.krosno.pl\\\/biblioteka\\\/wp-content\\\/uploads\\\/sites\\\/4\\\/2023\\\/01\\\/Logo-PANS-2022-pelne.png\",\"width\":3096,\"height\":696,\"caption\":\"Biblioteka PANS w Kro\u015bnie\"},\"image\":{\"@id\":\"https:\\\/\\\/pans.krosno.pl\\\/biblioteka\\\/#\\\/schema\\\/logo\\\/image\\\/\"}}]}<\/script>\n<!-- \/ Yoast SEO Premium plugin. -->","yoast_head_json":{"title":"Regulaminy - Biblioteka PANS w Kro\u015bnie","description":"Regulamin Biblioteki Pa\u0144stwowej Wy\u017cszej Szko\u0142y Zawodowej w Kro\u015bnie - Biblioteka PANS w Kro\u015bnie - Regulaminy","robots":{"index":"index","follow":"follow","max-snippet":"max-snippet:-1","max-image-preview":"max-image-preview:large","max-video-preview":"max-video-preview:-1"},"canonical":"https:\/\/pans.krosno.pl\/biblioteka\/regulaminy\/","og_locale":"pl_PL","og_type":"article","og_title":"Regulaminy","og_description":"Regulamin Biblioteki Pa\u0144stwowej Wy\u017cszej Szko\u0142y Zawodowej w Kro\u015bnie - Biblioteka PANS w Kro\u015bnie - Regulaminy","og_url":"https:\/\/pans.krosno.pl\/biblioteka\/regulaminy\/","og_site_name":"Biblioteka PANS w Kro\u015bnie","article_modified_time":"2025-04-10T08:33:17+00:00","twitter_card":"summary_large_image","twitter_misc":{"Szacowany czas czytania":"1 minuta"},"schema":{"@context":"https:\/\/schema.org","@graph":[{"@type":"WebPage","@id":"https:\/\/pans.krosno.pl\/biblioteka\/regulaminy\/","url":"https:\/\/pans.krosno.pl\/biblioteka\/regulaminy\/","name":"Regulaminy - Biblioteka PANS w Kro\u015bnie","isPartOf":{"@id":"https:\/\/pans.krosno.pl\/biblioteka\/#website"},"datePublished":"2019-09-16T07:02:24+00:00","dateModified":"2025-04-10T08:33:17+00:00","description":"Regulamin Biblioteki Pa\u0144stwowej Wy\u017cszej Szko\u0142y Zawodowej w Kro\u015bnie - Biblioteka PANS w Kro\u015bnie - Regulaminy","breadcrumb":{"@id":"https:\/\/pans.krosno.pl\/biblioteka\/regulaminy\/#breadcrumb"},"inLanguage":"pl-PL","potentialAction":[{"@type":"ReadAction","target":["https:\/\/pans.krosno.pl\/biblioteka\/regulaminy\/"]}]},{"@type":"BreadcrumbList","@id":"https:\/\/pans.krosno.pl\/biblioteka\/regulaminy\/#breadcrumb","itemListElement":[{"@type":"ListItem","position":1,"name":"Strona g\u0142\u00f3wna","item":"https:\/\/pans.krosno.pl\/biblioteka\/"},{"@type":"ListItem","position":2,"name":"Regulaminy"}]},{"@type":"WebSite","@id":"https:\/\/pans.krosno.pl\/biblioteka\/#website","url":"https:\/\/pans.krosno.pl\/biblioteka\/","name":"Biblioteka PANS w Kro\u015bnie","description":"Biblioteka - Pa\u0144stwowa Akademia Nauk Stosowanych","publisher":{"@id":"https:\/\/pans.krosno.pl\/biblioteka\/#organization"},"potentialAction":[{"@type":"SearchAction","target":{"@type":"EntryPoint","urlTemplate":"https:\/\/pans.krosno.pl\/biblioteka\/?s={search_term_string}"},"query-input":{"@type":"PropertyValueSpecification","valueRequired":true,"valueName":"search_term_string"}}],"inLanguage":"pl-PL"},{"@type":"Organization","@id":"https:\/\/pans.krosno.pl\/biblioteka\/#organization","name":"Biblioteka PANS w Kro\u015bnie","url":"https:\/\/pans.krosno.pl\/biblioteka\/","logo":{"@type":"ImageObject","inLanguage":"pl-PL","@id":"https:\/\/pans.krosno.pl\/biblioteka\/#\/schema\/logo\/image\/","url":"https:\/\/pans.krosno.pl\/biblioteka\/wp-content\/uploads\/sites\/4\/2023\/01\/Logo-PANS-2022-pelne.png","contentUrl":"https:\/\/pans.krosno.pl\/biblioteka\/wp-content\/uploads\/sites\/4\/2023\/01\/Logo-PANS-2022-pelne.png","width":3096,"height":696,"caption":"Biblioteka PANS w Kro\u015bnie"},"image":{"@id":"https:\/\/pans.krosno.pl\/biblioteka\/#\/schema\/logo\/image\/"}}]}},"_links":{"self":[{"href":"https:\/\/pans.krosno.pl\/biblioteka\/wp-json\/wp\/v2\/pages\/14","targetHints":{"allow":["GET"]}}],"collection":[{"href":"https:\/\/pans.krosno.pl\/biblioteka\/wp-json\/wp\/v2\/pages"}],"about":[{"href":"https:\/\/pans.krosno.pl\/biblioteka\/wp-json\/wp\/v2\/types\/page"}],"author":[{"embeddable":true,"href":"https:\/\/pans.krosno.pl\/biblioteka\/wp-json\/wp\/v2\/users\/1"}],"replies":[{"embeddable":true,"href":"https:\/\/pans.krosno.pl\/biblioteka\/wp-json\/wp\/v2\/comments?post=14"}],"version-history":[{"count":14,"href":"https:\/\/pans.krosno.pl\/biblioteka\/wp-json\/wp\/v2\/pages\/14\/revisions"}],"predecessor-version":[{"id":13187,"href":"https:\/\/pans.krosno.pl\/biblioteka\/wp-json\/wp\/v2\/pages\/14\/revisions\/13187"}],"wp:attachment":[{"href":"https:\/\/pans.krosno.pl\/biblioteka\/wp-json\/wp\/v2\/media?parent=14"}],"curies":[{"name":"wp","href":"https:\/\/api.w.org\/{rel}","templated":true}]}}