{"id":24,"date":"2023-09-22T14:41:08","date_gmt":"2023-09-22T12:41:08","guid":{"rendered":"https:\/\/pans.krosno.pl\/bezpieczenstwo-wewnetrzne\/?page_id=24"},"modified":"2026-02-10T12:30:35","modified_gmt":"2026-02-10T11:30:35","slug":"sesja-egzaminacyjna","status":"publish","type":"page","link":"https:\/\/pans.krosno.pl\/bezpieczenstwo-wewnetrzne\/sesja-egzaminacyjna\/","title":{"rendered":"Terminy sesji egzaminacyjnej"},"content":{"rendered":"\n<p>&nbsp;<\/p>\n\n\n\n<h2 class=\"wp-block-heading\" id=\"h-terminy-egzaminow\">Terminy egzamin\u00f3w:<\/h2>\n\n\n\n<h3 class=\"wp-block-heading\" id=\"h-\"><\/h3>\n\n\n\n<h3 class=\"wp-block-heading\">I BW stacjonarny<\/h3>\n\n\n\n<figure class=\"wp-block-table\"><table class=\"has-fixed-layout\"><tbody><tr><td><em>L.p.<\/em><\/td><td><em>Przedmiot<\/em><\/td><td><em>Data<\/em><\/td><td><em>Godzina<\/em><\/td><td><em>Egzaminator<\/em><\/td><td>Forma egzaminu<\/td><td><em>Sala<\/em><\/td><\/tr><tr><td>1.<\/td><td>Wprowadzenie do wiedzy o bezpiecze\u0144stwie<\/td><td>04.02.2026 r.<\/td><td>10.00<\/td><td>dr Jacek Kra\u015b<\/td><td>pisemny<\/td><td>109 B<\/td><\/tr><tr><td>2.<\/td><td>Bezpiecze\u0144stwo wewn\u0119trzne pa\u0144stwa<br>&nbsp;i Unii Europejskiej<\/td><td>05.02.2026 r.<\/td><td>9.45<\/td><td>dr Jacek K\u0119dra<\/td><td>pisemny<\/td><td>108 B<\/td><\/tr><tr><td>3.<\/td><td>Organizacja i zarz\u0105dzanie<\/td><td>03.02.2026 r.<\/td><td>13.00<\/td><td>dr Mateusz Suchodolski<\/td><td>pisemny<\/td><td>101 B<\/td><\/tr><\/tbody><\/table><\/figure>\n\n\n\n<h3 class=\"wp-block-heading\" id=\"h-\"><\/h3>\n\n\n\n<h3 class=\"wp-block-heading\" id=\"h-ii-bw-stacjonarny\">II BW stacjonarny<\/h3>\n\n\n\n<figure class=\"wp-block-table\"><table class=\"has-fixed-layout\"><tbody><tr><td><em>L.p.<\/em><\/td><td><em>Przedmiot<\/em><\/td><td><em>Data<\/em><\/td><td><em>Godzina<\/em><\/td><td><em>Egzaminator<\/em><\/td><td>Forma egzaminu<\/td><td><em>Sala<\/em><\/td><\/tr><tr><td>1.<\/td><td>Zwalczanie przest\u0119pczo\u015bci zorganizowanej<\/td><td>15.12.2025<\/td><td>9.00<\/td><td>mgr Andrzej Duell<\/td><td>pisemny<\/td><td>109 B<\/td><\/tr><\/tbody><\/table><\/figure>\n\n\n\n<h3 class=\"wp-block-heading\" id=\"h-\"><\/h3>\n\n\n\n<h3 class=\"wp-block-heading\" id=\"h-iii-bw-stacjonarny\">III BW stacjonarny<\/h3>\n\n\n\n<figure class=\"wp-block-table\"><table class=\"has-fixed-layout\"><tbody><tr><td><em>L.p.<\/em><\/td><td><em>Przedmiot<\/em><\/td><td><em>Data<\/em><\/td><td><em>Godzina<\/em><\/td><td><em>Egzaminator<\/em><\/td><td>Forma egzaminu<\/td><td><em>Sala<\/em><\/td><\/tr><tr><td>1.<\/td><td>Przygotowanie obronne pa\u0144stwa<\/td><td>15.12.2025 r.<\/td><td>9.00<\/td><td>dr Ryszard Radwa\u0144ski<\/td><td>pisemny<\/td><td>101B<\/td><\/tr><tr><td>2.<\/td><td>Doktryny i koncepcje zwi\u0119kszania odporno\u015bci pa\u0144stwa<\/td><td>18.12.2025 r.<\/td><td>11.30<\/td><td>dr Jacek K\u0119dra<\/td><td>pisemny<\/td><td>101 B<\/td><\/tr><tr><td>3.<\/td><td>S\u0142u\u017cby specjalne<br>w systemie bezpiecze\u0144stwa wewn\u0119trznego<\/td><td>17.12.2025 r.<\/td><td>9.00<\/td><td>mgr Andrzej Duell<\/td><td>pisemny<\/td><td>101 B<\/td><\/tr><\/tbody><\/table><\/figure>\n\n\n\n<h2 class=\"wp-block-heading\" id=\"h-poprawkowa-zimowa-sesja-egzaminacyjna-16-22-02-2026-r\"><strong>Poprawkowa zimowa sesja egzaminacyjna \u2013 16-22.02.2026 r.<\/strong><\/h2>\n\n\n\n<h2 class=\"wp-block-heading\">Terminy egzamin\u00f3w<\/h2>\n\n\n\n<h3 class=\"wp-block-heading\">I BW stacjonarny<\/h3>\n\n\n\n<figure class=\"wp-block-table\"><table class=\"has-fixed-layout\"><tbody><tr><td><em>L.p.<\/em><\/td><td><em>Przedmiot<\/em><\/td><td><em>Data<\/em><\/td><td><em>Godzina<\/em><\/td><td><em>Egzaminator<\/em><\/td><td>Forma egzaminu<\/td><td><em>Sala<\/em><\/td><\/tr><tr><td>1.<\/td><td>Wprowadzenie do wiedzy o bezpiecze\u0144stwie<\/td><td>16.02.2026 r.<\/td><td>9.00<\/td><td>dr Jacek Kra\u015b<\/td><td>pisemny<\/td><td>101 B<\/td><\/tr><tr><td>2.<\/td><td>Bezpiecze\u0144stwo wewn\u0119trzne pa\u0144stwa<br>&nbsp;i Unii Europejskiej<\/td><td>19.02.2026 r.<\/td><td>9.45<\/td><td>dr Jacek K\u0119dra<\/td><td>pisemny<\/td><td>108 B<\/td><\/tr><\/tbody><\/table><\/figure>\n\n\n\n<h3 class=\"wp-block-heading\">&nbsp;<\/h3>\n","protected":false},"excerpt":{"rendered":"<p>&nbsp; Terminy egzamin\u00f3w: I BW stacjonarny L.p. Przedmiot Data Godzina Egzaminator Forma egzaminu Sala 1. Wprowadzenie do wiedzy o bezpiecze\u0144stwie 04.02.2026 r. 10.00 dr Jacek Kra\u015b pisemny 109 B 2. Bezpiecze\u0144stwo wewn\u0119trzne pa\u0144stwa&nbsp;i Unii Europejskiej 05.02.2026 r. 9.45 dr Jacek K\u0119dra pisemny 108 B 3. Organizacja i zarz\u0105dzanie 03.02.2026 r. [\u2026] <\/p>\n<div class=\"clear\"><\/div>\n<p><a class=\"more_link clearfix\" href=\"https:\/\/pans.krosno.pl\/bezpieczenstwo-wewnetrzne\/sesja-egzaminacyjna\/\" rel=\"nofollow\">Read More<\/a><\/p>\n","protected":false},"author":27,"featured_media":0,"parent":0,"menu_order":0,"comment_status":"closed","ping_status":"closed","template":"","meta":{"ngg_post_thumbnail":0,"footnotes":""},"class_list":["post-24","page","type-page","status-publish","hentry"],"yoast_head":"<!-- This site is optimized with the Yoast SEO Premium plugin v27.3 (Yoast SEO v27.3) - https:\/\/yoast.com\/product\/yoast-seo-premium-wordpress\/ -->\n<title>Terminy sesji egzaminacyjnej - Bezpiecze\u0144stwo Wewn\u0119trzne PANS w Kro\u015bnie<\/title>\n<meta name=\"robots\" content=\"index, follow, max-snippet:-1, max-image-preview:large, max-video-preview:-1\" \/>\n<link rel=\"canonical\" href=\"https:\/\/pans.krosno.pl\/bezpieczenstwo-wewnetrzne\/sesja-egzaminacyjna\/\" \/>\n<meta property=\"og:locale\" content=\"pl_PL\" \/>\n<meta property=\"og:type\" content=\"article\" \/>\n<meta property=\"og:title\" content=\"Terminy sesji egzaminacyjnej\" \/>\n<meta property=\"og:description\" content=\"&nbsp; Terminy egzamin\u00f3w: I BW stacjonarny L.p. Przedmiot Data Godzina Egzaminator Forma egzaminu Sala 1. Wprowadzenie do wiedzy o bezpiecze\u0144stwie 04.02.2026 r. 10.00 dr Jacek Kra\u015b pisemny 109 B 2. Bezpiecze\u0144stwo wewn\u0119trzne pa\u0144stwa&nbsp;i Unii Europejskiej 05.02.2026 r. 9.45 dr Jacek K\u0119dra pisemny 108 B 3. Organizacja i zarz\u0105dzanie 03.02.2026 r. [\u2026] Read More\" \/>\n<meta property=\"og:url\" content=\"https:\/\/pans.krosno.pl\/bezpieczenstwo-wewnetrzne\/sesja-egzaminacyjna\/\" \/>\n<meta property=\"og:site_name\" content=\"Bezpiecze\u0144stwo Wewn\u0119trzne PANS w Kro\u015bnie\" \/>\n<meta property=\"article:publisher\" content=\"https:\/\/www.facebook.com\/StudiaKrosno\/\" \/>\n<meta property=\"article:modified_time\" content=\"2026-02-10T11:30:35+00:00\" \/>\n<meta name=\"twitter:card\" content=\"summary_large_image\" \/>\n<meta name=\"twitter:label1\" content=\"Szacowany czas czytania\" \/>\n\t<meta name=\"twitter:data1\" content=\"2 minuty\" \/>\n<script type=\"application\/ld+json\" class=\"yoast-schema-graph\">{\"@context\":\"https:\\\/\\\/schema.org\",\"@graph\":[{\"@type\":\"WebPage\",\"@id\":\"https:\\\/\\\/pans.krosno.pl\\\/bezpieczenstwo-wewnetrzne\\\/sesja-egzaminacyjna\\\/\",\"url\":\"https:\\\/\\\/pans.krosno.pl\\\/bezpieczenstwo-wewnetrzne\\\/sesja-egzaminacyjna\\\/\",\"name\":\"Terminy sesji egzaminacyjnej - Bezpiecze\u0144stwo Wewn\u0119trzne PANS w Kro\u015bnie\",\"isPartOf\":{\"@id\":\"https:\\\/\\\/pans.krosno.pl\\\/bezpieczenstwo-wewnetrzne\\\/#website\"},\"datePublished\":\"2023-09-22T12:41:08+00:00\",\"dateModified\":\"2026-02-10T11:30:35+00:00\",\"breadcrumb\":{\"@id\":\"https:\\\/\\\/pans.krosno.pl\\\/bezpieczenstwo-wewnetrzne\\\/sesja-egzaminacyjna\\\/#breadcrumb\"},\"inLanguage\":\"pl-PL\",\"potentialAction\":[{\"@type\":\"ReadAction\",\"target\":[\"https:\\\/\\\/pans.krosno.pl\\\/bezpieczenstwo-wewnetrzne\\\/sesja-egzaminacyjna\\\/\"]}]},{\"@type\":\"BreadcrumbList\",\"@id\":\"https:\\\/\\\/pans.krosno.pl\\\/bezpieczenstwo-wewnetrzne\\\/sesja-egzaminacyjna\\\/#breadcrumb\",\"itemListElement\":[{\"@type\":\"ListItem\",\"position\":1,\"name\":\"Strona g\u0142\u00f3wna\",\"item\":\"https:\\\/\\\/pans.krosno.pl\\\/bezpieczenstwo-wewnetrzne\\\/\"},{\"@type\":\"ListItem\",\"position\":2,\"name\":\"Terminy sesji egzaminacyjnej\"}]},{\"@type\":\"WebSite\",\"@id\":\"https:\\\/\\\/pans.krosno.pl\\\/bezpieczenstwo-wewnetrzne\\\/#website\",\"url\":\"https:\\\/\\\/pans.krosno.pl\\\/bezpieczenstwo-wewnetrzne\\\/\",\"name\":\"KPU w Kro\u015bnie\",\"description\":\"Pa\u0144stwowa Akademia Nauk Stosowanych w Kro\u015bnie\",\"publisher\":{\"@id\":\"https:\\\/\\\/pans.krosno.pl\\\/bezpieczenstwo-wewnetrzne\\\/#organization\"},\"alternateName\":\"PANS Krosno\",\"potentialAction\":[{\"@type\":\"SearchAction\",\"target\":{\"@type\":\"EntryPoint\",\"urlTemplate\":\"https:\\\/\\\/pans.krosno.pl\\\/bezpieczenstwo-wewnetrzne\\\/?s={search_term_string}\"},\"query-input\":{\"@type\":\"PropertyValueSpecification\",\"valueRequired\":true,\"valueName\":\"search_term_string\"}}],\"inLanguage\":\"pl-PL\"},{\"@type\":\"Organization\",\"@id\":\"https:\\\/\\\/pans.krosno.pl\\\/bezpieczenstwo-wewnetrzne\\\/#organization\",\"name\":\"Karpacka Pa\u0144stwowa Uczelnia w Kro\u015bnie\",\"url\":\"https:\\\/\\\/pans.krosno.pl\\\/bezpieczenstwo-wewnetrzne\\\/\",\"logo\":{\"@type\":\"ImageObject\",\"inLanguage\":\"pl-PL\",\"@id\":\"https:\\\/\\\/pans.krosno.pl\\\/bezpieczenstwo-wewnetrzne\\\/#\\\/schema\\\/logo\\\/image\\\/\",\"url\":\"https:\\\/\\\/pans.krosno.pl\\\/wp-content\\\/uploads\\\/2020\\\/04\\\/unnamed-1.png\",\"contentUrl\":\"https:\\\/\\\/pans.krosno.pl\\\/wp-content\\\/uploads\\\/2020\\\/04\\\/unnamed-1.png\",\"width\":2238,\"height\":372,\"caption\":\"Karpacka Pa\u0144stwowa Uczelnia w Kro\u015bnie\"},\"image\":{\"@id\":\"https:\\\/\\\/pans.krosno.pl\\\/bezpieczenstwo-wewnetrzne\\\/#\\\/schema\\\/logo\\\/image\\\/\"},\"sameAs\":[\"https:\\\/\\\/www.facebook.com\\\/StudiaKrosno\\\/\",\"https:\\\/\\\/www.instagram.com\\\/studia.krosno\",\"https:\\\/\\\/pl.linkedin.com\\\/company\\\/pwsz-krosno\",\"https:\\\/\\\/www.youtube.com\\\/user\\\/pwszkrosno\\\/\",\"https:\\\/\\\/pl.wikipedia.org\\\/wiki\\\/Pa\u0144stwowa_Wy\u017csza_Szko\u0142a_Zawodowa_im._Stanis\u0142awa_Pigonia_w_Kro\u015bnie\"]}]}<\/script>\n<!-- \/ Yoast SEO Premium plugin. -->","yoast_head_json":{"title":"Terminy sesji egzaminacyjnej - Bezpiecze\u0144stwo Wewn\u0119trzne PANS w Kro\u015bnie","robots":{"index":"index","follow":"follow","max-snippet":"max-snippet:-1","max-image-preview":"max-image-preview:large","max-video-preview":"max-video-preview:-1"},"canonical":"https:\/\/pans.krosno.pl\/bezpieczenstwo-wewnetrzne\/sesja-egzaminacyjna\/","og_locale":"pl_PL","og_type":"article","og_title":"Terminy sesji egzaminacyjnej","og_description":"&nbsp; Terminy egzamin\u00f3w: I BW stacjonarny L.p. Przedmiot Data Godzina Egzaminator Forma egzaminu Sala 1. Wprowadzenie do wiedzy o bezpiecze\u0144stwie 04.02.2026 r. 10.00 dr Jacek Kra\u015b pisemny 109 B 2. Bezpiecze\u0144stwo wewn\u0119trzne pa\u0144stwa&nbsp;i Unii Europejskiej 05.02.2026 r. 9.45 dr Jacek K\u0119dra pisemny 108 B 3. Organizacja i zarz\u0105dzanie 03.02.2026 r. [\u2026] Read More","og_url":"https:\/\/pans.krosno.pl\/bezpieczenstwo-wewnetrzne\/sesja-egzaminacyjna\/","og_site_name":"Bezpiecze\u0144stwo Wewn\u0119trzne PANS w Kro\u015bnie","article_publisher":"https:\/\/www.facebook.com\/StudiaKrosno\/","article_modified_time":"2026-02-10T11:30:35+00:00","twitter_card":"summary_large_image","twitter_misc":{"Szacowany czas czytania":"2 minuty"},"schema":{"@context":"https:\/\/schema.org","@graph":[{"@type":"WebPage","@id":"https:\/\/pans.krosno.pl\/bezpieczenstwo-wewnetrzne\/sesja-egzaminacyjna\/","url":"https:\/\/pans.krosno.pl\/bezpieczenstwo-wewnetrzne\/sesja-egzaminacyjna\/","name":"Terminy sesji egzaminacyjnej - Bezpiecze\u0144stwo Wewn\u0119trzne PANS w Kro\u015bnie","isPartOf":{"@id":"https:\/\/pans.krosno.pl\/bezpieczenstwo-wewnetrzne\/#website"},"datePublished":"2023-09-22T12:41:08+00:00","dateModified":"2026-02-10T11:30:35+00:00","breadcrumb":{"@id":"https:\/\/pans.krosno.pl\/bezpieczenstwo-wewnetrzne\/sesja-egzaminacyjna\/#breadcrumb"},"inLanguage":"pl-PL","potentialAction":[{"@type":"ReadAction","target":["https:\/\/pans.krosno.pl\/bezpieczenstwo-wewnetrzne\/sesja-egzaminacyjna\/"]}]},{"@type":"BreadcrumbList","@id":"https:\/\/pans.krosno.pl\/bezpieczenstwo-wewnetrzne\/sesja-egzaminacyjna\/#breadcrumb","itemListElement":[{"@type":"ListItem","position":1,"name":"Strona g\u0142\u00f3wna","item":"https:\/\/pans.krosno.pl\/bezpieczenstwo-wewnetrzne\/"},{"@type":"ListItem","position":2,"name":"Terminy sesji egzaminacyjnej"}]},{"@type":"WebSite","@id":"https:\/\/pans.krosno.pl\/bezpieczenstwo-wewnetrzne\/#website","url":"https:\/\/pans.krosno.pl\/bezpieczenstwo-wewnetrzne\/","name":"KPU w Kro\u015bnie","description":"Pa\u0144stwowa Akademia Nauk Stosowanych w Kro\u015bnie","publisher":{"@id":"https:\/\/pans.krosno.pl\/bezpieczenstwo-wewnetrzne\/#organization"},"alternateName":"PANS Krosno","potentialAction":[{"@type":"SearchAction","target":{"@type":"EntryPoint","urlTemplate":"https:\/\/pans.krosno.pl\/bezpieczenstwo-wewnetrzne\/?s={search_term_string}"},"query-input":{"@type":"PropertyValueSpecification","valueRequired":true,"valueName":"search_term_string"}}],"inLanguage":"pl-PL"},{"@type":"Organization","@id":"https:\/\/pans.krosno.pl\/bezpieczenstwo-wewnetrzne\/#organization","name":"Karpacka Pa\u0144stwowa Uczelnia w Kro\u015bnie","url":"https:\/\/pans.krosno.pl\/bezpieczenstwo-wewnetrzne\/","logo":{"@type":"ImageObject","inLanguage":"pl-PL","@id":"https:\/\/pans.krosno.pl\/bezpieczenstwo-wewnetrzne\/#\/schema\/logo\/image\/","url":"https:\/\/pans.krosno.pl\/wp-content\/uploads\/2020\/04\/unnamed-1.png","contentUrl":"https:\/\/pans.krosno.pl\/wp-content\/uploads\/2020\/04\/unnamed-1.png","width":2238,"height":372,"caption":"Karpacka Pa\u0144stwowa Uczelnia w Kro\u015bnie"},"image":{"@id":"https:\/\/pans.krosno.pl\/bezpieczenstwo-wewnetrzne\/#\/schema\/logo\/image\/"},"sameAs":["https:\/\/www.facebook.com\/StudiaKrosno\/","https:\/\/www.instagram.com\/studia.krosno","https:\/\/pl.linkedin.com\/company\/pwsz-krosno","https:\/\/www.youtube.com\/user\/pwszkrosno\/","https:\/\/pl.wikipedia.org\/wiki\/Pa\u0144stwowa_Wy\u017csza_Szko\u0142a_Zawodowa_im._Stanis\u0142awa_Pigonia_w_Kro\u015bnie"]}]}},"_links":{"self":[{"href":"https:\/\/pans.krosno.pl\/bezpieczenstwo-wewnetrzne\/wp-json\/wp\/v2\/pages\/24","targetHints":{"allow":["GET"]}}],"collection":[{"href":"https:\/\/pans.krosno.pl\/bezpieczenstwo-wewnetrzne\/wp-json\/wp\/v2\/pages"}],"about":[{"href":"https:\/\/pans.krosno.pl\/bezpieczenstwo-wewnetrzne\/wp-json\/wp\/v2\/types\/page"}],"author":[{"embeddable":true,"href":"https:\/\/pans.krosno.pl\/bezpieczenstwo-wewnetrzne\/wp-json\/wp\/v2\/users\/27"}],"replies":[{"embeddable":true,"href":"https:\/\/pans.krosno.pl\/bezpieczenstwo-wewnetrzne\/wp-json\/wp\/v2\/comments?post=24"}],"version-history":[{"count":13,"href":"https:\/\/pans.krosno.pl\/bezpieczenstwo-wewnetrzne\/wp-json\/wp\/v2\/pages\/24\/revisions"}],"predecessor-version":[{"id":1046,"href":"https:\/\/pans.krosno.pl\/bezpieczenstwo-wewnetrzne\/wp-json\/wp\/v2\/pages\/24\/revisions\/1046"}],"wp:attachment":[{"href":"https:\/\/pans.krosno.pl\/bezpieczenstwo-wewnetrzne\/wp-json\/wp\/v2\/media?parent=24"}],"curies":[{"name":"wp","href":"https:\/\/api.w.org\/{rel}","templated":true}]}}