{"id":22,"date":"2023-09-22T14:41:07","date_gmt":"2023-09-22T12:41:07","guid":{"rendered":"https:\/\/pans.krosno.pl\/bezpieczenstwo-wewnetrzne\/?page_id=22"},"modified":"2025-09-23T09:15:06","modified_gmt":"2025-09-23T07:15:06","slug":"program-studiow","status":"publish","type":"page","link":"https:\/\/pans.krosno.pl\/bezpieczenstwo-wewnetrzne\/program-studiow\/","title":{"rendered":"Program studi\u00f3w"},"content":{"rendered":"\n<div class=\"wp-block-file\"><a id=\"wp-block-file--media-7ddbd2b2-97ec-4f34-95a8-25740df44003\" href=\"https:\/\/pans.krosno.pl\/bezpieczenstwo-wewnetrzne\/wp-content\/uploads\/sites\/62\/2023\/09\/Plan_studiow_oraz_Karty-przedmiotow_dla-cyklu_ksztlcenia_2023-2026-2.doc\">Plan_studiow_oraz_Karty-przedmiotow_dla-cyklu_ksztlcenia_2023-2026<\/a><a href=\"https:\/\/pans.krosno.pl\/bezpieczenstwo-wewnetrzne\/wp-content\/uploads\/sites\/62\/2023\/09\/Plan_studiow_oraz_Karty-przedmiotow_dla-cyklu_ksztlcenia_2023-2026-2.doc\" class=\"wp-block-file__button wp-element-button\" download aria-describedby=\"wp-block-file--media-7ddbd2b2-97ec-4f34-95a8-25740df44003\">Pobierz<\/a><\/div>\n\n\n\n<div class=\"wp-block-file\"><a id=\"wp-block-file--media-e0470707-1b34-4e32-b10d-234942b8fec5\" href=\"https:\/\/pans.krosno.pl\/bezpieczenstwo-wewnetrzne\/wp-content\/uploads\/sites\/62\/2024\/09\/Plan-studiow-oraz-karty-przedmiotow-dla-cyklu-ksztalcenia-2024-2027.doc\">Plan-studiow-oraz-karty-przedmiotow-dla-cyklu-ksztalcenia-2024-2027<\/a><a href=\"https:\/\/pans.krosno.pl\/bezpieczenstwo-wewnetrzne\/wp-content\/uploads\/sites\/62\/2024\/09\/Plan-studiow-oraz-karty-przedmiotow-dla-cyklu-ksztalcenia-2024-2027.doc\" class=\"wp-block-file__button wp-element-button\" download aria-describedby=\"wp-block-file--media-e0470707-1b34-4e32-b10d-234942b8fec5\">Pobierz<\/a><\/div>\n\n\n\n<div class=\"wp-block-file\"><a id=\"wp-block-file--media-fbf793c1-af36-4df9-9d7f-6dfd84fce829\" href=\"https:\/\/pans.krosno.pl\/bezpieczenstwo-wewnetrzne\/wp-content\/uploads\/sites\/62\/2025\/09\/Program-studiow-oraz-karty-przedmiotow-dla-cyklu-ksztalcenia-2025-2028.doc\">Program studi\u00f3w oraz karty przedmiot\u00f3w dla cyklu kszta\u0142cenia 2025-2028<\/a><a href=\"https:\/\/pans.krosno.pl\/bezpieczenstwo-wewnetrzne\/wp-content\/uploads\/sites\/62\/2025\/09\/Program-studiow-oraz-karty-przedmiotow-dla-cyklu-ksztalcenia-2025-2028.doc\" class=\"wp-block-file__button wp-element-button\" download aria-describedby=\"wp-block-file--media-fbf793c1-af36-4df9-9d7f-6dfd84fce829\">Pobierz<\/a><\/div>\n","protected":false},"excerpt":{"rendered":"","protected":false},"author":27,"featured_media":0,"parent":0,"menu_order":0,"comment_status":"closed","ping_status":"closed","template":"","meta":{"ngg_post_thumbnail":0,"footnotes":""},"class_list":["post-22","page","type-page","status-publish","hentry"],"yoast_head":"<!-- This site is optimized with the Yoast SEO Premium plugin v27.3 (Yoast SEO v27.3) - https:\/\/yoast.com\/product\/yoast-seo-premium-wordpress\/ -->\n<title>Program studi\u00f3w - Bezpiecze\u0144stwo Wewn\u0119trzne PANS w Kro\u015bnie<\/title>\n<meta name=\"robots\" content=\"index, follow, max-snippet:-1, max-image-preview:large, max-video-preview:-1\" \/>\n<link rel=\"canonical\" href=\"https:\/\/pans.krosno.pl\/bezpieczenstwo-wewnetrzne\/program-studiow\/\" \/>\n<meta property=\"og:locale\" content=\"pl_PL\" \/>\n<meta property=\"og:type\" content=\"article\" \/>\n<meta property=\"og:title\" content=\"Program studi\u00f3w\" \/>\n<meta property=\"og:url\" content=\"https:\/\/pans.krosno.pl\/bezpieczenstwo-wewnetrzne\/program-studiow\/\" \/>\n<meta property=\"og:site_name\" content=\"Bezpiecze\u0144stwo Wewn\u0119trzne PANS w Kro\u015bnie\" \/>\n<meta property=\"article:publisher\" content=\"https:\/\/www.facebook.com\/StudiaKrosno\/\" \/>\n<meta property=\"article:modified_time\" content=\"2025-09-23T07:15:06+00:00\" \/>\n<meta name=\"twitter:card\" content=\"summary_large_image\" \/>\n<meta name=\"twitter:label1\" content=\"Szacowany czas czytania\" \/>\n\t<meta name=\"twitter:data1\" content=\"1 minuta\" \/>\n<script type=\"application\/ld+json\" class=\"yoast-schema-graph\">{\"@context\":\"https:\\\/\\\/schema.org\",\"@graph\":[{\"@type\":\"WebPage\",\"@id\":\"https:\\\/\\\/pans.krosno.pl\\\/bezpieczenstwo-wewnetrzne\\\/program-studiow\\\/\",\"url\":\"https:\\\/\\\/pans.krosno.pl\\\/bezpieczenstwo-wewnetrzne\\\/program-studiow\\\/\",\"name\":\"Program studi\u00f3w - Bezpiecze\u0144stwo Wewn\u0119trzne PANS w Kro\u015bnie\",\"isPartOf\":{\"@id\":\"https:\\\/\\\/pans.krosno.pl\\\/bezpieczenstwo-wewnetrzne\\\/#website\"},\"datePublished\":\"2023-09-22T12:41:07+00:00\",\"dateModified\":\"2025-09-23T07:15:06+00:00\",\"breadcrumb\":{\"@id\":\"https:\\\/\\\/pans.krosno.pl\\\/bezpieczenstwo-wewnetrzne\\\/program-studiow\\\/#breadcrumb\"},\"inLanguage\":\"pl-PL\",\"potentialAction\":[{\"@type\":\"ReadAction\",\"target\":[\"https:\\\/\\\/pans.krosno.pl\\\/bezpieczenstwo-wewnetrzne\\\/program-studiow\\\/\"]}]},{\"@type\":\"BreadcrumbList\",\"@id\":\"https:\\\/\\\/pans.krosno.pl\\\/bezpieczenstwo-wewnetrzne\\\/program-studiow\\\/#breadcrumb\",\"itemListElement\":[{\"@type\":\"ListItem\",\"position\":1,\"name\":\"Strona g\u0142\u00f3wna\",\"item\":\"https:\\\/\\\/pans.krosno.pl\\\/bezpieczenstwo-wewnetrzne\\\/\"},{\"@type\":\"ListItem\",\"position\":2,\"name\":\"Program studi\u00f3w\"}]},{\"@type\":\"WebSite\",\"@id\":\"https:\\\/\\\/pans.krosno.pl\\\/bezpieczenstwo-wewnetrzne\\\/#website\",\"url\":\"https:\\\/\\\/pans.krosno.pl\\\/bezpieczenstwo-wewnetrzne\\\/\",\"name\":\"KPU w Kro\u015bnie\",\"description\":\"Pa\u0144stwowa Akademia Nauk Stosowanych w Kro\u015bnie\",\"publisher\":{\"@id\":\"https:\\\/\\\/pans.krosno.pl\\\/bezpieczenstwo-wewnetrzne\\\/#organization\"},\"alternateName\":\"PANS Krosno\",\"potentialAction\":[{\"@type\":\"SearchAction\",\"target\":{\"@type\":\"EntryPoint\",\"urlTemplate\":\"https:\\\/\\\/pans.krosno.pl\\\/bezpieczenstwo-wewnetrzne\\\/?s={search_term_string}\"},\"query-input\":{\"@type\":\"PropertyValueSpecification\",\"valueRequired\":true,\"valueName\":\"search_term_string\"}}],\"inLanguage\":\"pl-PL\"},{\"@type\":\"Organization\",\"@id\":\"https:\\\/\\\/pans.krosno.pl\\\/bezpieczenstwo-wewnetrzne\\\/#organization\",\"name\":\"Karpacka Pa\u0144stwowa Uczelnia w Kro\u015bnie\",\"url\":\"https:\\\/\\\/pans.krosno.pl\\\/bezpieczenstwo-wewnetrzne\\\/\",\"logo\":{\"@type\":\"ImageObject\",\"inLanguage\":\"pl-PL\",\"@id\":\"https:\\\/\\\/pans.krosno.pl\\\/bezpieczenstwo-wewnetrzne\\\/#\\\/schema\\\/logo\\\/image\\\/\",\"url\":\"https:\\\/\\\/pans.krosno.pl\\\/wp-content\\\/uploads\\\/2020\\\/04\\\/unnamed-1.png\",\"contentUrl\":\"https:\\\/\\\/pans.krosno.pl\\\/wp-content\\\/uploads\\\/2020\\\/04\\\/unnamed-1.png\",\"width\":2238,\"height\":372,\"caption\":\"Karpacka Pa\u0144stwowa Uczelnia w Kro\u015bnie\"},\"image\":{\"@id\":\"https:\\\/\\\/pans.krosno.pl\\\/bezpieczenstwo-wewnetrzne\\\/#\\\/schema\\\/logo\\\/image\\\/\"},\"sameAs\":[\"https:\\\/\\\/www.facebook.com\\\/StudiaKrosno\\\/\",\"https:\\\/\\\/www.instagram.com\\\/studia.krosno\",\"https:\\\/\\\/pl.linkedin.com\\\/company\\\/pwsz-krosno\",\"https:\\\/\\\/www.youtube.com\\\/user\\\/pwszkrosno\\\/\",\"https:\\\/\\\/pl.wikipedia.org\\\/wiki\\\/Pa\u0144stwowa_Wy\u017csza_Szko\u0142a_Zawodowa_im._Stanis\u0142awa_Pigonia_w_Kro\u015bnie\"]}]}<\/script>\n<!-- \/ Yoast SEO Premium plugin. -->","yoast_head_json":{"title":"Program studi\u00f3w - Bezpiecze\u0144stwo Wewn\u0119trzne PANS w Kro\u015bnie","robots":{"index":"index","follow":"follow","max-snippet":"max-snippet:-1","max-image-preview":"max-image-preview:large","max-video-preview":"max-video-preview:-1"},"canonical":"https:\/\/pans.krosno.pl\/bezpieczenstwo-wewnetrzne\/program-studiow\/","og_locale":"pl_PL","og_type":"article","og_title":"Program studi\u00f3w","og_url":"https:\/\/pans.krosno.pl\/bezpieczenstwo-wewnetrzne\/program-studiow\/","og_site_name":"Bezpiecze\u0144stwo Wewn\u0119trzne PANS w Kro\u015bnie","article_publisher":"https:\/\/www.facebook.com\/StudiaKrosno\/","article_modified_time":"2025-09-23T07:15:06+00:00","twitter_card":"summary_large_image","twitter_misc":{"Szacowany czas czytania":"1 minuta"},"schema":{"@context":"https:\/\/schema.org","@graph":[{"@type":"WebPage","@id":"https:\/\/pans.krosno.pl\/bezpieczenstwo-wewnetrzne\/program-studiow\/","url":"https:\/\/pans.krosno.pl\/bezpieczenstwo-wewnetrzne\/program-studiow\/","name":"Program studi\u00f3w - Bezpiecze\u0144stwo Wewn\u0119trzne PANS w Kro\u015bnie","isPartOf":{"@id":"https:\/\/pans.krosno.pl\/bezpieczenstwo-wewnetrzne\/#website"},"datePublished":"2023-09-22T12:41:07+00:00","dateModified":"2025-09-23T07:15:06+00:00","breadcrumb":{"@id":"https:\/\/pans.krosno.pl\/bezpieczenstwo-wewnetrzne\/program-studiow\/#breadcrumb"},"inLanguage":"pl-PL","potentialAction":[{"@type":"ReadAction","target":["https:\/\/pans.krosno.pl\/bezpieczenstwo-wewnetrzne\/program-studiow\/"]}]},{"@type":"BreadcrumbList","@id":"https:\/\/pans.krosno.pl\/bezpieczenstwo-wewnetrzne\/program-studiow\/#breadcrumb","itemListElement":[{"@type":"ListItem","position":1,"name":"Strona g\u0142\u00f3wna","item":"https:\/\/pans.krosno.pl\/bezpieczenstwo-wewnetrzne\/"},{"@type":"ListItem","position":2,"name":"Program studi\u00f3w"}]},{"@type":"WebSite","@id":"https:\/\/pans.krosno.pl\/bezpieczenstwo-wewnetrzne\/#website","url":"https:\/\/pans.krosno.pl\/bezpieczenstwo-wewnetrzne\/","name":"KPU w Kro\u015bnie","description":"Pa\u0144stwowa Akademia Nauk Stosowanych w Kro\u015bnie","publisher":{"@id":"https:\/\/pans.krosno.pl\/bezpieczenstwo-wewnetrzne\/#organization"},"alternateName":"PANS Krosno","potentialAction":[{"@type":"SearchAction","target":{"@type":"EntryPoint","urlTemplate":"https:\/\/pans.krosno.pl\/bezpieczenstwo-wewnetrzne\/?s={search_term_string}"},"query-input":{"@type":"PropertyValueSpecification","valueRequired":true,"valueName":"search_term_string"}}],"inLanguage":"pl-PL"},{"@type":"Organization","@id":"https:\/\/pans.krosno.pl\/bezpieczenstwo-wewnetrzne\/#organization","name":"Karpacka Pa\u0144stwowa Uczelnia w Kro\u015bnie","url":"https:\/\/pans.krosno.pl\/bezpieczenstwo-wewnetrzne\/","logo":{"@type":"ImageObject","inLanguage":"pl-PL","@id":"https:\/\/pans.krosno.pl\/bezpieczenstwo-wewnetrzne\/#\/schema\/logo\/image\/","url":"https:\/\/pans.krosno.pl\/wp-content\/uploads\/2020\/04\/unnamed-1.png","contentUrl":"https:\/\/pans.krosno.pl\/wp-content\/uploads\/2020\/04\/unnamed-1.png","width":2238,"height":372,"caption":"Karpacka Pa\u0144stwowa Uczelnia w Kro\u015bnie"},"image":{"@id":"https:\/\/pans.krosno.pl\/bezpieczenstwo-wewnetrzne\/#\/schema\/logo\/image\/"},"sameAs":["https:\/\/www.facebook.com\/StudiaKrosno\/","https:\/\/www.instagram.com\/studia.krosno","https:\/\/pl.linkedin.com\/company\/pwsz-krosno","https:\/\/www.youtube.com\/user\/pwszkrosno\/","https:\/\/pl.wikipedia.org\/wiki\/Pa\u0144stwowa_Wy\u017csza_Szko\u0142a_Zawodowa_im._Stanis\u0142awa_Pigonia_w_Kro\u015bnie"]}]}},"_links":{"self":[{"href":"https:\/\/pans.krosno.pl\/bezpieczenstwo-wewnetrzne\/wp-json\/wp\/v2\/pages\/22","targetHints":{"allow":["GET"]}}],"collection":[{"href":"https:\/\/pans.krosno.pl\/bezpieczenstwo-wewnetrzne\/wp-json\/wp\/v2\/pages"}],"about":[{"href":"https:\/\/pans.krosno.pl\/bezpieczenstwo-wewnetrzne\/wp-json\/wp\/v2\/types\/page"}],"author":[{"embeddable":true,"href":"https:\/\/pans.krosno.pl\/bezpieczenstwo-wewnetrzne\/wp-json\/wp\/v2\/users\/27"}],"replies":[{"embeddable":true,"href":"https:\/\/pans.krosno.pl\/bezpieczenstwo-wewnetrzne\/wp-json\/wp\/v2\/comments?post=22"}],"version-history":[{"count":4,"href":"https:\/\/pans.krosno.pl\/bezpieczenstwo-wewnetrzne\/wp-json\/wp\/v2\/pages\/22\/revisions"}],"predecessor-version":[{"id":845,"href":"https:\/\/pans.krosno.pl\/bezpieczenstwo-wewnetrzne\/wp-json\/wp\/v2\/pages\/22\/revisions\/845"}],"wp:attachment":[{"href":"https:\/\/pans.krosno.pl\/bezpieczenstwo-wewnetrzne\/wp-json\/wp\/v2\/media?parent=22"}],"curies":[{"name":"wp","href":"https:\/\/api.w.org\/{rel}","templated":true}]}}