{"id":21,"date":"2023-09-22T14:41:06","date_gmt":"2023-09-22T12:41:06","guid":{"rendered":"https:\/\/pans.krosno.pl\/bezpieczenstwo-wewnetrzne\/?page_id=21"},"modified":"2024-12-05T11:28:03","modified_gmt":"2024-12-05T10:28:03","slug":"praktyki-zawodowe","status":"publish","type":"page","link":"https:\/\/pans.krosno.pl\/bezpieczenstwo-wewnetrzne\/praktyki-zawodowe\/","title":{"rendered":"Praktyki zawodowe"},"content":{"rendered":"\n<p>Wykaz dokument\u00f3w potrzebnych do odbycia praktyk zawodowych na kierunku Bezpiecze\u0144stwo Wewn\u0119trzne:<\/p>\n\n\n\n<div class=\"wp-block-file\"><a id=\"wp-block-file--media-7fc3e4f2-a559-4b8e-a1d0-25cd21f01eed\" href=\"https:\/\/pans.krosno.pl\/bezpieczenstwo-wewnetrzne\/wp-content\/uploads\/sites\/62\/2024\/12\/KIERUNKOWY-PROGRAM-PRAKTYK-BW-2024-2025.doc\">KIERUNKOWY-PROGRAM-PRAKTYK-BW-2024-2025<\/a><a href=\"https:\/\/pans.krosno.pl\/bezpieczenstwo-wewnetrzne\/wp-content\/uploads\/sites\/62\/2024\/12\/KIERUNKOWY-PROGRAM-PRAKTYK-BW-2024-2025.doc\" class=\"wp-block-file__button wp-element-button\" download aria-describedby=\"wp-block-file--media-7fc3e4f2-a559-4b8e-a1d0-25cd21f01eed\">Pobierz<\/a><\/div>\n\n\n\n<div class=\"wp-block-file\"><a id=\"wp-block-file--media-6cb95a6a-9c71-414e-b3e5-691cf049fd7c\" href=\"https:\/\/pans.krosno.pl\/bezpieczenstwo-wewnetrzne\/wp-content\/uploads\/sites\/62\/2024\/12\/WYKAZ-FIRM-W-KTORYM-MOZNA-ODBYC-PRAKTYKI-ZAWODOWE-BEZPIECZENSTWO-WEWNETRZNE-2024-2025-1-\u2014-kopia.doc\">WYKAZ-FIRM-W-KTORYM-MOZNA-ODBYC-PRAKTYKI-ZAWODOWE-BEZPIECZENSTWO-WEWNETRZNE-2024-2025-1-\u2014-kopia<\/a><a href=\"https:\/\/pans.krosno.pl\/bezpieczenstwo-wewnetrzne\/wp-content\/uploads\/sites\/62\/2024\/12\/WYKAZ-FIRM-W-KTORYM-MOZNA-ODBYC-PRAKTYKI-ZAWODOWE-BEZPIECZENSTWO-WEWNETRZNE-2024-2025-1-\u2014-kopia.doc\" class=\"wp-block-file__button wp-element-button\" download aria-describedby=\"wp-block-file--media-6cb95a6a-9c71-414e-b3e5-691cf049fd7c\">Pobierz<\/a><\/div>\n\n\n\n<div class=\"wp-block-file\"><a id=\"wp-block-file--media-e785cd76-39df-4f01-9aa7-8c59b413c9c8\" href=\"https:\/\/pans.krosno.pl\/bezpieczenstwo-wewnetrzne\/wp-content\/uploads\/sites\/62\/2024\/12\/Zalacznik-1a-i-1b-\u2013-Skierowanie-na-praktyke-i-oswiadczenie-o-przyjeciu-na-praktyke-3.doc\">Zalacznik-1a-i-1b-\u2013-Skierowanie-na-praktyke-i-oswiadczenie-o-przyjeciu-na-praktyke-3<\/a><a href=\"https:\/\/pans.krosno.pl\/bezpieczenstwo-wewnetrzne\/wp-content\/uploads\/sites\/62\/2024\/12\/Zalacznik-1a-i-1b-\u2013-Skierowanie-na-praktyke-i-oswiadczenie-o-przyjeciu-na-praktyke-3.doc\" class=\"wp-block-file__button wp-element-button\" download aria-describedby=\"wp-block-file--media-e785cd76-39df-4f01-9aa7-8c59b413c9c8\">Pobierz<\/a><\/div>\n\n\n\n<div class=\"wp-block-file\"><a id=\"wp-block-file--media-6657d2fb-937b-4487-a872-6771f66f0028\" href=\"https:\/\/pans.krosno.pl\/bezpieczenstwo-wewnetrzne\/wp-content\/uploads\/sites\/62\/2024\/12\/Zalacznik-1c-Oswiadczenie-o-posiadaniu-ubezpieczenia-NNW.doc\">Zalacznik-1c-Oswiadczenie-o-posiadaniu-ubezpieczenia-NNW<\/a><a href=\"https:\/\/pans.krosno.pl\/bezpieczenstwo-wewnetrzne\/wp-content\/uploads\/sites\/62\/2024\/12\/Zalacznik-1c-Oswiadczenie-o-posiadaniu-ubezpieczenia-NNW.doc\" class=\"wp-block-file__button wp-element-button\" download aria-describedby=\"wp-block-file--media-6657d2fb-937b-4487-a872-6771f66f0028\">Pobierz<\/a><\/div>\n\n\n\n<div class=\"wp-block-file\"><a id=\"wp-block-file--media-110150b9-a0cf-48c3-87da-3d09c9e7d3bd\" href=\"https:\/\/pans.krosno.pl\/bezpieczenstwo-wewnetrzne\/wp-content\/uploads\/sites\/62\/2024\/12\/Zalacznik-2a-\u2013-Porozumienie-dla-jednego-studenta-1.doc\">Zalacznik-2a-\u2013-Porozumienie-dla-jednego-studenta-1<\/a><a href=\"https:\/\/pans.krosno.pl\/bezpieczenstwo-wewnetrzne\/wp-content\/uploads\/sites\/62\/2024\/12\/Zalacznik-2a-\u2013-Porozumienie-dla-jednego-studenta-1.doc\" class=\"wp-block-file__button wp-element-button\" download aria-describedby=\"wp-block-file--media-110150b9-a0cf-48c3-87da-3d09c9e7d3bd\">Pobierz<\/a><\/div>\n\n\n\n<div class=\"wp-block-file\"><a id=\"wp-block-file--media-41885dca-c2d9-4f41-b784-90e2a8524559\" href=\"https:\/\/pans.krosno.pl\/bezpieczenstwo-wewnetrzne\/wp-content\/uploads\/sites\/62\/2024\/12\/Zalacznik-2b-\u2013-Porozumienie-dla-grupy-studentow-1.doc\">Zalacznik-2b-\u2013-Porozumienie-dla-grupy-studentow-1<\/a><a href=\"https:\/\/pans.krosno.pl\/bezpieczenstwo-wewnetrzne\/wp-content\/uploads\/sites\/62\/2024\/12\/Zalacznik-2b-\u2013-Porozumienie-dla-grupy-studentow-1.doc\" class=\"wp-block-file__button wp-element-button\" download aria-describedby=\"wp-block-file--media-41885dca-c2d9-4f41-b784-90e2a8524559\">Pobierz<\/a><\/div>\n\n\n\n<div class=\"wp-block-file\"><a id=\"wp-block-file--media-9cecbbda-ab7f-40af-a1d8-95c6b98a14ac\" href=\"https:\/\/pans.krosno.pl\/bezpieczenstwo-wewnetrzne\/wp-content\/uploads\/sites\/62\/2024\/12\/Zalacznik-3-\u2013-Karta-weryfikacji-efektow-uczenia-sie-Praktyka-nr-11.doc\">Zalacznik-3-\u2013-Karta-weryfikacji-efektow-uczenia-sie-Praktyka-nr-11<\/a><a href=\"https:\/\/pans.krosno.pl\/bezpieczenstwo-wewnetrzne\/wp-content\/uploads\/sites\/62\/2024\/12\/Zalacznik-3-\u2013-Karta-weryfikacji-efektow-uczenia-sie-Praktyka-nr-11.doc\" class=\"wp-block-file__button wp-element-button\" download aria-describedby=\"wp-block-file--media-9cecbbda-ab7f-40af-a1d8-95c6b98a14ac\">Pobierz<\/a><\/div>\n\n\n\n<div class=\"wp-block-file\"><a id=\"wp-block-file--media-d585a54c-9b32-4bb0-91f4-dd9f46d66a69\" href=\"https:\/\/pans.krosno.pl\/bezpieczenstwo-wewnetrzne\/wp-content\/uploads\/sites\/62\/2024\/12\/Zalacznik-3-\u2013-Karta-weryfikacji-efektow-uczenia-sie-Praktyka-nr-2.doc\">Zalacznik-3-\u2013-Karta-weryfikacji-efektow-uczenia-sie-Praktyka-nr-2<\/a><a href=\"https:\/\/pans.krosno.pl\/bezpieczenstwo-wewnetrzne\/wp-content\/uploads\/sites\/62\/2024\/12\/Zalacznik-3-\u2013-Karta-weryfikacji-efektow-uczenia-sie-Praktyka-nr-2.doc\" class=\"wp-block-file__button wp-element-button\" download aria-describedby=\"wp-block-file--media-d585a54c-9b32-4bb0-91f4-dd9f46d66a69\">Pobierz<\/a><\/div>\n\n\n\n<div class=\"wp-block-file\"><a id=\"wp-block-file--media-37e2d523-7d69-4718-96dc-ee92609cbee3\" href=\"https:\/\/pans.krosno.pl\/bezpieczenstwo-wewnetrzne\/wp-content\/uploads\/sites\/62\/2024\/12\/Zalacznik-3-\u2013-Karta-weryfikacji-efektow-uczenia-sie-Praktyka-nr-3.doc\">Zalacznik-3-\u2013-Karta-weryfikacji-efektow-uczenia-sie-Praktyka-nr-3<\/a><a href=\"https:\/\/pans.krosno.pl\/bezpieczenstwo-wewnetrzne\/wp-content\/uploads\/sites\/62\/2024\/12\/Zalacznik-3-\u2013-Karta-weryfikacji-efektow-uczenia-sie-Praktyka-nr-3.doc\" class=\"wp-block-file__button wp-element-button\" download aria-describedby=\"wp-block-file--media-37e2d523-7d69-4718-96dc-ee92609cbee3\">Pobierz<\/a><\/div>\n\n\n\n<div class=\"wp-block-file\"><a id=\"wp-block-file--media-6fdb8543-b0ea-4394-805f-8d267eb03961\" href=\"https:\/\/pans.krosno.pl\/bezpieczenstwo-wewnetrzne\/wp-content\/uploads\/sites\/62\/2024\/12\/Zalacznik-3-\u2013-Karta-weryfikacji-efektow-uczenia-sie-Praktyka-nr-4.doc\">Zalacznik-3-\u2013-Karta-weryfikacji-efektow-uczenia-sie-Praktyka-nr-4<\/a><a href=\"https:\/\/pans.krosno.pl\/bezpieczenstwo-wewnetrzne\/wp-content\/uploads\/sites\/62\/2024\/12\/Zalacznik-3-\u2013-Karta-weryfikacji-efektow-uczenia-sie-Praktyka-nr-4.doc\" class=\"wp-block-file__button wp-element-button\" download aria-describedby=\"wp-block-file--media-6fdb8543-b0ea-4394-805f-8d267eb03961\">Pobierz<\/a><\/div>\n\n\n\n<div class=\"wp-block-file\"><a id=\"wp-block-file--media-e5fe2e8f-f471-4336-8f82-48733378e21a\" href=\"https:\/\/pans.krosno.pl\/bezpieczenstwo-wewnetrzne\/wp-content\/uploads\/sites\/62\/2024\/12\/Zalacznik-4a-\u2013-podanie-studenta-o-zaliczenie-praktyk-w-ramach-zatrudnienia.doc\">Zalacznik-4a-\u2013-podanie-studenta-o-zaliczenie-praktyk-w-ramach-zatrudnienia<\/a><a href=\"https:\/\/pans.krosno.pl\/bezpieczenstwo-wewnetrzne\/wp-content\/uploads\/sites\/62\/2024\/12\/Zalacznik-4a-\u2013-podanie-studenta-o-zaliczenie-praktyk-w-ramach-zatrudnienia.doc\" class=\"wp-block-file__button wp-element-button\" download aria-describedby=\"wp-block-file--media-e5fe2e8f-f471-4336-8f82-48733378e21a\">Pobierz<\/a><\/div>\n\n\n\n<div class=\"wp-block-file\"><a id=\"wp-block-file--media-72f0fb81-9236-4852-8ef9-30ff114254c0\" href=\"https:\/\/pans.krosno.pl\/bezpieczenstwo-wewnetrzne\/wp-content\/uploads\/sites\/62\/2024\/12\/Zalacznik-4b-\u2013-zaswiadczenie-pracodawcy.doc\">Zalacznik-4b-\u2013-zaswiadczenie-pracodawcy<\/a><a href=\"https:\/\/pans.krosno.pl\/bezpieczenstwo-wewnetrzne\/wp-content\/uploads\/sites\/62\/2024\/12\/Zalacznik-4b-\u2013-zaswiadczenie-pracodawcy.doc\" class=\"wp-block-file__button wp-element-button\" download aria-describedby=\"wp-block-file--media-72f0fb81-9236-4852-8ef9-30ff114254c0\">Pobierz<\/a><\/div>\n\n\n\n<div class=\"wp-block-file\"><a id=\"wp-block-file--media-63b031d4-7897-4c61-b8e2-d2d89ab7d6c7\" href=\"https:\/\/pans.krosno.pl\/bezpieczenstwo-wewnetrzne\/wp-content\/uploads\/sites\/62\/2024\/12\/Zalacznik-4c-\u2013-oswiadczenie-o-wykonywanych-czynnosciach.doc\">Zalacznik-4c-\u2013-oswiadczenie-o-wykonywanych-czynnosciach<\/a><a href=\"https:\/\/pans.krosno.pl\/bezpieczenstwo-wewnetrzne\/wp-content\/uploads\/sites\/62\/2024\/12\/Zalacznik-4c-\u2013-oswiadczenie-o-wykonywanych-czynnosciach.doc\" class=\"wp-block-file__button wp-element-button\" download aria-describedby=\"wp-block-file--media-63b031d4-7897-4c61-b8e2-d2d89ab7d6c7\">Pobierz<\/a><\/div>\n\n\n\n<div class=\"wp-block-file\"><a id=\"wp-block-file--media-494d5098-cd92-4f0f-9e69-0f6a0c4d167b\" href=\"https:\/\/pans.krosno.pl\/bezpieczenstwo-wewnetrzne\/wp-content\/uploads\/sites\/62\/2024\/12\/Zalacznik-5-\u2013-wykaz-studentow-odbywajacych-praktyki-1.doc\">Zalacznik-5-\u2013-wykaz-studentow-odbywajacych-praktyki-1<\/a><a href=\"https:\/\/pans.krosno.pl\/bezpieczenstwo-wewnetrzne\/wp-content\/uploads\/sites\/62\/2024\/12\/Zalacznik-5-\u2013-wykaz-studentow-odbywajacych-praktyki-1.doc\" class=\"wp-block-file__button wp-element-button\" download aria-describedby=\"wp-block-file--media-494d5098-cd92-4f0f-9e69-0f6a0c4d167b\">Pobierz<\/a><\/div>\n\n\n\n<div class=\"wp-block-file\"><a id=\"wp-block-file--media-cd975f7b-3c2e-4177-baa9-f518147e3f15\" href=\"https:\/\/pans.krosno.pl\/bezpieczenstwo-wewnetrzne\/wp-content\/uploads\/sites\/62\/2024\/12\/Zalacznik-6-\u2013-sprawozdanie.doc\">Zalacznik-6-\u2013-sprawozdanie<\/a><a href=\"https:\/\/pans.krosno.pl\/bezpieczenstwo-wewnetrzne\/wp-content\/uploads\/sites\/62\/2024\/12\/Zalacznik-6-\u2013-sprawozdanie.doc\" class=\"wp-block-file__button wp-element-button\" download aria-describedby=\"wp-block-file--media-cd975f7b-3c2e-4177-baa9-f518147e3f15\">Pobierz<\/a><\/div>\n\n\n\n<div class=\"wp-block-file\"><a id=\"wp-block-file--media-3076c437-7c41-4587-9299-cc2894fcc3f0\" href=\"https:\/\/pans.krosno.pl\/bezpieczenstwo-wewnetrzne\/wp-content\/uploads\/sites\/62\/2024\/12\/Zalacznik-7a-\u2013-protokol-hospitacji-bezposredniej-1.doc\">Zalacznik-7a-\u2013-protokol-hospitacji-bezposredniej-1<\/a><a href=\"https:\/\/pans.krosno.pl\/bezpieczenstwo-wewnetrzne\/wp-content\/uploads\/sites\/62\/2024\/12\/Zalacznik-7a-\u2013-protokol-hospitacji-bezposredniej-1.doc\" class=\"wp-block-file__button wp-element-button\" download aria-describedby=\"wp-block-file--media-3076c437-7c41-4587-9299-cc2894fcc3f0\">Pobierz<\/a><\/div>\n\n\n\n<div class=\"wp-block-file\"><a id=\"wp-block-file--media-e10d52df-0c73-42e1-a5f1-e81a7475bafc\" href=\"https:\/\/pans.krosno.pl\/bezpieczenstwo-wewnetrzne\/wp-content\/uploads\/sites\/62\/2024\/12\/Zalacznik-7b-\u2013-protokol-hospitacji-telefonicznej-1.doc\">Zalacznik-7b-\u2013-protokol-hospitacji-telefonicznej-1<\/a><a href=\"https:\/\/pans.krosno.pl\/bezpieczenstwo-wewnetrzne\/wp-content\/uploads\/sites\/62\/2024\/12\/Zalacznik-7b-\u2013-protokol-hospitacji-telefonicznej-1.doc\" class=\"wp-block-file__button wp-element-button\" download aria-describedby=\"wp-block-file--media-e10d52df-0c73-42e1-a5f1-e81a7475bafc\">Pobierz<\/a><\/div>\n\n\n\n<div class=\"wp-block-file\"><a id=\"wp-block-file--media-60e9ec22-aea6-4ad1-ba0b-2ac73db281eb\" href=\"https:\/\/pans.krosno.pl\/bezpieczenstwo-wewnetrzne\/wp-content\/uploads\/sites\/62\/2024\/12\/Zalacznik-8-\u2013-ankieta-oceny-miejsca-realizacji-praktyk-1.doc\">Zalacznik-8-\u2013-ankieta-oceny-miejsca-realizacji-praktyk-1<\/a><a href=\"https:\/\/pans.krosno.pl\/bezpieczenstwo-wewnetrzne\/wp-content\/uploads\/sites\/62\/2024\/12\/Zalacznik-8-\u2013-ankieta-oceny-miejsca-realizacji-praktyk-1.doc\" class=\"wp-block-file__button wp-element-button\" download aria-describedby=\"wp-block-file--media-60e9ec22-aea6-4ad1-ba0b-2ac73db281eb\">Pobierz<\/a><\/div>\n\n\n\n<div class=\"wp-block-file\"><a id=\"wp-block-file--media-c8f9404d-9a5b-4296-8781-2336f138ea1b\" href=\"https:\/\/pans.krosno.pl\/bezpieczenstwo-wewnetrzne\/wp-content\/uploads\/sites\/62\/2024\/12\/Zalacznik-zarzadzenie-19_23.pdf\">Zalacznik-zarzadzenie-19_23<\/a><a href=\"https:\/\/pans.krosno.pl\/bezpieczenstwo-wewnetrzne\/wp-content\/uploads\/sites\/62\/2024\/12\/Zalacznik-zarzadzenie-19_23.pdf\" class=\"wp-block-file__button wp-element-button\" download aria-describedby=\"wp-block-file--media-c8f9404d-9a5b-4296-8781-2336f138ea1b\">Pobierz<\/a><\/div>\n","protected":false},"excerpt":{"rendered":"<p>Wykaz dokument\u00f3w potrzebnych do odbycia praktyk zawodowych na kierunku Bezpiecze\u0144stwo Wewn\u0119trzne:<\/p>\n","protected":false},"author":27,"featured_media":0,"parent":0,"menu_order":0,"comment_status":"closed","ping_status":"closed","template":"","meta":{"ngg_post_thumbnail":0,"footnotes":""},"class_list":["post-21","page","type-page","status-publish","hentry"],"yoast_head":"<!-- This site is optimized with the Yoast SEO Premium plugin v27.3 (Yoast SEO v27.3) - https:\/\/yoast.com\/product\/yoast-seo-premium-wordpress\/ -->\n<title>Praktyki zawodowe - Bezpiecze\u0144stwo Wewn\u0119trzne PANS w Kro\u015bnie<\/title>\n<meta name=\"robots\" content=\"index, follow, max-snippet:-1, max-image-preview:large, max-video-preview:-1\" \/>\n<link rel=\"canonical\" href=\"https:\/\/pans.krosno.pl\/bezpieczenstwo-wewnetrzne\/praktyki-zawodowe\/\" \/>\n<meta property=\"og:locale\" content=\"pl_PL\" \/>\n<meta property=\"og:type\" content=\"article\" \/>\n<meta property=\"og:title\" content=\"Praktyki zawodowe\" \/>\n<meta property=\"og:description\" content=\"Wykaz dokument\u00f3w potrzebnych do odbycia praktyk zawodowych na kierunku Bezpiecze\u0144stwo Wewn\u0119trzne:\" \/>\n<meta property=\"og:url\" content=\"https:\/\/pans.krosno.pl\/bezpieczenstwo-wewnetrzne\/praktyki-zawodowe\/\" \/>\n<meta property=\"og:site_name\" content=\"Bezpiecze\u0144stwo Wewn\u0119trzne PANS w Kro\u015bnie\" \/>\n<meta property=\"article:publisher\" content=\"https:\/\/www.facebook.com\/StudiaKrosno\/\" \/>\n<meta property=\"article:modified_time\" content=\"2024-12-05T10:28:03+00:00\" \/>\n<meta name=\"twitter:card\" content=\"summary_large_image\" \/>\n<meta name=\"twitter:label1\" content=\"Szacowany czas czytania\" \/>\n\t<meta name=\"twitter:data1\" content=\"1 minuta\" \/>\n<script type=\"application\/ld+json\" class=\"yoast-schema-graph\">{\"@context\":\"https:\\\/\\\/schema.org\",\"@graph\":[{\"@type\":\"WebPage\",\"@id\":\"https:\\\/\\\/pans.krosno.pl\\\/bezpieczenstwo-wewnetrzne\\\/praktyki-zawodowe\\\/\",\"url\":\"https:\\\/\\\/pans.krosno.pl\\\/bezpieczenstwo-wewnetrzne\\\/praktyki-zawodowe\\\/\",\"name\":\"Praktyki zawodowe - Bezpiecze\u0144stwo Wewn\u0119trzne PANS w Kro\u015bnie\",\"isPartOf\":{\"@id\":\"https:\\\/\\\/pans.krosno.pl\\\/bezpieczenstwo-wewnetrzne\\\/#website\"},\"datePublished\":\"2023-09-22T12:41:06+00:00\",\"dateModified\":\"2024-12-05T10:28:03+00:00\",\"breadcrumb\":{\"@id\":\"https:\\\/\\\/pans.krosno.pl\\\/bezpieczenstwo-wewnetrzne\\\/praktyki-zawodowe\\\/#breadcrumb\"},\"inLanguage\":\"pl-PL\",\"potentialAction\":[{\"@type\":\"ReadAction\",\"target\":[\"https:\\\/\\\/pans.krosno.pl\\\/bezpieczenstwo-wewnetrzne\\\/praktyki-zawodowe\\\/\"]}]},{\"@type\":\"BreadcrumbList\",\"@id\":\"https:\\\/\\\/pans.krosno.pl\\\/bezpieczenstwo-wewnetrzne\\\/praktyki-zawodowe\\\/#breadcrumb\",\"itemListElement\":[{\"@type\":\"ListItem\",\"position\":1,\"name\":\"Strona g\u0142\u00f3wna\",\"item\":\"https:\\\/\\\/pans.krosno.pl\\\/bezpieczenstwo-wewnetrzne\\\/\"},{\"@type\":\"ListItem\",\"position\":2,\"name\":\"Praktyki zawodowe\"}]},{\"@type\":\"WebSite\",\"@id\":\"https:\\\/\\\/pans.krosno.pl\\\/bezpieczenstwo-wewnetrzne\\\/#website\",\"url\":\"https:\\\/\\\/pans.krosno.pl\\\/bezpieczenstwo-wewnetrzne\\\/\",\"name\":\"KPU w Kro\u015bnie\",\"description\":\"Pa\u0144stwowa Akademia Nauk Stosowanych w Kro\u015bnie\",\"publisher\":{\"@id\":\"https:\\\/\\\/pans.krosno.pl\\\/bezpieczenstwo-wewnetrzne\\\/#organization\"},\"alternateName\":\"PANS Krosno\",\"potentialAction\":[{\"@type\":\"SearchAction\",\"target\":{\"@type\":\"EntryPoint\",\"urlTemplate\":\"https:\\\/\\\/pans.krosno.pl\\\/bezpieczenstwo-wewnetrzne\\\/?s={search_term_string}\"},\"query-input\":{\"@type\":\"PropertyValueSpecification\",\"valueRequired\":true,\"valueName\":\"search_term_string\"}}],\"inLanguage\":\"pl-PL\"},{\"@type\":\"Organization\",\"@id\":\"https:\\\/\\\/pans.krosno.pl\\\/bezpieczenstwo-wewnetrzne\\\/#organization\",\"name\":\"Karpacka Pa\u0144stwowa Uczelnia w Kro\u015bnie\",\"url\":\"https:\\\/\\\/pans.krosno.pl\\\/bezpieczenstwo-wewnetrzne\\\/\",\"logo\":{\"@type\":\"ImageObject\",\"inLanguage\":\"pl-PL\",\"@id\":\"https:\\\/\\\/pans.krosno.pl\\\/bezpieczenstwo-wewnetrzne\\\/#\\\/schema\\\/logo\\\/image\\\/\",\"url\":\"https:\\\/\\\/pans.krosno.pl\\\/wp-content\\\/uploads\\\/2020\\\/04\\\/unnamed-1.png\",\"contentUrl\":\"https:\\\/\\\/pans.krosno.pl\\\/wp-content\\\/uploads\\\/2020\\\/04\\\/unnamed-1.png\",\"width\":2238,\"height\":372,\"caption\":\"Karpacka Pa\u0144stwowa Uczelnia w Kro\u015bnie\"},\"image\":{\"@id\":\"https:\\\/\\\/pans.krosno.pl\\\/bezpieczenstwo-wewnetrzne\\\/#\\\/schema\\\/logo\\\/image\\\/\"},\"sameAs\":[\"https:\\\/\\\/www.facebook.com\\\/StudiaKrosno\\\/\",\"https:\\\/\\\/www.instagram.com\\\/studia.krosno\",\"https:\\\/\\\/pl.linkedin.com\\\/company\\\/pwsz-krosno\",\"https:\\\/\\\/www.youtube.com\\\/user\\\/pwszkrosno\\\/\",\"https:\\\/\\\/pl.wikipedia.org\\\/wiki\\\/Pa\u0144stwowa_Wy\u017csza_Szko\u0142a_Zawodowa_im._Stanis\u0142awa_Pigonia_w_Kro\u015bnie\"]}]}<\/script>\n<!-- \/ Yoast SEO Premium plugin. -->","yoast_head_json":{"title":"Praktyki zawodowe - Bezpiecze\u0144stwo Wewn\u0119trzne PANS w Kro\u015bnie","robots":{"index":"index","follow":"follow","max-snippet":"max-snippet:-1","max-image-preview":"max-image-preview:large","max-video-preview":"max-video-preview:-1"},"canonical":"https:\/\/pans.krosno.pl\/bezpieczenstwo-wewnetrzne\/praktyki-zawodowe\/","og_locale":"pl_PL","og_type":"article","og_title":"Praktyki zawodowe","og_description":"Wykaz dokument\u00f3w potrzebnych do odbycia praktyk zawodowych na kierunku Bezpiecze\u0144stwo Wewn\u0119trzne:","og_url":"https:\/\/pans.krosno.pl\/bezpieczenstwo-wewnetrzne\/praktyki-zawodowe\/","og_site_name":"Bezpiecze\u0144stwo Wewn\u0119trzne PANS w Kro\u015bnie","article_publisher":"https:\/\/www.facebook.com\/StudiaKrosno\/","article_modified_time":"2024-12-05T10:28:03+00:00","twitter_card":"summary_large_image","twitter_misc":{"Szacowany czas czytania":"1 minuta"},"schema":{"@context":"https:\/\/schema.org","@graph":[{"@type":"WebPage","@id":"https:\/\/pans.krosno.pl\/bezpieczenstwo-wewnetrzne\/praktyki-zawodowe\/","url":"https:\/\/pans.krosno.pl\/bezpieczenstwo-wewnetrzne\/praktyki-zawodowe\/","name":"Praktyki zawodowe - Bezpiecze\u0144stwo Wewn\u0119trzne PANS w Kro\u015bnie","isPartOf":{"@id":"https:\/\/pans.krosno.pl\/bezpieczenstwo-wewnetrzne\/#website"},"datePublished":"2023-09-22T12:41:06+00:00","dateModified":"2024-12-05T10:28:03+00:00","breadcrumb":{"@id":"https:\/\/pans.krosno.pl\/bezpieczenstwo-wewnetrzne\/praktyki-zawodowe\/#breadcrumb"},"inLanguage":"pl-PL","potentialAction":[{"@type":"ReadAction","target":["https:\/\/pans.krosno.pl\/bezpieczenstwo-wewnetrzne\/praktyki-zawodowe\/"]}]},{"@type":"BreadcrumbList","@id":"https:\/\/pans.krosno.pl\/bezpieczenstwo-wewnetrzne\/praktyki-zawodowe\/#breadcrumb","itemListElement":[{"@type":"ListItem","position":1,"name":"Strona g\u0142\u00f3wna","item":"https:\/\/pans.krosno.pl\/bezpieczenstwo-wewnetrzne\/"},{"@type":"ListItem","position":2,"name":"Praktyki zawodowe"}]},{"@type":"WebSite","@id":"https:\/\/pans.krosno.pl\/bezpieczenstwo-wewnetrzne\/#website","url":"https:\/\/pans.krosno.pl\/bezpieczenstwo-wewnetrzne\/","name":"KPU w Kro\u015bnie","description":"Pa\u0144stwowa Akademia Nauk Stosowanych w Kro\u015bnie","publisher":{"@id":"https:\/\/pans.krosno.pl\/bezpieczenstwo-wewnetrzne\/#organization"},"alternateName":"PANS Krosno","potentialAction":[{"@type":"SearchAction","target":{"@type":"EntryPoint","urlTemplate":"https:\/\/pans.krosno.pl\/bezpieczenstwo-wewnetrzne\/?s={search_term_string}"},"query-input":{"@type":"PropertyValueSpecification","valueRequired":true,"valueName":"search_term_string"}}],"inLanguage":"pl-PL"},{"@type":"Organization","@id":"https:\/\/pans.krosno.pl\/bezpieczenstwo-wewnetrzne\/#organization","name":"Karpacka Pa\u0144stwowa Uczelnia w Kro\u015bnie","url":"https:\/\/pans.krosno.pl\/bezpieczenstwo-wewnetrzne\/","logo":{"@type":"ImageObject","inLanguage":"pl-PL","@id":"https:\/\/pans.krosno.pl\/bezpieczenstwo-wewnetrzne\/#\/schema\/logo\/image\/","url":"https:\/\/pans.krosno.pl\/wp-content\/uploads\/2020\/04\/unnamed-1.png","contentUrl":"https:\/\/pans.krosno.pl\/wp-content\/uploads\/2020\/04\/unnamed-1.png","width":2238,"height":372,"caption":"Karpacka Pa\u0144stwowa Uczelnia w Kro\u015bnie"},"image":{"@id":"https:\/\/pans.krosno.pl\/bezpieczenstwo-wewnetrzne\/#\/schema\/logo\/image\/"},"sameAs":["https:\/\/www.facebook.com\/StudiaKrosno\/","https:\/\/www.instagram.com\/studia.krosno","https:\/\/pl.linkedin.com\/company\/pwsz-krosno","https:\/\/www.youtube.com\/user\/pwszkrosno\/","https:\/\/pl.wikipedia.org\/wiki\/Pa\u0144stwowa_Wy\u017csza_Szko\u0142a_Zawodowa_im._Stanis\u0142awa_Pigonia_w_Kro\u015bnie"]}]}},"_links":{"self":[{"href":"https:\/\/pans.krosno.pl\/bezpieczenstwo-wewnetrzne\/wp-json\/wp\/v2\/pages\/21","targetHints":{"allow":["GET"]}}],"collection":[{"href":"https:\/\/pans.krosno.pl\/bezpieczenstwo-wewnetrzne\/wp-json\/wp\/v2\/pages"}],"about":[{"href":"https:\/\/pans.krosno.pl\/bezpieczenstwo-wewnetrzne\/wp-json\/wp\/v2\/types\/page"}],"author":[{"embeddable":true,"href":"https:\/\/pans.krosno.pl\/bezpieczenstwo-wewnetrzne\/wp-json\/wp\/v2\/users\/27"}],"replies":[{"embeddable":true,"href":"https:\/\/pans.krosno.pl\/bezpieczenstwo-wewnetrzne\/wp-json\/wp\/v2\/comments?post=21"}],"version-history":[{"count":6,"href":"https:\/\/pans.krosno.pl\/bezpieczenstwo-wewnetrzne\/wp-json\/wp\/v2\/pages\/21\/revisions"}],"predecessor-version":[{"id":557,"href":"https:\/\/pans.krosno.pl\/bezpieczenstwo-wewnetrzne\/wp-json\/wp\/v2\/pages\/21\/revisions\/557"}],"wp:attachment":[{"href":"https:\/\/pans.krosno.pl\/bezpieczenstwo-wewnetrzne\/wp-json\/wp\/v2\/media?parent=21"}],"curies":[{"name":"wp","href":"https:\/\/api.w.org\/{rel}","templated":true}]}}