{"id":16,"date":"2023-09-22T14:41:03","date_gmt":"2023-09-22T12:41:03","guid":{"rendered":"https:\/\/pans.krosno.pl\/bezpieczenstwo-wewnetrzne\/?page_id=16"},"modified":"2026-03-10T14:49:18","modified_gmt":"2026-03-10T13:49:18","slug":"dyzury-pracownikow","status":"publish","type":"page","link":"https:\/\/pans.krosno.pl\/bezpieczenstwo-wewnetrzne\/dyzury-pracownikow\/","title":{"rendered":"Dy\u017cury pracownik\u00f3w"},"content":{"rendered":"\n<p><strong>Dy\u017cury pracownik\u00f3w Zak\u0142adu Bezpiecze\u0144stwa Wewn\u0119trznego w semestrze letnim 2025\/2026<\/strong><\/p>\n\n\n\n<p><strong>dr Jacek Kra\u015b Kierownik Zak\u0142adu<\/strong>: \u015broda 10.00-11.30, Gabinet Dyrektora, Kampus przy ul. Wyspia\u0144skiego<\/p>\n\n\n\n<p><strong>dr hab. Jadwiga Mazur<\/strong> <strong>prof. PANS<\/strong>: \u015broda 10.30-12.00 (tyg. B),&nbsp; pok\u00f3j wyk\u0142adowc\u00f3w Bw, Kampus przy ul. Wyspia\u0144skiego<\/p>\n\n\n\n<p><strong>dr Anna S\u0142owik-Ciekli\u0144ska<\/strong>: wtorek 13.45-16.45 (tyg. A), pok\u00f3j wyk\u0142adowc\u00f3w Bw, Kampus przy ul. Wyspia\u0144skiego oraz&nbsp; kontakt mailowy <a href=\"mailto:anna.slowik@pans.krosno.pl\">anna.slowik@pans.krosno.pl<\/a><\/p>\n\n\n\n<p><strong>dr Jacek K\u0119dra<\/strong>: wtorek i czwartek 8.00-8.45, pok\u00f3j wyk\u0142adowc\u00f3w Bw, Kampus przy ul. Wyspia\u0144skiego<\/p>\n\n\n\n<p><strong>mgr Ewelina Duell:<\/strong> wtorek 13.15-14.00, pok\u00f3j wyk\u0142adowc\u00f3w Bw, Kampus przy ul. Wyspia\u0144skiego<\/p>\n\n\n\n<p><strong>mgr Andrzej Duell<\/strong>: czwartek 12.00-13.00, pok\u00f3j wyk\u0142adowc\u00f3w Bw, Kampus przy ul. Wyspia\u0144skiego<\/p>\n","protected":false},"excerpt":{"rendered":"<p>Dy\u017cury pracownik\u00f3w Zak\u0142adu Bezpiecze\u0144stwa Wewn\u0119trznego w semestrze letnim 2025\/2026 dr Jacek Kra\u015b Kierownik Zak\u0142adu: \u015broda 10.00-11.30, Gabinet Dyrektora, Kampus przy ul. Wyspia\u0144skiego dr hab. Jadwiga Mazur prof. PANS: \u015broda 10.30-12.00 (tyg. B),&nbsp; pok\u00f3j wyk\u0142adowc\u00f3w Bw, Kampus przy ul. Wyspia\u0144skiego dr Anna S\u0142owik-Ciekli\u0144ska: wtorek 13.45-16.45 (tyg. A), pok\u00f3j wyk\u0142adowc\u00f3w Bw, Kampus [\u2026] <\/p>\n<div class=\"clear\"><\/div>\n<p><a class=\"more_link clearfix\" href=\"https:\/\/pans.krosno.pl\/bezpieczenstwo-wewnetrzne\/dyzury-pracownikow\/\" rel=\"nofollow\">Read More<\/a><\/p>\n","protected":false},"author":27,"featured_media":0,"parent":0,"menu_order":0,"comment_status":"closed","ping_status":"closed","template":"","meta":{"ngg_post_thumbnail":0,"footnotes":""},"class_list":["post-16","page","type-page","status-publish","hentry"],"yoast_head":"<!-- This site is optimized with the Yoast SEO Premium plugin v27.3 (Yoast SEO v27.3) - https:\/\/yoast.com\/product\/yoast-seo-premium-wordpress\/ -->\n<title>Dy\u017cury pracownik\u00f3w - Bezpiecze\u0144stwo Wewn\u0119trzne PANS w Kro\u015bnie<\/title>\n<meta name=\"robots\" content=\"index, follow, max-snippet:-1, max-image-preview:large, max-video-preview:-1\" \/>\n<link rel=\"canonical\" href=\"https:\/\/pans.krosno.pl\/bezpieczenstwo-wewnetrzne\/dyzury-pracownikow\/\" \/>\n<meta property=\"og:locale\" content=\"pl_PL\" \/>\n<meta property=\"og:type\" content=\"article\" \/>\n<meta property=\"og:title\" content=\"Dy\u017cury pracownik\u00f3w\" \/>\n<meta property=\"og:description\" content=\"Dy\u017cury pracownik\u00f3w Zak\u0142adu Bezpiecze\u0144stwa Wewn\u0119trznego w semestrze letnim 2025\/2026 dr Jacek Kra\u015b Kierownik Zak\u0142adu: \u015broda 10.00-11.30, Gabinet Dyrektora, Kampus przy ul. Wyspia\u0144skiego dr hab. Jadwiga Mazur prof. PANS: \u015broda 10.30-12.00 (tyg. B),&nbsp; pok\u00f3j wyk\u0142adowc\u00f3w Bw, Kampus przy ul. Wyspia\u0144skiego dr Anna S\u0142owik-Ciekli\u0144ska: wtorek 13.45-16.45 (tyg. A), pok\u00f3j wyk\u0142adowc\u00f3w Bw, Kampus [\u2026] Read More\" \/>\n<meta property=\"og:url\" content=\"https:\/\/pans.krosno.pl\/bezpieczenstwo-wewnetrzne\/dyzury-pracownikow\/\" \/>\n<meta property=\"og:site_name\" content=\"Bezpiecze\u0144stwo Wewn\u0119trzne PANS w Kro\u015bnie\" \/>\n<meta property=\"article:publisher\" content=\"https:\/\/www.facebook.com\/StudiaKrosno\/\" \/>\n<meta property=\"article:modified_time\" content=\"2026-03-10T13:49:18+00:00\" \/>\n<meta name=\"twitter:card\" content=\"summary_large_image\" \/>\n<meta name=\"twitter:label1\" content=\"Szacowany czas czytania\" \/>\n\t<meta name=\"twitter:data1\" content=\"1 minuta\" \/>\n<script type=\"application\/ld+json\" class=\"yoast-schema-graph\">{\"@context\":\"https:\\\/\\\/schema.org\",\"@graph\":[{\"@type\":\"WebPage\",\"@id\":\"https:\\\/\\\/pans.krosno.pl\\\/bezpieczenstwo-wewnetrzne\\\/dyzury-pracownikow\\\/\",\"url\":\"https:\\\/\\\/pans.krosno.pl\\\/bezpieczenstwo-wewnetrzne\\\/dyzury-pracownikow\\\/\",\"name\":\"Dy\u017cury pracownik\u00f3w - Bezpiecze\u0144stwo Wewn\u0119trzne PANS w Kro\u015bnie\",\"isPartOf\":{\"@id\":\"https:\\\/\\\/pans.krosno.pl\\\/bezpieczenstwo-wewnetrzne\\\/#website\"},\"datePublished\":\"2023-09-22T12:41:03+00:00\",\"dateModified\":\"2026-03-10T13:49:18+00:00\",\"breadcrumb\":{\"@id\":\"https:\\\/\\\/pans.krosno.pl\\\/bezpieczenstwo-wewnetrzne\\\/dyzury-pracownikow\\\/#breadcrumb\"},\"inLanguage\":\"pl-PL\",\"potentialAction\":[{\"@type\":\"ReadAction\",\"target\":[\"https:\\\/\\\/pans.krosno.pl\\\/bezpieczenstwo-wewnetrzne\\\/dyzury-pracownikow\\\/\"]}]},{\"@type\":\"BreadcrumbList\",\"@id\":\"https:\\\/\\\/pans.krosno.pl\\\/bezpieczenstwo-wewnetrzne\\\/dyzury-pracownikow\\\/#breadcrumb\",\"itemListElement\":[{\"@type\":\"ListItem\",\"position\":1,\"name\":\"Strona g\u0142\u00f3wna\",\"item\":\"https:\\\/\\\/pans.krosno.pl\\\/bezpieczenstwo-wewnetrzne\\\/\"},{\"@type\":\"ListItem\",\"position\":2,\"name\":\"Dy\u017cury pracownik\u00f3w\"}]},{\"@type\":\"WebSite\",\"@id\":\"https:\\\/\\\/pans.krosno.pl\\\/bezpieczenstwo-wewnetrzne\\\/#website\",\"url\":\"https:\\\/\\\/pans.krosno.pl\\\/bezpieczenstwo-wewnetrzne\\\/\",\"name\":\"KPU w Kro\u015bnie\",\"description\":\"Pa\u0144stwowa Akademia Nauk Stosowanych w Kro\u015bnie\",\"publisher\":{\"@id\":\"https:\\\/\\\/pans.krosno.pl\\\/bezpieczenstwo-wewnetrzne\\\/#organization\"},\"alternateName\":\"PANS Krosno\",\"potentialAction\":[{\"@type\":\"SearchAction\",\"target\":{\"@type\":\"EntryPoint\",\"urlTemplate\":\"https:\\\/\\\/pans.krosno.pl\\\/bezpieczenstwo-wewnetrzne\\\/?s={search_term_string}\"},\"query-input\":{\"@type\":\"PropertyValueSpecification\",\"valueRequired\":true,\"valueName\":\"search_term_string\"}}],\"inLanguage\":\"pl-PL\"},{\"@type\":\"Organization\",\"@id\":\"https:\\\/\\\/pans.krosno.pl\\\/bezpieczenstwo-wewnetrzne\\\/#organization\",\"name\":\"Karpacka Pa\u0144stwowa Uczelnia w Kro\u015bnie\",\"url\":\"https:\\\/\\\/pans.krosno.pl\\\/bezpieczenstwo-wewnetrzne\\\/\",\"logo\":{\"@type\":\"ImageObject\",\"inLanguage\":\"pl-PL\",\"@id\":\"https:\\\/\\\/pans.krosno.pl\\\/bezpieczenstwo-wewnetrzne\\\/#\\\/schema\\\/logo\\\/image\\\/\",\"url\":\"https:\\\/\\\/pans.krosno.pl\\\/wp-content\\\/uploads\\\/2020\\\/04\\\/unnamed-1.png\",\"contentUrl\":\"https:\\\/\\\/pans.krosno.pl\\\/wp-content\\\/uploads\\\/2020\\\/04\\\/unnamed-1.png\",\"width\":2238,\"height\":372,\"caption\":\"Karpacka Pa\u0144stwowa Uczelnia w Kro\u015bnie\"},\"image\":{\"@id\":\"https:\\\/\\\/pans.krosno.pl\\\/bezpieczenstwo-wewnetrzne\\\/#\\\/schema\\\/logo\\\/image\\\/\"},\"sameAs\":[\"https:\\\/\\\/www.facebook.com\\\/StudiaKrosno\\\/\",\"https:\\\/\\\/www.instagram.com\\\/studia.krosno\",\"https:\\\/\\\/pl.linkedin.com\\\/company\\\/pwsz-krosno\",\"https:\\\/\\\/www.youtube.com\\\/user\\\/pwszkrosno\\\/\",\"https:\\\/\\\/pl.wikipedia.org\\\/wiki\\\/Pa\u0144stwowa_Wy\u017csza_Szko\u0142a_Zawodowa_im._Stanis\u0142awa_Pigonia_w_Kro\u015bnie\"]}]}<\/script>\n<!-- \/ Yoast SEO Premium plugin. -->","yoast_head_json":{"title":"Dy\u017cury pracownik\u00f3w - Bezpiecze\u0144stwo Wewn\u0119trzne PANS w Kro\u015bnie","robots":{"index":"index","follow":"follow","max-snippet":"max-snippet:-1","max-image-preview":"max-image-preview:large","max-video-preview":"max-video-preview:-1"},"canonical":"https:\/\/pans.krosno.pl\/bezpieczenstwo-wewnetrzne\/dyzury-pracownikow\/","og_locale":"pl_PL","og_type":"article","og_title":"Dy\u017cury pracownik\u00f3w","og_description":"Dy\u017cury pracownik\u00f3w Zak\u0142adu Bezpiecze\u0144stwa Wewn\u0119trznego w semestrze letnim 2025\/2026 dr Jacek Kra\u015b Kierownik Zak\u0142adu: \u015broda 10.00-11.30, Gabinet Dyrektora, Kampus przy ul. Wyspia\u0144skiego dr hab. Jadwiga Mazur prof. PANS: \u015broda 10.30-12.00 (tyg. B),&nbsp; pok\u00f3j wyk\u0142adowc\u00f3w Bw, Kampus przy ul. Wyspia\u0144skiego dr Anna S\u0142owik-Ciekli\u0144ska: wtorek 13.45-16.45 (tyg. A), pok\u00f3j wyk\u0142adowc\u00f3w Bw, Kampus [\u2026] Read More","og_url":"https:\/\/pans.krosno.pl\/bezpieczenstwo-wewnetrzne\/dyzury-pracownikow\/","og_site_name":"Bezpiecze\u0144stwo Wewn\u0119trzne PANS w Kro\u015bnie","article_publisher":"https:\/\/www.facebook.com\/StudiaKrosno\/","article_modified_time":"2026-03-10T13:49:18+00:00","twitter_card":"summary_large_image","twitter_misc":{"Szacowany czas czytania":"1 minuta"},"schema":{"@context":"https:\/\/schema.org","@graph":[{"@type":"WebPage","@id":"https:\/\/pans.krosno.pl\/bezpieczenstwo-wewnetrzne\/dyzury-pracownikow\/","url":"https:\/\/pans.krosno.pl\/bezpieczenstwo-wewnetrzne\/dyzury-pracownikow\/","name":"Dy\u017cury pracownik\u00f3w - Bezpiecze\u0144stwo Wewn\u0119trzne PANS w Kro\u015bnie","isPartOf":{"@id":"https:\/\/pans.krosno.pl\/bezpieczenstwo-wewnetrzne\/#website"},"datePublished":"2023-09-22T12:41:03+00:00","dateModified":"2026-03-10T13:49:18+00:00","breadcrumb":{"@id":"https:\/\/pans.krosno.pl\/bezpieczenstwo-wewnetrzne\/dyzury-pracownikow\/#breadcrumb"},"inLanguage":"pl-PL","potentialAction":[{"@type":"ReadAction","target":["https:\/\/pans.krosno.pl\/bezpieczenstwo-wewnetrzne\/dyzury-pracownikow\/"]}]},{"@type":"BreadcrumbList","@id":"https:\/\/pans.krosno.pl\/bezpieczenstwo-wewnetrzne\/dyzury-pracownikow\/#breadcrumb","itemListElement":[{"@type":"ListItem","position":1,"name":"Strona g\u0142\u00f3wna","item":"https:\/\/pans.krosno.pl\/bezpieczenstwo-wewnetrzne\/"},{"@type":"ListItem","position":2,"name":"Dy\u017cury pracownik\u00f3w"}]},{"@type":"WebSite","@id":"https:\/\/pans.krosno.pl\/bezpieczenstwo-wewnetrzne\/#website","url":"https:\/\/pans.krosno.pl\/bezpieczenstwo-wewnetrzne\/","name":"KPU w Kro\u015bnie","description":"Pa\u0144stwowa Akademia Nauk Stosowanych w Kro\u015bnie","publisher":{"@id":"https:\/\/pans.krosno.pl\/bezpieczenstwo-wewnetrzne\/#organization"},"alternateName":"PANS Krosno","potentialAction":[{"@type":"SearchAction","target":{"@type":"EntryPoint","urlTemplate":"https:\/\/pans.krosno.pl\/bezpieczenstwo-wewnetrzne\/?s={search_term_string}"},"query-input":{"@type":"PropertyValueSpecification","valueRequired":true,"valueName":"search_term_string"}}],"inLanguage":"pl-PL"},{"@type":"Organization","@id":"https:\/\/pans.krosno.pl\/bezpieczenstwo-wewnetrzne\/#organization","name":"Karpacka Pa\u0144stwowa Uczelnia w Kro\u015bnie","url":"https:\/\/pans.krosno.pl\/bezpieczenstwo-wewnetrzne\/","logo":{"@type":"ImageObject","inLanguage":"pl-PL","@id":"https:\/\/pans.krosno.pl\/bezpieczenstwo-wewnetrzne\/#\/schema\/logo\/image\/","url":"https:\/\/pans.krosno.pl\/wp-content\/uploads\/2020\/04\/unnamed-1.png","contentUrl":"https:\/\/pans.krosno.pl\/wp-content\/uploads\/2020\/04\/unnamed-1.png","width":2238,"height":372,"caption":"Karpacka Pa\u0144stwowa Uczelnia w Kro\u015bnie"},"image":{"@id":"https:\/\/pans.krosno.pl\/bezpieczenstwo-wewnetrzne\/#\/schema\/logo\/image\/"},"sameAs":["https:\/\/www.facebook.com\/StudiaKrosno\/","https:\/\/www.instagram.com\/studia.krosno","https:\/\/pl.linkedin.com\/company\/pwsz-krosno","https:\/\/www.youtube.com\/user\/pwszkrosno\/","https:\/\/pl.wikipedia.org\/wiki\/Pa\u0144stwowa_Wy\u017csza_Szko\u0142a_Zawodowa_im._Stanis\u0142awa_Pigonia_w_Kro\u015bnie"]}]}},"_links":{"self":[{"href":"https:\/\/pans.krosno.pl\/bezpieczenstwo-wewnetrzne\/wp-json\/wp\/v2\/pages\/16","targetHints":{"allow":["GET"]}}],"collection":[{"href":"https:\/\/pans.krosno.pl\/bezpieczenstwo-wewnetrzne\/wp-json\/wp\/v2\/pages"}],"about":[{"href":"https:\/\/pans.krosno.pl\/bezpieczenstwo-wewnetrzne\/wp-json\/wp\/v2\/types\/page"}],"author":[{"embeddable":true,"href":"https:\/\/pans.krosno.pl\/bezpieczenstwo-wewnetrzne\/wp-json\/wp\/v2\/users\/27"}],"replies":[{"embeddable":true,"href":"https:\/\/pans.krosno.pl\/bezpieczenstwo-wewnetrzne\/wp-json\/wp\/v2\/comments?post=16"}],"version-history":[{"count":11,"href":"https:\/\/pans.krosno.pl\/bezpieczenstwo-wewnetrzne\/wp-json\/wp\/v2\/pages\/16\/revisions"}],"predecessor-version":[{"id":1049,"href":"https:\/\/pans.krosno.pl\/bezpieczenstwo-wewnetrzne\/wp-json\/wp\/v2\/pages\/16\/revisions\/1049"}],"wp:attachment":[{"href":"https:\/\/pans.krosno.pl\/bezpieczenstwo-wewnetrzne\/wp-json\/wp\/v2\/media?parent=16"}],"curies":[{"name":"wp","href":"https:\/\/api.w.org\/{rel}","templated":true}]}}