{"id":260,"date":"2020-03-10T21:24:24","date_gmt":"2020-03-10T20:24:24","guid":{"rendered":"https:\/\/pans.krosno.pl\/b\/?page_id=260"},"modified":"2026-02-18T07:16:40","modified_gmt":"2026-02-18T06:16:40","slug":"harmonogram-zajec","status":"publish","type":"page","link":"https:\/\/pans.krosno.pl\/b\/harmonogram-zajec\/","title":{"rendered":"Harmonogram zaj\u0119\u0107"},"content":{"rendered":"\n<p><strong><span style=\"text-decoration: underline\">Semestr letni 2025\/2026<\/span><\/strong><\/p>\n\n\n\n<p><strong>Studia stacjonarne:<\/strong><\/p>\n\n\n\n<p><a href=\"https:\/\/usos.kpu.krosno.pl\/kontroler.php?_action=katalog2\/przedmioty\/pokazPlanGrupyPrzedmiotow&amp;grupa_kod=BUD-S-25-S2&amp;cdyd_kod=2025L&amp;plan_format=html&amp;plan_showStartTime=1&amp;plan_showEndTime=1&amp;plan_showTypeShort=0&amp;plan_showTypeFull=1&amp;plan_showGroupNumber=1&amp;plan_showCourseName=1&amp;plan_showCourseCode=0&amp;plan_showRoom=1&amp;plan_showBuildingCode=0&amp;plan_showLecturers=1&amp;plan_overridePrintWidth=1&amp;plan_colorScheme=default&amp;plan_division=semester\">I Rok studi\u00f3w<\/a><\/p>\n\n\n\n<p><a href=\"https:\/\/usos.kpu.krosno.pl\/kontroler.php?_action=katalog2\/przedmioty\/pokazPlanGrupyPrzedmiotow&amp;grupa_kod=BUD-S-25-S4&amp;cdyd_kod=2025L&amp;plan_format=html&amp;plan_showStartTime=1&amp;plan_showEndTime=1&amp;plan_showTypeShort=0&amp;plan_showTypeFull=1&amp;plan_showGroupNumber=1&amp;plan_showCourseName=1&amp;plan_showCourseCode=0&amp;plan_showRoom=1&amp;plan_showBuildingCode=0&amp;plan_showLecturers=1&amp;plan_overridePrintWidth=1&amp;plan_colorScheme=default&amp;plan_division=semester\">II Rok studi\u00f3w<\/a><\/p>\n\n\n\n<p><a href=\"https:\/\/usos.kpu.krosno.pl\/kontroler.php?_action=katalog2\/przedmioty\/pokazPlanGrupyPrzedmiotow&amp;grupa_kod=BUD-S-25-S6&amp;cdyd_kod=2025L&amp;plan_format=html&amp;plan_showStartTime=1&amp;plan_showEndTime=1&amp;plan_showTypeShort=0&amp;plan_showTypeFull=1&amp;plan_showGroupNumber=1&amp;plan_showCourseName=1&amp;plan_showCourseCode=0&amp;plan_showRoom=1&amp;plan_showBuildingCode=0&amp;plan_showLecturers=1&amp;plan_overridePrintWidth=1&amp;plan_colorScheme=default&amp;plan_division=semester\">III Rok studi\u00f3w<\/a><\/p>\n\n\n\n<p><strong>UWAGA! <\/strong>Prosz\u0119 \u015bledzi\u0107 zmiany w harmonogramie.<\/p>\n\n\n\n<p><strong>Kalendarz zaj\u0119\u0107 \u2013 studia stacjonarne semestr letni 2025\/2026<\/strong><\/p>\n\n\n\n<figure class=\"wp-block-image size-full\"><img loading=\"lazy\" decoding=\"async\" width=\"709\" height=\"961\" src=\"https:\/\/pans.krosno.pl\/b\/wp-content\/uploads\/sites\/21\/2026\/02\/image.png\" alt=\"\" class=\"wp-image-1905\" srcset=\"https:\/\/pans.krosno.pl\/b\/wp-content\/uploads\/sites\/21\/2026\/02\/image.png 709w, https:\/\/pans.krosno.pl\/b\/wp-content\/uploads\/sites\/21\/2026\/02\/image-221x300.png 221w, https:\/\/pans.krosno.pl\/b\/wp-content\/uploads\/sites\/21\/2026\/02\/image-580x786.png 580w\" sizes=\"auto, (max-width: 709px) 100vw, 709px\" \/><\/figure>\n\n\n\n<p><strong><span style=\"text-decoration: underline\">Semestr zimowy 2025\/2026<\/span><\/strong><\/p>\n\n\n\n<p><strong>Studia stacjonarne:<\/strong><\/p>\n\n\n\n<p><a href=\"https:\/\/usos.kpu.krosno.pl\/kontroler.php?_action=katalog2\/przedmioty\/pokazPlanGrupyPrzedmiotow&amp;grupa_kod=BUD-S-25-S1&amp;cdyd_kod=2025Z&amp;plan_format=html&amp;plan_showStartTime=1&amp;plan_showEndTime=1&amp;plan_showTypeShort=0&amp;plan_showTypeFull=1&amp;plan_showGroupNumber=1&amp;plan_showCourseName=1&amp;plan_showCourseCode=0&amp;plan_showRoom=1&amp;plan_showBuildingCode=0&amp;plan_showLecturers=1&amp;plan_overridePrintWidth=1&amp;plan_colorScheme=default\">I Rok studi\u00f3w<\/a><\/p>\n\n\n\n<p><a href=\"https:\/\/usos.kpu.krosno.pl\/kontroler.php?_action=katalog2\/przedmioty\/pokazPlanGrupyPrzedmiotow&amp;grupa_kod=BUD-S-25-S3&amp;cdyd_kod=2025Z&amp;plan_format=html&amp;plan_showStartTime=1&amp;plan_showEndTime=1&amp;plan_showTypeShort=0&amp;plan_showTypeFull=1&amp;plan_showGroupNumber=1&amp;plan_showCourseName=1&amp;plan_showCourseCode=0&amp;plan_showRoom=1&amp;plan_showBuildingCode=0&amp;plan_showLecturers=1&amp;plan_overridePrintWidth=1&amp;plan_colorScheme=default\">II Rok studi\u00f3w<\/a><\/p>\n\n\n\n<p><a href=\"https:\/\/usos.kpu.krosno.pl\/kontroler.php?_action=katalog2\/przedmioty\/pokazPlanGrupyPrzedmiotow&amp;grupa_kod=BUD-S-25-S5&amp;cdyd_kod=2025Z&amp;plan_format=html&amp;plan_showStartTime=1&amp;plan_showEndTime=1&amp;plan_showTypeShort=0&amp;plan_showTypeFull=1&amp;plan_showGroupNumber=1&amp;plan_showCourseName=1&amp;plan_showCourseCode=0&amp;plan_showRoom=1&amp;plan_showBuildingCode=0&amp;plan_showLecturers=1&amp;plan_overridePrintWidth=1&amp;plan_colorScheme=default\">III Rok studi\u00f3w<\/a><\/p>\n\n\n\n<p><a href=\"https:\/\/usos.kpu.krosno.pl\/kontroler.php?_action=katalog2\/przedmioty\/pokazPlanGrupyPrzedmiotow&amp;grupa_kod=BUD-S-25-S7&amp;cdyd_kod=2025Z&amp;plan_format=html&amp;plan_showStartTime=1&amp;plan_showEndTime=1&amp;plan_showTypeShort=0&amp;plan_showTypeFull=1&amp;plan_showGroupNumber=1&amp;plan_showCourseName=1&amp;plan_showCourseCode=0&amp;plan_showRoom=1&amp;plan_showBuildingCode=0&amp;plan_showLecturers=1&amp;plan_overridePrintWidth=1&amp;plan_colorScheme=default\">IV Rok studi\u00f3w<\/a><\/p>\n\n\n\n<p><strong><span style=\"text-decoration: underline\">Semestr letni 2024\/2025<\/span><\/strong><\/p>\n\n\n\n<p><strong>Studia stacjonarne:<\/strong><\/p>\n\n\n\n<p><a href=\"https:\/\/usos.kpu.krosno.pl\/kontroler.php?_action=katalog2\/przedmioty\/pokazPlanGrupyPrzedmiotow&amp;grupa_kod=BUD-S-24-S2&amp;cdyd_kod=2024L&amp;plan_format=html&amp;plan_showStartTime=1&amp;plan_showEndTime=1&amp;plan_showTypeShort=0&amp;plan_showTypeFull=1&amp;plan_showGroupNumber=1&amp;plan_showCourseName=1&amp;plan_showCourseCode=0&amp;plan_showRoom=1&amp;plan_showBuildingCode=0&amp;plan_showLecturers=1&amp;plan_overridePrintWidth=1&amp;plan_colorScheme=default\">I Rok studi\u00f3w<\/a><\/p>\n\n\n\n<p><a href=\"https:\/\/usos.kpu.krosno.pl\/kontroler.php?_action=katalog2\/przedmioty\/pokazPlanGrupyPrzedmiotow&amp;grupa_kod=BUD-S-24-S4&amp;cdyd_kod=2024L&amp;plan_format=html&amp;plan_showStartTime=1&amp;plan_showEndTime=1&amp;plan_showTypeShort=0&amp;plan_showTypeFull=1&amp;plan_showGroupNumber=1&amp;plan_showCourseName=1&amp;plan_showCourseCode=0&amp;plan_showRoom=1&amp;plan_showBuildingCode=0&amp;plan_showLecturers=1&amp;plan_overridePrintWidth=1&amp;plan_colorScheme=default\">II Rok studi\u00f3w<\/a><\/p>\n\n\n\n<p><a href=\"https:\/\/usos.kpu.krosno.pl\/kontroler.php?_action=katalog2\/przedmioty\/pokazPlanGrupyPrzedmiotow&amp;grupa_kod=BUD-S-24-S6&amp;cdyd_kod=2024L&amp;plan_format=html&amp;plan_showStartTime=1&amp;plan_showEndTime=1&amp;plan_showTypeShort=0&amp;plan_showTypeFull=1&amp;plan_showGroupNumber=1&amp;plan_showCourseName=1&amp;plan_showCourseCode=0&amp;plan_showRoom=1&amp;plan_showBuildingCode=0&amp;plan_showLecturers=1&amp;plan_overridePrintWidth=1&amp;plan_colorScheme=default\">III Rok studi\u00f3w<\/a><\/p>\n\n\n\n<p><\/p>\n\n\n\n<p><strong><span style=\"text-decoration: underline\">Semestr zimowy 2024\/2025<\/span><\/strong><\/p>\n\n\n\n<p><strong>Studia stacjonarne:<\/strong><\/p>\n\n\n\n<p><a href=\"https:\/\/usos.kpu.krosno.pl\/kontroler.php?_action=katalog2\/przedmioty\/pokazPlanGrupyPrzedmiotow&amp;grupa_kod=BUD-S-24-S1&amp;cdyd_kod=2024Z&amp;plan_format=html&amp;plan_showStartTime=1&amp;plan_showEndTime=1&amp;plan_showTypeShort=0&amp;plan_showTypeFull=1&amp;plan_showGroupNumber=1&amp;plan_showCourseName=1&amp;plan_showCourseCode=0&amp;plan_showRoom=1&amp;plan_showBuildingCode=0&amp;plan_showLecturers=1&amp;plan_overridePrintWidth=1&amp;plan_colorScheme=default\">I Rok studi\u00f3w<\/a><\/p>\n\n\n\n<p><a href=\"https:\/\/usos.kpu.krosno.pl\/kontroler.php?_action=katalog2\/przedmioty\/pokazPlanGrupyPrzedmiotow&amp;grupa_kod=BUD-S-24-S3&amp;cdyd_kod=2024Z&amp;plan_format=html&amp;plan_showStartTime=1&amp;plan_showEndTime=1&amp;plan_showTypeShort=0&amp;plan_showTypeFull=1&amp;plan_showGroupNumber=1&amp;plan_showCourseName=1&amp;plan_showCourseCode=0&amp;plan_showRoom=1&amp;plan_showBuildingCode=0&amp;plan_showLecturers=1&amp;plan_overridePrintWidth=1&amp;plan_colorScheme=default\">II Rok studi\u00f3w<\/a><\/p>\n\n\n\n<p><a href=\"https:\/\/usos.kpu.krosno.pl\/kontroler.php?_action=katalog2\/przedmioty\/pokazPlanGrupyPrzedmiotow&amp;grupa_kod=BUD-S-24-S5&amp;cdyd_kod=2024Z&amp;plan_format=html&amp;plan_showStartTime=1&amp;plan_showEndTime=1&amp;plan_showTypeShort=0&amp;plan_showTypeFull=1&amp;plan_showGroupNumber=1&amp;plan_showCourseName=1&amp;plan_showCourseCode=0&amp;plan_showRoom=1&amp;plan_showBuildingCode=0&amp;plan_showLecturers=1&amp;plan_overridePrintWidth=1&amp;plan_colorScheme=default\">III Rok studi\u00f3w<\/a><\/p>\n\n\n\n<p><a href=\"https:\/\/usos.kpu.krosno.pl\/kontroler.php?_action=katalog2\/przedmioty\/pokazPlanGrupyPrzedmiotow&amp;grupa_kod=BUD-S-24-S7&amp;cdyd_kod=2024Z&amp;plan_format=html&amp;plan_showStartTime=1&amp;plan_showEndTime=1&amp;plan_showTypeShort=0&amp;plan_showTypeFull=1&amp;plan_showGroupNumber=1&amp;plan_showCourseName=1&amp;plan_showCourseCode=0&amp;plan_showRoom=1&amp;plan_showBuildingCode=0&amp;plan_showLecturers=1&amp;plan_overridePrintWidth=1&amp;plan_colorScheme=default\">IV Rok studi\u00f3w<\/a><\/p>\n\n\n\n<p><\/p>\n\n\n\n<p><\/p>\n\n\n\n<p><\/p>\n\n\n\n<p><\/p>\n","protected":false},"excerpt":{"rendered":"<p>Semestr letni 2025\/2026 Studia stacjonarne: I Rok studi\u00f3w II Rok studi\u00f3w III Rok studi\u00f3w UWAGA! Prosz\u0119 \u015bledzi\u0107 zmiany w harmonogramie. Kalendarz zaj\u0119\u0107 \u2013 studia stacjonarne semestr letni 2025\/2026 Semestr zimowy 2025\/2026 Studia stacjonarne: I Rok studi\u00f3w II Rok studi\u00f3w III Rok studi\u00f3w IV Rok studi\u00f3w Semestr letni 2024\/2025 Studia stacjonarne: [\u2026] <\/p>\n<div class=\"clear\"><\/div>\n<p><a class=\"more_link clearfix\" href=\"https:\/\/pans.krosno.pl\/b\/harmonogram-zajec\/\" rel=\"nofollow\">Read More<\/a><\/p>\n","protected":false},"author":1,"featured_media":0,"parent":0,"menu_order":0,"comment_status":"closed","ping_status":"closed","template":"page-templates\/template-full-width.php","meta":{"ngg_post_thumbnail":0,"footnotes":""},"class_list":["post-260","page","type-page","status-publish","hentry"],"yoast_head":"<!-- This site is optimized with the Yoast SEO Premium plugin v27.3 (Yoast SEO v27.3) - https:\/\/yoast.com\/product\/yoast-seo-premium-wordpress\/ -->\n<title>Harmonogram zaj\u0119\u0107 - Budownictwo PANS w Kro\u015bnie<\/title>\n<meta name=\"description\" content=\"Harmonogram_Letni_Stacjonarne_2019-2020\" \/>\n<meta name=\"robots\" content=\"index, follow, max-snippet:-1, max-image-preview:large, max-video-preview:-1\" \/>\n<link rel=\"canonical\" href=\"https:\/\/pans.krosno.pl\/b\/harmonogram-zajec\/\" \/>\n<meta property=\"og:locale\" content=\"pl_PL\" \/>\n<meta property=\"og:type\" content=\"article\" \/>\n<meta property=\"og:title\" content=\"Harmonogram zaj\u0119\u0107\" \/>\n<meta property=\"og:description\" content=\"Harmonogram_Letni_Stacjonarne_2019-2020\" \/>\n<meta property=\"og:url\" content=\"https:\/\/pans.krosno.pl\/b\/harmonogram-zajec\/\" \/>\n<meta property=\"og:site_name\" content=\"Budownictwo PANS w Kro\u015bnie\" \/>\n<meta property=\"article:modified_time\" content=\"2026-02-18T06:16:40+00:00\" \/>\n<meta property=\"og:image\" content=\"https:\/\/pans.krosno.pl\/b\/wp-content\/uploads\/sites\/21\/2026\/02\/image.png\" \/>\n\t<meta property=\"og:image:width\" content=\"709\" \/>\n\t<meta property=\"og:image:height\" content=\"961\" \/>\n\t<meta property=\"og:image:type\" content=\"image\/png\" \/>\n<meta name=\"twitter:card\" content=\"summary_large_image\" \/>\n<meta name=\"twitter:label1\" content=\"Szacowany czas czytania\" \/>\n\t<meta name=\"twitter:data1\" content=\"1 minuta\" \/>\n<script type=\"application\/ld+json\" class=\"yoast-schema-graph\">{\"@context\":\"https:\\\/\\\/schema.org\",\"@graph\":[{\"@type\":\"WebPage\",\"@id\":\"https:\\\/\\\/pans.krosno.pl\\\/b\\\/harmonogram-zajec\\\/\",\"url\":\"https:\\\/\\\/pans.krosno.pl\\\/b\\\/harmonogram-zajec\\\/\",\"name\":\"Harmonogram zaj\u0119\u0107 - Budownictwo PANS w Kro\u015bnie\",\"isPartOf\":{\"@id\":\"https:\\\/\\\/pans.krosno.pl\\\/b\\\/#website\"},\"primaryImageOfPage\":{\"@id\":\"https:\\\/\\\/pans.krosno.pl\\\/b\\\/harmonogram-zajec\\\/#primaryimage\"},\"image\":{\"@id\":\"https:\\\/\\\/pans.krosno.pl\\\/b\\\/harmonogram-zajec\\\/#primaryimage\"},\"thumbnailUrl\":\"https:\\\/\\\/pans.krosno.pl\\\/b\\\/wp-content\\\/uploads\\\/sites\\\/21\\\/2026\\\/02\\\/image.png\",\"datePublished\":\"2020-03-10T20:24:24+00:00\",\"dateModified\":\"2026-02-18T06:16:40+00:00\",\"description\":\"Harmonogram_Letni_Stacjonarne_2019-2020\",\"breadcrumb\":{\"@id\":\"https:\\\/\\\/pans.krosno.pl\\\/b\\\/harmonogram-zajec\\\/#breadcrumb\"},\"inLanguage\":\"pl-PL\",\"potentialAction\":[{\"@type\":\"ReadAction\",\"target\":[\"https:\\\/\\\/pans.krosno.pl\\\/b\\\/harmonogram-zajec\\\/\"]}]},{\"@type\":\"ImageObject\",\"inLanguage\":\"pl-PL\",\"@id\":\"https:\\\/\\\/pans.krosno.pl\\\/b\\\/harmonogram-zajec\\\/#primaryimage\",\"url\":\"https:\\\/\\\/pans.krosno.pl\\\/b\\\/wp-content\\\/uploads\\\/sites\\\/21\\\/2026\\\/02\\\/image.png\",\"contentUrl\":\"https:\\\/\\\/pans.krosno.pl\\\/b\\\/wp-content\\\/uploads\\\/sites\\\/21\\\/2026\\\/02\\\/image.png\",\"width\":709,\"height\":961},{\"@type\":\"BreadcrumbList\",\"@id\":\"https:\\\/\\\/pans.krosno.pl\\\/b\\\/harmonogram-zajec\\\/#breadcrumb\",\"itemListElement\":[{\"@type\":\"ListItem\",\"position\":1,\"name\":\"Strona g\u0142\u00f3wna\",\"item\":\"https:\\\/\\\/pans.krosno.pl\\\/b\\\/\"},{\"@type\":\"ListItem\",\"position\":2,\"name\":\"Harmonogram zaj\u0119\u0107\"}]},{\"@type\":\"WebSite\",\"@id\":\"https:\\\/\\\/pans.krosno.pl\\\/b\\\/#website\",\"url\":\"https:\\\/\\\/pans.krosno.pl\\\/b\\\/\",\"name\":\"Budownictwo PANS w Kro\u015bnie\",\"description\":\"Budownictwo - Pa\u0144stwowa Akademia Nauk Stosowanych\",\"publisher\":{\"@id\":\"https:\\\/\\\/pans.krosno.pl\\\/b\\\/#organization\"},\"potentialAction\":[{\"@type\":\"SearchAction\",\"target\":{\"@type\":\"EntryPoint\",\"urlTemplate\":\"https:\\\/\\\/pans.krosno.pl\\\/b\\\/?s={search_term_string}\"},\"query-input\":{\"@type\":\"PropertyValueSpecification\",\"valueRequired\":true,\"valueName\":\"search_term_string\"}}],\"inLanguage\":\"pl-PL\"},{\"@type\":\"Organization\",\"@id\":\"https:\\\/\\\/pans.krosno.pl\\\/b\\\/#organization\",\"name\":\"Budownictwo PANS w Kro\u015bnie\",\"url\":\"https:\\\/\\\/pans.krosno.pl\\\/b\\\/\",\"logo\":{\"@type\":\"ImageObject\",\"inLanguage\":\"pl-PL\",\"@id\":\"https:\\\/\\\/pans.krosno.pl\\\/b\\\/#\\\/schema\\\/logo\\\/image\\\/\",\"url\":\"https:\\\/\\\/pans.krosno.pl\\\/b\\\/wp-content\\\/uploads\\\/sites\\\/21\\\/2023\\\/01\\\/Logo-PANS-2022-pelne.png\",\"contentUrl\":\"https:\\\/\\\/pans.krosno.pl\\\/b\\\/wp-content\\\/uploads\\\/sites\\\/21\\\/2023\\\/01\\\/Logo-PANS-2022-pelne.png\",\"width\":3096,\"height\":696,\"caption\":\"Budownictwo PANS w Kro\u015bnie\"},\"image\":{\"@id\":\"https:\\\/\\\/pans.krosno.pl\\\/b\\\/#\\\/schema\\\/logo\\\/image\\\/\"}}]}<\/script>\n<!-- \/ Yoast SEO Premium plugin. -->","yoast_head_json":{"title":"Harmonogram zaj\u0119\u0107 - Budownictwo PANS w Kro\u015bnie","description":"Harmonogram_Letni_Stacjonarne_2019-2020","robots":{"index":"index","follow":"follow","max-snippet":"max-snippet:-1","max-image-preview":"max-image-preview:large","max-video-preview":"max-video-preview:-1"},"canonical":"https:\/\/pans.krosno.pl\/b\/harmonogram-zajec\/","og_locale":"pl_PL","og_type":"article","og_title":"Harmonogram zaj\u0119\u0107","og_description":"Harmonogram_Letni_Stacjonarne_2019-2020","og_url":"https:\/\/pans.krosno.pl\/b\/harmonogram-zajec\/","og_site_name":"Budownictwo PANS w Kro\u015bnie","article_modified_time":"2026-02-18T06:16:40+00:00","og_image":[{"width":709,"height":961,"url":"https:\/\/pans.krosno.pl\/b\/wp-content\/uploads\/sites\/21\/2026\/02\/image.png","type":"image\/png"}],"twitter_card":"summary_large_image","twitter_misc":{"Szacowany czas czytania":"1 minuta"},"schema":{"@context":"https:\/\/schema.org","@graph":[{"@type":"WebPage","@id":"https:\/\/pans.krosno.pl\/b\/harmonogram-zajec\/","url":"https:\/\/pans.krosno.pl\/b\/harmonogram-zajec\/","name":"Harmonogram zaj\u0119\u0107 - Budownictwo PANS w Kro\u015bnie","isPartOf":{"@id":"https:\/\/pans.krosno.pl\/b\/#website"},"primaryImageOfPage":{"@id":"https:\/\/pans.krosno.pl\/b\/harmonogram-zajec\/#primaryimage"},"image":{"@id":"https:\/\/pans.krosno.pl\/b\/harmonogram-zajec\/#primaryimage"},"thumbnailUrl":"https:\/\/pans.krosno.pl\/b\/wp-content\/uploads\/sites\/21\/2026\/02\/image.png","datePublished":"2020-03-10T20:24:24+00:00","dateModified":"2026-02-18T06:16:40+00:00","description":"Harmonogram_Letni_Stacjonarne_2019-2020","breadcrumb":{"@id":"https:\/\/pans.krosno.pl\/b\/harmonogram-zajec\/#breadcrumb"},"inLanguage":"pl-PL","potentialAction":[{"@type":"ReadAction","target":["https:\/\/pans.krosno.pl\/b\/harmonogram-zajec\/"]}]},{"@type":"ImageObject","inLanguage":"pl-PL","@id":"https:\/\/pans.krosno.pl\/b\/harmonogram-zajec\/#primaryimage","url":"https:\/\/pans.krosno.pl\/b\/wp-content\/uploads\/sites\/21\/2026\/02\/image.png","contentUrl":"https:\/\/pans.krosno.pl\/b\/wp-content\/uploads\/sites\/21\/2026\/02\/image.png","width":709,"height":961},{"@type":"BreadcrumbList","@id":"https:\/\/pans.krosno.pl\/b\/harmonogram-zajec\/#breadcrumb","itemListElement":[{"@type":"ListItem","position":1,"name":"Strona g\u0142\u00f3wna","item":"https:\/\/pans.krosno.pl\/b\/"},{"@type":"ListItem","position":2,"name":"Harmonogram zaj\u0119\u0107"}]},{"@type":"WebSite","@id":"https:\/\/pans.krosno.pl\/b\/#website","url":"https:\/\/pans.krosno.pl\/b\/","name":"Budownictwo PANS w Kro\u015bnie","description":"Budownictwo - Pa\u0144stwowa Akademia Nauk Stosowanych","publisher":{"@id":"https:\/\/pans.krosno.pl\/b\/#organization"},"potentialAction":[{"@type":"SearchAction","target":{"@type":"EntryPoint","urlTemplate":"https:\/\/pans.krosno.pl\/b\/?s={search_term_string}"},"query-input":{"@type":"PropertyValueSpecification","valueRequired":true,"valueName":"search_term_string"}}],"inLanguage":"pl-PL"},{"@type":"Organization","@id":"https:\/\/pans.krosno.pl\/b\/#organization","name":"Budownictwo PANS w Kro\u015bnie","url":"https:\/\/pans.krosno.pl\/b\/","logo":{"@type":"ImageObject","inLanguage":"pl-PL","@id":"https:\/\/pans.krosno.pl\/b\/#\/schema\/logo\/image\/","url":"https:\/\/pans.krosno.pl\/b\/wp-content\/uploads\/sites\/21\/2023\/01\/Logo-PANS-2022-pelne.png","contentUrl":"https:\/\/pans.krosno.pl\/b\/wp-content\/uploads\/sites\/21\/2023\/01\/Logo-PANS-2022-pelne.png","width":3096,"height":696,"caption":"Budownictwo PANS w Kro\u015bnie"},"image":{"@id":"https:\/\/pans.krosno.pl\/b\/#\/schema\/logo\/image\/"}}]}},"_links":{"self":[{"href":"https:\/\/pans.krosno.pl\/b\/wp-json\/wp\/v2\/pages\/260","targetHints":{"allow":["GET"]}}],"collection":[{"href":"https:\/\/pans.krosno.pl\/b\/wp-json\/wp\/v2\/pages"}],"about":[{"href":"https:\/\/pans.krosno.pl\/b\/wp-json\/wp\/v2\/types\/page"}],"author":[{"embeddable":true,"href":"https:\/\/pans.krosno.pl\/b\/wp-json\/wp\/v2\/users\/1"}],"replies":[{"embeddable":true,"href":"https:\/\/pans.krosno.pl\/b\/wp-json\/wp\/v2\/comments?post=260"}],"version-history":[{"count":138,"href":"https:\/\/pans.krosno.pl\/b\/wp-json\/wp\/v2\/pages\/260\/revisions"}],"predecessor-version":[{"id":1906,"href":"https:\/\/pans.krosno.pl\/b\/wp-json\/wp\/v2\/pages\/260\/revisions\/1906"}],"wp:attachment":[{"href":"https:\/\/pans.krosno.pl\/b\/wp-json\/wp\/v2\/media?parent=260"}],"curies":[{"name":"wp","href":"https:\/\/api.w.org\/{rel}","templated":true}]}}