{"id":18,"date":"2019-11-06T13:52:53","date_gmt":"2019-11-06T12:52:53","guid":{"rendered":"https:\/\/pans.krosno.pl\/b\/?page_id=18"},"modified":"2025-06-03T09:50:17","modified_gmt":"2025-06-03T07:50:17","slug":"pracownicy","status":"publish","type":"page","link":"https:\/\/pans.krosno.pl\/b\/pracownicy\/","title":{"rendered":"Pracownicy"},"content":{"rendered":"\n<h4 class=\"wp-block-heading\" id=\"h-kadra-naukowo-dydaktyczna-zakladu-budownictwa\">KADRA NAUKOWO-DYDAKTYCZNA ZAK\u0141ADU BUDOWNICTWA <\/h4>\n\n\n\n<p>1. <a href=\"https:\/\/pans.krosno.pl\/pracownicy\/aleksander-kozlowski\/\" target=\"_blank\" rel=\"noreferrer noopener\">prof. dr hab.\u00a0in\u017c.\u00a0Aleksander Koz\u0142owski<\/a><\/p>\n\n\n\n<p>2. <a href=\"https:\/\/pans.krosno.pl\/pracownicy\/bogumil-wrana\/\" target=\"_blank\" rel=\"noreferrer noopener\">prof. dr hab. in\u017c. Bogumi\u0142 Wrana<\/a><\/p>\n\n\n\n<p>3. <a href=\"https:\/\/pans.krosno.pl\/pracownicy\/izabela-skrzypczak\/\" target=\"_blank\" rel=\"noreferrer noopener\">dr hab.\u00a0in\u017c. Izabela Skrzypczak, prof. PANS<\/a><\/p>\n\n\n\n<p>4. <a href=\"https:\/\/pans.krosno.pl\/pracownicy\/bartlomiej-czado\/\" target=\"_blank\" rel=\"noreferrer noopener\">dr in\u017c. Bart\u0142omiej Czado<\/a><\/p>\n\n\n\n<p>5. <a href=\"https:\/\/pans.krosno.pl\/pracownicy\/marek-gransicki\/\" target=\"_blank\" rel=\"noreferrer noopener\">dr in\u017c. arch. Marek Gransicki<\/a><\/p>\n\n\n\n<p>6. <a href=\"https:\/\/pans.krosno.pl\/pracownicy\/zbigniew-kielbasa\/\" target=\"_blank\" rel=\"noreferrer noopener\">dr in\u017c. Zbigniew Kie\u0142basa<\/a><\/p>\n\n\n\n<p>7. <a href=\"https:\/\/pans.krosno.pl\/pracownicy\/dariusz-len\/\" target=\"_blank\" rel=\"noreferrer noopener\">dr in\u017c. Dariusz Le\u0144<\/a><\/p>\n\n\n\n<p>8. dr in\u017c. Kazimierz Piszczek<\/p>\n\n\n\n<p>9. <a href=\"https:\/\/pans.krosno.pl\/pracownicy\/tomasz-pytlowany\/\" target=\"_blank\" rel=\"noreferrer noopener\">dr in\u017c. Tomasz Pytlowany\u00a0<\/a><\/p>\n\n\n\n<p>10. <a href=\"https:\/\/pans.krosno.pl\/pracownicy\/krzysztof-topolski\/\" target=\"_blank\" rel=\"noreferrer noopener\">dr in\u017c. Krzysztof Topolski<\/a><\/p>\n\n\n\n<p>11. dr in\u017c. Roman Zimka<\/p>\n\n\n\n<p>12. <a href=\"https:\/\/pans.krosno.pl\/pracownicy\/wojciech-radwanski\/\" target=\"_blank\" rel=\"noreferrer noopener\">dr in\u017c. Wojciech Radwa\u0144ski<\/a><\/p>\n\n\n\n<p><strong>KIEROWNIK ZAK\u0141ADU BUDOWNICTWA<\/strong><\/p>\n\n\n\n<p><a href=\"https:\/\/pans.krosno.pl\/pracownicy\/tomasz-pytlowany\/\" target=\"_blank\" rel=\"noreferrer noopener\">dr in\u017c. Tomasz Pytlowany<\/a><\/p>\n\n\n\n<p>tompyt@pans.krosno.pl<\/p>\n\n\n\n<p><strong>EMERYTOWANI PRACOWNICY ZAK\u0141ADU<\/strong><\/p>\n\n\n\n<p><a href=\"https:\/\/pans.krosno.pl\/pracownicy\/jerzy-kerste\/\" target=\"_blank\" rel=\"noreferrer noopener\">dr in\u017c. Jerzy Kerste<\/a><\/p>\n\n\n\n<h4 class=\"wp-block-heading\" id=\"h-kadra-wspomagajaca-proces-dydaktyczny\"><strong>KADRA WSPOMAGAJ\u0104CA PROCES DYDAKTYCZNY<\/strong><\/h4>\n\n\n\n<p><a href=\"https:\/\/pans.krosno.pl\/pracownicy\/renata-bal\/\" target=\"_blank\" rel=\"noreferrer noopener\">dr Renata Bal<\/a><\/p>\n\n\n\n<p><a href=\"https:\/\/pans.krosno.pl\/pracownicy\/katarzyna-czupinska\/\">dr Katarzyna Czupi\u0144ska<\/a><\/p>\n\n\n\n<p><a href=\"https:\/\/pans.krosno.pl\/pracownicy\/malgorzata-gorka\/\" target=\"_blank\" rel=\"noreferrer noopener\">dr in\u017c. Ma\u0142gorzata G\u00f3rka<\/a><\/p>\n\n\n\n<p><a href=\"https:\/\/pans.krosno.pl\/pracownicy\/mikhael-hakim\/\" target=\"_blank\" rel=\"noreferrer noopener\">dr \u00a0Mikhael Hakim<\/a><\/p>\n\n\n\n<p><a href=\"https:\/\/pans.krosno.pl\/pracownicy\/anna-slowik\/\" target=\"_blank\" rel=\"noreferrer noopener\">dr Anna S\u0142owik<\/a><\/p>\n\n\n\n<p><a href=\"https:\/\/pans.krosno.pl\/pracownicy\/andrzej-studzinski\/\" target=\"_blank\" rel=\"noreferrer noopener\">dr in\u017c. Andrzej Studzi\u0144ski<\/a><\/p>\n\n\n\n<p><a href=\"https:\/\/pans.krosno.pl\/pracownicy\/paulina-kustron-mleczak\/\" target=\"_blank\" rel=\"noreferrer noopener\">mgr in\u017c. Paulina Kustro\u0144 &#8211; Mleczak<\/a><\/p>\n\n\n\n<p><a href=\"https:\/\/pans.krosno.pl\/pracownicy\/robert-rajs\/\" target=\"_blank\" rel=\"noreferrer noopener\">mgr Robert Rajs<\/a><\/p>\n\n\n\n<p><\/p>\n","protected":false},"excerpt":{"rendered":"<p>KADRA NAUKOWO-DYDAKTYCZNA ZAK\u0141ADU BUDOWNICTWA 1. prof. dr hab.\u00a0in\u017c.\u00a0Aleksander Koz\u0142owski 2. prof. dr hab. in\u017c. Bogumi\u0142 Wrana 3. dr hab.\u00a0in\u017c. Izabela Skrzypczak, prof. PANS 4. dr in\u017c. Bart\u0142omiej Czado 5. dr in\u017c. arch. Marek Gransicki 6. dr in\u017c. Zbigniew Kie\u0142basa 7. dr in\u017c. Dariusz Le\u0144 8. dr in\u017c. Kazimierz Piszczek 9. [\u2026] <\/p>\n<div class=\"clear\"><\/div>\n<p><a class=\"more_link clearfix\" href=\"https:\/\/pans.krosno.pl\/b\/pracownicy\/\" rel=\"nofollow\">Read More<\/a><\/p>\n","protected":false},"author":1,"featured_media":0,"parent":0,"menu_order":0,"comment_status":"closed","ping_status":"closed","template":"page-templates\/template-full-width.php","meta":{"ngg_post_thumbnail":0,"footnotes":""},"class_list":["post-18","page","type-page","status-publish","hentry"],"yoast_head":"<!-- This site is optimized with the Yoast SEO Premium plugin v27.3 (Yoast SEO v27.3) - https:\/\/yoast.com\/product\/yoast-seo-premium-wordpress\/ -->\n<title>Pracownicy - Budownictwo PANS w Kro\u015bnie<\/title>\n<meta name=\"description\" content=\"KADRA NAUKOWO-DYDAKTYCZNA ZAK\u0141ADU BUDOWNICTWA\" \/>\n<meta name=\"robots\" content=\"index, follow, max-snippet:-1, max-image-preview:large, max-video-preview:-1\" \/>\n<link rel=\"canonical\" href=\"https:\/\/pans.krosno.pl\/b\/pracownicy\/\" \/>\n<meta property=\"og:locale\" content=\"pl_PL\" \/>\n<meta property=\"og:type\" content=\"article\" \/>\n<meta property=\"og:title\" content=\"Pracownicy\" \/>\n<meta property=\"og:description\" content=\"KADRA NAUKOWO-DYDAKTYCZNA ZAK\u0141ADU BUDOWNICTWA\" \/>\n<meta property=\"og:url\" content=\"https:\/\/pans.krosno.pl\/b\/pracownicy\/\" \/>\n<meta property=\"og:site_name\" content=\"Budownictwo PANS w Kro\u015bnie\" \/>\n<meta property=\"article:modified_time\" content=\"2025-06-03T07:50:17+00:00\" \/>\n<meta name=\"twitter:card\" content=\"summary_large_image\" \/>\n<meta name=\"twitter:label1\" content=\"Szacowany czas czytania\" \/>\n\t<meta name=\"twitter:data1\" content=\"1 minuta\" \/>\n<script type=\"application\/ld+json\" class=\"yoast-schema-graph\">{\"@context\":\"https:\\\/\\\/schema.org\",\"@graph\":[{\"@type\":\"WebPage\",\"@id\":\"https:\\\/\\\/pans.krosno.pl\\\/b\\\/pracownicy\\\/\",\"url\":\"https:\\\/\\\/pans.krosno.pl\\\/b\\\/pracownicy\\\/\",\"name\":\"Pracownicy - Budownictwo PANS w Kro\u015bnie\",\"isPartOf\":{\"@id\":\"https:\\\/\\\/pans.krosno.pl\\\/b\\\/#website\"},\"datePublished\":\"2019-11-06T12:52:53+00:00\",\"dateModified\":\"2025-06-03T07:50:17+00:00\",\"description\":\"KADRA NAUKOWO-DYDAKTYCZNA ZAK\u0141ADU BUDOWNICTWA\",\"breadcrumb\":{\"@id\":\"https:\\\/\\\/pans.krosno.pl\\\/b\\\/pracownicy\\\/#breadcrumb\"},\"inLanguage\":\"pl-PL\",\"potentialAction\":[{\"@type\":\"ReadAction\",\"target\":[\"https:\\\/\\\/pans.krosno.pl\\\/b\\\/pracownicy\\\/\"]}]},{\"@type\":\"BreadcrumbList\",\"@id\":\"https:\\\/\\\/pans.krosno.pl\\\/b\\\/pracownicy\\\/#breadcrumb\",\"itemListElement\":[{\"@type\":\"ListItem\",\"position\":1,\"name\":\"Strona g\u0142\u00f3wna\",\"item\":\"https:\\\/\\\/pans.krosno.pl\\\/b\\\/\"},{\"@type\":\"ListItem\",\"position\":2,\"name\":\"Pracownicy\"}]},{\"@type\":\"WebSite\",\"@id\":\"https:\\\/\\\/pans.krosno.pl\\\/b\\\/#website\",\"url\":\"https:\\\/\\\/pans.krosno.pl\\\/b\\\/\",\"name\":\"Budownictwo PANS w Kro\u015bnie\",\"description\":\"Budownictwo - Pa\u0144stwowa Akademia Nauk Stosowanych\",\"publisher\":{\"@id\":\"https:\\\/\\\/pans.krosno.pl\\\/b\\\/#organization\"},\"potentialAction\":[{\"@type\":\"SearchAction\",\"target\":{\"@type\":\"EntryPoint\",\"urlTemplate\":\"https:\\\/\\\/pans.krosno.pl\\\/b\\\/?s={search_term_string}\"},\"query-input\":{\"@type\":\"PropertyValueSpecification\",\"valueRequired\":true,\"valueName\":\"search_term_string\"}}],\"inLanguage\":\"pl-PL\"},{\"@type\":\"Organization\",\"@id\":\"https:\\\/\\\/pans.krosno.pl\\\/b\\\/#organization\",\"name\":\"Budownictwo PANS w Kro\u015bnie\",\"url\":\"https:\\\/\\\/pans.krosno.pl\\\/b\\\/\",\"logo\":{\"@type\":\"ImageObject\",\"inLanguage\":\"pl-PL\",\"@id\":\"https:\\\/\\\/pans.krosno.pl\\\/b\\\/#\\\/schema\\\/logo\\\/image\\\/\",\"url\":\"https:\\\/\\\/pans.krosno.pl\\\/b\\\/wp-content\\\/uploads\\\/sites\\\/21\\\/2023\\\/01\\\/Logo-PANS-2022-pelne.png\",\"contentUrl\":\"https:\\\/\\\/pans.krosno.pl\\\/b\\\/wp-content\\\/uploads\\\/sites\\\/21\\\/2023\\\/01\\\/Logo-PANS-2022-pelne.png\",\"width\":3096,\"height\":696,\"caption\":\"Budownictwo PANS w Kro\u015bnie\"},\"image\":{\"@id\":\"https:\\\/\\\/pans.krosno.pl\\\/b\\\/#\\\/schema\\\/logo\\\/image\\\/\"}}]}<\/script>\n<!-- \/ Yoast SEO Premium plugin. -->","yoast_head_json":{"title":"Pracownicy - Budownictwo PANS w Kro\u015bnie","description":"KADRA NAUKOWO-DYDAKTYCZNA ZAK\u0141ADU BUDOWNICTWA","robots":{"index":"index","follow":"follow","max-snippet":"max-snippet:-1","max-image-preview":"max-image-preview:large","max-video-preview":"max-video-preview:-1"},"canonical":"https:\/\/pans.krosno.pl\/b\/pracownicy\/","og_locale":"pl_PL","og_type":"article","og_title":"Pracownicy","og_description":"KADRA NAUKOWO-DYDAKTYCZNA ZAK\u0141ADU BUDOWNICTWA","og_url":"https:\/\/pans.krosno.pl\/b\/pracownicy\/","og_site_name":"Budownictwo PANS w Kro\u015bnie","article_modified_time":"2025-06-03T07:50:17+00:00","twitter_card":"summary_large_image","twitter_misc":{"Szacowany czas czytania":"1 minuta"},"schema":{"@context":"https:\/\/schema.org","@graph":[{"@type":"WebPage","@id":"https:\/\/pans.krosno.pl\/b\/pracownicy\/","url":"https:\/\/pans.krosno.pl\/b\/pracownicy\/","name":"Pracownicy - Budownictwo PANS w Kro\u015bnie","isPartOf":{"@id":"https:\/\/pans.krosno.pl\/b\/#website"},"datePublished":"2019-11-06T12:52:53+00:00","dateModified":"2025-06-03T07:50:17+00:00","description":"KADRA NAUKOWO-DYDAKTYCZNA ZAK\u0141ADU BUDOWNICTWA","breadcrumb":{"@id":"https:\/\/pans.krosno.pl\/b\/pracownicy\/#breadcrumb"},"inLanguage":"pl-PL","potentialAction":[{"@type":"ReadAction","target":["https:\/\/pans.krosno.pl\/b\/pracownicy\/"]}]},{"@type":"BreadcrumbList","@id":"https:\/\/pans.krosno.pl\/b\/pracownicy\/#breadcrumb","itemListElement":[{"@type":"ListItem","position":1,"name":"Strona g\u0142\u00f3wna","item":"https:\/\/pans.krosno.pl\/b\/"},{"@type":"ListItem","position":2,"name":"Pracownicy"}]},{"@type":"WebSite","@id":"https:\/\/pans.krosno.pl\/b\/#website","url":"https:\/\/pans.krosno.pl\/b\/","name":"Budownictwo PANS w Kro\u015bnie","description":"Budownictwo - Pa\u0144stwowa Akademia Nauk Stosowanych","publisher":{"@id":"https:\/\/pans.krosno.pl\/b\/#organization"},"potentialAction":[{"@type":"SearchAction","target":{"@type":"EntryPoint","urlTemplate":"https:\/\/pans.krosno.pl\/b\/?s={search_term_string}"},"query-input":{"@type":"PropertyValueSpecification","valueRequired":true,"valueName":"search_term_string"}}],"inLanguage":"pl-PL"},{"@type":"Organization","@id":"https:\/\/pans.krosno.pl\/b\/#organization","name":"Budownictwo PANS w Kro\u015bnie","url":"https:\/\/pans.krosno.pl\/b\/","logo":{"@type":"ImageObject","inLanguage":"pl-PL","@id":"https:\/\/pans.krosno.pl\/b\/#\/schema\/logo\/image\/","url":"https:\/\/pans.krosno.pl\/b\/wp-content\/uploads\/sites\/21\/2023\/01\/Logo-PANS-2022-pelne.png","contentUrl":"https:\/\/pans.krosno.pl\/b\/wp-content\/uploads\/sites\/21\/2023\/01\/Logo-PANS-2022-pelne.png","width":3096,"height":696,"caption":"Budownictwo PANS w Kro\u015bnie"},"image":{"@id":"https:\/\/pans.krosno.pl\/b\/#\/schema\/logo\/image\/"}}]}},"_links":{"self":[{"href":"https:\/\/pans.krosno.pl\/b\/wp-json\/wp\/v2\/pages\/18","targetHints":{"allow":["GET"]}}],"collection":[{"href":"https:\/\/pans.krosno.pl\/b\/wp-json\/wp\/v2\/pages"}],"about":[{"href":"https:\/\/pans.krosno.pl\/b\/wp-json\/wp\/v2\/types\/page"}],"author":[{"embeddable":true,"href":"https:\/\/pans.krosno.pl\/b\/wp-json\/wp\/v2\/users\/1"}],"replies":[{"embeddable":true,"href":"https:\/\/pans.krosno.pl\/b\/wp-json\/wp\/v2\/comments?post=18"}],"version-history":[{"count":22,"href":"https:\/\/pans.krosno.pl\/b\/wp-json\/wp\/v2\/pages\/18\/revisions"}],"predecessor-version":[{"id":1744,"href":"https:\/\/pans.krosno.pl\/b\/wp-json\/wp\/v2\/pages\/18\/revisions\/1744"}],"wp:attachment":[{"href":"https:\/\/pans.krosno.pl\/b\/wp-json\/wp\/v2\/media?parent=18"}],"curies":[{"name":"wp","href":"https:\/\/api.w.org\/{rel}","templated":true}]}}