{"id":158,"date":"2020-02-26T12:28:21","date_gmt":"2020-02-26T11:28:21","guid":{"rendered":"https:\/\/pans.krosno.pl\/b\/?page_id=158"},"modified":"2025-10-02T23:08:04","modified_gmt":"2025-10-02T21:08:04","slug":"programy-studiow","status":"publish","type":"page","link":"https:\/\/pans.krosno.pl\/b\/programy-studiow\/","title":{"rendered":"Programy studi\u00f3w"},"content":{"rendered":"\n<div class=\"wp-block-file\"><a id=\"wp-block-file--media-cb511581-56de-4823-9c1f-5a2208e778f6\" href=\"https:\/\/pans.krosno.pl\/b\/wp-content\/uploads\/sites\/21\/2022\/01\/Program-studiow-na-kierunku-Budownictwo-cykl-ksztalcenia-2021-2025.pdf\">Program studi\u00f3w dla cyklu 2021-2025<\/a><a href=\"https:\/\/pans.krosno.pl\/b\/wp-content\/uploads\/sites\/21\/2022\/01\/Program-studiow-na-kierunku-Budownictwo-cykl-ksztalcenia-2021-2025.pdf\" class=\"wp-block-file__button wp-element-button\" download aria-describedby=\"wp-block-file--media-cb511581-56de-4823-9c1f-5a2208e778f6\">Pobierz<\/a><\/div>\n\n\n\n<div class=\"wp-block-file\"><a id=\"wp-block-file--media-249c785b-9c73-4e18-991b-c40262269850\" href=\"https:\/\/pans.krosno.pl\/b\/wp-content\/uploads\/sites\/21\/2022\/12\/Kierunek-Budownictwo-Program-studiow-strona-kierunku-od-R-A-2022-20231.pdf\">Szczeg\u00f3\u0142owy\u00a0opis\u00a0programu\u00a0studi\u00f3w\u00a0na\u00a0kierunku\u00a0Budownictwo &#8211; cyklu kszta\u0142cenia 2022-2026 (IV rok)<\/a><a href=\"https:\/\/pans.krosno.pl\/b\/wp-content\/uploads\/sites\/21\/2022\/12\/Kierunek-Budownictwo-Program-studiow-strona-kierunku-od-R-A-2022-20231.pdf\" class=\"wp-block-file__button wp-element-button\" download aria-describedby=\"wp-block-file--media-249c785b-9c73-4e18-991b-c40262269850\">Pobierz<\/a><\/div>\n\n\n\n<div class=\"wp-block-file\"><a id=\"wp-block-file--media-718b254d-903c-45b0-a6a0-7695a5e70094\" href=\"https:\/\/pans.krosno.pl\/b\/wp-content\/uploads\/sites\/21\/2023\/09\/Szczegolowy-opis-programu-studiow-na-kierunku-Budownictwo-cykl-ksztalcenia-2023-2027.pdf\">Szczeg\u00f3\u0142owy opis programu studi\u00f3w na kierunku Budownictwo &#8211; cykl kszta\u0142cenia 2023-2027 (III rok)<\/a><a href=\"https:\/\/pans.krosno.pl\/b\/wp-content\/uploads\/sites\/21\/2023\/09\/Szczegolowy-opis-programu-studiow-na-kierunku-Budownictwo-cykl-ksztalcenia-2023-2027.pdf\" class=\"wp-block-file__button wp-element-button\" download aria-describedby=\"wp-block-file--media-718b254d-903c-45b0-a6a0-7695a5e70094\">Pobierz<\/a><\/div>\n\n\n\n<div class=\"wp-block-file\"><a id=\"wp-block-file--media-88155064-cebf-4b52-8104-8f36eefb4c56\" href=\"https:\/\/pans.krosno.pl\/b\/wp-content\/uploads\/sites\/21\/2024\/10\/Program-studiow-2425.pdf\">Szczeg\u00f3\u0142owy opis programu studi\u00f3w na kierunku Budownictwo &#8211; cykl kszta\u0142cenia 2024-2028 (II rok)<\/a><a href=\"https:\/\/pans.krosno.pl\/b\/wp-content\/uploads\/sites\/21\/2024\/10\/Program-studiow-2425.pdf\" class=\"wp-block-file__button wp-element-button\" download aria-describedby=\"wp-block-file--media-88155064-cebf-4b52-8104-8f36eefb4c56\">Pobierz<\/a><\/div>\n\n\n\n<div class=\"wp-block-file\"><a id=\"wp-block-file--media-64d912ba-a12f-4d5c-b4ec-8fc953bd5dd1\" href=\"https:\/\/pans.krosno.pl\/b\/wp-content\/uploads\/sites\/21\/2025\/10\/Zalacznik-2.1-Program-studiow-strona-kierunku-od-25-26.pdf\">Szczeg\u00f3\u0142owy opis programu studi\u00f3w na kierunku Budownictwo &#8211; cykl kszta\u0142cenia 2025-2029 (I rok)<\/a><a href=\"https:\/\/pans.krosno.pl\/b\/wp-content\/uploads\/sites\/21\/2025\/10\/Zalacznik-2.1-Program-studiow-strona-kierunku-od-25-26.pdf\" class=\"wp-block-file__button wp-element-button\" download aria-describedby=\"wp-block-file--media-64d912ba-a12f-4d5c-b4ec-8fc953bd5dd1\">Pobierz<\/a><\/div>\n\n\n\n<p><\/p>\n","protected":false},"excerpt":{"rendered":"","protected":false},"author":1,"featured_media":0,"parent":0,"menu_order":0,"comment_status":"closed","ping_status":"closed","template":"page-templates\/template-full-width.php","meta":{"ngg_post_thumbnail":0,"footnotes":""},"class_list":["post-158","page","type-page","status-publish","hentry"],"yoast_head":"<!-- This site is optimized with the Yoast SEO Premium plugin v27.3 (Yoast SEO v27.3) - https:\/\/yoast.com\/product\/yoast-seo-premium-wordpress\/ -->\n<title>Programy studi\u00f3w - Budownictwo PANS w Kro\u015bnie<\/title>\n<meta name=\"description\" content=\"Program studi\u00f3w na cyklu\" \/>\n<meta name=\"robots\" content=\"index, follow, max-snippet:-1, max-image-preview:large, max-video-preview:-1\" \/>\n<link rel=\"canonical\" href=\"https:\/\/pans.krosno.pl\/b\/programy-studiow\/\" \/>\n<meta property=\"og:locale\" content=\"pl_PL\" \/>\n<meta property=\"og:type\" content=\"article\" \/>\n<meta property=\"og:title\" content=\"Programy studi\u00f3w\" \/>\n<meta property=\"og:description\" content=\"Program studi\u00f3w na cyklu\" \/>\n<meta property=\"og:url\" content=\"https:\/\/pans.krosno.pl\/b\/programy-studiow\/\" \/>\n<meta property=\"og:site_name\" content=\"Budownictwo PANS w Kro\u015bnie\" \/>\n<meta property=\"article:modified_time\" content=\"2025-10-02T21:08:04+00:00\" \/>\n<meta name=\"twitter:card\" content=\"summary_large_image\" \/>\n<meta name=\"twitter:label1\" content=\"Szacowany czas czytania\" \/>\n\t<meta name=\"twitter:data1\" content=\"1 minuta\" \/>\n<script type=\"application\/ld+json\" class=\"yoast-schema-graph\">{\"@context\":\"https:\\\/\\\/schema.org\",\"@graph\":[{\"@type\":\"WebPage\",\"@id\":\"https:\\\/\\\/pans.krosno.pl\\\/b\\\/programy-studiow\\\/\",\"url\":\"https:\\\/\\\/pans.krosno.pl\\\/b\\\/programy-studiow\\\/\",\"name\":\"Programy studi\u00f3w - Budownictwo PANS w Kro\u015bnie\",\"isPartOf\":{\"@id\":\"https:\\\/\\\/pans.krosno.pl\\\/b\\\/#website\"},\"datePublished\":\"2020-02-26T11:28:21+00:00\",\"dateModified\":\"2025-10-02T21:08:04+00:00\",\"description\":\"Program studi\u00f3w na cyklu\",\"breadcrumb\":{\"@id\":\"https:\\\/\\\/pans.krosno.pl\\\/b\\\/programy-studiow\\\/#breadcrumb\"},\"inLanguage\":\"pl-PL\",\"potentialAction\":[{\"@type\":\"ReadAction\",\"target\":[\"https:\\\/\\\/pans.krosno.pl\\\/b\\\/programy-studiow\\\/\"]}]},{\"@type\":\"BreadcrumbList\",\"@id\":\"https:\\\/\\\/pans.krosno.pl\\\/b\\\/programy-studiow\\\/#breadcrumb\",\"itemListElement\":[{\"@type\":\"ListItem\",\"position\":1,\"name\":\"Strona g\u0142\u00f3wna\",\"item\":\"https:\\\/\\\/pans.krosno.pl\\\/b\\\/\"},{\"@type\":\"ListItem\",\"position\":2,\"name\":\"Programy studi\u00f3w\"}]},{\"@type\":\"WebSite\",\"@id\":\"https:\\\/\\\/pans.krosno.pl\\\/b\\\/#website\",\"url\":\"https:\\\/\\\/pans.krosno.pl\\\/b\\\/\",\"name\":\"Budownictwo PANS w Kro\u015bnie\",\"description\":\"Budownictwo - Pa\u0144stwowa Akademia Nauk Stosowanych\",\"publisher\":{\"@id\":\"https:\\\/\\\/pans.krosno.pl\\\/b\\\/#organization\"},\"potentialAction\":[{\"@type\":\"SearchAction\",\"target\":{\"@type\":\"EntryPoint\",\"urlTemplate\":\"https:\\\/\\\/pans.krosno.pl\\\/b\\\/?s={search_term_string}\"},\"query-input\":{\"@type\":\"PropertyValueSpecification\",\"valueRequired\":true,\"valueName\":\"search_term_string\"}}],\"inLanguage\":\"pl-PL\"},{\"@type\":\"Organization\",\"@id\":\"https:\\\/\\\/pans.krosno.pl\\\/b\\\/#organization\",\"name\":\"Budownictwo PANS w Kro\u015bnie\",\"url\":\"https:\\\/\\\/pans.krosno.pl\\\/b\\\/\",\"logo\":{\"@type\":\"ImageObject\",\"inLanguage\":\"pl-PL\",\"@id\":\"https:\\\/\\\/pans.krosno.pl\\\/b\\\/#\\\/schema\\\/logo\\\/image\\\/\",\"url\":\"https:\\\/\\\/pans.krosno.pl\\\/b\\\/wp-content\\\/uploads\\\/sites\\\/21\\\/2023\\\/01\\\/Logo-PANS-2022-pelne.png\",\"contentUrl\":\"https:\\\/\\\/pans.krosno.pl\\\/b\\\/wp-content\\\/uploads\\\/sites\\\/21\\\/2023\\\/01\\\/Logo-PANS-2022-pelne.png\",\"width\":3096,\"height\":696,\"caption\":\"Budownictwo PANS w Kro\u015bnie\"},\"image\":{\"@id\":\"https:\\\/\\\/pans.krosno.pl\\\/b\\\/#\\\/schema\\\/logo\\\/image\\\/\"}}]}<\/script>\n<!-- \/ Yoast SEO Premium plugin. -->","yoast_head_json":{"title":"Programy studi\u00f3w - Budownictwo PANS w Kro\u015bnie","description":"Program studi\u00f3w na cyklu","robots":{"index":"index","follow":"follow","max-snippet":"max-snippet:-1","max-image-preview":"max-image-preview:large","max-video-preview":"max-video-preview:-1"},"canonical":"https:\/\/pans.krosno.pl\/b\/programy-studiow\/","og_locale":"pl_PL","og_type":"article","og_title":"Programy studi\u00f3w","og_description":"Program studi\u00f3w na cyklu","og_url":"https:\/\/pans.krosno.pl\/b\/programy-studiow\/","og_site_name":"Budownictwo PANS w Kro\u015bnie","article_modified_time":"2025-10-02T21:08:04+00:00","twitter_card":"summary_large_image","twitter_misc":{"Szacowany czas czytania":"1 minuta"},"schema":{"@context":"https:\/\/schema.org","@graph":[{"@type":"WebPage","@id":"https:\/\/pans.krosno.pl\/b\/programy-studiow\/","url":"https:\/\/pans.krosno.pl\/b\/programy-studiow\/","name":"Programy studi\u00f3w - Budownictwo PANS w Kro\u015bnie","isPartOf":{"@id":"https:\/\/pans.krosno.pl\/b\/#website"},"datePublished":"2020-02-26T11:28:21+00:00","dateModified":"2025-10-02T21:08:04+00:00","description":"Program studi\u00f3w na cyklu","breadcrumb":{"@id":"https:\/\/pans.krosno.pl\/b\/programy-studiow\/#breadcrumb"},"inLanguage":"pl-PL","potentialAction":[{"@type":"ReadAction","target":["https:\/\/pans.krosno.pl\/b\/programy-studiow\/"]}]},{"@type":"BreadcrumbList","@id":"https:\/\/pans.krosno.pl\/b\/programy-studiow\/#breadcrumb","itemListElement":[{"@type":"ListItem","position":1,"name":"Strona g\u0142\u00f3wna","item":"https:\/\/pans.krosno.pl\/b\/"},{"@type":"ListItem","position":2,"name":"Programy studi\u00f3w"}]},{"@type":"WebSite","@id":"https:\/\/pans.krosno.pl\/b\/#website","url":"https:\/\/pans.krosno.pl\/b\/","name":"Budownictwo PANS w Kro\u015bnie","description":"Budownictwo - Pa\u0144stwowa Akademia Nauk Stosowanych","publisher":{"@id":"https:\/\/pans.krosno.pl\/b\/#organization"},"potentialAction":[{"@type":"SearchAction","target":{"@type":"EntryPoint","urlTemplate":"https:\/\/pans.krosno.pl\/b\/?s={search_term_string}"},"query-input":{"@type":"PropertyValueSpecification","valueRequired":true,"valueName":"search_term_string"}}],"inLanguage":"pl-PL"},{"@type":"Organization","@id":"https:\/\/pans.krosno.pl\/b\/#organization","name":"Budownictwo PANS w Kro\u015bnie","url":"https:\/\/pans.krosno.pl\/b\/","logo":{"@type":"ImageObject","inLanguage":"pl-PL","@id":"https:\/\/pans.krosno.pl\/b\/#\/schema\/logo\/image\/","url":"https:\/\/pans.krosno.pl\/b\/wp-content\/uploads\/sites\/21\/2023\/01\/Logo-PANS-2022-pelne.png","contentUrl":"https:\/\/pans.krosno.pl\/b\/wp-content\/uploads\/sites\/21\/2023\/01\/Logo-PANS-2022-pelne.png","width":3096,"height":696,"caption":"Budownictwo PANS w Kro\u015bnie"},"image":{"@id":"https:\/\/pans.krosno.pl\/b\/#\/schema\/logo\/image\/"}}]}},"_links":{"self":[{"href":"https:\/\/pans.krosno.pl\/b\/wp-json\/wp\/v2\/pages\/158","targetHints":{"allow":["GET"]}}],"collection":[{"href":"https:\/\/pans.krosno.pl\/b\/wp-json\/wp\/v2\/pages"}],"about":[{"href":"https:\/\/pans.krosno.pl\/b\/wp-json\/wp\/v2\/types\/page"}],"author":[{"embeddable":true,"href":"https:\/\/pans.krosno.pl\/b\/wp-json\/wp\/v2\/users\/1"}],"replies":[{"embeddable":true,"href":"https:\/\/pans.krosno.pl\/b\/wp-json\/wp\/v2\/comments?post=158"}],"version-history":[{"count":19,"href":"https:\/\/pans.krosno.pl\/b\/wp-json\/wp\/v2\/pages\/158\/revisions"}],"predecessor-version":[{"id":1860,"href":"https:\/\/pans.krosno.pl\/b\/wp-json\/wp\/v2\/pages\/158\/revisions\/1860"}],"wp:attachment":[{"href":"https:\/\/pans.krosno.pl\/b\/wp-json\/wp\/v2\/media?parent=158"}],"curies":[{"name":"wp","href":"https:\/\/api.w.org\/{rel}","templated":true}]}}