{"id":133,"date":"2020-01-17T11:52:27","date_gmt":"2020-01-17T10:52:27","guid":{"rendered":"https:\/\/pans.krosno.pl\/b\/?page_id=133"},"modified":"2025-05-19T17:37:15","modified_gmt":"2025-05-19T15:37:15","slug":"praktyki-zawodowe-2","status":"publish","type":"page","link":"https:\/\/pans.krosno.pl\/b\/praktyki-zawodowe-2\/","title":{"rendered":"Praktyki zawodowe"},"content":{"rendered":"\n<h4 class=\"wp-block-heading\" id=\"h-praktyki-zawodowe-krok-po-kroku\"><a href=\"https:\/\/pans.krosno.pl\/cti\/praktyki\/przewodnik\/\">Praktyki zawodowe krok po kroku<\/a><\/h4>\n\n\n\n<h3 class=\"wp-block-heading\" id=\"h-regulamin-praktyk\"><strong>Regulamin praktyk<\/strong><\/h3>\n\n\n\n<h4 class=\"wp-block-heading\" id=\"h-regulamin\"><strong><a href=\"https:\/\/pans.krosno.pl\/cti\/praktyki\/regulamin-praktyk-2\/\">Regulamin<\/a><\/strong><\/h4>\n\n\n\n<h3 class=\"wp-block-heading\"><strong>Praktyka zawodowa 1 &#8211; I rok studi\u00f3w <\/strong><\/h3>\n\n\n\n<p><a href=\"https:\/\/pans.krosno.pl\/b\/wp-content\/uploads\/sites\/21\/2025\/02\/KIERUNKOWY-PROGRAM-PRAKTYK-ZAWODOWYCH-I-ROK.pdf\">Kierunkowy program praktyki zawodowej dla student\u00f3w I roku<\/a><\/p>\n\n\n\n<p><a href=\"https:\/\/pans.krosno.pl\/b\/wp-content\/uploads\/sites\/21\/2025\/02\/Zalacznik-3_I-ROK.doc\">Za\u0142\u0105cznik 3 &#8211; karta weryfikacji efekt\u00f3w uczenia si\u0119 dla student\u00f3w I roku<\/a><\/p>\n\n\n\n<h3 class=\"wp-block-heading\" id=\"h-praktyka-zawodowa-2-ii-rok-studiow\"><strong>Praktyka zawodowa 2 &#8211; II rok studi\u00f3w <\/strong><\/h3>\n\n\n\n<p><a href=\"https:\/\/pans.krosno.pl\/b\/wp-content\/uploads\/sites\/21\/2025\/02\/KIERUNKOWY-PROGRAM-PRAKTYK-ZAWODOWYCH-II-ROK.pdf\">Kierunkowy program praktyki zawodowej dla student\u00f3w II roku<\/a><\/p>\n\n\n\n<p><a href=\"https:\/\/pans.krosno.pl\/b\/wp-content\/uploads\/sites\/21\/2025\/02\/Zalacznik-3_II-ROK.doc\">Za\u0142\u0105cznik 3 &#8211; karta weryfikacji efekt\u00f3w uczenia si\u0119 dla student\u00f3w II roku<\/a><\/p>\n\n\n\n<h3 class=\"wp-block-heading\" id=\"h-praktyka-zawodowa-3-iii-rok-studiow\"><strong>Praktyka zawodowa 3 &#8211; III rok studi\u00f3w<\/strong><\/h3>\n\n\n\n<p><a href=\"https:\/\/pans.krosno.pl\/b\/wp-content\/uploads\/sites\/21\/2025\/02\/KIERUNKOWY-PROGRAM-PRAKTYK-ZAWODOWYCH-III-ROK.pdf\">Kierunkowy program praktyki zawodowej dla student\u00f3w III roku<\/a><\/p>\n\n\n\n<p><a href=\"https:\/\/pans.krosno.pl\/b\/wp-content\/uploads\/sites\/21\/2025\/02\/Zalacznik-3_III-ROK.doc\">Za\u0142\u0105cznik 3 &#8211; karta weryfikacji efekt\u00f3w uczenia si\u0119 dla student\u00f3w III roku<\/a><\/p>\n\n\n\n<h3 class=\"wp-block-heading\" id=\"h-dokumenty-dotyczace-praktyk-zawodowych\">Dokumenty dotycz\u0105ce praktyk zawodowych<\/h3>\n\n\n\n<h4 class=\"wp-block-heading\" id=\"h-dokumenty-do-pobrania\"><a href=\"https:\/\/pans.krosno.pl\/cti\/praktyki\/druki-na-praktyki-do-pobrania\/\">Dokumenty do pobrania<\/a><\/h4>\n\n\n\n<p><\/p>\n\n\n\n<p><\/p>\n\n\n\n<p><\/p>\n\n\n\n<p><\/p>\n\n\n\n<p><\/p>\n\n\n\n<p><\/p>\n\n\n\n<p><\/p>\n\n\n\n<p><\/p>\n\n\n\n<p><\/p>\n\n\n\n<p><\/p>\n","protected":false},"excerpt":{"rendered":"<p>Praktyki zawodowe krok po kroku Regulamin praktyk Regulamin Praktyka zawodowa 1 &#8211; I rok studi\u00f3w Kierunkowy program praktyki zawodowej dla student\u00f3w I roku Za\u0142\u0105cznik 3 &#8211; karta weryfikacji efekt\u00f3w uczenia si\u0119 dla student\u00f3w I roku Praktyka zawodowa 2 &#8211; II rok studi\u00f3w Kierunkowy program praktyki zawodowej dla student\u00f3w II roku [\u2026] <\/p>\n<div class=\"clear\"><\/div>\n<p><a class=\"more_link clearfix\" href=\"https:\/\/pans.krosno.pl\/b\/praktyki-zawodowe-2\/\" rel=\"nofollow\">Read More<\/a><\/p>\n","protected":false},"author":1,"featured_media":0,"parent":0,"menu_order":0,"comment_status":"closed","ping_status":"closed","template":"page-templates\/template-full-width.php","meta":{"ngg_post_thumbnail":0,"footnotes":""},"class_list":["post-133","page","type-page","status-publish","hentry"],"yoast_head":"<!-- This site is optimized with the Yoast SEO Premium plugin v27.4 (Yoast SEO v27.4) - https:\/\/yoast.com\/product\/yoast-seo-premium-wordpress\/ -->\n<title>Praktyki zawodowe - Budownictwo PANS w Kro\u015bnie<\/title>\n<meta name=\"description\" content=\"Druk porozumienia w sprawie odbywania zawodowych praktyk studenckich od 2019r. (grupa)\" \/>\n<meta name=\"robots\" content=\"index, follow, max-snippet:-1, max-image-preview:large, max-video-preview:-1\" \/>\n<link rel=\"canonical\" href=\"https:\/\/pans.krosno.pl\/b\/praktyki-zawodowe-2\/\" \/>\n<meta property=\"og:locale\" content=\"pl_PL\" \/>\n<meta property=\"og:type\" content=\"article\" \/>\n<meta property=\"og:title\" content=\"Praktyki zawodowe\" \/>\n<meta property=\"og:description\" content=\"Druk porozumienia w sprawie odbywania zawodowych praktyk studenckich od 2019r. (grupa)\" \/>\n<meta property=\"og:url\" content=\"https:\/\/pans.krosno.pl\/b\/praktyki-zawodowe-2\/\" \/>\n<meta property=\"og:site_name\" content=\"Budownictwo PANS w Kro\u015bnie\" \/>\n<meta property=\"article:modified_time\" content=\"2025-05-19T15:37:15+00:00\" \/>\n<meta name=\"twitter:card\" content=\"summary_large_image\" \/>\n<meta name=\"twitter:label1\" content=\"Szacowany czas czytania\" \/>\n\t<meta name=\"twitter:data1\" content=\"1 minuta\" \/>\n<script type=\"application\/ld+json\" class=\"yoast-schema-graph\">{\"@context\":\"https:\\\/\\\/schema.org\",\"@graph\":[{\"@type\":\"WebPage\",\"@id\":\"https:\\\/\\\/pans.krosno.pl\\\/b\\\/praktyki-zawodowe-2\\\/\",\"url\":\"https:\\\/\\\/pans.krosno.pl\\\/b\\\/praktyki-zawodowe-2\\\/\",\"name\":\"Praktyki zawodowe - Budownictwo PANS w Kro\u015bnie\",\"isPartOf\":{\"@id\":\"https:\\\/\\\/pans.krosno.pl\\\/b\\\/#website\"},\"datePublished\":\"2020-01-17T10:52:27+00:00\",\"dateModified\":\"2025-05-19T15:37:15+00:00\",\"description\":\"Druk porozumienia w sprawie odbywania zawodowych praktyk studenckich od 2019r. (grupa)\",\"breadcrumb\":{\"@id\":\"https:\\\/\\\/pans.krosno.pl\\\/b\\\/praktyki-zawodowe-2\\\/#breadcrumb\"},\"inLanguage\":\"pl-PL\",\"potentialAction\":[{\"@type\":\"ReadAction\",\"target\":[\"https:\\\/\\\/pans.krosno.pl\\\/b\\\/praktyki-zawodowe-2\\\/\"]}]},{\"@type\":\"BreadcrumbList\",\"@id\":\"https:\\\/\\\/pans.krosno.pl\\\/b\\\/praktyki-zawodowe-2\\\/#breadcrumb\",\"itemListElement\":[{\"@type\":\"ListItem\",\"position\":1,\"name\":\"Strona g\u0142\u00f3wna\",\"item\":\"https:\\\/\\\/pans.krosno.pl\\\/b\\\/\"},{\"@type\":\"ListItem\",\"position\":2,\"name\":\"Praktyki zawodowe\"}]},{\"@type\":\"WebSite\",\"@id\":\"https:\\\/\\\/pans.krosno.pl\\\/b\\\/#website\",\"url\":\"https:\\\/\\\/pans.krosno.pl\\\/b\\\/\",\"name\":\"Budownictwo PANS w Kro\u015bnie\",\"description\":\"Budownictwo - Pa\u0144stwowa Akademia Nauk Stosowanych\",\"publisher\":{\"@id\":\"https:\\\/\\\/pans.krosno.pl\\\/b\\\/#organization\"},\"potentialAction\":[{\"@type\":\"SearchAction\",\"target\":{\"@type\":\"EntryPoint\",\"urlTemplate\":\"https:\\\/\\\/pans.krosno.pl\\\/b\\\/?s={search_term_string}\"},\"query-input\":{\"@type\":\"PropertyValueSpecification\",\"valueRequired\":true,\"valueName\":\"search_term_string\"}}],\"inLanguage\":\"pl-PL\"},{\"@type\":\"Organization\",\"@id\":\"https:\\\/\\\/pans.krosno.pl\\\/b\\\/#organization\",\"name\":\"Budownictwo PANS w Kro\u015bnie\",\"url\":\"https:\\\/\\\/pans.krosno.pl\\\/b\\\/\",\"logo\":{\"@type\":\"ImageObject\",\"inLanguage\":\"pl-PL\",\"@id\":\"https:\\\/\\\/pans.krosno.pl\\\/b\\\/#\\\/schema\\\/logo\\\/image\\\/\",\"url\":\"https:\\\/\\\/pans.krosno.pl\\\/b\\\/wp-content\\\/uploads\\\/sites\\\/21\\\/2023\\\/01\\\/Logo-PANS-2022-pelne.png\",\"contentUrl\":\"https:\\\/\\\/pans.krosno.pl\\\/b\\\/wp-content\\\/uploads\\\/sites\\\/21\\\/2023\\\/01\\\/Logo-PANS-2022-pelne.png\",\"width\":3096,\"height\":696,\"caption\":\"Budownictwo PANS w Kro\u015bnie\"},\"image\":{\"@id\":\"https:\\\/\\\/pans.krosno.pl\\\/b\\\/#\\\/schema\\\/logo\\\/image\\\/\"}}]}<\/script>\n<!-- \/ Yoast SEO Premium plugin. -->","yoast_head_json":{"title":"Praktyki zawodowe - Budownictwo PANS w Kro\u015bnie","description":"Druk porozumienia w sprawie odbywania zawodowych praktyk studenckich od 2019r. (grupa)","robots":{"index":"index","follow":"follow","max-snippet":"max-snippet:-1","max-image-preview":"max-image-preview:large","max-video-preview":"max-video-preview:-1"},"canonical":"https:\/\/pans.krosno.pl\/b\/praktyki-zawodowe-2\/","og_locale":"pl_PL","og_type":"article","og_title":"Praktyki zawodowe","og_description":"Druk porozumienia w sprawie odbywania zawodowych praktyk studenckich od 2019r. (grupa)","og_url":"https:\/\/pans.krosno.pl\/b\/praktyki-zawodowe-2\/","og_site_name":"Budownictwo PANS w Kro\u015bnie","article_modified_time":"2025-05-19T15:37:15+00:00","twitter_card":"summary_large_image","twitter_misc":{"Szacowany czas czytania":"1 minuta"},"schema":{"@context":"https:\/\/schema.org","@graph":[{"@type":"WebPage","@id":"https:\/\/pans.krosno.pl\/b\/praktyki-zawodowe-2\/","url":"https:\/\/pans.krosno.pl\/b\/praktyki-zawodowe-2\/","name":"Praktyki zawodowe - Budownictwo PANS w Kro\u015bnie","isPartOf":{"@id":"https:\/\/pans.krosno.pl\/b\/#website"},"datePublished":"2020-01-17T10:52:27+00:00","dateModified":"2025-05-19T15:37:15+00:00","description":"Druk porozumienia w sprawie odbywania zawodowych praktyk studenckich od 2019r. (grupa)","breadcrumb":{"@id":"https:\/\/pans.krosno.pl\/b\/praktyki-zawodowe-2\/#breadcrumb"},"inLanguage":"pl-PL","potentialAction":[{"@type":"ReadAction","target":["https:\/\/pans.krosno.pl\/b\/praktyki-zawodowe-2\/"]}]},{"@type":"BreadcrumbList","@id":"https:\/\/pans.krosno.pl\/b\/praktyki-zawodowe-2\/#breadcrumb","itemListElement":[{"@type":"ListItem","position":1,"name":"Strona g\u0142\u00f3wna","item":"https:\/\/pans.krosno.pl\/b\/"},{"@type":"ListItem","position":2,"name":"Praktyki zawodowe"}]},{"@type":"WebSite","@id":"https:\/\/pans.krosno.pl\/b\/#website","url":"https:\/\/pans.krosno.pl\/b\/","name":"Budownictwo PANS w Kro\u015bnie","description":"Budownictwo - Pa\u0144stwowa Akademia Nauk Stosowanych","publisher":{"@id":"https:\/\/pans.krosno.pl\/b\/#organization"},"potentialAction":[{"@type":"SearchAction","target":{"@type":"EntryPoint","urlTemplate":"https:\/\/pans.krosno.pl\/b\/?s={search_term_string}"},"query-input":{"@type":"PropertyValueSpecification","valueRequired":true,"valueName":"search_term_string"}}],"inLanguage":"pl-PL"},{"@type":"Organization","@id":"https:\/\/pans.krosno.pl\/b\/#organization","name":"Budownictwo PANS w Kro\u015bnie","url":"https:\/\/pans.krosno.pl\/b\/","logo":{"@type":"ImageObject","inLanguage":"pl-PL","@id":"https:\/\/pans.krosno.pl\/b\/#\/schema\/logo\/image\/","url":"https:\/\/pans.krosno.pl\/b\/wp-content\/uploads\/sites\/21\/2023\/01\/Logo-PANS-2022-pelne.png","contentUrl":"https:\/\/pans.krosno.pl\/b\/wp-content\/uploads\/sites\/21\/2023\/01\/Logo-PANS-2022-pelne.png","width":3096,"height":696,"caption":"Budownictwo PANS w Kro\u015bnie"},"image":{"@id":"https:\/\/pans.krosno.pl\/b\/#\/schema\/logo\/image\/"}}]}},"_links":{"self":[{"href":"https:\/\/pans.krosno.pl\/b\/wp-json\/wp\/v2\/pages\/133","targetHints":{"allow":["GET"]}}],"collection":[{"href":"https:\/\/pans.krosno.pl\/b\/wp-json\/wp\/v2\/pages"}],"about":[{"href":"https:\/\/pans.krosno.pl\/b\/wp-json\/wp\/v2\/types\/page"}],"author":[{"embeddable":true,"href":"https:\/\/pans.krosno.pl\/b\/wp-json\/wp\/v2\/users\/1"}],"replies":[{"embeddable":true,"href":"https:\/\/pans.krosno.pl\/b\/wp-json\/wp\/v2\/comments?post=133"}],"version-history":[{"count":19,"href":"https:\/\/pans.krosno.pl\/b\/wp-json\/wp\/v2\/pages\/133\/revisions"}],"predecessor-version":[{"id":1736,"href":"https:\/\/pans.krosno.pl\/b\/wp-json\/wp\/v2\/pages\/133\/revisions\/1736"}],"wp:attachment":[{"href":"https:\/\/pans.krosno.pl\/b\/wp-json\/wp\/v2\/media?parent=133"}],"curies":[{"name":"wp","href":"https:\/\/api.w.org\/{rel}","templated":true}]}}