{"id":103,"date":"2019-12-21T12:29:42","date_gmt":"2019-12-21T11:29:42","guid":{"rendered":"https:\/\/pans.krosno.pl\/b\/?page_id=103"},"modified":"2026-03-25T09:56:22","modified_gmt":"2026-03-25T08:56:22","slug":"dyzury-pracownikow-2","status":"publish","type":"page","link":"https:\/\/pans.krosno.pl\/b\/dyzury-pracownikow-2\/","title":{"rendered":"Dy\u017cury Pracownik\u00f3w"},"content":{"rendered":"\n<h3 class=\"wp-block-heading\" id=\"h-semestr-letni-2025-2026\"><strong>Semestr letni 2025\/2026<\/strong><\/h3>\n\n\n\n<figure class=\"wp-block-table aligncenter is-style-stripes\"><table><tbody><tr><td>Nazwisko i Imi\u0119<\/td><td>Dzie\u0144<\/td><td>Godziny<\/td><td>Adres<\/td><\/tr><tr><td><a href=\"https:\/\/pans.krosno.pl\/pracownicy\/aleksander-kozlowski\/\" target=\"_blank\" rel=\"noreferrer noopener\"> <em>Prof. dr hab. in\u017c. A. Koz\u0142owski<\/em><\/a><\/td><td><em>Poniedzia\u0142ek (parzysty B)<\/em><\/td><td><em>11.30 &#8211; 12.30<\/em><\/td><td><em>DM B2 p. 24<\/em><\/td><\/tr><tr><td><a href=\"https:\/\/pans.krosno.pl\/pracownicy\/izabela-skrzypczak\/\" target=\"_blank\" rel=\"noreferrer noopener\"><em>Prof. ndzw. dr hab. in\u017c. I. Skrzypczak<\/em> <\/a><\/td><td><em>Wtorek<\/em> <em>(parzysty B)<\/em> <\/td><td><em>14.00 &#8211; 15.00<\/em><\/td><td><em>DM B2 p. 24<\/em><\/td><\/tr><tr><td><em><a href=\"https:\/\/pans.krosno.pl\/pracownicy\/bogumil-wrana\/\" target=\"_blank\" rel=\"noreferrer noopener\">Prof. dr hab. in\u017c. B. Wrana<\/a><\/em><\/td><td><\/td><td><\/td><td><\/td><\/tr><tr><td><a href=\"https:\/\/pans.krosno.pl\/pracownicy\/tomasz-pytlowany\/\" target=\"_blank\" rel=\"noreferrer noopener\"><em>Dr in\u017c. T. Pytlowany<\/em><\/a><\/td><td><em>Czwartek (nieparzysty A)<br>Sobota<\/em> <em>(nieparzysty A)<\/em><\/td><td><em>13.00 &#8211; 14.00<\/em><br><em>9.30 &#8211; 10.30<\/em><\/td><td><em>DM B2 p. 24<\/em><\/td><\/tr><tr><td><em><a href=\"https:\/\/pans.krosno.pl\/pracownicy\/marek-gransicki\/\" target=\"_blank\" rel=\"noreferrer noopener\">Dr in\u017c. arch. Marek Gransicki<\/a><\/em><\/td><td><em>Czwartek<\/em><\/td><td><em>15.00 &#8211; 16.00<\/em><\/td><td><em>DM B2 p. 24<\/em><\/td><\/tr><tr><td><a href=\"https:\/\/pans.krosno.pl\/pracownicy\/wojciech-radwanski\/\" target=\"_blank\" rel=\"noreferrer noopener\"><em>Dr in\u017c. Wojciech Radwa\u0144ski<\/em><\/a><\/td><td><em>Czwartek (parzysty B)<\/em><\/td><td><em>16.00 &#8211; 18.00<\/em><\/td><td><em>DM B2 p. 24<\/em><\/td><\/tr><tr><td><a href=\"https:\/\/pans.krosno.pl\/pracownicy\/zbigniew-kielbasa\/\" target=\"_blank\" rel=\"noreferrer noopener\"><em>Dr in\u017c.&nbsp;Z. Kie\u0142basa<\/em> <\/a><\/td><td><em>Pi\u0105tek (parzysty B)<\/em><\/td><td><em>14.00 &#8211; 15.00<\/em><\/td><td><em>DM B2 p. 24<\/em><\/td><\/tr><tr><td><em>Dr in\u017c. K. Piszczek<\/em> <\/td><td><em>Pi\u0105tek (parzysty B)<\/em><\/td><td><em>14.00 &#8211; 15.00<\/em><\/td><td><em>DM B2 p. 24<\/em><\/td><\/tr><tr><td><a href=\"https:\/\/pans.krosno.pl\/pracownicy\/krzysztof-topolski\/\" target=\"_blank\" rel=\"noreferrer noopener\"><em>Dr in\u017c. Krzysztof Topolski<\/em> <\/a><\/td><td><em>Poniedzia\u0142ek (nieparzysty A)<\/em><\/td><td><em>15.00 &#8211; 16.00<\/em><\/td><td><em>DM B2 p. 24<\/em><\/td><\/tr><tr><td> <em>Dr in\u017c. R. Zimka<\/em> <\/td><td><em>Wtorek<\/em> <em>(parzysty B)<\/em><\/td><td><em>16.00 &#8211; 17.00<\/em><\/td><td><em>DM B2 p. 24<\/em><\/td><\/tr><tr><td><em><a href=\"https:\/\/pans.krosno.pl\/pracownicy\/bartlomiej-czado\/\" target=\"_blank\" rel=\"noreferrer noopener\">Dr in\u017c. Bart\u0142omiej Czado<\/a><\/em><\/td><td><em>Wtorek<\/em> <em>(parzysty B)<\/em><\/td><td><em>16.00 &#8211; 17.00<\/em><\/td><td><em>DM B2 p. 24<\/em><\/td><\/tr><tr><td><em><a href=\"https:\/\/pans.krosno.pl\/pracownicy\/dariusz-len\/\" target=\"_blank\" rel=\"noreferrer noopener\">Dr in\u017c. Dariusz Le\u0144<\/a><\/em><\/td><td><em>Pi\u0105tek (<a href=\"https:\/\/pans.krosno.pl\/b\/wp-content\/uploads\/sites\/21\/2026\/03\/Konsultacje-w-semestrze-letnim-2025-D.-Len.pdf\">terminy konsultacji<\/a>)<br>Sobota (<a href=\"https:\/\/pans.krosno.pl\/b\/wp-content\/uploads\/sites\/21\/2026\/03\/Konsultacje-w-semestrze-letnim-2025-D.-Len.pdf\">terminy konsultacji<\/a>)<\/em><\/td><td><em><a href=\"https:\/\/pans.krosno.pl\/b\/wp-content\/uploads\/sites\/21\/2026\/03\/Konsultacje-w-semestrze-letnim-2025-D.-Len.pdf\">wg terminarza<\/a><br><a href=\"https:\/\/pans.krosno.pl\/b\/wp-content\/uploads\/sites\/21\/2026\/03\/Konsultacje-w-semestrze-letnim-2025-D.-Len.pdf\">wg terminarza<\/a><\/em><\/td><td><em>DM B2 p. 24<\/em><\/td><\/tr><\/tbody><\/table><\/figure>\n","protected":false},"excerpt":{"rendered":"<p>Semestr letni 2025\/2026 Nazwisko i Imi\u0119 Dzie\u0144 Godziny Adres Prof. dr hab. in\u017c. A. Koz\u0142owski Poniedzia\u0142ek (parzysty B) 11.30 &#8211; 12.30 DM B2 p. 24 Prof. ndzw. dr hab. in\u017c. I. Skrzypczak Wtorek (parzysty B) 14.00 &#8211; 15.00 DM B2 p. 24 Prof. dr hab. in\u017c. B. Wrana Dr in\u017c. [\u2026] <\/p>\n<div class=\"clear\"><\/div>\n<p><a class=\"more_link clearfix\" href=\"https:\/\/pans.krosno.pl\/b\/dyzury-pracownikow-2\/\" rel=\"nofollow\">Read More<\/a><\/p>\n","protected":false},"author":27,"featured_media":0,"parent":0,"menu_order":0,"comment_status":"closed","ping_status":"closed","template":"page-templates\/template-full-width.php","meta":{"ngg_post_thumbnail":0,"footnotes":""},"class_list":["post-103","page","type-page","status-publish","hentry"],"yoast_head":"<!-- This site is optimized with the Yoast SEO Premium plugin v27.3 (Yoast SEO v27.3) - https:\/\/yoast.com\/product\/yoast-seo-premium-wordpress\/ -->\n<title>Dy\u017cury Pracownik\u00f3w - Budownictwo PANS w Kro\u015bnie<\/title>\n<meta name=\"description\" content=\"KPU w Kro\u015bnie\" \/>\n<meta name=\"robots\" content=\"index, follow, max-snippet:-1, max-image-preview:large, max-video-preview:-1\" \/>\n<link rel=\"canonical\" href=\"https:\/\/pans.krosno.pl\/b\/dyzury-pracownikow-2\/\" \/>\n<meta property=\"og:locale\" content=\"pl_PL\" \/>\n<meta property=\"og:type\" content=\"article\" \/>\n<meta property=\"og:title\" content=\"Dy\u017cury Pracownik\u00f3w\" \/>\n<meta property=\"og:description\" content=\"KPU w Kro\u015bnie\" \/>\n<meta property=\"og:url\" content=\"https:\/\/pans.krosno.pl\/b\/dyzury-pracownikow-2\/\" \/>\n<meta property=\"og:site_name\" content=\"Budownictwo PANS w Kro\u015bnie\" \/>\n<meta property=\"article:modified_time\" content=\"2026-03-25T08:56:22+00:00\" \/>\n<meta name=\"twitter:card\" content=\"summary_large_image\" \/>\n<meta name=\"twitter:label1\" content=\"Szacowany czas czytania\" \/>\n\t<meta name=\"twitter:data1\" content=\"2 minuty\" \/>\n<script type=\"application\/ld+json\" class=\"yoast-schema-graph\">{\"@context\":\"https:\\\/\\\/schema.org\",\"@graph\":[{\"@type\":\"WebPage\",\"@id\":\"https:\\\/\\\/pans.krosno.pl\\\/b\\\/dyzury-pracownikow-2\\\/\",\"url\":\"https:\\\/\\\/pans.krosno.pl\\\/b\\\/dyzury-pracownikow-2\\\/\",\"name\":\"Dy\u017cury Pracownik\u00f3w - Budownictwo PANS w Kro\u015bnie\",\"isPartOf\":{\"@id\":\"https:\\\/\\\/pans.krosno.pl\\\/b\\\/#website\"},\"datePublished\":\"2019-12-21T11:29:42+00:00\",\"dateModified\":\"2026-03-25T08:56:22+00:00\",\"description\":\"KPU w Kro\u015bnie\",\"breadcrumb\":{\"@id\":\"https:\\\/\\\/pans.krosno.pl\\\/b\\\/dyzury-pracownikow-2\\\/#breadcrumb\"},\"inLanguage\":\"pl-PL\",\"potentialAction\":[{\"@type\":\"ReadAction\",\"target\":[\"https:\\\/\\\/pans.krosno.pl\\\/b\\\/dyzury-pracownikow-2\\\/\"]}]},{\"@type\":\"BreadcrumbList\",\"@id\":\"https:\\\/\\\/pans.krosno.pl\\\/b\\\/dyzury-pracownikow-2\\\/#breadcrumb\",\"itemListElement\":[{\"@type\":\"ListItem\",\"position\":1,\"name\":\"Strona g\u0142\u00f3wna\",\"item\":\"https:\\\/\\\/pans.krosno.pl\\\/b\\\/\"},{\"@type\":\"ListItem\",\"position\":2,\"name\":\"Dy\u017cury Pracownik\u00f3w\"}]},{\"@type\":\"WebSite\",\"@id\":\"https:\\\/\\\/pans.krosno.pl\\\/b\\\/#website\",\"url\":\"https:\\\/\\\/pans.krosno.pl\\\/b\\\/\",\"name\":\"Budownictwo PANS w Kro\u015bnie\",\"description\":\"Budownictwo - Pa\u0144stwowa Akademia Nauk Stosowanych\",\"publisher\":{\"@id\":\"https:\\\/\\\/pans.krosno.pl\\\/b\\\/#organization\"},\"potentialAction\":[{\"@type\":\"SearchAction\",\"target\":{\"@type\":\"EntryPoint\",\"urlTemplate\":\"https:\\\/\\\/pans.krosno.pl\\\/b\\\/?s={search_term_string}\"},\"query-input\":{\"@type\":\"PropertyValueSpecification\",\"valueRequired\":true,\"valueName\":\"search_term_string\"}}],\"inLanguage\":\"pl-PL\"},{\"@type\":\"Organization\",\"@id\":\"https:\\\/\\\/pans.krosno.pl\\\/b\\\/#organization\",\"name\":\"Budownictwo PANS w Kro\u015bnie\",\"url\":\"https:\\\/\\\/pans.krosno.pl\\\/b\\\/\",\"logo\":{\"@type\":\"ImageObject\",\"inLanguage\":\"pl-PL\",\"@id\":\"https:\\\/\\\/pans.krosno.pl\\\/b\\\/#\\\/schema\\\/logo\\\/image\\\/\",\"url\":\"https:\\\/\\\/pans.krosno.pl\\\/b\\\/wp-content\\\/uploads\\\/sites\\\/21\\\/2023\\\/01\\\/Logo-PANS-2022-pelne.png\",\"contentUrl\":\"https:\\\/\\\/pans.krosno.pl\\\/b\\\/wp-content\\\/uploads\\\/sites\\\/21\\\/2023\\\/01\\\/Logo-PANS-2022-pelne.png\",\"width\":3096,\"height\":696,\"caption\":\"Budownictwo PANS w Kro\u015bnie\"},\"image\":{\"@id\":\"https:\\\/\\\/pans.krosno.pl\\\/b\\\/#\\\/schema\\\/logo\\\/image\\\/\"}}]}<\/script>\n<!-- \/ Yoast SEO Premium plugin. -->","yoast_head_json":{"title":"Dy\u017cury Pracownik\u00f3w - Budownictwo PANS w Kro\u015bnie","description":"KPU w Kro\u015bnie","robots":{"index":"index","follow":"follow","max-snippet":"max-snippet:-1","max-image-preview":"max-image-preview:large","max-video-preview":"max-video-preview:-1"},"canonical":"https:\/\/pans.krosno.pl\/b\/dyzury-pracownikow-2\/","og_locale":"pl_PL","og_type":"article","og_title":"Dy\u017cury Pracownik\u00f3w","og_description":"KPU w Kro\u015bnie","og_url":"https:\/\/pans.krosno.pl\/b\/dyzury-pracownikow-2\/","og_site_name":"Budownictwo PANS w Kro\u015bnie","article_modified_time":"2026-03-25T08:56:22+00:00","twitter_card":"summary_large_image","twitter_misc":{"Szacowany czas czytania":"2 minuty"},"schema":{"@context":"https:\/\/schema.org","@graph":[{"@type":"WebPage","@id":"https:\/\/pans.krosno.pl\/b\/dyzury-pracownikow-2\/","url":"https:\/\/pans.krosno.pl\/b\/dyzury-pracownikow-2\/","name":"Dy\u017cury Pracownik\u00f3w - Budownictwo PANS w Kro\u015bnie","isPartOf":{"@id":"https:\/\/pans.krosno.pl\/b\/#website"},"datePublished":"2019-12-21T11:29:42+00:00","dateModified":"2026-03-25T08:56:22+00:00","description":"KPU w Kro\u015bnie","breadcrumb":{"@id":"https:\/\/pans.krosno.pl\/b\/dyzury-pracownikow-2\/#breadcrumb"},"inLanguage":"pl-PL","potentialAction":[{"@type":"ReadAction","target":["https:\/\/pans.krosno.pl\/b\/dyzury-pracownikow-2\/"]}]},{"@type":"BreadcrumbList","@id":"https:\/\/pans.krosno.pl\/b\/dyzury-pracownikow-2\/#breadcrumb","itemListElement":[{"@type":"ListItem","position":1,"name":"Strona g\u0142\u00f3wna","item":"https:\/\/pans.krosno.pl\/b\/"},{"@type":"ListItem","position":2,"name":"Dy\u017cury Pracownik\u00f3w"}]},{"@type":"WebSite","@id":"https:\/\/pans.krosno.pl\/b\/#website","url":"https:\/\/pans.krosno.pl\/b\/","name":"Budownictwo PANS w Kro\u015bnie","description":"Budownictwo - Pa\u0144stwowa Akademia Nauk Stosowanych","publisher":{"@id":"https:\/\/pans.krosno.pl\/b\/#organization"},"potentialAction":[{"@type":"SearchAction","target":{"@type":"EntryPoint","urlTemplate":"https:\/\/pans.krosno.pl\/b\/?s={search_term_string}"},"query-input":{"@type":"PropertyValueSpecification","valueRequired":true,"valueName":"search_term_string"}}],"inLanguage":"pl-PL"},{"@type":"Organization","@id":"https:\/\/pans.krosno.pl\/b\/#organization","name":"Budownictwo PANS w Kro\u015bnie","url":"https:\/\/pans.krosno.pl\/b\/","logo":{"@type":"ImageObject","inLanguage":"pl-PL","@id":"https:\/\/pans.krosno.pl\/b\/#\/schema\/logo\/image\/","url":"https:\/\/pans.krosno.pl\/b\/wp-content\/uploads\/sites\/21\/2023\/01\/Logo-PANS-2022-pelne.png","contentUrl":"https:\/\/pans.krosno.pl\/b\/wp-content\/uploads\/sites\/21\/2023\/01\/Logo-PANS-2022-pelne.png","width":3096,"height":696,"caption":"Budownictwo PANS w Kro\u015bnie"},"image":{"@id":"https:\/\/pans.krosno.pl\/b\/#\/schema\/logo\/image\/"}}]}},"_links":{"self":[{"href":"https:\/\/pans.krosno.pl\/b\/wp-json\/wp\/v2\/pages\/103","targetHints":{"allow":["GET"]}}],"collection":[{"href":"https:\/\/pans.krosno.pl\/b\/wp-json\/wp\/v2\/pages"}],"about":[{"href":"https:\/\/pans.krosno.pl\/b\/wp-json\/wp\/v2\/types\/page"}],"author":[{"embeddable":true,"href":"https:\/\/pans.krosno.pl\/b\/wp-json\/wp\/v2\/users\/27"}],"replies":[{"embeddable":true,"href":"https:\/\/pans.krosno.pl\/b\/wp-json\/wp\/v2\/comments?post=103"}],"version-history":[{"count":43,"href":"https:\/\/pans.krosno.pl\/b\/wp-json\/wp\/v2\/pages\/103\/revisions"}],"predecessor-version":[{"id":1912,"href":"https:\/\/pans.krosno.pl\/b\/wp-json\/wp\/v2\/pages\/103\/revisions\/1912"}],"wp:attachment":[{"href":"https:\/\/pans.krosno.pl\/b\/wp-json\/wp\/v2\/media?parent=103"}],"curies":[{"name":"wp","href":"https:\/\/api.w.org\/{rel}","templated":true}]}}