{"id":73,"date":"2020-04-10T17:42:23","date_gmt":"2020-04-10T15:42:23","guid":{"rendered":"https:\/\/pans.krosno.pl\/azs\/?page_id=73"},"modified":"2024-10-08T11:41:20","modified_gmt":"2024-10-08T09:41:20","slug":"legitymacja-azs","status":"publish","type":"page","link":"https:\/\/pans.krosno.pl\/azs\/legitymacja-azs\/","title":{"rendered":"Legitymacja AZS"},"content":{"rendered":"\n<p>Aby wyrobi\u0107 legitymacj\u0119 nale\u017cy:<\/p>\n\n\n\n<ul class=\"wp-block-list\">\n<li>wej\u015b\u0107 na stron\u0119 <a href=\"https:\/\/www.azs.pl\/legitymacja-isic?fbclid=IwZXh0bgNhZW0CMTAAAR1ebQsWlHyNMmJ0PFrLR9EYnQN9Sv_Kgn3GMu2kqWztM48pD2ZZgDKR-wE_aem_sSc-EA7ypfQJMPmm5MJQdw\" target=\"_blank\" rel=\"noreferrer noopener\">https:\/\/www.azs.pl\/legitymacja-isic<\/a><\/li>\n\n\n\n<li>wype\u0142ni\u0107 deklaracj\u0119 (dla nowych cz\u0142onk\u00f3w) lub zalogowa\u0107 si\u0119 by przed\u0142u\u017cy\u0107 wa\u017cno\u015b\u0107 legitymacji AZS<\/li>\n\n\n\n<li>poczekaj na akceptacj\u0119 cz\u0142onkostwa<\/li>\n\n\n\n<li>op\u0142a\u0107 sk\u0142adk\u0119<\/li>\n\n\n\n<li>po otrzymaniu maila z potwierdzeniem mo\u017cesz korzysta\u0107 z mo\u017cliwo\u015bci legitymacji \ud83d\ude42<\/li>\n<\/ul>\n\n\n\n<hr class=\"wp-block-separator has-alpha-channel-opacity\" \/>\n\n\n\n<p>Je\u015bli jeste\u015b studentem, to polecamy wybra\u0107 legitymacj\u0119 ISIC-AZS, gdy\u017c jest to jednocze\u015bnie:<\/p>\n\n\n\n<ul class=\"wp-block-list\">\n<li>mi\u0119dzynarodowa legitymacja studencka <img loading=\"lazy\" decoding=\"async\" height=\"16\" width=\"16\" src=\"https:\/\/static.xx.fbcdn.net\/images\/emoji.php\/v9\/tb2\/1\/16\/1f468_200d_1f393.png\" alt=\"\ud83d\udc68\u200d\ud83c\udf93\"><\/li>\n\n\n\n<li>dokument potwierdzaj\u0105cy cz\u0142onkostwo w Akademickim Zwi\u0105zku Zwi\u0105zku Sportowym uprawniaj\u0105cy do udzia\u0142u w zawodach, szkolenia, obozach <img loading=\"lazy\" decoding=\"async\" height=\"16\" width=\"16\" src=\"https:\/\/static.xx.fbcdn.net\/images\/emoji.php\/v9\/t7e\/1\/16\/26f7.png\" alt=\"\u26f7\"><\/li>\n\n\n\n<li>ubezpieczenia NNW<\/li>\n<\/ul>\n\n\n\n<hr class=\"wp-block-separator has-alpha-channel-opacity\" \/>\n\n\n\n<p>Koszt cz\u0142onkowska w AZS r\u00f3\u017cni si\u0119 w zale\u017cno\u015bci od wysoko\u015bci ubezpieczenia, a w roku akademickim 2024\/2025 stawki wygl\u0105daj\u0105 nast\u0119puj\u0105co:<\/p>\n\n\n\n<ul class=\"wp-block-list\">\n<li>60 z\u0142 &#8211; Standard &#8211; NNW w wysoko\u015bci 8 000 z\u0142<\/li>\n\n\n\n<li>120 z\u0142 &#8211; Komfort &#8211; NNW w wysoko\u015bci 25 000 z\u0142<\/li>\n\n\n\n<li>1100 z\u0142 &#8211; Sport &#8211; NNW w wysoko\u015bci 65 000 z\u0142<\/li>\n<\/ul>\n\n\n\n<p>Wyr\u00f3b legitymacj\u0119 kliknij: <a href=\"http:\/\/azs.pl\/organizacja\/legitymacje-czlonkostwo\">https:\/\/www.azs.pl\/legitymacja-azs<\/a><\/p>\n\n\n\n<figure class=\"wp-block-image aligncenter size-large is-resized\"><img loading=\"lazy\" decoding=\"async\" width=\"908\" height=\"1024\" src=\"https:\/\/pans.krosno.pl\/azs\/wp-content\/uploads\/sites\/47\/2024\/10\/grafika-legitymacja-azs-1-908x1024.jpg\" alt=\"\" class=\"wp-image-3749\" style=\"width:501px;height:auto\" srcset=\"https:\/\/pans.krosno.pl\/azs\/wp-content\/uploads\/sites\/47\/2024\/10\/grafika-legitymacja-azs-1-908x1024.jpg 908w, https:\/\/pans.krosno.pl\/azs\/wp-content\/uploads\/sites\/47\/2024\/10\/grafika-legitymacja-azs-1-266x300.jpg 266w, https:\/\/pans.krosno.pl\/azs\/wp-content\/uploads\/sites\/47\/2024\/10\/grafika-legitymacja-azs-1-768x866.jpg 768w, https:\/\/pans.krosno.pl\/azs\/wp-content\/uploads\/sites\/47\/2024\/10\/grafika-legitymacja-azs-1-800x902.jpg 800w, https:\/\/pans.krosno.pl\/azs\/wp-content\/uploads\/sites\/47\/2024\/10\/grafika-legitymacja-azs-1-580x654.jpg 580w, https:\/\/pans.krosno.pl\/azs\/wp-content\/uploads\/sites\/47\/2024\/10\/grafika-legitymacja-azs-1.jpg 1179w\" sizes=\"auto, (max-width: 908px) 100vw, 908px\" \/><\/figure>\n","protected":false},"excerpt":{"rendered":"<p>Aby wyrobi\u0107 legitymacj\u0119 nale\u017cy: Je\u015bli jeste\u015b studentem, to polecamy wybra\u0107 legitymacj\u0119 ISIC-AZS, gdy\u017c jest to jednocze\u015bnie: Koszt cz\u0142onkowska w AZS r\u00f3\u017cni si\u0119 w zale\u017cno\u015bci od wysoko\u015bci ubezpieczenia, a w roku akademickim 2024\/2025 stawki wygl\u0105daj\u0105 nast\u0119puj\u0105co: Wyr\u00f3b legitymacj\u0119 kliknij: https:\/\/www.azs.pl\/legitymacja-azs<\/p>\n","protected":false},"author":1,"featured_media":3747,"parent":0,"menu_order":0,"comment_status":"closed","ping_status":"closed","template":"page-templates\/template-full-width.php","meta":{"ngg_post_thumbnail":0,"footnotes":""},"class_list":["post-73","page","type-page","status-publish","has-post-thumbnail","hentry"],"yoast_head":"<!-- This site is optimized with the Yoast SEO Premium plugin v27.4 (Yoast SEO v27.4) - https:\/\/yoast.com\/product\/yoast-seo-premium-wordpress\/ -->\n<title>Legitymacja AZS - Sport, turystyka, AZS PANS w Kro\u015bnie<\/title>\n<meta name=\"robots\" content=\"index, follow, max-snippet:-1, max-image-preview:large, max-video-preview:-1\" \/>\n<link rel=\"canonical\" href=\"https:\/\/pans.krosno.pl\/azs\/legitymacja-azs\/\" \/>\n<meta property=\"og:locale\" content=\"pl_PL\" \/>\n<meta property=\"og:type\" content=\"article\" \/>\n<meta property=\"og:title\" content=\"Legitymacja AZS\" \/>\n<meta property=\"og:description\" content=\"Aby wyrobi\u0107 legitymacj\u0119 nale\u017cy: Je\u015bli jeste\u015b studentem, to polecamy wybra\u0107 legitymacj\u0119 ISIC-AZS, gdy\u017c jest to jednocze\u015bnie: Koszt cz\u0142onkowska w AZS r\u00f3\u017cni si\u0119 w zale\u017cno\u015bci od wysoko\u015bci ubezpieczenia, a w roku akademickim 2024\/2025 stawki wygl\u0105daj\u0105 nast\u0119puj\u0105co: Wyr\u00f3b legitymacj\u0119 kliknij: https:\/\/www.azs.pl\/legitymacja-azs\" \/>\n<meta property=\"og:url\" content=\"https:\/\/pans.krosno.pl\/azs\/legitymacja-azs\/\" \/>\n<meta property=\"og:site_name\" content=\"Sport, turystyka, AZS PANS w Kro\u015bnie\" \/>\n<meta property=\"article:modified_time\" content=\"2024-10-08T09:41:20+00:00\" \/>\n<meta property=\"og:image\" content=\"https:\/\/pans.krosno.pl\/azs\/wp-content\/uploads\/sites\/47\/2024\/10\/grafika-legitymacja-azs.jpg\" \/>\n\t<meta property=\"og:image:width\" content=\"1179\" \/>\n\t<meta property=\"og:image:height\" content=\"1330\" \/>\n\t<meta property=\"og:image:type\" content=\"image\/jpeg\" \/>\n<meta name=\"twitter:card\" content=\"summary_large_image\" \/>\n<meta name=\"twitter:label1\" content=\"Szacowany czas czytania\" \/>\n\t<meta name=\"twitter:data1\" content=\"2 minuty\" \/>\n<script type=\"application\/ld+json\" class=\"yoast-schema-graph\">{\"@context\":\"https:\\\/\\\/schema.org\",\"@graph\":[{\"@type\":\"WebPage\",\"@id\":\"https:\\\/\\\/pans.krosno.pl\\\/azs\\\/legitymacja-azs\\\/\",\"url\":\"https:\\\/\\\/pans.krosno.pl\\\/azs\\\/legitymacja-azs\\\/\",\"name\":\"Legitymacja AZS - Sport, turystyka, AZS PANS w Kro\u015bnie\",\"isPartOf\":{\"@id\":\"https:\\\/\\\/pans.krosno.pl\\\/azs\\\/#website\"},\"primaryImageOfPage\":{\"@id\":\"https:\\\/\\\/pans.krosno.pl\\\/azs\\\/legitymacja-azs\\\/#primaryimage\"},\"image\":{\"@id\":\"https:\\\/\\\/pans.krosno.pl\\\/azs\\\/legitymacja-azs\\\/#primaryimage\"},\"thumbnailUrl\":\"https:\\\/\\\/pans.krosno.pl\\\/azs\\\/wp-content\\\/uploads\\\/sites\\\/47\\\/2024\\\/10\\\/grafika-legitymacja-azs.jpg\",\"datePublished\":\"2020-04-10T15:42:23+00:00\",\"dateModified\":\"2024-10-08T09:41:20+00:00\",\"breadcrumb\":{\"@id\":\"https:\\\/\\\/pans.krosno.pl\\\/azs\\\/legitymacja-azs\\\/#breadcrumb\"},\"inLanguage\":\"pl-PL\",\"potentialAction\":[{\"@type\":\"ReadAction\",\"target\":[\"https:\\\/\\\/pans.krosno.pl\\\/azs\\\/legitymacja-azs\\\/\"]}]},{\"@type\":\"ImageObject\",\"inLanguage\":\"pl-PL\",\"@id\":\"https:\\\/\\\/pans.krosno.pl\\\/azs\\\/legitymacja-azs\\\/#primaryimage\",\"url\":\"https:\\\/\\\/pans.krosno.pl\\\/azs\\\/wp-content\\\/uploads\\\/sites\\\/47\\\/2024\\\/10\\\/grafika-legitymacja-azs.jpg\",\"contentUrl\":\"https:\\\/\\\/pans.krosno.pl\\\/azs\\\/wp-content\\\/uploads\\\/sites\\\/47\\\/2024\\\/10\\\/grafika-legitymacja-azs.jpg\",\"width\":1179,\"height\":1330},{\"@type\":\"BreadcrumbList\",\"@id\":\"https:\\\/\\\/pans.krosno.pl\\\/azs\\\/legitymacja-azs\\\/#breadcrumb\",\"itemListElement\":[{\"@type\":\"ListItem\",\"position\":1,\"name\":\"Strona g\u0142\u00f3wna\",\"item\":\"https:\\\/\\\/pans.krosno.pl\\\/azs\\\/\"},{\"@type\":\"ListItem\",\"position\":2,\"name\":\"Legitymacja AZS\"}]},{\"@type\":\"WebSite\",\"@id\":\"https:\\\/\\\/pans.krosno.pl\\\/azs\\\/#website\",\"url\":\"https:\\\/\\\/pans.krosno.pl\\\/azs\\\/\",\"name\":\"Sport, turystyka, AZS PANS w Kro\u015bnie\",\"description\":\"Sport, turystyka, AZS PANS - Pa\u0144stwowa Akademia Nauk Stosowanych\",\"publisher\":{\"@id\":\"https:\\\/\\\/pans.krosno.pl\\\/azs\\\/#organization\"},\"potentialAction\":[{\"@type\":\"SearchAction\",\"target\":{\"@type\":\"EntryPoint\",\"urlTemplate\":\"https:\\\/\\\/pans.krosno.pl\\\/azs\\\/?s={search_term_string}\"},\"query-input\":{\"@type\":\"PropertyValueSpecification\",\"valueRequired\":true,\"valueName\":\"search_term_string\"}}],\"inLanguage\":\"pl-PL\"},{\"@type\":\"Organization\",\"@id\":\"https:\\\/\\\/pans.krosno.pl\\\/azs\\\/#organization\",\"name\":\"Sport, turystyka, AZS PANS w Kro\u015bnie\",\"url\":\"https:\\\/\\\/pans.krosno.pl\\\/azs\\\/\",\"logo\":{\"@type\":\"ImageObject\",\"inLanguage\":\"pl-PL\",\"@id\":\"https:\\\/\\\/pans.krosno.pl\\\/azs\\\/#\\\/schema\\\/logo\\\/image\\\/\",\"url\":\"https:\\\/\\\/pans.krosno.pl\\\/azs\\\/wp-content\\\/uploads\\\/sites\\\/47\\\/2023\\\/01\\\/Logo-PANS-2022-pelne.png\",\"contentUrl\":\"https:\\\/\\\/pans.krosno.pl\\\/azs\\\/wp-content\\\/uploads\\\/sites\\\/47\\\/2023\\\/01\\\/Logo-PANS-2022-pelne.png\",\"width\":3096,\"height\":696,\"caption\":\"Sport, turystyka, AZS PANS w Kro\u015bnie\"},\"image\":{\"@id\":\"https:\\\/\\\/pans.krosno.pl\\\/azs\\\/#\\\/schema\\\/logo\\\/image\\\/\"}}]}<\/script>\n<!-- \/ Yoast SEO Premium plugin. -->","yoast_head_json":{"title":"Legitymacja AZS - Sport, turystyka, AZS PANS w Kro\u015bnie","robots":{"index":"index","follow":"follow","max-snippet":"max-snippet:-1","max-image-preview":"max-image-preview:large","max-video-preview":"max-video-preview:-1"},"canonical":"https:\/\/pans.krosno.pl\/azs\/legitymacja-azs\/","og_locale":"pl_PL","og_type":"article","og_title":"Legitymacja AZS","og_description":"Aby wyrobi\u0107 legitymacj\u0119 nale\u017cy: Je\u015bli jeste\u015b studentem, to polecamy wybra\u0107 legitymacj\u0119 ISIC-AZS, gdy\u017c jest to jednocze\u015bnie: Koszt cz\u0142onkowska w AZS r\u00f3\u017cni si\u0119 w zale\u017cno\u015bci od wysoko\u015bci ubezpieczenia, a w roku akademickim 2024\/2025 stawki wygl\u0105daj\u0105 nast\u0119puj\u0105co: Wyr\u00f3b legitymacj\u0119 kliknij: https:\/\/www.azs.pl\/legitymacja-azs","og_url":"https:\/\/pans.krosno.pl\/azs\/legitymacja-azs\/","og_site_name":"Sport, turystyka, AZS PANS w Kro\u015bnie","article_modified_time":"2024-10-08T09:41:20+00:00","og_image":[{"width":1179,"height":1330,"url":"https:\/\/pans.krosno.pl\/azs\/wp-content\/uploads\/sites\/47\/2024\/10\/grafika-legitymacja-azs.jpg","type":"image\/jpeg"}],"twitter_card":"summary_large_image","twitter_misc":{"Szacowany czas czytania":"2 minuty"},"schema":{"@context":"https:\/\/schema.org","@graph":[{"@type":"WebPage","@id":"https:\/\/pans.krosno.pl\/azs\/legitymacja-azs\/","url":"https:\/\/pans.krosno.pl\/azs\/legitymacja-azs\/","name":"Legitymacja AZS - Sport, turystyka, AZS PANS w Kro\u015bnie","isPartOf":{"@id":"https:\/\/pans.krosno.pl\/azs\/#website"},"primaryImageOfPage":{"@id":"https:\/\/pans.krosno.pl\/azs\/legitymacja-azs\/#primaryimage"},"image":{"@id":"https:\/\/pans.krosno.pl\/azs\/legitymacja-azs\/#primaryimage"},"thumbnailUrl":"https:\/\/pans.krosno.pl\/azs\/wp-content\/uploads\/sites\/47\/2024\/10\/grafika-legitymacja-azs.jpg","datePublished":"2020-04-10T15:42:23+00:00","dateModified":"2024-10-08T09:41:20+00:00","breadcrumb":{"@id":"https:\/\/pans.krosno.pl\/azs\/legitymacja-azs\/#breadcrumb"},"inLanguage":"pl-PL","potentialAction":[{"@type":"ReadAction","target":["https:\/\/pans.krosno.pl\/azs\/legitymacja-azs\/"]}]},{"@type":"ImageObject","inLanguage":"pl-PL","@id":"https:\/\/pans.krosno.pl\/azs\/legitymacja-azs\/#primaryimage","url":"https:\/\/pans.krosno.pl\/azs\/wp-content\/uploads\/sites\/47\/2024\/10\/grafika-legitymacja-azs.jpg","contentUrl":"https:\/\/pans.krosno.pl\/azs\/wp-content\/uploads\/sites\/47\/2024\/10\/grafika-legitymacja-azs.jpg","width":1179,"height":1330},{"@type":"BreadcrumbList","@id":"https:\/\/pans.krosno.pl\/azs\/legitymacja-azs\/#breadcrumb","itemListElement":[{"@type":"ListItem","position":1,"name":"Strona g\u0142\u00f3wna","item":"https:\/\/pans.krosno.pl\/azs\/"},{"@type":"ListItem","position":2,"name":"Legitymacja AZS"}]},{"@type":"WebSite","@id":"https:\/\/pans.krosno.pl\/azs\/#website","url":"https:\/\/pans.krosno.pl\/azs\/","name":"Sport, turystyka, AZS PANS w Kro\u015bnie","description":"Sport, turystyka, AZS PANS - Pa\u0144stwowa Akademia Nauk Stosowanych","publisher":{"@id":"https:\/\/pans.krosno.pl\/azs\/#organization"},"potentialAction":[{"@type":"SearchAction","target":{"@type":"EntryPoint","urlTemplate":"https:\/\/pans.krosno.pl\/azs\/?s={search_term_string}"},"query-input":{"@type":"PropertyValueSpecification","valueRequired":true,"valueName":"search_term_string"}}],"inLanguage":"pl-PL"},{"@type":"Organization","@id":"https:\/\/pans.krosno.pl\/azs\/#organization","name":"Sport, turystyka, AZS PANS w Kro\u015bnie","url":"https:\/\/pans.krosno.pl\/azs\/","logo":{"@type":"ImageObject","inLanguage":"pl-PL","@id":"https:\/\/pans.krosno.pl\/azs\/#\/schema\/logo\/image\/","url":"https:\/\/pans.krosno.pl\/azs\/wp-content\/uploads\/sites\/47\/2023\/01\/Logo-PANS-2022-pelne.png","contentUrl":"https:\/\/pans.krosno.pl\/azs\/wp-content\/uploads\/sites\/47\/2023\/01\/Logo-PANS-2022-pelne.png","width":3096,"height":696,"caption":"Sport, turystyka, AZS PANS w Kro\u015bnie"},"image":{"@id":"https:\/\/pans.krosno.pl\/azs\/#\/schema\/logo\/image\/"}}]}},"_links":{"self":[{"href":"https:\/\/pans.krosno.pl\/azs\/wp-json\/wp\/v2\/pages\/73","targetHints":{"allow":["GET"]}}],"collection":[{"href":"https:\/\/pans.krosno.pl\/azs\/wp-json\/wp\/v2\/pages"}],"about":[{"href":"https:\/\/pans.krosno.pl\/azs\/wp-json\/wp\/v2\/types\/page"}],"author":[{"embeddable":true,"href":"https:\/\/pans.krosno.pl\/azs\/wp-json\/wp\/v2\/users\/1"}],"replies":[{"embeddable":true,"href":"https:\/\/pans.krosno.pl\/azs\/wp-json\/wp\/v2\/comments?post=73"}],"version-history":[{"count":7,"href":"https:\/\/pans.krosno.pl\/azs\/wp-json\/wp\/v2\/pages\/73\/revisions"}],"predecessor-version":[{"id":3756,"href":"https:\/\/pans.krosno.pl\/azs\/wp-json\/wp\/v2\/pages\/73\/revisions\/3756"}],"wp:featuredmedia":[{"embeddable":true,"href":"https:\/\/pans.krosno.pl\/azs\/wp-json\/wp\/v2\/media\/3747"}],"wp:attachment":[{"href":"https:\/\/pans.krosno.pl\/azs\/wp-json\/wp\/v2\/media?parent=73"}],"curies":[{"name":"wp","href":"https:\/\/api.w.org\/{rel}","templated":true}]}}