{"id":2918,"date":"2022-02-02T13:59:22","date_gmt":"2022-02-02T12:59:22","guid":{"rendered":"https:\/\/pans.krosno.pl\/azs\/?page_id=2918"},"modified":"2022-02-18T12:00:16","modified_gmt":"2022-02-18T11:00:16","slug":"puchar-prezydenta-miasta-krosna-w-narciarstwie-alpejskim","status":"publish","type":"page","link":"https:\/\/pans.krosno.pl\/azs\/puchar-prezydenta-miasta-krosna-w-narciarstwie-alpejskim\/","title":{"rendered":"Narciarstwo Alpejskie"},"content":{"rendered":"\n<p class=\"has-text-align-center\" style=\"font-size:25px\"><strong>Puchar Prezydenta Miasta Krosna<br>w Narciarstwie Alpejskim<\/strong><\/p>\n\n\n\n<p>Startuj\u0105 zapisy&nbsp;na zawody w Narciarstwie Alpejskim!<\/p>\n\n\n\n<p>Mistrzostwa odb\u0119d\u0105 si\u0119 w kategoriach indywidualnej i rodzinnej.<\/p>\n\n\n\n<p>Zapisy na zawody odbywaj\u0105 si\u0119 w formie elektronicznej w terminie od 31 stycznia do 10 lutego 2022 roku. <\/p>\n\n\n\n<p>Zapisy do kategorii rodzinnej w biurze zawod\u00f3w na stoku!<\/p>\n\n\n\n<p><a href=\"https:\/\/ankiety.pwsz.krosno.pl\/index.php?r=survey\/index&amp;sid=578193&amp;lang=pl\"><strong>Link do formularza rejestracyjnego <\/strong><\/a><a href=\"https:\/\/pans.krosno.pl\/azs\/bieg-wosp\/?fbclid=IwAR1swUfty4OkfO8teG_q1QD7N_KdAV9Cdy3iUTjNGVRDXDM8HiGDJCIAGHk\" target=\"_blank\" rel=\"noreferrer noopener\"><\/a><\/p>\n\n\n\n<div class=\"wp-block-file\"><a href=\"https:\/\/pans.krosno.pl\/azs\/wp-content\/uploads\/sites\/47\/2022\/02\/regulamin.pdf\">Regulamin<\/a><a href=\"https:\/\/pans.krosno.pl\/azs\/wp-content\/uploads\/sites\/47\/2022\/02\/regulamin.pdf\" class=\"wp-block-file__button\" download>Pobierz<\/a><\/div>\n\n\n\n<figure class=\"wp-block-image size-full\"><img loading=\"lazy\" decoding=\"async\" width=\"940\" height=\"788\" src=\"https:\/\/pans.krosno.pl\/azs\/wp-content\/uploads\/sites\/47\/2022\/02\/odwolane1.png\" alt=\"\" class=\"wp-image-2953\" srcset=\"https:\/\/pans.krosno.pl\/azs\/wp-content\/uploads\/sites\/47\/2022\/02\/odwolane1.png 940w, https:\/\/pans.krosno.pl\/azs\/wp-content\/uploads\/sites\/47\/2022\/02\/odwolane1-300x251.png 300w, https:\/\/pans.krosno.pl\/azs\/wp-content\/uploads\/sites\/47\/2022\/02\/odwolane1-768x644.png 768w, https:\/\/pans.krosno.pl\/azs\/wp-content\/uploads\/sites\/47\/2022\/02\/odwolane1-800x671.png 800w, https:\/\/pans.krosno.pl\/azs\/wp-content\/uploads\/sites\/47\/2022\/02\/odwolane1-580x486.png 580w\" sizes=\"auto, (max-width: 940px) 100vw, 940px\" \/><\/figure>\n","protected":false},"excerpt":{"rendered":"<p>Puchar Prezydenta Miasta Krosnaw Narciarstwie Alpejskim Startuj\u0105 zapisy&nbsp;na zawody w Narciarstwie Alpejskim! Mistrzostwa odb\u0119d\u0105 si\u0119 w kategoriach indywidualnej i rodzinnej. Zapisy na zawody odbywaj\u0105 si\u0119 w formie elektronicznej w terminie od 31 stycznia do 10 lutego 2022 roku. Zapisy do kategorii rodzinnej w biurze zawod\u00f3w na stoku! Link do formularza [\u2026] <\/p>\n<div class=\"clear\"><\/div>\n<p><a class=\"more_link clearfix\" href=\"https:\/\/pans.krosno.pl\/azs\/puchar-prezydenta-miasta-krosna-w-narciarstwie-alpejskim\/\" rel=\"nofollow\">Read More<\/a><\/p>\n","protected":false},"author":27,"featured_media":0,"parent":0,"menu_order":0,"comment_status":"closed","ping_status":"closed","template":"page-templates\/template-full-width.php","meta":{"ngg_post_thumbnail":0,"footnotes":""},"class_list":["post-2918","page","type-page","status-publish","hentry"],"yoast_head":"<!-- This site is optimized with the Yoast SEO Premium plugin v27.3 (Yoast SEO v27.3) - https:\/\/yoast.com\/product\/yoast-seo-premium-wordpress\/ -->\n<title>Narciarstwo Alpejskie - Sport, turystyka, AZS PANS w Kro\u015bnie<\/title>\n<meta name=\"robots\" content=\"index, follow, max-snippet:-1, max-image-preview:large, max-video-preview:-1\" \/>\n<link rel=\"canonical\" href=\"https:\/\/pans.krosno.pl\/azs\/puchar-prezydenta-miasta-krosna-w-narciarstwie-alpejskim\/\" \/>\n<meta property=\"og:locale\" content=\"pl_PL\" \/>\n<meta property=\"og:type\" content=\"article\" \/>\n<meta property=\"og:title\" content=\"Narciarstwo Alpejskie\" \/>\n<meta property=\"og:description\" content=\"Puchar Prezydenta Miasta Krosnaw Narciarstwie Alpejskim Startuj\u0105 zapisy&nbsp;na zawody w Narciarstwie Alpejskim! Mistrzostwa odb\u0119d\u0105 si\u0119 w kategoriach indywidualnej i rodzinnej. Zapisy na zawody odbywaj\u0105 si\u0119 w formie elektronicznej w terminie od 31 stycznia do 10 lutego 2022 roku. Zapisy do kategorii rodzinnej w biurze zawod\u00f3w na stoku! Link do formularza [\u2026] Read More\" \/>\n<meta property=\"og:url\" content=\"https:\/\/pans.krosno.pl\/azs\/puchar-prezydenta-miasta-krosna-w-narciarstwie-alpejskim\/\" \/>\n<meta property=\"og:site_name\" content=\"Sport, turystyka, AZS PANS w Kro\u015bnie\" \/>\n<meta property=\"article:modified_time\" content=\"2022-02-18T11:00:16+00:00\" \/>\n<meta property=\"og:image\" content=\"https:\/\/pans.krosno.pl\/azs\/wp-content\/uploads\/sites\/47\/2022\/02\/odwolane1.png\" \/>\n<meta name=\"twitter:card\" content=\"summary_large_image\" \/>\n<meta name=\"twitter:label1\" content=\"Szacowany czas czytania\" \/>\n\t<meta name=\"twitter:data1\" content=\"1 minuta\" \/>\n<script type=\"application\/ld+json\" class=\"yoast-schema-graph\">{\"@context\":\"https:\\\/\\\/schema.org\",\"@graph\":[{\"@type\":\"WebPage\",\"@id\":\"https:\\\/\\\/pans.krosno.pl\\\/azs\\\/puchar-prezydenta-miasta-krosna-w-narciarstwie-alpejskim\\\/\",\"url\":\"https:\\\/\\\/pans.krosno.pl\\\/azs\\\/puchar-prezydenta-miasta-krosna-w-narciarstwie-alpejskim\\\/\",\"name\":\"Narciarstwo Alpejskie - Sport, turystyka, AZS PANS w Kro\u015bnie\",\"isPartOf\":{\"@id\":\"https:\\\/\\\/pans.krosno.pl\\\/azs\\\/#website\"},\"primaryImageOfPage\":{\"@id\":\"https:\\\/\\\/pans.krosno.pl\\\/azs\\\/puchar-prezydenta-miasta-krosna-w-narciarstwie-alpejskim\\\/#primaryimage\"},\"image\":{\"@id\":\"https:\\\/\\\/pans.krosno.pl\\\/azs\\\/puchar-prezydenta-miasta-krosna-w-narciarstwie-alpejskim\\\/#primaryimage\"},\"thumbnailUrl\":\"https:\\\/\\\/pans.krosno.pl\\\/azs\\\/wp-content\\\/uploads\\\/sites\\\/47\\\/2022\\\/02\\\/odwolane1.png\",\"datePublished\":\"2022-02-02T12:59:22+00:00\",\"dateModified\":\"2022-02-18T11:00:16+00:00\",\"breadcrumb\":{\"@id\":\"https:\\\/\\\/pans.krosno.pl\\\/azs\\\/puchar-prezydenta-miasta-krosna-w-narciarstwie-alpejskim\\\/#breadcrumb\"},\"inLanguage\":\"pl-PL\",\"potentialAction\":[{\"@type\":\"ReadAction\",\"target\":[\"https:\\\/\\\/pans.krosno.pl\\\/azs\\\/puchar-prezydenta-miasta-krosna-w-narciarstwie-alpejskim\\\/\"]}]},{\"@type\":\"ImageObject\",\"inLanguage\":\"pl-PL\",\"@id\":\"https:\\\/\\\/pans.krosno.pl\\\/azs\\\/puchar-prezydenta-miasta-krosna-w-narciarstwie-alpejskim\\\/#primaryimage\",\"url\":\"https:\\\/\\\/pans.krosno.pl\\\/azs\\\/wp-content\\\/uploads\\\/sites\\\/47\\\/2022\\\/02\\\/odwolane1.png\",\"contentUrl\":\"https:\\\/\\\/pans.krosno.pl\\\/azs\\\/wp-content\\\/uploads\\\/sites\\\/47\\\/2022\\\/02\\\/odwolane1.png\",\"width\":940,\"height\":788},{\"@type\":\"BreadcrumbList\",\"@id\":\"https:\\\/\\\/pans.krosno.pl\\\/azs\\\/puchar-prezydenta-miasta-krosna-w-narciarstwie-alpejskim\\\/#breadcrumb\",\"itemListElement\":[{\"@type\":\"ListItem\",\"position\":1,\"name\":\"Strona g\u0142\u00f3wna\",\"item\":\"https:\\\/\\\/pans.krosno.pl\\\/azs\\\/\"},{\"@type\":\"ListItem\",\"position\":2,\"name\":\"Narciarstwo Alpejskie\"}]},{\"@type\":\"WebSite\",\"@id\":\"https:\\\/\\\/pans.krosno.pl\\\/azs\\\/#website\",\"url\":\"https:\\\/\\\/pans.krosno.pl\\\/azs\\\/\",\"name\":\"Sport, turystyka, AZS PANS w Kro\u015bnie\",\"description\":\"Sport, turystyka, AZS PANS - Pa\u0144stwowa Akademia Nauk Stosowanych\",\"publisher\":{\"@id\":\"https:\\\/\\\/pans.krosno.pl\\\/azs\\\/#organization\"},\"potentialAction\":[{\"@type\":\"SearchAction\",\"target\":{\"@type\":\"EntryPoint\",\"urlTemplate\":\"https:\\\/\\\/pans.krosno.pl\\\/azs\\\/?s={search_term_string}\"},\"query-input\":{\"@type\":\"PropertyValueSpecification\",\"valueRequired\":true,\"valueName\":\"search_term_string\"}}],\"inLanguage\":\"pl-PL\"},{\"@type\":\"Organization\",\"@id\":\"https:\\\/\\\/pans.krosno.pl\\\/azs\\\/#organization\",\"name\":\"Sport, turystyka, AZS PANS w Kro\u015bnie\",\"url\":\"https:\\\/\\\/pans.krosno.pl\\\/azs\\\/\",\"logo\":{\"@type\":\"ImageObject\",\"inLanguage\":\"pl-PL\",\"@id\":\"https:\\\/\\\/pans.krosno.pl\\\/azs\\\/#\\\/schema\\\/logo\\\/image\\\/\",\"url\":\"https:\\\/\\\/pans.krosno.pl\\\/azs\\\/wp-content\\\/uploads\\\/sites\\\/47\\\/2023\\\/01\\\/Logo-PANS-2022-pelne.png\",\"contentUrl\":\"https:\\\/\\\/pans.krosno.pl\\\/azs\\\/wp-content\\\/uploads\\\/sites\\\/47\\\/2023\\\/01\\\/Logo-PANS-2022-pelne.png\",\"width\":3096,\"height\":696,\"caption\":\"Sport, turystyka, AZS PANS w Kro\u015bnie\"},\"image\":{\"@id\":\"https:\\\/\\\/pans.krosno.pl\\\/azs\\\/#\\\/schema\\\/logo\\\/image\\\/\"}}]}<\/script>\n<!-- \/ Yoast SEO Premium plugin. -->","yoast_head_json":{"title":"Narciarstwo Alpejskie - Sport, turystyka, AZS PANS w Kro\u015bnie","robots":{"index":"index","follow":"follow","max-snippet":"max-snippet:-1","max-image-preview":"max-image-preview:large","max-video-preview":"max-video-preview:-1"},"canonical":"https:\/\/pans.krosno.pl\/azs\/puchar-prezydenta-miasta-krosna-w-narciarstwie-alpejskim\/","og_locale":"pl_PL","og_type":"article","og_title":"Narciarstwo Alpejskie","og_description":"Puchar Prezydenta Miasta Krosnaw Narciarstwie Alpejskim Startuj\u0105 zapisy&nbsp;na zawody w Narciarstwie Alpejskim! Mistrzostwa odb\u0119d\u0105 si\u0119 w kategoriach indywidualnej i rodzinnej. Zapisy na zawody odbywaj\u0105 si\u0119 w formie elektronicznej w terminie od 31 stycznia do 10 lutego 2022 roku. Zapisy do kategorii rodzinnej w biurze zawod\u00f3w na stoku! Link do formularza [\u2026] Read More","og_url":"https:\/\/pans.krosno.pl\/azs\/puchar-prezydenta-miasta-krosna-w-narciarstwie-alpejskim\/","og_site_name":"Sport, turystyka, AZS PANS w Kro\u015bnie","article_modified_time":"2022-02-18T11:00:16+00:00","og_image":[{"url":"https:\/\/pans.krosno.pl\/azs\/wp-content\/uploads\/sites\/47\/2022\/02\/odwolane1.png","type":"","width":"","height":""}],"twitter_card":"summary_large_image","twitter_misc":{"Szacowany czas czytania":"1 minuta"},"schema":{"@context":"https:\/\/schema.org","@graph":[{"@type":"WebPage","@id":"https:\/\/pans.krosno.pl\/azs\/puchar-prezydenta-miasta-krosna-w-narciarstwie-alpejskim\/","url":"https:\/\/pans.krosno.pl\/azs\/puchar-prezydenta-miasta-krosna-w-narciarstwie-alpejskim\/","name":"Narciarstwo Alpejskie - Sport, turystyka, AZS PANS w Kro\u015bnie","isPartOf":{"@id":"https:\/\/pans.krosno.pl\/azs\/#website"},"primaryImageOfPage":{"@id":"https:\/\/pans.krosno.pl\/azs\/puchar-prezydenta-miasta-krosna-w-narciarstwie-alpejskim\/#primaryimage"},"image":{"@id":"https:\/\/pans.krosno.pl\/azs\/puchar-prezydenta-miasta-krosna-w-narciarstwie-alpejskim\/#primaryimage"},"thumbnailUrl":"https:\/\/pans.krosno.pl\/azs\/wp-content\/uploads\/sites\/47\/2022\/02\/odwolane1.png","datePublished":"2022-02-02T12:59:22+00:00","dateModified":"2022-02-18T11:00:16+00:00","breadcrumb":{"@id":"https:\/\/pans.krosno.pl\/azs\/puchar-prezydenta-miasta-krosna-w-narciarstwie-alpejskim\/#breadcrumb"},"inLanguage":"pl-PL","potentialAction":[{"@type":"ReadAction","target":["https:\/\/pans.krosno.pl\/azs\/puchar-prezydenta-miasta-krosna-w-narciarstwie-alpejskim\/"]}]},{"@type":"ImageObject","inLanguage":"pl-PL","@id":"https:\/\/pans.krosno.pl\/azs\/puchar-prezydenta-miasta-krosna-w-narciarstwie-alpejskim\/#primaryimage","url":"https:\/\/pans.krosno.pl\/azs\/wp-content\/uploads\/sites\/47\/2022\/02\/odwolane1.png","contentUrl":"https:\/\/pans.krosno.pl\/azs\/wp-content\/uploads\/sites\/47\/2022\/02\/odwolane1.png","width":940,"height":788},{"@type":"BreadcrumbList","@id":"https:\/\/pans.krosno.pl\/azs\/puchar-prezydenta-miasta-krosna-w-narciarstwie-alpejskim\/#breadcrumb","itemListElement":[{"@type":"ListItem","position":1,"name":"Strona g\u0142\u00f3wna","item":"https:\/\/pans.krosno.pl\/azs\/"},{"@type":"ListItem","position":2,"name":"Narciarstwo Alpejskie"}]},{"@type":"WebSite","@id":"https:\/\/pans.krosno.pl\/azs\/#website","url":"https:\/\/pans.krosno.pl\/azs\/","name":"Sport, turystyka, AZS PANS w Kro\u015bnie","description":"Sport, turystyka, AZS PANS - Pa\u0144stwowa Akademia Nauk Stosowanych","publisher":{"@id":"https:\/\/pans.krosno.pl\/azs\/#organization"},"potentialAction":[{"@type":"SearchAction","target":{"@type":"EntryPoint","urlTemplate":"https:\/\/pans.krosno.pl\/azs\/?s={search_term_string}"},"query-input":{"@type":"PropertyValueSpecification","valueRequired":true,"valueName":"search_term_string"}}],"inLanguage":"pl-PL"},{"@type":"Organization","@id":"https:\/\/pans.krosno.pl\/azs\/#organization","name":"Sport, turystyka, AZS PANS w Kro\u015bnie","url":"https:\/\/pans.krosno.pl\/azs\/","logo":{"@type":"ImageObject","inLanguage":"pl-PL","@id":"https:\/\/pans.krosno.pl\/azs\/#\/schema\/logo\/image\/","url":"https:\/\/pans.krosno.pl\/azs\/wp-content\/uploads\/sites\/47\/2023\/01\/Logo-PANS-2022-pelne.png","contentUrl":"https:\/\/pans.krosno.pl\/azs\/wp-content\/uploads\/sites\/47\/2023\/01\/Logo-PANS-2022-pelne.png","width":3096,"height":696,"caption":"Sport, turystyka, AZS PANS w Kro\u015bnie"},"image":{"@id":"https:\/\/pans.krosno.pl\/azs\/#\/schema\/logo\/image\/"}}]}},"_links":{"self":[{"href":"https:\/\/pans.krosno.pl\/azs\/wp-json\/wp\/v2\/pages\/2918","targetHints":{"allow":["GET"]}}],"collection":[{"href":"https:\/\/pans.krosno.pl\/azs\/wp-json\/wp\/v2\/pages"}],"about":[{"href":"https:\/\/pans.krosno.pl\/azs\/wp-json\/wp\/v2\/types\/page"}],"author":[{"embeddable":true,"href":"https:\/\/pans.krosno.pl\/azs\/wp-json\/wp\/v2\/users\/27"}],"replies":[{"embeddable":true,"href":"https:\/\/pans.krosno.pl\/azs\/wp-json\/wp\/v2\/comments?post=2918"}],"version-history":[{"count":5,"href":"https:\/\/pans.krosno.pl\/azs\/wp-json\/wp\/v2\/pages\/2918\/revisions"}],"predecessor-version":[{"id":2955,"href":"https:\/\/pans.krosno.pl\/azs\/wp-json\/wp\/v2\/pages\/2918\/revisions\/2955"}],"wp:attachment":[{"href":"https:\/\/pans.krosno.pl\/azs\/wp-json\/wp\/v2\/media?parent=2918"}],"curies":[{"name":"wp","href":"https:\/\/api.w.org\/{rel}","templated":true}]}}