{"id":29,"date":"2020-04-10T17:32:23","date_gmt":"2020-04-10T15:32:23","guid":{"rendered":"https:\/\/pans.krosno.pl\/azs\/?page_id=29"},"modified":"2023-02-06T10:12:19","modified_gmt":"2023-02-06T09:12:19","slug":"regulamin-biegu-tropem-wilczym","status":"publish","type":"page","link":"https:\/\/pans.krosno.pl\/azs\/bieg-tropem-wilczym\/regulamin-biegu-tropem-wilczym\/","title":{"rendered":"Regulamin biegu Tropem Wilczym"},"content":{"rendered":"\n<p><strong>REGULAMIN<\/strong><\/p>\n\n\n\n<p><strong>IV Bieg Pami\u0119ci \u017bo\u0142nierzy Wykl\u0119tych \u201eTropem Wilczym\u201d<\/strong><\/p>\n\n\n\n<p><strong>5 marca 2023 roku, kro\u015bnie\u0144ski Rynek<\/strong><\/p>\n\n\n\n<p><strong>I. CEL<\/strong><\/p>\n\n\n\n<ol class=\"wp-block-list\" type=\"1\">\n<li>Upami\u0119tnienie Dnia \u017bo\u0142nierzy Wykl\u0119tych.<\/li>\n\n\n\n<li>Popularyzacja wiedzy i tre\u015bci historycznych na temat \u017bo\u0142nierzy Wykl\u0119tych.<\/li>\n\n\n\n<li>Promowanie biegania i zdrowego stylu \u017cycia.<\/li>\n<\/ol>\n\n\n\n<p><strong>II. ORGANIZATOR<\/strong><br>Pa\u0144stwowa Akademia Nauk Stosowanych&nbsp; w Kro\u015bnie<\/p>\n\n\n\n<p>Rynek 1, 38-400 Krosno<\/p>\n\n\n\n<p>Wsp\u00f3\u0142organizatorzy:<\/p>\n\n\n\n<p>Klub Uczelniany Akademickiego Zwi\u0105zku Sportowego PANS w Kro\u015bnie<\/p>\n\n\n\n<p><strong>III. KONTAKT<\/strong><br><br><\/p>\n\n\n\n<p>Organizator Biegu: Grzegorz Sobolewski, e-mail: grzegorz.sobolewski@pans.krosno.pl<\/p>\n\n\n\n<p>Strona internetowa biegu: <a href=\"https:\/\/pans.krosno.pl\/azs\/bieg-tropem-wilczym\/\">https:\/\/pans.krosno.pl\/azs\/bieg-tropem-wilczym\/<\/a><\/p>\n\n\n\n<p><strong>IV. TERMIN I MIEJSCE<\/strong><\/p>\n\n\n\n<ol class=\"wp-block-list\" type=\"1\">\n<li>Bieg odb\u0119dzie si\u0119 dnia 5.03.2023 r.<br>\u2013 start o godzinie 12:00<br>\u2013 bieg symboliczny na dystansie 1963 m<\/li>\n\n\n\n<li>Start i meta: kro\u015bnie\u0144ski Rynek<\/li>\n\n\n\n<li>Biuro zawod\u00f3w: Rektorat PANS w Kro\u015bnie, Rynek 1, 38-400 Krosno<\/li>\n\n\n\n<li>Biuro zawod\u00f3w czynne w dniu zawod\u00f3w w godzinach od 10.30 do 11.45<\/li>\n<\/ol>\n\n\n\n<p><strong>V. TRASA BIEGU<\/strong><\/p>\n\n\n\n<ol class=\"wp-block-list\" type=\"1\">\n<li>Symboliczny bieg na <strong>1963 m<\/strong>.<\/li>\n\n\n\n<li>Trasa p\u0142aska<\/li>\n\n\n\n<li>Nawierzchnia brukowa, asfaltowa.<\/li>\n\n\n\n<li>Pozostawanie na trasie biegu po up\u0142ywie wyznaczonego czasu jak r\u00f3wnie\u017c nie stosowanie si\u0119 do decyzji s\u0119dzi\u00f3w przenosi na uczestnik\u00f3w odpowiedzialno\u015b\u0107 stosownie do obowi\u0105zuj\u0105cych przepis\u00f3w ruchu drogowego oraz Kodeksu Cywilnego.<\/li>\n\n\n\n<li>Przebieg trasy:<\/li>\n<\/ol>\n\n\n\n<p><strong>VI. KLASYFIKACJA<\/strong><\/p>\n\n\n\n<ol class=\"wp-block-list\" type=\"1\">\n<li>Bieg nie jest form\u0105 rywalizacji, a tras\u0119 Biegu mo\u017cna pokona\u0107 stosuj\u0105c dowoln\u0105 form\u0119 ruchu (sprint, marszobieg, spacer, nordic walking).<\/li>\n\n\n\n<li>W Biegu mog\u0105 wzi\u0105\u0107 udzia\u0142 wszyscy ch\u0119tni niezale\u017cnie od wieku.<\/li>\n\n\n\n<li>Warunkiem dopuszczenia uczestnika do Biegu b\u0119dzie wype\u0142nienie i podpisanie kwestionariusza zg\u0142oszeniowego uczestnika Biegu wraz z podpisanym o\u015bwiadczeniem o braku przeciwwskaza\u0144 zdrowotnych do uczestnictwa w Biegu. W przypadku os\u00f3b niepe\u0142noletnich, kwestionariusz i o\u015bwiadczenie musi podpisa\u0107 rodzic lub opiekun prawny.<\/li>\n\n\n\n<li>Ka\u017cdy uczestnik, po uko\u0144czeniu Biegu otrzymuje okoliczno\u015bciowy medal i dyplom, kt\u00f3ry wydawany b\u0119dzie w biurze zawod\u00f3w po Biegu.<\/li>\n<\/ol>\n\n\n\n<p><strong>VII. NAGRODY I \u015aWIADCZENIA DLA ZAWODNIK\u00d3W<\/strong><\/p>\n\n\n\n<ol class=\"wp-block-list\" type=\"1\">\n<li>Zawodnicy, kt\u00f3rzy uko\u0144cz\u0105 Bieg na dystansie 1963 m otrzymaj\u0105 pami\u0105tkowy medal.<\/li>\n\n\n\n<li>Zawodnicy, kt\u00f3rzy zg\u0142osz\u0105 si\u0119 w terminie do 2 marca 2023 r. otrzymaj\u0105 koszulk\u0119 Biegu. ( Ilo\u015b\u0107 pakiet\u00f3w ograniczona 150&nbsp; szt.)<\/li>\n<\/ol>\n\n\n\n<p><strong>VIII. ZG\u0141OSZENIA DO BIEGU I P\u0141ATNO\u015aCI<\/strong><br><br><\/p>\n\n\n\n<p>Elektronicznie poprzez formularz zg\u0142oszeniowy do dnia 2.03.2023 r. do godz. 24:00 na stronie <a href=\"https:\/\/pans.krosno.pl\/azs\/bieg-tropem-wilczym\/\">https:\/\/pans.krosno.pl\/azs\/bieg-tropem-wilczym\/<\/a><\/p>\n\n\n\n<p>oraz dokonaniu op\u0142aty startowej w wysoko\u015bci <strong>30 z\u0142 na konto<\/strong>:<\/p>\n\n\n\n<p>Pa\u0144stwowa Akademia Nauk Stosowanych&nbsp; w Kro\u015bnie ul. Rynek 1, 38-400 Krosno.<\/p>\n\n\n\n<p>Bank PEKAO S.A. nr konta: 39 1240 2311 1111 00 10 54538749<\/p>\n\n\n\n<p>Tytu\u0142em: Imi\u0119 i nazwisko <em>IV Bieg Tropem Wilczym<\/em><em> <\/em><em><\/em><\/p>\n\n\n\n<ol class=\"wp-block-list\" type=\"1\">\n<li>W przypadku os\u00f3b niepe\u0142noletnich, kwestionariusz i o\u015bwiadczenie musi podpisa\u0107 rodzic lub opiekun prawny w Biurze zawod\u00f3w w dniu startu.<\/li>\n\n\n\n<li>Zapisy w dniu zawod\u00f3w 5.03.2023 r. w biurze zawod\u00f3w: Rektorat PANS w Kro\u015bnie, Rynek 1, 38-400 Krosno, czynne w godzinach od 10.30 do 11.45.&nbsp;&nbsp;&nbsp;&nbsp;<\/li>\n\n\n\n<li>Op\u0142ata za udzia\u0142 dla zg\u0142aszaj\u0105cych si\u0119 w <strong>dniu biegu wynosi 40 z\u0142<\/strong>.<\/li>\n\n\n\n<li>Zapisanie si\u0119 na bieg przez formularz internetowy nie jest r\u00f3wnoznaczne ze zg\u0142oszeniem na bieg. Dopiero uiszczenie op\u0142aty startowej powoduje uj\u0119cie danej osoby jako uczestnika biegu.<\/li>\n\n\n\n<li>Raz uiszczona op\u0142ata startowa nie podlega zwrotowi. Mo\u017cna jednak przenie\u015b\u0107 swoj\u0105 op\u0142at\u0119 na inn\u0105 osob\u0119.<\/li>\n\n\n\n<li>Ka\u017cdy uczestnik biegu b\u0119dzie podpisywa\u0142 w biurze zawod\u00f3w o\u015bwiadczenie o starcie na w\u0142asn\u0105 odpowiedzialno\u015b\u0107 oraz o braku przeciwwskaza\u0144 zdrowotnych do uczestniczenia w zawodach oraz zgod\u0119 na przetwarzanie danych osobowych.<\/li>\n\n\n\n<li>Na li\u015bcie startowej b\u0119d\u0105 umieszczane tylko osoby, kt\u00f3re dokona\u0142y op\u0142aty startowej.<\/li>\n<\/ol>\n\n\n\n<p><strong>IX. UCZESTNICTWO<\/strong><\/p>\n\n\n\n<ol class=\"wp-block-list\" type=\"1\">\n<li>W celu weryfikacji ka\u017cdy zawodnik musi zg\u0142osi\u0107 si\u0119 osobi\u015bcie.<\/li>\n\n\n\n<li>Do startu dopuszczeni zostan\u0105 zawodnicy, kt\u00f3rzy w dniu zawod\u00f3w uko\u0144czyli 16 rok \u017cycia i zweryfikowali swoje dane w biurze zawod\u00f3w. W biegu mog\u0105 startowa\u0107 zawodnicy m\u0142odsi, pod opieka opiekun\u00f3w.<\/li>\n\n\n\n<li>Zawodnicy niepe\u0142noletni zobowi\u0105zani s\u0105 do okazania upowa\u017cnienia o starcie od swoich prawnych opiekun\u00f3w.<\/li>\n\n\n\n<li>Ka\u017cdy zawodnik pe\u0142noletni staruje wy\u0142\u0105cznie na w\u0142asn\u0105 odpowiedzialno\u015b\u0107, co potwierdza z\u0142o\u017ceniem podpisu pod o\u015bwiadczeniem o zdolno\u015bci do udzia\u0142u w biegu.<\/li>\n\n\n\n<li>Ka\u017cdy zawodnik musi wyrazi\u0107 zgod\u0119 na przetwarzanie danych osobowych dla cel\u00f3w weryfikacji i umieszczenia w komunikacie ko\u0144cowym.<\/li>\n\n\n\n<li>Ka\u017cdy zawodnik ma obowi\u0105zek zapoznania si\u0119 z regulaminem biegu i zobowi\u0105zany jest do jego przestrzegania.<\/li>\n\n\n\n<li>Pobranie numeru startowego jest r\u00f3wnoznaczne z akceptacj\u0105 regulaminu biegu.<\/li>\n<\/ol>\n\n\n\n<p><strong>X. OCHRONA DANYCH OSOBOWYCH \u2013 RODO<\/strong><\/p>\n\n\n\n<ol class=\"wp-block-list\" type=\"1\">\n<li>Administratorem danych osobowych jest Pa\u0144stwowa Akademia Nauk Stosowanych w Kro\u015bnie, Rynek 1, 38-400 Krosno. Dane osobowe uczestnik\u00f3w biegu w zakresie: imi\u0119, nazwisko, wiek przetwarzane b\u0119d\u0105 w celu organizacji, przeprowadzenia i promocji wydarzenia, wy\u0142onienia zwyci\u0119zc\u00f3w i odbioru nagr\u00f3d.<\/li>\n\n\n\n<li>Uczestnik ma prawo zarejestrowania si\u0119 jako zawodnik anonimowy. Wtedy b\u0119dzie widnie\u0107 na li\u015bcie startowej oraz li\u015bcie wynik\u00f3w jako zawodnik anonimowy. Oznacza to r\u00f3wnie\u017c, \u017ce w przypadku zwyci\u0119stwa w nagradzanej kategorii b\u0119dzie wyczytany\/wyczytana jedynie jako numer. Natomiast w przypadku wszelkiego rodzaju losowa\u0144 i konkurs\u00f3w takie zg\u0142oszenie nie b\u0119dzie brane pod uwag\u0119.<\/li>\n\n\n\n<li>Dane osobowe uczestnik\u00f3w Biegu b\u0119d\u0105 wykorzystywane zgodnie z warunkami okre\u015blonymi w rozporz\u0105dzeniu Parlamentu Europejskiego i Rady (UE) 2016\/679 z dnia 27 kwietnia 2016 r. w sprawie ochrony os\u00f3b fizycznych w zwi\u0105zku z przetwarzaniem danych osobowych i w sprawie swobodnego przep\u0142ywu takich danych oraz uchylenia dyrektywy 95\/46\/WE (OJ L 119, 4.5.2016, p. 1\u201388, RODO), innymi obowi\u0105zuj\u0105cymi przepisami prawa oraz niniejszym Regulaminem.<\/li>\n\n\n\n<li>Podstaw\u0105 przetwarzania danych osobowych jest art. 6 ust. 1 lit a RODO &#8211; dobrowolna, jednoznaczna, \u015bwiadoma i konkretna zgoda osoby, kt\u00f3rej dane dotycz\u0105. Dane osobowe Uczestnik\u00f3w nie b\u0119d\u0105 poddawane zautomatyzowanemu przetwarzaniu, w tym profilowaniu.<\/li>\n\n\n\n<li>Rejestruj\u0105c si\u0119 do biegu Uczestnik wyra\u017ca zgod\u0119 na otrzymywanie informacji organizacyjnych oraz wszelkich komunikat\u00f3w zwi\u0105zanych z organizacj\u0105 biegu.<\/li>\n\n\n\n<li>Uczestnik o\u015bwiadcza, \u017ce zapozna\u0142 si\u0119 z regulaminem imprezy oraz, \u017ce jest zdolny\/a do udzia\u0142u w wydarzeniu i startuje na w\u0142asna odpowiedzialno\u015b\u0107.<\/li>\n\n\n\n<li>Wype\u0142niaj\u0105c formularz zg\u0142oszeniowy, Uczestnik wyra\u017ca zgod\u0119&nbsp; aby zdj\u0119cia, nagrania filmowe oraz wywiady z jego udzia\u0142em, a tak\u017ce wyniki z&nbsp; danymi osobowymi mog\u0142y by\u0107 wykorzystane przez podmioty wskazane w ust. 6, a tak\u017ce na stronie internetowej i materia\u0142ach promocyjnych Organizatora.<\/li>\n\n\n\n<li>Uczestnik o\u015bwiadcza, \u017ce podane dane w zg\u0142oszeniu s\u0105 prawdziwe i s\u0105 mu znane przepisy art. 233 Kodeksu Karnego o odpowiedzialno\u015bci karnej za podanie danych niezgodnych z rzeczywisto\u015bci\u0105. W zakresie rozlicze\u0144 finansowych oraz podatkowych administratorem danych jest Organizator danego wydarzenia.<\/li>\n\n\n\n<li>Podanie danych osobowych oraz wyra\u017cenie zgody na ich przetwarzanie jest dobrowolne, lecz ich niepodanie lub brak zgody na ich przetwarzanie uniemo\u017cliwia udzia\u0142 w Biegu.<\/li>\n\n\n\n<li>Odno\u015bnie danych osobowych, podanych w formularzu zg\u0142oszeniowym Uczestnikowi przys\u0142uguje prawo do:<ol><li>dost\u0119pu do danych,<\/li><\/ol><ol><li>sprostowania danych,<\/li><\/ol><ol><li>usuni\u0119cia danych,<\/li><\/ol>\n<ol class=\"wp-block-list\">\n<li>ograniczenia przetwarzania danych,<\/li>\n<\/ol>\n<\/li>\n<\/ol>\n\n\n\n<p><strong>XI. POSTANOWIENIA KO\u0143COWE<\/strong><\/p>\n\n\n\n<p><br>1. Wyniki biegu dost\u0119pne b\u0119d\u0105 po zako\u0144czeniu imprezy na tablicy og\u0142osze\u0144 oraz na <a><\/a><a href=\"https:\/\/pans.krosno.pl\/azs\/bieg-tropem-wilczym\/\">https:\/\/pans.krosno.pl\/azs\/bieg-tropem-wilczym\/<\/a><\/p>\n\n\n\n<p>2. Bieg odb\u0119dzie si\u0119 bez wzgl\u0119du na warunki atmosferyczne.<\/p>\n\n\n\n<p>3. Organizatorzy nie odpowiadaj\u0105 za rzeczy zagubione.<\/p>\n\n\n\n<p>4. Uczestnicy maj\u0105 obowi\u0105zek stosowania si\u0119 do polece\u0144 Policji, Stra\u017cy Miejskiej oraz os\u00f3b zabezpieczaj\u0105cych tras\u0119 biegu.<\/p>\n\n\n\n<p>5. Ostateczna interpretacja regulaminu nale\u017cy do organizatora.<\/p>\n\n\n\n<p>6. W przypadku braku mo\u017cliwo\u015bci odbycia si\u0119 Biegu z powodu obostrze\u0144 zwi\u0105zanych z pandemi\u0105 w formie tradycyjnej, Bieg b\u0119dzie realizowany zdalnie wed\u0142ug odr\u0119bnego regulaminu biegu w formie zdalnej.<\/p>\n","protected":false},"excerpt":{"rendered":"<p>REGULAMIN IV Bieg Pami\u0119ci \u017bo\u0142nierzy Wykl\u0119tych \u201eTropem Wilczym\u201d 5 marca 2023 roku, kro\u015bnie\u0144ski Rynek I. CEL II. ORGANIZATORPa\u0144stwowa Akademia Nauk Stosowanych&nbsp; w Kro\u015bnie Rynek 1, 38-400 Krosno Wsp\u00f3\u0142organizatorzy: Klub Uczelniany Akademickiego Zwi\u0105zku Sportowego PANS w Kro\u015bnie III. KONTAKT Organizator Biegu: Grzegorz Sobolewski, e-mail: grzegorz.sobolewski@pans.krosno.pl Strona internetowa biegu: https:\/\/pans.krosno.pl\/azs\/bieg-tropem-wilczym\/ IV. TERMIN [\u2026] <\/p>\n<div class=\"clear\"><\/div>\n<p><a class=\"more_link clearfix\" href=\"https:\/\/pans.krosno.pl\/azs\/bieg-tropem-wilczym\/regulamin-biegu-tropem-wilczym\/\" rel=\"nofollow\">Read More<\/a><\/p>\n","protected":false},"author":1,"featured_media":0,"parent":2425,"menu_order":0,"comment_status":"closed","ping_status":"closed","template":"page-templates\/template-full-width.php","meta":{"ngg_post_thumbnail":0,"footnotes":""},"class_list":["post-29","page","type-page","status-publish","hentry"],"yoast_head":"<!-- This site is optimized with the Yoast SEO Premium plugin v27.3 (Yoast SEO v27.3) - https:\/\/yoast.com\/product\/yoast-seo-premium-wordpress\/ -->\n<title>Regulamin biegu Tropem Wilczym - Sport, turystyka, AZS PANS w Kro\u015bnie<\/title>\n<meta name=\"robots\" content=\"index, follow, max-snippet:-1, max-image-preview:large, max-video-preview:-1\" \/>\n<link rel=\"canonical\" href=\"https:\/\/pans.krosno.pl\/azs\/bieg-tropem-wilczym\/regulamin-biegu-tropem-wilczym\/\" \/>\n<meta property=\"og:locale\" content=\"pl_PL\" \/>\n<meta property=\"og:type\" content=\"article\" \/>\n<meta property=\"og:title\" content=\"Regulamin biegu Tropem Wilczym\" \/>\n<meta property=\"og:description\" content=\"REGULAMIN IV Bieg Pami\u0119ci \u017bo\u0142nierzy Wykl\u0119tych \u201eTropem Wilczym\u201d 5 marca 2023 roku, kro\u015bnie\u0144ski Rynek I. CEL II. ORGANIZATORPa\u0144stwowa Akademia Nauk Stosowanych&nbsp; w Kro\u015bnie Rynek 1, 38-400 Krosno Wsp\u00f3\u0142organizatorzy: Klub Uczelniany Akademickiego Zwi\u0105zku Sportowego PANS w Kro\u015bnie III. KONTAKT Organizator Biegu: Grzegorz Sobolewski, e-mail: grzegorz.sobolewski@pans.krosno.pl Strona internetowa biegu: https:\/\/pans.krosno.pl\/azs\/bieg-tropem-wilczym\/ IV. TERMIN [\u2026] Read More\" \/>\n<meta property=\"og:url\" content=\"https:\/\/pans.krosno.pl\/azs\/bieg-tropem-wilczym\/regulamin-biegu-tropem-wilczym\/\" \/>\n<meta property=\"og:site_name\" content=\"Sport, turystyka, AZS PANS w Kro\u015bnie\" \/>\n<meta property=\"article:modified_time\" content=\"2023-02-06T09:12:19+00:00\" \/>\n<meta name=\"twitter:card\" content=\"summary_large_image\" \/>\n<meta name=\"twitter:label1\" content=\"Szacowany czas czytania\" \/>\n\t<meta name=\"twitter:data1\" content=\"7 minut\" \/>\n<script type=\"application\/ld+json\" class=\"yoast-schema-graph\">{\"@context\":\"https:\\\/\\\/schema.org\",\"@graph\":[{\"@type\":\"WebPage\",\"@id\":\"https:\\\/\\\/pans.krosno.pl\\\/azs\\\/bieg-tropem-wilczym\\\/regulamin-biegu-tropem-wilczym\\\/\",\"url\":\"https:\\\/\\\/pans.krosno.pl\\\/azs\\\/bieg-tropem-wilczym\\\/regulamin-biegu-tropem-wilczym\\\/\",\"name\":\"Regulamin biegu Tropem Wilczym - Sport, turystyka, AZS PANS w Kro\u015bnie\",\"isPartOf\":{\"@id\":\"https:\\\/\\\/pans.krosno.pl\\\/azs\\\/#website\"},\"datePublished\":\"2020-04-10T15:32:23+00:00\",\"dateModified\":\"2023-02-06T09:12:19+00:00\",\"breadcrumb\":{\"@id\":\"https:\\\/\\\/pans.krosno.pl\\\/azs\\\/bieg-tropem-wilczym\\\/regulamin-biegu-tropem-wilczym\\\/#breadcrumb\"},\"inLanguage\":\"pl-PL\",\"potentialAction\":[{\"@type\":\"ReadAction\",\"target\":[\"https:\\\/\\\/pans.krosno.pl\\\/azs\\\/bieg-tropem-wilczym\\\/regulamin-biegu-tropem-wilczym\\\/\"]}]},{\"@type\":\"BreadcrumbList\",\"@id\":\"https:\\\/\\\/pans.krosno.pl\\\/azs\\\/bieg-tropem-wilczym\\\/regulamin-biegu-tropem-wilczym\\\/#breadcrumb\",\"itemListElement\":[{\"@type\":\"ListItem\",\"position\":1,\"name\":\"Strona g\u0142\u00f3wna\",\"item\":\"https:\\\/\\\/pans.krosno.pl\\\/azs\\\/\"},{\"@type\":\"ListItem\",\"position\":2,\"name\":\"Bieg Tropem Wilczym\",\"item\":\"https:\\\/\\\/pans.krosno.pl\\\/azs\\\/bieg-tropem-wilczym\\\/\"},{\"@type\":\"ListItem\",\"position\":3,\"name\":\"Regulamin biegu Tropem Wilczym\"}]},{\"@type\":\"WebSite\",\"@id\":\"https:\\\/\\\/pans.krosno.pl\\\/azs\\\/#website\",\"url\":\"https:\\\/\\\/pans.krosno.pl\\\/azs\\\/\",\"name\":\"Sport, turystyka, AZS PANS w Kro\u015bnie\",\"description\":\"Sport, turystyka, AZS PANS - Pa\u0144stwowa Akademia Nauk Stosowanych\",\"publisher\":{\"@id\":\"https:\\\/\\\/pans.krosno.pl\\\/azs\\\/#organization\"},\"potentialAction\":[{\"@type\":\"SearchAction\",\"target\":{\"@type\":\"EntryPoint\",\"urlTemplate\":\"https:\\\/\\\/pans.krosno.pl\\\/azs\\\/?s={search_term_string}\"},\"query-input\":{\"@type\":\"PropertyValueSpecification\",\"valueRequired\":true,\"valueName\":\"search_term_string\"}}],\"inLanguage\":\"pl-PL\"},{\"@type\":\"Organization\",\"@id\":\"https:\\\/\\\/pans.krosno.pl\\\/azs\\\/#organization\",\"name\":\"Sport, turystyka, AZS PANS w Kro\u015bnie\",\"url\":\"https:\\\/\\\/pans.krosno.pl\\\/azs\\\/\",\"logo\":{\"@type\":\"ImageObject\",\"inLanguage\":\"pl-PL\",\"@id\":\"https:\\\/\\\/pans.krosno.pl\\\/azs\\\/#\\\/schema\\\/logo\\\/image\\\/\",\"url\":\"https:\\\/\\\/pans.krosno.pl\\\/azs\\\/wp-content\\\/uploads\\\/sites\\\/47\\\/2023\\\/01\\\/Logo-PANS-2022-pelne.png\",\"contentUrl\":\"https:\\\/\\\/pans.krosno.pl\\\/azs\\\/wp-content\\\/uploads\\\/sites\\\/47\\\/2023\\\/01\\\/Logo-PANS-2022-pelne.png\",\"width\":3096,\"height\":696,\"caption\":\"Sport, turystyka, AZS PANS w Kro\u015bnie\"},\"image\":{\"@id\":\"https:\\\/\\\/pans.krosno.pl\\\/azs\\\/#\\\/schema\\\/logo\\\/image\\\/\"}}]}<\/script>\n<!-- \/ Yoast SEO Premium plugin. -->","yoast_head_json":{"title":"Regulamin biegu Tropem Wilczym - Sport, turystyka, AZS PANS w Kro\u015bnie","robots":{"index":"index","follow":"follow","max-snippet":"max-snippet:-1","max-image-preview":"max-image-preview:large","max-video-preview":"max-video-preview:-1"},"canonical":"https:\/\/pans.krosno.pl\/azs\/bieg-tropem-wilczym\/regulamin-biegu-tropem-wilczym\/","og_locale":"pl_PL","og_type":"article","og_title":"Regulamin biegu Tropem Wilczym","og_description":"REGULAMIN IV Bieg Pami\u0119ci \u017bo\u0142nierzy Wykl\u0119tych \u201eTropem Wilczym\u201d 5 marca 2023 roku, kro\u015bnie\u0144ski Rynek I. CEL II. ORGANIZATORPa\u0144stwowa Akademia Nauk Stosowanych&nbsp; w Kro\u015bnie Rynek 1, 38-400 Krosno Wsp\u00f3\u0142organizatorzy: Klub Uczelniany Akademickiego Zwi\u0105zku Sportowego PANS w Kro\u015bnie III. KONTAKT Organizator Biegu: Grzegorz Sobolewski, e-mail: grzegorz.sobolewski@pans.krosno.pl Strona internetowa biegu: https:\/\/pans.krosno.pl\/azs\/bieg-tropem-wilczym\/ IV. TERMIN [\u2026] Read More","og_url":"https:\/\/pans.krosno.pl\/azs\/bieg-tropem-wilczym\/regulamin-biegu-tropem-wilczym\/","og_site_name":"Sport, turystyka, AZS PANS w Kro\u015bnie","article_modified_time":"2023-02-06T09:12:19+00:00","twitter_card":"summary_large_image","twitter_misc":{"Szacowany czas czytania":"7 minut"},"schema":{"@context":"https:\/\/schema.org","@graph":[{"@type":"WebPage","@id":"https:\/\/pans.krosno.pl\/azs\/bieg-tropem-wilczym\/regulamin-biegu-tropem-wilczym\/","url":"https:\/\/pans.krosno.pl\/azs\/bieg-tropem-wilczym\/regulamin-biegu-tropem-wilczym\/","name":"Regulamin biegu Tropem Wilczym - Sport, turystyka, AZS PANS w Kro\u015bnie","isPartOf":{"@id":"https:\/\/pans.krosno.pl\/azs\/#website"},"datePublished":"2020-04-10T15:32:23+00:00","dateModified":"2023-02-06T09:12:19+00:00","breadcrumb":{"@id":"https:\/\/pans.krosno.pl\/azs\/bieg-tropem-wilczym\/regulamin-biegu-tropem-wilczym\/#breadcrumb"},"inLanguage":"pl-PL","potentialAction":[{"@type":"ReadAction","target":["https:\/\/pans.krosno.pl\/azs\/bieg-tropem-wilczym\/regulamin-biegu-tropem-wilczym\/"]}]},{"@type":"BreadcrumbList","@id":"https:\/\/pans.krosno.pl\/azs\/bieg-tropem-wilczym\/regulamin-biegu-tropem-wilczym\/#breadcrumb","itemListElement":[{"@type":"ListItem","position":1,"name":"Strona g\u0142\u00f3wna","item":"https:\/\/pans.krosno.pl\/azs\/"},{"@type":"ListItem","position":2,"name":"Bieg Tropem Wilczym","item":"https:\/\/pans.krosno.pl\/azs\/bieg-tropem-wilczym\/"},{"@type":"ListItem","position":3,"name":"Regulamin biegu Tropem Wilczym"}]},{"@type":"WebSite","@id":"https:\/\/pans.krosno.pl\/azs\/#website","url":"https:\/\/pans.krosno.pl\/azs\/","name":"Sport, turystyka, AZS PANS w Kro\u015bnie","description":"Sport, turystyka, AZS PANS - Pa\u0144stwowa Akademia Nauk Stosowanych","publisher":{"@id":"https:\/\/pans.krosno.pl\/azs\/#organization"},"potentialAction":[{"@type":"SearchAction","target":{"@type":"EntryPoint","urlTemplate":"https:\/\/pans.krosno.pl\/azs\/?s={search_term_string}"},"query-input":{"@type":"PropertyValueSpecification","valueRequired":true,"valueName":"search_term_string"}}],"inLanguage":"pl-PL"},{"@type":"Organization","@id":"https:\/\/pans.krosno.pl\/azs\/#organization","name":"Sport, turystyka, AZS PANS w Kro\u015bnie","url":"https:\/\/pans.krosno.pl\/azs\/","logo":{"@type":"ImageObject","inLanguage":"pl-PL","@id":"https:\/\/pans.krosno.pl\/azs\/#\/schema\/logo\/image\/","url":"https:\/\/pans.krosno.pl\/azs\/wp-content\/uploads\/sites\/47\/2023\/01\/Logo-PANS-2022-pelne.png","contentUrl":"https:\/\/pans.krosno.pl\/azs\/wp-content\/uploads\/sites\/47\/2023\/01\/Logo-PANS-2022-pelne.png","width":3096,"height":696,"caption":"Sport, turystyka, AZS PANS w Kro\u015bnie"},"image":{"@id":"https:\/\/pans.krosno.pl\/azs\/#\/schema\/logo\/image\/"}}]}},"_links":{"self":[{"href":"https:\/\/pans.krosno.pl\/azs\/wp-json\/wp\/v2\/pages\/29","targetHints":{"allow":["GET"]}}],"collection":[{"href":"https:\/\/pans.krosno.pl\/azs\/wp-json\/wp\/v2\/pages"}],"about":[{"href":"https:\/\/pans.krosno.pl\/azs\/wp-json\/wp\/v2\/types\/page"}],"author":[{"embeddable":true,"href":"https:\/\/pans.krosno.pl\/azs\/wp-json\/wp\/v2\/users\/1"}],"replies":[{"embeddable":true,"href":"https:\/\/pans.krosno.pl\/azs\/wp-json\/wp\/v2\/comments?post=29"}],"version-history":[{"count":11,"href":"https:\/\/pans.krosno.pl\/azs\/wp-json\/wp\/v2\/pages\/29\/revisions"}],"predecessor-version":[{"id":3478,"href":"https:\/\/pans.krosno.pl\/azs\/wp-json\/wp\/v2\/pages\/29\/revisions\/3478"}],"up":[{"embeddable":true,"href":"https:\/\/pans.krosno.pl\/azs\/wp-json\/wp\/v2\/pages\/2425"}],"wp:attachment":[{"href":"https:\/\/pans.krosno.pl\/azs\/wp-json\/wp\/v2\/media?parent=29"}],"curies":[{"name":"wp","href":"https:\/\/api.w.org\/{rel}","templated":true}]}}