{"id":1947,"date":"2021-01-11T11:47:10","date_gmt":"2021-01-11T10:47:10","guid":{"rendered":"https:\/\/pans.krosno.pl\/azs\/?page_id=1947"},"modified":"2021-01-11T11:47:10","modified_gmt":"2021-01-11T10:47:10","slug":"aktualnosci-wosp","status":"publish","type":"page","link":"https:\/\/pans.krosno.pl\/azs\/aktualnosci-wosp\/","title":{"rendered":"Aktualno\u015bci WO\u015aP"},"content":{"rendered":"\n<hr class=\"wp-block-separator\" \/>\n\n\n<ul class=\"wp-block-latest-posts__list has-dates wp-block-latest-posts\"><li><div class=\"wp-block-latest-posts__featured-image alignleft\"><img loading=\"lazy\" decoding=\"async\" width=\"150\" height=\"150\" src=\"https:\/\/pans.krosno.pl\/azs\/wp-content\/uploads\/sites\/47\/2025\/12\/WOSP_2025_2-150x150.jpg\" class=\"attachment-thumbnail size-thumbnail wp-post-image\" alt=\"\" style=\"\" \/><\/div><a class=\"wp-block-latest-posts__post-title\" href=\"https:\/\/pans.krosno.pl\/azs\/13-bieg-wosp\/\">13 Bieg WO\u015aP<\/a><time datetime=\"2025-12-23T10:35:04+01:00\" class=\"wp-block-latest-posts__post-date\">23 grudnia 2025<\/time><div class=\"wp-block-latest-posts__post-excerpt\">34 Fina\u0142 WO\u015aP i z tej okazji organizujemy 13 bieg ,,POLICZ SI\u0118 Z CUKRZYC\u0104\u201d. Wystartuj w biegu i graj z Wielk\u0105 Orkiestr\u0105 \u015awi\u0105tecznej Pomocy! Bieg na dystansie 4 km odb\u0119dzie si\u0119 w dniu 25 stycznia 2026 roku. Biuro zawod\u00f3w mie\u015bci\u0107 si\u0119 b\u0119dzie na Hali MOSIR Krosno ul. Bursaki 29. Trasa biegu zaplanowana zosta\u0142a na trasach [\u2026] <div class=\"clear\"><\/div><a class=\"more_link clearfix\" href=\"https:\/\/pans.krosno.pl\/azs\/13-bieg-wosp\/\" rel=\"nofollow\">Read More<\/a><\/div><\/li>\n<li><div class=\"wp-block-latest-posts__featured-image alignleft\"><img loading=\"lazy\" decoding=\"async\" width=\"150\" height=\"150\" src=\"https:\/\/pans.krosno.pl\/azs\/wp-content\/uploads\/sites\/47\/2025\/01\/WOSP_2025_2-150x150.jpg\" class=\"attachment-thumbnail size-thumbnail wp-post-image\" alt=\"\" style=\"\" \/><\/div><a class=\"wp-block-latest-posts__post-title\" href=\"https:\/\/pans.krosno.pl\/azs\/12-bieg-wosp\/\">12 BIEG WO\u015aP<\/a><time datetime=\"2025-01-15T10:27:34+01:00\" class=\"wp-block-latest-posts__post-date\">15 stycznia 2025<\/time><div class=\"wp-block-latest-posts__post-excerpt\">33 Fina\u0142 WO\u015aP. Z tej okazji organizowany jest 12 bieg ,,POLICZ SI\u0118 Z CUKRZYC\u0104\u201d. Wystartuj w biegu i graj z Wielk\u0105 Orkiestr\u0105 \u015awi\u0105tecznej Pomocy! Bieg na dystansie 5 km odb\u0119dzie si\u0119 w dniu 26 stycznia 2025 rok w NOWEJ LOKALIZACJI!!! Biuro zawod\u00f3w mie\u015bci\u0107 si\u0119 b\u0119dzie na Hali MOSIR Krosno ul. Bursaki 29. Trasa biegu zaplanowana [\u2026] <div class=\"clear\"><\/div><a class=\"more_link clearfix\" href=\"https:\/\/pans.krosno.pl\/azs\/12-bieg-wosp\/\" rel=\"nofollow\">Read More<\/a><\/div><\/li>\n<li><div class=\"wp-block-latest-posts__featured-image alignleft\"><img loading=\"lazy\" decoding=\"async\" width=\"150\" height=\"150\" src=\"https:\/\/pans.krosno.pl\/azs\/wp-content\/uploads\/sites\/47\/2024\/01\/Plakat-WOSP-bieg-sponsorzy-150x150.jpg\" class=\"attachment-thumbnail size-thumbnail wp-post-image\" alt=\"\" style=\"\" \/><\/div><a class=\"wp-block-latest-posts__post-title\" href=\"https:\/\/pans.krosno.pl\/azs\/11-bieg-wosp\/\">11 Bieg WO\u015aP<\/a><time datetime=\"2024-01-09T14:12:06+01:00\" class=\"wp-block-latest-posts__post-date\">9 stycznia 2024<\/time><div class=\"wp-block-latest-posts__post-excerpt\">Przed nami 32 Fina\u0142 WO\u015aP. Z tej okazji organizowany jest 11 bieg pn. ,,POLICZ SI\u0118 Z CUKRZYC\u0104\u201d. Wystartuj w biegu i graj z Wielk\u0105 Orkiestr\u0105 \u015awi\u0105tecznej Pomocy! Bieg na dystansie 5 km odb\u0119dzie si\u0119 w dniu 28 stycznia 2024 roku. Op\u0142ata startowa wynosi 40 z\u0142 wrzucone do puszki WO\u015aP w Biurze Zawod\u00f3w w dniu Biegu. [\u2026] <div class=\"clear\"><\/div><a class=\"more_link clearfix\" href=\"https:\/\/pans.krosno.pl\/azs\/11-bieg-wosp\/\" rel=\"nofollow\">Read More<\/a><\/div><\/li>\n<li><div class=\"wp-block-latest-posts__featured-image alignleft\"><img loading=\"lazy\" decoding=\"async\" width=\"150\" height=\"150\" src=\"https:\/\/pans.krosno.pl\/azs\/wp-content\/uploads\/sites\/47\/2023\/01\/PLAKAT-WOSP-wersja-finalna-z-partnerami-1-150x150.png\" class=\"attachment-thumbnail size-thumbnail wp-post-image\" alt=\"\" style=\"\" \/><\/div><a class=\"wp-block-latest-posts__post-title\" href=\"https:\/\/pans.krosno.pl\/azs\/10-bieg-wosp-2\/\">10 Bieg WO\u015aP<\/a><time datetime=\"2023-01-17T12:10:59+01:00\" class=\"wp-block-latest-posts__post-date\">17 stycznia 2023<\/time><div class=\"wp-block-latest-posts__post-excerpt\">Przed nami 31 Fina\u0142 WO\u015aP. Z tej okazji organizowany jest 10 bieg pn. ,,POLICZ SI\u0118 Z CUKRZYC\u0104\u201d. Wystartuj w biegu i graj z Wielk\u0105 Orkiestr\u0105 \u015awi\u0105tecznej Pomocy! Bieg na dystansie 5 km odb\u0119dzie si\u0119 w dniu 29 stycznia 2023 roku. Op\u0142ata startowa wynosi 40 z\u0142 wrzucone do puszki WO\u015aP w Biurze Zawod\u00f3w w dniu Biegu. [\u2026] <div class=\"clear\"><\/div><a class=\"more_link clearfix\" href=\"https:\/\/pans.krosno.pl\/azs\/10-bieg-wosp-2\/\" rel=\"nofollow\">Read More<\/a><\/div><\/li>\n<li><div class=\"wp-block-latest-posts__featured-image alignleft\"><img loading=\"lazy\" decoding=\"async\" width=\"150\" height=\"150\" src=\"https:\/\/pans.krosno.pl\/azs\/wp-content\/uploads\/sites\/47\/2022\/01\/plakat-wosp_2022_2-1-150x150.jpg\" class=\"attachment-thumbnail size-thumbnail wp-post-image\" alt=\"\" style=\"\" \/><\/div><a class=\"wp-block-latest-posts__post-title\" href=\"https:\/\/pans.krosno.pl\/azs\/9-bieg-wosp\/\">9 Bieg WO\u015aP<\/a><time datetime=\"2022-01-10T11:55:34+01:00\" class=\"wp-block-latest-posts__post-date\">10 stycznia 2022<\/time><div class=\"wp-block-latest-posts__post-excerpt\">Przed nami 30 Fina\u0142 WO\u015aP. Z tej okazji organizowany jest 9 bieg pn. ,,POLICZ SI\u0118 Z CUKRZYC\u0104\u201d. Wystartuj w biegu i graj z Wielk\u0105 Orkiestr\u0105 \u015awi\u0105tecznej Pomocy! Bieg na dystansie 5 km odb\u0119dzie si\u0119 w dniu 30 stycznia 2022 roku. Op\u0142ata startowa wynosi 40 z\u0142 wrzucone do puszki WO\u015aP w Biurze Zawod\u00f3w w dniu Biegu. [\u2026] <div class=\"clear\"><\/div><a class=\"more_link clearfix\" href=\"https:\/\/pans.krosno.pl\/azs\/9-bieg-wosp\/\" rel=\"nofollow\">Read More<\/a><\/div><\/li>\n<li><div class=\"wp-block-latest-posts__featured-image alignleft\"><img loading=\"lazy\" decoding=\"async\" width=\"150\" height=\"150\" src=\"https:\/\/pans.krosno.pl\/azs\/wp-content\/uploads\/sites\/47\/2021\/01\/unnamed-150x150.png\" class=\"attachment-thumbnail size-thumbnail wp-post-image\" alt=\"\" style=\"\" \/><\/div><a class=\"wp-block-latest-posts__post-title\" href=\"https:\/\/pans.krosno.pl\/azs\/viii-bieg-wosp\/\">8 Bieg WO\u015aP &#8211; przed\u0142u\u017cona rejestracja!<\/a><time datetime=\"2021-01-11T11:29:46+01:00\" class=\"wp-block-latest-posts__post-date\">11 stycznia 2021<\/time><div class=\"wp-block-latest-posts__post-excerpt\">Przed nami 29 Fina\u0142 WO\u015aP. Z tej okazji organizowany jest 8 bieg pn. ,,POLICZ SI\u0118 Z CUKRZYC\u0104&#8221;. Rejestracja na bieg trwa do 31 stycznia! na stronie: https:\/\/pans.krosno.pl\/azs\/bieg-wosp\/ Po zarejestrowaniu si\u0119 na stronie zostanie przes\u0142any link na poczt\u0119 mailow\u0105, gdzie prosimy udokumentowa\u0107 rezultat biegu najp\u00f3\u017aniej do \u015brody tj. 05 luty 2021 r. W tym roku niestety [\u2026] <div class=\"clear\"><\/div><a class=\"more_link clearfix\" href=\"https:\/\/pans.krosno.pl\/azs\/viii-bieg-wosp\/\" rel=\"nofollow\">Read More<\/a><\/div><\/li>\n<\/ul>","protected":false},"excerpt":{"rendered":"","protected":false},"author":27,"featured_media":0,"parent":0,"menu_order":0,"comment_status":"closed","ping_status":"closed","template":"","meta":{"ngg_post_thumbnail":0,"footnotes":""},"class_list":["post-1947","page","type-page","status-publish","hentry"],"yoast_head":"<!-- This site is optimized with the Yoast SEO Premium plugin v27.4 (Yoast SEO v27.4) - https:\/\/yoast.com\/product\/yoast-seo-premium-wordpress\/ -->\n<title>Aktualno\u015bci WO\u015aP - Sport, turystyka, AZS PANS w Kro\u015bnie<\/title>\n<meta name=\"robots\" content=\"index, follow, max-snippet:-1, max-image-preview:large, max-video-preview:-1\" \/>\n<link rel=\"canonical\" href=\"https:\/\/pans.krosno.pl\/azs\/aktualnosci-wosp\/\" \/>\n<meta property=\"og:locale\" content=\"pl_PL\" \/>\n<meta property=\"og:type\" content=\"article\" \/>\n<meta property=\"og:title\" content=\"Aktualno\u015bci WO\u015aP\" \/>\n<meta property=\"og:url\" content=\"https:\/\/pans.krosno.pl\/azs\/aktualnosci-wosp\/\" \/>\n<meta property=\"og:site_name\" content=\"Sport, turystyka, AZS PANS w Kro\u015bnie\" \/>\n<meta name=\"twitter:card\" content=\"summary_large_image\" \/>\n<script type=\"application\/ld+json\" class=\"yoast-schema-graph\">{\"@context\":\"https:\\\/\\\/schema.org\",\"@graph\":[{\"@type\":\"WebPage\",\"@id\":\"https:\\\/\\\/pans.krosno.pl\\\/azs\\\/aktualnosci-wosp\\\/\",\"url\":\"https:\\\/\\\/pans.krosno.pl\\\/azs\\\/aktualnosci-wosp\\\/\",\"name\":\"Aktualno\u015bci WO\u015aP - Sport, turystyka, AZS PANS w Kro\u015bnie\",\"isPartOf\":{\"@id\":\"https:\\\/\\\/pans.krosno.pl\\\/azs\\\/#website\"},\"datePublished\":\"2021-01-11T10:47:10+00:00\",\"breadcrumb\":{\"@id\":\"https:\\\/\\\/pans.krosno.pl\\\/azs\\\/aktualnosci-wosp\\\/#breadcrumb\"},\"inLanguage\":\"pl-PL\",\"potentialAction\":[{\"@type\":\"ReadAction\",\"target\":[\"https:\\\/\\\/pans.krosno.pl\\\/azs\\\/aktualnosci-wosp\\\/\"]}]},{\"@type\":\"BreadcrumbList\",\"@id\":\"https:\\\/\\\/pans.krosno.pl\\\/azs\\\/aktualnosci-wosp\\\/#breadcrumb\",\"itemListElement\":[{\"@type\":\"ListItem\",\"position\":1,\"name\":\"Strona g\u0142\u00f3wna\",\"item\":\"https:\\\/\\\/pans.krosno.pl\\\/azs\\\/\"},{\"@type\":\"ListItem\",\"position\":2,\"name\":\"Aktualno\u015bci WO\u015aP\"}]},{\"@type\":\"WebSite\",\"@id\":\"https:\\\/\\\/pans.krosno.pl\\\/azs\\\/#website\",\"url\":\"https:\\\/\\\/pans.krosno.pl\\\/azs\\\/\",\"name\":\"Sport, turystyka, AZS PANS w Kro\u015bnie\",\"description\":\"Sport, turystyka, AZS PANS - Pa\u0144stwowa Akademia Nauk Stosowanych\",\"publisher\":{\"@id\":\"https:\\\/\\\/pans.krosno.pl\\\/azs\\\/#organization\"},\"potentialAction\":[{\"@type\":\"SearchAction\",\"target\":{\"@type\":\"EntryPoint\",\"urlTemplate\":\"https:\\\/\\\/pans.krosno.pl\\\/azs\\\/?s={search_term_string}\"},\"query-input\":{\"@type\":\"PropertyValueSpecification\",\"valueRequired\":true,\"valueName\":\"search_term_string\"}}],\"inLanguage\":\"pl-PL\"},{\"@type\":\"Organization\",\"@id\":\"https:\\\/\\\/pans.krosno.pl\\\/azs\\\/#organization\",\"name\":\"Sport, turystyka, AZS PANS w Kro\u015bnie\",\"url\":\"https:\\\/\\\/pans.krosno.pl\\\/azs\\\/\",\"logo\":{\"@type\":\"ImageObject\",\"inLanguage\":\"pl-PL\",\"@id\":\"https:\\\/\\\/pans.krosno.pl\\\/azs\\\/#\\\/schema\\\/logo\\\/image\\\/\",\"url\":\"https:\\\/\\\/pans.krosno.pl\\\/azs\\\/wp-content\\\/uploads\\\/sites\\\/47\\\/2023\\\/01\\\/Logo-PANS-2022-pelne.png\",\"contentUrl\":\"https:\\\/\\\/pans.krosno.pl\\\/azs\\\/wp-content\\\/uploads\\\/sites\\\/47\\\/2023\\\/01\\\/Logo-PANS-2022-pelne.png\",\"width\":3096,\"height\":696,\"caption\":\"Sport, turystyka, AZS PANS w Kro\u015bnie\"},\"image\":{\"@id\":\"https:\\\/\\\/pans.krosno.pl\\\/azs\\\/#\\\/schema\\\/logo\\\/image\\\/\"}}]}<\/script>\n<!-- \/ Yoast SEO Premium plugin. -->","yoast_head_json":{"title":"Aktualno\u015bci WO\u015aP - Sport, turystyka, AZS PANS w Kro\u015bnie","robots":{"index":"index","follow":"follow","max-snippet":"max-snippet:-1","max-image-preview":"max-image-preview:large","max-video-preview":"max-video-preview:-1"},"canonical":"https:\/\/pans.krosno.pl\/azs\/aktualnosci-wosp\/","og_locale":"pl_PL","og_type":"article","og_title":"Aktualno\u015bci WO\u015aP","og_url":"https:\/\/pans.krosno.pl\/azs\/aktualnosci-wosp\/","og_site_name":"Sport, turystyka, AZS PANS w Kro\u015bnie","twitter_card":"summary_large_image","schema":{"@context":"https:\/\/schema.org","@graph":[{"@type":"WebPage","@id":"https:\/\/pans.krosno.pl\/azs\/aktualnosci-wosp\/","url":"https:\/\/pans.krosno.pl\/azs\/aktualnosci-wosp\/","name":"Aktualno\u015bci WO\u015aP - Sport, turystyka, AZS PANS w Kro\u015bnie","isPartOf":{"@id":"https:\/\/pans.krosno.pl\/azs\/#website"},"datePublished":"2021-01-11T10:47:10+00:00","breadcrumb":{"@id":"https:\/\/pans.krosno.pl\/azs\/aktualnosci-wosp\/#breadcrumb"},"inLanguage":"pl-PL","potentialAction":[{"@type":"ReadAction","target":["https:\/\/pans.krosno.pl\/azs\/aktualnosci-wosp\/"]}]},{"@type":"BreadcrumbList","@id":"https:\/\/pans.krosno.pl\/azs\/aktualnosci-wosp\/#breadcrumb","itemListElement":[{"@type":"ListItem","position":1,"name":"Strona g\u0142\u00f3wna","item":"https:\/\/pans.krosno.pl\/azs\/"},{"@type":"ListItem","position":2,"name":"Aktualno\u015bci WO\u015aP"}]},{"@type":"WebSite","@id":"https:\/\/pans.krosno.pl\/azs\/#website","url":"https:\/\/pans.krosno.pl\/azs\/","name":"Sport, turystyka, AZS PANS w Kro\u015bnie","description":"Sport, turystyka, AZS PANS - Pa\u0144stwowa Akademia Nauk Stosowanych","publisher":{"@id":"https:\/\/pans.krosno.pl\/azs\/#organization"},"potentialAction":[{"@type":"SearchAction","target":{"@type":"EntryPoint","urlTemplate":"https:\/\/pans.krosno.pl\/azs\/?s={search_term_string}"},"query-input":{"@type":"PropertyValueSpecification","valueRequired":true,"valueName":"search_term_string"}}],"inLanguage":"pl-PL"},{"@type":"Organization","@id":"https:\/\/pans.krosno.pl\/azs\/#organization","name":"Sport, turystyka, AZS PANS w Kro\u015bnie","url":"https:\/\/pans.krosno.pl\/azs\/","logo":{"@type":"ImageObject","inLanguage":"pl-PL","@id":"https:\/\/pans.krosno.pl\/azs\/#\/schema\/logo\/image\/","url":"https:\/\/pans.krosno.pl\/azs\/wp-content\/uploads\/sites\/47\/2023\/01\/Logo-PANS-2022-pelne.png","contentUrl":"https:\/\/pans.krosno.pl\/azs\/wp-content\/uploads\/sites\/47\/2023\/01\/Logo-PANS-2022-pelne.png","width":3096,"height":696,"caption":"Sport, turystyka, AZS PANS w Kro\u015bnie"},"image":{"@id":"https:\/\/pans.krosno.pl\/azs\/#\/schema\/logo\/image\/"}}]}},"_links":{"self":[{"href":"https:\/\/pans.krosno.pl\/azs\/wp-json\/wp\/v2\/pages\/1947","targetHints":{"allow":["GET"]}}],"collection":[{"href":"https:\/\/pans.krosno.pl\/azs\/wp-json\/wp\/v2\/pages"}],"about":[{"href":"https:\/\/pans.krosno.pl\/azs\/wp-json\/wp\/v2\/types\/page"}],"author":[{"embeddable":true,"href":"https:\/\/pans.krosno.pl\/azs\/wp-json\/wp\/v2\/users\/27"}],"replies":[{"embeddable":true,"href":"https:\/\/pans.krosno.pl\/azs\/wp-json\/wp\/v2\/comments?post=1947"}],"version-history":[{"count":1,"href":"https:\/\/pans.krosno.pl\/azs\/wp-json\/wp\/v2\/pages\/1947\/revisions"}],"predecessor-version":[{"id":1948,"href":"https:\/\/pans.krosno.pl\/azs\/wp-json\/wp\/v2\/pages\/1947\/revisions\/1948"}],"wp:attachment":[{"href":"https:\/\/pans.krosno.pl\/azs\/wp-json\/wp\/v2\/media?parent=1947"}],"curies":[{"name":"wp","href":"https:\/\/api.w.org\/{rel}","templated":true}]}}