{"id":1691,"date":"2020-05-06T13:02:12","date_gmt":"2020-05-06T11:02:12","guid":{"rendered":"https:\/\/pans.krosno.pl\/azs\/?page_id=1691"},"modified":"2025-06-24T11:11:14","modified_gmt":"2025-06-24T09:11:14","slug":"studiowali-z-nami","status":"publish","type":"page","link":"https:\/\/pans.krosno.pl\/azs\/studiowali-z-nami\/","title":{"rendered":"Studiowali z nami"},"content":{"rendered":"<ul class=\"wp-block-latest-posts__list has-dates wp-block-latest-posts\"><li><div class=\"wp-block-latest-posts__featured-image alignleft\"><img loading=\"lazy\" decoding=\"async\" width=\"150\" height=\"150\" src=\"https:\/\/pans.krosno.pl\/azs\/wp-content\/uploads\/sites\/47\/2022\/07\/WhatsApp-Image-2022-07-06-at-15.15.15-150x150.jpeg\" class=\"attachment-thumbnail size-thumbnail wp-post-image\" alt=\"\" style=\"max-width:150px;max-height:150px;\" srcset=\"https:\/\/pans.krosno.pl\/azs\/wp-content\/uploads\/sites\/47\/2022\/07\/WhatsApp-Image-2022-07-06-at-15.15.15-150x150.jpeg 150w, https:\/\/pans.krosno.pl\/azs\/wp-content\/uploads\/sites\/47\/2022\/07\/WhatsApp-Image-2022-07-06-at-15.15.15-80x80.jpeg 80w\" sizes=\"auto, (max-width: 150px) 100vw, 150px\" \/><\/div><a class=\"wp-block-latest-posts__post-title\" href=\"https:\/\/pans.krosno.pl\/azs\/magda-jurczyk\/\">Magda Jurczyk<\/a><time datetime=\"2022-07-08T09:31:31+02:00\" class=\"wp-block-latest-posts__post-date\">8 lipca 2022<\/time><div class=\"wp-block-latest-posts__post-excerpt\">Cze\u015b\u0107, tu Magda Jurczyk.Jestem absolwentk\u0105 KPU (PWSZ) w Kro\u015bnie, gdzie studiowa\u0142am w latach 2014-2017. Sp\u0119dzony tutaj czas wspominam bardzo dobrze nie tylko ze wzgl\u0119du na zdobycie wy\u017cszego wykszta\u0142cenia, ale tak\u017ce na nowe do\u015bwiadczenia, kt\u00f3re mia\u0142am okazje tutaj prze\u017cy\u0107 i kt\u00f3re ukszta\u0142towa\u0142y mnie jako cz\u0142owieka. Pozna\u0142am tu wiele wspania\u0142ych os\u00f3b wyk\u0142adowc\u00f3w i koleg\u00f3w, z kt\u00f3rymi nadal [\u2026] <div class=\"clear\"><\/div><a class=\"more_link clearfix\" href=\"https:\/\/pans.krosno.pl\/azs\/magda-jurczyk\/\" rel=\"nofollow\">Read More<\/a><\/div><\/li>\n<li><div class=\"wp-block-latest-posts__featured-image alignleft\"><img loading=\"lazy\" decoding=\"async\" width=\"150\" height=\"150\" src=\"https:\/\/pans.krosno.pl\/azs\/wp-content\/uploads\/sites\/47\/2020\/05\/szost-150x150.jpg\" class=\"attachment-thumbnail size-thumbnail wp-post-image\" alt=\"\" style=\"max-width:150px;max-height:150px;\" srcset=\"https:\/\/pans.krosno.pl\/azs\/wp-content\/uploads\/sites\/47\/2020\/05\/szost-150x150.jpg 150w, https:\/\/pans.krosno.pl\/azs\/wp-content\/uploads\/sites\/47\/2020\/05\/szost-80x80.jpg 80w\" sizes=\"auto, (max-width: 150px) 100vw, 150px\" \/><\/div><a class=\"wp-block-latest-posts__post-title\" href=\"https:\/\/pans.krosno.pl\/azs\/henryk-szost\/\">Henryk Szost<\/a><time datetime=\"2020-05-29T13:56:12+02:00\" class=\"wp-block-latest-posts__post-date\">29 maja 2020<\/time><div class=\"wp-block-latest-posts__post-excerpt\">Studiowa\u0142 Wychowanie Fizyczne. Polski lekkoatleta specjalizuj\u0105cy si\u0119 w biegach d\u0142ugodystansowych. Artyku\u0142y o Henryku: GO\u015a\u0106 SPECJALNY Klimat\u00f3w PWSZ \u2013 Henryk Szost \u2013 najszybszy marato\u0144czyk w Europie Henryk Szost obroni\u0142 tytu\u0142 Mistrza Polski w maratonie Henryk Szost &#8211; wikipedia<\/div><\/li>\n<li><div class=\"wp-block-latest-posts__featured-image alignleft\"><img loading=\"lazy\" decoding=\"async\" width=\"150\" height=\"150\" src=\"https:\/\/pans.krosno.pl\/azs\/wp-content\/uploads\/sites\/47\/2020\/05\/pociech-150x150.jpg\" class=\"attachment-thumbnail size-thumbnail wp-post-image\" alt=\"\" style=\"max-width:150px;max-height:150px;\" srcset=\"https:\/\/pans.krosno.pl\/azs\/wp-content\/uploads\/sites\/47\/2020\/05\/pociech-150x150.jpg 150w, https:\/\/pans.krosno.pl\/azs\/wp-content\/uploads\/sites\/47\/2020\/05\/pociech-300x300.jpg 300w, https:\/\/pans.krosno.pl\/azs\/wp-content\/uploads\/sites\/47\/2020\/05\/pociech-768x767.jpg 768w, https:\/\/pans.krosno.pl\/azs\/wp-content\/uploads\/sites\/47\/2020\/05\/pociech-800x799.jpg 800w, https:\/\/pans.krosno.pl\/azs\/wp-content\/uploads\/sites\/47\/2020\/05\/pociech-580x579.jpg 580w, https:\/\/pans.krosno.pl\/azs\/wp-content\/uploads\/sites\/47\/2020\/05\/pociech-80x80.jpg 80w, https:\/\/pans.krosno.pl\/azs\/wp-content\/uploads\/sites\/47\/2020\/05\/pociech.jpg 1024w\" sizes=\"auto, (max-width: 150px) 100vw, 150px\" \/><\/div><a class=\"wp-block-latest-posts__post-title\" href=\"https:\/\/pans.krosno.pl\/azs\/bartlomiej-pociecha\/\">Bart\u0142omiej Pociecha<\/a><time datetime=\"2020-05-29T13:47:45+02:00\" class=\"wp-block-latest-posts__post-date\">29 maja 2020<\/time><div class=\"wp-block-latest-posts__post-excerpt\">Studiowa\u0142 Wychowanie Fizyczne. W trakcie studi\u00f3w reprezentowa\u0142 Polsk\u0119 w turnieju Euro Ice Hockey Challenge na W\u0119grzech. Artyku\u0142y o Bartku: Student PWSZ Krosno powo\u0142any do Hokejowej Reprezentacji Polski Bart\u0142omiej Pociecha &#8211; wikipedia<\/div><\/li>\n<li><div class=\"wp-block-latest-posts__featured-image alignleft\"><img loading=\"lazy\" decoding=\"async\" width=\"150\" height=\"150\" src=\"https:\/\/pans.krosno.pl\/azs\/wp-content\/uploads\/sites\/47\/2020\/05\/Hubert_Demkowicz_STS_Sanok_2015-150x150.jpg\" class=\"attachment-thumbnail size-thumbnail wp-post-image\" alt=\"\" style=\"max-width:150px;max-height:150px;\" srcset=\"https:\/\/pans.krosno.pl\/azs\/wp-content\/uploads\/sites\/47\/2020\/05\/Hubert_Demkowicz_STS_Sanok_2015-150x150.jpg 150w, https:\/\/pans.krosno.pl\/azs\/wp-content\/uploads\/sites\/47\/2020\/05\/Hubert_Demkowicz_STS_Sanok_2015-80x80.jpg 80w\" sizes=\"auto, (max-width: 150px) 100vw, 150px\" \/><\/div><a class=\"wp-block-latest-posts__post-title\" href=\"https:\/\/pans.krosno.pl\/azs\/hubert-demkowicz\/\">Hubert Demkowicz<\/a><time datetime=\"2020-05-29T13:00:30+02:00\" class=\"wp-block-latest-posts__post-date\">29 maja 2020<\/time><div class=\"wp-block-latest-posts__post-excerpt\">Absolwent kierunku Wychowanie Fizyczne, specjalno\u015b\u0107 Odnowa biologiczna z gimnastyk\u0105 korekcyjn\u0105. Prac\u0119 dyplomow\u0105 obroni\u0142 w 2015 roku. Hubert jest hokeist\u0105. W trakcie I roku studi\u00f3w w Kro\u015bnie zosta\u0142 M\u0142odzie\u017cowym Mistrzem Polski w hokeju na lodzie reprezentuj\u0105c dru\u017cyn\u0119 Zag\u0142\u0119bia Sosnowiec&nbsp; S.A. Artyku\u0142y o Hubercie: Student I roku WF PWSZ w Kro\u015bnie Mistrzem Polski Hubert Demkowicz &#8211; wikipedia<\/div><\/li>\n<li><div class=\"wp-block-latest-posts__featured-image alignleft\"><img loading=\"lazy\" decoding=\"async\" width=\"150\" height=\"150\" src=\"https:\/\/pans.krosno.pl\/azs\/wp-content\/uploads\/sites\/47\/2020\/05\/10-150x150.jpg\" class=\"attachment-thumbnail size-thumbnail wp-post-image\" alt=\"\" style=\"max-width:150px;max-height:150px;\" srcset=\"https:\/\/pans.krosno.pl\/azs\/wp-content\/uploads\/sites\/47\/2020\/05\/10-150x150.jpg 150w, https:\/\/pans.krosno.pl\/azs\/wp-content\/uploads\/sites\/47\/2020\/05\/10-300x300.jpg 300w, https:\/\/pans.krosno.pl\/azs\/wp-content\/uploads\/sites\/47\/2020\/05\/10-80x80.jpg 80w, https:\/\/pans.krosno.pl\/azs\/wp-content\/uploads\/sites\/47\/2020\/05\/10.jpg 350w\" sizes=\"auto, (max-width: 150px) 100vw, 150px\" \/><\/div><a class=\"wp-block-latest-posts__post-title\" href=\"https:\/\/pans.krosno.pl\/azs\/lukasz-szczurek\/\">\u0141ukasz Szczurek<\/a><time datetime=\"2020-05-29T12:42:29+02:00\" class=\"wp-block-latest-posts__post-date\">29 maja 2020<\/time><div class=\"wp-block-latest-posts__post-excerpt\">Absolwent kierunku Wychowanie Fizyczne, specjalno\u015b\u0107 Odnowa biologiczna z gimnastyk\u0105 korekcyjn\u0105. Prac\u0119 dyplomow\u0105 obroni\u0142 w 2016 roku. \u0141ukasz jest biatlonist\u0105, kt\u00f3ry wielokrotnie reprezentowa\u0142 Polsk\u0119 na mi\u0119dzynarodowych imprezach sportowych. W trakcie nauki w Kro\u015bnie&nbsp;uczestniczy\u0142 dwukrotnie w Zimowych Igrzyskach Olimpijskich, kt\u00f3re odbywa\u0142y si\u0119 Vancouver oraz w Sochi.&nbsp;Startowa\u0142 w kilkudziesi\u0119ciu Pucharach \u015awiata&nbsp;oraz zdoby\u0142 wiele medali Mistrzostw Polski. Obecnie jest [\u2026] <div class=\"clear\"><\/div><a class=\"more_link clearfix\" href=\"https:\/\/pans.krosno.pl\/azs\/lukasz-szczurek\/\" rel=\"nofollow\">Read More<\/a><\/div><\/li>\n<\/ul>\n\n\n<p><\/p>\n","protected":false},"excerpt":{"rendered":"","protected":false},"author":27,"featured_media":0,"parent":0,"menu_order":0,"comment_status":"closed","ping_status":"closed","template":"page-templates\/template-full-width.php","meta":{"ngg_post_thumbnail":0,"footnotes":""},"class_list":["post-1691","page","type-page","status-publish","hentry"],"yoast_head":"<!-- This site is optimized with the Yoast SEO Premium plugin v27.3 (Yoast SEO v27.3) - https:\/\/yoast.com\/product\/yoast-seo-premium-wordpress\/ -->\n<title>Studiowali z nami - Sport, turystyka, AZS PANS w Kro\u015bnie<\/title>\n<meta name=\"robots\" content=\"index, follow, max-snippet:-1, max-image-preview:large, max-video-preview:-1\" \/>\n<link rel=\"canonical\" href=\"https:\/\/pans.krosno.pl\/azs\/studiowali-z-nami\/\" \/>\n<meta property=\"og:locale\" content=\"pl_PL\" \/>\n<meta property=\"og:type\" content=\"article\" \/>\n<meta property=\"og:title\" content=\"Studiowali z nami\" \/>\n<meta property=\"og:url\" content=\"https:\/\/pans.krosno.pl\/azs\/studiowali-z-nami\/\" \/>\n<meta property=\"og:site_name\" content=\"Sport, turystyka, AZS PANS w Kro\u015bnie\" \/>\n<meta property=\"article:modified_time\" content=\"2025-06-24T09:11:14+00:00\" \/>\n<meta name=\"twitter:card\" content=\"summary_large_image\" \/>\n<script type=\"application\/ld+json\" class=\"yoast-schema-graph\">{\"@context\":\"https:\\\/\\\/schema.org\",\"@graph\":[{\"@type\":\"WebPage\",\"@id\":\"https:\\\/\\\/pans.krosno.pl\\\/azs\\\/studiowali-z-nami\\\/\",\"url\":\"https:\\\/\\\/pans.krosno.pl\\\/azs\\\/studiowali-z-nami\\\/\",\"name\":\"Studiowali z nami - Sport, turystyka, AZS PANS w Kro\u015bnie\",\"isPartOf\":{\"@id\":\"https:\\\/\\\/pans.krosno.pl\\\/azs\\\/#website\"},\"datePublished\":\"2020-05-06T11:02:12+00:00\",\"dateModified\":\"2025-06-24T09:11:14+00:00\",\"breadcrumb\":{\"@id\":\"https:\\\/\\\/pans.krosno.pl\\\/azs\\\/studiowali-z-nami\\\/#breadcrumb\"},\"inLanguage\":\"pl-PL\",\"potentialAction\":[{\"@type\":\"ReadAction\",\"target\":[\"https:\\\/\\\/pans.krosno.pl\\\/azs\\\/studiowali-z-nami\\\/\"]}]},{\"@type\":\"BreadcrumbList\",\"@id\":\"https:\\\/\\\/pans.krosno.pl\\\/azs\\\/studiowali-z-nami\\\/#breadcrumb\",\"itemListElement\":[{\"@type\":\"ListItem\",\"position\":1,\"name\":\"Strona g\u0142\u00f3wna\",\"item\":\"https:\\\/\\\/pans.krosno.pl\\\/azs\\\/\"},{\"@type\":\"ListItem\",\"position\":2,\"name\":\"Studiowali z nami\"}]},{\"@type\":\"WebSite\",\"@id\":\"https:\\\/\\\/pans.krosno.pl\\\/azs\\\/#website\",\"url\":\"https:\\\/\\\/pans.krosno.pl\\\/azs\\\/\",\"name\":\"Sport, turystyka, AZS PANS w Kro\u015bnie\",\"description\":\"Sport, turystyka, AZS PANS - Pa\u0144stwowa Akademia Nauk Stosowanych\",\"publisher\":{\"@id\":\"https:\\\/\\\/pans.krosno.pl\\\/azs\\\/#organization\"},\"potentialAction\":[{\"@type\":\"SearchAction\",\"target\":{\"@type\":\"EntryPoint\",\"urlTemplate\":\"https:\\\/\\\/pans.krosno.pl\\\/azs\\\/?s={search_term_string}\"},\"query-input\":{\"@type\":\"PropertyValueSpecification\",\"valueRequired\":true,\"valueName\":\"search_term_string\"}}],\"inLanguage\":\"pl-PL\"},{\"@type\":\"Organization\",\"@id\":\"https:\\\/\\\/pans.krosno.pl\\\/azs\\\/#organization\",\"name\":\"Sport, turystyka, AZS PANS w Kro\u015bnie\",\"url\":\"https:\\\/\\\/pans.krosno.pl\\\/azs\\\/\",\"logo\":{\"@type\":\"ImageObject\",\"inLanguage\":\"pl-PL\",\"@id\":\"https:\\\/\\\/pans.krosno.pl\\\/azs\\\/#\\\/schema\\\/logo\\\/image\\\/\",\"url\":\"https:\\\/\\\/pans.krosno.pl\\\/azs\\\/wp-content\\\/uploads\\\/sites\\\/47\\\/2023\\\/01\\\/Logo-PANS-2022-pelne.png\",\"contentUrl\":\"https:\\\/\\\/pans.krosno.pl\\\/azs\\\/wp-content\\\/uploads\\\/sites\\\/47\\\/2023\\\/01\\\/Logo-PANS-2022-pelne.png\",\"width\":3096,\"height\":696,\"caption\":\"Sport, turystyka, AZS PANS w Kro\u015bnie\"},\"image\":{\"@id\":\"https:\\\/\\\/pans.krosno.pl\\\/azs\\\/#\\\/schema\\\/logo\\\/image\\\/\"}}]}<\/script>\n<!-- \/ Yoast SEO Premium plugin. -->","yoast_head_json":{"title":"Studiowali z nami - Sport, turystyka, AZS PANS w Kro\u015bnie","robots":{"index":"index","follow":"follow","max-snippet":"max-snippet:-1","max-image-preview":"max-image-preview:large","max-video-preview":"max-video-preview:-1"},"canonical":"https:\/\/pans.krosno.pl\/azs\/studiowali-z-nami\/","og_locale":"pl_PL","og_type":"article","og_title":"Studiowali z nami","og_url":"https:\/\/pans.krosno.pl\/azs\/studiowali-z-nami\/","og_site_name":"Sport, turystyka, AZS PANS w Kro\u015bnie","article_modified_time":"2025-06-24T09:11:14+00:00","twitter_card":"summary_large_image","schema":{"@context":"https:\/\/schema.org","@graph":[{"@type":"WebPage","@id":"https:\/\/pans.krosno.pl\/azs\/studiowali-z-nami\/","url":"https:\/\/pans.krosno.pl\/azs\/studiowali-z-nami\/","name":"Studiowali z nami - Sport, turystyka, AZS PANS w Kro\u015bnie","isPartOf":{"@id":"https:\/\/pans.krosno.pl\/azs\/#website"},"datePublished":"2020-05-06T11:02:12+00:00","dateModified":"2025-06-24T09:11:14+00:00","breadcrumb":{"@id":"https:\/\/pans.krosno.pl\/azs\/studiowali-z-nami\/#breadcrumb"},"inLanguage":"pl-PL","potentialAction":[{"@type":"ReadAction","target":["https:\/\/pans.krosno.pl\/azs\/studiowali-z-nami\/"]}]},{"@type":"BreadcrumbList","@id":"https:\/\/pans.krosno.pl\/azs\/studiowali-z-nami\/#breadcrumb","itemListElement":[{"@type":"ListItem","position":1,"name":"Strona g\u0142\u00f3wna","item":"https:\/\/pans.krosno.pl\/azs\/"},{"@type":"ListItem","position":2,"name":"Studiowali z nami"}]},{"@type":"WebSite","@id":"https:\/\/pans.krosno.pl\/azs\/#website","url":"https:\/\/pans.krosno.pl\/azs\/","name":"Sport, turystyka, AZS PANS w Kro\u015bnie","description":"Sport, turystyka, AZS PANS - Pa\u0144stwowa Akademia Nauk Stosowanych","publisher":{"@id":"https:\/\/pans.krosno.pl\/azs\/#organization"},"potentialAction":[{"@type":"SearchAction","target":{"@type":"EntryPoint","urlTemplate":"https:\/\/pans.krosno.pl\/azs\/?s={search_term_string}"},"query-input":{"@type":"PropertyValueSpecification","valueRequired":true,"valueName":"search_term_string"}}],"inLanguage":"pl-PL"},{"@type":"Organization","@id":"https:\/\/pans.krosno.pl\/azs\/#organization","name":"Sport, turystyka, AZS PANS w Kro\u015bnie","url":"https:\/\/pans.krosno.pl\/azs\/","logo":{"@type":"ImageObject","inLanguage":"pl-PL","@id":"https:\/\/pans.krosno.pl\/azs\/#\/schema\/logo\/image\/","url":"https:\/\/pans.krosno.pl\/azs\/wp-content\/uploads\/sites\/47\/2023\/01\/Logo-PANS-2022-pelne.png","contentUrl":"https:\/\/pans.krosno.pl\/azs\/wp-content\/uploads\/sites\/47\/2023\/01\/Logo-PANS-2022-pelne.png","width":3096,"height":696,"caption":"Sport, turystyka, AZS PANS w Kro\u015bnie"},"image":{"@id":"https:\/\/pans.krosno.pl\/azs\/#\/schema\/logo\/image\/"}}]}},"_links":{"self":[{"href":"https:\/\/pans.krosno.pl\/azs\/wp-json\/wp\/v2\/pages\/1691","targetHints":{"allow":["GET"]}}],"collection":[{"href":"https:\/\/pans.krosno.pl\/azs\/wp-json\/wp\/v2\/pages"}],"about":[{"href":"https:\/\/pans.krosno.pl\/azs\/wp-json\/wp\/v2\/types\/page"}],"author":[{"embeddable":true,"href":"https:\/\/pans.krosno.pl\/azs\/wp-json\/wp\/v2\/users\/27"}],"replies":[{"embeddable":true,"href":"https:\/\/pans.krosno.pl\/azs\/wp-json\/wp\/v2\/comments?post=1691"}],"version-history":[{"count":6,"href":"https:\/\/pans.krosno.pl\/azs\/wp-json\/wp\/v2\/pages\/1691\/revisions"}],"predecessor-version":[{"id":4661,"href":"https:\/\/pans.krosno.pl\/azs\/wp-json\/wp\/v2\/pages\/1691\/revisions\/4661"}],"wp:attachment":[{"href":"https:\/\/pans.krosno.pl\/azs\/wp-json\/wp\/v2\/media?parent=1691"}],"curies":[{"name":"wp","href":"https:\/\/api.w.org\/{rel}","templated":true}]}}