{"id":1690,"date":"2020-05-06T13:02:12","date_gmt":"2020-05-06T11:02:12","guid":{"rendered":"https:\/\/pans.krosno.pl\/azs\/?page_id=1690"},"modified":"2025-06-24T11:00:48","modified_gmt":"2025-06-24T09:00:48","slug":"najlepsze-osiagniecia","status":"publish","type":"page","link":"https:\/\/pans.krosno.pl\/azs\/najlepsze-osiagniecia\/","title":{"rendered":"Najlepsze osi\u0105gni\u0119cia"},"content":{"rendered":"<ul class=\"wp-block-latest-posts__list has-dates wp-block-latest-posts\"><li><div class=\"wp-block-latest-posts__featured-image alignleft\"><img loading=\"lazy\" decoding=\"async\" width=\"150\" height=\"150\" src=\"https:\/\/pans.krosno.pl\/azs\/wp-content\/uploads\/sites\/47\/2020\/05\/final_3-150x150.jpg\" class=\"attachment-thumbnail size-thumbnail wp-post-image\" alt=\"\" style=\"max-width:150px;max-height:150px;\" \/><\/div><a class=\"wp-block-latest-posts__post-title\" href=\"https:\/\/pans.krosno.pl\/azs\/siatkarki-pwsz-w-krosnie-z-dwoma-medalami-akademickich-mistrzostw-polski\/\">Siatkarki PWSZ w Kro\u015bnie z dwoma medalami Akademickich Mistrzostw Polski<\/a><time datetime=\"2018-04-30T13:53:00+02:00\" class=\"wp-block-latest-posts__post-date\">30 kwietnia 2018<\/time><div class=\"wp-block-latest-posts__post-excerpt\">Tegoroczne Akademickie Mistrzostwa Polski w Pi\u0142ce Siatkowej Kobiet odby\u0142y si\u0119 w dniach 26-29 kwietnia w Poznaniu.&nbsp; Aby wzi\u0105\u0107 udzia\u0142 w turnieju fina\u0142owym, nasze reprezentantki musia\u0142y przebrn\u0105\u0107 przez eliminacje wojew\u00f3dzkie (Krosno, 07 marca 2018 roku)&nbsp; oraz turniej p\u00f3\u0142fina\u0142owy (Lublin, 13-15 kwietnia 2018 roku).&nbsp; W Akademickich Mistrzostwach Polski wzi\u0119\u0142o udzia\u0142 15 najlepszych dru\u017cyn z ca\u0142ej Polski, w [\u2026] <div class=\"clear\"><\/div><a class=\"more_link clearfix\" href=\"https:\/\/pans.krosno.pl\/azs\/siatkarki-pwsz-w-krosnie-z-dwoma-medalami-akademickich-mistrzostw-polski\/\" rel=\"nofollow\">Read More<\/a><\/div><\/li>\n<li><div class=\"wp-block-latest-posts__featured-image alignleft\"><img loading=\"lazy\" decoding=\"async\" width=\"150\" height=\"150\" src=\"https:\/\/pans.krosno.pl\/azs\/wp-content\/uploads\/sites\/47\/2020\/05\/a01_9-150x150.jpg\" class=\"attachment-thumbnail size-thumbnail wp-post-image\" alt=\"\" style=\"max-width:150px;max-height:150px;\" srcset=\"https:\/\/pans.krosno.pl\/azs\/wp-content\/uploads\/sites\/47\/2020\/05\/a01_9-150x150.jpg 150w, https:\/\/pans.krosno.pl\/azs\/wp-content\/uploads\/sites\/47\/2020\/05\/a01_9-300x300.jpg 300w, https:\/\/pans.krosno.pl\/azs\/wp-content\/uploads\/sites\/47\/2020\/05\/a01_9-580x580.jpg 580w, https:\/\/pans.krosno.pl\/azs\/wp-content\/uploads\/sites\/47\/2020\/05\/a01_9.jpg 740w\" sizes=\"auto, (max-width: 150px) 100vw, 150px\" \/><\/div><a class=\"wp-block-latest-posts__post-title\" href=\"https:\/\/pans.krosno.pl\/azs\/studenci-pwsz-w-krosnie-na-akademickich-mistrzostwach-polski-w-biegach-przelajowych\/\">Studenci PWSZ w Kro\u015bnie na Akademickich Mistrzostwach Polski w Biegach Prze\u0142ajowych<\/a><time datetime=\"2018-03-28T11:02:00+02:00\" class=\"wp-block-latest-posts__post-date\">28 marca 2018<\/time><div class=\"wp-block-latest-posts__post-excerpt\">Akademickie&nbsp;Mistrzostwa Polski w Biegach Prze\u0142ajowych&nbsp; W dniach 23-24 marca 2018 roku w Siemianowicach \u015al\u0105skich odby\u0142 si\u0119 fina\u0142 Akademickich Mistrzostw Polski w Biegach Prze\u0142ajowych.Nasz\u0105 uczelni\u0119 reprezentowa\u0142o 9 studentek oraz student\u00f3w z r\u00f3\u017cnych kierunk\u00f3w.&nbsp; Najwi\u0119ksze gratulacje nale\u017c\u0105 si\u0119 naszym Paniom, kt\u00f3re dru\u017cynowo zaj\u0119\u0142y II miejsce w Klasyfikacji dru\u017cynowej kobiet w typach uczelni &#8211; Wy\u017cszych Szko\u0142ach Zawodowych&nbsp;Szczeg\u00f3lnie istotn\u0105 [\u2026] <div class=\"clear\"><\/div><a class=\"more_link clearfix\" href=\"https:\/\/pans.krosno.pl\/azs\/studenci-pwsz-w-krosnie-na-akademickich-mistrzostwach-polski-w-biegach-przelajowych\/\" rel=\"nofollow\">Read More<\/a><\/div><\/li>\n<li><div class=\"wp-block-latest-posts__featured-image alignleft\"><img loading=\"lazy\" decoding=\"async\" width=\"150\" height=\"150\" src=\"https:\/\/pans.krosno.pl\/azs\/wp-content\/uploads\/sites\/47\/2020\/05\/19182088_1284135171712034_185400965_o-150x150.jpg\" class=\"attachment-thumbnail size-thumbnail wp-post-image\" alt=\"\" style=\"max-width:150px;max-height:150px;\" \/><\/div><a class=\"wp-block-latest-posts__post-title\" href=\"https:\/\/pans.krosno.pl\/azs\/sukces-na-akademickich-mistrzostwach-polski\/\">Sukces na Akademickich Mistrzostwach Polski<\/a><time datetime=\"2017-06-06T13:55:00+02:00\" class=\"wp-block-latest-posts__post-date\">6 czerwca 2017<\/time><div class=\"wp-block-latest-posts__post-excerpt\">Studentki oraz studenci PWSZ&nbsp;w Kro\u015bnie w dniach 25-27 maja 2017 roku brali udzia\u0142 w Akademickich Mistrzostwach Polski w Lekkiej Atletyce. Nasz\u0105 uczelni\u0119 reprezentowa\u0142a dru\u017cyna w sk\u0142adzie:Kubit Aneta, N\u00f3\u017cka Natalia, Ja\u017awiecki Stanis\u0142aw oraz Pabisz Miros\u0142aw. Mistrzostwa zorganizowane zosta\u0142y przez Politechnik\u0119 \u0141\u00f3dzk\u0105. Nasi studenci na mistrzostwach szczeg\u00f3lnie dobrze spisali si\u0119 w biegu na 1500 m.&nbsp;Miros\u0142aw Pabisz&nbsp;zaj\u0105\u0142 pierwsze [\u2026] <div class=\"clear\"><\/div><a class=\"more_link clearfix\" href=\"https:\/\/pans.krosno.pl\/azs\/sukces-na-akademickich-mistrzostwach-polski\/\" rel=\"nofollow\">Read More<\/a><\/div><\/li>\n<li><div class=\"wp-block-latest-posts__featured-image alignleft\"><img loading=\"lazy\" decoding=\"async\" width=\"150\" height=\"150\" src=\"https:\/\/pans.krosno.pl\/azs\/wp-content\/uploads\/sites\/47\/2020\/05\/img_1151-150x150.jpg\" class=\"attachment-thumbnail size-thumbnail wp-post-image\" alt=\"\" style=\"max-width:150px;max-height:150px;\" \/><\/div><a class=\"wp-block-latest-posts__post-title\" href=\"https:\/\/pans.krosno.pl\/azs\/siatkarki-pwsz-krosno-akademickimi-wicemistrzyniami-polski\/\">Siatkarki PWSZ KROSNO Akademickimi Wicemistrzyniami Polski<\/a><time datetime=\"2017-05-06T13:57:00+02:00\" class=\"wp-block-latest-posts__post-date\">6 maja 2017<\/time><div class=\"wp-block-latest-posts__post-excerpt\">PWSZ Krosno Akademickim Wicemistrzem Polski !!! Tegoroczny fina\u0142owy turniej&nbsp; Akademickich Mistrzostw Polski w pi\u0142ce siatkowej odby\u0142 si\u0119 w Opolu w dniach 4-7 maja. W trzy dni nasza \u017ce\u0144ska dru\u017cyna rozegra\u0142a sze\u015b\u0107 spotka\u0144. Rozpocz\u0119li\u015bmy zmaganiami grupowymi gdzie odnie\u015bli\u015bmy komplet trzech zwyci\u0119stw kolejno z Uniwersytetem Opolskim, UWM Olsztyn i Uniwersytetem Szczeci\u0144skim. W fazie \u0107wier\u0107fina\u0142owej wygrali\u015bmy z dobrze [\u2026] <div class=\"clear\"><\/div><a class=\"more_link clearfix\" href=\"https:\/\/pans.krosno.pl\/azs\/siatkarki-pwsz-krosno-akademickimi-wicemistrzyniami-polski\/\" rel=\"nofollow\">Read More<\/a><\/div><\/li>\n<li><div class=\"wp-block-latest-posts__featured-image alignleft\"><img loading=\"lazy\" decoding=\"async\" width=\"150\" height=\"150\" src=\"https:\/\/pans.krosno.pl\/azs\/wp-content\/uploads\/sites\/47\/2020\/05\/reprezentacja_azs_pwsz_krosno-150x150.jpg\" class=\"attachment-thumbnail size-thumbnail wp-post-image\" alt=\"\" style=\"max-width:150px;max-height:150px;\" \/><\/div><a class=\"wp-block-latest-posts__post-title\" href=\"https:\/\/pans.krosno.pl\/azs\/mistrzowscy-biegacze-pwsz-w-krosnie\/\">Mistrzowscy biegacze PWSZ w Kro\u015bnie<\/a><time datetime=\"2017-03-06T17:44:00+01:00\" class=\"wp-block-latest-posts__post-date\">6 marca 2017<\/time><div class=\"wp-block-latest-posts__post-excerpt\">M\u0119ska dru\u017cyna AZS&nbsp;PWSZ&nbsp;KROSNO&nbsp;zaj\u0119\u0142a&nbsp;I&nbsp;miejsce w Akademickich Mistrzostwach Polski w Biegach Prze\u0142ajowych&nbsp;w klasyfikacji Wy\u017cszych Szk\u00f3\u0142 Zawodowych. AMPy, kt\u00f3rych organizatorem by\u0142a Politechnika \u0141\u00f3dzka, odby\u0142y si\u0119 w dniach 25-26 marca 2017 roku.&nbsp; Nasz\u0105 uczelni\u0119 reprezentowa\u0142a dru\u017cyna \u017ce\u0144ska w sk\u0142adzie: Patrycja Dudzi\u0144ska (II&nbsp;WF) Natalia \u015anie\u017cek (II&nbsp;WF) Natalia N\u00f3\u017cka (I&nbsp;FA) Aneta Kubit (I&nbsp;Pedagogika) Sk\u0142ad m\u0119skiej dru\u017cyny:&nbsp; Dawid Rogus (II&nbsp;WF) Miros\u0142aw Pabisz [\u2026] <div class=\"clear\"><\/div><a class=\"more_link clearfix\" href=\"https:\/\/pans.krosno.pl\/azs\/mistrzowscy-biegacze-pwsz-w-krosnie\/\" rel=\"nofollow\">Read More<\/a><\/div><\/li>\n<li><div class=\"wp-block-latest-posts__featured-image alignleft\"><img loading=\"lazy\" decoding=\"async\" width=\"150\" height=\"150\" src=\"https:\/\/pans.krosno.pl\/azs\/wp-content\/uploads\/sites\/47\/2020\/05\/20160603_184159-150x150.jpg\" class=\"attachment-thumbnail size-thumbnail wp-post-image\" alt=\"\" style=\"max-width:150px;max-height:150px;\" \/><\/div><a class=\"wp-block-latest-posts__post-title\" href=\"https:\/\/pans.krosno.pl\/azs\/sukces-lekkoatletow-azs-pwsz-krosno\/\">Sukces lekkoatlet\u00f3w AZS PWSZ KROSNO<\/a><time datetime=\"2016-06-06T17:45:00+02:00\" class=\"wp-block-latest-posts__post-date\">6 czerwca 2016<\/time><div class=\"wp-block-latest-posts__post-excerpt\">W dniach 2-4 czerwca 2016 roku w \u0141odzi odby\u0142y si\u0119 Akademickie Mistrzostwa Polski w Lekkiej Atletyce. Miros\u0142aw Pabisz, student II roku kierunek Budownictwo, zaj\u0105\u0142 I miejsce w kategorii Wy\u017cszych Szk\u00f3\u0142 Zawodowych rywalizuj\u0105c w biegu na 1500m, natomiast Stanis\u0142aw Ja\u017awiecki zaj\u0105\u0142 r\u00f3wnie\u017c wysokie 5 miejsce. Wyniki naszych lekkoatlet\u00f3w:Stanis\u0142aw Ja\u017awiecki1500m &#8211; 4;32;24 &#8211; 5 miejsce w kategorii [\u2026] <div class=\"clear\"><\/div><a class=\"more_link clearfix\" href=\"https:\/\/pans.krosno.pl\/azs\/sukces-lekkoatletow-azs-pwsz-krosno\/\" rel=\"nofollow\">Read More<\/a><\/div><\/li>\n<li><div class=\"wp-block-latest-posts__featured-image alignleft\"><img loading=\"lazy\" decoding=\"async\" width=\"150\" height=\"150\" src=\"https:\/\/pans.krosno.pl\/azs\/wp-content\/uploads\/sites\/47\/2020\/05\/siatkarki_amp_2016-150x150.jpg\" class=\"attachment-thumbnail size-thumbnail wp-post-image\" alt=\"\" style=\"max-width:150px;max-height:150px;\" \/><\/div><a class=\"wp-block-latest-posts__post-title\" href=\"https:\/\/pans.krosno.pl\/azs\/zlote-siatkarki-pwsz-krosno\/\">Z\u0142ote siatkarki PWSZ KROSNO<\/a><time datetime=\"2016-05-06T17:46:00+02:00\" class=\"wp-block-latest-posts__post-date\">6 maja 2016<\/time><div class=\"wp-block-latest-posts__post-excerpt\">W dniach od 29 kwietnia 2016 roku do&nbsp;&nbsp;02 maja 2016 roku w Warszawie odby\u0142 si\u0119&nbsp;Fina\u0142 Akademickich Mistrzostw Polski w pi\u0142ce siatkowej kobiet, w kt\u00f3rej udzia\u0142 wzi\u0119\u0142a reprezentacja naszej Uczelni. PWSZ Krosno po czterech kolejnych tytu\u0142ach mistrzowskich wyrusza\u0142 do Warszawy jako jeden z faworyt\u00f3w do z\u0142ota. Niestety tym razem lepsze od naszych dziewczyn okaza\u0142y si\u0119 dru\u017cyny [\u2026] <div class=\"clear\"><\/div><a class=\"more_link clearfix\" href=\"https:\/\/pans.krosno.pl\/azs\/zlote-siatkarki-pwsz-krosno\/\" rel=\"nofollow\">Read More<\/a><\/div><\/li>\n<li><div class=\"wp-block-latest-posts__featured-image alignleft\"><img loading=\"lazy\" decoding=\"async\" width=\"150\" height=\"150\" src=\"https:\/\/pans.krosno.pl\/azs\/wp-content\/uploads\/sites\/47\/2020\/05\/img_20160416_141034405-150x150.jpg\" class=\"attachment-thumbnail size-thumbnail wp-post-image\" alt=\"\" style=\"max-width:150px;max-height:150px;\" \/><\/div><a class=\"wp-block-latest-posts__post-title\" href=\"https:\/\/pans.krosno.pl\/azs\/zloci-zawodnicy-azs-pwsz-krosno\/\">Z\u0142oci zawodnicy AZS PWSZ KROSNO<\/a><time datetime=\"2016-04-06T17:47:00+02:00\" class=\"wp-block-latest-posts__post-date\">6 kwietnia 2016<\/time><div class=\"wp-block-latest-posts__post-excerpt\">Team&nbsp;AZS PWSZ KROSNO&nbsp;zaj\u0105\u0142 dru\u017cynowo&nbsp;I miejsce w Akademickich Mistrzostwach Polski&nbsp;w biegach prze\u0142ajowych&nbsp;w kategorii Wy\u017cszych Szk\u00f3\u0142 Zawodowych.&nbsp;&nbsp;Mistrzostwa odby\u0142y si\u0119 w \u0141odzi, a organizatorem by\u0142a Politechnika \u0141\u00f3dzka. Nasi studenci rywalizowali na dystansie 4,5 km oraz 9 km. Poni\u017cej przedstawiamy wynik rywalizacji naszych zawodnik\u00f3w: Miros\u0142aw Pabisz&nbsp;(Budownictwo) 32 miejsce open,&nbsp;2 miejsce w kategorii WSZ, dystans 4,5km Stanis\u0142aw Ja\u017awiecki&nbsp;(Mechanika i budowa [\u2026] <div class=\"clear\"><\/div><a class=\"more_link clearfix\" href=\"https:\/\/pans.krosno.pl\/azs\/zloci-zawodnicy-azs-pwsz-krosno\/\" rel=\"nofollow\">Read More<\/a><\/div><\/li>\n<li><div class=\"wp-block-latest-posts__featured-image alignleft\"><img loading=\"lazy\" decoding=\"async\" width=\"150\" height=\"150\" src=\"https:\/\/pans.krosno.pl\/azs\/wp-content\/uploads\/sites\/47\/2020\/05\/y3-150x150.jpg\" class=\"attachment-thumbnail size-thumbnail wp-post-image\" alt=\"\" style=\"max-width:150px;max-height:150px;\" \/><\/div><a class=\"wp-block-latest-posts__post-title\" href=\"https:\/\/pans.krosno.pl\/azs\/zlote-siatkarki-azs-pwsz-krosno\/\">Z\u0142ote Siatkarki AZS PWSZ KROSNO<\/a><time datetime=\"2015-05-06T17:50:00+02:00\" class=\"wp-block-latest-posts__post-date\">6 maja 2015<\/time><div class=\"wp-block-latest-posts__post-excerpt\">W d\u0142ugi, majowy weekend&nbsp;Siatkarki AZS&nbsp;PWSZ&nbsp;KROSNO&nbsp;wzi\u0119\u0142y udzia\u0142,&nbsp; w organizowanym przez Uniwersytet Przyrodniczy we Wroc\u0142awiu,&nbsp;fina\u0142owym turnieju Akademickich Mistrzostw Polski w Pi\u0142ce Siatkowej Kobiet.&nbsp;W turnieju wzi\u0119\u0142o udzia\u0142 16 dru\u017cyn z ca\u0142ej Polski, kt\u00f3re przesz\u0142y wcze\u015bniej eliminacje wojew\u00f3dzkie, oraz turnieje p\u00f3\u0142fina\u0142owe. Siatkarki AZS&nbsp;PWSZ&nbsp;KROSNO&nbsp;zwyci\u0119\u017ca\u0142y kolejno w trzech ostatnich sezonach:&nbsp;2011\/2012, 2012\/2013, 2013\/2014, dlatego i tym razem dziewczyny jecha\u0142y na turniej z [\u2026] <div class=\"clear\"><\/div><a class=\"more_link clearfix\" href=\"https:\/\/pans.krosno.pl\/azs\/zlote-siatkarki-azs-pwsz-krosno\/\" rel=\"nofollow\">Read More<\/a><\/div><\/li>\n<li><div class=\"wp-block-latest-posts__featured-image alignleft\"><img loading=\"lazy\" decoding=\"async\" width=\"150\" height=\"150\" src=\"https:\/\/pans.krosno.pl\/azs\/wp-content\/uploads\/sites\/47\/2020\/05\/78-150x150.jpg\" class=\"attachment-thumbnail size-thumbnail wp-post-image\" alt=\"\" style=\"max-width:150px;max-height:150px;\" \/><\/div><a class=\"wp-block-latest-posts__post-title\" href=\"https:\/\/pans.krosno.pl\/azs\/srebrni-lekkoatleci-azs-pwsz-krosno\/\">Srebrni lekkoatleci AZS PWSZ KROSNO<\/a><time datetime=\"2015-05-06T17:49:00+02:00\" class=\"wp-block-latest-posts__post-date\">6 maja 2015<\/time><div class=\"wp-block-latest-posts__post-excerpt\">AKADEMICKIE MISTRZOSTWA POLSKI W LEKKIEJ ATLETYCE W dniach 22-23 maja br. w \u0141odzi odby\u0142y si\u0119 Akademickie Mistrzostwa Polski w lekkiej atletyce. PWSZ w Kro\u015bnie reprezentowa\u0142o pi\u0119cioro student\u00f3w z r\u00f3\u017cnych kierunk\u00f3w studi\u00f3w. Podczas mistrzostw studenci reprezentowali nasz\u0105 uczelni\u0119 w nast\u0119puj\u0105cych kategoriach: 100 m, 400 m, 800 m, skok w dal, pchni\u0119cie kul\u0105 oraz sztafeta 4 x [\u2026] <div class=\"clear\"><\/div><a class=\"more_link clearfix\" href=\"https:\/\/pans.krosno.pl\/azs\/srebrni-lekkoatleci-azs-pwsz-krosno\/\" rel=\"nofollow\">Read More<\/a><\/div><\/li>\n<li><div class=\"wp-block-latest-posts__featured-image alignleft\"><img loading=\"lazy\" decoding=\"async\" width=\"150\" height=\"150\" src=\"https:\/\/pans.krosno.pl\/azs\/wp-content\/uploads\/sites\/47\/2020\/05\/mirek-1-150x150.jpg\" class=\"attachment-thumbnail size-thumbnail wp-post-image\" alt=\"\" style=\"max-width:150px;max-height:150px;\" \/><\/div><a class=\"wp-block-latest-posts__post-title\" href=\"https:\/\/pans.krosno.pl\/azs\/podium-dla-biegaczy-azs-pwsz-krosno-na-akademickich-mistrzostwach-polski-w-biegach-przelajowych\/\">Podium dla Biegaczy AZS PWSZ KROSNO na Akademickich Mistrzostwach Polski w Biegach Prze\u0142ajowych<\/a><time datetime=\"2015-04-06T17:51:00+02:00\" class=\"wp-block-latest-posts__post-date\">6 kwietnia 2015<\/time><div class=\"wp-block-latest-posts__post-excerpt\">Akademickie Mistrzostwa Polski w Biegach Prze\u0142ajowych 2015 w \u0141odzi W miniony weekend w \u0141odzi odby\u0142y si\u0119 Akademickie Mistrzostwa Polski w Biegach Prze\u0142ajowych.&nbsp; W Mistrzostwach bra\u0142o udzia\u0142 180 kobiet 180 m\u0119\u017cczyzn z 47 uczelni z ca\u0142ej Polski.&nbsp; Nasz\u0105 uczelni\u0119 reprezentowa\u0142y 3 studentki oraz 4 student\u00f3w z r\u00f3\u017cnych kierunk\u00f3w. Serdecznie&nbsp; gratulujemy wszystkim zawodnikom, a w szczeg\u00f3lno\u015bci Mi\u0142oszowi [\u2026] <div class=\"clear\"><\/div><a class=\"more_link clearfix\" href=\"https:\/\/pans.krosno.pl\/azs\/podium-dla-biegaczy-azs-pwsz-krosno-na-akademickich-mistrzostwach-polski-w-biegach-przelajowych\/\" rel=\"nofollow\">Read More<\/a><\/div><\/li>\n<\/ul>","protected":false},"excerpt":{"rendered":"","protected":false},"author":27,"featured_media":0,"parent":0,"menu_order":0,"comment_status":"closed","ping_status":"closed","template":"page-templates\/template-full-width.php","meta":{"ngg_post_thumbnail":0,"footnotes":""},"class_list":["post-1690","page","type-page","status-publish","hentry"],"yoast_head":"<!-- This site is optimized with the Yoast SEO Premium plugin v27.4 (Yoast SEO v27.4) - https:\/\/yoast.com\/product\/yoast-seo-premium-wordpress\/ -->\n<title>Najlepsze osi\u0105gni\u0119cia - Sport, turystyka, AZS PANS w Kro\u015bnie<\/title>\n<meta name=\"robots\" content=\"index, follow, max-snippet:-1, max-image-preview:large, max-video-preview:-1\" \/>\n<link rel=\"canonical\" href=\"https:\/\/pans.krosno.pl\/azs\/najlepsze-osiagniecia\/\" \/>\n<meta property=\"og:locale\" content=\"pl_PL\" \/>\n<meta property=\"og:type\" content=\"article\" \/>\n<meta property=\"og:title\" content=\"Najlepsze osi\u0105gni\u0119cia\" \/>\n<meta property=\"og:url\" content=\"https:\/\/pans.krosno.pl\/azs\/najlepsze-osiagniecia\/\" \/>\n<meta property=\"og:site_name\" content=\"Sport, turystyka, AZS PANS w Kro\u015bnie\" \/>\n<meta property=\"article:modified_time\" content=\"2025-06-24T09:00:48+00:00\" \/>\n<meta name=\"twitter:card\" content=\"summary_large_image\" \/>\n<script type=\"application\/ld+json\" class=\"yoast-schema-graph\">{\"@context\":\"https:\\\/\\\/schema.org\",\"@graph\":[{\"@type\":\"WebPage\",\"@id\":\"https:\\\/\\\/pans.krosno.pl\\\/azs\\\/najlepsze-osiagniecia\\\/\",\"url\":\"https:\\\/\\\/pans.krosno.pl\\\/azs\\\/najlepsze-osiagniecia\\\/\",\"name\":\"Najlepsze osi\u0105gni\u0119cia - Sport, turystyka, AZS PANS w Kro\u015bnie\",\"isPartOf\":{\"@id\":\"https:\\\/\\\/pans.krosno.pl\\\/azs\\\/#website\"},\"datePublished\":\"2020-05-06T11:02:12+00:00\",\"dateModified\":\"2025-06-24T09:00:48+00:00\",\"breadcrumb\":{\"@id\":\"https:\\\/\\\/pans.krosno.pl\\\/azs\\\/najlepsze-osiagniecia\\\/#breadcrumb\"},\"inLanguage\":\"pl-PL\",\"potentialAction\":[{\"@type\":\"ReadAction\",\"target\":[\"https:\\\/\\\/pans.krosno.pl\\\/azs\\\/najlepsze-osiagniecia\\\/\"]}]},{\"@type\":\"BreadcrumbList\",\"@id\":\"https:\\\/\\\/pans.krosno.pl\\\/azs\\\/najlepsze-osiagniecia\\\/#breadcrumb\",\"itemListElement\":[{\"@type\":\"ListItem\",\"position\":1,\"name\":\"Strona g\u0142\u00f3wna\",\"item\":\"https:\\\/\\\/pans.krosno.pl\\\/azs\\\/\"},{\"@type\":\"ListItem\",\"position\":2,\"name\":\"Najlepsze osi\u0105gni\u0119cia\"}]},{\"@type\":\"WebSite\",\"@id\":\"https:\\\/\\\/pans.krosno.pl\\\/azs\\\/#website\",\"url\":\"https:\\\/\\\/pans.krosno.pl\\\/azs\\\/\",\"name\":\"Sport, turystyka, AZS PANS w Kro\u015bnie\",\"description\":\"Sport, turystyka, AZS PANS - Pa\u0144stwowa Akademia Nauk Stosowanych\",\"publisher\":{\"@id\":\"https:\\\/\\\/pans.krosno.pl\\\/azs\\\/#organization\"},\"potentialAction\":[{\"@type\":\"SearchAction\",\"target\":{\"@type\":\"EntryPoint\",\"urlTemplate\":\"https:\\\/\\\/pans.krosno.pl\\\/azs\\\/?s={search_term_string}\"},\"query-input\":{\"@type\":\"PropertyValueSpecification\",\"valueRequired\":true,\"valueName\":\"search_term_string\"}}],\"inLanguage\":\"pl-PL\"},{\"@type\":\"Organization\",\"@id\":\"https:\\\/\\\/pans.krosno.pl\\\/azs\\\/#organization\",\"name\":\"Sport, turystyka, AZS PANS w Kro\u015bnie\",\"url\":\"https:\\\/\\\/pans.krosno.pl\\\/azs\\\/\",\"logo\":{\"@type\":\"ImageObject\",\"inLanguage\":\"pl-PL\",\"@id\":\"https:\\\/\\\/pans.krosno.pl\\\/azs\\\/#\\\/schema\\\/logo\\\/image\\\/\",\"url\":\"https:\\\/\\\/pans.krosno.pl\\\/azs\\\/wp-content\\\/uploads\\\/sites\\\/47\\\/2023\\\/01\\\/Logo-PANS-2022-pelne.png\",\"contentUrl\":\"https:\\\/\\\/pans.krosno.pl\\\/azs\\\/wp-content\\\/uploads\\\/sites\\\/47\\\/2023\\\/01\\\/Logo-PANS-2022-pelne.png\",\"width\":3096,\"height\":696,\"caption\":\"Sport, turystyka, AZS PANS w Kro\u015bnie\"},\"image\":{\"@id\":\"https:\\\/\\\/pans.krosno.pl\\\/azs\\\/#\\\/schema\\\/logo\\\/image\\\/\"}}]}<\/script>\n<!-- \/ Yoast SEO Premium plugin. -->","yoast_head_json":{"title":"Najlepsze osi\u0105gni\u0119cia - Sport, turystyka, AZS PANS w Kro\u015bnie","robots":{"index":"index","follow":"follow","max-snippet":"max-snippet:-1","max-image-preview":"max-image-preview:large","max-video-preview":"max-video-preview:-1"},"canonical":"https:\/\/pans.krosno.pl\/azs\/najlepsze-osiagniecia\/","og_locale":"pl_PL","og_type":"article","og_title":"Najlepsze osi\u0105gni\u0119cia","og_url":"https:\/\/pans.krosno.pl\/azs\/najlepsze-osiagniecia\/","og_site_name":"Sport, turystyka, AZS PANS w Kro\u015bnie","article_modified_time":"2025-06-24T09:00:48+00:00","twitter_card":"summary_large_image","schema":{"@context":"https:\/\/schema.org","@graph":[{"@type":"WebPage","@id":"https:\/\/pans.krosno.pl\/azs\/najlepsze-osiagniecia\/","url":"https:\/\/pans.krosno.pl\/azs\/najlepsze-osiagniecia\/","name":"Najlepsze osi\u0105gni\u0119cia - Sport, turystyka, AZS PANS w Kro\u015bnie","isPartOf":{"@id":"https:\/\/pans.krosno.pl\/azs\/#website"},"datePublished":"2020-05-06T11:02:12+00:00","dateModified":"2025-06-24T09:00:48+00:00","breadcrumb":{"@id":"https:\/\/pans.krosno.pl\/azs\/najlepsze-osiagniecia\/#breadcrumb"},"inLanguage":"pl-PL","potentialAction":[{"@type":"ReadAction","target":["https:\/\/pans.krosno.pl\/azs\/najlepsze-osiagniecia\/"]}]},{"@type":"BreadcrumbList","@id":"https:\/\/pans.krosno.pl\/azs\/najlepsze-osiagniecia\/#breadcrumb","itemListElement":[{"@type":"ListItem","position":1,"name":"Strona g\u0142\u00f3wna","item":"https:\/\/pans.krosno.pl\/azs\/"},{"@type":"ListItem","position":2,"name":"Najlepsze osi\u0105gni\u0119cia"}]},{"@type":"WebSite","@id":"https:\/\/pans.krosno.pl\/azs\/#website","url":"https:\/\/pans.krosno.pl\/azs\/","name":"Sport, turystyka, AZS PANS w Kro\u015bnie","description":"Sport, turystyka, AZS PANS - Pa\u0144stwowa Akademia Nauk Stosowanych","publisher":{"@id":"https:\/\/pans.krosno.pl\/azs\/#organization"},"potentialAction":[{"@type":"SearchAction","target":{"@type":"EntryPoint","urlTemplate":"https:\/\/pans.krosno.pl\/azs\/?s={search_term_string}"},"query-input":{"@type":"PropertyValueSpecification","valueRequired":true,"valueName":"search_term_string"}}],"inLanguage":"pl-PL"},{"@type":"Organization","@id":"https:\/\/pans.krosno.pl\/azs\/#organization","name":"Sport, turystyka, AZS PANS w Kro\u015bnie","url":"https:\/\/pans.krosno.pl\/azs\/","logo":{"@type":"ImageObject","inLanguage":"pl-PL","@id":"https:\/\/pans.krosno.pl\/azs\/#\/schema\/logo\/image\/","url":"https:\/\/pans.krosno.pl\/azs\/wp-content\/uploads\/sites\/47\/2023\/01\/Logo-PANS-2022-pelne.png","contentUrl":"https:\/\/pans.krosno.pl\/azs\/wp-content\/uploads\/sites\/47\/2023\/01\/Logo-PANS-2022-pelne.png","width":3096,"height":696,"caption":"Sport, turystyka, AZS PANS w Kro\u015bnie"},"image":{"@id":"https:\/\/pans.krosno.pl\/azs\/#\/schema\/logo\/image\/"}}]}},"_links":{"self":[{"href":"https:\/\/pans.krosno.pl\/azs\/wp-json\/wp\/v2\/pages\/1690","targetHints":{"allow":["GET"]}}],"collection":[{"href":"https:\/\/pans.krosno.pl\/azs\/wp-json\/wp\/v2\/pages"}],"about":[{"href":"https:\/\/pans.krosno.pl\/azs\/wp-json\/wp\/v2\/types\/page"}],"author":[{"embeddable":true,"href":"https:\/\/pans.krosno.pl\/azs\/wp-json\/wp\/v2\/users\/27"}],"replies":[{"embeddable":true,"href":"https:\/\/pans.krosno.pl\/azs\/wp-json\/wp\/v2\/comments?post=1690"}],"version-history":[{"count":3,"href":"https:\/\/pans.krosno.pl\/azs\/wp-json\/wp\/v2\/pages\/1690\/revisions"}],"predecessor-version":[{"id":4653,"href":"https:\/\/pans.krosno.pl\/azs\/wp-json\/wp\/v2\/pages\/1690\/revisions\/4653"}],"wp:attachment":[{"href":"https:\/\/pans.krosno.pl\/azs\/wp-json\/wp\/v2\/media?parent=1690"}],"curies":[{"name":"wp","href":"https:\/\/api.w.org\/{rel}","templated":true}]}}