{"id":1600,"date":"2020-05-06T11:11:31","date_gmt":"2020-05-06T09:11:31","guid":{"rendered":"https:\/\/pans.krosno.pl\/azs\/?page_id=1600"},"modified":"2020-07-07T17:46:18","modified_gmt":"2020-07-07T15:46:18","slug":"maratonczycy-kpu","status":"publish","type":"page","link":"https:\/\/pans.krosno.pl\/azs\/maratonczycy-kpu\/","title":{"rendered":"Marato\u0144czycy KPU"},"content":{"rendered":"<ul class=\"wp-block-latest-posts__list has-dates wp-block-latest-posts\"><li><div class=\"wp-block-latest-posts__featured-image alignleft\"><img loading=\"lazy\" decoding=\"async\" width=\"150\" height=\"150\" src=\"https:\/\/pans.krosno.pl\/azs\/wp-content\/uploads\/sites\/47\/2020\/04\/przybysz02-150x150.jpg\" class=\"attachment-thumbnail size-thumbnail wp-post-image\" alt=\"\" style=\"\" \/><\/div><a class=\"wp-block-latest-posts__post-title\" href=\"https:\/\/pans.krosno.pl\/azs\/dr-adam-przybysz\/\">dr Adam Przybysz<\/a><time datetime=\"2020-05-11T18:59:44+02:00\" class=\"wp-block-latest-posts__post-date\">11 maja 2020<\/time><div class=\"wp-block-latest-posts__post-excerpt\">Adam Przybysz W latach 1994 \u2013 1999 studiowa\u0142 na AWF we Wroc\u0142awiu, gdzie uzyska\u0142 tytu\u0142 magistra w zakresie wychowania fizycznego. W trakcie studi\u00f3w uzyska\u0142 r\u00f3wnie\u017c tytu\u0142 trenera II klasy z lekkiej atletyki. W 2002 r. uko\u0144czy\u0142 studium (w ramach dwusemestralnego kursu) z zakresu filozofii w Studium Edukacji Narodowej w Lublinie. W 2004 r. uko\u0144czy\u0142 podyplomowe [\u2026] <div class=\"clear\"><\/div><a class=\"more_link clearfix\" href=\"https:\/\/pans.krosno.pl\/azs\/dr-adam-przybysz\/\" rel=\"nofollow\">Read More<\/a><\/div><\/li>\n<li><div class=\"wp-block-latest-posts__featured-image alignleft\"><img loading=\"lazy\" decoding=\"async\" width=\"150\" height=\"150\" src=\"https:\/\/pans.krosno.pl\/azs\/wp-content\/uploads\/sites\/47\/2020\/04\/boston-150x150.jpg\" class=\"attachment-thumbnail size-thumbnail wp-post-image\" alt=\"\" style=\"\" \/><\/div><a class=\"wp-block-latest-posts__post-title\" href=\"https:\/\/pans.krosno.pl\/azs\/prof-dr-hab-grzegorz-przebinda\/\">prof. dr hab. Grzegorz Przebinda<\/a><time datetime=\"2020-04-15T18:57:13+02:00\" class=\"wp-block-latest-posts__post-date\">15 kwietnia 2020<\/time><div class=\"wp-block-latest-posts__post-excerpt\">Grzegorz Przebinda&nbsp;(ur. 27 czerwca 1959 roku w Jaworznie) &#8211; filolog, rusycysta i historyk idei. Od 1983 roku wyk\u0142ada w Uniwersytecie Jagiello\u0144skim, od 2012 roku jest r\u00f3wnie\u017c rektorem Pa\u0144stwowej Wy\u017cszej Szko\u0142y Zawodowej im. Stanis\u0142awa Pigonia w Kro\u015bnie. Prof. dr hab. Grzegorz Przebinda najlepszy rezultat uzyska\u0142 w Mi\u0119dzynarodowym Maratonie Pokoju w Moskwie pokonuj\u0105c dystans 42,195 km w [\u2026] <div class=\"clear\"><\/div><a class=\"more_link clearfix\" href=\"https:\/\/pans.krosno.pl\/azs\/prof-dr-hab-grzegorz-przebinda\/\" rel=\"nofollow\">Read More<\/a><\/div><\/li>\n<li><div class=\"wp-block-latest-posts__featured-image alignleft\"><img loading=\"lazy\" decoding=\"async\" width=\"150\" height=\"150\" src=\"https:\/\/pans.krosno.pl\/azs\/wp-content\/uploads\/sites\/47\/2020\/04\/l3uW3JumZVWqkYlkZAwrobel-150x150.jpg\" class=\"attachment-thumbnail size-thumbnail wp-post-image\" alt=\"\" style=\"\" \/><\/div><a class=\"wp-block-latest-posts__post-title\" href=\"https:\/\/pans.krosno.pl\/azs\/dr-dominik-wrobel\/\">dr Dominik Wr\u00f3bel<\/a><time datetime=\"2020-04-13T18:59:00+02:00\" class=\"wp-block-latest-posts__post-date\">13 kwietnia 2020<\/time><div class=\"wp-block-latest-posts__post-excerpt\">dr Dominik Wr\u00f3bel&nbsp;&#8211; prorektor ds. studi\u00f3w PWSZ im. Stanis\u0142awa Pigonia w Kro\u015bnie. Absolwent studi\u00f3w licencjackich i magisterskich na Uniwersytecie Wroc\u0142awskim, oraz Mi\u0119dzynarodowego Studium Doktoranckiego Nauk Przyrodniczych Polskiej Akademii Nauk w Krakowie. Przyrodnik, botanik, siedliskoznawca, florysta i pterydolog, skupiaj\u0105cy si\u0119 na badaniach r\u00f3\u017cnorodno\u015bci biologicznej dolin rzecznych i ich antropogenicznych przekszta\u0142ceniach. Autor i wsp\u00f3\u0142autor ponad 60 artyku\u0142\u00f3w [\u2026] <div class=\"clear\"><\/div><a class=\"more_link clearfix\" href=\"https:\/\/pans.krosno.pl\/azs\/dr-dominik-wrobel\/\" rel=\"nofollow\">Read More<\/a><\/div><\/li>\n<li><div class=\"wp-block-latest-posts__featured-image alignleft\"><img loading=\"lazy\" decoding=\"async\" width=\"150\" height=\"150\" src=\"https:\/\/pans.krosno.pl\/azs\/wp-content\/uploads\/sites\/47\/2020\/04\/l3uW3JumZVWqkYlkZAbieg_sokola_barabasz-150x150.jpg\" class=\"attachment-thumbnail size-thumbnail wp-post-image\" alt=\"\" style=\"\" \/><\/div><a class=\"wp-block-latest-posts__post-title\" href=\"https:\/\/pans.krosno.pl\/azs\/prof-ndzw-dr-hab-zbigniew-barabasz\/\">prof. ndzw. dr hab. Zbigniew Barabasz<\/a><time datetime=\"2020-04-12T19:01:22+02:00\" class=\"wp-block-latest-posts__post-date\">12 kwietnia 2020<\/time><div class=\"wp-block-latest-posts__post-excerpt\">Zbigniew&nbsp;Barabasz&nbsp;(ur. 10 pa\u017adziernika 1963 roku) &#8211; prorektor ds. rozwoju Pa\u0144stwowej Wy\u017cszej Szko\u0142y Zawodowej im. Stanis\u0142awa Pigonia w Kro\u015bnie, absolwent Akademii Wychowania Fizycznego w&nbsp;Warszawie. Trener kl. I&nbsp;pi\u0142ki no\u017cnej, instruktor \u017ceglarstwa P\u017b\u017b, instruktor narciarstwa PZN, sternik motorowodny, instruktor p\u0142ywania. Przewodnicz\u0105cy Komisji Wychowania fizycznego przy ZG AZS. Zainteresowania: kultura fizyczna student\u00f3w, pi\u0142ka no\u017cna, \u017ceglarstwo, narciarstwo. Autor publikacji z&nbsp;pi\u0142ki [\u2026] <div class=\"clear\"><\/div><a class=\"more_link clearfix\" href=\"https:\/\/pans.krosno.pl\/azs\/prof-ndzw-dr-hab-zbigniew-barabasz\/\" rel=\"nofollow\">Read More<\/a><\/div><\/li>\n<li><div class=\"wp-block-latest-posts__featured-image alignleft\"><img loading=\"lazy\" decoding=\"async\" width=\"150\" height=\"150\" src=\"https:\/\/pans.krosno.pl\/azs\/wp-content\/uploads\/sites\/47\/2020\/04\/l3uW3JumZVWqkYlkZAbieg_sokola_drozd-150x150.jpg\" class=\"attachment-thumbnail size-thumbnail wp-post-image\" alt=\"\" style=\"\" \/><\/div><a class=\"wp-block-latest-posts__post-title\" href=\"https:\/\/pans.krosno.pl\/azs\/prof-ndzw-dr-hab-slawomir-drozd\/\">prof. ndzw.dr hab. S\u0142awomir Drozd<\/a><time datetime=\"2020-04-11T19:00:27+02:00\" class=\"wp-block-latest-posts__post-date\">11 kwietnia 2020<\/time><div class=\"wp-block-latest-posts__post-excerpt\">prof. ndzw.&nbsp;dr hab. S\u0142awomir Drozd&nbsp;\u2013 uko\u0144czy\u0142 studia na kierunku Wychowanie Fizyczne i Zdrowotne na Wydziale Pedagogicznym Wy\u017cszej Szko\u0142y Pedagogicznej w Rzeszowie. W latach 1999-2001 by\u0142 asystentem Zak\u0142adu Medycyny Sportowej uczestniczy\u0142 w programach badawczych pod kierunkiem prof. dr hab. Jana Przyby\u0142owskiego. Programy badawcze g\u0142\u00f3wnie by\u0142y skierowane na obszar z zakresu medycyny sportowej. Pe\u0142ni funkcj\u0119 kierownika Zak\u0142adu [\u2026] <div class=\"clear\"><\/div><a class=\"more_link clearfix\" href=\"https:\/\/pans.krosno.pl\/azs\/prof-ndzw-dr-hab-slawomir-drozd\/\" rel=\"nofollow\">Read More<\/a><\/div><\/li>\n<li><div class=\"wp-block-latest-posts__featured-image alignleft\"><img loading=\"lazy\" decoding=\"async\" width=\"150\" height=\"150\" src=\"https:\/\/pans.krosno.pl\/azs\/wp-content\/uploads\/sites\/47\/2020\/04\/l3uW3JumZVWqkYlkZAzdjecie_lopatkiewicz-150x150.jpeg\" class=\"attachment-thumbnail size-thumbnail wp-post-image\" alt=\"\" style=\"\" \/><\/div><a class=\"wp-block-latest-posts__post-title\" href=\"https:\/\/pans.krosno.pl\/azs\/dr-piotr-lopatkiewicz\/\">dr Piotr \u0141opatkiewicz<\/a><time datetime=\"2020-04-10T19:02:10+02:00\" class=\"wp-block-latest-posts__post-date\">10 kwietnia 2020<\/time><div class=\"wp-block-latest-posts__post-excerpt\">Piotr \u0141opatkiewicz&nbsp;&#8211; historyk sztuki, dr nauk humanistycznych w zakresie nauk o sztuce, kierownik Zak\u0142adu Turystyki i Rekreacji Pa\u0144stwowej Wy\u017cszej Szko\u0142y Zawodowej im. Stanis\u0142awa Pigonia w Kro\u015bnie. dr Piotr \u0141opatkiewicz do tej pory uko\u0144czy\u0142 1 maraton: Wielki Mur Chi\u0144ski (21 maja 2016 roku) 6:42:00 &#8222;Du\u0144ska organizacja \u201eAlbatros Adventure Marathons\u201d organizuje co roku pi\u0119\u0107 ekstremalnie trudnych maraton\u00f3w, [\u2026] <div class=\"clear\"><\/div><a class=\"more_link clearfix\" href=\"https:\/\/pans.krosno.pl\/azs\/dr-piotr-lopatkiewicz\/\" rel=\"nofollow\">Read More<\/a><\/div><\/li>\n<\/ul>","protected":false},"excerpt":{"rendered":"","protected":false},"author":27,"featured_media":0,"parent":0,"menu_order":0,"comment_status":"closed","ping_status":"closed","template":"page-templates\/template-full-width.php","meta":{"ngg_post_thumbnail":0,"footnotes":""},"class_list":["post-1600","page","type-page","status-publish","hentry"],"yoast_head":"<!-- This site is optimized with the Yoast SEO Premium plugin v27.4 (Yoast SEO v27.4) - https:\/\/yoast.com\/product\/yoast-seo-premium-wordpress\/ -->\n<title>Marato\u0144czycy KPU - Sport, turystyka, AZS PANS w Kro\u015bnie<\/title>\n<meta name=\"robots\" content=\"index, follow, max-snippet:-1, max-image-preview:large, max-video-preview:-1\" \/>\n<link rel=\"canonical\" href=\"https:\/\/pans.krosno.pl\/azs\/maratonczycy-kpu\/\" \/>\n<meta property=\"og:locale\" content=\"pl_PL\" \/>\n<meta property=\"og:type\" content=\"article\" \/>\n<meta property=\"og:title\" content=\"Marato\u0144czycy KPU\" \/>\n<meta property=\"og:url\" content=\"https:\/\/pans.krosno.pl\/azs\/maratonczycy-kpu\/\" \/>\n<meta property=\"og:site_name\" content=\"Sport, turystyka, AZS PANS w Kro\u015bnie\" \/>\n<meta property=\"article:modified_time\" content=\"2020-07-07T15:46:18+00:00\" \/>\n<meta name=\"twitter:card\" content=\"summary_large_image\" \/>\n<script type=\"application\/ld+json\" class=\"yoast-schema-graph\">{\"@context\":\"https:\\\/\\\/schema.org\",\"@graph\":[{\"@type\":\"WebPage\",\"@id\":\"https:\\\/\\\/pans.krosno.pl\\\/azs\\\/maratonczycy-kpu\\\/\",\"url\":\"https:\\\/\\\/pans.krosno.pl\\\/azs\\\/maratonczycy-kpu\\\/\",\"name\":\"Marato\u0144czycy KPU - Sport, turystyka, AZS PANS w Kro\u015bnie\",\"isPartOf\":{\"@id\":\"https:\\\/\\\/pans.krosno.pl\\\/azs\\\/#website\"},\"datePublished\":\"2020-05-06T09:11:31+00:00\",\"dateModified\":\"2020-07-07T15:46:18+00:00\",\"breadcrumb\":{\"@id\":\"https:\\\/\\\/pans.krosno.pl\\\/azs\\\/maratonczycy-kpu\\\/#breadcrumb\"},\"inLanguage\":\"pl-PL\",\"potentialAction\":[{\"@type\":\"ReadAction\",\"target\":[\"https:\\\/\\\/pans.krosno.pl\\\/azs\\\/maratonczycy-kpu\\\/\"]}]},{\"@type\":\"BreadcrumbList\",\"@id\":\"https:\\\/\\\/pans.krosno.pl\\\/azs\\\/maratonczycy-kpu\\\/#breadcrumb\",\"itemListElement\":[{\"@type\":\"ListItem\",\"position\":1,\"name\":\"Strona g\u0142\u00f3wna\",\"item\":\"https:\\\/\\\/pans.krosno.pl\\\/azs\\\/\"},{\"@type\":\"ListItem\",\"position\":2,\"name\":\"Marato\u0144czycy KPU\"}]},{\"@type\":\"WebSite\",\"@id\":\"https:\\\/\\\/pans.krosno.pl\\\/azs\\\/#website\",\"url\":\"https:\\\/\\\/pans.krosno.pl\\\/azs\\\/\",\"name\":\"Sport, turystyka, AZS PANS w Kro\u015bnie\",\"description\":\"Sport, turystyka, AZS PANS - Pa\u0144stwowa Akademia Nauk Stosowanych\",\"publisher\":{\"@id\":\"https:\\\/\\\/pans.krosno.pl\\\/azs\\\/#organization\"},\"potentialAction\":[{\"@type\":\"SearchAction\",\"target\":{\"@type\":\"EntryPoint\",\"urlTemplate\":\"https:\\\/\\\/pans.krosno.pl\\\/azs\\\/?s={search_term_string}\"},\"query-input\":{\"@type\":\"PropertyValueSpecification\",\"valueRequired\":true,\"valueName\":\"search_term_string\"}}],\"inLanguage\":\"pl-PL\"},{\"@type\":\"Organization\",\"@id\":\"https:\\\/\\\/pans.krosno.pl\\\/azs\\\/#organization\",\"name\":\"Sport, turystyka, AZS PANS w Kro\u015bnie\",\"url\":\"https:\\\/\\\/pans.krosno.pl\\\/azs\\\/\",\"logo\":{\"@type\":\"ImageObject\",\"inLanguage\":\"pl-PL\",\"@id\":\"https:\\\/\\\/pans.krosno.pl\\\/azs\\\/#\\\/schema\\\/logo\\\/image\\\/\",\"url\":\"https:\\\/\\\/pans.krosno.pl\\\/azs\\\/wp-content\\\/uploads\\\/sites\\\/47\\\/2023\\\/01\\\/Logo-PANS-2022-pelne.png\",\"contentUrl\":\"https:\\\/\\\/pans.krosno.pl\\\/azs\\\/wp-content\\\/uploads\\\/sites\\\/47\\\/2023\\\/01\\\/Logo-PANS-2022-pelne.png\",\"width\":3096,\"height\":696,\"caption\":\"Sport, turystyka, AZS PANS w Kro\u015bnie\"},\"image\":{\"@id\":\"https:\\\/\\\/pans.krosno.pl\\\/azs\\\/#\\\/schema\\\/logo\\\/image\\\/\"}}]}<\/script>\n<!-- \/ Yoast SEO Premium plugin. -->","yoast_head_json":{"title":"Marato\u0144czycy KPU - Sport, turystyka, AZS PANS w Kro\u015bnie","robots":{"index":"index","follow":"follow","max-snippet":"max-snippet:-1","max-image-preview":"max-image-preview:large","max-video-preview":"max-video-preview:-1"},"canonical":"https:\/\/pans.krosno.pl\/azs\/maratonczycy-kpu\/","og_locale":"pl_PL","og_type":"article","og_title":"Marato\u0144czycy KPU","og_url":"https:\/\/pans.krosno.pl\/azs\/maratonczycy-kpu\/","og_site_name":"Sport, turystyka, AZS PANS w Kro\u015bnie","article_modified_time":"2020-07-07T15:46:18+00:00","twitter_card":"summary_large_image","schema":{"@context":"https:\/\/schema.org","@graph":[{"@type":"WebPage","@id":"https:\/\/pans.krosno.pl\/azs\/maratonczycy-kpu\/","url":"https:\/\/pans.krosno.pl\/azs\/maratonczycy-kpu\/","name":"Marato\u0144czycy KPU - Sport, turystyka, AZS PANS w Kro\u015bnie","isPartOf":{"@id":"https:\/\/pans.krosno.pl\/azs\/#website"},"datePublished":"2020-05-06T09:11:31+00:00","dateModified":"2020-07-07T15:46:18+00:00","breadcrumb":{"@id":"https:\/\/pans.krosno.pl\/azs\/maratonczycy-kpu\/#breadcrumb"},"inLanguage":"pl-PL","potentialAction":[{"@type":"ReadAction","target":["https:\/\/pans.krosno.pl\/azs\/maratonczycy-kpu\/"]}]},{"@type":"BreadcrumbList","@id":"https:\/\/pans.krosno.pl\/azs\/maratonczycy-kpu\/#breadcrumb","itemListElement":[{"@type":"ListItem","position":1,"name":"Strona g\u0142\u00f3wna","item":"https:\/\/pans.krosno.pl\/azs\/"},{"@type":"ListItem","position":2,"name":"Marato\u0144czycy KPU"}]},{"@type":"WebSite","@id":"https:\/\/pans.krosno.pl\/azs\/#website","url":"https:\/\/pans.krosno.pl\/azs\/","name":"Sport, turystyka, AZS PANS w Kro\u015bnie","description":"Sport, turystyka, AZS PANS - Pa\u0144stwowa Akademia Nauk Stosowanych","publisher":{"@id":"https:\/\/pans.krosno.pl\/azs\/#organization"},"potentialAction":[{"@type":"SearchAction","target":{"@type":"EntryPoint","urlTemplate":"https:\/\/pans.krosno.pl\/azs\/?s={search_term_string}"},"query-input":{"@type":"PropertyValueSpecification","valueRequired":true,"valueName":"search_term_string"}}],"inLanguage":"pl-PL"},{"@type":"Organization","@id":"https:\/\/pans.krosno.pl\/azs\/#organization","name":"Sport, turystyka, AZS PANS w Kro\u015bnie","url":"https:\/\/pans.krosno.pl\/azs\/","logo":{"@type":"ImageObject","inLanguage":"pl-PL","@id":"https:\/\/pans.krosno.pl\/azs\/#\/schema\/logo\/image\/","url":"https:\/\/pans.krosno.pl\/azs\/wp-content\/uploads\/sites\/47\/2023\/01\/Logo-PANS-2022-pelne.png","contentUrl":"https:\/\/pans.krosno.pl\/azs\/wp-content\/uploads\/sites\/47\/2023\/01\/Logo-PANS-2022-pelne.png","width":3096,"height":696,"caption":"Sport, turystyka, AZS PANS w Kro\u015bnie"},"image":{"@id":"https:\/\/pans.krosno.pl\/azs\/#\/schema\/logo\/image\/"}}]}},"_links":{"self":[{"href":"https:\/\/pans.krosno.pl\/azs\/wp-json\/wp\/v2\/pages\/1600","targetHints":{"allow":["GET"]}}],"collection":[{"href":"https:\/\/pans.krosno.pl\/azs\/wp-json\/wp\/v2\/pages"}],"about":[{"href":"https:\/\/pans.krosno.pl\/azs\/wp-json\/wp\/v2\/types\/page"}],"author":[{"embeddable":true,"href":"https:\/\/pans.krosno.pl\/azs\/wp-json\/wp\/v2\/users\/27"}],"replies":[{"embeddable":true,"href":"https:\/\/pans.krosno.pl\/azs\/wp-json\/wp\/v2\/comments?post=1600"}],"version-history":[{"count":4,"href":"https:\/\/pans.krosno.pl\/azs\/wp-json\/wp\/v2\/pages\/1600\/revisions"}],"predecessor-version":[{"id":1606,"href":"https:\/\/pans.krosno.pl\/azs\/wp-json\/wp\/v2\/pages\/1600\/revisions\/1606"}],"wp:attachment":[{"href":"https:\/\/pans.krosno.pl\/azs\/wp-json\/wp\/v2\/media?parent=1600"}],"curies":[{"name":"wp","href":"https:\/\/api.w.org\/{rel}","templated":true}]}}